{"id":17213,"date":"2024-02-09T20:52:47","date_gmt":"2024-02-09T17:52:47","guid":{"rendered":"https:\/\/nirigs.com\/product\/fragrance-midnight-swim\/"},"modified":"2025-03-16T09:46:44","modified_gmt":"2025-03-16T06:46:44","slug":"fragrance-midnight-swim","status":"publish","type":"product","link":"https:\/\/nirigs.com\/en\/product\/fragrance-midnight-swim\/","title":{"rendered":"Bath and Body Works - Fragrance Midnight Swim - 236 ml"},"content":{"rendered":"<p>Unforgettable summer nights hold many secrets. Their tender, passionate memories are captured in the fragrance of Midnight Swim body spray. A refreshing dip in the ocean after dark awakens the senses, as does the scent of a mystical mist enveloping your skin.<\/p>\n<p><strong>Features of Bath &amp; Body Works Fine Midnight Swim Fragrance Mist:<\/strong><\/p>\n<ul>\n<li>A fragrance with notes of clear blue water, beachside flowers and fresh coastal air;<\/li>\n<li>Its almost weightless consistency settles on the skin like a light mist;<\/li>\n<li>Provides comfort without leaving a sticky or greasy film<\/li>\n<li>\u00a0Refreshes and tones the skin;<\/li>\n<li>\u00a0Creates a long-lasting wake;<\/li>\n<li>Can be layered for a more intense fragrance;<\/li>\n<li>Dermatologically tested;<\/li>\n<li>Vegan formula without parabens or artificial colorants;<\/li>\n<li>The bottle is made from 50% recycled plastic.<\/li>\n<\/ul>\n<h4 class=\"mv0 lh-copy f5 pb1 dark-gray\"><strong>\u00a0Ingredients<\/strong><\/h4>\n<p>Alcohol Denat, Water (Aqua, Eau), Fragrance (Parfum), Propylene Glyco|- Ethylhexyl Methoxycinnamate, Ethylhexyl Salicylate, Butyl Methoxydibenzoy\/methane, Limon\u00e8ne, Hydroxycitronella Benzyl Salicylate Linalool, Hexyl Cinnamal, Citronellol, Citral, Blue 1 (CT 42090), Ext. Violet 2 (CI 60780), Yellow 5 (CI 19140).<\/p>\n<p>&nbsp;<\/p>","protected":false},"excerpt":{"rendered":"<p>Les nuits d&rsquo;\u00e9t\u00e9 inoubliables rec\u00e8lent de nombreux secrets. Leurs souvenirs tendres et passionn\u00e9s sont captur\u00e9s dans le parfum du spray<\/p>","protected":false},"featured_media":24197,"comment_status":"open","ping_status":"closed","template":"","meta":[],"pwb-brand":[624],"product_brand":[],"product_cat":[267,304],"product_tag":[],"class_list":{"0":"post-17213","1":"product","2":"type-product","3":"status-publish","4":"has-post-thumbnail","6":"pwb-brand-bath-body-works","7":"product_cat-beaute-et-soins","8":"product_cat-parfums","10":"first","11":"outofstock","12":"shipping-taxable","13":"purchasable","14":"product-type-simple"},"yoast_head":"<!-- This site is optimized with the Yoast SEO plugin v27.1.1 - https:\/\/yoast.com\/product\/yoast-seo-wordpress\/ -->\n<title>Bath and Body Works - Fragrance Midnight Swim - 236 ml - NIRIGS<\/title>\n<meta name=\"robots\" content=\"index, follow, max-snippet:-1, max-image-preview:large, max-video-preview:-1\" \/>\n<link rel=\"canonical\" href=\"https:\/\/nirigs.com\/en\/product\/fragrance-midnight-swim\/\" \/>\n<meta property=\"og:locale\" content=\"en_US\" \/>\n<meta property=\"og:type\" content=\"article\" \/>\n<meta property=\"og:title\" content=\"Bath and Body Works - Fragrance Midnight Swim - 236 ml - NIRIGS\" \/>\n<meta property=\"og:description\" content=\"Les nuits d&rsquo;\u00e9t\u00e9 inoubliables rec\u00e8lent de nombreux secrets. Leurs souvenirs tendres et passionn\u00e9s sont captur\u00e9s dans le parfum du spray\" \/>\n<meta property=\"og:url\" content=\"https:\/\/nirigs.com\/en\/product\/fragrance-midnight-swim\/\" \/>\n<meta property=\"og:site_name\" content=\"NIRIGS\" \/>\n<meta property=\"article:modified_time\" content=\"2025-03-16T06:46:44+00:00\" \/>\n<meta property=\"og:image\" content=\"https:\/\/nirigs.com\/wp-content\/uploads\/2024\/02\/Bath-and-Body-Works-\u2013-Fragrance-Midnight-Swim-\u2013-236-ml.jpg\" \/>\n\t<meta property=\"og:image:width\" content=\"1000\" \/>\n\t<meta property=\"og:image:height\" content=\"1000\" \/>\n\t<meta property=\"og:image:type\" content=\"image\/jpeg\" \/>\n<meta name=\"twitter:card\" content=\"summary_large_image\" \/>\n<meta name=\"twitter:label1\" content=\"Est. reading time\" \/>\n\t<meta name=\"twitter:data1\" content=\"1 minute\" \/>\n<script type=\"application\/ld+json\" class=\"yoast-schema-graph\">{\"@context\":\"https:\/\/schema.org\",\"@graph\":[{\"@type\":\"WebPage\",\"@id\":\"https:\/\/nirigs.com\/product\/fragrance-midnight-swim\/\",\"url\":\"https:\/\/nirigs.com\/product\/fragrance-midnight-swim\/\",\"name\":\"Bath and Body Works - Fragrance Midnight Swim - 236 ml - NIRIGS\",\"isPartOf\":{\"@id\":\"https:\/\/nirigs.com\/#website\"},\"primaryImageOfPage\":{\"@id\":\"https:\/\/nirigs.com\/product\/fragrance-midnight-swim\/#primaryimage\"},\"image\":{\"@id\":\"https:\/\/nirigs.com\/product\/fragrance-midnight-swim\/#primaryimage\"},\"thumbnailUrl\":\"https:\/\/nirigs.com\/wp-content\/uploads\/2024\/02\/Bath-and-Body-Works-\u2013-Fragrance-Midnight-Swim-\u2013-236-ml.jpg\",\"datePublished\":\"2024-02-09T17:52:47+00:00\",\"dateModified\":\"2025-03-16T06:46:44+00:00\",\"breadcrumb\":{\"@id\":\"https:\/\/nirigs.com\/product\/fragrance-midnight-swim\/#breadcrumb\"},\"inLanguage\":\"en-US\",\"potentialAction\":[{\"@type\":\"ReadAction\",\"target\":[\"https:\/\/nirigs.com\/product\/fragrance-midnight-swim\/\"]}]},{\"@type\":\"ImageObject\",\"inLanguage\":\"en-US\",\"@id\":\"https:\/\/nirigs.com\/product\/fragrance-midnight-swim\/#primaryimage\",\"url\":\"https:\/\/nirigs.com\/wp-content\/uploads\/2024\/02\/Bath-and-Body-Works-\u2013-Fragrance-Midnight-Swim-\u2013-236-ml.jpg\",\"contentUrl\":\"https:\/\/nirigs.com\/wp-content\/uploads\/2024\/02\/Bath-and-Body-Works-\u2013-Fragrance-Midnight-Swim-\u2013-236-ml.jpg\",\"width\":1000,\"height\":1000},{\"@type\":\"BreadcrumbList\",\"@id\":\"https:\/\/nirigs.com\/product\/fragrance-midnight-swim\/#breadcrumb\",\"itemListElement\":[{\"@type\":\"ListItem\",\"position\":1,\"name\":\"Home\",\"item\":\"https:\/\/nirigs.com\/\"},{\"@type\":\"ListItem\",\"position\":2,\"name\":\"Parcourir\",\"item\":\"https:\/\/nirigs.com\/boutique\/\"},{\"@type\":\"ListItem\",\"position\":3,\"name\":\"Bath and Body Works &#8211; Fragrance Midnight Swim &#8211; 236 ml\"}]},{\"@type\":\"WebSite\",\"@id\":\"https:\/\/nirigs.com\/#website\",\"url\":\"https:\/\/nirigs.com\/\",\"name\":\"Nirigs.com\",\"description\":\"Simplifiez vos achats du quotidien \u00e0 Djibouti\",\"publisher\":{\"@id\":\"https:\/\/nirigs.com\/#organization\"},\"potentialAction\":[{\"@type\":\"SearchAction\",\"target\":{\"@type\":\"EntryPoint\",\"urlTemplate\":\"https:\/\/nirigs.com\/?s={search_term_string}\"},\"query-input\":{\"@type\":\"PropertyValueSpecification\",\"valueRequired\":true,\"valueName\":\"search_term_string\"}}],\"inLanguage\":\"en-US\"},{\"@type\":\"Organization\",\"@id\":\"https:\/\/nirigs.com\/#organization\",\"name\":\"Nirigs\",\"url\":\"https:\/\/nirigs.com\/\",\"logo\":{\"@type\":\"ImageObject\",\"inLanguage\":\"en-US\",\"@id\":\"https:\/\/nirigs.com\/#\/schema\/logo\/image\/\",\"url\":\"https:\/\/nirigs.com\/wp-content\/uploads\/2025\/04\/Design-sans-titre-27.png\",\"contentUrl\":\"https:\/\/nirigs.com\/wp-content\/uploads\/2025\/04\/Design-sans-titre-27.png\",\"width\":500,\"height\":500,\"caption\":\"Nirigs\"},\"image\":{\"@id\":\"https:\/\/nirigs.com\/#\/schema\/logo\/image\/\"}}]}<\/script>\n<!-- \/ Yoast SEO plugin. -->","yoast_head_json":{"title":"Bath and Body Works - Fragrance Midnight Swim - 236 ml - NIRIGS","robots":{"index":"index","follow":"follow","max-snippet":"max-snippet:-1","max-image-preview":"max-image-preview:large","max-video-preview":"max-video-preview:-1"},"canonical":"https:\/\/nirigs.com\/en\/product\/fragrance-midnight-swim\/","og_locale":"en_US","og_type":"article","og_title":"Bath and Body Works - Fragrance Midnight Swim - 236 ml - NIRIGS","og_description":"Les nuits d&rsquo;\u00e9t\u00e9 inoubliables rec\u00e8lent de nombreux secrets. Leurs souvenirs tendres et passionn\u00e9s sont captur\u00e9s dans le parfum du spray","og_url":"https:\/\/nirigs.com\/en\/product\/fragrance-midnight-swim\/","og_site_name":"NIRIGS","article_modified_time":"2025-03-16T06:46:44+00:00","og_image":[{"width":1000,"height":1000,"url":"https:\/\/nirigs.com\/wp-content\/uploads\/2024\/02\/Bath-and-Body-Works-\u2013-Fragrance-Midnight-Swim-\u2013-236-ml.jpg","type":"image\/jpeg"}],"twitter_card":"summary_large_image","twitter_misc":{"Est. reading time":"1 minute"},"schema":{"@context":"https:\/\/schema.org","@graph":[{"@type":"WebPage","@id":"https:\/\/nirigs.com\/product\/fragrance-midnight-swim\/","url":"https:\/\/nirigs.com\/product\/fragrance-midnight-swim\/","name":"Bath and Body Works - Fragrance Midnight Swim - 236 ml - NIRIGS","isPartOf":{"@id":"https:\/\/nirigs.com\/#website"},"primaryImageOfPage":{"@id":"https:\/\/nirigs.com\/product\/fragrance-midnight-swim\/#primaryimage"},"image":{"@id":"https:\/\/nirigs.com\/product\/fragrance-midnight-swim\/#primaryimage"},"thumbnailUrl":"https:\/\/nirigs.com\/wp-content\/uploads\/2024\/02\/Bath-and-Body-Works-\u2013-Fragrance-Midnight-Swim-\u2013-236-ml.jpg","datePublished":"2024-02-09T17:52:47+00:00","dateModified":"2025-03-16T06:46:44+00:00","breadcrumb":{"@id":"https:\/\/nirigs.com\/product\/fragrance-midnight-swim\/#breadcrumb"},"inLanguage":"en-US","potentialAction":[{"@type":"ReadAction","target":["https:\/\/nirigs.com\/product\/fragrance-midnight-swim\/"]}]},{"@type":"ImageObject","inLanguage":"en-US","@id":"https:\/\/nirigs.com\/product\/fragrance-midnight-swim\/#primaryimage","url":"https:\/\/nirigs.com\/wp-content\/uploads\/2024\/02\/Bath-and-Body-Works-\u2013-Fragrance-Midnight-Swim-\u2013-236-ml.jpg","contentUrl":"https:\/\/nirigs.com\/wp-content\/uploads\/2024\/02\/Bath-and-Body-Works-\u2013-Fragrance-Midnight-Swim-\u2013-236-ml.jpg","width":1000,"height":1000},{"@type":"BreadcrumbList","@id":"https:\/\/nirigs.com\/product\/fragrance-midnight-swim\/#breadcrumb","itemListElement":[{"@type":"ListItem","position":1,"name":"Home","item":"https:\/\/nirigs.com\/"},{"@type":"ListItem","position":2,"name":"Parcourir","item":"https:\/\/nirigs.com\/boutique\/"},{"@type":"ListItem","position":3,"name":"Bath and Body Works &#8211; Fragrance Midnight Swim &#8211; 236 ml"}]},{"@type":"WebSite","@id":"https:\/\/nirigs.com\/#website","url":"https:\/\/nirigs.com\/","name":"Nirigs.com","description":"Simplifiez vos achats du quotidien \u00e0 Djibouti","publisher":{"@id":"https:\/\/nirigs.com\/#organization"},"potentialAction":[{"@type":"SearchAction","target":{"@type":"EntryPoint","urlTemplate":"https:\/\/nirigs.com\/?s={search_term_string}"},"query-input":{"@type":"PropertyValueSpecification","valueRequired":true,"valueName":"search_term_string"}}],"inLanguage":"en-US"},{"@type":"Organization","@id":"https:\/\/nirigs.com\/#organization","name":"Nirigs","url":"https:\/\/nirigs.com\/","logo":{"@type":"ImageObject","inLanguage":"en-US","@id":"https:\/\/nirigs.com\/#\/schema\/logo\/image\/","url":"https:\/\/nirigs.com\/wp-content\/uploads\/2025\/04\/Design-sans-titre-27.png","contentUrl":"https:\/\/nirigs.com\/wp-content\/uploads\/2025\/04\/Design-sans-titre-27.png","width":500,"height":500,"caption":"Nirigs"},"image":{"@id":"https:\/\/nirigs.com\/#\/schema\/logo\/image\/"}}]}},"brands":[{"id":624,"name":"Bath &amp; Body Works","slug":"bath-body-works"}],"_links":{"self":[{"href":"https:\/\/nirigs.com\/en\/wp-json\/wp\/v2\/product\/17213","targetHints":{"allow":["GET"]}}],"collection":[{"href":"https:\/\/nirigs.com\/en\/wp-json\/wp\/v2\/product"}],"about":[{"href":"https:\/\/nirigs.com\/en\/wp-json\/wp\/v2\/types\/product"}],"replies":[{"embeddable":true,"href":"https:\/\/nirigs.com\/en\/wp-json\/wp\/v2\/comments?post=17213"}],"version-history":[{"count":11,"href":"https:\/\/nirigs.com\/en\/wp-json\/wp\/v2\/product\/17213\/revisions"}],"predecessor-version":[{"id":26899,"href":"https:\/\/nirigs.com\/en\/wp-json\/wp\/v2\/product\/17213\/revisions\/26899"}],"wp:featuredmedia":[{"embeddable":true,"href":"https:\/\/nirigs.com\/en\/wp-json\/wp\/v2\/media\/24197"}],"wp:attachment":[{"href":"https:\/\/nirigs.com\/en\/wp-json\/wp\/v2\/media?parent=17213"}],"wp:term":[{"taxonomy":"pwb-brand","embeddable":true,"href":"https:\/\/nirigs.com\/en\/wp-json\/wp\/v2\/pwb-brand?post=17213"},{"taxonomy":"product_brand","embeddable":true,"href":"https:\/\/nirigs.com\/en\/wp-json\/wp\/v2\/product_brand?post=17213"},{"taxonomy":"product_cat","embeddable":true,"href":"https:\/\/nirigs.com\/en\/wp-json\/wp\/v2\/product_cat?post=17213"},{"taxonomy":"product_tag","embeddable":true,"href":"https:\/\/nirigs.com\/en\/wp-json\/wp\/v2\/product_tag?post=17213"}],"curies":[{"name":"wp","href":"https:\/\/api.w.org\/{rel}","templated":true}]}}