{"id":17200,"date":"2024-02-06T20:37:16","date_gmt":"2024-02-06T17:37:16","guid":{"rendered":"https:\/\/nirigs.com\/product\/moisture-rx-hawaiian-ginger-anti-breakage-shampoo-355-ml\/"},"modified":"2026-02-24T21:25:16","modified_gmt":"2026-02-24T18:25:16","slug":"moisture-rx-hawaiian-ginger-anti-breakage-shampoo-355-ml","status":"publish","type":"product","link":"https:\/\/nirigs.com\/en\/product\/moisture-rx-hawaiian-ginger-anti-breakage-shampoo-355-ml\/","title":{"rendered":"Mielle - Moisture RX anti-breakage shampoo with Hawaiian ginger - 355 ml"},"content":{"rendered":"<p>Infus\u00e9 d&rsquo;avocat et de gingembre pour hydrater vos boucles Sans sulfate Sans parab\u00e8nes Sans sulfates Sans paraffines Sans huile min\u00e9rale Sans tests sur les animaux Profitez-en ! Notre shampooing hydratant et anti-casse Moisture RX Hawaiian Ginger nettoie en douceur et r\u00e9hydrate les cheveux secs et ab\u00eem\u00e9s.<\/p>\n<p>Infus\u00e9 d&rsquo;ingr\u00e9dients tels que l&rsquo;avocat et le gingembre, ce shampooing hydratant transforme vos boucles s\u00e8ches et assoiff\u00e9es en cheveux brillants, hydrat\u00e9s et plus sains. Notre histoire MIELLE\u00ae a \u00e9t\u00e9 cr\u00e9\u00e9e par Monique Rodriguez, infirmi\u00e8re dipl\u00f4m\u00e9e, \u00e9pouse et m\u00e8re de deux filles, qui souhaitait partager son parcours capillaire sain en utilisant des produits contenant des ingr\u00e9dients biologiques pour obtenir des r\u00e9sultats \u00e9tonnants.<\/p>\n<p>Elle connaissait l&rsquo;importance de savoir ce que contiennent vos produits et souhaitait cr\u00e9er des options plus saines pour toute la famille. Le r\u00e9sultat est une marque qui vous propose des produits naturels et efficaces. Infus\u00e9 d&rsquo;ingr\u00e9dients tels que l&rsquo;avocat et le gingembre, ce shampooing hydratant transforme vos boucles s\u00e8ches et assoiff\u00e9es en cheveux brillants, hydrat\u00e9s et plus sains.<br \/>\nRetient l&rsquo;humidit\u00e9. Nettoie et r\u00e9g\u00e9n\u00e8re en douceur.<\/p>\n<h4 class=\"mv0 lh-copy f5 pb1 dark-gray\"><strong>Ingredients<\/strong><\/h4>\n<p class=\"mv0 lh-copy f6 mid-gray\">Water (aqua, eau), cocamidopropylamine oxide, sodium lauroyl sarcosinate, fragrance (partum), pea-150 distearate, polyquaternium-10, sodium c14-16 olefin sulfonate, decyl glucoside, cocos nucifera (coconut) oil, prunus amygdalus dulcis (sweet almond) oil persea gratissima (avocado) oil, zingiber officinale (ginger) root oil, phenoxyethanol benzoic acid, ethylhexylglycerin, glycereth 2 cocoate, panthenol, disodium edta citric acid, sodium chloride.<\/p>","protected":false},"excerpt":{"rendered":"<p>Infus\u00e9 d&rsquo;avocat et de gingembre pour hydrater vos boucles Sans sulfate Sans parab\u00e8nes Sans sulfates Sans paraffines Sans huile min\u00e9rale<\/p>","protected":false},"featured_media":24205,"comment_status":"closed","ping_status":"closed","template":"","meta":[],"pwb-brand":[757],"product_brand":[],"product_cat":[267,1022,1026,1024],"product_tag":[],"class_list":{"0":"post-17200","1":"product","2":"type-product","3":"status-publish","4":"has-post-thumbnail","6":"pwb-brand-mielle","7":"product_cat-beaute-et-soins","8":"product_cat-coiffures-et-soins-des-cheveux","9":"product_cat-shampooings","10":"product_cat-soins-des-cheveux","12":"first","13":"outofstock","14":"shipping-taxable","15":"purchasable","16":"product-type-simple"},"yoast_head":"<!-- This site is optimized with the Yoast SEO plugin v27.1.1 - https:\/\/yoast.com\/product\/yoast-seo-wordpress\/ -->\n<title>Mielle - Shampooing anti-casse Moisture RX au gingembre hawa\u00efen - 355 ml - NIRIGS<\/title>\n<meta name=\"robots\" content=\"index, follow, max-snippet:-1, max-image-preview:large, max-video-preview:-1\" \/>\n<link rel=\"canonical\" href=\"https:\/\/nirigs.com\/en\/product\/moisture-rx-hawaiian-ginger-anti-breakage-shampoo-355-ml\/\" \/>\n<meta property=\"og:locale\" content=\"en_US\" \/>\n<meta property=\"og:type\" content=\"article\" \/>\n<meta property=\"og:title\" content=\"Mielle - Shampooing anti-casse Moisture RX au gingembre hawa\u00efen - 355 ml - NIRIGS\" \/>\n<meta property=\"og:description\" content=\"Infus\u00e9 d&rsquo;avocat et de gingembre pour hydrater vos boucles Sans sulfate Sans parab\u00e8nes Sans sulfates Sans paraffines Sans huile min\u00e9rale\" \/>\n<meta property=\"og:url\" content=\"https:\/\/nirigs.com\/en\/product\/moisture-rx-hawaiian-ginger-anti-breakage-shampoo-355-ml\/\" \/>\n<meta property=\"og:site_name\" content=\"NIRIGS\" \/>\n<meta property=\"article:modified_time\" content=\"2026-02-24T18:25:16+00:00\" \/>\n<meta property=\"og:image\" content=\"https:\/\/nirigs.com\/wp-content\/uploads\/2024\/02\/Mielle-\u2013-Shampooing-anti-casse-Moisture-RX-au-gingembre-hawaien-\u2013-355-ml.jpg\" \/>\n\t<meta property=\"og:image:width\" content=\"1000\" \/>\n\t<meta property=\"og:image:height\" content=\"1000\" \/>\n\t<meta property=\"og:image:type\" content=\"image\/jpeg\" \/>\n<meta name=\"twitter:card\" content=\"summary_large_image\" \/>\n<meta name=\"twitter:label1\" content=\"Est. reading time\" \/>\n\t<meta name=\"twitter:data1\" content=\"2 minutes\" \/>\n<script type=\"application\/ld+json\" class=\"yoast-schema-graph\">{\"@context\":\"https:\/\/schema.org\",\"@graph\":[{\"@type\":\"WebPage\",\"@id\":\"https:\/\/nirigs.com\/product\/moisture-rx-hawaiian-ginger-anti-breakage-shampoo-355-ml\/\",\"url\":\"https:\/\/nirigs.com\/product\/moisture-rx-hawaiian-ginger-anti-breakage-shampoo-355-ml\/\",\"name\":\"Mielle - Shampooing anti-casse Moisture RX au gingembre hawa\u00efen - 355 ml - NIRIGS\",\"isPartOf\":{\"@id\":\"https:\/\/nirigs.com\/#website\"},\"primaryImageOfPage\":{\"@id\":\"https:\/\/nirigs.com\/product\/moisture-rx-hawaiian-ginger-anti-breakage-shampoo-355-ml\/#primaryimage\"},\"image\":{\"@id\":\"https:\/\/nirigs.com\/product\/moisture-rx-hawaiian-ginger-anti-breakage-shampoo-355-ml\/#primaryimage\"},\"thumbnailUrl\":\"https:\/\/nirigs.com\/wp-content\/uploads\/2024\/02\/Mielle-\u2013-Shampooing-anti-casse-Moisture-RX-au-gingembre-hawaien-\u2013-355-ml.jpg\",\"datePublished\":\"2024-02-06T17:37:16+00:00\",\"dateModified\":\"2026-02-24T18:25:16+00:00\",\"breadcrumb\":{\"@id\":\"https:\/\/nirigs.com\/product\/moisture-rx-hawaiian-ginger-anti-breakage-shampoo-355-ml\/#breadcrumb\"},\"inLanguage\":\"en-US\",\"potentialAction\":[{\"@type\":\"ReadAction\",\"target\":[\"https:\/\/nirigs.com\/product\/moisture-rx-hawaiian-ginger-anti-breakage-shampoo-355-ml\/\"]}]},{\"@type\":\"ImageObject\",\"inLanguage\":\"en-US\",\"@id\":\"https:\/\/nirigs.com\/product\/moisture-rx-hawaiian-ginger-anti-breakage-shampoo-355-ml\/#primaryimage\",\"url\":\"https:\/\/nirigs.com\/wp-content\/uploads\/2024\/02\/Mielle-\u2013-Shampooing-anti-casse-Moisture-RX-au-gingembre-hawaien-\u2013-355-ml.jpg\",\"contentUrl\":\"https:\/\/nirigs.com\/wp-content\/uploads\/2024\/02\/Mielle-\u2013-Shampooing-anti-casse-Moisture-RX-au-gingembre-hawaien-\u2013-355-ml.jpg\",\"width\":1000,\"height\":1000},{\"@type\":\"BreadcrumbList\",\"@id\":\"https:\/\/nirigs.com\/product\/moisture-rx-hawaiian-ginger-anti-breakage-shampoo-355-ml\/#breadcrumb\",\"itemListElement\":[{\"@type\":\"ListItem\",\"position\":1,\"name\":\"Home\",\"item\":\"https:\/\/nirigs.com\/\"},{\"@type\":\"ListItem\",\"position\":2,\"name\":\"Parcourir\",\"item\":\"https:\/\/nirigs.com\/boutique\/\"},{\"@type\":\"ListItem\",\"position\":3,\"name\":\"Mielle &#8211; Shampooing anti-casse Moisture RX au gingembre hawa\u00efen &#8211; 355 ml\"}]},{\"@type\":\"WebSite\",\"@id\":\"https:\/\/nirigs.com\/#website\",\"url\":\"https:\/\/nirigs.com\/\",\"name\":\"Nirigs.com\",\"description\":\"Simplifiez vos achats du quotidien \u00e0 Djibouti\",\"publisher\":{\"@id\":\"https:\/\/nirigs.com\/#organization\"},\"potentialAction\":[{\"@type\":\"SearchAction\",\"target\":{\"@type\":\"EntryPoint\",\"urlTemplate\":\"https:\/\/nirigs.com\/?s={search_term_string}\"},\"query-input\":{\"@type\":\"PropertyValueSpecification\",\"valueRequired\":true,\"valueName\":\"search_term_string\"}}],\"inLanguage\":\"en-US\"},{\"@type\":\"Organization\",\"@id\":\"https:\/\/nirigs.com\/#organization\",\"name\":\"Nirigs\",\"url\":\"https:\/\/nirigs.com\/\",\"logo\":{\"@type\":\"ImageObject\",\"inLanguage\":\"en-US\",\"@id\":\"https:\/\/nirigs.com\/#\/schema\/logo\/image\/\",\"url\":\"https:\/\/nirigs.com\/wp-content\/uploads\/2025\/04\/Design-sans-titre-27.png\",\"contentUrl\":\"https:\/\/nirigs.com\/wp-content\/uploads\/2025\/04\/Design-sans-titre-27.png\",\"width\":500,\"height\":500,\"caption\":\"Nirigs\"},\"image\":{\"@id\":\"https:\/\/nirigs.com\/#\/schema\/logo\/image\/\"}}]}<\/script>\n<!-- \/ Yoast SEO plugin. -->","yoast_head_json":{"title":"Mielle - Shampooing anti-casse Moisture RX au gingembre hawa\u00efen - 355 ml - NIRIGS","robots":{"index":"index","follow":"follow","max-snippet":"max-snippet:-1","max-image-preview":"max-image-preview:large","max-video-preview":"max-video-preview:-1"},"canonical":"https:\/\/nirigs.com\/en\/product\/moisture-rx-hawaiian-ginger-anti-breakage-shampoo-355-ml\/","og_locale":"en_US","og_type":"article","og_title":"Mielle - Shampooing anti-casse Moisture RX au gingembre hawa\u00efen - 355 ml - NIRIGS","og_description":"Infus\u00e9 d&rsquo;avocat et de gingembre pour hydrater vos boucles Sans sulfate Sans parab\u00e8nes Sans sulfates Sans paraffines Sans huile min\u00e9rale","og_url":"https:\/\/nirigs.com\/en\/product\/moisture-rx-hawaiian-ginger-anti-breakage-shampoo-355-ml\/","og_site_name":"NIRIGS","article_modified_time":"2026-02-24T18:25:16+00:00","og_image":[{"width":1000,"height":1000,"url":"https:\/\/nirigs.com\/wp-content\/uploads\/2024\/02\/Mielle-\u2013-Shampooing-anti-casse-Moisture-RX-au-gingembre-hawaien-\u2013-355-ml.jpg","type":"image\/jpeg"}],"twitter_card":"summary_large_image","twitter_misc":{"Est. reading time":"2 minutes"},"schema":{"@context":"https:\/\/schema.org","@graph":[{"@type":"WebPage","@id":"https:\/\/nirigs.com\/product\/moisture-rx-hawaiian-ginger-anti-breakage-shampoo-355-ml\/","url":"https:\/\/nirigs.com\/product\/moisture-rx-hawaiian-ginger-anti-breakage-shampoo-355-ml\/","name":"Mielle - Shampooing anti-casse Moisture RX au gingembre hawa\u00efen - 355 ml - NIRIGS","isPartOf":{"@id":"https:\/\/nirigs.com\/#website"},"primaryImageOfPage":{"@id":"https:\/\/nirigs.com\/product\/moisture-rx-hawaiian-ginger-anti-breakage-shampoo-355-ml\/#primaryimage"},"image":{"@id":"https:\/\/nirigs.com\/product\/moisture-rx-hawaiian-ginger-anti-breakage-shampoo-355-ml\/#primaryimage"},"thumbnailUrl":"https:\/\/nirigs.com\/wp-content\/uploads\/2024\/02\/Mielle-\u2013-Shampooing-anti-casse-Moisture-RX-au-gingembre-hawaien-\u2013-355-ml.jpg","datePublished":"2024-02-06T17:37:16+00:00","dateModified":"2026-02-24T18:25:16+00:00","breadcrumb":{"@id":"https:\/\/nirigs.com\/product\/moisture-rx-hawaiian-ginger-anti-breakage-shampoo-355-ml\/#breadcrumb"},"inLanguage":"en-US","potentialAction":[{"@type":"ReadAction","target":["https:\/\/nirigs.com\/product\/moisture-rx-hawaiian-ginger-anti-breakage-shampoo-355-ml\/"]}]},{"@type":"ImageObject","inLanguage":"en-US","@id":"https:\/\/nirigs.com\/product\/moisture-rx-hawaiian-ginger-anti-breakage-shampoo-355-ml\/#primaryimage","url":"https:\/\/nirigs.com\/wp-content\/uploads\/2024\/02\/Mielle-\u2013-Shampooing-anti-casse-Moisture-RX-au-gingembre-hawaien-\u2013-355-ml.jpg","contentUrl":"https:\/\/nirigs.com\/wp-content\/uploads\/2024\/02\/Mielle-\u2013-Shampooing-anti-casse-Moisture-RX-au-gingembre-hawaien-\u2013-355-ml.jpg","width":1000,"height":1000},{"@type":"BreadcrumbList","@id":"https:\/\/nirigs.com\/product\/moisture-rx-hawaiian-ginger-anti-breakage-shampoo-355-ml\/#breadcrumb","itemListElement":[{"@type":"ListItem","position":1,"name":"Home","item":"https:\/\/nirigs.com\/"},{"@type":"ListItem","position":2,"name":"Parcourir","item":"https:\/\/nirigs.com\/boutique\/"},{"@type":"ListItem","position":3,"name":"Mielle &#8211; Shampooing anti-casse Moisture RX au gingembre hawa\u00efen &#8211; 355 ml"}]},{"@type":"WebSite","@id":"https:\/\/nirigs.com\/#website","url":"https:\/\/nirigs.com\/","name":"Nirigs.com","description":"Simplifiez vos achats du quotidien \u00e0 Djibouti","publisher":{"@id":"https:\/\/nirigs.com\/#organization"},"potentialAction":[{"@type":"SearchAction","target":{"@type":"EntryPoint","urlTemplate":"https:\/\/nirigs.com\/?s={search_term_string}"},"query-input":{"@type":"PropertyValueSpecification","valueRequired":true,"valueName":"search_term_string"}}],"inLanguage":"en-US"},{"@type":"Organization","@id":"https:\/\/nirigs.com\/#organization","name":"Nirigs","url":"https:\/\/nirigs.com\/","logo":{"@type":"ImageObject","inLanguage":"en-US","@id":"https:\/\/nirigs.com\/#\/schema\/logo\/image\/","url":"https:\/\/nirigs.com\/wp-content\/uploads\/2025\/04\/Design-sans-titre-27.png","contentUrl":"https:\/\/nirigs.com\/wp-content\/uploads\/2025\/04\/Design-sans-titre-27.png","width":500,"height":500,"caption":"Nirigs"},"image":{"@id":"https:\/\/nirigs.com\/#\/schema\/logo\/image\/"}}]}},"brands":[{"id":757,"name":"Honeyed","slug":"mielle"}],"_links":{"self":[{"href":"https:\/\/nirigs.com\/en\/wp-json\/wp\/v2\/product\/17200","targetHints":{"allow":["GET"]}}],"collection":[{"href":"https:\/\/nirigs.com\/en\/wp-json\/wp\/v2\/product"}],"about":[{"href":"https:\/\/nirigs.com\/en\/wp-json\/wp\/v2\/types\/product"}],"replies":[{"embeddable":true,"href":"https:\/\/nirigs.com\/en\/wp-json\/wp\/v2\/comments?post=17200"}],"version-history":[{"count":8,"href":"https:\/\/nirigs.com\/en\/wp-json\/wp\/v2\/product\/17200\/revisions"}],"predecessor-version":[{"id":22902,"href":"https:\/\/nirigs.com\/en\/wp-json\/wp\/v2\/product\/17200\/revisions\/22902"}],"wp:featuredmedia":[{"embeddable":true,"href":"https:\/\/nirigs.com\/en\/wp-json\/wp\/v2\/media\/24205"}],"wp:attachment":[{"href":"https:\/\/nirigs.com\/en\/wp-json\/wp\/v2\/media?parent=17200"}],"wp:term":[{"taxonomy":"pwb-brand","embeddable":true,"href":"https:\/\/nirigs.com\/en\/wp-json\/wp\/v2\/pwb-brand?post=17200"},{"taxonomy":"product_brand","embeddable":true,"href":"https:\/\/nirigs.com\/en\/wp-json\/wp\/v2\/product_brand?post=17200"},{"taxonomy":"product_cat","embeddable":true,"href":"https:\/\/nirigs.com\/en\/wp-json\/wp\/v2\/product_cat?post=17200"},{"taxonomy":"product_tag","embeddable":true,"href":"https:\/\/nirigs.com\/en\/wp-json\/wp\/v2\/product_tag?post=17200"}],"curies":[{"name":"wp","href":"https:\/\/api.w.org\/{rel}","templated":true}]}}