{"id":17193,"date":"2024-02-06T20:13:28","date_gmt":"2024-02-06T17:13:28","guid":{"rendered":"https:\/\/nirigs.com\/product\/moisture-rx-hawaiian-ginger-overnight-conditioner\/"},"modified":"2025-03-16T09:48:34","modified_gmt":"2025-03-16T06:48:34","slug":"moisture-rx-hawaiian-ginger-overnight-conditioner","status":"publish","type":"product","link":"https:\/\/nirigs.com\/en\/product\/moisture-rx-hawaiian-ginger-overnight-conditioner\/","title":{"rendered":"Mielle &#8211; Revitalisant de nuit Moisture RX au gingembre hawa\u00efen &#8211; 340 g"},"content":{"rendered":"<h4>Avantage<\/h4>\n<ul class=\"a-unordered-list a-vertical a-spacing-mini\">\n<li class=\"a-spacing-mini\"><span class=\"a-list-item\">Soulage les d\u00e9mangeaisons du cuir chevelu sec<\/span><\/li>\n<li class=\"a-spacing-mini\"><span class=\"a-list-item\">Infus\u00e9 avec du menthol, du gingembre et de l&rsquo;huile d&rsquo;avocat<\/span><\/li>\n<li class=\"a-spacing-mini\"><span class=\"a-list-item\">Facile \u00e0 utiliser<\/span><\/li>\n<li class=\"a-spacing-mini\"><span class=\"a-list-item\">Ingr\u00e9dients naturels<\/span><\/li>\n<li class=\"a-spacing-mini\"><span class=\"a-list-item\">Apaisant<\/span><\/li>\n<\/ul>\n<p><strong>Use<\/strong><\/p>\n<p>Pour usage externe uniquement. Eviter tout contact avec les yeux, en cas de contact avec les yeux, laver abondamment \u00e0 l&rsquo;eau. Tenir hors de port\u00e9e des enfants, \u00e0 l&rsquo;abri de la lumi\u00e8re directe du soleil et de la chaleur intense.<\/p>\n<p><strong>Ingredients<\/strong><\/p>\n<p>Water (Aqua, Eau), Diheptyl Succinate, Capryloyl Glycerin, Sebacic Acid Copolymer, Cetearyl Alcohol, Behentrimonium Chloride, Cetyl Alcohol, Triethyl Citrate, Behentrimonium Methosulfate, Persea Gratissima (Avocado) Oil, Butyrospermum Parkii (Shea) Butter, Caprylyl Glycol, Panthenol, Olea Europaea (Olive) Fruit Oil, Tocopheryl Acetate, Cocos Nucifera (Coconut) Oil, Caprylic\/Capric Triglyceride, Vitis Vinifera (Grape) Seed Oil, Chamomilla Recutita (Matricaria) Flower Extract, Disodium EDTA, Vaccinium Myrtillus (Bilberry) Fruit Extract, Saccharum Officinarum (Sugar Cane) Extract, Acer Saccharinum (Sugar Maple) Extract, Citrus Aurantium Dulcis (Orange) Fruit Extract, Citrus Limon (Lemon) Fruit Extract, Sesamum Indicum (Sesame) Seed Oil, Emblica Officinalis Fruit (Amla) Extract, Zingiber Officinale (Ginger) Root Oil, Phenoxyethanol, Fragrance (Parfum), Dipropylene Glycol.<\/p>","protected":false},"excerpt":{"rendered":"<p>Avantage Soulage les d\u00e9mangeaisons du cuir chevelu sec Infus\u00e9 avec du menthol, du gingembre et de l&rsquo;huile d&rsquo;avocat Facile \u00e0<\/p>","protected":false},"featured_media":24221,"comment_status":"open","ping_status":"closed","template":"","meta":[],"pwb-brand":[757],"product_brand":[],"product_cat":[1025,267,1022,1024],"product_tag":[],"class_list":{"0":"post-17193","1":"product","2":"type-product","3":"status-publish","4":"has-post-thumbnail","6":"pwb-brand-mielle","7":"product_cat-apres-shampooings","8":"product_cat-beaute-et-soins","9":"product_cat-coiffures-et-soins-des-cheveux","10":"product_cat-soins-des-cheveux","12":"first","13":"instock","14":"shipping-taxable","15":"purchasable","16":"product-type-simple"},"yoast_head":"<!-- This site is optimized with the Yoast SEO plugin v27.1.1 - https:\/\/yoast.com\/product\/yoast-seo-wordpress\/ -->\n<title>Mielle - Revitalisant de nuit Moisture RX au gingembre hawa\u00efen - 340 g - NIRIGS<\/title>\n<meta name=\"robots\" content=\"index, follow, max-snippet:-1, max-image-preview:large, max-video-preview:-1\" \/>\n<link rel=\"canonical\" href=\"https:\/\/nirigs.com\/en\/product\/moisture-rx-hawaiian-ginger-overnight-conditioner\/\" \/>\n<meta property=\"og:locale\" content=\"en_US\" \/>\n<meta property=\"og:type\" content=\"article\" \/>\n<meta property=\"og:title\" content=\"Mielle - Revitalisant de nuit Moisture RX au gingembre hawa\u00efen - 340 g - NIRIGS\" \/>\n<meta property=\"og:description\" content=\"Avantage Soulage les d\u00e9mangeaisons du cuir chevelu sec Infus\u00e9 avec du menthol, du gingembre et de l&rsquo;huile d&rsquo;avocat Facile \u00e0\" \/>\n<meta property=\"og:url\" content=\"https:\/\/nirigs.com\/en\/product\/moisture-rx-hawaiian-ginger-overnight-conditioner\/\" \/>\n<meta property=\"og:site_name\" content=\"NIRIGS\" \/>\n<meta property=\"article:modified_time\" content=\"2025-03-16T06:48:34+00:00\" \/>\n<meta property=\"og:image\" content=\"https:\/\/nirigs.com\/wp-content\/uploads\/2024\/02\/Mielle-\u2013-Revitalisant-de-nuit-Moisture-RX-au-gingembre-hawaien-\u2013-340-g.jpg\" \/>\n\t<meta property=\"og:image:width\" content=\"1000\" \/>\n\t<meta property=\"og:image:height\" content=\"1000\" \/>\n\t<meta property=\"og:image:type\" content=\"image\/jpeg\" \/>\n<meta name=\"twitter:card\" content=\"summary_large_image\" \/>\n<meta name=\"twitter:label1\" content=\"Est. reading time\" \/>\n\t<meta name=\"twitter:data1\" content=\"1 minute\" \/>\n<script type=\"application\/ld+json\" class=\"yoast-schema-graph\">{\"@context\":\"https:\/\/schema.org\",\"@graph\":[{\"@type\":\"WebPage\",\"@id\":\"https:\/\/nirigs.com\/product\/moisture-rx-hawaiian-ginger-overnight-conditioner\/\",\"url\":\"https:\/\/nirigs.com\/product\/moisture-rx-hawaiian-ginger-overnight-conditioner\/\",\"name\":\"Mielle - Revitalisant de nuit Moisture RX au gingembre hawa\u00efen - 340 g - NIRIGS\",\"isPartOf\":{\"@id\":\"https:\/\/nirigs.com\/#website\"},\"primaryImageOfPage\":{\"@id\":\"https:\/\/nirigs.com\/product\/moisture-rx-hawaiian-ginger-overnight-conditioner\/#primaryimage\"},\"image\":{\"@id\":\"https:\/\/nirigs.com\/product\/moisture-rx-hawaiian-ginger-overnight-conditioner\/#primaryimage\"},\"thumbnailUrl\":\"https:\/\/nirigs.com\/wp-content\/uploads\/2024\/02\/Mielle-\u2013-Revitalisant-de-nuit-Moisture-RX-au-gingembre-hawaien-\u2013-340-g.jpg\",\"datePublished\":\"2024-02-06T17:13:28+00:00\",\"dateModified\":\"2025-03-16T06:48:34+00:00\",\"breadcrumb\":{\"@id\":\"https:\/\/nirigs.com\/product\/moisture-rx-hawaiian-ginger-overnight-conditioner\/#breadcrumb\"},\"inLanguage\":\"en-US\",\"potentialAction\":[{\"@type\":\"ReadAction\",\"target\":[\"https:\/\/nirigs.com\/product\/moisture-rx-hawaiian-ginger-overnight-conditioner\/\"]}]},{\"@type\":\"ImageObject\",\"inLanguage\":\"en-US\",\"@id\":\"https:\/\/nirigs.com\/product\/moisture-rx-hawaiian-ginger-overnight-conditioner\/#primaryimage\",\"url\":\"https:\/\/nirigs.com\/wp-content\/uploads\/2024\/02\/Mielle-\u2013-Revitalisant-de-nuit-Moisture-RX-au-gingembre-hawaien-\u2013-340-g.jpg\",\"contentUrl\":\"https:\/\/nirigs.com\/wp-content\/uploads\/2024\/02\/Mielle-\u2013-Revitalisant-de-nuit-Moisture-RX-au-gingembre-hawaien-\u2013-340-g.jpg\",\"width\":1000,\"height\":1000},{\"@type\":\"BreadcrumbList\",\"@id\":\"https:\/\/nirigs.com\/product\/moisture-rx-hawaiian-ginger-overnight-conditioner\/#breadcrumb\",\"itemListElement\":[{\"@type\":\"ListItem\",\"position\":1,\"name\":\"Home\",\"item\":\"https:\/\/nirigs.com\/\"},{\"@type\":\"ListItem\",\"position\":2,\"name\":\"Parcourir\",\"item\":\"https:\/\/nirigs.com\/boutique\/\"},{\"@type\":\"ListItem\",\"position\":3,\"name\":\"Mielle &#8211; Revitalisant de nuit Moisture RX au gingembre hawa\u00efen &#8211; 340 g\"}]},{\"@type\":\"WebSite\",\"@id\":\"https:\/\/nirigs.com\/#website\",\"url\":\"https:\/\/nirigs.com\/\",\"name\":\"Nirigs.com\",\"description\":\"Simplifiez vos achats du quotidien \u00e0 Djibouti\",\"publisher\":{\"@id\":\"https:\/\/nirigs.com\/#organization\"},\"potentialAction\":[{\"@type\":\"SearchAction\",\"target\":{\"@type\":\"EntryPoint\",\"urlTemplate\":\"https:\/\/nirigs.com\/?s={search_term_string}\"},\"query-input\":{\"@type\":\"PropertyValueSpecification\",\"valueRequired\":true,\"valueName\":\"search_term_string\"}}],\"inLanguage\":\"en-US\"},{\"@type\":\"Organization\",\"@id\":\"https:\/\/nirigs.com\/#organization\",\"name\":\"Nirigs\",\"url\":\"https:\/\/nirigs.com\/\",\"logo\":{\"@type\":\"ImageObject\",\"inLanguage\":\"en-US\",\"@id\":\"https:\/\/nirigs.com\/#\/schema\/logo\/image\/\",\"url\":\"https:\/\/nirigs.com\/wp-content\/uploads\/2025\/04\/Design-sans-titre-27.png\",\"contentUrl\":\"https:\/\/nirigs.com\/wp-content\/uploads\/2025\/04\/Design-sans-titre-27.png\",\"width\":500,\"height\":500,\"caption\":\"Nirigs\"},\"image\":{\"@id\":\"https:\/\/nirigs.com\/#\/schema\/logo\/image\/\"}}]}<\/script>\n<!-- \/ Yoast SEO plugin. -->","yoast_head_json":{"title":"Mielle - Revitalisant de nuit Moisture RX au gingembre hawa\u00efen - 340 g - NIRIGS","robots":{"index":"index","follow":"follow","max-snippet":"max-snippet:-1","max-image-preview":"max-image-preview:large","max-video-preview":"max-video-preview:-1"},"canonical":"https:\/\/nirigs.com\/en\/product\/moisture-rx-hawaiian-ginger-overnight-conditioner\/","og_locale":"en_US","og_type":"article","og_title":"Mielle - Revitalisant de nuit Moisture RX au gingembre hawa\u00efen - 340 g - NIRIGS","og_description":"Avantage Soulage les d\u00e9mangeaisons du cuir chevelu sec Infus\u00e9 avec du menthol, du gingembre et de l&rsquo;huile d&rsquo;avocat Facile \u00e0","og_url":"https:\/\/nirigs.com\/en\/product\/moisture-rx-hawaiian-ginger-overnight-conditioner\/","og_site_name":"NIRIGS","article_modified_time":"2025-03-16T06:48:34+00:00","og_image":[{"width":1000,"height":1000,"url":"https:\/\/nirigs.com\/wp-content\/uploads\/2024\/02\/Mielle-\u2013-Revitalisant-de-nuit-Moisture-RX-au-gingembre-hawaien-\u2013-340-g.jpg","type":"image\/jpeg"}],"twitter_card":"summary_large_image","twitter_misc":{"Est. reading time":"1 minute"},"schema":{"@context":"https:\/\/schema.org","@graph":[{"@type":"WebPage","@id":"https:\/\/nirigs.com\/product\/moisture-rx-hawaiian-ginger-overnight-conditioner\/","url":"https:\/\/nirigs.com\/product\/moisture-rx-hawaiian-ginger-overnight-conditioner\/","name":"Mielle - Revitalisant de nuit Moisture RX au gingembre hawa\u00efen - 340 g - NIRIGS","isPartOf":{"@id":"https:\/\/nirigs.com\/#website"},"primaryImageOfPage":{"@id":"https:\/\/nirigs.com\/product\/moisture-rx-hawaiian-ginger-overnight-conditioner\/#primaryimage"},"image":{"@id":"https:\/\/nirigs.com\/product\/moisture-rx-hawaiian-ginger-overnight-conditioner\/#primaryimage"},"thumbnailUrl":"https:\/\/nirigs.com\/wp-content\/uploads\/2024\/02\/Mielle-\u2013-Revitalisant-de-nuit-Moisture-RX-au-gingembre-hawaien-\u2013-340-g.jpg","datePublished":"2024-02-06T17:13:28+00:00","dateModified":"2025-03-16T06:48:34+00:00","breadcrumb":{"@id":"https:\/\/nirigs.com\/product\/moisture-rx-hawaiian-ginger-overnight-conditioner\/#breadcrumb"},"inLanguage":"en-US","potentialAction":[{"@type":"ReadAction","target":["https:\/\/nirigs.com\/product\/moisture-rx-hawaiian-ginger-overnight-conditioner\/"]}]},{"@type":"ImageObject","inLanguage":"en-US","@id":"https:\/\/nirigs.com\/product\/moisture-rx-hawaiian-ginger-overnight-conditioner\/#primaryimage","url":"https:\/\/nirigs.com\/wp-content\/uploads\/2024\/02\/Mielle-\u2013-Revitalisant-de-nuit-Moisture-RX-au-gingembre-hawaien-\u2013-340-g.jpg","contentUrl":"https:\/\/nirigs.com\/wp-content\/uploads\/2024\/02\/Mielle-\u2013-Revitalisant-de-nuit-Moisture-RX-au-gingembre-hawaien-\u2013-340-g.jpg","width":1000,"height":1000},{"@type":"BreadcrumbList","@id":"https:\/\/nirigs.com\/product\/moisture-rx-hawaiian-ginger-overnight-conditioner\/#breadcrumb","itemListElement":[{"@type":"ListItem","position":1,"name":"Home","item":"https:\/\/nirigs.com\/"},{"@type":"ListItem","position":2,"name":"Parcourir","item":"https:\/\/nirigs.com\/boutique\/"},{"@type":"ListItem","position":3,"name":"Mielle &#8211; Revitalisant de nuit Moisture RX au gingembre hawa\u00efen &#8211; 340 g"}]},{"@type":"WebSite","@id":"https:\/\/nirigs.com\/#website","url":"https:\/\/nirigs.com\/","name":"Nirigs.com","description":"Simplifiez vos achats du quotidien \u00e0 Djibouti","publisher":{"@id":"https:\/\/nirigs.com\/#organization"},"potentialAction":[{"@type":"SearchAction","target":{"@type":"EntryPoint","urlTemplate":"https:\/\/nirigs.com\/?s={search_term_string}"},"query-input":{"@type":"PropertyValueSpecification","valueRequired":true,"valueName":"search_term_string"}}],"inLanguage":"en-US"},{"@type":"Organization","@id":"https:\/\/nirigs.com\/#organization","name":"Nirigs","url":"https:\/\/nirigs.com\/","logo":{"@type":"ImageObject","inLanguage":"en-US","@id":"https:\/\/nirigs.com\/#\/schema\/logo\/image\/","url":"https:\/\/nirigs.com\/wp-content\/uploads\/2025\/04\/Design-sans-titre-27.png","contentUrl":"https:\/\/nirigs.com\/wp-content\/uploads\/2025\/04\/Design-sans-titre-27.png","width":500,"height":500,"caption":"Nirigs"},"image":{"@id":"https:\/\/nirigs.com\/#\/schema\/logo\/image\/"}}]}},"brands":[{"id":757,"name":"Honeyed","slug":"mielle"}],"_links":{"self":[{"href":"https:\/\/nirigs.com\/en\/wp-json\/wp\/v2\/product\/17193","targetHints":{"allow":["GET"]}}],"collection":[{"href":"https:\/\/nirigs.com\/en\/wp-json\/wp\/v2\/product"}],"about":[{"href":"https:\/\/nirigs.com\/en\/wp-json\/wp\/v2\/types\/product"}],"replies":[{"embeddable":true,"href":"https:\/\/nirigs.com\/en\/wp-json\/wp\/v2\/comments?post=17193"}],"version-history":[{"count":6,"href":"https:\/\/nirigs.com\/en\/wp-json\/wp\/v2\/product\/17193\/revisions"}],"predecessor-version":[{"id":24217,"href":"https:\/\/nirigs.com\/en\/wp-json\/wp\/v2\/product\/17193\/revisions\/24217"}],"wp:featuredmedia":[{"embeddable":true,"href":"https:\/\/nirigs.com\/en\/wp-json\/wp\/v2\/media\/24221"}],"wp:attachment":[{"href":"https:\/\/nirigs.com\/en\/wp-json\/wp\/v2\/media?parent=17193"}],"wp:term":[{"taxonomy":"pwb-brand","embeddable":true,"href":"https:\/\/nirigs.com\/en\/wp-json\/wp\/v2\/pwb-brand?post=17193"},{"taxonomy":"product_brand","embeddable":true,"href":"https:\/\/nirigs.com\/en\/wp-json\/wp\/v2\/product_brand?post=17193"},{"taxonomy":"product_cat","embeddable":true,"href":"https:\/\/nirigs.com\/en\/wp-json\/wp\/v2\/product_cat?post=17193"},{"taxonomy":"product_tag","embeddable":true,"href":"https:\/\/nirigs.com\/en\/wp-json\/wp\/v2\/product_tag?post=17193"}],"curies":[{"name":"wp","href":"https:\/\/api.w.org\/{rel}","templated":true}]}}