{"id":17189,"date":"2024-02-06T09:44:55","date_gmt":"2024-02-06T06:44:55","guid":{"rendered":"https:\/\/nirigs.com\/product\/professional-gel-super-protein-236-ml\/"},"modified":"2025-06-06T08:52:33","modified_gmt":"2025-06-06T05:52:33","slug":"professional-gel-super-protein-236-ml","status":"publish","type":"product","link":"https:\/\/nirigs.com\/en\/product\/professional-gel-super-protein-236-ml\/","title":{"rendered":"Eco Styler &#8211; Gel Professionnel Super Protein &#8211; 473 ml"},"content":{"rendered":"<p>Le gel Eco Styler Super Protein est compos\u00e9 de prot\u00e9ines suppl\u00e9mentaires et a un fort pouvoir de maintien. Il est parfait pour les coiffures relev\u00e9es, les pin-ups et les coiffures torsad\u00e9es. Il est l\u00e9ger et offre une tenue qui d\u00e9fie la gravit\u00e9. Le gel capillaire Eco Styler Super Protein est \u00e0 base d&rsquo;eau et hydrate les cheveux pour les maintenir en bonne sant\u00e9.<br \/>\nFormule anti-flocons, anti-collage et anti-d\u00e9mangeaisons.<br \/>\nId\u00e9al pour les coiffures hautes, les pin-up et les torsades.<br \/>\nApporte une brillance \u00e9clatante.<\/p>\n<h4><strong>Use<\/strong><\/h4>\n<p>Appliquer sur cheveux secs ou mouill\u00e9s. R\u00e9partir la quantit\u00e9 souhait\u00e9e dans les cheveux et les coiffer.<\/p>\n<h4 class=\"mv0 lh-copy f5 pb1 dark-gray\"><strong>Ingredients<\/strong><\/h4>\n<p class=\"mv0 lh-copy f6 mid-gray\">Water (aqua), Carbomer, Hydrolyzed Wheat Protein, Glycerin, Sodium Hydroxymethylglycinate, Polysorbate 20, Tetrasodium Edta, Triethanolamine, Caramel, Pvp, Fragrance (parfum).<\/p>","protected":false},"excerpt":{"rendered":"<p>Le gel Eco Styler Super Protein est compos\u00e9 de prot\u00e9ines suppl\u00e9mentaires et a un fort pouvoir de maintien. Il est<\/p>","protected":false},"featured_media":24229,"comment_status":"open","ping_status":"closed","template":"","meta":[],"pwb-brand":[779],"product_brand":[],"product_cat":[267,1022,1073,1071],"product_tag":[],"class_list":{"0":"post-17189","1":"product","2":"type-product","3":"status-publish","4":"has-post-thumbnail","6":"pwb-brand-eco-styler","7":"product_cat-beaute-et-soins","8":"product_cat-coiffures-et-soins-des-cheveux","9":"product_cat-gels-coiffants","10":"product_cat-produits-coiffants","12":"first","13":"instock","14":"shipping-taxable","15":"purchasable","16":"product-type-simple"},"yoast_head":"<!-- This site is optimized with the Yoast SEO plugin v27.1.1 - https:\/\/yoast.com\/product\/yoast-seo-wordpress\/ -->\n<title>Eco Styler - Gel Professionnel Super Protein - 473 ml - NIRIGS<\/title>\n<meta name=\"robots\" content=\"index, follow, max-snippet:-1, max-image-preview:large, max-video-preview:-1\" \/>\n<link rel=\"canonical\" href=\"https:\/\/nirigs.com\/en\/product\/professional-gel-super-protein-236-ml\/\" \/>\n<meta property=\"og:locale\" content=\"en_US\" \/>\n<meta property=\"og:type\" content=\"article\" \/>\n<meta property=\"og:title\" content=\"Eco Styler - Gel Professionnel Super Protein - 473 ml - NIRIGS\" \/>\n<meta property=\"og:description\" content=\"Le gel Eco Styler Super Protein est compos\u00e9 de prot\u00e9ines suppl\u00e9mentaires et a un fort pouvoir de maintien. Il est\" \/>\n<meta property=\"og:url\" content=\"https:\/\/nirigs.com\/en\/product\/professional-gel-super-protein-236-ml\/\" \/>\n<meta property=\"og:site_name\" content=\"NIRIGS\" \/>\n<meta property=\"article:modified_time\" content=\"2025-06-06T05:52:33+00:00\" \/>\n<meta property=\"og:image\" content=\"https:\/\/nirigs.com\/wp-content\/uploads\/2024\/02\/Eco-Styler-\u2013-Gel-Professionnel-Super-Proteine-\u2013-473-ml.jpg\" \/>\n\t<meta property=\"og:image:width\" content=\"1000\" \/>\n\t<meta property=\"og:image:height\" content=\"1000\" \/>\n\t<meta property=\"og:image:type\" content=\"image\/jpeg\" \/>\n<meta name=\"twitter:card\" content=\"summary_large_image\" \/>\n<meta name=\"twitter:label1\" content=\"Est. reading time\" \/>\n\t<meta name=\"twitter:data1\" content=\"1 minute\" \/>\n<script type=\"application\/ld+json\" class=\"yoast-schema-graph\">{\"@context\":\"https:\/\/schema.org\",\"@graph\":[{\"@type\":\"WebPage\",\"@id\":\"https:\/\/nirigs.com\/product\/professional-gel-super-protein-236-ml\/\",\"url\":\"https:\/\/nirigs.com\/product\/professional-gel-super-protein-236-ml\/\",\"name\":\"Eco Styler - Gel Professionnel Super Protein - 473 ml - NIRIGS\",\"isPartOf\":{\"@id\":\"https:\/\/nirigs.com\/#website\"},\"primaryImageOfPage\":{\"@id\":\"https:\/\/nirigs.com\/product\/professional-gel-super-protein-236-ml\/#primaryimage\"},\"image\":{\"@id\":\"https:\/\/nirigs.com\/product\/professional-gel-super-protein-236-ml\/#primaryimage\"},\"thumbnailUrl\":\"https:\/\/nirigs.com\/wp-content\/uploads\/2024\/02\/Eco-Styler-\u2013-Gel-Professionnel-Super-Proteine-\u2013-473-ml.jpg\",\"datePublished\":\"2024-02-06T06:44:55+00:00\",\"dateModified\":\"2025-06-06T05:52:33+00:00\",\"breadcrumb\":{\"@id\":\"https:\/\/nirigs.com\/product\/professional-gel-super-protein-236-ml\/#breadcrumb\"},\"inLanguage\":\"en-US\",\"potentialAction\":[{\"@type\":\"ReadAction\",\"target\":[\"https:\/\/nirigs.com\/product\/professional-gel-super-protein-236-ml\/\"]}]},{\"@type\":\"ImageObject\",\"inLanguage\":\"en-US\",\"@id\":\"https:\/\/nirigs.com\/product\/professional-gel-super-protein-236-ml\/#primaryimage\",\"url\":\"https:\/\/nirigs.com\/wp-content\/uploads\/2024\/02\/Eco-Styler-\u2013-Gel-Professionnel-Super-Proteine-\u2013-473-ml.jpg\",\"contentUrl\":\"https:\/\/nirigs.com\/wp-content\/uploads\/2024\/02\/Eco-Styler-\u2013-Gel-Professionnel-Super-Proteine-\u2013-473-ml.jpg\",\"width\":1000,\"height\":1000},{\"@type\":\"BreadcrumbList\",\"@id\":\"https:\/\/nirigs.com\/product\/professional-gel-super-protein-236-ml\/#breadcrumb\",\"itemListElement\":[{\"@type\":\"ListItem\",\"position\":1,\"name\":\"Home\",\"item\":\"https:\/\/nirigs.com\/\"},{\"@type\":\"ListItem\",\"position\":2,\"name\":\"Parcourir\",\"item\":\"https:\/\/nirigs.com\/boutique\/\"},{\"@type\":\"ListItem\",\"position\":3,\"name\":\"Eco Styler &#8211; Gel Professionnel Super Protein &#8211; 473 ml\"}]},{\"@type\":\"WebSite\",\"@id\":\"https:\/\/nirigs.com\/#website\",\"url\":\"https:\/\/nirigs.com\/\",\"name\":\"Nirigs.com\",\"description\":\"Simplifiez vos achats du quotidien \u00e0 Djibouti\",\"publisher\":{\"@id\":\"https:\/\/nirigs.com\/#organization\"},\"potentialAction\":[{\"@type\":\"SearchAction\",\"target\":{\"@type\":\"EntryPoint\",\"urlTemplate\":\"https:\/\/nirigs.com\/?s={search_term_string}\"},\"query-input\":{\"@type\":\"PropertyValueSpecification\",\"valueRequired\":true,\"valueName\":\"search_term_string\"}}],\"inLanguage\":\"en-US\"},{\"@type\":\"Organization\",\"@id\":\"https:\/\/nirigs.com\/#organization\",\"name\":\"Nirigs\",\"url\":\"https:\/\/nirigs.com\/\",\"logo\":{\"@type\":\"ImageObject\",\"inLanguage\":\"en-US\",\"@id\":\"https:\/\/nirigs.com\/#\/schema\/logo\/image\/\",\"url\":\"https:\/\/nirigs.com\/wp-content\/uploads\/2025\/04\/Design-sans-titre-27.png\",\"contentUrl\":\"https:\/\/nirigs.com\/wp-content\/uploads\/2025\/04\/Design-sans-titre-27.png\",\"width\":500,\"height\":500,\"caption\":\"Nirigs\"},\"image\":{\"@id\":\"https:\/\/nirigs.com\/#\/schema\/logo\/image\/\"}}]}<\/script>\n<!-- \/ Yoast SEO plugin. -->","yoast_head_json":{"title":"Eco Styler - Gel Professionnel Super Protein - 473 ml - NIRIGS","robots":{"index":"index","follow":"follow","max-snippet":"max-snippet:-1","max-image-preview":"max-image-preview:large","max-video-preview":"max-video-preview:-1"},"canonical":"https:\/\/nirigs.com\/en\/product\/professional-gel-super-protein-236-ml\/","og_locale":"en_US","og_type":"article","og_title":"Eco Styler - Gel Professionnel Super Protein - 473 ml - NIRIGS","og_description":"Le gel Eco Styler Super Protein est compos\u00e9 de prot\u00e9ines suppl\u00e9mentaires et a un fort pouvoir de maintien. Il est","og_url":"https:\/\/nirigs.com\/en\/product\/professional-gel-super-protein-236-ml\/","og_site_name":"NIRIGS","article_modified_time":"2025-06-06T05:52:33+00:00","og_image":[{"width":1000,"height":1000,"url":"https:\/\/nirigs.com\/wp-content\/uploads\/2024\/02\/Eco-Styler-\u2013-Gel-Professionnel-Super-Proteine-\u2013-473-ml.jpg","type":"image\/jpeg"}],"twitter_card":"summary_large_image","twitter_misc":{"Est. reading time":"1 minute"},"schema":{"@context":"https:\/\/schema.org","@graph":[{"@type":"WebPage","@id":"https:\/\/nirigs.com\/product\/professional-gel-super-protein-236-ml\/","url":"https:\/\/nirigs.com\/product\/professional-gel-super-protein-236-ml\/","name":"Eco Styler - Gel Professionnel Super Protein - 473 ml - NIRIGS","isPartOf":{"@id":"https:\/\/nirigs.com\/#website"},"primaryImageOfPage":{"@id":"https:\/\/nirigs.com\/product\/professional-gel-super-protein-236-ml\/#primaryimage"},"image":{"@id":"https:\/\/nirigs.com\/product\/professional-gel-super-protein-236-ml\/#primaryimage"},"thumbnailUrl":"https:\/\/nirigs.com\/wp-content\/uploads\/2024\/02\/Eco-Styler-\u2013-Gel-Professionnel-Super-Proteine-\u2013-473-ml.jpg","datePublished":"2024-02-06T06:44:55+00:00","dateModified":"2025-06-06T05:52:33+00:00","breadcrumb":{"@id":"https:\/\/nirigs.com\/product\/professional-gel-super-protein-236-ml\/#breadcrumb"},"inLanguage":"en-US","potentialAction":[{"@type":"ReadAction","target":["https:\/\/nirigs.com\/product\/professional-gel-super-protein-236-ml\/"]}]},{"@type":"ImageObject","inLanguage":"en-US","@id":"https:\/\/nirigs.com\/product\/professional-gel-super-protein-236-ml\/#primaryimage","url":"https:\/\/nirigs.com\/wp-content\/uploads\/2024\/02\/Eco-Styler-\u2013-Gel-Professionnel-Super-Proteine-\u2013-473-ml.jpg","contentUrl":"https:\/\/nirigs.com\/wp-content\/uploads\/2024\/02\/Eco-Styler-\u2013-Gel-Professionnel-Super-Proteine-\u2013-473-ml.jpg","width":1000,"height":1000},{"@type":"BreadcrumbList","@id":"https:\/\/nirigs.com\/product\/professional-gel-super-protein-236-ml\/#breadcrumb","itemListElement":[{"@type":"ListItem","position":1,"name":"Home","item":"https:\/\/nirigs.com\/"},{"@type":"ListItem","position":2,"name":"Parcourir","item":"https:\/\/nirigs.com\/boutique\/"},{"@type":"ListItem","position":3,"name":"Eco Styler &#8211; Gel Professionnel Super Protein &#8211; 473 ml"}]},{"@type":"WebSite","@id":"https:\/\/nirigs.com\/#website","url":"https:\/\/nirigs.com\/","name":"Nirigs.com","description":"Simplifiez vos achats du quotidien \u00e0 Djibouti","publisher":{"@id":"https:\/\/nirigs.com\/#organization"},"potentialAction":[{"@type":"SearchAction","target":{"@type":"EntryPoint","urlTemplate":"https:\/\/nirigs.com\/?s={search_term_string}"},"query-input":{"@type":"PropertyValueSpecification","valueRequired":true,"valueName":"search_term_string"}}],"inLanguage":"en-US"},{"@type":"Organization","@id":"https:\/\/nirigs.com\/#organization","name":"Nirigs","url":"https:\/\/nirigs.com\/","logo":{"@type":"ImageObject","inLanguage":"en-US","@id":"https:\/\/nirigs.com\/#\/schema\/logo\/image\/","url":"https:\/\/nirigs.com\/wp-content\/uploads\/2025\/04\/Design-sans-titre-27.png","contentUrl":"https:\/\/nirigs.com\/wp-content\/uploads\/2025\/04\/Design-sans-titre-27.png","width":500,"height":500,"caption":"Nirigs"},"image":{"@id":"https:\/\/nirigs.com\/#\/schema\/logo\/image\/"}}]}},"brands":[{"id":779,"name":"Eco Styler","slug":"eco-styler"}],"_links":{"self":[{"href":"https:\/\/nirigs.com\/en\/wp-json\/wp\/v2\/product\/17189","targetHints":{"allow":["GET"]}}],"collection":[{"href":"https:\/\/nirigs.com\/en\/wp-json\/wp\/v2\/product"}],"about":[{"href":"https:\/\/nirigs.com\/en\/wp-json\/wp\/v2\/types\/product"}],"replies":[{"embeddable":true,"href":"https:\/\/nirigs.com\/en\/wp-json\/wp\/v2\/comments?post=17189"}],"version-history":[{"count":7,"href":"https:\/\/nirigs.com\/en\/wp-json\/wp\/v2\/product\/17189\/revisions"}],"predecessor-version":[{"id":26900,"href":"https:\/\/nirigs.com\/en\/wp-json\/wp\/v2\/product\/17189\/revisions\/26900"}],"wp:featuredmedia":[{"embeddable":true,"href":"https:\/\/nirigs.com\/en\/wp-json\/wp\/v2\/media\/24229"}],"wp:attachment":[{"href":"https:\/\/nirigs.com\/en\/wp-json\/wp\/v2\/media?parent=17189"}],"wp:term":[{"taxonomy":"pwb-brand","embeddable":true,"href":"https:\/\/nirigs.com\/en\/wp-json\/wp\/v2\/pwb-brand?post=17189"},{"taxonomy":"product_brand","embeddable":true,"href":"https:\/\/nirigs.com\/en\/wp-json\/wp\/v2\/product_brand?post=17189"},{"taxonomy":"product_cat","embeddable":true,"href":"https:\/\/nirigs.com\/en\/wp-json\/wp\/v2\/product_cat?post=17189"},{"taxonomy":"product_tag","embeddable":true,"href":"https:\/\/nirigs.com\/en\/wp-json\/wp\/v2\/product_tag?post=17189"}],"curies":[{"name":"wp","href":"https:\/\/api.w.org\/{rel}","templated":true}]}}