{"id":17186,"date":"2024-02-06T09:41:05","date_gmt":"2024-02-06T06:41:05","guid":{"rendered":"https:\/\/nirigs.com\/product\/hair-treatment-argan-oil\/"},"modified":"2025-08-16T01:32:17","modified_gmt":"2025-08-15T22:32:17","slug":"hair-treatment-argan-oil","status":"publish","type":"product","link":"https:\/\/nirigs.com\/en\/product\/hair-treatment-argan-oil\/","title":{"rendered":"Agadir - Argan Oil Hair Treatment - 118 ml"},"content":{"rendered":"<p>Hair treatment with Agadir argan oil, contains 100 % of pure, certified argan oil. It repairs, softens and strengthens dry, brittle, frizzy and overworked hair. It is neither oily nor greasy, and does not make hair heavy and flat. It encourages healthier hair growth.Agadir Unisex Argan Oil Hair Treatment, 4 fl oz:Introduced by Agadir Design HouseRecommended for normal, daily use100% pure argan oil, 4 fl oz bottleRepairs and strengthens dry, overworked hair**Packaging may vary.<\/p>\n<p>Pure, certified argan oil 100% repairs, softens and strengthens dry, brittle, frizzy and overworked hair. Agadir argan oil hair treatment is not oily or greasy, and there's no build-up to make your hair heavy and flat.<br \/>\nAgadir argan oil reduces drying time (40-50%). The alcohol-free formula nourishes and eliminates dry, itchy scalp. Hair treatment with Agadir argan oil promotes healthier hair growth and makes hair more manageable and manageable. Alcohol-free. Penetrates instantly, moisturizes and shines. Corrects frizz, conditions, resists humidity. Made in the USA.<\/p>\n<h4><strong>Use<\/strong><\/h4>\n<p>As a preparatory base, take up to two pumps of oil in your hands and apply to hair, from mid-lengths to ends. Style as desired. As a finishing touch or to refresh the style, take the equivalent of one pump in your hands and apply to dry hair for added shine and fragrance.<\/p>\n<h4>Ingredient<\/h4>\n<p><span style=\"color: #333333; font-size: 16px;\">Cyclopentasiloxane,Dimethicone, Argania Spinosa Kernel Oil (ArganOil), Caprylyl Methicone, Phenyl Trimethicone,Ethylhexyl Methoxycinnamate, Hydrolyzed Keratin, Biotin, CI 47000 (Yellow #11), CI 26100(Red #17), Fragrance (Parfum), Benzyl Benzoate,Citronellol, Coumarin, Limonene, Geraniol, Hexyl Cinnamal, Linalool, Alpha Isomethyl lonone<\/span><\/p>","protected":false},"excerpt":{"rendered":"<p>Traitement capillaire \u00e0 l&rsquo;huile d&rsquo;argan d&rsquo;Agadir, contient 100 % d&rsquo;huile d&rsquo;argan pure et certifi\u00e9e. Il r\u00e9pare, adoucit et renforce les<\/p>","protected":false},"featured_media":24234,"comment_status":"open","ping_status":"closed","template":"","meta":[],"pwb-brand":[782],"product_brand":[],"product_cat":[267,1022,1023],"product_tag":[],"class_list":{"0":"post-17186","1":"product","2":"type-product","3":"status-publish","4":"has-post-thumbnail","6":"pwb-brand-agadir","7":"product_cat-beaute-et-soins","8":"product_cat-coiffures-et-soins-des-cheveux","9":"product_cat-huile-pour-cheveux","11":"first","12":"instock","13":"shipping-taxable","14":"purchasable","15":"product-type-simple"},"yoast_head":"<!-- This site is optimized with the Yoast SEO plugin v27.4 - https:\/\/yoast.com\/product\/yoast-seo-wordpress\/ -->\n<title>Agadir - Traitement Capillaire Huile d&#039;Argan - 118 ml - NIRIGS<\/title>\n<meta name=\"robots\" content=\"index, follow, max-snippet:-1, max-image-preview:large, max-video-preview:-1\" \/>\n<link rel=\"canonical\" href=\"https:\/\/nirigs.com\/en\/product\/hair-treatment-argan-oil\/\" \/>\n<meta property=\"og:locale\" content=\"en_US\" \/>\n<meta property=\"og:type\" content=\"article\" \/>\n<meta property=\"og:title\" content=\"Agadir - Traitement Capillaire Huile d&#039;Argan - 118 ml - NIRIGS\" \/>\n<meta property=\"og:description\" content=\"Traitement capillaire \u00e0 l&rsquo;huile d&rsquo;argan d&rsquo;Agadir, contient 100 % d&rsquo;huile d&rsquo;argan pure et certifi\u00e9e. Il r\u00e9pare, adoucit et renforce les\" \/>\n<meta property=\"og:url\" content=\"https:\/\/nirigs.com\/en\/product\/hair-treatment-argan-oil\/\" \/>\n<meta property=\"og:site_name\" content=\"NIRIGS\" \/>\n<meta property=\"article:modified_time\" content=\"2025-08-15T22:32:17+00:00\" \/>\n<meta property=\"og:image\" content=\"https:\/\/nirigs.com\/wp-content\/uploads\/2024\/02\/Agadir-\u2013-Traitement-Capillaire-Huile-dArgan-\u2013-118-ml.jpg\" \/>\n\t<meta property=\"og:image:width\" content=\"1000\" \/>\n\t<meta property=\"og:image:height\" content=\"1000\" \/>\n\t<meta property=\"og:image:type\" content=\"image\/jpeg\" \/>\n<meta name=\"twitter:card\" content=\"summary_large_image\" \/>\n<meta name=\"twitter:label1\" content=\"Est. reading time\" \/>\n\t<meta name=\"twitter:data1\" content=\"2 minutes\" \/>\n<script type=\"application\/ld+json\" class=\"yoast-schema-graph\">{\"@context\":\"https:\\\/\\\/schema.org\",\"@graph\":[{\"@type\":\"WebPage\",\"@id\":\"https:\\\/\\\/nirigs.com\\\/product\\\/hair-treatment-argan-oil\\\/\",\"url\":\"https:\\\/\\\/nirigs.com\\\/product\\\/hair-treatment-argan-oil\\\/\",\"name\":\"Agadir - Traitement Capillaire Huile d'Argan - 118 ml - NIRIGS\",\"isPartOf\":{\"@id\":\"https:\\\/\\\/nirigs.com\\\/#website\"},\"primaryImageOfPage\":{\"@id\":\"https:\\\/\\\/nirigs.com\\\/product\\\/hair-treatment-argan-oil\\\/#primaryimage\"},\"image\":{\"@id\":\"https:\\\/\\\/nirigs.com\\\/product\\\/hair-treatment-argan-oil\\\/#primaryimage\"},\"thumbnailUrl\":\"https:\\\/\\\/nirigs.com\\\/wp-content\\\/uploads\\\/2024\\\/02\\\/Agadir-\u2013-Traitement-Capillaire-Huile-dArgan-\u2013-118-ml.jpg\",\"datePublished\":\"2024-02-06T06:41:05+00:00\",\"dateModified\":\"2025-08-15T22:32:17+00:00\",\"breadcrumb\":{\"@id\":\"https:\\\/\\\/nirigs.com\\\/product\\\/hair-treatment-argan-oil\\\/#breadcrumb\"},\"inLanguage\":\"en-US\",\"potentialAction\":[{\"@type\":\"ReadAction\",\"target\":[\"https:\\\/\\\/nirigs.com\\\/product\\\/hair-treatment-argan-oil\\\/\"]}]},{\"@type\":\"ImageObject\",\"inLanguage\":\"en-US\",\"@id\":\"https:\\\/\\\/nirigs.com\\\/product\\\/hair-treatment-argan-oil\\\/#primaryimage\",\"url\":\"https:\\\/\\\/nirigs.com\\\/wp-content\\\/uploads\\\/2024\\\/02\\\/Agadir-\u2013-Traitement-Capillaire-Huile-dArgan-\u2013-118-ml.jpg\",\"contentUrl\":\"https:\\\/\\\/nirigs.com\\\/wp-content\\\/uploads\\\/2024\\\/02\\\/Agadir-\u2013-Traitement-Capillaire-Huile-dArgan-\u2013-118-ml.jpg\",\"width\":1000,\"height\":1000},{\"@type\":\"BreadcrumbList\",\"@id\":\"https:\\\/\\\/nirigs.com\\\/product\\\/hair-treatment-argan-oil\\\/#breadcrumb\",\"itemListElement\":[{\"@type\":\"ListItem\",\"position\":1,\"name\":\"Home\",\"item\":\"https:\\\/\\\/nirigs.com\\\/\"},{\"@type\":\"ListItem\",\"position\":2,\"name\":\"Parcourir\",\"item\":\"https:\\\/\\\/nirigs.com\\\/boutique\\\/\"},{\"@type\":\"ListItem\",\"position\":3,\"name\":\"Agadir &#8211; Traitement Capillaire Huile d&rsquo;Argan &#8211; 118 ml\"}]},{\"@type\":\"WebSite\",\"@id\":\"https:\\\/\\\/nirigs.com\\\/#website\",\"url\":\"https:\\\/\\\/nirigs.com\\\/\",\"name\":\"Nirigs.com\",\"description\":\"Simplifiez vos achats du quotidien \u00e0 Djibouti\",\"publisher\":{\"@id\":\"https:\\\/\\\/nirigs.com\\\/#organization\"},\"potentialAction\":[{\"@type\":\"SearchAction\",\"target\":{\"@type\":\"EntryPoint\",\"urlTemplate\":\"https:\\\/\\\/nirigs.com\\\/?s={search_term_string}\"},\"query-input\":{\"@type\":\"PropertyValueSpecification\",\"valueRequired\":true,\"valueName\":\"search_term_string\"}}],\"inLanguage\":\"en-US\"},{\"@type\":\"Organization\",\"@id\":\"https:\\\/\\\/nirigs.com\\\/#organization\",\"name\":\"Nirigs\",\"url\":\"https:\\\/\\\/nirigs.com\\\/\",\"logo\":{\"@type\":\"ImageObject\",\"inLanguage\":\"en-US\",\"@id\":\"https:\\\/\\\/nirigs.com\\\/#\\\/schema\\\/logo\\\/image\\\/\",\"url\":\"https:\\\/\\\/nirigs.com\\\/wp-content\\\/uploads\\\/2025\\\/04\\\/Design-sans-titre-27.png\",\"contentUrl\":\"https:\\\/\\\/nirigs.com\\\/wp-content\\\/uploads\\\/2025\\\/04\\\/Design-sans-titre-27.png\",\"width\":500,\"height\":500,\"caption\":\"Nirigs\"},\"image\":{\"@id\":\"https:\\\/\\\/nirigs.com\\\/#\\\/schema\\\/logo\\\/image\\\/\"}}]}<\/script>\n<!-- \/ Yoast SEO plugin. -->","yoast_head_json":{"title":"Agadir - Traitement Capillaire Huile d'Argan - 118 ml - NIRIGS","robots":{"index":"index","follow":"follow","max-snippet":"max-snippet:-1","max-image-preview":"max-image-preview:large","max-video-preview":"max-video-preview:-1"},"canonical":"https:\/\/nirigs.com\/en\/product\/hair-treatment-argan-oil\/","og_locale":"en_US","og_type":"article","og_title":"Agadir - Traitement Capillaire Huile d'Argan - 118 ml - NIRIGS","og_description":"Traitement capillaire \u00e0 l&rsquo;huile d&rsquo;argan d&rsquo;Agadir, contient 100 % d&rsquo;huile d&rsquo;argan pure et certifi\u00e9e. Il r\u00e9pare, adoucit et renforce les","og_url":"https:\/\/nirigs.com\/en\/product\/hair-treatment-argan-oil\/","og_site_name":"NIRIGS","article_modified_time":"2025-08-15T22:32:17+00:00","og_image":[{"width":1000,"height":1000,"url":"https:\/\/nirigs.com\/wp-content\/uploads\/2024\/02\/Agadir-\u2013-Traitement-Capillaire-Huile-dArgan-\u2013-118-ml.jpg","type":"image\/jpeg"}],"twitter_card":"summary_large_image","twitter_misc":{"Est. reading time":"2 minutes"},"schema":{"@context":"https:\/\/schema.org","@graph":[{"@type":"WebPage","@id":"https:\/\/nirigs.com\/product\/hair-treatment-argan-oil\/","url":"https:\/\/nirigs.com\/product\/hair-treatment-argan-oil\/","name":"Agadir - Traitement Capillaire Huile d'Argan - 118 ml - NIRIGS","isPartOf":{"@id":"https:\/\/nirigs.com\/#website"},"primaryImageOfPage":{"@id":"https:\/\/nirigs.com\/product\/hair-treatment-argan-oil\/#primaryimage"},"image":{"@id":"https:\/\/nirigs.com\/product\/hair-treatment-argan-oil\/#primaryimage"},"thumbnailUrl":"https:\/\/nirigs.com\/wp-content\/uploads\/2024\/02\/Agadir-\u2013-Traitement-Capillaire-Huile-dArgan-\u2013-118-ml.jpg","datePublished":"2024-02-06T06:41:05+00:00","dateModified":"2025-08-15T22:32:17+00:00","breadcrumb":{"@id":"https:\/\/nirigs.com\/product\/hair-treatment-argan-oil\/#breadcrumb"},"inLanguage":"en-US","potentialAction":[{"@type":"ReadAction","target":["https:\/\/nirigs.com\/product\/hair-treatment-argan-oil\/"]}]},{"@type":"ImageObject","inLanguage":"en-US","@id":"https:\/\/nirigs.com\/product\/hair-treatment-argan-oil\/#primaryimage","url":"https:\/\/nirigs.com\/wp-content\/uploads\/2024\/02\/Agadir-\u2013-Traitement-Capillaire-Huile-dArgan-\u2013-118-ml.jpg","contentUrl":"https:\/\/nirigs.com\/wp-content\/uploads\/2024\/02\/Agadir-\u2013-Traitement-Capillaire-Huile-dArgan-\u2013-118-ml.jpg","width":1000,"height":1000},{"@type":"BreadcrumbList","@id":"https:\/\/nirigs.com\/product\/hair-treatment-argan-oil\/#breadcrumb","itemListElement":[{"@type":"ListItem","position":1,"name":"Home","item":"https:\/\/nirigs.com\/"},{"@type":"ListItem","position":2,"name":"Parcourir","item":"https:\/\/nirigs.com\/boutique\/"},{"@type":"ListItem","position":3,"name":"Agadir &#8211; Traitement Capillaire Huile d&rsquo;Argan &#8211; 118 ml"}]},{"@type":"WebSite","@id":"https:\/\/nirigs.com\/#website","url":"https:\/\/nirigs.com\/","name":"Nirigs.com","description":"Simplifiez vos achats du quotidien \u00e0 Djibouti","publisher":{"@id":"https:\/\/nirigs.com\/#organization"},"potentialAction":[{"@type":"SearchAction","target":{"@type":"EntryPoint","urlTemplate":"https:\/\/nirigs.com\/?s={search_term_string}"},"query-input":{"@type":"PropertyValueSpecification","valueRequired":true,"valueName":"search_term_string"}}],"inLanguage":"en-US"},{"@type":"Organization","@id":"https:\/\/nirigs.com\/#organization","name":"Nirigs","url":"https:\/\/nirigs.com\/","logo":{"@type":"ImageObject","inLanguage":"en-US","@id":"https:\/\/nirigs.com\/#\/schema\/logo\/image\/","url":"https:\/\/nirigs.com\/wp-content\/uploads\/2025\/04\/Design-sans-titre-27.png","contentUrl":"https:\/\/nirigs.com\/wp-content\/uploads\/2025\/04\/Design-sans-titre-27.png","width":500,"height":500,"caption":"Nirigs"},"image":{"@id":"https:\/\/nirigs.com\/#\/schema\/logo\/image\/"}}]}},"brands":[{"id":782,"name":"Agadir","slug":"agadir"}],"_links":{"self":[{"href":"https:\/\/nirigs.com\/en\/wp-json\/wp\/v2\/product\/17186","targetHints":{"allow":["GET"]}}],"collection":[{"href":"https:\/\/nirigs.com\/en\/wp-json\/wp\/v2\/product"}],"about":[{"href":"https:\/\/nirigs.com\/en\/wp-json\/wp\/v2\/types\/product"}],"replies":[{"embeddable":true,"href":"https:\/\/nirigs.com\/en\/wp-json\/wp\/v2\/comments?post=17186"}],"version-history":[{"count":9,"href":"https:\/\/nirigs.com\/en\/wp-json\/wp\/v2\/product\/17186\/revisions"}],"predecessor-version":[{"id":26901,"href":"https:\/\/nirigs.com\/en\/wp-json\/wp\/v2\/product\/17186\/revisions\/26901"}],"wp:featuredmedia":[{"embeddable":true,"href":"https:\/\/nirigs.com\/en\/wp-json\/wp\/v2\/media\/24234"}],"wp:attachment":[{"href":"https:\/\/nirigs.com\/en\/wp-json\/wp\/v2\/media?parent=17186"}],"wp:term":[{"taxonomy":"pwb-brand","embeddable":true,"href":"https:\/\/nirigs.com\/en\/wp-json\/wp\/v2\/pwb-brand?post=17186"},{"taxonomy":"product_brand","embeddable":true,"href":"https:\/\/nirigs.com\/en\/wp-json\/wp\/v2\/product_brand?post=17186"},{"taxonomy":"product_cat","embeddable":true,"href":"https:\/\/nirigs.com\/en\/wp-json\/wp\/v2\/product_cat?post=17186"},{"taxonomy":"product_tag","embeddable":true,"href":"https:\/\/nirigs.com\/en\/wp-json\/wp\/v2\/product_tag?post=17186"}],"curies":[{"name":"wp","href":"https:\/\/api.w.org\/{rel}","templated":true}]}}