{"id":17170,"date":"2024-02-05T17:35:44","date_gmt":"2024-02-05T14:35:44","guid":{"rendered":"https:\/\/nirigs.com\/product\/body-cream-prismatic-stars-226-g\/"},"modified":"2026-03-04T19:57:42","modified_gmt":"2026-03-04T16:57:42","slug":"bath-and-body-works-creme-prismatic-stars-226-g","status":"publish","type":"product","link":"https:\/\/nirigs.com\/en\/product\/bath-and-body-works-creme-prismatic-stars-226-g\/","title":{"rendered":"Bath and Body Works &#8211; Cr\u00e8me Prismatic Stars &#8211; 226 g"},"content":{"rendered":"<p>Regarder les \u00e9toiles douces et scintillantes lors d&rsquo;une nuit chaude avec des notes de poussi\u00e8re de framboise, prune mystique et cachemire cosmique. Laisse votre peau douce, lisse et r\u00e9g\u00e9n\u00e9r\u00e9e, tout comme votre cr\u00e8me pour le corps pr\u00e9f\u00e9r\u00e9e, mais avec de l&rsquo;acide hyaluronique.<br \/>\nPourquoi vous l&rsquo;aimerez :<\/p>\n<ul class=\"pdp_ov_ul\">\n<li>Infus\u00e9e avec ce qu&rsquo;il y a de mieux (vitamine E, alo\u00e8s, beurres de karit\u00e9 et de cacao et acide hyaluronique)<\/li>\n<li>24 heures d&rsquo;hydratation<\/li>\n<li>Texture riche et luxueuse<\/li>\n<li>Sans parab\u00e8nes ou colorants artificiels<\/li>\n<li>Test\u00e9e par des dermatologues<\/li>\n<li>Bouteille compos\u00e9e \u00e0 82 % de plastique recycl\u00e9<\/li>\n<\/ul>\n<h4>Use<\/h4>\n<ul>\n<li>Assurez-vous que votre peau est propre et l\u00e9g\u00e8rement humide pour une meilleure absorption.<\/li>\n<li>Versez une petite quantit\u00e9 de la lotion dans votre main. Ensuite, massez d\u00e9licatement la lotion sur votre peau en effectuant des mouvements circulaires jusqu&rsquo;\u00e0 absorption compl\u00e8te.<\/li>\n<li>Vous pouvez l&rsquo;appliquer sur tout le corps ou uniquement sur les zones s\u00e8ches qui n\u00e9cessitent plus d&rsquo;hydratation, comme les coudes, les genoux, et les pieds.<\/li>\n<li>Ce produit est con\u00e7u pour une utilisation quotidienne afin de maintenir une peau douce et hydrat\u00e9e tout au long de la journ\u00e9e.<\/li>\n<\/ul>\n<p>Il est aussi recommand\u00e9 d&rsquo;\u00e9viter tout contact avec les yeux.<\/p>\n<h4>Ingredient<\/h4>\n<p>Water (Aqua, Eau), Glycerin, Caprylic\/Capric Triglyceride, Isohexadecane, Fragrance (Parfum), Cetyl Alcohol, Glyceryl Stearate SE, C12-15 Alkyl Benzoate, Palmitic Acid, Stearic Acid, Theobroma Cacao (Cocoa) Seed Butter, Dimethicone, Butyrospermum Parkii (Shea) Butter, Phenoxyethanol, Polymethylsilsesquioxane, Acrylates\/C10-30 Alkyl Acrylate Crosspolymer, Aminomethyl Propanol, PEG-100 Stearate, Hydrogenated Rapeseed Oil, Tocopherol, Chlorphenesin, Disodium EDTA, Sodium Dehydroacetate, Ethylhexylglycerin, Polyacrylate-13, Sodium Hyaluronate, Aloe Barbadensis Leaf Juice, Limonene, Polyisobutene, Hexyl Cinnamal, Polysorbate 20, Geraniol, Citronellol, Alpha-Isomethyl Ionone.<\/p>","protected":false},"excerpt":{"rendered":"<p>Regarder les \u00e9toiles douces et scintillantes lors d&rsquo;une nuit chaude avec des notes de poussi\u00e8re de framboise, prune mystique et<\/p>","protected":false},"featured_media":24257,"comment_status":"open","ping_status":"closed","template":"","meta":[],"pwb-brand":[624],"product_brand":[],"product_cat":[1049,267,1085,1078],"product_tag":[],"class_list":{"0":"post-17170","1":"product","2":"type-product","3":"status-publish","4":"has-post-thumbnail","6":"pwb-brand-bath-body-works","7":"product_cat-bain-savons-et-soin-du-corps","8":"product_cat-beaute-et-soins","9":"product_cat-cremes-pour-le-corps-soins-pour-le-corps-et-gommages","10":"product_cat-soins-pour-le-corps-et-gommages","12":"first","13":"outofstock","14":"shipping-taxable","15":"purchasable","16":"product-type-simple"},"yoast_head":"<!-- This site is optimized with the Yoast SEO plugin v27.4 - https:\/\/yoast.com\/product\/yoast-seo-wordpress\/ -->\n<title>Bath and Body Works - Cr\u00e8me Prismatic Stars - 226 g - NIRIGS<\/title>\n<meta name=\"robots\" content=\"index, follow, max-snippet:-1, max-image-preview:large, max-video-preview:-1\" \/>\n<link rel=\"canonical\" href=\"https:\/\/nirigs.com\/en\/product\/bath-and-body-works-creme-prismatic-stars-226-g\/\" \/>\n<meta property=\"og:locale\" content=\"en_US\" \/>\n<meta property=\"og:type\" content=\"article\" \/>\n<meta property=\"og:title\" content=\"Bath and Body Works - Cr\u00e8me Prismatic Stars - 226 g - NIRIGS\" \/>\n<meta property=\"og:description\" content=\"Regarder les \u00e9toiles douces et scintillantes lors d&rsquo;une nuit chaude avec des notes de poussi\u00e8re de framboise, prune mystique et\" \/>\n<meta property=\"og:url\" content=\"https:\/\/nirigs.com\/en\/product\/bath-and-body-works-creme-prismatic-stars-226-g\/\" \/>\n<meta property=\"og:site_name\" content=\"NIRIGS\" \/>\n<meta property=\"article:modified_time\" content=\"2026-03-04T16:57:42+00:00\" \/>\n<meta property=\"og:image\" content=\"https:\/\/nirigs.com\/wp-content\/uploads\/2024\/02\/Bath-and-Body-Works-\u2013-Creme-pour-le-corps-Etoiles-prismatiques-\u2013-226-g.jpg\" \/>\n\t<meta property=\"og:image:width\" content=\"1000\" \/>\n\t<meta property=\"og:image:height\" content=\"1000\" \/>\n\t<meta property=\"og:image:type\" content=\"image\/jpeg\" \/>\n<meta name=\"twitter:card\" content=\"summary_large_image\" \/>\n<meta name=\"twitter:label1\" content=\"Est. reading time\" \/>\n\t<meta name=\"twitter:data1\" content=\"2 minutes\" \/>\n<script type=\"application\/ld+json\" class=\"yoast-schema-graph\">{\"@context\":\"https:\\\/\\\/schema.org\",\"@graph\":[{\"@type\":\"WebPage\",\"@id\":\"https:\\\/\\\/nirigs.com\\\/product\\\/bath-and-body-works-creme-prismatic-stars-226-g\\\/\",\"url\":\"https:\\\/\\\/nirigs.com\\\/product\\\/bath-and-body-works-creme-prismatic-stars-226-g\\\/\",\"name\":\"Bath and Body Works - Cr\u00e8me Prismatic Stars - 226 g - NIRIGS\",\"isPartOf\":{\"@id\":\"https:\\\/\\\/nirigs.com\\\/#website\"},\"primaryImageOfPage\":{\"@id\":\"https:\\\/\\\/nirigs.com\\\/product\\\/bath-and-body-works-creme-prismatic-stars-226-g\\\/#primaryimage\"},\"image\":{\"@id\":\"https:\\\/\\\/nirigs.com\\\/product\\\/bath-and-body-works-creme-prismatic-stars-226-g\\\/#primaryimage\"},\"thumbnailUrl\":\"https:\\\/\\\/nirigs.com\\\/wp-content\\\/uploads\\\/2024\\\/02\\\/Bath-and-Body-Works-\u2013-Creme-pour-le-corps-Etoiles-prismatiques-\u2013-226-g.jpg\",\"datePublished\":\"2024-02-05T14:35:44+00:00\",\"dateModified\":\"2026-03-04T16:57:42+00:00\",\"breadcrumb\":{\"@id\":\"https:\\\/\\\/nirigs.com\\\/product\\\/bath-and-body-works-creme-prismatic-stars-226-g\\\/#breadcrumb\"},\"inLanguage\":\"en-US\",\"potentialAction\":[{\"@type\":\"ReadAction\",\"target\":[\"https:\\\/\\\/nirigs.com\\\/product\\\/bath-and-body-works-creme-prismatic-stars-226-g\\\/\"]}]},{\"@type\":\"ImageObject\",\"inLanguage\":\"en-US\",\"@id\":\"https:\\\/\\\/nirigs.com\\\/product\\\/bath-and-body-works-creme-prismatic-stars-226-g\\\/#primaryimage\",\"url\":\"https:\\\/\\\/nirigs.com\\\/wp-content\\\/uploads\\\/2024\\\/02\\\/Bath-and-Body-Works-\u2013-Creme-pour-le-corps-Etoiles-prismatiques-\u2013-226-g.jpg\",\"contentUrl\":\"https:\\\/\\\/nirigs.com\\\/wp-content\\\/uploads\\\/2024\\\/02\\\/Bath-and-Body-Works-\u2013-Creme-pour-le-corps-Etoiles-prismatiques-\u2013-226-g.jpg\",\"width\":1000,\"height\":1000},{\"@type\":\"BreadcrumbList\",\"@id\":\"https:\\\/\\\/nirigs.com\\\/product\\\/bath-and-body-works-creme-prismatic-stars-226-g\\\/#breadcrumb\",\"itemListElement\":[{\"@type\":\"ListItem\",\"position\":1,\"name\":\"Home\",\"item\":\"https:\\\/\\\/nirigs.com\\\/\"},{\"@type\":\"ListItem\",\"position\":2,\"name\":\"Parcourir\",\"item\":\"https:\\\/\\\/nirigs.com\\\/boutique\\\/\"},{\"@type\":\"ListItem\",\"position\":3,\"name\":\"Bath and Body Works &#8211; Cr\u00e8me Prismatic Stars &#8211; 226 g\"}]},{\"@type\":\"WebSite\",\"@id\":\"https:\\\/\\\/nirigs.com\\\/#website\",\"url\":\"https:\\\/\\\/nirigs.com\\\/\",\"name\":\"Nirigs.com\",\"description\":\"Simplifiez vos achats du quotidien \u00e0 Djibouti\",\"publisher\":{\"@id\":\"https:\\\/\\\/nirigs.com\\\/#organization\"},\"potentialAction\":[{\"@type\":\"SearchAction\",\"target\":{\"@type\":\"EntryPoint\",\"urlTemplate\":\"https:\\\/\\\/nirigs.com\\\/?s={search_term_string}\"},\"query-input\":{\"@type\":\"PropertyValueSpecification\",\"valueRequired\":true,\"valueName\":\"search_term_string\"}}],\"inLanguage\":\"en-US\"},{\"@type\":\"Organization\",\"@id\":\"https:\\\/\\\/nirigs.com\\\/#organization\",\"name\":\"Nirigs\",\"url\":\"https:\\\/\\\/nirigs.com\\\/\",\"logo\":{\"@type\":\"ImageObject\",\"inLanguage\":\"en-US\",\"@id\":\"https:\\\/\\\/nirigs.com\\\/#\\\/schema\\\/logo\\\/image\\\/\",\"url\":\"https:\\\/\\\/nirigs.com\\\/wp-content\\\/uploads\\\/2025\\\/04\\\/Design-sans-titre-27.png\",\"contentUrl\":\"https:\\\/\\\/nirigs.com\\\/wp-content\\\/uploads\\\/2025\\\/04\\\/Design-sans-titre-27.png\",\"width\":500,\"height\":500,\"caption\":\"Nirigs\"},\"image\":{\"@id\":\"https:\\\/\\\/nirigs.com\\\/#\\\/schema\\\/logo\\\/image\\\/\"}}]}<\/script>\n<!-- \/ Yoast SEO plugin. -->","yoast_head_json":{"title":"Bath and Body Works - Cr\u00e8me Prismatic Stars - 226 g - NIRIGS","robots":{"index":"index","follow":"follow","max-snippet":"max-snippet:-1","max-image-preview":"max-image-preview:large","max-video-preview":"max-video-preview:-1"},"canonical":"https:\/\/nirigs.com\/en\/product\/bath-and-body-works-creme-prismatic-stars-226-g\/","og_locale":"en_US","og_type":"article","og_title":"Bath and Body Works - Cr\u00e8me Prismatic Stars - 226 g - NIRIGS","og_description":"Regarder les \u00e9toiles douces et scintillantes lors d&rsquo;une nuit chaude avec des notes de poussi\u00e8re de framboise, prune mystique et","og_url":"https:\/\/nirigs.com\/en\/product\/bath-and-body-works-creme-prismatic-stars-226-g\/","og_site_name":"NIRIGS","article_modified_time":"2026-03-04T16:57:42+00:00","og_image":[{"width":1000,"height":1000,"url":"https:\/\/nirigs.com\/wp-content\/uploads\/2024\/02\/Bath-and-Body-Works-\u2013-Creme-pour-le-corps-Etoiles-prismatiques-\u2013-226-g.jpg","type":"image\/jpeg"}],"twitter_card":"summary_large_image","twitter_misc":{"Est. reading time":"2 minutes"},"schema":{"@context":"https:\/\/schema.org","@graph":[{"@type":"WebPage","@id":"https:\/\/nirigs.com\/product\/bath-and-body-works-creme-prismatic-stars-226-g\/","url":"https:\/\/nirigs.com\/product\/bath-and-body-works-creme-prismatic-stars-226-g\/","name":"Bath and Body Works - Cr\u00e8me Prismatic Stars - 226 g - NIRIGS","isPartOf":{"@id":"https:\/\/nirigs.com\/#website"},"primaryImageOfPage":{"@id":"https:\/\/nirigs.com\/product\/bath-and-body-works-creme-prismatic-stars-226-g\/#primaryimage"},"image":{"@id":"https:\/\/nirigs.com\/product\/bath-and-body-works-creme-prismatic-stars-226-g\/#primaryimage"},"thumbnailUrl":"https:\/\/nirigs.com\/wp-content\/uploads\/2024\/02\/Bath-and-Body-Works-\u2013-Creme-pour-le-corps-Etoiles-prismatiques-\u2013-226-g.jpg","datePublished":"2024-02-05T14:35:44+00:00","dateModified":"2026-03-04T16:57:42+00:00","breadcrumb":{"@id":"https:\/\/nirigs.com\/product\/bath-and-body-works-creme-prismatic-stars-226-g\/#breadcrumb"},"inLanguage":"en-US","potentialAction":[{"@type":"ReadAction","target":["https:\/\/nirigs.com\/product\/bath-and-body-works-creme-prismatic-stars-226-g\/"]}]},{"@type":"ImageObject","inLanguage":"en-US","@id":"https:\/\/nirigs.com\/product\/bath-and-body-works-creme-prismatic-stars-226-g\/#primaryimage","url":"https:\/\/nirigs.com\/wp-content\/uploads\/2024\/02\/Bath-and-Body-Works-\u2013-Creme-pour-le-corps-Etoiles-prismatiques-\u2013-226-g.jpg","contentUrl":"https:\/\/nirigs.com\/wp-content\/uploads\/2024\/02\/Bath-and-Body-Works-\u2013-Creme-pour-le-corps-Etoiles-prismatiques-\u2013-226-g.jpg","width":1000,"height":1000},{"@type":"BreadcrumbList","@id":"https:\/\/nirigs.com\/product\/bath-and-body-works-creme-prismatic-stars-226-g\/#breadcrumb","itemListElement":[{"@type":"ListItem","position":1,"name":"Home","item":"https:\/\/nirigs.com\/"},{"@type":"ListItem","position":2,"name":"Parcourir","item":"https:\/\/nirigs.com\/boutique\/"},{"@type":"ListItem","position":3,"name":"Bath and Body Works &#8211; Cr\u00e8me Prismatic Stars &#8211; 226 g"}]},{"@type":"WebSite","@id":"https:\/\/nirigs.com\/#website","url":"https:\/\/nirigs.com\/","name":"Nirigs.com","description":"Simplifiez vos achats du quotidien \u00e0 Djibouti","publisher":{"@id":"https:\/\/nirigs.com\/#organization"},"potentialAction":[{"@type":"SearchAction","target":{"@type":"EntryPoint","urlTemplate":"https:\/\/nirigs.com\/?s={search_term_string}"},"query-input":{"@type":"PropertyValueSpecification","valueRequired":true,"valueName":"search_term_string"}}],"inLanguage":"en-US"},{"@type":"Organization","@id":"https:\/\/nirigs.com\/#organization","name":"Nirigs","url":"https:\/\/nirigs.com\/","logo":{"@type":"ImageObject","inLanguage":"en-US","@id":"https:\/\/nirigs.com\/#\/schema\/logo\/image\/","url":"https:\/\/nirigs.com\/wp-content\/uploads\/2025\/04\/Design-sans-titre-27.png","contentUrl":"https:\/\/nirigs.com\/wp-content\/uploads\/2025\/04\/Design-sans-titre-27.png","width":500,"height":500,"caption":"Nirigs"},"image":{"@id":"https:\/\/nirigs.com\/#\/schema\/logo\/image\/"}}]}},"brands":[{"id":624,"name":"Bath &amp; Body Works","slug":"bath-body-works"}],"_links":{"self":[{"href":"https:\/\/nirigs.com\/en\/wp-json\/wp\/v2\/product\/17170","targetHints":{"allow":["GET"]}}],"collection":[{"href":"https:\/\/nirigs.com\/en\/wp-json\/wp\/v2\/product"}],"about":[{"href":"https:\/\/nirigs.com\/en\/wp-json\/wp\/v2\/types\/product"}],"replies":[{"embeddable":true,"href":"https:\/\/nirigs.com\/en\/wp-json\/wp\/v2\/comments?post=17170"}],"version-history":[{"count":10,"href":"https:\/\/nirigs.com\/en\/wp-json\/wp\/v2\/product\/17170\/revisions"}],"predecessor-version":[{"id":27632,"href":"https:\/\/nirigs.com\/en\/wp-json\/wp\/v2\/product\/17170\/revisions\/27632"}],"wp:featuredmedia":[{"embeddable":true,"href":"https:\/\/nirigs.com\/en\/wp-json\/wp\/v2\/media\/24257"}],"wp:attachment":[{"href":"https:\/\/nirigs.com\/en\/wp-json\/wp\/v2\/media?parent=17170"}],"wp:term":[{"taxonomy":"pwb-brand","embeddable":true,"href":"https:\/\/nirigs.com\/en\/wp-json\/wp\/v2\/pwb-brand?post=17170"},{"taxonomy":"product_brand","embeddable":true,"href":"https:\/\/nirigs.com\/en\/wp-json\/wp\/v2\/product_brand?post=17170"},{"taxonomy":"product_cat","embeddable":true,"href":"https:\/\/nirigs.com\/en\/wp-json\/wp\/v2\/product_cat?post=17170"},{"taxonomy":"product_tag","embeddable":true,"href":"https:\/\/nirigs.com\/en\/wp-json\/wp\/v2\/product_tag?post=17170"}],"curies":[{"name":"wp","href":"https:\/\/api.w.org\/{rel}","templated":true}]}}