{"id":17166,"date":"2024-02-05T17:30:18","date_gmt":"2024-02-05T14:30:18","guid":{"rendered":"https:\/\/nirigs.com\/product\/fragrance-fiji-sunshine-236-ml\/"},"modified":"2025-03-16T09:52:20","modified_gmt":"2025-03-16T06:52:20","slug":"fragrance-fiji-sunshine-236-ml","status":"publish","type":"product","link":"https:\/\/nirigs.com\/en\/product\/fragrance-fiji-sunshine-236-ml\/","title":{"rendered":"Bath and Body Works - Fiji Sunshine Fragrance - 236 ml"},"content":{"rendered":"<p>Fiji Sunshine by Bath &amp; Body Works 236ml Fine Fragrance pour femmes.<\/p>\n<p>Savourer un cocktail sucr\u00e9 et fruit\u00e9 au paradis avec un flacon soigneusement con\u00e7u et notre pompe sophistiqu\u00e9e offrent une grande couverture et des notes de goyave , d&rsquo;orange fra\u00eeche et de jasmin du bord de mer.<\/p>\n<h4>Ingredients<\/h4>\n<p>Eau (Aqua, Eau), Cyclopentasiloxane, Alcool c\u00e9tylique, Fragrance (Parfum), Huile min\u00e9rale (Paraffinum Liquidum, Huile min\u00e9rale), Glyc\u00e9rine, Dim\u00e9thicone, Vaseline, Ceteareth-20, Alcool st\u00e9arylique, Dim\u00e9thiconol, Acide st\u00e9arique, Acide palmitique, Methylparaben, Citrus Aurantium Dulcis (Orange) Peel Oil, Diazolidinyl Urea, Carbomer, Butyrospermum Parkii (Shea) Buter, Sodium Hydroxide, Cocos Nucifera (Coconut) Oil, Disodium EDTA, Propylparaben, Butylparaben, Citrus Limon (Citron) Peel Oil, Panth\u00e9nol, Tocopheryl Acetate , jus de feuille d&rsquo;Aloe Barbadensis, huile d&rsquo;\u00e9corce de Citrus Reticulata (mandarine).<\/p>","protected":false},"excerpt":{"rendered":"<p>Fiji Sunshine by Bath &amp; Body Works 236ml Fine Fragrance pour femmes. Savourer un cocktail sucr\u00e9 et fruit\u00e9 au paradis<\/p>","protected":false},"featured_media":24270,"comment_status":"open","ping_status":"closed","template":"","meta":[],"pwb-brand":[624],"product_brand":[],"product_cat":[267,304],"product_tag":[],"class_list":{"0":"post-17166","1":"product","2":"type-product","3":"status-publish","4":"has-post-thumbnail","6":"pwb-brand-bath-body-works","7":"product_cat-beaute-et-soins","8":"product_cat-parfums","10":"first","11":"instock","12":"shipping-taxable","13":"purchasable","14":"product-type-simple"},"yoast_head":"<!-- This site is optimized with the Yoast SEO plugin v27.1.1 - https:\/\/yoast.com\/product\/yoast-seo-wordpress\/ -->\n<title>Bath and Body Works - Parfum Fidji Sunshine - 236 ml - NIRIGS<\/title>\n<meta name=\"robots\" content=\"index, follow, max-snippet:-1, max-image-preview:large, max-video-preview:-1\" \/>\n<link rel=\"canonical\" href=\"https:\/\/nirigs.com\/en\/product\/fragrance-fiji-sunshine-236-ml\/\" \/>\n<meta property=\"og:locale\" content=\"en_US\" \/>\n<meta property=\"og:type\" content=\"article\" \/>\n<meta property=\"og:title\" content=\"Bath and Body Works - Parfum Fidji Sunshine - 236 ml - NIRIGS\" \/>\n<meta property=\"og:description\" content=\"Fiji Sunshine by Bath &amp; Body Works 236ml Fine Fragrance pour femmes. Savourer un cocktail sucr\u00e9 et fruit\u00e9 au paradis\" \/>\n<meta property=\"og:url\" content=\"https:\/\/nirigs.com\/en\/product\/fragrance-fiji-sunshine-236-ml\/\" \/>\n<meta property=\"og:site_name\" content=\"NIRIGS\" \/>\n<meta property=\"article:modified_time\" content=\"2025-03-16T06:52:20+00:00\" \/>\n<meta property=\"og:image\" content=\"https:\/\/nirigs.com\/wp-content\/uploads\/2024\/02\/Bath-and-Body-Works-\u2013-Parfum-Fidji-Sunshine-\u2013-236-ml.jpg\" \/>\n\t<meta property=\"og:image:width\" content=\"1000\" \/>\n\t<meta property=\"og:image:height\" content=\"1000\" \/>\n\t<meta property=\"og:image:type\" content=\"image\/jpeg\" \/>\n<meta name=\"twitter:card\" content=\"summary_large_image\" \/>\n<meta name=\"twitter:label1\" content=\"Est. reading time\" \/>\n\t<meta name=\"twitter:data1\" content=\"1 minute\" \/>\n<script type=\"application\/ld+json\" class=\"yoast-schema-graph\">{\"@context\":\"https:\/\/schema.org\",\"@graph\":[{\"@type\":\"WebPage\",\"@id\":\"https:\/\/nirigs.com\/product\/fragrance-fiji-sunshine-236-ml\/\",\"url\":\"https:\/\/nirigs.com\/product\/fragrance-fiji-sunshine-236-ml\/\",\"name\":\"Bath and Body Works - Parfum Fidji Sunshine - 236 ml - NIRIGS\",\"isPartOf\":{\"@id\":\"https:\/\/nirigs.com\/#website\"},\"primaryImageOfPage\":{\"@id\":\"https:\/\/nirigs.com\/product\/fragrance-fiji-sunshine-236-ml\/#primaryimage\"},\"image\":{\"@id\":\"https:\/\/nirigs.com\/product\/fragrance-fiji-sunshine-236-ml\/#primaryimage\"},\"thumbnailUrl\":\"https:\/\/nirigs.com\/wp-content\/uploads\/2024\/02\/Bath-and-Body-Works-\u2013-Parfum-Fidji-Sunshine-\u2013-236-ml.jpg\",\"datePublished\":\"2024-02-05T14:30:18+00:00\",\"dateModified\":\"2025-03-16T06:52:20+00:00\",\"breadcrumb\":{\"@id\":\"https:\/\/nirigs.com\/product\/fragrance-fiji-sunshine-236-ml\/#breadcrumb\"},\"inLanguage\":\"en-US\",\"potentialAction\":[{\"@type\":\"ReadAction\",\"target\":[\"https:\/\/nirigs.com\/product\/fragrance-fiji-sunshine-236-ml\/\"]}]},{\"@type\":\"ImageObject\",\"inLanguage\":\"en-US\",\"@id\":\"https:\/\/nirigs.com\/product\/fragrance-fiji-sunshine-236-ml\/#primaryimage\",\"url\":\"https:\/\/nirigs.com\/wp-content\/uploads\/2024\/02\/Bath-and-Body-Works-\u2013-Parfum-Fidji-Sunshine-\u2013-236-ml.jpg\",\"contentUrl\":\"https:\/\/nirigs.com\/wp-content\/uploads\/2024\/02\/Bath-and-Body-Works-\u2013-Parfum-Fidji-Sunshine-\u2013-236-ml.jpg\",\"width\":1000,\"height\":1000},{\"@type\":\"BreadcrumbList\",\"@id\":\"https:\/\/nirigs.com\/product\/fragrance-fiji-sunshine-236-ml\/#breadcrumb\",\"itemListElement\":[{\"@type\":\"ListItem\",\"position\":1,\"name\":\"Home\",\"item\":\"https:\/\/nirigs.com\/\"},{\"@type\":\"ListItem\",\"position\":2,\"name\":\"Parcourir\",\"item\":\"https:\/\/nirigs.com\/boutique\/\"},{\"@type\":\"ListItem\",\"position\":3,\"name\":\"Bath and Body Works &#8211; Parfum Fidji Sunshine &#8211; 236 ml\"}]},{\"@type\":\"WebSite\",\"@id\":\"https:\/\/nirigs.com\/#website\",\"url\":\"https:\/\/nirigs.com\/\",\"name\":\"Nirigs.com\",\"description\":\"Simplifiez vos achats du quotidien \u00e0 Djibouti\",\"publisher\":{\"@id\":\"https:\/\/nirigs.com\/#organization\"},\"potentialAction\":[{\"@type\":\"SearchAction\",\"target\":{\"@type\":\"EntryPoint\",\"urlTemplate\":\"https:\/\/nirigs.com\/?s={search_term_string}\"},\"query-input\":{\"@type\":\"PropertyValueSpecification\",\"valueRequired\":true,\"valueName\":\"search_term_string\"}}],\"inLanguage\":\"en-US\"},{\"@type\":\"Organization\",\"@id\":\"https:\/\/nirigs.com\/#organization\",\"name\":\"Nirigs\",\"url\":\"https:\/\/nirigs.com\/\",\"logo\":{\"@type\":\"ImageObject\",\"inLanguage\":\"en-US\",\"@id\":\"https:\/\/nirigs.com\/#\/schema\/logo\/image\/\",\"url\":\"https:\/\/nirigs.com\/wp-content\/uploads\/2025\/04\/Design-sans-titre-27.png\",\"contentUrl\":\"https:\/\/nirigs.com\/wp-content\/uploads\/2025\/04\/Design-sans-titre-27.png\",\"width\":500,\"height\":500,\"caption\":\"Nirigs\"},\"image\":{\"@id\":\"https:\/\/nirigs.com\/#\/schema\/logo\/image\/\"}}]}<\/script>\n<!-- \/ Yoast SEO plugin. -->","yoast_head_json":{"title":"Bath and Body Works - Parfum Fidji Sunshine - 236 ml - NIRIGS","robots":{"index":"index","follow":"follow","max-snippet":"max-snippet:-1","max-image-preview":"max-image-preview:large","max-video-preview":"max-video-preview:-1"},"canonical":"https:\/\/nirigs.com\/en\/product\/fragrance-fiji-sunshine-236-ml\/","og_locale":"en_US","og_type":"article","og_title":"Bath and Body Works - Parfum Fidji Sunshine - 236 ml - NIRIGS","og_description":"Fiji Sunshine by Bath &amp; Body Works 236ml Fine Fragrance pour femmes. Savourer un cocktail sucr\u00e9 et fruit\u00e9 au paradis","og_url":"https:\/\/nirigs.com\/en\/product\/fragrance-fiji-sunshine-236-ml\/","og_site_name":"NIRIGS","article_modified_time":"2025-03-16T06:52:20+00:00","og_image":[{"width":1000,"height":1000,"url":"https:\/\/nirigs.com\/wp-content\/uploads\/2024\/02\/Bath-and-Body-Works-\u2013-Parfum-Fidji-Sunshine-\u2013-236-ml.jpg","type":"image\/jpeg"}],"twitter_card":"summary_large_image","twitter_misc":{"Est. reading time":"1 minute"},"schema":{"@context":"https:\/\/schema.org","@graph":[{"@type":"WebPage","@id":"https:\/\/nirigs.com\/product\/fragrance-fiji-sunshine-236-ml\/","url":"https:\/\/nirigs.com\/product\/fragrance-fiji-sunshine-236-ml\/","name":"Bath and Body Works - Parfum Fidji Sunshine - 236 ml - NIRIGS","isPartOf":{"@id":"https:\/\/nirigs.com\/#website"},"primaryImageOfPage":{"@id":"https:\/\/nirigs.com\/product\/fragrance-fiji-sunshine-236-ml\/#primaryimage"},"image":{"@id":"https:\/\/nirigs.com\/product\/fragrance-fiji-sunshine-236-ml\/#primaryimage"},"thumbnailUrl":"https:\/\/nirigs.com\/wp-content\/uploads\/2024\/02\/Bath-and-Body-Works-\u2013-Parfum-Fidji-Sunshine-\u2013-236-ml.jpg","datePublished":"2024-02-05T14:30:18+00:00","dateModified":"2025-03-16T06:52:20+00:00","breadcrumb":{"@id":"https:\/\/nirigs.com\/product\/fragrance-fiji-sunshine-236-ml\/#breadcrumb"},"inLanguage":"en-US","potentialAction":[{"@type":"ReadAction","target":["https:\/\/nirigs.com\/product\/fragrance-fiji-sunshine-236-ml\/"]}]},{"@type":"ImageObject","inLanguage":"en-US","@id":"https:\/\/nirigs.com\/product\/fragrance-fiji-sunshine-236-ml\/#primaryimage","url":"https:\/\/nirigs.com\/wp-content\/uploads\/2024\/02\/Bath-and-Body-Works-\u2013-Parfum-Fidji-Sunshine-\u2013-236-ml.jpg","contentUrl":"https:\/\/nirigs.com\/wp-content\/uploads\/2024\/02\/Bath-and-Body-Works-\u2013-Parfum-Fidji-Sunshine-\u2013-236-ml.jpg","width":1000,"height":1000},{"@type":"BreadcrumbList","@id":"https:\/\/nirigs.com\/product\/fragrance-fiji-sunshine-236-ml\/#breadcrumb","itemListElement":[{"@type":"ListItem","position":1,"name":"Home","item":"https:\/\/nirigs.com\/"},{"@type":"ListItem","position":2,"name":"Parcourir","item":"https:\/\/nirigs.com\/boutique\/"},{"@type":"ListItem","position":3,"name":"Bath and Body Works &#8211; Parfum Fidji Sunshine &#8211; 236 ml"}]},{"@type":"WebSite","@id":"https:\/\/nirigs.com\/#website","url":"https:\/\/nirigs.com\/","name":"Nirigs.com","description":"Simplifiez vos achats du quotidien \u00e0 Djibouti","publisher":{"@id":"https:\/\/nirigs.com\/#organization"},"potentialAction":[{"@type":"SearchAction","target":{"@type":"EntryPoint","urlTemplate":"https:\/\/nirigs.com\/?s={search_term_string}"},"query-input":{"@type":"PropertyValueSpecification","valueRequired":true,"valueName":"search_term_string"}}],"inLanguage":"en-US"},{"@type":"Organization","@id":"https:\/\/nirigs.com\/#organization","name":"Nirigs","url":"https:\/\/nirigs.com\/","logo":{"@type":"ImageObject","inLanguage":"en-US","@id":"https:\/\/nirigs.com\/#\/schema\/logo\/image\/","url":"https:\/\/nirigs.com\/wp-content\/uploads\/2025\/04\/Design-sans-titre-27.png","contentUrl":"https:\/\/nirigs.com\/wp-content\/uploads\/2025\/04\/Design-sans-titre-27.png","width":500,"height":500,"caption":"Nirigs"},"image":{"@id":"https:\/\/nirigs.com\/#\/schema\/logo\/image\/"}}]}},"brands":[{"id":624,"name":"Bath &amp; Body Works","slug":"bath-body-works"}],"_links":{"self":[{"href":"https:\/\/nirigs.com\/en\/wp-json\/wp\/v2\/product\/17166","targetHints":{"allow":["GET"]}}],"collection":[{"href":"https:\/\/nirigs.com\/en\/wp-json\/wp\/v2\/product"}],"about":[{"href":"https:\/\/nirigs.com\/en\/wp-json\/wp\/v2\/types\/product"}],"replies":[{"embeddable":true,"href":"https:\/\/nirigs.com\/en\/wp-json\/wp\/v2\/comments?post=17166"}],"version-history":[{"count":8,"href":"https:\/\/nirigs.com\/en\/wp-json\/wp\/v2\/product\/17166\/revisions"}],"predecessor-version":[{"id":25006,"href":"https:\/\/nirigs.com\/en\/wp-json\/wp\/v2\/product\/17166\/revisions\/25006"}],"wp:featuredmedia":[{"embeddable":true,"href":"https:\/\/nirigs.com\/en\/wp-json\/wp\/v2\/media\/24270"}],"wp:attachment":[{"href":"https:\/\/nirigs.com\/en\/wp-json\/wp\/v2\/media?parent=17166"}],"wp:term":[{"taxonomy":"pwb-brand","embeddable":true,"href":"https:\/\/nirigs.com\/en\/wp-json\/wp\/v2\/pwb-brand?post=17166"},{"taxonomy":"product_brand","embeddable":true,"href":"https:\/\/nirigs.com\/en\/wp-json\/wp\/v2\/product_brand?post=17166"},{"taxonomy":"product_cat","embeddable":true,"href":"https:\/\/nirigs.com\/en\/wp-json\/wp\/v2\/product_cat?post=17166"},{"taxonomy":"product_tag","embeddable":true,"href":"https:\/\/nirigs.com\/en\/wp-json\/wp\/v2\/product_tag?post=17166"}],"curies":[{"name":"wp","href":"https:\/\/api.w.org\/{rel}","templated":true}]}}