{"id":17164,"date":"2024-02-05T17:26:52","date_gmt":"2024-02-05T14:26:52","guid":{"rendered":"https:\/\/nirigs.com\/product\/body-lotion-fiji-sunshine-236-ml\/"},"modified":"2026-03-04T20:00:56","modified_gmt":"2026-03-04T17:00:56","slug":"bath-body-works-lotion-pour-le-corps-fiji-sunshine-236-ml","status":"publish","type":"product","link":"https:\/\/nirigs.com\/en\/product\/bath-body-works-lotion-pour-le-corps-fiji-sunshine-236-ml\/","title":{"rendered":"Bath &#038; Body Works &#8211; Lotion pour le corps Fiji Sunshine &#8211; 236 ml"},"content":{"rendered":"<p>Cette lotion avec ces notes de goyave baign\u00e9e de soleil, d&rsquo;orange fra\u00eeche et de jasmin de bord de mer qui \u00e9voque le plaisir de siroter un cocktail paradisiaque, sucr\u00e9 et fruit\u00e9. Elle 24 heures d&rsquo;hydratation nourrissante et laisse la peau visiblement plus douce apr\u00e8s une seule utilisation.<\/p>\n<ul>\n<li>Infus\u00e9 de bonnes choses (vitamine E, beurre de karit\u00e9 et coco, aloe vera et de l&rsquo;acide hyaluronique)<\/li>\n<li>Texture l\u00e9g\u00e8re qui s&rsquo;absorbe rapidement<\/li>\n<li>Sans parab\u00e8nes ni colorants artificiels<\/li>\n<li>Test\u00e9 par des dermatologues<\/li>\n<li>Bouteille fabriqu\u00e9e avec 50 % de plastique recycl\u00e9.<\/li>\n<\/ul>\n<h4>Use<\/h4>\n<ul>\n<li>Assurez-vous que votre peau est propre et l\u00e9g\u00e8rement humide pour une meilleure absorption.<\/li>\n<li>Versez une petite quantit\u00e9 de la lotion dans votre main. Ensuite, massez d\u00e9licatement la lotion sur votre peau en effectuant des mouvements circulaires jusqu&rsquo;\u00e0 absorption compl\u00e8te.<\/li>\n<li>Vous pouvez l&rsquo;appliquer sur tout le corps ou uniquement sur les zones s\u00e8ches qui n\u00e9cessitent plus d&rsquo;hydratation, comme les coudes, les genoux, et les pieds.<\/li>\n<li>Ce produit est con\u00e7u pour une utilisation quotidienne afin de maintenir une peau douce et hydrat\u00e9e tout au long de la journ\u00e9e.<\/li>\n<\/ul>\n<p>Il est aussi recommand\u00e9 d&rsquo;\u00e9viter tout contact avec les yeux.<\/p>\n<h4>Ingredient<\/h4>\n<p>Water (Aqua, Eau), Dimethicone, Glycerin, Cetyl Alcohol, Fragrance (Parfum), C12-15 Alkyl Benzoate, Butyrospermum Parkii (Shea) Butter, Cocos Nucifera (Coconut) Oil, Ceteareth-20, Cetearyl Alcohol, Phenoxyethanol, Isododecane, Palmitic Acid, Glyceryl Stearate SE, Stearic Acid, Limonene, Chlorphenesin, Dimethiconol, Dimethicone Crosspolymer, Carbomer, Disodium EDTA, Sodium Hydroxide, Tocopheryl Acetate, Ethylhexylglycerin, Linalool, Benzyl Salicylate, Hydroxycitronellal, Coumarin, Benzyl Alcohol, Hexyl Cinnamal, Citral.<\/p>","protected":false},"excerpt":{"rendered":"<p>Cette lotion avec ces notes de goyave baign\u00e9e de soleil, d&rsquo;orange fra\u00eeche et de jasmin de bord de mer qui<\/p>","protected":false},"featured_media":24273,"comment_status":"open","ping_status":"closed","template":"","meta":[],"pwb-brand":[624],"product_brand":[],"product_cat":[1049,267,1084,1078],"product_tag":[],"class_list":{"0":"post-17164","1":"product","2":"type-product","3":"status-publish","4":"has-post-thumbnail","6":"pwb-brand-bath-body-works","7":"product_cat-bain-savons-et-soin-du-corps","8":"product_cat-beaute-et-soins","9":"product_cat-lait-et-lotions-pour-le-corps-soins-pour-le-corps-et-gommages","10":"product_cat-soins-pour-le-corps-et-gommages","12":"first","13":"outofstock","14":"shipping-taxable","15":"purchasable","16":"product-type-simple"},"yoast_head":"<!-- This site is optimized with the Yoast SEO plugin v27.4 - https:\/\/yoast.com\/product\/yoast-seo-wordpress\/ -->\n<title>Bath &amp; Body Works - Lotion pour le corps Fiji Sunshine - 236 ml - NIRIGS<\/title>\n<meta name=\"robots\" content=\"index, follow, max-snippet:-1, max-image-preview:large, max-video-preview:-1\" \/>\n<link rel=\"canonical\" href=\"https:\/\/nirigs.com\/en\/product\/bath-body-works-lotion-pour-le-corps-fiji-sunshine-236-ml\/\" \/>\n<meta property=\"og:locale\" content=\"en_US\" \/>\n<meta property=\"og:type\" content=\"article\" \/>\n<meta property=\"og:title\" content=\"Bath &amp; Body Works - Lotion pour le corps Fiji Sunshine - 236 ml - NIRIGS\" \/>\n<meta property=\"og:description\" content=\"Cette lotion avec ces notes de goyave baign\u00e9e de soleil, d&rsquo;orange fra\u00eeche et de jasmin de bord de mer qui\" \/>\n<meta property=\"og:url\" content=\"https:\/\/nirigs.com\/en\/product\/bath-body-works-lotion-pour-le-corps-fiji-sunshine-236-ml\/\" \/>\n<meta property=\"og:site_name\" content=\"NIRIGS\" \/>\n<meta property=\"article:modified_time\" content=\"2026-03-04T17:00:56+00:00\" \/>\n<meta property=\"og:image\" content=\"https:\/\/nirigs.com\/wp-content\/uploads\/2024\/02\/Bath-Body-Works-\u2013-Lotion-pour-le-corps-Fiji-Sunshine-\u2013-236-ml.jpg\" \/>\n\t<meta property=\"og:image:width\" content=\"1000\" \/>\n\t<meta property=\"og:image:height\" content=\"1000\" \/>\n\t<meta property=\"og:image:type\" content=\"image\/jpeg\" \/>\n<meta name=\"twitter:card\" content=\"summary_large_image\" \/>\n<meta name=\"twitter:label1\" content=\"Est. reading time\" \/>\n\t<meta name=\"twitter:data1\" content=\"2 minutes\" \/>\n<script type=\"application\/ld+json\" class=\"yoast-schema-graph\">{\"@context\":\"https:\\\/\\\/schema.org\",\"@graph\":[{\"@type\":\"WebPage\",\"@id\":\"https:\\\/\\\/nirigs.com\\\/product\\\/bath-body-works-lotion-pour-le-corps-fiji-sunshine-236-ml\\\/\",\"url\":\"https:\\\/\\\/nirigs.com\\\/product\\\/bath-body-works-lotion-pour-le-corps-fiji-sunshine-236-ml\\\/\",\"name\":\"Bath & Body Works - Lotion pour le corps Fiji Sunshine - 236 ml - NIRIGS\",\"isPartOf\":{\"@id\":\"https:\\\/\\\/nirigs.com\\\/#website\"},\"primaryImageOfPage\":{\"@id\":\"https:\\\/\\\/nirigs.com\\\/product\\\/bath-body-works-lotion-pour-le-corps-fiji-sunshine-236-ml\\\/#primaryimage\"},\"image\":{\"@id\":\"https:\\\/\\\/nirigs.com\\\/product\\\/bath-body-works-lotion-pour-le-corps-fiji-sunshine-236-ml\\\/#primaryimage\"},\"thumbnailUrl\":\"https:\\\/\\\/nirigs.com\\\/wp-content\\\/uploads\\\/2024\\\/02\\\/Bath-Body-Works-\u2013-Lotion-pour-le-corps-Fiji-Sunshine-\u2013-236-ml.jpg\",\"datePublished\":\"2024-02-05T14:26:52+00:00\",\"dateModified\":\"2026-03-04T17:00:56+00:00\",\"breadcrumb\":{\"@id\":\"https:\\\/\\\/nirigs.com\\\/product\\\/bath-body-works-lotion-pour-le-corps-fiji-sunshine-236-ml\\\/#breadcrumb\"},\"inLanguage\":\"en-US\",\"potentialAction\":[{\"@type\":\"ReadAction\",\"target\":[\"https:\\\/\\\/nirigs.com\\\/product\\\/bath-body-works-lotion-pour-le-corps-fiji-sunshine-236-ml\\\/\"]}]},{\"@type\":\"ImageObject\",\"inLanguage\":\"en-US\",\"@id\":\"https:\\\/\\\/nirigs.com\\\/product\\\/bath-body-works-lotion-pour-le-corps-fiji-sunshine-236-ml\\\/#primaryimage\",\"url\":\"https:\\\/\\\/nirigs.com\\\/wp-content\\\/uploads\\\/2024\\\/02\\\/Bath-Body-Works-\u2013-Lotion-pour-le-corps-Fiji-Sunshine-\u2013-236-ml.jpg\",\"contentUrl\":\"https:\\\/\\\/nirigs.com\\\/wp-content\\\/uploads\\\/2024\\\/02\\\/Bath-Body-Works-\u2013-Lotion-pour-le-corps-Fiji-Sunshine-\u2013-236-ml.jpg\",\"width\":1000,\"height\":1000},{\"@type\":\"BreadcrumbList\",\"@id\":\"https:\\\/\\\/nirigs.com\\\/product\\\/bath-body-works-lotion-pour-le-corps-fiji-sunshine-236-ml\\\/#breadcrumb\",\"itemListElement\":[{\"@type\":\"ListItem\",\"position\":1,\"name\":\"Home\",\"item\":\"https:\\\/\\\/nirigs.com\\\/\"},{\"@type\":\"ListItem\",\"position\":2,\"name\":\"Parcourir\",\"item\":\"https:\\\/\\\/nirigs.com\\\/boutique\\\/\"},{\"@type\":\"ListItem\",\"position\":3,\"name\":\"Bath &#038; Body Works &#8211; Lotion pour le corps Fiji Sunshine &#8211; 236 ml\"}]},{\"@type\":\"WebSite\",\"@id\":\"https:\\\/\\\/nirigs.com\\\/#website\",\"url\":\"https:\\\/\\\/nirigs.com\\\/\",\"name\":\"Nirigs.com\",\"description\":\"Simplifiez vos achats du quotidien \u00e0 Djibouti\",\"publisher\":{\"@id\":\"https:\\\/\\\/nirigs.com\\\/#organization\"},\"potentialAction\":[{\"@type\":\"SearchAction\",\"target\":{\"@type\":\"EntryPoint\",\"urlTemplate\":\"https:\\\/\\\/nirigs.com\\\/?s={search_term_string}\"},\"query-input\":{\"@type\":\"PropertyValueSpecification\",\"valueRequired\":true,\"valueName\":\"search_term_string\"}}],\"inLanguage\":\"en-US\"},{\"@type\":\"Organization\",\"@id\":\"https:\\\/\\\/nirigs.com\\\/#organization\",\"name\":\"Nirigs\",\"url\":\"https:\\\/\\\/nirigs.com\\\/\",\"logo\":{\"@type\":\"ImageObject\",\"inLanguage\":\"en-US\",\"@id\":\"https:\\\/\\\/nirigs.com\\\/#\\\/schema\\\/logo\\\/image\\\/\",\"url\":\"https:\\\/\\\/nirigs.com\\\/wp-content\\\/uploads\\\/2025\\\/04\\\/Design-sans-titre-27.png\",\"contentUrl\":\"https:\\\/\\\/nirigs.com\\\/wp-content\\\/uploads\\\/2025\\\/04\\\/Design-sans-titre-27.png\",\"width\":500,\"height\":500,\"caption\":\"Nirigs\"},\"image\":{\"@id\":\"https:\\\/\\\/nirigs.com\\\/#\\\/schema\\\/logo\\\/image\\\/\"}}]}<\/script>\n<!-- \/ Yoast SEO plugin. -->","yoast_head_json":{"title":"Bath & Body Works - Lotion pour le corps Fiji Sunshine - 236 ml - NIRIGS","robots":{"index":"index","follow":"follow","max-snippet":"max-snippet:-1","max-image-preview":"max-image-preview:large","max-video-preview":"max-video-preview:-1"},"canonical":"https:\/\/nirigs.com\/en\/product\/bath-body-works-lotion-pour-le-corps-fiji-sunshine-236-ml\/","og_locale":"en_US","og_type":"article","og_title":"Bath & Body Works - Lotion pour le corps Fiji Sunshine - 236 ml - NIRIGS","og_description":"Cette lotion avec ces notes de goyave baign\u00e9e de soleil, d&rsquo;orange fra\u00eeche et de jasmin de bord de mer qui","og_url":"https:\/\/nirigs.com\/en\/product\/bath-body-works-lotion-pour-le-corps-fiji-sunshine-236-ml\/","og_site_name":"NIRIGS","article_modified_time":"2026-03-04T17:00:56+00:00","og_image":[{"width":1000,"height":1000,"url":"https:\/\/nirigs.com\/wp-content\/uploads\/2024\/02\/Bath-Body-Works-\u2013-Lotion-pour-le-corps-Fiji-Sunshine-\u2013-236-ml.jpg","type":"image\/jpeg"}],"twitter_card":"summary_large_image","twitter_misc":{"Est. reading time":"2 minutes"},"schema":{"@context":"https:\/\/schema.org","@graph":[{"@type":"WebPage","@id":"https:\/\/nirigs.com\/product\/bath-body-works-lotion-pour-le-corps-fiji-sunshine-236-ml\/","url":"https:\/\/nirigs.com\/product\/bath-body-works-lotion-pour-le-corps-fiji-sunshine-236-ml\/","name":"Bath & Body Works - Lotion pour le corps Fiji Sunshine - 236 ml - NIRIGS","isPartOf":{"@id":"https:\/\/nirigs.com\/#website"},"primaryImageOfPage":{"@id":"https:\/\/nirigs.com\/product\/bath-body-works-lotion-pour-le-corps-fiji-sunshine-236-ml\/#primaryimage"},"image":{"@id":"https:\/\/nirigs.com\/product\/bath-body-works-lotion-pour-le-corps-fiji-sunshine-236-ml\/#primaryimage"},"thumbnailUrl":"https:\/\/nirigs.com\/wp-content\/uploads\/2024\/02\/Bath-Body-Works-\u2013-Lotion-pour-le-corps-Fiji-Sunshine-\u2013-236-ml.jpg","datePublished":"2024-02-05T14:26:52+00:00","dateModified":"2026-03-04T17:00:56+00:00","breadcrumb":{"@id":"https:\/\/nirigs.com\/product\/bath-body-works-lotion-pour-le-corps-fiji-sunshine-236-ml\/#breadcrumb"},"inLanguage":"en-US","potentialAction":[{"@type":"ReadAction","target":["https:\/\/nirigs.com\/product\/bath-body-works-lotion-pour-le-corps-fiji-sunshine-236-ml\/"]}]},{"@type":"ImageObject","inLanguage":"en-US","@id":"https:\/\/nirigs.com\/product\/bath-body-works-lotion-pour-le-corps-fiji-sunshine-236-ml\/#primaryimage","url":"https:\/\/nirigs.com\/wp-content\/uploads\/2024\/02\/Bath-Body-Works-\u2013-Lotion-pour-le-corps-Fiji-Sunshine-\u2013-236-ml.jpg","contentUrl":"https:\/\/nirigs.com\/wp-content\/uploads\/2024\/02\/Bath-Body-Works-\u2013-Lotion-pour-le-corps-Fiji-Sunshine-\u2013-236-ml.jpg","width":1000,"height":1000},{"@type":"BreadcrumbList","@id":"https:\/\/nirigs.com\/product\/bath-body-works-lotion-pour-le-corps-fiji-sunshine-236-ml\/#breadcrumb","itemListElement":[{"@type":"ListItem","position":1,"name":"Home","item":"https:\/\/nirigs.com\/"},{"@type":"ListItem","position":2,"name":"Parcourir","item":"https:\/\/nirigs.com\/boutique\/"},{"@type":"ListItem","position":3,"name":"Bath &#038; Body Works &#8211; Lotion pour le corps Fiji Sunshine &#8211; 236 ml"}]},{"@type":"WebSite","@id":"https:\/\/nirigs.com\/#website","url":"https:\/\/nirigs.com\/","name":"Nirigs.com","description":"Simplifiez vos achats du quotidien \u00e0 Djibouti","publisher":{"@id":"https:\/\/nirigs.com\/#organization"},"potentialAction":[{"@type":"SearchAction","target":{"@type":"EntryPoint","urlTemplate":"https:\/\/nirigs.com\/?s={search_term_string}"},"query-input":{"@type":"PropertyValueSpecification","valueRequired":true,"valueName":"search_term_string"}}],"inLanguage":"en-US"},{"@type":"Organization","@id":"https:\/\/nirigs.com\/#organization","name":"Nirigs","url":"https:\/\/nirigs.com\/","logo":{"@type":"ImageObject","inLanguage":"en-US","@id":"https:\/\/nirigs.com\/#\/schema\/logo\/image\/","url":"https:\/\/nirigs.com\/wp-content\/uploads\/2025\/04\/Design-sans-titre-27.png","contentUrl":"https:\/\/nirigs.com\/wp-content\/uploads\/2025\/04\/Design-sans-titre-27.png","width":500,"height":500,"caption":"Nirigs"},"image":{"@id":"https:\/\/nirigs.com\/#\/schema\/logo\/image\/"}}]}},"brands":[{"id":624,"name":"Bath &amp; Body Works","slug":"bath-body-works"}],"_links":{"self":[{"href":"https:\/\/nirigs.com\/en\/wp-json\/wp\/v2\/product\/17164","targetHints":{"allow":["GET"]}}],"collection":[{"href":"https:\/\/nirigs.com\/en\/wp-json\/wp\/v2\/product"}],"about":[{"href":"https:\/\/nirigs.com\/en\/wp-json\/wp\/v2\/types\/product"}],"replies":[{"embeddable":true,"href":"https:\/\/nirigs.com\/en\/wp-json\/wp\/v2\/comments?post=17164"}],"version-history":[{"count":8,"href":"https:\/\/nirigs.com\/en\/wp-json\/wp\/v2\/product\/17164\/revisions"}],"predecessor-version":[{"id":27633,"href":"https:\/\/nirigs.com\/en\/wp-json\/wp\/v2\/product\/17164\/revisions\/27633"}],"wp:featuredmedia":[{"embeddable":true,"href":"https:\/\/nirigs.com\/en\/wp-json\/wp\/v2\/media\/24273"}],"wp:attachment":[{"href":"https:\/\/nirigs.com\/en\/wp-json\/wp\/v2\/media?parent=17164"}],"wp:term":[{"taxonomy":"pwb-brand","embeddable":true,"href":"https:\/\/nirigs.com\/en\/wp-json\/wp\/v2\/pwb-brand?post=17164"},{"taxonomy":"product_brand","embeddable":true,"href":"https:\/\/nirigs.com\/en\/wp-json\/wp\/v2\/product_brand?post=17164"},{"taxonomy":"product_cat","embeddable":true,"href":"https:\/\/nirigs.com\/en\/wp-json\/wp\/v2\/product_cat?post=17164"},{"taxonomy":"product_tag","embeddable":true,"href":"https:\/\/nirigs.com\/en\/wp-json\/wp\/v2\/product_tag?post=17164"}],"curies":[{"name":"wp","href":"https:\/\/api.w.org\/{rel}","templated":true}]}}