{"id":17137,"date":"2024-02-05T10:57:23","date_gmt":"2024-02-05T07:57:23","guid":{"rendered":"https:\/\/nirigs.com\/product\/shea-moisture-2-in-1-shampoo-and-conditioner-coconut-and-hibiscus\/"},"modified":"2025-03-16T09:55:40","modified_gmt":"2025-03-16T06:55:40","slug":"shea-moisture-2-in-1-shampoo-and-conditioner-coconut-and-hibiscus","status":"publish","type":"product","link":"https:\/\/nirigs.com\/en\/product\/shea-moisture-2-in-1-shampoo-and-conditioner-coconut-and-hibiscus\/","title":{"rendered":"Shea Moisture - 2 in 1 Shampoo and Conditioner, Coconut and Hibiscus - 236 ml"},"content":{"rendered":"<p dir=\"ltr\">Avec le shampoing Kids 2 en 1 Shampoo and Conditionner de Shea Moisture, le lavage des cheveux de votre enfant sera un moment agr\u00e9able et plein de douceur. Compos\u00e9 d\u2019ingr\u00e9dients naturels \u00e0 base d\u2019hibiscus et d\u2019huile de coco, il est hydratant, nourrissant et parfaitement adapt\u00e9 aux cheveux boucl\u00e9s, fris\u00e9s et cr\u00e9pus. De plus, il est con\u00e7u pour faciliter la routine capillaire de votre enfant car il est 2 en 1 : Il a pour fonction d\u2019\u00eatre un soin lavant permettant de nettoyer les cheveux en profondeur et d\u2019\u00e9viter les tiraillements et est \u00e9galement un apr\u00e8s- shampoing qui permettant d\u2019adoucir et de d\u00e9m\u00ealer les cheveux afin d\u2019obtenir des cheveux souples et brillants.<\/p>\n<h4 dir=\"ltr\"><strong>Use<\/strong><\/h4>\n<ul>\n<li dir=\"ltr\">Sur cheveux mouill\u00e9s, d\u00e9poser une petite quantit\u00e9 de shampoing dans votre main.<\/li>\n<li dir=\"ltr\">Appliquez le shampoing.<\/li>\n<li dir=\"ltr\">Puis massez le cuir chevelu de votre enfant pendant 3 \u00e0 5 min.<\/li>\n<li dir=\"ltr\">Enfin,\u00a0 rincez abondamment \u00e0 l&rsquo;eau ti\u00e8de.<\/li>\n<\/ul>\n<h4 dir=\"ltr\"><strong>Ingredients<\/strong><\/h4>\n<p dir=\"ltr\">Eau, Decyl GlucEau, Decyl Glucoside, Cocoamidopropyl Betaine, Lauroyl Lactylate de Sodium, Glyc\u00e9rine (V\u00e9g\u00e9tale), Alcool C\u00e9t\u00e9arylique, Parfum (M\u00e9lange d&rsquo;Huiles Essentielles), Acide Caprylhydroxamique, M\u00e9thosulfate de Behentrimonium, Beurre de Butyrospermum Parkii (Karit\u00e9)**, Extrait de Racine d&rsquo;Althaea Officinalis, Ulmus Fulva ( extrait d&rsquo;\u00e9corce d&rsquo;orme rouge, extrait de fleur d&rsquo;hibiscus rosa-sinensis, caprylyl glycol, dist\u00e9arate de glycol, huile de cocos nucifera (noix de coco), phytate de sodiumoside, Cocoamidopropyl Betaine, Lauroyl Lactylate de Sodium, Glyc\u00e9rine (V\u00e9g\u00e9tale), Alcool C\u00e9t\u00e9arylique, Parfum (M\u00e9lange d&rsquo;Huiles Essentielles), Acide Caprylhydroxamique, M\u00e9thosulfate de Behentrimonium, Beurre de Butyrospermum Parkii (Karit\u00e9)**, Extrait de Racine d&rsquo;Althaea Officinalis, Ulmus Fulva ( extrait d&rsquo;\u00e9corce d&rsquo;orme rouge, extrait de fleur d&rsquo;hibiscus rosa-sinensis, caprylyl glycol, dist\u00e9arate de glycol, huile de cocos nucifera (noix de coco), phytate de sodium.<\/p>","protected":false},"excerpt":{"rendered":"<p>Avec le shampoing Kids 2 en 1 Shampoo and Conditionner de Shea Moisture, le lavage des cheveux de votre enfant<\/p>","protected":false},"featured_media":26421,"comment_status":"open","ping_status":"closed","template":"","meta":[],"pwb-brand":[775],"product_brand":[],"product_cat":[1025,267,1022,1026,1024],"product_tag":[],"class_list":{"0":"post-17137","1":"product","2":"type-product","3":"status-publish","4":"has-post-thumbnail","6":"pwb-brand-shea-moisture","7":"product_cat-apres-shampooings","8":"product_cat-beaute-et-soins","9":"product_cat-coiffures-et-soins-des-cheveux","10":"product_cat-shampooings","11":"product_cat-soins-des-cheveux","13":"first","14":"outofstock","15":"shipping-taxable","16":"purchasable","17":"product-type-simple"},"yoast_head":"<!-- This site is optimized with the Yoast SEO plugin v27.1.1 - https:\/\/yoast.com\/product\/yoast-seo-wordpress\/ -->\n<title>Shea Moisture - Shampoing et revitalisant 2 en 1, Noix de Coco et Hibiscus - 236 ml - NIRIGS<\/title>\n<meta name=\"robots\" content=\"index, follow, max-snippet:-1, max-image-preview:large, max-video-preview:-1\" \/>\n<link rel=\"canonical\" href=\"https:\/\/nirigs.com\/en\/product\/shea-moisture-2-in-1-shampoo-and-conditioner-coconut-and-hibiscus\/\" \/>\n<meta property=\"og:locale\" content=\"en_US\" \/>\n<meta property=\"og:type\" content=\"article\" \/>\n<meta property=\"og:title\" content=\"Shea Moisture - Shampoing et revitalisant 2 en 1, Noix de Coco et Hibiscus - 236 ml - NIRIGS\" \/>\n<meta property=\"og:description\" content=\"Avec le shampoing Kids 2 en 1 Shampoo and Conditionner de Shea Moisture, le lavage des cheveux de votre enfant\" \/>\n<meta property=\"og:url\" content=\"https:\/\/nirigs.com\/en\/product\/shea-moisture-2-in-1-shampoo-and-conditioner-coconut-and-hibiscus\/\" \/>\n<meta property=\"og:site_name\" content=\"NIRIGS\" \/>\n<meta property=\"article:modified_time\" content=\"2025-03-16T06:55:40+00:00\" \/>\n<meta property=\"og:image\" content=\"https:\/\/nirigs.com\/wp-content\/uploads\/2024\/02\/Shea-Moisture-Shampoing-et-revitalisant-2-en-1-Noix-de-Coco-et-Hibiscus-236-ml-1.jpg\" \/>\n\t<meta property=\"og:image:width\" content=\"1000\" \/>\n\t<meta property=\"og:image:height\" content=\"1000\" \/>\n\t<meta property=\"og:image:type\" content=\"image\/jpeg\" \/>\n<meta name=\"twitter:card\" content=\"summary_large_image\" \/>\n<meta name=\"twitter:label1\" content=\"Est. reading time\" \/>\n\t<meta name=\"twitter:data1\" content=\"1 minute\" \/>\n<script type=\"application\/ld+json\" class=\"yoast-schema-graph\">{\"@context\":\"https:\/\/schema.org\",\"@graph\":[{\"@type\":\"WebPage\",\"@id\":\"https:\/\/nirigs.com\/product\/shea-moisture-2-in-1-shampoo-and-conditioner-coconut-and-hibiscus\/\",\"url\":\"https:\/\/nirigs.com\/product\/shea-moisture-2-in-1-shampoo-and-conditioner-coconut-and-hibiscus\/\",\"name\":\"Shea Moisture - Shampoing et revitalisant 2 en 1, Noix de Coco et Hibiscus - 236 ml - NIRIGS\",\"isPartOf\":{\"@id\":\"https:\/\/nirigs.com\/#website\"},\"primaryImageOfPage\":{\"@id\":\"https:\/\/nirigs.com\/product\/shea-moisture-2-in-1-shampoo-and-conditioner-coconut-and-hibiscus\/#primaryimage\"},\"image\":{\"@id\":\"https:\/\/nirigs.com\/product\/shea-moisture-2-in-1-shampoo-and-conditioner-coconut-and-hibiscus\/#primaryimage\"},\"thumbnailUrl\":\"https:\/\/nirigs.com\/wp-content\/uploads\/2024\/02\/Shea-Moisture-Shampoing-et-revitalisant-2-en-1-Noix-de-Coco-et-Hibiscus-236-ml-1.jpg\",\"datePublished\":\"2024-02-05T07:57:23+00:00\",\"dateModified\":\"2025-03-16T06:55:40+00:00\",\"breadcrumb\":{\"@id\":\"https:\/\/nirigs.com\/product\/shea-moisture-2-in-1-shampoo-and-conditioner-coconut-and-hibiscus\/#breadcrumb\"},\"inLanguage\":\"en-US\",\"potentialAction\":[{\"@type\":\"ReadAction\",\"target\":[\"https:\/\/nirigs.com\/product\/shea-moisture-2-in-1-shampoo-and-conditioner-coconut-and-hibiscus\/\"]}]},{\"@type\":\"ImageObject\",\"inLanguage\":\"en-US\",\"@id\":\"https:\/\/nirigs.com\/product\/shea-moisture-2-in-1-shampoo-and-conditioner-coconut-and-hibiscus\/#primaryimage\",\"url\":\"https:\/\/nirigs.com\/wp-content\/uploads\/2024\/02\/Shea-Moisture-Shampoing-et-revitalisant-2-en-1-Noix-de-Coco-et-Hibiscus-236-ml-1.jpg\",\"contentUrl\":\"https:\/\/nirigs.com\/wp-content\/uploads\/2024\/02\/Shea-Moisture-Shampoing-et-revitalisant-2-en-1-Noix-de-Coco-et-Hibiscus-236-ml-1.jpg\",\"width\":1000,\"height\":1000},{\"@type\":\"BreadcrumbList\",\"@id\":\"https:\/\/nirigs.com\/product\/shea-moisture-2-in-1-shampoo-and-conditioner-coconut-and-hibiscus\/#breadcrumb\",\"itemListElement\":[{\"@type\":\"ListItem\",\"position\":1,\"name\":\"Home\",\"item\":\"https:\/\/nirigs.com\/\"},{\"@type\":\"ListItem\",\"position\":2,\"name\":\"Parcourir\",\"item\":\"https:\/\/nirigs.com\/boutique\/\"},{\"@type\":\"ListItem\",\"position\":3,\"name\":\"Shea Moisture &#8211; Shampoing et revitalisant 2 en 1, Noix de Coco et Hibiscus &#8211; 236 ml\"}]},{\"@type\":\"WebSite\",\"@id\":\"https:\/\/nirigs.com\/#website\",\"url\":\"https:\/\/nirigs.com\/\",\"name\":\"Nirigs.com\",\"description\":\"Simplifiez vos achats du quotidien \u00e0 Djibouti\",\"publisher\":{\"@id\":\"https:\/\/nirigs.com\/#organization\"},\"potentialAction\":[{\"@type\":\"SearchAction\",\"target\":{\"@type\":\"EntryPoint\",\"urlTemplate\":\"https:\/\/nirigs.com\/?s={search_term_string}\"},\"query-input\":{\"@type\":\"PropertyValueSpecification\",\"valueRequired\":true,\"valueName\":\"search_term_string\"}}],\"inLanguage\":\"en-US\"},{\"@type\":\"Organization\",\"@id\":\"https:\/\/nirigs.com\/#organization\",\"name\":\"Nirigs\",\"url\":\"https:\/\/nirigs.com\/\",\"logo\":{\"@type\":\"ImageObject\",\"inLanguage\":\"en-US\",\"@id\":\"https:\/\/nirigs.com\/#\/schema\/logo\/image\/\",\"url\":\"https:\/\/nirigs.com\/wp-content\/uploads\/2025\/04\/Design-sans-titre-27.png\",\"contentUrl\":\"https:\/\/nirigs.com\/wp-content\/uploads\/2025\/04\/Design-sans-titre-27.png\",\"width\":500,\"height\":500,\"caption\":\"Nirigs\"},\"image\":{\"@id\":\"https:\/\/nirigs.com\/#\/schema\/logo\/image\/\"}}]}<\/script>\n<!-- \/ Yoast SEO plugin. -->","yoast_head_json":{"title":"Shea Moisture - Shampoing et revitalisant 2 en 1, Noix de Coco et Hibiscus - 236 ml - NIRIGS","robots":{"index":"index","follow":"follow","max-snippet":"max-snippet:-1","max-image-preview":"max-image-preview:large","max-video-preview":"max-video-preview:-1"},"canonical":"https:\/\/nirigs.com\/en\/product\/shea-moisture-2-in-1-shampoo-and-conditioner-coconut-and-hibiscus\/","og_locale":"en_US","og_type":"article","og_title":"Shea Moisture - Shampoing et revitalisant 2 en 1, Noix de Coco et Hibiscus - 236 ml - NIRIGS","og_description":"Avec le shampoing Kids 2 en 1 Shampoo and Conditionner de Shea Moisture, le lavage des cheveux de votre enfant","og_url":"https:\/\/nirigs.com\/en\/product\/shea-moisture-2-in-1-shampoo-and-conditioner-coconut-and-hibiscus\/","og_site_name":"NIRIGS","article_modified_time":"2025-03-16T06:55:40+00:00","og_image":[{"width":1000,"height":1000,"url":"https:\/\/nirigs.com\/wp-content\/uploads\/2024\/02\/Shea-Moisture-Shampoing-et-revitalisant-2-en-1-Noix-de-Coco-et-Hibiscus-236-ml-1.jpg","type":"image\/jpeg"}],"twitter_card":"summary_large_image","twitter_misc":{"Est. reading time":"1 minute"},"schema":{"@context":"https:\/\/schema.org","@graph":[{"@type":"WebPage","@id":"https:\/\/nirigs.com\/product\/shea-moisture-2-in-1-shampoo-and-conditioner-coconut-and-hibiscus\/","url":"https:\/\/nirigs.com\/product\/shea-moisture-2-in-1-shampoo-and-conditioner-coconut-and-hibiscus\/","name":"Shea Moisture - Shampoing et revitalisant 2 en 1, Noix de Coco et Hibiscus - 236 ml - NIRIGS","isPartOf":{"@id":"https:\/\/nirigs.com\/#website"},"primaryImageOfPage":{"@id":"https:\/\/nirigs.com\/product\/shea-moisture-2-in-1-shampoo-and-conditioner-coconut-and-hibiscus\/#primaryimage"},"image":{"@id":"https:\/\/nirigs.com\/product\/shea-moisture-2-in-1-shampoo-and-conditioner-coconut-and-hibiscus\/#primaryimage"},"thumbnailUrl":"https:\/\/nirigs.com\/wp-content\/uploads\/2024\/02\/Shea-Moisture-Shampoing-et-revitalisant-2-en-1-Noix-de-Coco-et-Hibiscus-236-ml-1.jpg","datePublished":"2024-02-05T07:57:23+00:00","dateModified":"2025-03-16T06:55:40+00:00","breadcrumb":{"@id":"https:\/\/nirigs.com\/product\/shea-moisture-2-in-1-shampoo-and-conditioner-coconut-and-hibiscus\/#breadcrumb"},"inLanguage":"en-US","potentialAction":[{"@type":"ReadAction","target":["https:\/\/nirigs.com\/product\/shea-moisture-2-in-1-shampoo-and-conditioner-coconut-and-hibiscus\/"]}]},{"@type":"ImageObject","inLanguage":"en-US","@id":"https:\/\/nirigs.com\/product\/shea-moisture-2-in-1-shampoo-and-conditioner-coconut-and-hibiscus\/#primaryimage","url":"https:\/\/nirigs.com\/wp-content\/uploads\/2024\/02\/Shea-Moisture-Shampoing-et-revitalisant-2-en-1-Noix-de-Coco-et-Hibiscus-236-ml-1.jpg","contentUrl":"https:\/\/nirigs.com\/wp-content\/uploads\/2024\/02\/Shea-Moisture-Shampoing-et-revitalisant-2-en-1-Noix-de-Coco-et-Hibiscus-236-ml-1.jpg","width":1000,"height":1000},{"@type":"BreadcrumbList","@id":"https:\/\/nirigs.com\/product\/shea-moisture-2-in-1-shampoo-and-conditioner-coconut-and-hibiscus\/#breadcrumb","itemListElement":[{"@type":"ListItem","position":1,"name":"Home","item":"https:\/\/nirigs.com\/"},{"@type":"ListItem","position":2,"name":"Parcourir","item":"https:\/\/nirigs.com\/boutique\/"},{"@type":"ListItem","position":3,"name":"Shea Moisture &#8211; Shampoing et revitalisant 2 en 1, Noix de Coco et Hibiscus &#8211; 236 ml"}]},{"@type":"WebSite","@id":"https:\/\/nirigs.com\/#website","url":"https:\/\/nirigs.com\/","name":"Nirigs.com","description":"Simplifiez vos achats du quotidien \u00e0 Djibouti","publisher":{"@id":"https:\/\/nirigs.com\/#organization"},"potentialAction":[{"@type":"SearchAction","target":{"@type":"EntryPoint","urlTemplate":"https:\/\/nirigs.com\/?s={search_term_string}"},"query-input":{"@type":"PropertyValueSpecification","valueRequired":true,"valueName":"search_term_string"}}],"inLanguage":"en-US"},{"@type":"Organization","@id":"https:\/\/nirigs.com\/#organization","name":"Nirigs","url":"https:\/\/nirigs.com\/","logo":{"@type":"ImageObject","inLanguage":"en-US","@id":"https:\/\/nirigs.com\/#\/schema\/logo\/image\/","url":"https:\/\/nirigs.com\/wp-content\/uploads\/2025\/04\/Design-sans-titre-27.png","contentUrl":"https:\/\/nirigs.com\/wp-content\/uploads\/2025\/04\/Design-sans-titre-27.png","width":500,"height":500,"caption":"Nirigs"},"image":{"@id":"https:\/\/nirigs.com\/#\/schema\/logo\/image\/"}}]}},"brands":[{"id":775,"name":"Shea Moisture","slug":"shea-moisture"}],"_links":{"self":[{"href":"https:\/\/nirigs.com\/en\/wp-json\/wp\/v2\/product\/17137","targetHints":{"allow":["GET"]}}],"collection":[{"href":"https:\/\/nirigs.com\/en\/wp-json\/wp\/v2\/product"}],"about":[{"href":"https:\/\/nirigs.com\/en\/wp-json\/wp\/v2\/types\/product"}],"replies":[{"embeddable":true,"href":"https:\/\/nirigs.com\/en\/wp-json\/wp\/v2\/comments?post=17137"}],"version-history":[{"count":6,"href":"https:\/\/nirigs.com\/en\/wp-json\/wp\/v2\/product\/17137\/revisions"}],"predecessor-version":[{"id":24427,"href":"https:\/\/nirigs.com\/en\/wp-json\/wp\/v2\/product\/17137\/revisions\/24427"}],"wp:featuredmedia":[{"embeddable":true,"href":"https:\/\/nirigs.com\/en\/wp-json\/wp\/v2\/media\/26421"}],"wp:attachment":[{"href":"https:\/\/nirigs.com\/en\/wp-json\/wp\/v2\/media?parent=17137"}],"wp:term":[{"taxonomy":"pwb-brand","embeddable":true,"href":"https:\/\/nirigs.com\/en\/wp-json\/wp\/v2\/pwb-brand?post=17137"},{"taxonomy":"product_brand","embeddable":true,"href":"https:\/\/nirigs.com\/en\/wp-json\/wp\/v2\/product_brand?post=17137"},{"taxonomy":"product_cat","embeddable":true,"href":"https:\/\/nirigs.com\/en\/wp-json\/wp\/v2\/product_cat?post=17137"},{"taxonomy":"product_tag","embeddable":true,"href":"https:\/\/nirigs.com\/en\/wp-json\/wp\/v2\/product_tag?post=17137"}],"curies":[{"name":"wp","href":"https:\/\/api.w.org\/{rel}","templated":true}]}}