{"id":17136,"date":"2024-02-05T10:51:37","date_gmt":"2024-02-05T07:51:37","guid":{"rendered":"https:\/\/nirigs.com\/product\/box-strengthening-shea-moisture-jamaican-black-castor-oil\/"},"modified":"2025-03-16T09:56:05","modified_gmt":"2025-03-16T06:56:05","slug":"box-strengthening-shea-moisture-jamaican-black-castor-oil","status":"publish","type":"product","link":"https:\/\/nirigs.com\/en\/product\/box-strengthening-shea-moisture-jamaican-black-castor-oil\/","title":{"rendered":"Shea Moisture \u2013  Pack Huile de ricin noire jama\u00efcaine"},"content":{"rendered":"<p>Cette Box contient 4 soins de la gamme Jamaican Black Castor Oil (Huile de Ricin noir de Jama\u00efque) de Shea Moisture particuli\u00e8rement indiqu\u00e9s pour le renforcement capillaires, la pousse des cheveux et la r\u00e9paration des cheveux tr\u00e8s secs et ab\u00eem\u00e9s, fragilis\u00e9s par les traitement chimiques ou, la chaleur du fer \u00e0 lisser.<\/p>\n<p>Le pack est compos\u00e9 de :<\/p>\n<p>&#8211; Shea Moisture Jamaican Black Castor Oil Renforce &amp; Restauration &#8211; Shampoing 384 ml<\/p>\n<p>&#8211; Shea Moisture Jamaican Black Castor Oil Renforce &amp; Restauration Leave-In Conditioner &#8211; Apr\u00e8s Shampoing sans rin\u00e7age 312 g<\/p>\n<p>&#8211; Shea Moisture Jamaican Black Castor Oil Renforce &amp; Restauration Conditioner &#8211; Apr\u00e8s-Shampoing 384 ml<\/p>\n<p>&#8211; Shea Moisture Jamaican Black Castor Oil Renforce &amp; Restauration Masque &#8211; Masque Capillaire 340 g<\/p>\n<p>SANS SULFATE &#8211; SANS SILICONE &#8211; SANS PARABEN &#8211; SANS HUILE MIN\u00c9RALE.<\/p>\n<h4>Ingredients<\/h4>\n<div id=\"importantInformation_feature_div\" class=\"celwidget\" data-feature-name=\"importantInformation\" data-csa-c-type=\"widget\" data-csa-c-content-id=\"importantInformation\" data-csa-c-slot-id=\"importantInformation_feature_div\" data-csa-c-asin=\"\" data-csa-c-is-in-initial-active-row=\"false\" data-csa-c-id=\"8a15c5-g86808-igdvw-h0u427\" data-cel-widget=\"importantInformation_feature_div\">\n<div id=\"important-information\" class=\"a-section a-spacing-extra-large bucket\">\n<div class=\"a-section content\">\n<p>Aqua, Ricinus Communis (Castor) Seed Oil, Cetyl Alcohol, Stearyl Alcohol, Parfum, Behentrimonium Chloride, Butyrospermum Parkii (Shea) Butter, Cocos Nucifera (Coconut), Dicaprylyl Ether, Simmondsia Chinensis (Jojoba) Seed Oil, Panthenol, Rice hydrolys\u00e9. prot\u00e9ines, k\u00e9ratine hydrolys\u00e9e, hydroxy\u00e9thylcellulose, huile de graines Adansonia Digitata (Baobab), glyc\u00e9rine, jus de feuilles d&rsquo;aloe barbadensis, huile de graines de macadamia ternifolia, huile de fruits Mauritia Flexuosa (Buriti), acide ac\u00e9tatique, niacine, extrait de feuille de menthe menthe. Trifolium Prath Ense (Clover) Flower Extract, Tocopheryl Acetate, Hydrolyzed Vegetable Protein PG-Propyl Silanetriol, Yeast Extract, Caprylyl Glycol, Caprylhydroxamic Acid, Glycine Soja (Soybean) Oil, Butylene Glycol, Phenoxyethanol, Citric Acid, Potassium Sorbate, Sodium Benzen. oate, tocopher ol, \u00e9thylhexylglyc\u00e9rine, alcool isopropylique, EDTA.<\/p>\n<\/div>\n<\/div>\n<\/div>","protected":false},"excerpt":{"rendered":"<p>Cette Box contient 4 soins de la gamme Jamaican Black Castor Oil (Huile de Ricin noir de Jama\u00efque) de Shea<\/p>","protected":false},"featured_media":24433,"comment_status":"open","ping_status":"closed","template":"","meta":[],"pwb-brand":[775],"product_brand":[],"product_cat":[267,1022,1024],"product_tag":[],"class_list":{"0":"post-17136","1":"product","2":"type-product","3":"status-publish","4":"has-post-thumbnail","6":"pwb-brand-shea-moisture","7":"product_cat-beaute-et-soins","8":"product_cat-coiffures-et-soins-des-cheveux","9":"product_cat-soins-des-cheveux","11":"first","12":"instock","13":"shipping-taxable","14":"purchasable","15":"product-type-simple"},"yoast_head":"<!-- This site is optimized with the Yoast SEO plugin v27.4 - https:\/\/yoast.com\/product\/yoast-seo-wordpress\/ -->\n<title>Shea Moisture \u2013 Pack Huile de ricin noire jama\u00efcaine - NIRIGS<\/title>\n<meta name=\"robots\" content=\"index, follow, max-snippet:-1, max-image-preview:large, max-video-preview:-1\" \/>\n<link rel=\"canonical\" href=\"https:\/\/nirigs.com\/en\/product\/box-strengthening-shea-moisture-jamaican-black-castor-oil\/\" \/>\n<meta property=\"og:locale\" content=\"en_US\" \/>\n<meta property=\"og:type\" content=\"article\" \/>\n<meta property=\"og:title\" content=\"Shea Moisture \u2013 Pack Huile de ricin noire jama\u00efcaine - NIRIGS\" \/>\n<meta property=\"og:description\" content=\"Cette Box contient 4 soins de la gamme Jamaican Black Castor Oil (Huile de Ricin noir de Jama\u00efque) de Shea\" \/>\n<meta property=\"og:url\" content=\"https:\/\/nirigs.com\/en\/product\/box-strengthening-shea-moisture-jamaican-black-castor-oil\/\" \/>\n<meta property=\"og:site_name\" content=\"NIRIGS\" \/>\n<meta property=\"article:modified_time\" content=\"2025-03-16T06:56:05+00:00\" \/>\n<meta property=\"og:image\" content=\"https:\/\/nirigs.com\/wp-content\/uploads\/2024\/02\/Shea-Moisture-\u2013-Pack-Huile-de-ricin-noire-jamaicaine.jpg\" \/>\n\t<meta property=\"og:image:width\" content=\"1000\" \/>\n\t<meta property=\"og:image:height\" content=\"1000\" \/>\n\t<meta property=\"og:image:type\" content=\"image\/jpeg\" \/>\n<meta name=\"twitter:card\" content=\"summary_large_image\" \/>\n<meta name=\"twitter:label1\" content=\"Est. reading time\" \/>\n\t<meta name=\"twitter:data1\" content=\"1 minute\" \/>\n<script type=\"application\/ld+json\" class=\"yoast-schema-graph\">{\"@context\":\"https:\\\/\\\/schema.org\",\"@graph\":[{\"@type\":\"WebPage\",\"@id\":\"https:\\\/\\\/nirigs.com\\\/product\\\/box-strengthening-shea-moisture-jamaican-black-castor-oil\\\/\",\"url\":\"https:\\\/\\\/nirigs.com\\\/product\\\/box-strengthening-shea-moisture-jamaican-black-castor-oil\\\/\",\"name\":\"Shea Moisture \u2013 Pack Huile de ricin noire jama\u00efcaine - NIRIGS\",\"isPartOf\":{\"@id\":\"https:\\\/\\\/nirigs.com\\\/#website\"},\"primaryImageOfPage\":{\"@id\":\"https:\\\/\\\/nirigs.com\\\/product\\\/box-strengthening-shea-moisture-jamaican-black-castor-oil\\\/#primaryimage\"},\"image\":{\"@id\":\"https:\\\/\\\/nirigs.com\\\/product\\\/box-strengthening-shea-moisture-jamaican-black-castor-oil\\\/#primaryimage\"},\"thumbnailUrl\":\"https:\\\/\\\/nirigs.com\\\/wp-content\\\/uploads\\\/2024\\\/02\\\/Shea-Moisture-\u2013-Pack-Huile-de-ricin-noire-jamaicaine.jpg\",\"datePublished\":\"2024-02-05T07:51:37+00:00\",\"dateModified\":\"2025-03-16T06:56:05+00:00\",\"breadcrumb\":{\"@id\":\"https:\\\/\\\/nirigs.com\\\/product\\\/box-strengthening-shea-moisture-jamaican-black-castor-oil\\\/#breadcrumb\"},\"inLanguage\":\"en-US\",\"potentialAction\":[{\"@type\":\"ReadAction\",\"target\":[\"https:\\\/\\\/nirigs.com\\\/product\\\/box-strengthening-shea-moisture-jamaican-black-castor-oil\\\/\"]}]},{\"@type\":\"ImageObject\",\"inLanguage\":\"en-US\",\"@id\":\"https:\\\/\\\/nirigs.com\\\/product\\\/box-strengthening-shea-moisture-jamaican-black-castor-oil\\\/#primaryimage\",\"url\":\"https:\\\/\\\/nirigs.com\\\/wp-content\\\/uploads\\\/2024\\\/02\\\/Shea-Moisture-\u2013-Pack-Huile-de-ricin-noire-jamaicaine.jpg\",\"contentUrl\":\"https:\\\/\\\/nirigs.com\\\/wp-content\\\/uploads\\\/2024\\\/02\\\/Shea-Moisture-\u2013-Pack-Huile-de-ricin-noire-jamaicaine.jpg\",\"width\":1000,\"height\":1000},{\"@type\":\"BreadcrumbList\",\"@id\":\"https:\\\/\\\/nirigs.com\\\/product\\\/box-strengthening-shea-moisture-jamaican-black-castor-oil\\\/#breadcrumb\",\"itemListElement\":[{\"@type\":\"ListItem\",\"position\":1,\"name\":\"Home\",\"item\":\"https:\\\/\\\/nirigs.com\\\/\"},{\"@type\":\"ListItem\",\"position\":2,\"name\":\"Parcourir\",\"item\":\"https:\\\/\\\/nirigs.com\\\/boutique\\\/\"},{\"@type\":\"ListItem\",\"position\":3,\"name\":\"Shea Moisture \u2013 Pack Huile de ricin noire jama\u00efcaine\"}]},{\"@type\":\"WebSite\",\"@id\":\"https:\\\/\\\/nirigs.com\\\/#website\",\"url\":\"https:\\\/\\\/nirigs.com\\\/\",\"name\":\"Nirigs.com\",\"description\":\"Simplifiez vos achats du quotidien \u00e0 Djibouti\",\"publisher\":{\"@id\":\"https:\\\/\\\/nirigs.com\\\/#organization\"},\"potentialAction\":[{\"@type\":\"SearchAction\",\"target\":{\"@type\":\"EntryPoint\",\"urlTemplate\":\"https:\\\/\\\/nirigs.com\\\/?s={search_term_string}\"},\"query-input\":{\"@type\":\"PropertyValueSpecification\",\"valueRequired\":true,\"valueName\":\"search_term_string\"}}],\"inLanguage\":\"en-US\"},{\"@type\":\"Organization\",\"@id\":\"https:\\\/\\\/nirigs.com\\\/#organization\",\"name\":\"Nirigs\",\"url\":\"https:\\\/\\\/nirigs.com\\\/\",\"logo\":{\"@type\":\"ImageObject\",\"inLanguage\":\"en-US\",\"@id\":\"https:\\\/\\\/nirigs.com\\\/#\\\/schema\\\/logo\\\/image\\\/\",\"url\":\"https:\\\/\\\/nirigs.com\\\/wp-content\\\/uploads\\\/2025\\\/04\\\/Design-sans-titre-27.png\",\"contentUrl\":\"https:\\\/\\\/nirigs.com\\\/wp-content\\\/uploads\\\/2025\\\/04\\\/Design-sans-titre-27.png\",\"width\":500,\"height\":500,\"caption\":\"Nirigs\"},\"image\":{\"@id\":\"https:\\\/\\\/nirigs.com\\\/#\\\/schema\\\/logo\\\/image\\\/\"}}]}<\/script>\n<!-- \/ Yoast SEO plugin. -->","yoast_head_json":{"title":"Shea Moisture \u2013 Pack Huile de ricin noire jama\u00efcaine - NIRIGS","robots":{"index":"index","follow":"follow","max-snippet":"max-snippet:-1","max-image-preview":"max-image-preview:large","max-video-preview":"max-video-preview:-1"},"canonical":"https:\/\/nirigs.com\/en\/product\/box-strengthening-shea-moisture-jamaican-black-castor-oil\/","og_locale":"en_US","og_type":"article","og_title":"Shea Moisture \u2013 Pack Huile de ricin noire jama\u00efcaine - NIRIGS","og_description":"Cette Box contient 4 soins de la gamme Jamaican Black Castor Oil (Huile de Ricin noir de Jama\u00efque) de Shea","og_url":"https:\/\/nirigs.com\/en\/product\/box-strengthening-shea-moisture-jamaican-black-castor-oil\/","og_site_name":"NIRIGS","article_modified_time":"2025-03-16T06:56:05+00:00","og_image":[{"width":1000,"height":1000,"url":"https:\/\/nirigs.com\/wp-content\/uploads\/2024\/02\/Shea-Moisture-\u2013-Pack-Huile-de-ricin-noire-jamaicaine.jpg","type":"image\/jpeg"}],"twitter_card":"summary_large_image","twitter_misc":{"Est. reading time":"1 minute"},"schema":{"@context":"https:\/\/schema.org","@graph":[{"@type":"WebPage","@id":"https:\/\/nirigs.com\/product\/box-strengthening-shea-moisture-jamaican-black-castor-oil\/","url":"https:\/\/nirigs.com\/product\/box-strengthening-shea-moisture-jamaican-black-castor-oil\/","name":"Shea Moisture \u2013 Pack Huile de ricin noire jama\u00efcaine - NIRIGS","isPartOf":{"@id":"https:\/\/nirigs.com\/#website"},"primaryImageOfPage":{"@id":"https:\/\/nirigs.com\/product\/box-strengthening-shea-moisture-jamaican-black-castor-oil\/#primaryimage"},"image":{"@id":"https:\/\/nirigs.com\/product\/box-strengthening-shea-moisture-jamaican-black-castor-oil\/#primaryimage"},"thumbnailUrl":"https:\/\/nirigs.com\/wp-content\/uploads\/2024\/02\/Shea-Moisture-\u2013-Pack-Huile-de-ricin-noire-jamaicaine.jpg","datePublished":"2024-02-05T07:51:37+00:00","dateModified":"2025-03-16T06:56:05+00:00","breadcrumb":{"@id":"https:\/\/nirigs.com\/product\/box-strengthening-shea-moisture-jamaican-black-castor-oil\/#breadcrumb"},"inLanguage":"en-US","potentialAction":[{"@type":"ReadAction","target":["https:\/\/nirigs.com\/product\/box-strengthening-shea-moisture-jamaican-black-castor-oil\/"]}]},{"@type":"ImageObject","inLanguage":"en-US","@id":"https:\/\/nirigs.com\/product\/box-strengthening-shea-moisture-jamaican-black-castor-oil\/#primaryimage","url":"https:\/\/nirigs.com\/wp-content\/uploads\/2024\/02\/Shea-Moisture-\u2013-Pack-Huile-de-ricin-noire-jamaicaine.jpg","contentUrl":"https:\/\/nirigs.com\/wp-content\/uploads\/2024\/02\/Shea-Moisture-\u2013-Pack-Huile-de-ricin-noire-jamaicaine.jpg","width":1000,"height":1000},{"@type":"BreadcrumbList","@id":"https:\/\/nirigs.com\/product\/box-strengthening-shea-moisture-jamaican-black-castor-oil\/#breadcrumb","itemListElement":[{"@type":"ListItem","position":1,"name":"Home","item":"https:\/\/nirigs.com\/"},{"@type":"ListItem","position":2,"name":"Parcourir","item":"https:\/\/nirigs.com\/boutique\/"},{"@type":"ListItem","position":3,"name":"Shea Moisture \u2013 Pack Huile de ricin noire jama\u00efcaine"}]},{"@type":"WebSite","@id":"https:\/\/nirigs.com\/#website","url":"https:\/\/nirigs.com\/","name":"Nirigs.com","description":"Simplifiez vos achats du quotidien \u00e0 Djibouti","publisher":{"@id":"https:\/\/nirigs.com\/#organization"},"potentialAction":[{"@type":"SearchAction","target":{"@type":"EntryPoint","urlTemplate":"https:\/\/nirigs.com\/?s={search_term_string}"},"query-input":{"@type":"PropertyValueSpecification","valueRequired":true,"valueName":"search_term_string"}}],"inLanguage":"en-US"},{"@type":"Organization","@id":"https:\/\/nirigs.com\/#organization","name":"Nirigs","url":"https:\/\/nirigs.com\/","logo":{"@type":"ImageObject","inLanguage":"en-US","@id":"https:\/\/nirigs.com\/#\/schema\/logo\/image\/","url":"https:\/\/nirigs.com\/wp-content\/uploads\/2025\/04\/Design-sans-titre-27.png","contentUrl":"https:\/\/nirigs.com\/wp-content\/uploads\/2025\/04\/Design-sans-titre-27.png","width":500,"height":500,"caption":"Nirigs"},"image":{"@id":"https:\/\/nirigs.com\/#\/schema\/logo\/image\/"}}]}},"brands":[{"id":775,"name":"Shea Moisture","slug":"shea-moisture"}],"_links":{"self":[{"href":"https:\/\/nirigs.com\/en\/wp-json\/wp\/v2\/product\/17136","targetHints":{"allow":["GET"]}}],"collection":[{"href":"https:\/\/nirigs.com\/en\/wp-json\/wp\/v2\/product"}],"about":[{"href":"https:\/\/nirigs.com\/en\/wp-json\/wp\/v2\/types\/product"}],"replies":[{"embeddable":true,"href":"https:\/\/nirigs.com\/en\/wp-json\/wp\/v2\/comments?post=17136"}],"version-history":[{"count":9,"href":"https:\/\/nirigs.com\/en\/wp-json\/wp\/v2\/product\/17136\/revisions"}],"predecessor-version":[{"id":26907,"href":"https:\/\/nirigs.com\/en\/wp-json\/wp\/v2\/product\/17136\/revisions\/26907"}],"wp:featuredmedia":[{"embeddable":true,"href":"https:\/\/nirigs.com\/en\/wp-json\/wp\/v2\/media\/24433"}],"wp:attachment":[{"href":"https:\/\/nirigs.com\/en\/wp-json\/wp\/v2\/media?parent=17136"}],"wp:term":[{"taxonomy":"pwb-brand","embeddable":true,"href":"https:\/\/nirigs.com\/en\/wp-json\/wp\/v2\/pwb-brand?post=17136"},{"taxonomy":"product_brand","embeddable":true,"href":"https:\/\/nirigs.com\/en\/wp-json\/wp\/v2\/product_brand?post=17136"},{"taxonomy":"product_cat","embeddable":true,"href":"https:\/\/nirigs.com\/en\/wp-json\/wp\/v2\/product_cat?post=17136"},{"taxonomy":"product_tag","embeddable":true,"href":"https:\/\/nirigs.com\/en\/wp-json\/wp\/v2\/product_tag?post=17136"}],"curies":[{"name":"wp","href":"https:\/\/api.w.org\/{rel}","templated":true}]}}