{"id":17109,"date":"2024-02-01T10:55:08","date_gmt":"2024-02-01T07:55:08","guid":{"rendered":"https:\/\/nirigs.com\/?post_type=product&#038;p=17109"},"modified":"2026-03-04T19:06:37","modified_gmt":"2026-03-04T16:06:37","slug":"as-i-am-apres-shampoing-sans-rincage-237-ml","status":"publish","type":"product","link":"https:\/\/nirigs.com\/en\/product\/as-i-am-apres-shampoing-sans-rincage-237-ml\/","title":{"rendered":"As I Am - Leave-in conditioner - 237 ml"},"content":{"rendered":"<p data-start=\"107\" data-end=\"517\">L\u2019apr\u00e8s-shampoing sans rin\u00e7age As I Am est un soin l\u00e9ger et nourrissant con\u00e7u pour hydrater, adoucir et prot\u00e9ger les cheveux entre les lavages. Sa formule sans rin\u00e7age aide \u00e0 prolonger l\u2019hydratation, \u00e0 r\u00e9duire les frisottis et \u00e0 am\u00e9liorer la d\u00e9finition des boucles, sans alourdir la fibre capillaire. Convient aux cheveux boucl\u00e9s, fris\u00e9s, textur\u00e9s ou secs qui ont besoin d\u2019un soin quotidien facile \u00e0 appliquer.<\/p>\n<p data-start=\"519\" data-end=\"790\">Ce soin sans rin\u00e7age facilite \u00e9galement le coiffage, prot\u00e8ge contre la casse li\u00e9e au d\u00e9m\u00ealage et laisse les cheveux doux, souples et faciles \u00e0 coiffer tout au long de la journ\u00e9e. Parfait pour une routine capillaire sans effort apr\u00e8s chaque shampooing ou entre les styles.<\/p>\n<h2 data-section-id=\"t874gv\" data-start=\"792\" data-end=\"817\">Bienfaits principaux<\/h2>\n<ul data-start=\"818\" data-end=\"978\">\n<li data-section-id=\"hfyr5f\" data-start=\"818\" data-end=\"865\">\n<p data-start=\"820\" data-end=\"865\">Hydrate et nourrit les cheveux sans rin\u00e7age<\/p>\n<\/li>\n<li data-section-id=\"1u0xd1p\" data-start=\"866\" data-end=\"896\">\n<p data-start=\"868\" data-end=\"896\">Aide \u00e0 d\u00e9finir les boucles<\/p>\n<\/li>\n<li data-section-id=\"12ui526\" data-start=\"897\" data-end=\"921\">\n<p data-start=\"899\" data-end=\"921\">R\u00e9duit les frisottis<\/p>\n<\/li>\n<li data-section-id=\"1b40xzc\" data-start=\"922\" data-end=\"953\">\n<p data-start=\"924\" data-end=\"953\">Prot\u00e8ge la fibre capillaire<\/p>\n<\/li>\n<li data-section-id=\"eelsqm\" data-start=\"954\" data-end=\"978\">\n<p data-start=\"956\" data-end=\"978\">Facilite le coiffage<\/p>\n<\/li>\n<\/ul>\n<h2 data-section-id=\"1lge12y\" data-start=\"980\" data-end=\"996\">Actifs cl\u00e9s<\/h2>\n<ul data-start=\"997\" data-end=\"1159\">\n<li data-section-id=\"19zr65b\" data-start=\"997\" data-end=\"1058\">\n<p data-start=\"999\" data-end=\"1058\">Agents hydratants doux : apportent nutrition et souplesse<\/p>\n<\/li>\n<li data-section-id=\"kh2yfj\" data-start=\"1059\" data-end=\"1109\">\n<p data-start=\"1061\" data-end=\"1109\">Agents protecteurs : aident \u00e0 r\u00e9duire la casse<\/p>\n<\/li>\n<li data-section-id=\"mvjicl\" data-start=\"1110\" data-end=\"1159\">\n<p data-start=\"1112\" data-end=\"1159\">\u00c9mollients l\u00e9gers : adoucissent sans alourdir<\/p>\n<\/li>\n<\/ul>\n<h2 data-section-id=\"7yaerc\" data-start=\"1161\" data-end=\"1184\">Mode d\u2019utilisation<\/h2>\n<p data-start=\"1185\" data-end=\"1429\">Appliquer une petite quantit\u00e9 sur cheveux propres et humides, en insistant sur les longueurs et les pointes. Ne pas rincer. Coiffer comme souhait\u00e9. Peut \u00eatre utilis\u00e9 quotidiennement ou entre les lavages pour maintenir l\u2019hydratation et le style.<\/p>\n<h4>Ingredients<\/h4>\n<p>Aqua Eau, alcool c\u00e9t\u00e9arylique, alcool c\u00e9tylique, poudre de fruit de Cocos Nucifera (noix de coco), poudre de fruit de Phyllanthus Emblica, extrait de racine de Beta Vulgaris (betterave), phytost\u00e9rols, extrait de fruit de Serenoa Serrulata, extrait de feuille de Camellia Oleifera, glyc\u00e9rine, Pyrus Malus ( Extrait de fruit de pomme, extrait d&rsquo;\u00e9corce de Citrus Limon (citron), extrait de Saccharum Officinarum (canne \u00e0 sucre), b\u00e9ta\u00efne, m\u00e9thosulfate de b\u00e9hentrimonium, st\u00e9aramidopropyl dim\u00e9thylamine, acide citrique, ph\u00e9noxy\u00e9thanol, caprylylglycol, sorbate de potassium, polyacrylamide, parfum\/parfum, alcool d&rsquo;anis, coumarine , Limon\u00e8ne.<\/p>","protected":false},"excerpt":{"rendered":"<p>L\u2019apr\u00e8s-shampoing sans rin\u00e7age As I Am est un soin l\u00e9ger et nourrissant con\u00e7u pour hydrater, adoucir et prot\u00e9ger les cheveux<\/p>","protected":false},"featured_media":24449,"comment_status":"open","ping_status":"closed","template":"","meta":[],"pwb-brand":[780],"product_brand":[],"product_cat":[1025,267,1022,1024],"product_tag":[],"class_list":{"0":"post-17109","1":"product","2":"type-product","3":"status-publish","4":"has-post-thumbnail","6":"pwb-brand-as-i-am","7":"product_cat-apres-shampooings","8":"product_cat-beaute-et-soins","9":"product_cat-coiffures-et-soins-des-cheveux","10":"product_cat-soins-des-cheveux","12":"first","13":"outofstock","14":"shipping-taxable","15":"purchasable","16":"product-type-simple"},"yoast_head":"<!-- This site is optimized with the Yoast SEO plugin v27.4 - https:\/\/yoast.com\/product\/yoast-seo-wordpress\/ -->\n<title>As I Am - Apr\u00e8s-shampoing sans rin\u00e7age - 237 ml - NIRIGS<\/title>\n<meta name=\"robots\" content=\"index, follow, max-snippet:-1, max-image-preview:large, max-video-preview:-1\" \/>\n<link rel=\"canonical\" href=\"https:\/\/nirigs.com\/en\/product\/as-i-am-apres-shampoing-sans-rincage-237-ml\/\" \/>\n<meta property=\"og:locale\" content=\"en_US\" \/>\n<meta property=\"og:type\" content=\"article\" \/>\n<meta property=\"og:title\" content=\"As I Am - Apr\u00e8s-shampoing sans rin\u00e7age - 237 ml - NIRIGS\" \/>\n<meta property=\"og:description\" content=\"L\u2019apr\u00e8s-shampoing sans rin\u00e7age As I Am est un soin l\u00e9ger et nourrissant con\u00e7u pour hydrater, adoucir et prot\u00e9ger les cheveux\" \/>\n<meta property=\"og:url\" content=\"https:\/\/nirigs.com\/en\/product\/as-i-am-apres-shampoing-sans-rincage-237-ml\/\" \/>\n<meta property=\"og:site_name\" content=\"NIRIGS\" \/>\n<meta property=\"article:modified_time\" content=\"2026-03-04T16:06:37+00:00\" \/>\n<meta property=\"og:image\" content=\"https:\/\/nirigs.com\/wp-content\/uploads\/2024\/02\/As-I-Am-\u2013-Apres-shampoing-sans-rincage-\u2013-237-ml.jpg\" \/>\n\t<meta property=\"og:image:width\" content=\"1000\" \/>\n\t<meta property=\"og:image:height\" content=\"1000\" \/>\n\t<meta property=\"og:image:type\" content=\"image\/jpeg\" \/>\n<meta name=\"twitter:card\" content=\"summary_large_image\" \/>\n<meta name=\"twitter:label1\" content=\"Est. reading time\" \/>\n\t<meta name=\"twitter:data1\" content=\"2 minutes\" \/>\n<script type=\"application\/ld+json\" class=\"yoast-schema-graph\">{\"@context\":\"https:\\\/\\\/schema.org\",\"@graph\":[{\"@type\":\"WebPage\",\"@id\":\"https:\\\/\\\/nirigs.com\\\/product\\\/as-i-am-apres-shampoing-sans-rincage-237-ml\\\/\",\"url\":\"https:\\\/\\\/nirigs.com\\\/product\\\/as-i-am-apres-shampoing-sans-rincage-237-ml\\\/\",\"name\":\"As I Am - Apr\u00e8s-shampoing sans rin\u00e7age - 237 ml - NIRIGS\",\"isPartOf\":{\"@id\":\"https:\\\/\\\/nirigs.com\\\/#website\"},\"primaryImageOfPage\":{\"@id\":\"https:\\\/\\\/nirigs.com\\\/product\\\/as-i-am-apres-shampoing-sans-rincage-237-ml\\\/#primaryimage\"},\"image\":{\"@id\":\"https:\\\/\\\/nirigs.com\\\/product\\\/as-i-am-apres-shampoing-sans-rincage-237-ml\\\/#primaryimage\"},\"thumbnailUrl\":\"https:\\\/\\\/nirigs.com\\\/wp-content\\\/uploads\\\/2024\\\/02\\\/As-I-Am-\u2013-Apres-shampoing-sans-rincage-\u2013-237-ml.jpg\",\"datePublished\":\"2024-02-01T07:55:08+00:00\",\"dateModified\":\"2026-03-04T16:06:37+00:00\",\"breadcrumb\":{\"@id\":\"https:\\\/\\\/nirigs.com\\\/product\\\/as-i-am-apres-shampoing-sans-rincage-237-ml\\\/#breadcrumb\"},\"inLanguage\":\"en-US\",\"potentialAction\":[{\"@type\":\"ReadAction\",\"target\":[\"https:\\\/\\\/nirigs.com\\\/product\\\/as-i-am-apres-shampoing-sans-rincage-237-ml\\\/\"]}]},{\"@type\":\"ImageObject\",\"inLanguage\":\"en-US\",\"@id\":\"https:\\\/\\\/nirigs.com\\\/product\\\/as-i-am-apres-shampoing-sans-rincage-237-ml\\\/#primaryimage\",\"url\":\"https:\\\/\\\/nirigs.com\\\/wp-content\\\/uploads\\\/2024\\\/02\\\/As-I-Am-\u2013-Apres-shampoing-sans-rincage-\u2013-237-ml.jpg\",\"contentUrl\":\"https:\\\/\\\/nirigs.com\\\/wp-content\\\/uploads\\\/2024\\\/02\\\/As-I-Am-\u2013-Apres-shampoing-sans-rincage-\u2013-237-ml.jpg\",\"width\":1000,\"height\":1000},{\"@type\":\"BreadcrumbList\",\"@id\":\"https:\\\/\\\/nirigs.com\\\/product\\\/as-i-am-apres-shampoing-sans-rincage-237-ml\\\/#breadcrumb\",\"itemListElement\":[{\"@type\":\"ListItem\",\"position\":1,\"name\":\"Home\",\"item\":\"https:\\\/\\\/nirigs.com\\\/\"},{\"@type\":\"ListItem\",\"position\":2,\"name\":\"Parcourir\",\"item\":\"https:\\\/\\\/nirigs.com\\\/boutique\\\/\"},{\"@type\":\"ListItem\",\"position\":3,\"name\":\"As I Am &#8211; Apr\u00e8s-shampoing sans rin\u00e7age &#8211; 237 ml\"}]},{\"@type\":\"WebSite\",\"@id\":\"https:\\\/\\\/nirigs.com\\\/#website\",\"url\":\"https:\\\/\\\/nirigs.com\\\/\",\"name\":\"Nirigs.com\",\"description\":\"Simplifiez vos achats du quotidien \u00e0 Djibouti\",\"publisher\":{\"@id\":\"https:\\\/\\\/nirigs.com\\\/#organization\"},\"potentialAction\":[{\"@type\":\"SearchAction\",\"target\":{\"@type\":\"EntryPoint\",\"urlTemplate\":\"https:\\\/\\\/nirigs.com\\\/?s={search_term_string}\"},\"query-input\":{\"@type\":\"PropertyValueSpecification\",\"valueRequired\":true,\"valueName\":\"search_term_string\"}}],\"inLanguage\":\"en-US\"},{\"@type\":\"Organization\",\"@id\":\"https:\\\/\\\/nirigs.com\\\/#organization\",\"name\":\"Nirigs\",\"url\":\"https:\\\/\\\/nirigs.com\\\/\",\"logo\":{\"@type\":\"ImageObject\",\"inLanguage\":\"en-US\",\"@id\":\"https:\\\/\\\/nirigs.com\\\/#\\\/schema\\\/logo\\\/image\\\/\",\"url\":\"https:\\\/\\\/nirigs.com\\\/wp-content\\\/uploads\\\/2025\\\/04\\\/Design-sans-titre-27.png\",\"contentUrl\":\"https:\\\/\\\/nirigs.com\\\/wp-content\\\/uploads\\\/2025\\\/04\\\/Design-sans-titre-27.png\",\"width\":500,\"height\":500,\"caption\":\"Nirigs\"},\"image\":{\"@id\":\"https:\\\/\\\/nirigs.com\\\/#\\\/schema\\\/logo\\\/image\\\/\"}}]}<\/script>\n<!-- \/ Yoast SEO plugin. -->","yoast_head_json":{"title":"As I Am - Apr\u00e8s-shampoing sans rin\u00e7age - 237 ml - NIRIGS","robots":{"index":"index","follow":"follow","max-snippet":"max-snippet:-1","max-image-preview":"max-image-preview:large","max-video-preview":"max-video-preview:-1"},"canonical":"https:\/\/nirigs.com\/en\/product\/as-i-am-apres-shampoing-sans-rincage-237-ml\/","og_locale":"en_US","og_type":"article","og_title":"As I Am - Apr\u00e8s-shampoing sans rin\u00e7age - 237 ml - NIRIGS","og_description":"L\u2019apr\u00e8s-shampoing sans rin\u00e7age As I Am est un soin l\u00e9ger et nourrissant con\u00e7u pour hydrater, adoucir et prot\u00e9ger les cheveux","og_url":"https:\/\/nirigs.com\/en\/product\/as-i-am-apres-shampoing-sans-rincage-237-ml\/","og_site_name":"NIRIGS","article_modified_time":"2026-03-04T16:06:37+00:00","og_image":[{"width":1000,"height":1000,"url":"https:\/\/nirigs.com\/wp-content\/uploads\/2024\/02\/As-I-Am-\u2013-Apres-shampoing-sans-rincage-\u2013-237-ml.jpg","type":"image\/jpeg"}],"twitter_card":"summary_large_image","twitter_misc":{"Est. reading time":"2 minutes"},"schema":{"@context":"https:\/\/schema.org","@graph":[{"@type":"WebPage","@id":"https:\/\/nirigs.com\/product\/as-i-am-apres-shampoing-sans-rincage-237-ml\/","url":"https:\/\/nirigs.com\/product\/as-i-am-apres-shampoing-sans-rincage-237-ml\/","name":"As I Am - Apr\u00e8s-shampoing sans rin\u00e7age - 237 ml - NIRIGS","isPartOf":{"@id":"https:\/\/nirigs.com\/#website"},"primaryImageOfPage":{"@id":"https:\/\/nirigs.com\/product\/as-i-am-apres-shampoing-sans-rincage-237-ml\/#primaryimage"},"image":{"@id":"https:\/\/nirigs.com\/product\/as-i-am-apres-shampoing-sans-rincage-237-ml\/#primaryimage"},"thumbnailUrl":"https:\/\/nirigs.com\/wp-content\/uploads\/2024\/02\/As-I-Am-\u2013-Apres-shampoing-sans-rincage-\u2013-237-ml.jpg","datePublished":"2024-02-01T07:55:08+00:00","dateModified":"2026-03-04T16:06:37+00:00","breadcrumb":{"@id":"https:\/\/nirigs.com\/product\/as-i-am-apres-shampoing-sans-rincage-237-ml\/#breadcrumb"},"inLanguage":"en-US","potentialAction":[{"@type":"ReadAction","target":["https:\/\/nirigs.com\/product\/as-i-am-apres-shampoing-sans-rincage-237-ml\/"]}]},{"@type":"ImageObject","inLanguage":"en-US","@id":"https:\/\/nirigs.com\/product\/as-i-am-apres-shampoing-sans-rincage-237-ml\/#primaryimage","url":"https:\/\/nirigs.com\/wp-content\/uploads\/2024\/02\/As-I-Am-\u2013-Apres-shampoing-sans-rincage-\u2013-237-ml.jpg","contentUrl":"https:\/\/nirigs.com\/wp-content\/uploads\/2024\/02\/As-I-Am-\u2013-Apres-shampoing-sans-rincage-\u2013-237-ml.jpg","width":1000,"height":1000},{"@type":"BreadcrumbList","@id":"https:\/\/nirigs.com\/product\/as-i-am-apres-shampoing-sans-rincage-237-ml\/#breadcrumb","itemListElement":[{"@type":"ListItem","position":1,"name":"Home","item":"https:\/\/nirigs.com\/"},{"@type":"ListItem","position":2,"name":"Parcourir","item":"https:\/\/nirigs.com\/boutique\/"},{"@type":"ListItem","position":3,"name":"As I Am &#8211; Apr\u00e8s-shampoing sans rin\u00e7age &#8211; 237 ml"}]},{"@type":"WebSite","@id":"https:\/\/nirigs.com\/#website","url":"https:\/\/nirigs.com\/","name":"Nirigs.com","description":"Simplifiez vos achats du quotidien \u00e0 Djibouti","publisher":{"@id":"https:\/\/nirigs.com\/#organization"},"potentialAction":[{"@type":"SearchAction","target":{"@type":"EntryPoint","urlTemplate":"https:\/\/nirigs.com\/?s={search_term_string}"},"query-input":{"@type":"PropertyValueSpecification","valueRequired":true,"valueName":"search_term_string"}}],"inLanguage":"en-US"},{"@type":"Organization","@id":"https:\/\/nirigs.com\/#organization","name":"Nirigs","url":"https:\/\/nirigs.com\/","logo":{"@type":"ImageObject","inLanguage":"en-US","@id":"https:\/\/nirigs.com\/#\/schema\/logo\/image\/","url":"https:\/\/nirigs.com\/wp-content\/uploads\/2025\/04\/Design-sans-titre-27.png","contentUrl":"https:\/\/nirigs.com\/wp-content\/uploads\/2025\/04\/Design-sans-titre-27.png","width":500,"height":500,"caption":"Nirigs"},"image":{"@id":"https:\/\/nirigs.com\/#\/schema\/logo\/image\/"}}]}},"brands":[{"id":780,"name":"As I Am","slug":"as-i-am"}],"_links":{"self":[{"href":"https:\/\/nirigs.com\/en\/wp-json\/wp\/v2\/product\/17109","targetHints":{"allow":["GET"]}}],"collection":[{"href":"https:\/\/nirigs.com\/en\/wp-json\/wp\/v2\/product"}],"about":[{"href":"https:\/\/nirigs.com\/en\/wp-json\/wp\/v2\/types\/product"}],"replies":[{"embeddable":true,"href":"https:\/\/nirigs.com\/en\/wp-json\/wp\/v2\/comments?post=17109"}],"version-history":[{"count":13,"href":"https:\/\/nirigs.com\/en\/wp-json\/wp\/v2\/product\/17109\/revisions"}],"predecessor-version":[{"id":27617,"href":"https:\/\/nirigs.com\/en\/wp-json\/wp\/v2\/product\/17109\/revisions\/27617"}],"wp:featuredmedia":[{"embeddable":true,"href":"https:\/\/nirigs.com\/en\/wp-json\/wp\/v2\/media\/24449"}],"wp:attachment":[{"href":"https:\/\/nirigs.com\/en\/wp-json\/wp\/v2\/media?parent=17109"}],"wp:term":[{"taxonomy":"pwb-brand","embeddable":true,"href":"https:\/\/nirigs.com\/en\/wp-json\/wp\/v2\/pwb-brand?post=17109"},{"taxonomy":"product_brand","embeddable":true,"href":"https:\/\/nirigs.com\/en\/wp-json\/wp\/v2\/product_brand?post=17109"},{"taxonomy":"product_cat","embeddable":true,"href":"https:\/\/nirigs.com\/en\/wp-json\/wp\/v2\/product_cat?post=17109"},{"taxonomy":"product_tag","embeddable":true,"href":"https:\/\/nirigs.com\/en\/wp-json\/wp\/v2\/product_tag?post=17109"}],"curies":[{"name":"wp","href":"https:\/\/api.w.org\/{rel}","templated":true}]}}