{"id":17108,"date":"2024-02-01T10:37:09","date_gmt":"2024-02-01T07:37:09","guid":{"rendered":"https:\/\/nirigs.com\/?post_type=product&#038;p=17108"},"modified":"2025-03-16T09:56:52","modified_gmt":"2025-03-16T06:56:52","slug":"styling-gel-curl-waves-473-ml","status":"publish","type":"product","link":"https:\/\/nirigs.com\/en\/product\/styling-gel-curl-waves-473-ml\/","title":{"rendered":"Eco Styler &#8211; Gel Coiffant Boucles &amp; Ondes &#8211; 473 ml"},"content":{"rendered":"<p>Gel coiffant et fixant pour cheveux boucl\u00e9s de Eco Style et est id\u00e9ale pour les cheveux boucl\u00e9s et ondul\u00e9s, il est tr\u00e8s l\u00e9ger et offre une excellente adh\u00e9rence d\u00e9fiant la gravit\u00e9 pour tous les coups. Il est \u00e0 base d&rsquo;eau et fournira de l&rsquo;humidit\u00e9 pour aider \u00e0 garder les cheveux en bonne sant\u00e9.<\/p>\n<h4>Use<\/h4>\n<ul>\n<li>Prenez une petite quantit\u00e9 de gel Eco Style dans la paume de votre main.<\/li>\n<li>Frottez vos mains ensemble pour r\u00e9partir le produit uniform\u00e9ment.<\/li>\n<li>Appliquez le gel des racines aux pointes, en utilisant vos doigts ou un peigne \u00e0 dents larges pour le distribuer uniform\u00e9ment \u00e0 travers vos boucles ou ondulations.<\/li>\n<li>Ajustez la quantit\u00e9 de gel en fonction de la densit\u00e9 et de la longueur de vos cheveux.<\/li>\n<li style=\"list-style-type: none;\"><\/li>\n<\/ul>\n<h4><strong>Ingredients<\/strong><\/h4>\n<p>Water (Aqua), Carbomer, Hydrolyzed Wheat Protein, Glycerin, Amino-2-Methyl-1-Propanol, Sodium Hydroxymethylglycinate, Polysorbate 20, Tetrasodium EDTA, Fragrance (Parfum), C1 19140 Yellow 5, Love And Pride.<\/p>","protected":false},"excerpt":{"rendered":"<p>Gel coiffant et fixant pour cheveux boucl\u00e9s de Eco Style et est id\u00e9ale pour les cheveux boucl\u00e9s et ondul\u00e9s, il<\/p>","protected":false},"featured_media":24466,"comment_status":"open","ping_status":"closed","template":"","meta":[],"pwb-brand":[779],"product_brand":[],"product_cat":[267,1022,1073,1071],"product_tag":[],"class_list":{"0":"post-17108","1":"product","2":"type-product","3":"status-publish","4":"has-post-thumbnail","6":"pwb-brand-eco-styler","7":"product_cat-beaute-et-soins","8":"product_cat-coiffures-et-soins-des-cheveux","9":"product_cat-gels-coiffants","10":"product_cat-produits-coiffants","12":"first","13":"instock","14":"shipping-taxable","15":"purchasable","16":"product-type-simple"},"yoast_head":"<!-- This site is optimized with the Yoast SEO plugin v27.1.1 - https:\/\/yoast.com\/product\/yoast-seo-wordpress\/ -->\n<title>Eco Styler - Gel Coiffant Boucles &amp; Ondes - 473 ml - NIRIGS<\/title>\n<meta name=\"robots\" content=\"index, follow, max-snippet:-1, max-image-preview:large, max-video-preview:-1\" \/>\n<link rel=\"canonical\" href=\"https:\/\/nirigs.com\/en\/product\/styling-gel-curl-waves-473-ml\/\" \/>\n<meta property=\"og:locale\" content=\"en_US\" \/>\n<meta property=\"og:type\" content=\"article\" \/>\n<meta property=\"og:title\" content=\"Eco Styler - Gel Coiffant Boucles &amp; Ondes - 473 ml - NIRIGS\" \/>\n<meta property=\"og:description\" content=\"Gel coiffant et fixant pour cheveux boucl\u00e9s de Eco Style et est id\u00e9ale pour les cheveux boucl\u00e9s et ondul\u00e9s, il\" \/>\n<meta property=\"og:url\" content=\"https:\/\/nirigs.com\/en\/product\/styling-gel-curl-waves-473-ml\/\" \/>\n<meta property=\"og:site_name\" content=\"NIRIGS\" \/>\n<meta property=\"article:modified_time\" content=\"2025-03-16T06:56:52+00:00\" \/>\n<meta property=\"og:image\" content=\"https:\/\/nirigs.com\/wp-content\/uploads\/2024\/02\/Eco-Styler-\u2013-Gel-Coiffant-Boucles-Ondes-\u2013-473-ml.jpg\" \/>\n\t<meta property=\"og:image:width\" content=\"1000\" \/>\n\t<meta property=\"og:image:height\" content=\"1000\" \/>\n\t<meta property=\"og:image:type\" content=\"image\/jpeg\" \/>\n<meta name=\"twitter:card\" content=\"summary_large_image\" \/>\n<meta name=\"twitter:label1\" content=\"Est. reading time\" \/>\n\t<meta name=\"twitter:data1\" content=\"1 minute\" \/>\n<script type=\"application\/ld+json\" class=\"yoast-schema-graph\">{\"@context\":\"https:\/\/schema.org\",\"@graph\":[{\"@type\":\"WebPage\",\"@id\":\"https:\/\/nirigs.com\/product\/styling-gel-curl-waves-473-ml\/\",\"url\":\"https:\/\/nirigs.com\/product\/styling-gel-curl-waves-473-ml\/\",\"name\":\"Eco Styler - Gel Coiffant Boucles &amp; Ondes - 473 ml - NIRIGS\",\"isPartOf\":{\"@id\":\"https:\/\/nirigs.com\/#website\"},\"primaryImageOfPage\":{\"@id\":\"https:\/\/nirigs.com\/product\/styling-gel-curl-waves-473-ml\/#primaryimage\"},\"image\":{\"@id\":\"https:\/\/nirigs.com\/product\/styling-gel-curl-waves-473-ml\/#primaryimage\"},\"thumbnailUrl\":\"https:\/\/nirigs.com\/wp-content\/uploads\/2024\/02\/Eco-Styler-\u2013-Gel-Coiffant-Boucles-Ondes-\u2013-473-ml.jpg\",\"datePublished\":\"2024-02-01T07:37:09+00:00\",\"dateModified\":\"2025-03-16T06:56:52+00:00\",\"breadcrumb\":{\"@id\":\"https:\/\/nirigs.com\/product\/styling-gel-curl-waves-473-ml\/#breadcrumb\"},\"inLanguage\":\"en-US\",\"potentialAction\":[{\"@type\":\"ReadAction\",\"target\":[\"https:\/\/nirigs.com\/product\/styling-gel-curl-waves-473-ml\/\"]}]},{\"@type\":\"ImageObject\",\"inLanguage\":\"en-US\",\"@id\":\"https:\/\/nirigs.com\/product\/styling-gel-curl-waves-473-ml\/#primaryimage\",\"url\":\"https:\/\/nirigs.com\/wp-content\/uploads\/2024\/02\/Eco-Styler-\u2013-Gel-Coiffant-Boucles-Ondes-\u2013-473-ml.jpg\",\"contentUrl\":\"https:\/\/nirigs.com\/wp-content\/uploads\/2024\/02\/Eco-Styler-\u2013-Gel-Coiffant-Boucles-Ondes-\u2013-473-ml.jpg\",\"width\":1000,\"height\":1000},{\"@type\":\"BreadcrumbList\",\"@id\":\"https:\/\/nirigs.com\/product\/styling-gel-curl-waves-473-ml\/#breadcrumb\",\"itemListElement\":[{\"@type\":\"ListItem\",\"position\":1,\"name\":\"Home\",\"item\":\"https:\/\/nirigs.com\/\"},{\"@type\":\"ListItem\",\"position\":2,\"name\":\"Parcourir\",\"item\":\"https:\/\/nirigs.com\/boutique\/\"},{\"@type\":\"ListItem\",\"position\":3,\"name\":\"Eco Styler &#8211; Gel Coiffant Boucles &amp; Ondes &#8211; 473 ml\"}]},{\"@type\":\"WebSite\",\"@id\":\"https:\/\/nirigs.com\/#website\",\"url\":\"https:\/\/nirigs.com\/\",\"name\":\"Nirigs.com\",\"description\":\"Simplifiez vos achats du quotidien \u00e0 Djibouti\",\"publisher\":{\"@id\":\"https:\/\/nirigs.com\/#organization\"},\"potentialAction\":[{\"@type\":\"SearchAction\",\"target\":{\"@type\":\"EntryPoint\",\"urlTemplate\":\"https:\/\/nirigs.com\/?s={search_term_string}\"},\"query-input\":{\"@type\":\"PropertyValueSpecification\",\"valueRequired\":true,\"valueName\":\"search_term_string\"}}],\"inLanguage\":\"en-US\"},{\"@type\":\"Organization\",\"@id\":\"https:\/\/nirigs.com\/#organization\",\"name\":\"Nirigs\",\"url\":\"https:\/\/nirigs.com\/\",\"logo\":{\"@type\":\"ImageObject\",\"inLanguage\":\"en-US\",\"@id\":\"https:\/\/nirigs.com\/#\/schema\/logo\/image\/\",\"url\":\"https:\/\/nirigs.com\/wp-content\/uploads\/2025\/04\/Design-sans-titre-27.png\",\"contentUrl\":\"https:\/\/nirigs.com\/wp-content\/uploads\/2025\/04\/Design-sans-titre-27.png\",\"width\":500,\"height\":500,\"caption\":\"Nirigs\"},\"image\":{\"@id\":\"https:\/\/nirigs.com\/#\/schema\/logo\/image\/\"}}]}<\/script>\n<!-- \/ Yoast SEO plugin. -->","yoast_head_json":{"title":"Eco Styler - Gel Coiffant Boucles &amp; Ondes - 473 ml - NIRIGS","robots":{"index":"index","follow":"follow","max-snippet":"max-snippet:-1","max-image-preview":"max-image-preview:large","max-video-preview":"max-video-preview:-1"},"canonical":"https:\/\/nirigs.com\/en\/product\/styling-gel-curl-waves-473-ml\/","og_locale":"en_US","og_type":"article","og_title":"Eco Styler - Gel Coiffant Boucles &amp; Ondes - 473 ml - NIRIGS","og_description":"Gel coiffant et fixant pour cheveux boucl\u00e9s de Eco Style et est id\u00e9ale pour les cheveux boucl\u00e9s et ondul\u00e9s, il","og_url":"https:\/\/nirigs.com\/en\/product\/styling-gel-curl-waves-473-ml\/","og_site_name":"NIRIGS","article_modified_time":"2025-03-16T06:56:52+00:00","og_image":[{"width":1000,"height":1000,"url":"https:\/\/nirigs.com\/wp-content\/uploads\/2024\/02\/Eco-Styler-\u2013-Gel-Coiffant-Boucles-Ondes-\u2013-473-ml.jpg","type":"image\/jpeg"}],"twitter_card":"summary_large_image","twitter_misc":{"Est. reading time":"1 minute"},"schema":{"@context":"https:\/\/schema.org","@graph":[{"@type":"WebPage","@id":"https:\/\/nirigs.com\/product\/styling-gel-curl-waves-473-ml\/","url":"https:\/\/nirigs.com\/product\/styling-gel-curl-waves-473-ml\/","name":"Eco Styler - Gel Coiffant Boucles &amp; Ondes - 473 ml - NIRIGS","isPartOf":{"@id":"https:\/\/nirigs.com\/#website"},"primaryImageOfPage":{"@id":"https:\/\/nirigs.com\/product\/styling-gel-curl-waves-473-ml\/#primaryimage"},"image":{"@id":"https:\/\/nirigs.com\/product\/styling-gel-curl-waves-473-ml\/#primaryimage"},"thumbnailUrl":"https:\/\/nirigs.com\/wp-content\/uploads\/2024\/02\/Eco-Styler-\u2013-Gel-Coiffant-Boucles-Ondes-\u2013-473-ml.jpg","datePublished":"2024-02-01T07:37:09+00:00","dateModified":"2025-03-16T06:56:52+00:00","breadcrumb":{"@id":"https:\/\/nirigs.com\/product\/styling-gel-curl-waves-473-ml\/#breadcrumb"},"inLanguage":"en-US","potentialAction":[{"@type":"ReadAction","target":["https:\/\/nirigs.com\/product\/styling-gel-curl-waves-473-ml\/"]}]},{"@type":"ImageObject","inLanguage":"en-US","@id":"https:\/\/nirigs.com\/product\/styling-gel-curl-waves-473-ml\/#primaryimage","url":"https:\/\/nirigs.com\/wp-content\/uploads\/2024\/02\/Eco-Styler-\u2013-Gel-Coiffant-Boucles-Ondes-\u2013-473-ml.jpg","contentUrl":"https:\/\/nirigs.com\/wp-content\/uploads\/2024\/02\/Eco-Styler-\u2013-Gel-Coiffant-Boucles-Ondes-\u2013-473-ml.jpg","width":1000,"height":1000},{"@type":"BreadcrumbList","@id":"https:\/\/nirigs.com\/product\/styling-gel-curl-waves-473-ml\/#breadcrumb","itemListElement":[{"@type":"ListItem","position":1,"name":"Home","item":"https:\/\/nirigs.com\/"},{"@type":"ListItem","position":2,"name":"Parcourir","item":"https:\/\/nirigs.com\/boutique\/"},{"@type":"ListItem","position":3,"name":"Eco Styler &#8211; Gel Coiffant Boucles &amp; Ondes &#8211; 473 ml"}]},{"@type":"WebSite","@id":"https:\/\/nirigs.com\/#website","url":"https:\/\/nirigs.com\/","name":"Nirigs.com","description":"Simplifiez vos achats du quotidien \u00e0 Djibouti","publisher":{"@id":"https:\/\/nirigs.com\/#organization"},"potentialAction":[{"@type":"SearchAction","target":{"@type":"EntryPoint","urlTemplate":"https:\/\/nirigs.com\/?s={search_term_string}"},"query-input":{"@type":"PropertyValueSpecification","valueRequired":true,"valueName":"search_term_string"}}],"inLanguage":"en-US"},{"@type":"Organization","@id":"https:\/\/nirigs.com\/#organization","name":"Nirigs","url":"https:\/\/nirigs.com\/","logo":{"@type":"ImageObject","inLanguage":"en-US","@id":"https:\/\/nirigs.com\/#\/schema\/logo\/image\/","url":"https:\/\/nirigs.com\/wp-content\/uploads\/2025\/04\/Design-sans-titre-27.png","contentUrl":"https:\/\/nirigs.com\/wp-content\/uploads\/2025\/04\/Design-sans-titre-27.png","width":500,"height":500,"caption":"Nirigs"},"image":{"@id":"https:\/\/nirigs.com\/#\/schema\/logo\/image\/"}}]}},"brands":[{"id":779,"name":"Eco Styler","slug":"eco-styler"}],"_links":{"self":[{"href":"https:\/\/nirigs.com\/en\/wp-json\/wp\/v2\/product\/17108","targetHints":{"allow":["GET"]}}],"collection":[{"href":"https:\/\/nirigs.com\/en\/wp-json\/wp\/v2\/product"}],"about":[{"href":"https:\/\/nirigs.com\/en\/wp-json\/wp\/v2\/types\/product"}],"replies":[{"embeddable":true,"href":"https:\/\/nirigs.com\/en\/wp-json\/wp\/v2\/comments?post=17108"}],"version-history":[{"count":8,"href":"https:\/\/nirigs.com\/en\/wp-json\/wp\/v2\/product\/17108\/revisions"}],"predecessor-version":[{"id":25290,"href":"https:\/\/nirigs.com\/en\/wp-json\/wp\/v2\/product\/17108\/revisions\/25290"}],"wp:featuredmedia":[{"embeddable":true,"href":"https:\/\/nirigs.com\/en\/wp-json\/wp\/v2\/media\/24466"}],"wp:attachment":[{"href":"https:\/\/nirigs.com\/en\/wp-json\/wp\/v2\/media?parent=17108"}],"wp:term":[{"taxonomy":"pwb-brand","embeddable":true,"href":"https:\/\/nirigs.com\/en\/wp-json\/wp\/v2\/pwb-brand?post=17108"},{"taxonomy":"product_brand","embeddable":true,"href":"https:\/\/nirigs.com\/en\/wp-json\/wp\/v2\/product_brand?post=17108"},{"taxonomy":"product_cat","embeddable":true,"href":"https:\/\/nirigs.com\/en\/wp-json\/wp\/v2\/product_cat?post=17108"},{"taxonomy":"product_tag","embeddable":true,"href":"https:\/\/nirigs.com\/en\/wp-json\/wp\/v2\/product_tag?post=17108"}],"curies":[{"name":"wp","href":"https:\/\/api.w.org\/{rel}","templated":true}]}}