{"id":17106,"date":"2024-02-01T10:26:13","date_gmt":"2024-02-01T07:26:13","guid":{"rendered":"https:\/\/nirigs.com\/?post_type=product&#038;p=17106"},"modified":"2025-03-16T09:57:23","modified_gmt":"2025-03-16T06:57:23","slug":"rosemary-mint-daily-styling-creme","status":"publish","type":"product","link":"https:\/\/nirigs.com\/en\/product\/rosemary-mint-daily-styling-creme\/","title":{"rendered":"Mielle \u2013 Rosemary Mint Daily Styling Cream \u2013 240 ml"},"content":{"rendered":"<p>La cr\u00e8me coiffante quotidienne multivitamin\u00e9e au romarin et \u00e0 la menthe de Mielle est un gel-cr\u00e8me \u00e0 double usage con\u00e7u pour vous aider \u00e0 obtenir des coiffures impeccables et des cheveux plus sains ! Fabriqu\u00e9e \u00e0 partir d&rsquo;ingr\u00e9dients certifi\u00e9s biologiques, cette formule personnalis\u00e9e hydrate et nourrit vos cheveux sans les alourdir.<br \/>\nElle offre \u00e9galement une protection contre les frisottis et une excellente tenue pour toutes vos coiffures pr\u00e9f\u00e9r\u00e9es ! Et comme si cela ne suffisait pas, elle a aussi une odeur extraordinaire.<br \/>\nDonnez \u00e0 vos cheveux la nourriture qu&rsquo;ils m\u00e9ritent tous les jours et commandez d\u00e8s aujourd&rsquo;hui votre cr\u00e8me coiffante quotidienne multivitamin\u00e9e au romarin et \u00e0 la menthe !<\/p>\n<p>*Appliquer sur cheveux humides ou secs<\/p>\n<h4><strong>Use<\/strong><\/h4>\n<ul>\n<li>S\u00e9parer les cheveux et appliquer le produit sur les cheveux humides ou secs. Ne pas rincer.<\/li>\n<li>Coiffez les cheveux comme vous le souhaitez.<\/li>\n<li>Pour de meilleurs r\u00e9sultats, utilisez la cr\u00e8me de coiffage quotidienne pour les torsades, les tresses et les coiffures lavables.<\/li>\n<\/ul>\n<h4>Ingredients<\/h4>\n<p>Water (Aqua, Eau), Sorbitol, Acrylates\/ Steareth-20 Methacrylate Copolymer, Prunus Amygdalus Dulcis (Sweet Almond) Oil, Glycerin, Aminomethyl Propanol, Polysorbate-20, Carbomer, Mentha Piperita (Peppermint) Oil, Rosmarinus Officinalis (Rosemary) Leaf Oil, Disodium EDTA, Aloe Barbadensis Leaf Juice (Decolorized), Panthenol, Orbignya Oleifera (Babassu) Seed Oil, Zingiber Officinale (Ginger) Root Oil, Cocos Nucifera (Coconut) Oil, Equisetum Arvense (Horsetail Grass) Extract, Lawsonia Inermis (Henna) Extract, Rosmarinus Officinalis (Rosemary) Leaves Extract, Anthemis Nobilis (Chamomile) Flower Extract, Symphytum Officinale (Comfrey) Leaves Extract, Humulus Lupulus (Hops) Extract, Urtica Dioica (Nettle) Extract, Honey, Biotin, Phenoxyethanol, Benzoic Acid, Ethylhexyl-glycerin, Glycereth-2 Cocoate.<\/p>","protected":false},"excerpt":{"rendered":"<p>La cr\u00e8me coiffante quotidienne multivitamin\u00e9e au romarin et \u00e0 la menthe de Mielle est un gel-cr\u00e8me \u00e0 double usage con\u00e7u<\/p>","protected":false},"featured_media":24473,"comment_status":"open","ping_status":"closed","template":"","meta":[],"pwb-brand":[757],"product_brand":[],"product_cat":[267,1022,1072,1073,1071],"product_tag":[],"class_list":{"0":"post-17106","1":"product","2":"type-product","3":"status-publish","4":"has-post-thumbnail","6":"pwb-brand-mielle","7":"product_cat-beaute-et-soins","8":"product_cat-coiffures-et-soins-des-cheveux","9":"product_cat-cremes-et-lotions-capillaires-coiffantes","10":"product_cat-gels-coiffants","11":"product_cat-produits-coiffants","13":"first","14":"instock","15":"shipping-taxable","16":"purchasable","17":"product-type-simple"},"yoast_head":"<!-- This site is optimized with the Yoast SEO plugin v27.4 - https:\/\/yoast.com\/product\/yoast-seo-wordpress\/ -->\n<title>Mielle - Rosemary Mint Daily Styling Cr\u00e9me - 240 ml - NIRIGS<\/title>\n<meta name=\"robots\" content=\"index, follow, max-snippet:-1, max-image-preview:large, max-video-preview:-1\" \/>\n<link rel=\"canonical\" href=\"https:\/\/nirigs.com\/en\/product\/rosemary-mint-daily-styling-creme\/\" \/>\n<meta property=\"og:locale\" content=\"en_US\" \/>\n<meta property=\"og:type\" content=\"article\" \/>\n<meta property=\"og:title\" content=\"Mielle - Rosemary Mint Daily Styling Cr\u00e9me - 240 ml - NIRIGS\" \/>\n<meta property=\"og:description\" content=\"La cr\u00e8me coiffante quotidienne multivitamin\u00e9e au romarin et \u00e0 la menthe de Mielle est un gel-cr\u00e8me \u00e0 double usage con\u00e7u\" \/>\n<meta property=\"og:url\" content=\"https:\/\/nirigs.com\/en\/product\/rosemary-mint-daily-styling-creme\/\" \/>\n<meta property=\"og:site_name\" content=\"NIRIGS\" \/>\n<meta property=\"article:modified_time\" content=\"2025-03-16T06:57:23+00:00\" \/>\n<meta property=\"og:image\" content=\"https:\/\/nirigs.com\/wp-content\/uploads\/2024\/02\/Mielle-\u2013-Rosemary-Mint-Daily-Styling-Creme-\u2013-240-ml.jpg\" \/>\n\t<meta property=\"og:image:width\" content=\"1000\" \/>\n\t<meta property=\"og:image:height\" content=\"1000\" \/>\n\t<meta property=\"og:image:type\" content=\"image\/jpeg\" \/>\n<meta name=\"twitter:card\" content=\"summary_large_image\" \/>\n<meta name=\"twitter:label1\" content=\"Est. reading time\" \/>\n\t<meta name=\"twitter:data1\" content=\"1 minute\" \/>\n<script type=\"application\/ld+json\" class=\"yoast-schema-graph\">{\"@context\":\"https:\\\/\\\/schema.org\",\"@graph\":[{\"@type\":\"WebPage\",\"@id\":\"https:\\\/\\\/nirigs.com\\\/product\\\/rosemary-mint-daily-styling-creme\\\/\",\"url\":\"https:\\\/\\\/nirigs.com\\\/product\\\/rosemary-mint-daily-styling-creme\\\/\",\"name\":\"Mielle - Rosemary Mint Daily Styling Cr\u00e9me - 240 ml - NIRIGS\",\"isPartOf\":{\"@id\":\"https:\\\/\\\/nirigs.com\\\/#website\"},\"primaryImageOfPage\":{\"@id\":\"https:\\\/\\\/nirigs.com\\\/product\\\/rosemary-mint-daily-styling-creme\\\/#primaryimage\"},\"image\":{\"@id\":\"https:\\\/\\\/nirigs.com\\\/product\\\/rosemary-mint-daily-styling-creme\\\/#primaryimage\"},\"thumbnailUrl\":\"https:\\\/\\\/nirigs.com\\\/wp-content\\\/uploads\\\/2024\\\/02\\\/Mielle-\u2013-Rosemary-Mint-Daily-Styling-Creme-\u2013-240-ml.jpg\",\"datePublished\":\"2024-02-01T07:26:13+00:00\",\"dateModified\":\"2025-03-16T06:57:23+00:00\",\"breadcrumb\":{\"@id\":\"https:\\\/\\\/nirigs.com\\\/product\\\/rosemary-mint-daily-styling-creme\\\/#breadcrumb\"},\"inLanguage\":\"en-US\",\"potentialAction\":[{\"@type\":\"ReadAction\",\"target\":[\"https:\\\/\\\/nirigs.com\\\/product\\\/rosemary-mint-daily-styling-creme\\\/\"]}]},{\"@type\":\"ImageObject\",\"inLanguage\":\"en-US\",\"@id\":\"https:\\\/\\\/nirigs.com\\\/product\\\/rosemary-mint-daily-styling-creme\\\/#primaryimage\",\"url\":\"https:\\\/\\\/nirigs.com\\\/wp-content\\\/uploads\\\/2024\\\/02\\\/Mielle-\u2013-Rosemary-Mint-Daily-Styling-Creme-\u2013-240-ml.jpg\",\"contentUrl\":\"https:\\\/\\\/nirigs.com\\\/wp-content\\\/uploads\\\/2024\\\/02\\\/Mielle-\u2013-Rosemary-Mint-Daily-Styling-Creme-\u2013-240-ml.jpg\",\"width\":1000,\"height\":1000},{\"@type\":\"BreadcrumbList\",\"@id\":\"https:\\\/\\\/nirigs.com\\\/product\\\/rosemary-mint-daily-styling-creme\\\/#breadcrumb\",\"itemListElement\":[{\"@type\":\"ListItem\",\"position\":1,\"name\":\"Home\",\"item\":\"https:\\\/\\\/nirigs.com\\\/\"},{\"@type\":\"ListItem\",\"position\":2,\"name\":\"Parcourir\",\"item\":\"https:\\\/\\\/nirigs.com\\\/boutique\\\/\"},{\"@type\":\"ListItem\",\"position\":3,\"name\":\"Mielle &#8211; Rosemary Mint Daily Styling Cr\u00e9me &#8211; 240 ml\"}]},{\"@type\":\"WebSite\",\"@id\":\"https:\\\/\\\/nirigs.com\\\/#website\",\"url\":\"https:\\\/\\\/nirigs.com\\\/\",\"name\":\"Nirigs.com\",\"description\":\"Simplifiez vos achats du quotidien \u00e0 Djibouti\",\"publisher\":{\"@id\":\"https:\\\/\\\/nirigs.com\\\/#organization\"},\"potentialAction\":[{\"@type\":\"SearchAction\",\"target\":{\"@type\":\"EntryPoint\",\"urlTemplate\":\"https:\\\/\\\/nirigs.com\\\/?s={search_term_string}\"},\"query-input\":{\"@type\":\"PropertyValueSpecification\",\"valueRequired\":true,\"valueName\":\"search_term_string\"}}],\"inLanguage\":\"en-US\"},{\"@type\":\"Organization\",\"@id\":\"https:\\\/\\\/nirigs.com\\\/#organization\",\"name\":\"Nirigs\",\"url\":\"https:\\\/\\\/nirigs.com\\\/\",\"logo\":{\"@type\":\"ImageObject\",\"inLanguage\":\"en-US\",\"@id\":\"https:\\\/\\\/nirigs.com\\\/#\\\/schema\\\/logo\\\/image\\\/\",\"url\":\"https:\\\/\\\/nirigs.com\\\/wp-content\\\/uploads\\\/2025\\\/04\\\/Design-sans-titre-27.png\",\"contentUrl\":\"https:\\\/\\\/nirigs.com\\\/wp-content\\\/uploads\\\/2025\\\/04\\\/Design-sans-titre-27.png\",\"width\":500,\"height\":500,\"caption\":\"Nirigs\"},\"image\":{\"@id\":\"https:\\\/\\\/nirigs.com\\\/#\\\/schema\\\/logo\\\/image\\\/\"}}]}<\/script>\n<!-- \/ Yoast SEO plugin. -->","yoast_head_json":{"title":"Mielle - Rosemary Mint Daily Styling Cr\u00e9me - 240 ml - NIRIGS","robots":{"index":"index","follow":"follow","max-snippet":"max-snippet:-1","max-image-preview":"max-image-preview:large","max-video-preview":"max-video-preview:-1"},"canonical":"https:\/\/nirigs.com\/en\/product\/rosemary-mint-daily-styling-creme\/","og_locale":"en_US","og_type":"article","og_title":"Mielle - Rosemary Mint Daily Styling Cr\u00e9me - 240 ml - NIRIGS","og_description":"La cr\u00e8me coiffante quotidienne multivitamin\u00e9e au romarin et \u00e0 la menthe de Mielle est un gel-cr\u00e8me \u00e0 double usage con\u00e7u","og_url":"https:\/\/nirigs.com\/en\/product\/rosemary-mint-daily-styling-creme\/","og_site_name":"NIRIGS","article_modified_time":"2025-03-16T06:57:23+00:00","og_image":[{"width":1000,"height":1000,"url":"https:\/\/nirigs.com\/wp-content\/uploads\/2024\/02\/Mielle-\u2013-Rosemary-Mint-Daily-Styling-Creme-\u2013-240-ml.jpg","type":"image\/jpeg"}],"twitter_card":"summary_large_image","twitter_misc":{"Est. reading time":"1 minute"},"schema":{"@context":"https:\/\/schema.org","@graph":[{"@type":"WebPage","@id":"https:\/\/nirigs.com\/product\/rosemary-mint-daily-styling-creme\/","url":"https:\/\/nirigs.com\/product\/rosemary-mint-daily-styling-creme\/","name":"Mielle - Rosemary Mint Daily Styling Cr\u00e9me - 240 ml - NIRIGS","isPartOf":{"@id":"https:\/\/nirigs.com\/#website"},"primaryImageOfPage":{"@id":"https:\/\/nirigs.com\/product\/rosemary-mint-daily-styling-creme\/#primaryimage"},"image":{"@id":"https:\/\/nirigs.com\/product\/rosemary-mint-daily-styling-creme\/#primaryimage"},"thumbnailUrl":"https:\/\/nirigs.com\/wp-content\/uploads\/2024\/02\/Mielle-\u2013-Rosemary-Mint-Daily-Styling-Creme-\u2013-240-ml.jpg","datePublished":"2024-02-01T07:26:13+00:00","dateModified":"2025-03-16T06:57:23+00:00","breadcrumb":{"@id":"https:\/\/nirigs.com\/product\/rosemary-mint-daily-styling-creme\/#breadcrumb"},"inLanguage":"en-US","potentialAction":[{"@type":"ReadAction","target":["https:\/\/nirigs.com\/product\/rosemary-mint-daily-styling-creme\/"]}]},{"@type":"ImageObject","inLanguage":"en-US","@id":"https:\/\/nirigs.com\/product\/rosemary-mint-daily-styling-creme\/#primaryimage","url":"https:\/\/nirigs.com\/wp-content\/uploads\/2024\/02\/Mielle-\u2013-Rosemary-Mint-Daily-Styling-Creme-\u2013-240-ml.jpg","contentUrl":"https:\/\/nirigs.com\/wp-content\/uploads\/2024\/02\/Mielle-\u2013-Rosemary-Mint-Daily-Styling-Creme-\u2013-240-ml.jpg","width":1000,"height":1000},{"@type":"BreadcrumbList","@id":"https:\/\/nirigs.com\/product\/rosemary-mint-daily-styling-creme\/#breadcrumb","itemListElement":[{"@type":"ListItem","position":1,"name":"Home","item":"https:\/\/nirigs.com\/"},{"@type":"ListItem","position":2,"name":"Parcourir","item":"https:\/\/nirigs.com\/boutique\/"},{"@type":"ListItem","position":3,"name":"Mielle &#8211; Rosemary Mint Daily Styling Cr\u00e9me &#8211; 240 ml"}]},{"@type":"WebSite","@id":"https:\/\/nirigs.com\/#website","url":"https:\/\/nirigs.com\/","name":"Nirigs.com","description":"Simplifiez vos achats du quotidien \u00e0 Djibouti","publisher":{"@id":"https:\/\/nirigs.com\/#organization"},"potentialAction":[{"@type":"SearchAction","target":{"@type":"EntryPoint","urlTemplate":"https:\/\/nirigs.com\/?s={search_term_string}"},"query-input":{"@type":"PropertyValueSpecification","valueRequired":true,"valueName":"search_term_string"}}],"inLanguage":"en-US"},{"@type":"Organization","@id":"https:\/\/nirigs.com\/#organization","name":"Nirigs","url":"https:\/\/nirigs.com\/","logo":{"@type":"ImageObject","inLanguage":"en-US","@id":"https:\/\/nirigs.com\/#\/schema\/logo\/image\/","url":"https:\/\/nirigs.com\/wp-content\/uploads\/2025\/04\/Design-sans-titre-27.png","contentUrl":"https:\/\/nirigs.com\/wp-content\/uploads\/2025\/04\/Design-sans-titre-27.png","width":500,"height":500,"caption":"Nirigs"},"image":{"@id":"https:\/\/nirigs.com\/#\/schema\/logo\/image\/"}}]}},"brands":[{"id":757,"name":"Honeyed","slug":"mielle"}],"_links":{"self":[{"href":"https:\/\/nirigs.com\/en\/wp-json\/wp\/v2\/product\/17106","targetHints":{"allow":["GET"]}}],"collection":[{"href":"https:\/\/nirigs.com\/en\/wp-json\/wp\/v2\/product"}],"about":[{"href":"https:\/\/nirigs.com\/en\/wp-json\/wp\/v2\/types\/product"}],"replies":[{"embeddable":true,"href":"https:\/\/nirigs.com\/en\/wp-json\/wp\/v2\/comments?post=17106"}],"version-history":[{"count":7,"href":"https:\/\/nirigs.com\/en\/wp-json\/wp\/v2\/product\/17106\/revisions"}],"predecessor-version":[{"id":24471,"href":"https:\/\/nirigs.com\/en\/wp-json\/wp\/v2\/product\/17106\/revisions\/24471"}],"wp:featuredmedia":[{"embeddable":true,"href":"https:\/\/nirigs.com\/en\/wp-json\/wp\/v2\/media\/24473"}],"wp:attachment":[{"href":"https:\/\/nirigs.com\/en\/wp-json\/wp\/v2\/media?parent=17106"}],"wp:term":[{"taxonomy":"pwb-brand","embeddable":true,"href":"https:\/\/nirigs.com\/en\/wp-json\/wp\/v2\/pwb-brand?post=17106"},{"taxonomy":"product_brand","embeddable":true,"href":"https:\/\/nirigs.com\/en\/wp-json\/wp\/v2\/product_brand?post=17106"},{"taxonomy":"product_cat","embeddable":true,"href":"https:\/\/nirigs.com\/en\/wp-json\/wp\/v2\/product_cat?post=17106"},{"taxonomy":"product_tag","embeddable":true,"href":"https:\/\/nirigs.com\/en\/wp-json\/wp\/v2\/product_tag?post=17106"}],"curies":[{"name":"wp","href":"https:\/\/api.w.org\/{rel}","templated":true}]}}