{"id":17100,"date":"2024-01-31T16:47:45","date_gmt":"2024-01-31T13:47:45","guid":{"rendered":"https:\/\/nirigs.com\/?post_type=product&#038;p=17100"},"modified":"2025-03-16T10:51:02","modified_gmt":"2025-03-16T07:51:02","slug":"rosemary-mint-hair-and-strong-roots-oil-88-ml","status":"publish","type":"product","link":"https:\/\/nirigs.com\/en\/product\/rosemary-mint-hair-and-strong-roots-oil-88-ml\/","title":{"rendered":"Sunny Isle - Oil for strong hair and roots with rosemary and mint - 88 ml"},"content":{"rendered":"<p>L&rsquo;huile pour cheveux et racines fortes au romarin et \u00e0 la menthe de Sunny Isle est riche en nutriments et infus\u00e9e d&rsquo;huile de ricin noire de Jama\u00efque et de biotine. Une formule innovante \u00e0 utiliser dans votre routine quotidienne de soins capillaires, ou comme traitement en profondeur INTENSIF pour pr\u00e9venir, r\u00e9parer et r\u00e9g\u00e9n\u00e9rer les racines ab\u00eem\u00e9es.<\/p>\n<ul class=\"a-unordered-list a-vertical a-spacing-mini\">\n<li class=\"a-spacing-mini\"><span class=\"a-list-item\">RENFORCE ET NOURRIT : Sunny Isle Rosemary Mint Hair &amp; Strong Roots Oil est une huile riche en nutriments, infus\u00e9e \u00e0 la biotine et \u00e0 l&rsquo;huile de ricin noire de Jama\u00efque pour les cheveux et le cuir chevelu. Elle s&rsquo;utilise pour les soins quotidiens des cheveux ou les soins sp\u00e9cialis\u00e9s du cuir chevelu pour renforcer, restaurer et pr\u00e9venir les cassures et favoriser des cheveux plus longs, plus \u00e9pais et plus brillants. Appr\u00e9ciez le parfum agr\u00e9able, frais et vivifiant de la menthe.<\/span><\/li>\n<li class=\"a-spacing-mini\"><span class=\"a-list-item\">LISSE LES POINTES FOURCHUES : cette huile l\u00e9g\u00e8re de traitement des cheveux et du cuir chevelu nourrit les follicules pileux et lisse les pointes fourchues, favorisant un aspect sain et lustr\u00e9. Ce m\u00e9lange permet de contr\u00f4ler les frisottis et les cheveux rebelles. \u00c0 utiliser \u00e9galement comme routine d&rsquo;huile chaude.<\/span><\/li>\n<li class=\"a-spacing-mini\"><span class=\"a-list-item\">ASSOUPLIT LE CUIR CHEVELU SEC : L&rsquo;huile pour cheveux et racines fortes au romarin et \u00e0 la menthe de Sunny Isle est formul\u00e9e avec de la biotine, de l&rsquo;huile de ricin noire de Jama\u00efque et des huiles essentielles pour revitaliser en profondeur le cuir chevelu, encourager la croissance, tout en apaisant le cuir chevelu sec, irrit\u00e9 et les d\u00e9mangeaisons.<\/span><\/li>\n<li class=\"a-spacing-mini\"><span class=\"a-list-item\">POUR TOUS LES TYPES DE CHEVEUX ET TOUTES LES TEXTURES : L&rsquo;huile l\u00e9g\u00e8re Rosemary Mint Hair &amp; Strong Roots Oil de Sunny Isle est formul\u00e9e pour renforcer tous les types et textures de cheveux et est sans danger pour les cheveux trait\u00e9s chimiquement. Elle peut \u00eatre utilis\u00e9e en toute confiance pour les coiffures protectrices, y compris les tissages et les tresses.<\/span><\/li>\n<li class=\"a-spacing-mini\"><span class=\"a-list-item\">FORMULE SURE ET SAINE : sans parab\u00e8nes, sans sulfates, sans paraffines, sans huiles min\u00e9rales, sans tests sur les animaux.<\/span><\/li>\n<\/ul>\n<h4>Use<\/h4>\n<ul>\n<li>Utilisez la pipette pour appliquer quelques gouttes directement sur votre cuir chevelu.<\/li>\n<li>Massez doucement du bout des doigts pendant environ 5 \u00e0 10 minutes pour stimuler la circulation sanguine et permettre \u00e0 l&rsquo;huile de p\u00e9n\u00e9trer les racines.<\/li>\n<\/ul>\n<p>*\u00a0 Utilisez l&rsquo;huile 2 \u00e0 3 fois par semaine pour obtenir des r\u00e9sultats optimaux, en particulier si vous cherchez \u00e0 favoriser la croissance des cheveux.<\/p>\n<h4>Ingredients<\/h4>\n<p>Ricinus Communis (Castor) Seed Oil, Persea Gratissima (Avocado) Oil, Vitis Vinifera (Grape) Seed Oil, Cocos Nucifera (Coconut) Oil, Aloe Barbadensis leaf Oil, Vitamin E (Mixed Tocopherol) oil, Mentha arvensis (Peppermint) Oil, Rosmarinus Officinalis Leaf (Rosemary) Oil, Biotin, Lavandula latifolia (Lavender) Oil, Eucalyptus Globulus Leaf (Eucalyptus) Oil, Glycine Soja (Soybean) Oil, Simmondsia Chinensis (Jojoba) Oil, Melaleuca Alternafolia (Tea Tree) Oil, Triticum Vulgare (Wheat) germ Oil, Carthamus Tinctorius (Safflower) seed Oil, Prunus Amygdalus Dulcis (Sweet Almond) Oil, Oenothera Biennis (Evening Primrose) Oil, Equisetum Arvense (Horsetail) extract, Triticum Vulgare (Wheat) Germ Oil, Oryza Sativa (Rice) Bran Oil, Arctium lappa (Burdock Root) extract, Glycerin, Apium Graveolens (Celery) Seed Extract, Ascorbic Acid (Vitamin C), Ocimum basilicum (Basil) Oil, Pogostemon Cablin (Patchouli) Oil, Salvia Officinalis (Sage) Oil, Urtica Dioica (Nettle) Extract, Argania spinosa kernel (Argan) Oil, Pimenta Officinalis (Pimento) Leaf Oil, Nigella Sativa Seed Oil<\/p>","protected":false},"excerpt":{"rendered":"<p>L&rsquo;huile pour cheveux et racines fortes au romarin et \u00e0 la menthe de Sunny Isle est riche en nutriments et<\/p>","protected":false},"featured_media":24506,"comment_status":"open","ping_status":"closed","template":"","meta":[],"pwb-brand":[778],"product_brand":[],"product_cat":[267,1022,1023],"product_tag":[],"class_list":{"0":"post-17100","1":"product","2":"type-product","3":"status-publish","4":"has-post-thumbnail","6":"pwb-brand-sunny-isle","7":"product_cat-beaute-et-soins","8":"product_cat-coiffures-et-soins-des-cheveux","9":"product_cat-huile-pour-cheveux","11":"first","12":"instock","13":"shipping-taxable","14":"purchasable","15":"product-type-simple"},"yoast_head":"<!-- This site is optimized with the Yoast SEO plugin v27.1.1 - https:\/\/yoast.com\/product\/yoast-seo-wordpress\/ -->\n<title>Sunny Isle - Huile pour cheveux et racines fortes au romarin et \u00e0 la menthe - 88 ml - NIRIGS<\/title>\n<meta name=\"robots\" content=\"index, follow, max-snippet:-1, max-image-preview:large, max-video-preview:-1\" \/>\n<link rel=\"canonical\" href=\"https:\/\/nirigs.com\/en\/product\/rosemary-mint-hair-and-strong-roots-oil-88-ml\/\" \/>\n<meta property=\"og:locale\" content=\"en_US\" \/>\n<meta property=\"og:type\" content=\"article\" \/>\n<meta property=\"og:title\" content=\"Sunny Isle - Huile pour cheveux et racines fortes au romarin et \u00e0 la menthe - 88 ml - NIRIGS\" \/>\n<meta property=\"og:description\" content=\"L&rsquo;huile pour cheveux et racines fortes au romarin et \u00e0 la menthe de Sunny Isle est riche en nutriments et\" \/>\n<meta property=\"og:url\" content=\"https:\/\/nirigs.com\/en\/product\/rosemary-mint-hair-and-strong-roots-oil-88-ml\/\" \/>\n<meta property=\"og:site_name\" content=\"NIRIGS\" \/>\n<meta property=\"article:modified_time\" content=\"2025-03-16T07:51:02+00:00\" \/>\n<meta property=\"og:image\" content=\"https:\/\/nirigs.com\/wp-content\/uploads\/2024\/01\/Sunny-Isle-\u2013-Huile-pour-cheveux-et-racines-fortes-au-romarin-et-a-la-menthe-\u2013-88-ml.jpg\" \/>\n\t<meta property=\"og:image:width\" content=\"1000\" \/>\n\t<meta property=\"og:image:height\" content=\"1000\" \/>\n\t<meta property=\"og:image:type\" content=\"image\/jpeg\" \/>\n<meta name=\"twitter:card\" content=\"summary_large_image\" \/>\n<meta name=\"twitter:label1\" content=\"Est. reading time\" \/>\n\t<meta name=\"twitter:data1\" content=\"3 minutes\" \/>\n<script type=\"application\/ld+json\" class=\"yoast-schema-graph\">{\"@context\":\"https:\/\/schema.org\",\"@graph\":[{\"@type\":\"WebPage\",\"@id\":\"https:\/\/nirigs.com\/product\/rosemary-mint-hair-and-strong-roots-oil-88-ml\/\",\"url\":\"https:\/\/nirigs.com\/product\/rosemary-mint-hair-and-strong-roots-oil-88-ml\/\",\"name\":\"Sunny Isle - Huile pour cheveux et racines fortes au romarin et \u00e0 la menthe - 88 ml - NIRIGS\",\"isPartOf\":{\"@id\":\"https:\/\/nirigs.com\/#website\"},\"primaryImageOfPage\":{\"@id\":\"https:\/\/nirigs.com\/product\/rosemary-mint-hair-and-strong-roots-oil-88-ml\/#primaryimage\"},\"image\":{\"@id\":\"https:\/\/nirigs.com\/product\/rosemary-mint-hair-and-strong-roots-oil-88-ml\/#primaryimage\"},\"thumbnailUrl\":\"https:\/\/nirigs.com\/wp-content\/uploads\/2024\/01\/Sunny-Isle-\u2013-Huile-pour-cheveux-et-racines-fortes-au-romarin-et-a-la-menthe-\u2013-88-ml.jpg\",\"datePublished\":\"2024-01-31T13:47:45+00:00\",\"dateModified\":\"2025-03-16T07:51:02+00:00\",\"breadcrumb\":{\"@id\":\"https:\/\/nirigs.com\/product\/rosemary-mint-hair-and-strong-roots-oil-88-ml\/#breadcrumb\"},\"inLanguage\":\"en-US\",\"potentialAction\":[{\"@type\":\"ReadAction\",\"target\":[\"https:\/\/nirigs.com\/product\/rosemary-mint-hair-and-strong-roots-oil-88-ml\/\"]}]},{\"@type\":\"ImageObject\",\"inLanguage\":\"en-US\",\"@id\":\"https:\/\/nirigs.com\/product\/rosemary-mint-hair-and-strong-roots-oil-88-ml\/#primaryimage\",\"url\":\"https:\/\/nirigs.com\/wp-content\/uploads\/2024\/01\/Sunny-Isle-\u2013-Huile-pour-cheveux-et-racines-fortes-au-romarin-et-a-la-menthe-\u2013-88-ml.jpg\",\"contentUrl\":\"https:\/\/nirigs.com\/wp-content\/uploads\/2024\/01\/Sunny-Isle-\u2013-Huile-pour-cheveux-et-racines-fortes-au-romarin-et-a-la-menthe-\u2013-88-ml.jpg\",\"width\":1000,\"height\":1000},{\"@type\":\"BreadcrumbList\",\"@id\":\"https:\/\/nirigs.com\/product\/rosemary-mint-hair-and-strong-roots-oil-88-ml\/#breadcrumb\",\"itemListElement\":[{\"@type\":\"ListItem\",\"position\":1,\"name\":\"Home\",\"item\":\"https:\/\/nirigs.com\/\"},{\"@type\":\"ListItem\",\"position\":2,\"name\":\"Parcourir\",\"item\":\"https:\/\/nirigs.com\/boutique\/\"},{\"@type\":\"ListItem\",\"position\":3,\"name\":\"Sunny Isle &#8211; Huile pour cheveux et racines fortes au romarin et \u00e0 la menthe &#8211; 88 ml\"}]},{\"@type\":\"WebSite\",\"@id\":\"https:\/\/nirigs.com\/#website\",\"url\":\"https:\/\/nirigs.com\/\",\"name\":\"Nirigs.com\",\"description\":\"Simplifiez vos achats du quotidien \u00e0 Djibouti\",\"publisher\":{\"@id\":\"https:\/\/nirigs.com\/#organization\"},\"potentialAction\":[{\"@type\":\"SearchAction\",\"target\":{\"@type\":\"EntryPoint\",\"urlTemplate\":\"https:\/\/nirigs.com\/?s={search_term_string}\"},\"query-input\":{\"@type\":\"PropertyValueSpecification\",\"valueRequired\":true,\"valueName\":\"search_term_string\"}}],\"inLanguage\":\"en-US\"},{\"@type\":\"Organization\",\"@id\":\"https:\/\/nirigs.com\/#organization\",\"name\":\"Nirigs\",\"url\":\"https:\/\/nirigs.com\/\",\"logo\":{\"@type\":\"ImageObject\",\"inLanguage\":\"en-US\",\"@id\":\"https:\/\/nirigs.com\/#\/schema\/logo\/image\/\",\"url\":\"https:\/\/nirigs.com\/wp-content\/uploads\/2025\/04\/Design-sans-titre-27.png\",\"contentUrl\":\"https:\/\/nirigs.com\/wp-content\/uploads\/2025\/04\/Design-sans-titre-27.png\",\"width\":500,\"height\":500,\"caption\":\"Nirigs\"},\"image\":{\"@id\":\"https:\/\/nirigs.com\/#\/schema\/logo\/image\/\"}}]}<\/script>\n<!-- \/ Yoast SEO plugin. -->","yoast_head_json":{"title":"Sunny Isle - Huile pour cheveux et racines fortes au romarin et \u00e0 la menthe - 88 ml - NIRIGS","robots":{"index":"index","follow":"follow","max-snippet":"max-snippet:-1","max-image-preview":"max-image-preview:large","max-video-preview":"max-video-preview:-1"},"canonical":"https:\/\/nirigs.com\/en\/product\/rosemary-mint-hair-and-strong-roots-oil-88-ml\/","og_locale":"en_US","og_type":"article","og_title":"Sunny Isle - Huile pour cheveux et racines fortes au romarin et \u00e0 la menthe - 88 ml - NIRIGS","og_description":"L&rsquo;huile pour cheveux et racines fortes au romarin et \u00e0 la menthe de Sunny Isle est riche en nutriments et","og_url":"https:\/\/nirigs.com\/en\/product\/rosemary-mint-hair-and-strong-roots-oil-88-ml\/","og_site_name":"NIRIGS","article_modified_time":"2025-03-16T07:51:02+00:00","og_image":[{"width":1000,"height":1000,"url":"https:\/\/nirigs.com\/wp-content\/uploads\/2024\/01\/Sunny-Isle-\u2013-Huile-pour-cheveux-et-racines-fortes-au-romarin-et-a-la-menthe-\u2013-88-ml.jpg","type":"image\/jpeg"}],"twitter_card":"summary_large_image","twitter_misc":{"Est. reading time":"3 minutes"},"schema":{"@context":"https:\/\/schema.org","@graph":[{"@type":"WebPage","@id":"https:\/\/nirigs.com\/product\/rosemary-mint-hair-and-strong-roots-oil-88-ml\/","url":"https:\/\/nirigs.com\/product\/rosemary-mint-hair-and-strong-roots-oil-88-ml\/","name":"Sunny Isle - Huile pour cheveux et racines fortes au romarin et \u00e0 la menthe - 88 ml - NIRIGS","isPartOf":{"@id":"https:\/\/nirigs.com\/#website"},"primaryImageOfPage":{"@id":"https:\/\/nirigs.com\/product\/rosemary-mint-hair-and-strong-roots-oil-88-ml\/#primaryimage"},"image":{"@id":"https:\/\/nirigs.com\/product\/rosemary-mint-hair-and-strong-roots-oil-88-ml\/#primaryimage"},"thumbnailUrl":"https:\/\/nirigs.com\/wp-content\/uploads\/2024\/01\/Sunny-Isle-\u2013-Huile-pour-cheveux-et-racines-fortes-au-romarin-et-a-la-menthe-\u2013-88-ml.jpg","datePublished":"2024-01-31T13:47:45+00:00","dateModified":"2025-03-16T07:51:02+00:00","breadcrumb":{"@id":"https:\/\/nirigs.com\/product\/rosemary-mint-hair-and-strong-roots-oil-88-ml\/#breadcrumb"},"inLanguage":"en-US","potentialAction":[{"@type":"ReadAction","target":["https:\/\/nirigs.com\/product\/rosemary-mint-hair-and-strong-roots-oil-88-ml\/"]}]},{"@type":"ImageObject","inLanguage":"en-US","@id":"https:\/\/nirigs.com\/product\/rosemary-mint-hair-and-strong-roots-oil-88-ml\/#primaryimage","url":"https:\/\/nirigs.com\/wp-content\/uploads\/2024\/01\/Sunny-Isle-\u2013-Huile-pour-cheveux-et-racines-fortes-au-romarin-et-a-la-menthe-\u2013-88-ml.jpg","contentUrl":"https:\/\/nirigs.com\/wp-content\/uploads\/2024\/01\/Sunny-Isle-\u2013-Huile-pour-cheveux-et-racines-fortes-au-romarin-et-a-la-menthe-\u2013-88-ml.jpg","width":1000,"height":1000},{"@type":"BreadcrumbList","@id":"https:\/\/nirigs.com\/product\/rosemary-mint-hair-and-strong-roots-oil-88-ml\/#breadcrumb","itemListElement":[{"@type":"ListItem","position":1,"name":"Home","item":"https:\/\/nirigs.com\/"},{"@type":"ListItem","position":2,"name":"Parcourir","item":"https:\/\/nirigs.com\/boutique\/"},{"@type":"ListItem","position":3,"name":"Sunny Isle &#8211; Huile pour cheveux et racines fortes au romarin et \u00e0 la menthe &#8211; 88 ml"}]},{"@type":"WebSite","@id":"https:\/\/nirigs.com\/#website","url":"https:\/\/nirigs.com\/","name":"Nirigs.com","description":"Simplifiez vos achats du quotidien \u00e0 Djibouti","publisher":{"@id":"https:\/\/nirigs.com\/#organization"},"potentialAction":[{"@type":"SearchAction","target":{"@type":"EntryPoint","urlTemplate":"https:\/\/nirigs.com\/?s={search_term_string}"},"query-input":{"@type":"PropertyValueSpecification","valueRequired":true,"valueName":"search_term_string"}}],"inLanguage":"en-US"},{"@type":"Organization","@id":"https:\/\/nirigs.com\/#organization","name":"Nirigs","url":"https:\/\/nirigs.com\/","logo":{"@type":"ImageObject","inLanguage":"en-US","@id":"https:\/\/nirigs.com\/#\/schema\/logo\/image\/","url":"https:\/\/nirigs.com\/wp-content\/uploads\/2025\/04\/Design-sans-titre-27.png","contentUrl":"https:\/\/nirigs.com\/wp-content\/uploads\/2025\/04\/Design-sans-titre-27.png","width":500,"height":500,"caption":"Nirigs"},"image":{"@id":"https:\/\/nirigs.com\/#\/schema\/logo\/image\/"}}]}},"brands":[{"id":778,"name":"Sunny Isle","slug":"sunny-isle"}],"_links":{"self":[{"href":"https:\/\/nirigs.com\/en\/wp-json\/wp\/v2\/product\/17100","targetHints":{"allow":["GET"]}}],"collection":[{"href":"https:\/\/nirigs.com\/en\/wp-json\/wp\/v2\/product"}],"about":[{"href":"https:\/\/nirigs.com\/en\/wp-json\/wp\/v2\/types\/product"}],"replies":[{"embeddable":true,"href":"https:\/\/nirigs.com\/en\/wp-json\/wp\/v2\/comments?post=17100"}],"version-history":[{"count":6,"href":"https:\/\/nirigs.com\/en\/wp-json\/wp\/v2\/product\/17100\/revisions"}],"predecessor-version":[{"id":24507,"href":"https:\/\/nirigs.com\/en\/wp-json\/wp\/v2\/product\/17100\/revisions\/24507"}],"wp:featuredmedia":[{"embeddable":true,"href":"https:\/\/nirigs.com\/en\/wp-json\/wp\/v2\/media\/24506"}],"wp:attachment":[{"href":"https:\/\/nirigs.com\/en\/wp-json\/wp\/v2\/media?parent=17100"}],"wp:term":[{"taxonomy":"pwb-brand","embeddable":true,"href":"https:\/\/nirigs.com\/en\/wp-json\/wp\/v2\/pwb-brand?post=17100"},{"taxonomy":"product_brand","embeddable":true,"href":"https:\/\/nirigs.com\/en\/wp-json\/wp\/v2\/product_brand?post=17100"},{"taxonomy":"product_cat","embeddable":true,"href":"https:\/\/nirigs.com\/en\/wp-json\/wp\/v2\/product_cat?post=17100"},{"taxonomy":"product_tag","embeddable":true,"href":"https:\/\/nirigs.com\/en\/wp-json\/wp\/v2\/product_tag?post=17100"}],"curies":[{"name":"wp","href":"https:\/\/api.w.org\/{rel}","templated":true}]}}