{"id":17099,"date":"2024-01-31T16:51:35","date_gmt":"2024-01-31T13:51:35","guid":{"rendered":"https:\/\/nirigs.com\/?post_type=product&#038;p=17099"},"modified":"2025-07-29T08:38:24","modified_gmt":"2025-07-29T05:38:24","slug":"vaseline-lip-therapy-rosy-lips","status":"publish","type":"product","link":"https:\/\/nirigs.com\/en\/product\/vaseline-lip-therapy-rosy-lips\/","title":{"rendered":"Vaseline - Lip Therapy Pink lips - 20 g"},"content":{"rendered":"<p>Our lips have the amazing ability to experience heightened sensations, enabling us to feel the slightest touch and perceive the environment around us. However, unlike the skin of the body, the skin of the lips does not naturally create its own layer of moisture, making it susceptible to dryness and chapping.<\/p>\n<p>Our stylish and functional lip therapy boxes, with their original retro look, are perfect for helping to keep lips healthy and protected from the elements. Aloe vera adds an extra touch of soothing hydration Sun protection with SPF15 protects you from the sun's harmful rays Rosy Lips brings out the natural rosy tones of your lips, soothing and delicately tinting them.<\/p>\n<h4><strong>Use<\/strong><\/h4>\n<ul>\n<li>Take a small amount of Vaseline Lip Therapy Rosy Mini and apply it to your lips.<\/li>\n<li>Repeat as necessary throughout the day.<\/li>\n<\/ul>\n<h4>Ingredients<\/h4>\n<p>PETROLATUM, AROMA (FLAVOUR), TITANIUM DIOXIDE (CI 77891), RED 30 (CI 73360)<\/p>","protected":false},"excerpt":{"rendered":"<p>Nos l\u00e8vres ont la capacit\u00e9 \u00e9tonnante d&rsquo;\u00e9prouver des sensations accrues, ce qui nous permet de sentir le moindre contact et<\/p>","protected":false},"featured_media":24490,"comment_status":"open","ping_status":"closed","template":"","meta":[],"pwb-brand":[777],"product_brand":[],"product_cat":[267,1033,1029],"product_tag":[],"class_list":{"0":"post-17099","1":"product","2":"type-product","3":"status-publish","4":"has-post-thumbnail","6":"pwb-brand-vaseline","7":"product_cat-beaute-et-soins","8":"product_cat-soins-des-levres-soins-pour-la-peau","9":"product_cat-soins-pour-la-peau","11":"first","12":"instock","13":"shipping-taxable","14":"purchasable","15":"product-type-simple"},"yoast_head":"<!-- This site is optimized with the Yoast SEO plugin v27.1.1 - https:\/\/yoast.com\/product\/yoast-seo-wordpress\/ -->\n<title>Vaseline - Lip Therapy L\u00e9vres rose - 20 g - NIRIGS<\/title>\n<meta name=\"robots\" content=\"index, follow, max-snippet:-1, max-image-preview:large, max-video-preview:-1\" \/>\n<link rel=\"canonical\" href=\"https:\/\/nirigs.com\/en\/product\/vaseline-lip-therapy-rosy-lips\/\" \/>\n<meta property=\"og:locale\" content=\"en_US\" \/>\n<meta property=\"og:type\" content=\"article\" \/>\n<meta property=\"og:title\" content=\"Vaseline - Lip Therapy L\u00e9vres rose - 20 g - NIRIGS\" \/>\n<meta property=\"og:description\" content=\"Nos l\u00e8vres ont la capacit\u00e9 \u00e9tonnante d&rsquo;\u00e9prouver des sensations accrues, ce qui nous permet de sentir le moindre contact et\" \/>\n<meta property=\"og:url\" content=\"https:\/\/nirigs.com\/en\/product\/vaseline-lip-therapy-rosy-lips\/\" \/>\n<meta property=\"og:site_name\" content=\"NIRIGS\" \/>\n<meta property=\"article:modified_time\" content=\"2025-07-29T05:38:24+00:00\" \/>\n<meta property=\"og:image\" content=\"https:\/\/nirigs.com\/wp-content\/uploads\/2024\/01\/Vaseline-\u2013-Lip-Therapy-LEVRES-ROSES-\u2013-20-g.jpg\" \/>\n\t<meta property=\"og:image:width\" content=\"1000\" \/>\n\t<meta property=\"og:image:height\" content=\"1000\" \/>\n\t<meta property=\"og:image:type\" content=\"image\/jpeg\" \/>\n<meta name=\"twitter:card\" content=\"summary_large_image\" \/>\n<meta name=\"twitter:label1\" content=\"Est. reading time\" \/>\n\t<meta name=\"twitter:data1\" content=\"1 minute\" \/>\n<script type=\"application\/ld+json\" class=\"yoast-schema-graph\">{\"@context\":\"https:\/\/schema.org\",\"@graph\":[{\"@type\":\"WebPage\",\"@id\":\"https:\/\/nirigs.com\/product\/vaseline-lip-therapy-rosy-lips\/\",\"url\":\"https:\/\/nirigs.com\/product\/vaseline-lip-therapy-rosy-lips\/\",\"name\":\"Vaseline - Lip Therapy L\u00e9vres rose - 20 g - NIRIGS\",\"isPartOf\":{\"@id\":\"https:\/\/nirigs.com\/#website\"},\"primaryImageOfPage\":{\"@id\":\"https:\/\/nirigs.com\/product\/vaseline-lip-therapy-rosy-lips\/#primaryimage\"},\"image\":{\"@id\":\"https:\/\/nirigs.com\/product\/vaseline-lip-therapy-rosy-lips\/#primaryimage\"},\"thumbnailUrl\":\"https:\/\/nirigs.com\/wp-content\/uploads\/2024\/01\/Vaseline-\u2013-Lip-Therapy-LEVRES-ROSES-\u2013-20-g.jpg\",\"datePublished\":\"2024-01-31T13:51:35+00:00\",\"dateModified\":\"2025-07-29T05:38:24+00:00\",\"breadcrumb\":{\"@id\":\"https:\/\/nirigs.com\/product\/vaseline-lip-therapy-rosy-lips\/#breadcrumb\"},\"inLanguage\":\"en-US\",\"potentialAction\":[{\"@type\":\"ReadAction\",\"target\":[\"https:\/\/nirigs.com\/product\/vaseline-lip-therapy-rosy-lips\/\"]}]},{\"@type\":\"ImageObject\",\"inLanguage\":\"en-US\",\"@id\":\"https:\/\/nirigs.com\/product\/vaseline-lip-therapy-rosy-lips\/#primaryimage\",\"url\":\"https:\/\/nirigs.com\/wp-content\/uploads\/2024\/01\/Vaseline-\u2013-Lip-Therapy-LEVRES-ROSES-\u2013-20-g.jpg\",\"contentUrl\":\"https:\/\/nirigs.com\/wp-content\/uploads\/2024\/01\/Vaseline-\u2013-Lip-Therapy-LEVRES-ROSES-\u2013-20-g.jpg\",\"width\":1000,\"height\":1000},{\"@type\":\"BreadcrumbList\",\"@id\":\"https:\/\/nirigs.com\/product\/vaseline-lip-therapy-rosy-lips\/#breadcrumb\",\"itemListElement\":[{\"@type\":\"ListItem\",\"position\":1,\"name\":\"Home\",\"item\":\"https:\/\/nirigs.com\/\"},{\"@type\":\"ListItem\",\"position\":2,\"name\":\"Parcourir\",\"item\":\"https:\/\/nirigs.com\/boutique\/\"},{\"@type\":\"ListItem\",\"position\":3,\"name\":\"Vaseline &#8211; Lip Therapy L\u00e9vres rose &#8211; 20 g\"}]},{\"@type\":\"WebSite\",\"@id\":\"https:\/\/nirigs.com\/#website\",\"url\":\"https:\/\/nirigs.com\/\",\"name\":\"Nirigs.com\",\"description\":\"Simplifiez vos achats du quotidien \u00e0 Djibouti\",\"publisher\":{\"@id\":\"https:\/\/nirigs.com\/#organization\"},\"potentialAction\":[{\"@type\":\"SearchAction\",\"target\":{\"@type\":\"EntryPoint\",\"urlTemplate\":\"https:\/\/nirigs.com\/?s={search_term_string}\"},\"query-input\":{\"@type\":\"PropertyValueSpecification\",\"valueRequired\":true,\"valueName\":\"search_term_string\"}}],\"inLanguage\":\"en-US\"},{\"@type\":\"Organization\",\"@id\":\"https:\/\/nirigs.com\/#organization\",\"name\":\"Nirigs\",\"url\":\"https:\/\/nirigs.com\/\",\"logo\":{\"@type\":\"ImageObject\",\"inLanguage\":\"en-US\",\"@id\":\"https:\/\/nirigs.com\/#\/schema\/logo\/image\/\",\"url\":\"https:\/\/nirigs.com\/wp-content\/uploads\/2025\/04\/Design-sans-titre-27.png\",\"contentUrl\":\"https:\/\/nirigs.com\/wp-content\/uploads\/2025\/04\/Design-sans-titre-27.png\",\"width\":500,\"height\":500,\"caption\":\"Nirigs\"},\"image\":{\"@id\":\"https:\/\/nirigs.com\/#\/schema\/logo\/image\/\"}}]}<\/script>\n<!-- \/ Yoast SEO plugin. -->","yoast_head_json":{"title":"Vaseline - Lip Therapy L\u00e9vres rose - 20 g - NIRIGS","robots":{"index":"index","follow":"follow","max-snippet":"max-snippet:-1","max-image-preview":"max-image-preview:large","max-video-preview":"max-video-preview:-1"},"canonical":"https:\/\/nirigs.com\/en\/product\/vaseline-lip-therapy-rosy-lips\/","og_locale":"en_US","og_type":"article","og_title":"Vaseline - Lip Therapy L\u00e9vres rose - 20 g - NIRIGS","og_description":"Nos l\u00e8vres ont la capacit\u00e9 \u00e9tonnante d&rsquo;\u00e9prouver des sensations accrues, ce qui nous permet de sentir le moindre contact et","og_url":"https:\/\/nirigs.com\/en\/product\/vaseline-lip-therapy-rosy-lips\/","og_site_name":"NIRIGS","article_modified_time":"2025-07-29T05:38:24+00:00","og_image":[{"width":1000,"height":1000,"url":"https:\/\/nirigs.com\/wp-content\/uploads\/2024\/01\/Vaseline-\u2013-Lip-Therapy-LEVRES-ROSES-\u2013-20-g.jpg","type":"image\/jpeg"}],"twitter_card":"summary_large_image","twitter_misc":{"Est. reading time":"1 minute"},"schema":{"@context":"https:\/\/schema.org","@graph":[{"@type":"WebPage","@id":"https:\/\/nirigs.com\/product\/vaseline-lip-therapy-rosy-lips\/","url":"https:\/\/nirigs.com\/product\/vaseline-lip-therapy-rosy-lips\/","name":"Vaseline - Lip Therapy L\u00e9vres rose - 20 g - NIRIGS","isPartOf":{"@id":"https:\/\/nirigs.com\/#website"},"primaryImageOfPage":{"@id":"https:\/\/nirigs.com\/product\/vaseline-lip-therapy-rosy-lips\/#primaryimage"},"image":{"@id":"https:\/\/nirigs.com\/product\/vaseline-lip-therapy-rosy-lips\/#primaryimage"},"thumbnailUrl":"https:\/\/nirigs.com\/wp-content\/uploads\/2024\/01\/Vaseline-\u2013-Lip-Therapy-LEVRES-ROSES-\u2013-20-g.jpg","datePublished":"2024-01-31T13:51:35+00:00","dateModified":"2025-07-29T05:38:24+00:00","breadcrumb":{"@id":"https:\/\/nirigs.com\/product\/vaseline-lip-therapy-rosy-lips\/#breadcrumb"},"inLanguage":"en-US","potentialAction":[{"@type":"ReadAction","target":["https:\/\/nirigs.com\/product\/vaseline-lip-therapy-rosy-lips\/"]}]},{"@type":"ImageObject","inLanguage":"en-US","@id":"https:\/\/nirigs.com\/product\/vaseline-lip-therapy-rosy-lips\/#primaryimage","url":"https:\/\/nirigs.com\/wp-content\/uploads\/2024\/01\/Vaseline-\u2013-Lip-Therapy-LEVRES-ROSES-\u2013-20-g.jpg","contentUrl":"https:\/\/nirigs.com\/wp-content\/uploads\/2024\/01\/Vaseline-\u2013-Lip-Therapy-LEVRES-ROSES-\u2013-20-g.jpg","width":1000,"height":1000},{"@type":"BreadcrumbList","@id":"https:\/\/nirigs.com\/product\/vaseline-lip-therapy-rosy-lips\/#breadcrumb","itemListElement":[{"@type":"ListItem","position":1,"name":"Home","item":"https:\/\/nirigs.com\/"},{"@type":"ListItem","position":2,"name":"Parcourir","item":"https:\/\/nirigs.com\/boutique\/"},{"@type":"ListItem","position":3,"name":"Vaseline &#8211; Lip Therapy L\u00e9vres rose &#8211; 20 g"}]},{"@type":"WebSite","@id":"https:\/\/nirigs.com\/#website","url":"https:\/\/nirigs.com\/","name":"Nirigs.com","description":"Simplifiez vos achats du quotidien \u00e0 Djibouti","publisher":{"@id":"https:\/\/nirigs.com\/#organization"},"potentialAction":[{"@type":"SearchAction","target":{"@type":"EntryPoint","urlTemplate":"https:\/\/nirigs.com\/?s={search_term_string}"},"query-input":{"@type":"PropertyValueSpecification","valueRequired":true,"valueName":"search_term_string"}}],"inLanguage":"en-US"},{"@type":"Organization","@id":"https:\/\/nirigs.com\/#organization","name":"Nirigs","url":"https:\/\/nirigs.com\/","logo":{"@type":"ImageObject","inLanguage":"en-US","@id":"https:\/\/nirigs.com\/#\/schema\/logo\/image\/","url":"https:\/\/nirigs.com\/wp-content\/uploads\/2025\/04\/Design-sans-titre-27.png","contentUrl":"https:\/\/nirigs.com\/wp-content\/uploads\/2025\/04\/Design-sans-titre-27.png","width":500,"height":500,"caption":"Nirigs"},"image":{"@id":"https:\/\/nirigs.com\/#\/schema\/logo\/image\/"}}]}},"brands":[{"id":777,"name":"Vaseline","slug":"vaseline"}],"_links":{"self":[{"href":"https:\/\/nirigs.com\/en\/wp-json\/wp\/v2\/product\/17099","targetHints":{"allow":["GET"]}}],"collection":[{"href":"https:\/\/nirigs.com\/en\/wp-json\/wp\/v2\/product"}],"about":[{"href":"https:\/\/nirigs.com\/en\/wp-json\/wp\/v2\/types\/product"}],"replies":[{"embeddable":true,"href":"https:\/\/nirigs.com\/en\/wp-json\/wp\/v2\/comments?post=17099"}],"version-history":[{"count":11,"href":"https:\/\/nirigs.com\/en\/wp-json\/wp\/v2\/product\/17099\/revisions"}],"predecessor-version":[{"id":26909,"href":"https:\/\/nirigs.com\/en\/wp-json\/wp\/v2\/product\/17099\/revisions\/26909"}],"wp:featuredmedia":[{"embeddable":true,"href":"https:\/\/nirigs.com\/en\/wp-json\/wp\/v2\/media\/24490"}],"wp:attachment":[{"href":"https:\/\/nirigs.com\/en\/wp-json\/wp\/v2\/media?parent=17099"}],"wp:term":[{"taxonomy":"pwb-brand","embeddable":true,"href":"https:\/\/nirigs.com\/en\/wp-json\/wp\/v2\/pwb-brand?post=17099"},{"taxonomy":"product_brand","embeddable":true,"href":"https:\/\/nirigs.com\/en\/wp-json\/wp\/v2\/product_brand?post=17099"},{"taxonomy":"product_cat","embeddable":true,"href":"https:\/\/nirigs.com\/en\/wp-json\/wp\/v2\/product_cat?post=17099"},{"taxonomy":"product_tag","embeddable":true,"href":"https:\/\/nirigs.com\/en\/wp-json\/wp\/v2\/product_tag?post=17099"}],"curies":[{"name":"wp","href":"https:\/\/api.w.org\/{rel}","templated":true}]}}