{"id":17093,"date":"2024-02-01T10:22:53","date_gmt":"2024-02-01T07:22:53","guid":{"rendered":"https:\/\/nirigs.com\/?post_type=product&#038;p=17093"},"modified":"2025-03-16T10:01:08","modified_gmt":"2025-03-16T07:01:08","slug":"pomegranate-and-honey-moisturizing-detangling-shampoo","status":"publish","type":"product","link":"https:\/\/nirigs.com\/en\/product\/pomegranate-and-honey-moisturizing-detangling-shampoo\/","title":{"rendered":"Mielle - Pomegranate &amp; Honey Detangling Shampoo - 355 ml"},"content":{"rendered":"<p>La cr\u00e8me coiffante quotidienne multivitamin\u00e9e a la grenade de Mielle est un gel-cr\u00e8me \u00e0 double usage con\u00e7u pour vous aider \u00e0 obtenir des coiffures impeccables et des cheveux plus sains ! Fabriqu\u00e9e \u00e0 partir d&rsquo;ingr\u00e9dients certifi\u00e9s biologiques, cette formule personnalis\u00e9e hydrate et nourrit vos cheveux sans les alourdir.<br \/>\nElle offre \u00e9galement une protection contre les frisottis et une excellente tenue pour toutes vos coiffures pr\u00e9f\u00e9r\u00e9es ! Et comme si cela ne suffisait pas, elle a aussi une odeur extraordinaire.<br \/>\nDonnez \u00e0 vos cheveux la nourriture qu&rsquo;ils m\u00e9ritent tous les jours et commandez d\u00e8s aujourd&rsquo;hui votre cr\u00e8me coiffante quotidienne multivitamin\u00e9e au romarin et \u00e0 la menthe !<br \/>\nAppliquer sur cheveux humides ou secs<\/p>\n<h4><strong>Use\u00a0\u00a0<\/strong><\/h4>\n<ul>\n<li>S\u00e9parer les cheveux et appliquer le produit sur les cheveux humides ou secs. Ne pas rincer.<\/li>\n<li>Coiffez les cheveux comme vous le souhaitez.<\/li>\n<li>Pour de meilleurs r\u00e9sultats, utilisez la cr\u00e8me de coiffage quotidienne pour les torsades, les tresses et les coiffures lavables.<\/li>\n<\/ul>\n<h4><strong>Ingredients<\/strong><\/h4>\n<p>Water (Aqua, Eau), Sodium C14-16 Olefin Sulfonate, Cocamidopropyl Betaine, Polyquaternium-7, Disodium Cocoamphodipropionate, Cocamide Mea, Glycol Stearate, Disodium Lauryl Sulfosuccinate, Fragrance, Honey, Peg-150 Distearate, Panthenol, Hydrolyzed Wheat Protein, Punica Granatum (Pomegranate) Seed Oil, Euterpe Oleracea Fruit Extract, Glycerin, Silk Protein, Organic Orbignya Oleifera (Babassu) Oil, Organic Mauritia Flexuosa (Buriti) Fruit Oil, Organic Copaiferi Officinalis (Balsam Copaiba), Organic Astrocaryum Murumuru Seed Butter, Sodium Chloride, Citric Acid, Phenoxyethanol, Benzoic Acid, Ethylhexylglycerin, Glycereth-2 Cocoate<\/p>","protected":false},"excerpt":{"rendered":"<p>La cr\u00e8me coiffante quotidienne multivitamin\u00e9e a la grenade de Mielle est un gel-cr\u00e8me \u00e0 double usage con\u00e7u pour vous aider<\/p>","protected":false},"featured_media":24481,"comment_status":"open","ping_status":"closed","template":"","meta":[],"pwb-brand":[757],"product_brand":[],"product_cat":[267,1022,1026,1024],"product_tag":[],"class_list":{"0":"post-17093","1":"product","2":"type-product","3":"status-publish","4":"has-post-thumbnail","6":"pwb-brand-mielle","7":"product_cat-beaute-et-soins","8":"product_cat-coiffures-et-soins-des-cheveux","9":"product_cat-shampooings","10":"product_cat-soins-des-cheveux","12":"first","13":"instock","14":"shipping-taxable","15":"purchasable","16":"product-type-simple"},"yoast_head":"<!-- This site is optimized with the Yoast SEO plugin v27.1.1 - https:\/\/yoast.com\/product\/yoast-seo-wordpress\/ -->\n<title>Mielle - Shampoing D\u00e9m\u00ealant Hydratant Grenade Et Miel - 355 ml - NIRIGS<\/title>\n<meta name=\"robots\" content=\"index, follow, max-snippet:-1, max-image-preview:large, max-video-preview:-1\" \/>\n<link rel=\"canonical\" href=\"https:\/\/nirigs.com\/en\/product\/pomegranate-and-honey-moisturizing-detangling-shampoo\/\" \/>\n<meta property=\"og:locale\" content=\"en_US\" \/>\n<meta property=\"og:type\" content=\"article\" \/>\n<meta property=\"og:title\" content=\"Mielle - Shampoing D\u00e9m\u00ealant Hydratant Grenade Et Miel - 355 ml - NIRIGS\" \/>\n<meta property=\"og:description\" content=\"La cr\u00e8me coiffante quotidienne multivitamin\u00e9e a la grenade de Mielle est un gel-cr\u00e8me \u00e0 double usage con\u00e7u pour vous aider\" \/>\n<meta property=\"og:url\" content=\"https:\/\/nirigs.com\/en\/product\/pomegranate-and-honey-moisturizing-detangling-shampoo\/\" \/>\n<meta property=\"og:site_name\" content=\"NIRIGS\" \/>\n<meta property=\"article:modified_time\" content=\"2025-03-16T07:01:08+00:00\" \/>\n<meta property=\"og:image\" content=\"https:\/\/nirigs.com\/wp-content\/uploads\/2024\/02\/Mielle-\u2013-Shampoing-Demelant-Hydratant-Grenade-Et-Miel-\u2013-355-ml.jpg\" \/>\n\t<meta property=\"og:image:width\" content=\"1000\" \/>\n\t<meta property=\"og:image:height\" content=\"1000\" \/>\n\t<meta property=\"og:image:type\" content=\"image\/jpeg\" \/>\n<meta name=\"twitter:card\" content=\"summary_large_image\" \/>\n<meta name=\"twitter:label1\" content=\"Est. reading time\" \/>\n\t<meta name=\"twitter:data1\" content=\"1 minute\" \/>\n<script type=\"application\/ld+json\" class=\"yoast-schema-graph\">{\"@context\":\"https:\/\/schema.org\",\"@graph\":[{\"@type\":\"WebPage\",\"@id\":\"https:\/\/nirigs.com\/product\/pomegranate-and-honey-moisturizing-detangling-shampoo\/\",\"url\":\"https:\/\/nirigs.com\/product\/pomegranate-and-honey-moisturizing-detangling-shampoo\/\",\"name\":\"Mielle - Shampoing D\u00e9m\u00ealant Hydratant Grenade Et Miel - 355 ml - NIRIGS\",\"isPartOf\":{\"@id\":\"https:\/\/nirigs.com\/#website\"},\"primaryImageOfPage\":{\"@id\":\"https:\/\/nirigs.com\/product\/pomegranate-and-honey-moisturizing-detangling-shampoo\/#primaryimage\"},\"image\":{\"@id\":\"https:\/\/nirigs.com\/product\/pomegranate-and-honey-moisturizing-detangling-shampoo\/#primaryimage\"},\"thumbnailUrl\":\"https:\/\/nirigs.com\/wp-content\/uploads\/2024\/02\/Mielle-\u2013-Shampoing-Demelant-Hydratant-Grenade-Et-Miel-\u2013-355-ml.jpg\",\"datePublished\":\"2024-02-01T07:22:53+00:00\",\"dateModified\":\"2025-03-16T07:01:08+00:00\",\"breadcrumb\":{\"@id\":\"https:\/\/nirigs.com\/product\/pomegranate-and-honey-moisturizing-detangling-shampoo\/#breadcrumb\"},\"inLanguage\":\"en-US\",\"potentialAction\":[{\"@type\":\"ReadAction\",\"target\":[\"https:\/\/nirigs.com\/product\/pomegranate-and-honey-moisturizing-detangling-shampoo\/\"]}]},{\"@type\":\"ImageObject\",\"inLanguage\":\"en-US\",\"@id\":\"https:\/\/nirigs.com\/product\/pomegranate-and-honey-moisturizing-detangling-shampoo\/#primaryimage\",\"url\":\"https:\/\/nirigs.com\/wp-content\/uploads\/2024\/02\/Mielle-\u2013-Shampoing-Demelant-Hydratant-Grenade-Et-Miel-\u2013-355-ml.jpg\",\"contentUrl\":\"https:\/\/nirigs.com\/wp-content\/uploads\/2024\/02\/Mielle-\u2013-Shampoing-Demelant-Hydratant-Grenade-Et-Miel-\u2013-355-ml.jpg\",\"width\":1000,\"height\":1000},{\"@type\":\"BreadcrumbList\",\"@id\":\"https:\/\/nirigs.com\/product\/pomegranate-and-honey-moisturizing-detangling-shampoo\/#breadcrumb\",\"itemListElement\":[{\"@type\":\"ListItem\",\"position\":1,\"name\":\"Home\",\"item\":\"https:\/\/nirigs.com\/\"},{\"@type\":\"ListItem\",\"position\":2,\"name\":\"Parcourir\",\"item\":\"https:\/\/nirigs.com\/boutique\/\"},{\"@type\":\"ListItem\",\"position\":3,\"name\":\"Mielle &#8211; Shampoing D\u00e9m\u00ealant Hydratant Grenade Et Miel &#8211; 355 ml\"}]},{\"@type\":\"WebSite\",\"@id\":\"https:\/\/nirigs.com\/#website\",\"url\":\"https:\/\/nirigs.com\/\",\"name\":\"Nirigs.com\",\"description\":\"Simplifiez vos achats du quotidien \u00e0 Djibouti\",\"publisher\":{\"@id\":\"https:\/\/nirigs.com\/#organization\"},\"potentialAction\":[{\"@type\":\"SearchAction\",\"target\":{\"@type\":\"EntryPoint\",\"urlTemplate\":\"https:\/\/nirigs.com\/?s={search_term_string}\"},\"query-input\":{\"@type\":\"PropertyValueSpecification\",\"valueRequired\":true,\"valueName\":\"search_term_string\"}}],\"inLanguage\":\"en-US\"},{\"@type\":\"Organization\",\"@id\":\"https:\/\/nirigs.com\/#organization\",\"name\":\"Nirigs\",\"url\":\"https:\/\/nirigs.com\/\",\"logo\":{\"@type\":\"ImageObject\",\"inLanguage\":\"en-US\",\"@id\":\"https:\/\/nirigs.com\/#\/schema\/logo\/image\/\",\"url\":\"https:\/\/nirigs.com\/wp-content\/uploads\/2025\/04\/Design-sans-titre-27.png\",\"contentUrl\":\"https:\/\/nirigs.com\/wp-content\/uploads\/2025\/04\/Design-sans-titre-27.png\",\"width\":500,\"height\":500,\"caption\":\"Nirigs\"},\"image\":{\"@id\":\"https:\/\/nirigs.com\/#\/schema\/logo\/image\/\"}}]}<\/script>\n<!-- \/ Yoast SEO plugin. -->","yoast_head_json":{"title":"Mielle - Shampoing D\u00e9m\u00ealant Hydratant Grenade Et Miel - 355 ml - NIRIGS","robots":{"index":"index","follow":"follow","max-snippet":"max-snippet:-1","max-image-preview":"max-image-preview:large","max-video-preview":"max-video-preview:-1"},"canonical":"https:\/\/nirigs.com\/en\/product\/pomegranate-and-honey-moisturizing-detangling-shampoo\/","og_locale":"en_US","og_type":"article","og_title":"Mielle - Shampoing D\u00e9m\u00ealant Hydratant Grenade Et Miel - 355 ml - NIRIGS","og_description":"La cr\u00e8me coiffante quotidienne multivitamin\u00e9e a la grenade de Mielle est un gel-cr\u00e8me \u00e0 double usage con\u00e7u pour vous aider","og_url":"https:\/\/nirigs.com\/en\/product\/pomegranate-and-honey-moisturizing-detangling-shampoo\/","og_site_name":"NIRIGS","article_modified_time":"2025-03-16T07:01:08+00:00","og_image":[{"width":1000,"height":1000,"url":"https:\/\/nirigs.com\/wp-content\/uploads\/2024\/02\/Mielle-\u2013-Shampoing-Demelant-Hydratant-Grenade-Et-Miel-\u2013-355-ml.jpg","type":"image\/jpeg"}],"twitter_card":"summary_large_image","twitter_misc":{"Est. reading time":"1 minute"},"schema":{"@context":"https:\/\/schema.org","@graph":[{"@type":"WebPage","@id":"https:\/\/nirigs.com\/product\/pomegranate-and-honey-moisturizing-detangling-shampoo\/","url":"https:\/\/nirigs.com\/product\/pomegranate-and-honey-moisturizing-detangling-shampoo\/","name":"Mielle - Shampoing D\u00e9m\u00ealant Hydratant Grenade Et Miel - 355 ml - NIRIGS","isPartOf":{"@id":"https:\/\/nirigs.com\/#website"},"primaryImageOfPage":{"@id":"https:\/\/nirigs.com\/product\/pomegranate-and-honey-moisturizing-detangling-shampoo\/#primaryimage"},"image":{"@id":"https:\/\/nirigs.com\/product\/pomegranate-and-honey-moisturizing-detangling-shampoo\/#primaryimage"},"thumbnailUrl":"https:\/\/nirigs.com\/wp-content\/uploads\/2024\/02\/Mielle-\u2013-Shampoing-Demelant-Hydratant-Grenade-Et-Miel-\u2013-355-ml.jpg","datePublished":"2024-02-01T07:22:53+00:00","dateModified":"2025-03-16T07:01:08+00:00","breadcrumb":{"@id":"https:\/\/nirigs.com\/product\/pomegranate-and-honey-moisturizing-detangling-shampoo\/#breadcrumb"},"inLanguage":"en-US","potentialAction":[{"@type":"ReadAction","target":["https:\/\/nirigs.com\/product\/pomegranate-and-honey-moisturizing-detangling-shampoo\/"]}]},{"@type":"ImageObject","inLanguage":"en-US","@id":"https:\/\/nirigs.com\/product\/pomegranate-and-honey-moisturizing-detangling-shampoo\/#primaryimage","url":"https:\/\/nirigs.com\/wp-content\/uploads\/2024\/02\/Mielle-\u2013-Shampoing-Demelant-Hydratant-Grenade-Et-Miel-\u2013-355-ml.jpg","contentUrl":"https:\/\/nirigs.com\/wp-content\/uploads\/2024\/02\/Mielle-\u2013-Shampoing-Demelant-Hydratant-Grenade-Et-Miel-\u2013-355-ml.jpg","width":1000,"height":1000},{"@type":"BreadcrumbList","@id":"https:\/\/nirigs.com\/product\/pomegranate-and-honey-moisturizing-detangling-shampoo\/#breadcrumb","itemListElement":[{"@type":"ListItem","position":1,"name":"Home","item":"https:\/\/nirigs.com\/"},{"@type":"ListItem","position":2,"name":"Parcourir","item":"https:\/\/nirigs.com\/boutique\/"},{"@type":"ListItem","position":3,"name":"Mielle &#8211; Shampoing D\u00e9m\u00ealant Hydratant Grenade Et Miel &#8211; 355 ml"}]},{"@type":"WebSite","@id":"https:\/\/nirigs.com\/#website","url":"https:\/\/nirigs.com\/","name":"Nirigs.com","description":"Simplifiez vos achats du quotidien \u00e0 Djibouti","publisher":{"@id":"https:\/\/nirigs.com\/#organization"},"potentialAction":[{"@type":"SearchAction","target":{"@type":"EntryPoint","urlTemplate":"https:\/\/nirigs.com\/?s={search_term_string}"},"query-input":{"@type":"PropertyValueSpecification","valueRequired":true,"valueName":"search_term_string"}}],"inLanguage":"en-US"},{"@type":"Organization","@id":"https:\/\/nirigs.com\/#organization","name":"Nirigs","url":"https:\/\/nirigs.com\/","logo":{"@type":"ImageObject","inLanguage":"en-US","@id":"https:\/\/nirigs.com\/#\/schema\/logo\/image\/","url":"https:\/\/nirigs.com\/wp-content\/uploads\/2025\/04\/Design-sans-titre-27.png","contentUrl":"https:\/\/nirigs.com\/wp-content\/uploads\/2025\/04\/Design-sans-titre-27.png","width":500,"height":500,"caption":"Nirigs"},"image":{"@id":"https:\/\/nirigs.com\/#\/schema\/logo\/image\/"}}]}},"brands":[{"id":757,"name":"Honeyed","slug":"mielle"}],"_links":{"self":[{"href":"https:\/\/nirigs.com\/en\/wp-json\/wp\/v2\/product\/17093","targetHints":{"allow":["GET"]}}],"collection":[{"href":"https:\/\/nirigs.com\/en\/wp-json\/wp\/v2\/product"}],"about":[{"href":"https:\/\/nirigs.com\/en\/wp-json\/wp\/v2\/types\/product"}],"replies":[{"embeddable":true,"href":"https:\/\/nirigs.com\/en\/wp-json\/wp\/v2\/comments?post=17093"}],"version-history":[{"count":9,"href":"https:\/\/nirigs.com\/en\/wp-json\/wp\/v2\/product\/17093\/revisions"}],"predecessor-version":[{"id":24474,"href":"https:\/\/nirigs.com\/en\/wp-json\/wp\/v2\/product\/17093\/revisions\/24474"}],"wp:featuredmedia":[{"embeddable":true,"href":"https:\/\/nirigs.com\/en\/wp-json\/wp\/v2\/media\/24481"}],"wp:attachment":[{"href":"https:\/\/nirigs.com\/en\/wp-json\/wp\/v2\/media?parent=17093"}],"wp:term":[{"taxonomy":"pwb-brand","embeddable":true,"href":"https:\/\/nirigs.com\/en\/wp-json\/wp\/v2\/pwb-brand?post=17093"},{"taxonomy":"product_brand","embeddable":true,"href":"https:\/\/nirigs.com\/en\/wp-json\/wp\/v2\/product_brand?post=17093"},{"taxonomy":"product_cat","embeddable":true,"href":"https:\/\/nirigs.com\/en\/wp-json\/wp\/v2\/product_cat?post=17093"},{"taxonomy":"product_tag","embeddable":true,"href":"https:\/\/nirigs.com\/en\/wp-json\/wp\/v2\/product_tag?post=17093"}],"curies":[{"name":"wp","href":"https:\/\/api.w.org\/{rel}","templated":true}]}}