{"id":17092,"date":"2024-01-31T16:44:50","date_gmt":"2024-01-31T13:44:50","guid":{"rendered":"https:\/\/nirigs.com\/?post_type=product&#038;p=17092"},"modified":"2025-03-16T10:50:54","modified_gmt":"2025-03-16T07:50:54","slug":"pomegranate-honey-conditioner-rinse-off-conditioner-355-ml","status":"publish","type":"product","link":"https:\/\/nirigs.com\/en\/product\/pomegranate-honey-conditioner-rinse-off-conditioner-355-ml\/","title":{"rendered":"Mielle - Pomegranate and Honey Conditioner (Rinse-off conditioner) - 355 ml"},"content":{"rendered":"<p>L&rsquo;apr\u00e8s-shampooing hydratant et d\u00e9m\u00ealant \u00e0 la grenade et au miel de Mielle Organics apporte tout cela et bien plus encore. Cet apr\u00e8s-shampoing retient l&rsquo;humidit\u00e9, renforce les cheveux \u00e9pais et boucl\u00e9s, pr\u00e9vient les cassures et les pointes fourchues, et donne \u00e0 vos cheveux une texture lisse et soyeuse. Associez le aux autres produits pour cheveux de type 4 de Mielle, fabriqu\u00e9s avec soin, pour une routine de soins capillaires parfaite du d\u00e9but \u00e0 la fin. Ajoutez notre revitalisant sans rin\u00e7age \u00e0 la grenade et au miel \u00e0 votre commande pour pr\u00e9parer les cheveux mouill\u00e9s au coiffage et cr\u00e9er un fini d\u00e9fini. Vos cheveux vous remercieront encore et encore !<\/p>\n<ul>\n<li>Obtenir des cheveux brillants et lisses au toucher.<\/li>\n<li>Parfait pour toutes les formes de boucles.<\/li>\n<li>Procure un glissement sup\u00e9rieur et rehausse la texture.<\/li>\n<\/ul>\n<h4>Use<\/h4>\n<ul>\n<li>Nettoyer en appliquant sur les cheveux mouill\u00e9s<\/li>\n<li>Peigner d\u00e9licatement de la racine aux pointes.<\/li>\n<li>Laisser agir pendant 10 \u00e0 15 minutes, rincer abondamment et r\u00e9p\u00e9ter l&rsquo;op\u00e9ration si n\u00e9cessaire.<\/li>\n<\/ul>\n<h4>Ingredients<\/h4>\n<p>Water (Aqua, Eau), Prunus Amygdalus Dulcis (Sweet Almond) Oil, Cyclopentasiloxane, Cetearyl Alcohol, Behentrimonium Methosulfate, Cocos Nucifera (Coconut) Oil, Stearalkonium Chloride,Fragrance, Honey, Glycerin, Euterpe Oleracea Fruit Extract, Punica Granatum (Pomegranate) Seed Oil, Orbignya Oleifera (Babassu) Oil, Mauritia Flexuosa (Buriti) Fruit Oil, Copaiferi Officinalis (Balsam Copaiba), Astrocaryum Murumuru Seed Butter, Disodium Edta, Aminomethyl Propanol, Phenoxyethanol, Benzoic Acid, Ethylhexyl Glycerin, Glycereth-2 Cocoate<\/p>","protected":false},"excerpt":{"rendered":"<p>L&rsquo;apr\u00e8s-shampooing hydratant et d\u00e9m\u00ealant \u00e0 la grenade et au miel de Mielle Organics apporte tout cela et bien plus encore.<\/p>","protected":false},"featured_media":24561,"comment_status":"open","ping_status":"closed","template":"","meta":[],"pwb-brand":[757],"product_brand":[],"product_cat":[1025,267,1022,1024],"product_tag":[],"class_list":{"0":"post-17092","1":"product","2":"type-product","3":"status-publish","4":"has-post-thumbnail","6":"pwb-brand-mielle","7":"product_cat-apres-shampooings","8":"product_cat-beaute-et-soins","9":"product_cat-coiffures-et-soins-des-cheveux","10":"product_cat-soins-des-cheveux","12":"first","13":"instock","14":"shipping-taxable","15":"purchasable","16":"product-type-simple"},"yoast_head":"<!-- This site is optimized with the Yoast SEO plugin v27.4 - https:\/\/yoast.com\/product\/yoast-seo-wordpress\/ -->\n<title>Mielle - Pomegranate and Honey Conditioner (Rinse-off conditioner) - 355 ml - NIRIGS<\/title>\n<meta name=\"robots\" content=\"index, follow, max-snippet:-1, max-image-preview:large, max-video-preview:-1\" \/>\n<link rel=\"canonical\" href=\"https:\/\/nirigs.com\/en\/product\/pomegranate-honey-conditioner-rinse-off-conditioner-355-ml\/\" \/>\n<meta property=\"og:locale\" content=\"en_US\" \/>\n<meta property=\"og:type\" content=\"article\" \/>\n<meta property=\"og:title\" content=\"Mielle - Pomegranate and Honey Conditioner (Rinse-off conditioner) - 355 ml - NIRIGS\" \/>\n<meta property=\"og:description\" content=\"L&rsquo;apr\u00e8s-shampooing hydratant et d\u00e9m\u00ealant \u00e0 la grenade et au miel de Mielle Organics apporte tout cela et bien plus encore.\" \/>\n<meta property=\"og:url\" content=\"https:\/\/nirigs.com\/en\/product\/pomegranate-honey-conditioner-rinse-off-conditioner-355-ml\/\" \/>\n<meta property=\"og:site_name\" content=\"NIRIGS\" \/>\n<meta property=\"article:modified_time\" content=\"2025-03-16T07:50:54+00:00\" \/>\n<meta property=\"og:image\" content=\"https:\/\/nirigs.com\/wp-content\/uploads\/2024\/01\/Mielle-\u2013-Pomegranate-and-Honey-Conditioner-Rinse-off-conditioner-\u2013-355-ml.jpg\" \/>\n\t<meta property=\"og:image:width\" content=\"1000\" \/>\n\t<meta property=\"og:image:height\" content=\"1000\" \/>\n\t<meta property=\"og:image:type\" content=\"image\/jpeg\" \/>\n<meta name=\"twitter:card\" content=\"summary_large_image\" \/>\n<meta name=\"twitter:label1\" content=\"Est. reading time\" \/>\n\t<meta name=\"twitter:data1\" content=\"1 minute\" \/>\n<script type=\"application\/ld+json\" class=\"yoast-schema-graph\">{\"@context\":\"https:\\\/\\\/schema.org\",\"@graph\":[{\"@type\":\"WebPage\",\"@id\":\"https:\\\/\\\/nirigs.com\\\/product\\\/pomegranate-honey-conditioner-rinse-off-conditioner-355-ml\\\/\",\"url\":\"https:\\\/\\\/nirigs.com\\\/product\\\/pomegranate-honey-conditioner-rinse-off-conditioner-355-ml\\\/\",\"name\":\"Mielle - Pomegranate and Honey Conditioner (Rinse-off conditioner) - 355 ml - NIRIGS\",\"isPartOf\":{\"@id\":\"https:\\\/\\\/nirigs.com\\\/#website\"},\"primaryImageOfPage\":{\"@id\":\"https:\\\/\\\/nirigs.com\\\/product\\\/pomegranate-honey-conditioner-rinse-off-conditioner-355-ml\\\/#primaryimage\"},\"image\":{\"@id\":\"https:\\\/\\\/nirigs.com\\\/product\\\/pomegranate-honey-conditioner-rinse-off-conditioner-355-ml\\\/#primaryimage\"},\"thumbnailUrl\":\"https:\\\/\\\/nirigs.com\\\/wp-content\\\/uploads\\\/2024\\\/01\\\/Mielle-\u2013-Pomegranate-and-Honey-Conditioner-Rinse-off-conditioner-\u2013-355-ml.jpg\",\"datePublished\":\"2024-01-31T13:44:50+00:00\",\"dateModified\":\"2025-03-16T07:50:54+00:00\",\"breadcrumb\":{\"@id\":\"https:\\\/\\\/nirigs.com\\\/product\\\/pomegranate-honey-conditioner-rinse-off-conditioner-355-ml\\\/#breadcrumb\"},\"inLanguage\":\"en-US\",\"potentialAction\":[{\"@type\":\"ReadAction\",\"target\":[\"https:\\\/\\\/nirigs.com\\\/product\\\/pomegranate-honey-conditioner-rinse-off-conditioner-355-ml\\\/\"]}]},{\"@type\":\"ImageObject\",\"inLanguage\":\"en-US\",\"@id\":\"https:\\\/\\\/nirigs.com\\\/product\\\/pomegranate-honey-conditioner-rinse-off-conditioner-355-ml\\\/#primaryimage\",\"url\":\"https:\\\/\\\/nirigs.com\\\/wp-content\\\/uploads\\\/2024\\\/01\\\/Mielle-\u2013-Pomegranate-and-Honey-Conditioner-Rinse-off-conditioner-\u2013-355-ml.jpg\",\"contentUrl\":\"https:\\\/\\\/nirigs.com\\\/wp-content\\\/uploads\\\/2024\\\/01\\\/Mielle-\u2013-Pomegranate-and-Honey-Conditioner-Rinse-off-conditioner-\u2013-355-ml.jpg\",\"width\":1000,\"height\":1000},{\"@type\":\"BreadcrumbList\",\"@id\":\"https:\\\/\\\/nirigs.com\\\/product\\\/pomegranate-honey-conditioner-rinse-off-conditioner-355-ml\\\/#breadcrumb\",\"itemListElement\":[{\"@type\":\"ListItem\",\"position\":1,\"name\":\"Home\",\"item\":\"https:\\\/\\\/nirigs.com\\\/\"},{\"@type\":\"ListItem\",\"position\":2,\"name\":\"Parcourir\",\"item\":\"https:\\\/\\\/nirigs.com\\\/boutique\\\/\"},{\"@type\":\"ListItem\",\"position\":3,\"name\":\"Mielle &#8211; Pomegranate and Honey Conditioner (Rinse-off conditioner) &#8211; 355 ml\"}]},{\"@type\":\"WebSite\",\"@id\":\"https:\\\/\\\/nirigs.com\\\/#website\",\"url\":\"https:\\\/\\\/nirigs.com\\\/\",\"name\":\"Nirigs.com\",\"description\":\"Simplifiez vos achats du quotidien \u00e0 Djibouti\",\"publisher\":{\"@id\":\"https:\\\/\\\/nirigs.com\\\/#organization\"},\"potentialAction\":[{\"@type\":\"SearchAction\",\"target\":{\"@type\":\"EntryPoint\",\"urlTemplate\":\"https:\\\/\\\/nirigs.com\\\/?s={search_term_string}\"},\"query-input\":{\"@type\":\"PropertyValueSpecification\",\"valueRequired\":true,\"valueName\":\"search_term_string\"}}],\"inLanguage\":\"en-US\"},{\"@type\":\"Organization\",\"@id\":\"https:\\\/\\\/nirigs.com\\\/#organization\",\"name\":\"Nirigs\",\"url\":\"https:\\\/\\\/nirigs.com\\\/\",\"logo\":{\"@type\":\"ImageObject\",\"inLanguage\":\"en-US\",\"@id\":\"https:\\\/\\\/nirigs.com\\\/#\\\/schema\\\/logo\\\/image\\\/\",\"url\":\"https:\\\/\\\/nirigs.com\\\/wp-content\\\/uploads\\\/2025\\\/04\\\/Design-sans-titre-27.png\",\"contentUrl\":\"https:\\\/\\\/nirigs.com\\\/wp-content\\\/uploads\\\/2025\\\/04\\\/Design-sans-titre-27.png\",\"width\":500,\"height\":500,\"caption\":\"Nirigs\"},\"image\":{\"@id\":\"https:\\\/\\\/nirigs.com\\\/#\\\/schema\\\/logo\\\/image\\\/\"}}]}<\/script>\n<!-- \/ Yoast SEO plugin. -->","yoast_head_json":{"title":"Mielle - Pomegranate and Honey Conditioner (Rinse-off conditioner) - 355 ml - NIRIGS","robots":{"index":"index","follow":"follow","max-snippet":"max-snippet:-1","max-image-preview":"max-image-preview:large","max-video-preview":"max-video-preview:-1"},"canonical":"https:\/\/nirigs.com\/en\/product\/pomegranate-honey-conditioner-rinse-off-conditioner-355-ml\/","og_locale":"en_US","og_type":"article","og_title":"Mielle - Pomegranate and Honey Conditioner (Rinse-off conditioner) - 355 ml - NIRIGS","og_description":"L&rsquo;apr\u00e8s-shampooing hydratant et d\u00e9m\u00ealant \u00e0 la grenade et au miel de Mielle Organics apporte tout cela et bien plus encore.","og_url":"https:\/\/nirigs.com\/en\/product\/pomegranate-honey-conditioner-rinse-off-conditioner-355-ml\/","og_site_name":"NIRIGS","article_modified_time":"2025-03-16T07:50:54+00:00","og_image":[{"width":1000,"height":1000,"url":"https:\/\/nirigs.com\/wp-content\/uploads\/2024\/01\/Mielle-\u2013-Pomegranate-and-Honey-Conditioner-Rinse-off-conditioner-\u2013-355-ml.jpg","type":"image\/jpeg"}],"twitter_card":"summary_large_image","twitter_misc":{"Est. reading time":"1 minute"},"schema":{"@context":"https:\/\/schema.org","@graph":[{"@type":"WebPage","@id":"https:\/\/nirigs.com\/product\/pomegranate-honey-conditioner-rinse-off-conditioner-355-ml\/","url":"https:\/\/nirigs.com\/product\/pomegranate-honey-conditioner-rinse-off-conditioner-355-ml\/","name":"Mielle - Pomegranate and Honey Conditioner (Rinse-off conditioner) - 355 ml - NIRIGS","isPartOf":{"@id":"https:\/\/nirigs.com\/#website"},"primaryImageOfPage":{"@id":"https:\/\/nirigs.com\/product\/pomegranate-honey-conditioner-rinse-off-conditioner-355-ml\/#primaryimage"},"image":{"@id":"https:\/\/nirigs.com\/product\/pomegranate-honey-conditioner-rinse-off-conditioner-355-ml\/#primaryimage"},"thumbnailUrl":"https:\/\/nirigs.com\/wp-content\/uploads\/2024\/01\/Mielle-\u2013-Pomegranate-and-Honey-Conditioner-Rinse-off-conditioner-\u2013-355-ml.jpg","datePublished":"2024-01-31T13:44:50+00:00","dateModified":"2025-03-16T07:50:54+00:00","breadcrumb":{"@id":"https:\/\/nirigs.com\/product\/pomegranate-honey-conditioner-rinse-off-conditioner-355-ml\/#breadcrumb"},"inLanguage":"en-US","potentialAction":[{"@type":"ReadAction","target":["https:\/\/nirigs.com\/product\/pomegranate-honey-conditioner-rinse-off-conditioner-355-ml\/"]}]},{"@type":"ImageObject","inLanguage":"en-US","@id":"https:\/\/nirigs.com\/product\/pomegranate-honey-conditioner-rinse-off-conditioner-355-ml\/#primaryimage","url":"https:\/\/nirigs.com\/wp-content\/uploads\/2024\/01\/Mielle-\u2013-Pomegranate-and-Honey-Conditioner-Rinse-off-conditioner-\u2013-355-ml.jpg","contentUrl":"https:\/\/nirigs.com\/wp-content\/uploads\/2024\/01\/Mielle-\u2013-Pomegranate-and-Honey-Conditioner-Rinse-off-conditioner-\u2013-355-ml.jpg","width":1000,"height":1000},{"@type":"BreadcrumbList","@id":"https:\/\/nirigs.com\/product\/pomegranate-honey-conditioner-rinse-off-conditioner-355-ml\/#breadcrumb","itemListElement":[{"@type":"ListItem","position":1,"name":"Home","item":"https:\/\/nirigs.com\/"},{"@type":"ListItem","position":2,"name":"Parcourir","item":"https:\/\/nirigs.com\/boutique\/"},{"@type":"ListItem","position":3,"name":"Mielle &#8211; Pomegranate and Honey Conditioner (Rinse-off conditioner) &#8211; 355 ml"}]},{"@type":"WebSite","@id":"https:\/\/nirigs.com\/#website","url":"https:\/\/nirigs.com\/","name":"Nirigs.com","description":"Simplifiez vos achats du quotidien \u00e0 Djibouti","publisher":{"@id":"https:\/\/nirigs.com\/#organization"},"potentialAction":[{"@type":"SearchAction","target":{"@type":"EntryPoint","urlTemplate":"https:\/\/nirigs.com\/?s={search_term_string}"},"query-input":{"@type":"PropertyValueSpecification","valueRequired":true,"valueName":"search_term_string"}}],"inLanguage":"en-US"},{"@type":"Organization","@id":"https:\/\/nirigs.com\/#organization","name":"Nirigs","url":"https:\/\/nirigs.com\/","logo":{"@type":"ImageObject","inLanguage":"en-US","@id":"https:\/\/nirigs.com\/#\/schema\/logo\/image\/","url":"https:\/\/nirigs.com\/wp-content\/uploads\/2025\/04\/Design-sans-titre-27.png","contentUrl":"https:\/\/nirigs.com\/wp-content\/uploads\/2025\/04\/Design-sans-titre-27.png","width":500,"height":500,"caption":"Nirigs"},"image":{"@id":"https:\/\/nirigs.com\/#\/schema\/logo\/image\/"}}]}},"brands":[{"id":757,"name":"Honeyed","slug":"mielle"}],"_links":{"self":[{"href":"https:\/\/nirigs.com\/en\/wp-json\/wp\/v2\/product\/17092","targetHints":{"allow":["GET"]}}],"collection":[{"href":"https:\/\/nirigs.com\/en\/wp-json\/wp\/v2\/product"}],"about":[{"href":"https:\/\/nirigs.com\/en\/wp-json\/wp\/v2\/types\/product"}],"replies":[{"embeddable":true,"href":"https:\/\/nirigs.com\/en\/wp-json\/wp\/v2\/comments?post=17092"}],"version-history":[{"count":10,"href":"https:\/\/nirigs.com\/en\/wp-json\/wp\/v2\/product\/17092\/revisions"}],"predecessor-version":[{"id":24562,"href":"https:\/\/nirigs.com\/en\/wp-json\/wp\/v2\/product\/17092\/revisions\/24562"}],"wp:featuredmedia":[{"embeddable":true,"href":"https:\/\/nirigs.com\/en\/wp-json\/wp\/v2\/media\/24561"}],"wp:attachment":[{"href":"https:\/\/nirigs.com\/en\/wp-json\/wp\/v2\/media?parent=17092"}],"wp:term":[{"taxonomy":"pwb-brand","embeddable":true,"href":"https:\/\/nirigs.com\/en\/wp-json\/wp\/v2\/pwb-brand?post=17092"},{"taxonomy":"product_brand","embeddable":true,"href":"https:\/\/nirigs.com\/en\/wp-json\/wp\/v2\/product_brand?post=17092"},{"taxonomy":"product_cat","embeddable":true,"href":"https:\/\/nirigs.com\/en\/wp-json\/wp\/v2\/product_cat?post=17092"},{"taxonomy":"product_tag","embeddable":true,"href":"https:\/\/nirigs.com\/en\/wp-json\/wp\/v2\/product_tag?post=17092"}],"curies":[{"name":"wp","href":"https:\/\/api.w.org\/{rel}","templated":true}]}}