{"id":17069,"date":"2024-01-31T16:34:28","date_gmt":"2024-01-31T13:34:28","guid":{"rendered":"https:\/\/nirigs.com\/?post_type=product&#038;p=17069"},"modified":"2025-03-16T10:50:26","modified_gmt":"2025-03-16T07:50:26","slug":"stimulating-hair-oil-134-ml","status":"publish","type":"product","link":"https:\/\/nirigs.com\/en\/product\/stimulating-hair-oil-134-ml\/","title":{"rendered":"Doo Gro - Stimulating Hair Oil - 135 ml"},"content":{"rendered":"<p>Son m\u00e9lange unique d&rsquo;huiles v\u00e9g\u00e9tales, de vitamines A, D et E et d&rsquo;herbes pures hydrate intens\u00e9ment le cuir chevelu tout en renfor\u00e7ant et r\u00e9parant les cheveux ab\u00eem\u00e9s ou maltrait\u00e9s. Sa formule ultra l\u00e9g\u00e8re convient \u00e0 tous les types de cheveux, y compris les cheveux color\u00e9s, d\u00e9tendus, tress\u00e9s et tiss\u00e9s. De plus, elle aide \u00e0 soulager le cuir chevelu qui d\u00e9mange, arr\u00eate les pellicules et apaise les cheveux secs et cassants. Pour atteindre son potentiel maximal de croissance , les cheveux ont besoin d&rsquo;\u00e9l\u00e9ments nutritifs pour activer le bulbe pileux. L&rsquo;huile de la marque DooGro est le stimulateur id\u00e9al en cas importante de chute de cheveux . Il emp\u00eache la formation des pellicules et apporte de la brillance.<\/p>\n<h4>Use<\/h4>\n<p>Appliquez en quantit\u00e9 mod\u00e9r\u00e9e sur le cuir chevelu. Insister sur les pointes.<\/p>\n<h4>Ingredients<\/h4>\n<p>Paraffinum Liquidum (Mineral Oil), Prunus Amygdalus Dulcis (Sweet Almond) Oil, Limanthes Alba (Meadowfoam) Seed Oil, Butyrospermum Parkii (Shea) Butter Extract, Triticum Vulgare (Wheat) Germ Oil, Zea Mays (Corn) Oil, Carthamus Tinctorius (Safflower) Seed Oil, Tocopheryl Acetate, Retinyl Palmitate, Ergocalciferol, Calendula Officinalis Flower Extract, Prunus Serotina (Wild Cherry) Bark Extract, Hydrastis Canadensis (Golden Seal ) Extract, Lawsonia Inermis (Henna) Extract, Humulus Lupulus (Hops) Extract, Equisetum Hyemale Extract, Chamomilla Recutita (Matricaria) Extract, Quillaja Saponaria Bark Extract, C 12-15 Alkyl Benzoate, Lanolin Oil, Propylparaben, BHA, BHT, Fragrance\/Parfum, Yellow 11\/ CI 47000, Red 17\/ CI 26100.<\/p>","protected":false},"excerpt":{"rendered":"<p>Son m\u00e9lange unique d&rsquo;huiles v\u00e9g\u00e9tales, de vitamines A, D et E et d&rsquo;herbes pures hydrate intens\u00e9ment le cuir chevelu tout<\/p>","protected":false},"featured_media":24622,"comment_status":"open","ping_status":"closed","template":"","meta":[],"pwb-brand":[774],"product_brand":[],"product_cat":[267,1022,1023],"product_tag":[],"class_list":{"0":"post-17069","1":"product","2":"type-product","3":"status-publish","4":"has-post-thumbnail","6":"pwb-brand-doo-gro","7":"product_cat-beaute-et-soins","8":"product_cat-coiffures-et-soins-des-cheveux","9":"product_cat-huile-pour-cheveux","11":"first","12":"instock","13":"shipping-taxable","14":"purchasable","15":"product-type-simple"},"yoast_head":"<!-- This site is optimized with the Yoast SEO plugin v27.1.1 - https:\/\/yoast.com\/product\/yoast-seo-wordpress\/ -->\n<title>Doo Gro - Huile capillaire stimulante - 135 ml - NIRIGS<\/title>\n<meta name=\"robots\" content=\"index, follow, max-snippet:-1, max-image-preview:large, max-video-preview:-1\" \/>\n<link rel=\"canonical\" href=\"https:\/\/nirigs.com\/en\/product\/stimulating-hair-oil-134-ml\/\" \/>\n<meta property=\"og:locale\" content=\"en_US\" \/>\n<meta property=\"og:type\" content=\"article\" \/>\n<meta property=\"og:title\" content=\"Doo Gro - Huile capillaire stimulante - 135 ml - NIRIGS\" \/>\n<meta property=\"og:description\" content=\"Son m\u00e9lange unique d&rsquo;huiles v\u00e9g\u00e9tales, de vitamines A, D et E et d&rsquo;herbes pures hydrate intens\u00e9ment le cuir chevelu tout\" \/>\n<meta property=\"og:url\" content=\"https:\/\/nirigs.com\/en\/product\/stimulating-hair-oil-134-ml\/\" \/>\n<meta property=\"og:site_name\" content=\"NIRIGS\" \/>\n<meta property=\"article:modified_time\" content=\"2025-03-16T07:50:26+00:00\" \/>\n<meta property=\"og:image\" content=\"https:\/\/nirigs.com\/wp-content\/uploads\/2024\/01\/Doo-Gro-\u2013-Huile-capillaire-stimulante-\u2013-135-ml.jpg\" \/>\n\t<meta property=\"og:image:width\" content=\"1000\" \/>\n\t<meta property=\"og:image:height\" content=\"1000\" \/>\n\t<meta property=\"og:image:type\" content=\"image\/jpeg\" \/>\n<meta name=\"twitter:card\" content=\"summary_large_image\" \/>\n<meta name=\"twitter:label1\" content=\"Est. reading time\" \/>\n\t<meta name=\"twitter:data1\" content=\"1 minute\" \/>\n<script type=\"application\/ld+json\" class=\"yoast-schema-graph\">{\"@context\":\"https:\/\/schema.org\",\"@graph\":[{\"@type\":\"WebPage\",\"@id\":\"https:\/\/nirigs.com\/product\/stimulating-hair-oil-134-ml\/\",\"url\":\"https:\/\/nirigs.com\/product\/stimulating-hair-oil-134-ml\/\",\"name\":\"Doo Gro - Huile capillaire stimulante - 135 ml - NIRIGS\",\"isPartOf\":{\"@id\":\"https:\/\/nirigs.com\/#website\"},\"primaryImageOfPage\":{\"@id\":\"https:\/\/nirigs.com\/product\/stimulating-hair-oil-134-ml\/#primaryimage\"},\"image\":{\"@id\":\"https:\/\/nirigs.com\/product\/stimulating-hair-oil-134-ml\/#primaryimage\"},\"thumbnailUrl\":\"https:\/\/nirigs.com\/wp-content\/uploads\/2024\/01\/Doo-Gro-\u2013-Huile-capillaire-stimulante-\u2013-135-ml.jpg\",\"datePublished\":\"2024-01-31T13:34:28+00:00\",\"dateModified\":\"2025-03-16T07:50:26+00:00\",\"breadcrumb\":{\"@id\":\"https:\/\/nirigs.com\/product\/stimulating-hair-oil-134-ml\/#breadcrumb\"},\"inLanguage\":\"en-US\",\"potentialAction\":[{\"@type\":\"ReadAction\",\"target\":[\"https:\/\/nirigs.com\/product\/stimulating-hair-oil-134-ml\/\"]}]},{\"@type\":\"ImageObject\",\"inLanguage\":\"en-US\",\"@id\":\"https:\/\/nirigs.com\/product\/stimulating-hair-oil-134-ml\/#primaryimage\",\"url\":\"https:\/\/nirigs.com\/wp-content\/uploads\/2024\/01\/Doo-Gro-\u2013-Huile-capillaire-stimulante-\u2013-135-ml.jpg\",\"contentUrl\":\"https:\/\/nirigs.com\/wp-content\/uploads\/2024\/01\/Doo-Gro-\u2013-Huile-capillaire-stimulante-\u2013-135-ml.jpg\",\"width\":1000,\"height\":1000},{\"@type\":\"BreadcrumbList\",\"@id\":\"https:\/\/nirigs.com\/product\/stimulating-hair-oil-134-ml\/#breadcrumb\",\"itemListElement\":[{\"@type\":\"ListItem\",\"position\":1,\"name\":\"Home\",\"item\":\"https:\/\/nirigs.com\/\"},{\"@type\":\"ListItem\",\"position\":2,\"name\":\"Parcourir\",\"item\":\"https:\/\/nirigs.com\/boutique\/\"},{\"@type\":\"ListItem\",\"position\":3,\"name\":\"Doo Gro &#8211; Huile capillaire stimulante &#8211; 135 ml\"}]},{\"@type\":\"WebSite\",\"@id\":\"https:\/\/nirigs.com\/#website\",\"url\":\"https:\/\/nirigs.com\/\",\"name\":\"Nirigs.com\",\"description\":\"Simplifiez vos achats du quotidien \u00e0 Djibouti\",\"publisher\":{\"@id\":\"https:\/\/nirigs.com\/#organization\"},\"potentialAction\":[{\"@type\":\"SearchAction\",\"target\":{\"@type\":\"EntryPoint\",\"urlTemplate\":\"https:\/\/nirigs.com\/?s={search_term_string}\"},\"query-input\":{\"@type\":\"PropertyValueSpecification\",\"valueRequired\":true,\"valueName\":\"search_term_string\"}}],\"inLanguage\":\"en-US\"},{\"@type\":\"Organization\",\"@id\":\"https:\/\/nirigs.com\/#organization\",\"name\":\"Nirigs\",\"url\":\"https:\/\/nirigs.com\/\",\"logo\":{\"@type\":\"ImageObject\",\"inLanguage\":\"en-US\",\"@id\":\"https:\/\/nirigs.com\/#\/schema\/logo\/image\/\",\"url\":\"https:\/\/nirigs.com\/wp-content\/uploads\/2025\/04\/Design-sans-titre-27.png\",\"contentUrl\":\"https:\/\/nirigs.com\/wp-content\/uploads\/2025\/04\/Design-sans-titre-27.png\",\"width\":500,\"height\":500,\"caption\":\"Nirigs\"},\"image\":{\"@id\":\"https:\/\/nirigs.com\/#\/schema\/logo\/image\/\"}}]}<\/script>\n<!-- \/ Yoast SEO plugin. -->","yoast_head_json":{"title":"Doo Gro - Huile capillaire stimulante - 135 ml - NIRIGS","robots":{"index":"index","follow":"follow","max-snippet":"max-snippet:-1","max-image-preview":"max-image-preview:large","max-video-preview":"max-video-preview:-1"},"canonical":"https:\/\/nirigs.com\/en\/product\/stimulating-hair-oil-134-ml\/","og_locale":"en_US","og_type":"article","og_title":"Doo Gro - Huile capillaire stimulante - 135 ml - NIRIGS","og_description":"Son m\u00e9lange unique d&rsquo;huiles v\u00e9g\u00e9tales, de vitamines A, D et E et d&rsquo;herbes pures hydrate intens\u00e9ment le cuir chevelu tout","og_url":"https:\/\/nirigs.com\/en\/product\/stimulating-hair-oil-134-ml\/","og_site_name":"NIRIGS","article_modified_time":"2025-03-16T07:50:26+00:00","og_image":[{"width":1000,"height":1000,"url":"https:\/\/nirigs.com\/wp-content\/uploads\/2024\/01\/Doo-Gro-\u2013-Huile-capillaire-stimulante-\u2013-135-ml.jpg","type":"image\/jpeg"}],"twitter_card":"summary_large_image","twitter_misc":{"Est. reading time":"1 minute"},"schema":{"@context":"https:\/\/schema.org","@graph":[{"@type":"WebPage","@id":"https:\/\/nirigs.com\/product\/stimulating-hair-oil-134-ml\/","url":"https:\/\/nirigs.com\/product\/stimulating-hair-oil-134-ml\/","name":"Doo Gro - Huile capillaire stimulante - 135 ml - NIRIGS","isPartOf":{"@id":"https:\/\/nirigs.com\/#website"},"primaryImageOfPage":{"@id":"https:\/\/nirigs.com\/product\/stimulating-hair-oil-134-ml\/#primaryimage"},"image":{"@id":"https:\/\/nirigs.com\/product\/stimulating-hair-oil-134-ml\/#primaryimage"},"thumbnailUrl":"https:\/\/nirigs.com\/wp-content\/uploads\/2024\/01\/Doo-Gro-\u2013-Huile-capillaire-stimulante-\u2013-135-ml.jpg","datePublished":"2024-01-31T13:34:28+00:00","dateModified":"2025-03-16T07:50:26+00:00","breadcrumb":{"@id":"https:\/\/nirigs.com\/product\/stimulating-hair-oil-134-ml\/#breadcrumb"},"inLanguage":"en-US","potentialAction":[{"@type":"ReadAction","target":["https:\/\/nirigs.com\/product\/stimulating-hair-oil-134-ml\/"]}]},{"@type":"ImageObject","inLanguage":"en-US","@id":"https:\/\/nirigs.com\/product\/stimulating-hair-oil-134-ml\/#primaryimage","url":"https:\/\/nirigs.com\/wp-content\/uploads\/2024\/01\/Doo-Gro-\u2013-Huile-capillaire-stimulante-\u2013-135-ml.jpg","contentUrl":"https:\/\/nirigs.com\/wp-content\/uploads\/2024\/01\/Doo-Gro-\u2013-Huile-capillaire-stimulante-\u2013-135-ml.jpg","width":1000,"height":1000},{"@type":"BreadcrumbList","@id":"https:\/\/nirigs.com\/product\/stimulating-hair-oil-134-ml\/#breadcrumb","itemListElement":[{"@type":"ListItem","position":1,"name":"Home","item":"https:\/\/nirigs.com\/"},{"@type":"ListItem","position":2,"name":"Parcourir","item":"https:\/\/nirigs.com\/boutique\/"},{"@type":"ListItem","position":3,"name":"Doo Gro &#8211; Huile capillaire stimulante &#8211; 135 ml"}]},{"@type":"WebSite","@id":"https:\/\/nirigs.com\/#website","url":"https:\/\/nirigs.com\/","name":"Nirigs.com","description":"Simplifiez vos achats du quotidien \u00e0 Djibouti","publisher":{"@id":"https:\/\/nirigs.com\/#organization"},"potentialAction":[{"@type":"SearchAction","target":{"@type":"EntryPoint","urlTemplate":"https:\/\/nirigs.com\/?s={search_term_string}"},"query-input":{"@type":"PropertyValueSpecification","valueRequired":true,"valueName":"search_term_string"}}],"inLanguage":"en-US"},{"@type":"Organization","@id":"https:\/\/nirigs.com\/#organization","name":"Nirigs","url":"https:\/\/nirigs.com\/","logo":{"@type":"ImageObject","inLanguage":"en-US","@id":"https:\/\/nirigs.com\/#\/schema\/logo\/image\/","url":"https:\/\/nirigs.com\/wp-content\/uploads\/2025\/04\/Design-sans-titre-27.png","contentUrl":"https:\/\/nirigs.com\/wp-content\/uploads\/2025\/04\/Design-sans-titre-27.png","width":500,"height":500,"caption":"Nirigs"},"image":{"@id":"https:\/\/nirigs.com\/#\/schema\/logo\/image\/"}}]}},"brands":[{"id":774,"name":"Doo Gro","slug":"doo-gro"}],"_links":{"self":[{"href":"https:\/\/nirigs.com\/en\/wp-json\/wp\/v2\/product\/17069","targetHints":{"allow":["GET"]}}],"collection":[{"href":"https:\/\/nirigs.com\/en\/wp-json\/wp\/v2\/product"}],"about":[{"href":"https:\/\/nirigs.com\/en\/wp-json\/wp\/v2\/types\/product"}],"replies":[{"embeddable":true,"href":"https:\/\/nirigs.com\/en\/wp-json\/wp\/v2\/comments?post=17069"}],"version-history":[{"count":9,"href":"https:\/\/nirigs.com\/en\/wp-json\/wp\/v2\/product\/17069\/revisions"}],"predecessor-version":[{"id":24620,"href":"https:\/\/nirigs.com\/en\/wp-json\/wp\/v2\/product\/17069\/revisions\/24620"}],"wp:featuredmedia":[{"embeddable":true,"href":"https:\/\/nirigs.com\/en\/wp-json\/wp\/v2\/media\/24622"}],"wp:attachment":[{"href":"https:\/\/nirigs.com\/en\/wp-json\/wp\/v2\/media?parent=17069"}],"wp:term":[{"taxonomy":"pwb-brand","embeddable":true,"href":"https:\/\/nirigs.com\/en\/wp-json\/wp\/v2\/pwb-brand?post=17069"},{"taxonomy":"product_brand","embeddable":true,"href":"https:\/\/nirigs.com\/en\/wp-json\/wp\/v2\/product_brand?post=17069"},{"taxonomy":"product_cat","embeddable":true,"href":"https:\/\/nirigs.com\/en\/wp-json\/wp\/v2\/product_cat?post=17069"},{"taxonomy":"product_tag","embeddable":true,"href":"https:\/\/nirigs.com\/en\/wp-json\/wp\/v2\/product_tag?post=17069"}],"curies":[{"name":"wp","href":"https:\/\/api.w.org\/{rel}","templated":true}]}}