{"id":17067,"date":"2024-01-31T16:24:17","date_gmt":"2024-01-31T13:24:17","guid":{"rendered":"https:\/\/nirigs.com\/?post_type=product&#038;p=17067"},"modified":"2025-03-16T10:52:16","modified_gmt":"2025-03-16T07:52:16","slug":"pomegranate-honey-super-hold-edge-gel-57-g","status":"publish","type":"product","link":"https:\/\/nirigs.com\/en\/product\/pomegranate-honey-super-hold-edge-gel-57-g\/","title":{"rendered":"Mielle - Super Hold Edge Gel with pomegranate and honey - 57 g"},"content":{"rendered":"<p>Le gel coiffant SUPER HOLD PROMEGRANATE &amp; HONEY de MIELLE est id\u00e9al pour une tenue parfaite ! Il a \u00e9galement une odeur agr\u00e9able et est id\u00e9al pour dessiner des queues de cheval et des bordures de cheveux indisciplin\u00e9s. Pour un coiffage simple et efficace et pour lisser les cheveux de vos b\u00e9b\u00e9s.<\/p>\n<p>Il apporte brillance, d\u00e9finition et hydratation !<\/p>\n<h4>Use<\/h4>\n<ul>\n<li>Appliquer le gel sur les bords<\/li>\n<li>Lisser du bout des doigts ou \u00e0 l&rsquo;aide d&rsquo;une petite brosse pour obtenir la tenue souhait\u00e9e.<\/li>\n<\/ul>\n<p>* Une application excessive peut entra\u00eener une accumulation.<\/p>\n<h4>Ingredients<\/h4>\n<p>Water (Aqua, Water), Ceteareth-25, Glycerin, Hydrogenated castor oil PEG-40, Honey, Aloe Barbadensis leaf juice, Methyl Gluceth-10, Perfume (Perfume), Oleth-2, Punica Granatum fruit extract, Saccharum Officinarum (sugar cane) extract, Citrus Limon (lemon) fruit extract, Betaine, Hexylene Glycol, Pyrus Malus (apple) fruit extract, Camellia Sinensis leaf extract, hexapeptide-11, polydimethylsiloxane, octyldodecethyl-20, Oryza Sativa (rice bran) wax, Lavandula Angustifolia flower wax, hydrolyzed wheat protein, phenoxyethanol, benzoic acid, ethylhexylglycerin, glyceride-2<\/p>","protected":false},"excerpt":{"rendered":"<p>Le gel coiffant SUPER HOLD PROMEGRANATE &amp; HONEY de MIELLE est id\u00e9al pour une tenue parfaite ! Il a \u00e9galement<\/p>","protected":false},"featured_media":24633,"comment_status":"open","ping_status":"closed","template":"","meta":[],"pwb-brand":[757],"product_brand":[],"product_cat":[267,1022,1073,1071],"product_tag":[],"class_list":{"0":"post-17067","1":"product","2":"type-product","3":"status-publish","4":"has-post-thumbnail","6":"pwb-brand-mielle","7":"product_cat-beaute-et-soins","8":"product_cat-coiffures-et-soins-des-cheveux","9":"product_cat-gels-coiffants","10":"product_cat-produits-coiffants","12":"first","13":"instock","14":"shipping-taxable","15":"purchasable","16":"product-type-simple"},"yoast_head":"<!-- This site is optimized with the Yoast SEO plugin v27.1.1 - https:\/\/yoast.com\/product\/yoast-seo-wordpress\/ -->\n<title>Mielle - Super Hold Edge Gel \u00e0 la grenade et au miel - 57 g - NIRIGS<\/title>\n<meta name=\"robots\" content=\"index, follow, max-snippet:-1, max-image-preview:large, max-video-preview:-1\" \/>\n<link rel=\"canonical\" href=\"https:\/\/nirigs.com\/en\/product\/pomegranate-honey-super-hold-edge-gel-57-g\/\" \/>\n<meta property=\"og:locale\" content=\"en_US\" \/>\n<meta property=\"og:type\" content=\"article\" \/>\n<meta property=\"og:title\" content=\"Mielle - Super Hold Edge Gel \u00e0 la grenade et au miel - 57 g - NIRIGS\" \/>\n<meta property=\"og:description\" content=\"Le gel coiffant SUPER HOLD PROMEGRANATE &amp; HONEY de MIELLE est id\u00e9al pour une tenue parfaite ! Il a \u00e9galement\" \/>\n<meta property=\"og:url\" content=\"https:\/\/nirigs.com\/en\/product\/pomegranate-honey-super-hold-edge-gel-57-g\/\" \/>\n<meta property=\"og:site_name\" content=\"NIRIGS\" \/>\n<meta property=\"article:modified_time\" content=\"2025-03-16T07:52:16+00:00\" \/>\n<meta property=\"og:image\" content=\"https:\/\/nirigs.com\/wp-content\/uploads\/2024\/01\/Mielle-\u2013-Super-Hold-Edge-Gel-a-la-grenade-et-au-miel-\u2013-57-g.jpg\" \/>\n\t<meta property=\"og:image:width\" content=\"1000\" \/>\n\t<meta property=\"og:image:height\" content=\"1000\" \/>\n\t<meta property=\"og:image:type\" content=\"image\/jpeg\" \/>\n<meta name=\"twitter:card\" content=\"summary_large_image\" \/>\n<meta name=\"twitter:label1\" content=\"Est. reading time\" \/>\n\t<meta name=\"twitter:data1\" content=\"1 minute\" \/>\n<script type=\"application\/ld+json\" class=\"yoast-schema-graph\">{\"@context\":\"https:\/\/schema.org\",\"@graph\":[{\"@type\":\"WebPage\",\"@id\":\"https:\/\/nirigs.com\/product\/pomegranate-honey-super-hold-edge-gel-57-g\/\",\"url\":\"https:\/\/nirigs.com\/product\/pomegranate-honey-super-hold-edge-gel-57-g\/\",\"name\":\"Mielle - Super Hold Edge Gel \u00e0 la grenade et au miel - 57 g - NIRIGS\",\"isPartOf\":{\"@id\":\"https:\/\/nirigs.com\/#website\"},\"primaryImageOfPage\":{\"@id\":\"https:\/\/nirigs.com\/product\/pomegranate-honey-super-hold-edge-gel-57-g\/#primaryimage\"},\"image\":{\"@id\":\"https:\/\/nirigs.com\/product\/pomegranate-honey-super-hold-edge-gel-57-g\/#primaryimage\"},\"thumbnailUrl\":\"https:\/\/nirigs.com\/wp-content\/uploads\/2024\/01\/Mielle-\u2013-Super-Hold-Edge-Gel-a-la-grenade-et-au-miel-\u2013-57-g.jpg\",\"datePublished\":\"2024-01-31T13:24:17+00:00\",\"dateModified\":\"2025-03-16T07:52:16+00:00\",\"breadcrumb\":{\"@id\":\"https:\/\/nirigs.com\/product\/pomegranate-honey-super-hold-edge-gel-57-g\/#breadcrumb\"},\"inLanguage\":\"en-US\",\"potentialAction\":[{\"@type\":\"ReadAction\",\"target\":[\"https:\/\/nirigs.com\/product\/pomegranate-honey-super-hold-edge-gel-57-g\/\"]}]},{\"@type\":\"ImageObject\",\"inLanguage\":\"en-US\",\"@id\":\"https:\/\/nirigs.com\/product\/pomegranate-honey-super-hold-edge-gel-57-g\/#primaryimage\",\"url\":\"https:\/\/nirigs.com\/wp-content\/uploads\/2024\/01\/Mielle-\u2013-Super-Hold-Edge-Gel-a-la-grenade-et-au-miel-\u2013-57-g.jpg\",\"contentUrl\":\"https:\/\/nirigs.com\/wp-content\/uploads\/2024\/01\/Mielle-\u2013-Super-Hold-Edge-Gel-a-la-grenade-et-au-miel-\u2013-57-g.jpg\",\"width\":1000,\"height\":1000},{\"@type\":\"BreadcrumbList\",\"@id\":\"https:\/\/nirigs.com\/product\/pomegranate-honey-super-hold-edge-gel-57-g\/#breadcrumb\",\"itemListElement\":[{\"@type\":\"ListItem\",\"position\":1,\"name\":\"Home\",\"item\":\"https:\/\/nirigs.com\/\"},{\"@type\":\"ListItem\",\"position\":2,\"name\":\"Parcourir\",\"item\":\"https:\/\/nirigs.com\/boutique\/\"},{\"@type\":\"ListItem\",\"position\":3,\"name\":\"Mielle &#8211; Super Hold Edge Gel \u00e0 la grenade et au miel &#8211; 57 g\"}]},{\"@type\":\"WebSite\",\"@id\":\"https:\/\/nirigs.com\/#website\",\"url\":\"https:\/\/nirigs.com\/\",\"name\":\"Nirigs.com\",\"description\":\"Simplifiez vos achats du quotidien \u00e0 Djibouti\",\"publisher\":{\"@id\":\"https:\/\/nirigs.com\/#organization\"},\"potentialAction\":[{\"@type\":\"SearchAction\",\"target\":{\"@type\":\"EntryPoint\",\"urlTemplate\":\"https:\/\/nirigs.com\/?s={search_term_string}\"},\"query-input\":{\"@type\":\"PropertyValueSpecification\",\"valueRequired\":true,\"valueName\":\"search_term_string\"}}],\"inLanguage\":\"en-US\"},{\"@type\":\"Organization\",\"@id\":\"https:\/\/nirigs.com\/#organization\",\"name\":\"Nirigs\",\"url\":\"https:\/\/nirigs.com\/\",\"logo\":{\"@type\":\"ImageObject\",\"inLanguage\":\"en-US\",\"@id\":\"https:\/\/nirigs.com\/#\/schema\/logo\/image\/\",\"url\":\"https:\/\/nirigs.com\/wp-content\/uploads\/2025\/04\/Design-sans-titre-27.png\",\"contentUrl\":\"https:\/\/nirigs.com\/wp-content\/uploads\/2025\/04\/Design-sans-titre-27.png\",\"width\":500,\"height\":500,\"caption\":\"Nirigs\"},\"image\":{\"@id\":\"https:\/\/nirigs.com\/#\/schema\/logo\/image\/\"}}]}<\/script>\n<!-- \/ Yoast SEO plugin. -->","yoast_head_json":{"title":"Mielle - Super Hold Edge Gel \u00e0 la grenade et au miel - 57 g - NIRIGS","robots":{"index":"index","follow":"follow","max-snippet":"max-snippet:-1","max-image-preview":"max-image-preview:large","max-video-preview":"max-video-preview:-1"},"canonical":"https:\/\/nirigs.com\/en\/product\/pomegranate-honey-super-hold-edge-gel-57-g\/","og_locale":"en_US","og_type":"article","og_title":"Mielle - Super Hold Edge Gel \u00e0 la grenade et au miel - 57 g - NIRIGS","og_description":"Le gel coiffant SUPER HOLD PROMEGRANATE &amp; HONEY de MIELLE est id\u00e9al pour une tenue parfaite ! Il a \u00e9galement","og_url":"https:\/\/nirigs.com\/en\/product\/pomegranate-honey-super-hold-edge-gel-57-g\/","og_site_name":"NIRIGS","article_modified_time":"2025-03-16T07:52:16+00:00","og_image":[{"width":1000,"height":1000,"url":"https:\/\/nirigs.com\/wp-content\/uploads\/2024\/01\/Mielle-\u2013-Super-Hold-Edge-Gel-a-la-grenade-et-au-miel-\u2013-57-g.jpg","type":"image\/jpeg"}],"twitter_card":"summary_large_image","twitter_misc":{"Est. reading time":"1 minute"},"schema":{"@context":"https:\/\/schema.org","@graph":[{"@type":"WebPage","@id":"https:\/\/nirigs.com\/product\/pomegranate-honey-super-hold-edge-gel-57-g\/","url":"https:\/\/nirigs.com\/product\/pomegranate-honey-super-hold-edge-gel-57-g\/","name":"Mielle - Super Hold Edge Gel \u00e0 la grenade et au miel - 57 g - NIRIGS","isPartOf":{"@id":"https:\/\/nirigs.com\/#website"},"primaryImageOfPage":{"@id":"https:\/\/nirigs.com\/product\/pomegranate-honey-super-hold-edge-gel-57-g\/#primaryimage"},"image":{"@id":"https:\/\/nirigs.com\/product\/pomegranate-honey-super-hold-edge-gel-57-g\/#primaryimage"},"thumbnailUrl":"https:\/\/nirigs.com\/wp-content\/uploads\/2024\/01\/Mielle-\u2013-Super-Hold-Edge-Gel-a-la-grenade-et-au-miel-\u2013-57-g.jpg","datePublished":"2024-01-31T13:24:17+00:00","dateModified":"2025-03-16T07:52:16+00:00","breadcrumb":{"@id":"https:\/\/nirigs.com\/product\/pomegranate-honey-super-hold-edge-gel-57-g\/#breadcrumb"},"inLanguage":"en-US","potentialAction":[{"@type":"ReadAction","target":["https:\/\/nirigs.com\/product\/pomegranate-honey-super-hold-edge-gel-57-g\/"]}]},{"@type":"ImageObject","inLanguage":"en-US","@id":"https:\/\/nirigs.com\/product\/pomegranate-honey-super-hold-edge-gel-57-g\/#primaryimage","url":"https:\/\/nirigs.com\/wp-content\/uploads\/2024\/01\/Mielle-\u2013-Super-Hold-Edge-Gel-a-la-grenade-et-au-miel-\u2013-57-g.jpg","contentUrl":"https:\/\/nirigs.com\/wp-content\/uploads\/2024\/01\/Mielle-\u2013-Super-Hold-Edge-Gel-a-la-grenade-et-au-miel-\u2013-57-g.jpg","width":1000,"height":1000},{"@type":"BreadcrumbList","@id":"https:\/\/nirigs.com\/product\/pomegranate-honey-super-hold-edge-gel-57-g\/#breadcrumb","itemListElement":[{"@type":"ListItem","position":1,"name":"Home","item":"https:\/\/nirigs.com\/"},{"@type":"ListItem","position":2,"name":"Parcourir","item":"https:\/\/nirigs.com\/boutique\/"},{"@type":"ListItem","position":3,"name":"Mielle &#8211; Super Hold Edge Gel \u00e0 la grenade et au miel &#8211; 57 g"}]},{"@type":"WebSite","@id":"https:\/\/nirigs.com\/#website","url":"https:\/\/nirigs.com\/","name":"Nirigs.com","description":"Simplifiez vos achats du quotidien \u00e0 Djibouti","publisher":{"@id":"https:\/\/nirigs.com\/#organization"},"potentialAction":[{"@type":"SearchAction","target":{"@type":"EntryPoint","urlTemplate":"https:\/\/nirigs.com\/?s={search_term_string}"},"query-input":{"@type":"PropertyValueSpecification","valueRequired":true,"valueName":"search_term_string"}}],"inLanguage":"en-US"},{"@type":"Organization","@id":"https:\/\/nirigs.com\/#organization","name":"Nirigs","url":"https:\/\/nirigs.com\/","logo":{"@type":"ImageObject","inLanguage":"en-US","@id":"https:\/\/nirigs.com\/#\/schema\/logo\/image\/","url":"https:\/\/nirigs.com\/wp-content\/uploads\/2025\/04\/Design-sans-titre-27.png","contentUrl":"https:\/\/nirigs.com\/wp-content\/uploads\/2025\/04\/Design-sans-titre-27.png","width":500,"height":500,"caption":"Nirigs"},"image":{"@id":"https:\/\/nirigs.com\/#\/schema\/logo\/image\/"}}]}},"brands":[{"id":757,"name":"Honeyed","slug":"mielle"}],"_links":{"self":[{"href":"https:\/\/nirigs.com\/en\/wp-json\/wp\/v2\/product\/17067","targetHints":{"allow":["GET"]}}],"collection":[{"href":"https:\/\/nirigs.com\/en\/wp-json\/wp\/v2\/product"}],"about":[{"href":"https:\/\/nirigs.com\/en\/wp-json\/wp\/v2\/types\/product"}],"replies":[{"embeddable":true,"href":"https:\/\/nirigs.com\/en\/wp-json\/wp\/v2\/comments?post=17067"}],"version-history":[{"count":10,"href":"https:\/\/nirigs.com\/en\/wp-json\/wp\/v2\/product\/17067\/revisions"}],"predecessor-version":[{"id":24634,"href":"https:\/\/nirigs.com\/en\/wp-json\/wp\/v2\/product\/17067\/revisions\/24634"}],"wp:featuredmedia":[{"embeddable":true,"href":"https:\/\/nirigs.com\/en\/wp-json\/wp\/v2\/media\/24633"}],"wp:attachment":[{"href":"https:\/\/nirigs.com\/en\/wp-json\/wp\/v2\/media?parent=17067"}],"wp:term":[{"taxonomy":"pwb-brand","embeddable":true,"href":"https:\/\/nirigs.com\/en\/wp-json\/wp\/v2\/pwb-brand?post=17067"},{"taxonomy":"product_brand","embeddable":true,"href":"https:\/\/nirigs.com\/en\/wp-json\/wp\/v2\/product_brand?post=17067"},{"taxonomy":"product_cat","embeddable":true,"href":"https:\/\/nirigs.com\/en\/wp-json\/wp\/v2\/product_cat?post=17067"},{"taxonomy":"product_tag","embeddable":true,"href":"https:\/\/nirigs.com\/en\/wp-json\/wp\/v2\/product_tag?post=17067"}],"curies":[{"name":"wp","href":"https:\/\/api.w.org\/{rel}","templated":true}]}}