{"id":17030,"date":"2024-01-30T15:50:26","date_gmt":"2024-01-30T12:50:26","guid":{"rendered":"https:\/\/nirigs.com\/?post_type=product&#038;p=17030"},"modified":"2025-03-16T10:53:07","modified_gmt":"2025-03-16T07:53:07","slug":"hair-growth-oil","status":"publish","type":"product","link":"https:\/\/nirigs.com\/en\/product\/hair-growth-oil\/","title":{"rendered":"Wild Growth - Hair growth oil - 291 ml"},"content":{"rendered":"<p>Pour la premi\u00e8re fois, des cheveux, des sourcils, des cils et des mails plus \u00e9pais et plus longs, un retexturisant instantan\u00e9 et naturel pour les cheveux, un d\u00e9m\u00ealant et un lisseur avec moins de chaleur (ex. brushing, fer plat ou presse), un civi\u00e8re d\u00e9frisante, un corsage de cheveux pour plus de rebond et de balancement et moins de frisottis et de cheveux volants. Favorise la croissance des cheveux \u00e9pais et longs r\u00e9duit le temps de brushing, adoucit et d\u00e9m\u00eale les cheveux.<\/p>\n<h4>Use<\/h4>\n<ul>\n<li>Bien agiter avant emploi.<\/li>\n<li>Appliquer 5 \u00e0 15 gouttes du bout des doigts sur les cheveux et le cuir chevelu.<\/li>\n<li>Ensuite, peignez ou brossez les cheveux.<\/li>\n<\/ul>\n<h4>Ingredients<\/h4>\n<p>HUILE D&rsquo;OLIVE, HUILE DE JOJOBA, HUILE DE COCO, VITAMINE D, CHOLINE, INOSITOL, FER, MAGN\u00c9SIUM, PHOSPHORE, CALCIUM, COULEUR ET PARFUM NATURELS.<\/p>","protected":false},"excerpt":{"rendered":"<p>Pour la premi\u00e8re fois, des cheveux, des sourcils, des cils et des mails plus \u00e9pais et plus longs, un retexturisant<\/p>","protected":false},"featured_media":24670,"comment_status":"open","ping_status":"closed","template":"","meta":[],"pwb-brand":[773],"product_brand":[],"product_cat":[267,1022,1023],"product_tag":[],"class_list":{"0":"post-17030","1":"product","2":"type-product","3":"status-publish","4":"has-post-thumbnail","6":"pwb-brand-wild-growth","7":"product_cat-beaute-et-soins","8":"product_cat-coiffures-et-soins-des-cheveux","9":"product_cat-huile-pour-cheveux","11":"first","12":"instock","13":"shipping-taxable","14":"purchasable","15":"product-type-simple"},"yoast_head":"<!-- This site is optimized with the Yoast SEO plugin v27.4 - https:\/\/yoast.com\/product\/yoast-seo-wordpress\/ -->\n<title>Wild Growth - Huile pour la croissance des cheveux - 291 ml - NIRIGS<\/title>\n<meta name=\"robots\" content=\"index, follow, max-snippet:-1, max-image-preview:large, max-video-preview:-1\" \/>\n<link rel=\"canonical\" href=\"https:\/\/nirigs.com\/en\/product\/hair-growth-oil\/\" \/>\n<meta property=\"og:locale\" content=\"en_US\" \/>\n<meta property=\"og:type\" content=\"article\" \/>\n<meta property=\"og:title\" content=\"Wild Growth - Huile pour la croissance des cheveux - 291 ml - NIRIGS\" \/>\n<meta property=\"og:description\" content=\"Pour la premi\u00e8re fois, des cheveux, des sourcils, des cils et des mails plus \u00e9pais et plus longs, un retexturisant\" \/>\n<meta property=\"og:url\" content=\"https:\/\/nirigs.com\/en\/product\/hair-growth-oil\/\" \/>\n<meta property=\"og:site_name\" content=\"NIRIGS\" \/>\n<meta property=\"article:modified_time\" content=\"2025-03-16T07:53:07+00:00\" \/>\n<meta property=\"og:image\" content=\"https:\/\/nirigs.com\/wp-content\/uploads\/2024\/01\/Wild-Growth-\u2013-Huile-pour-la-croissance-des-cheveux-\u2013-291-ml.jpg\" \/>\n\t<meta property=\"og:image:width\" content=\"1000\" \/>\n\t<meta property=\"og:image:height\" content=\"1000\" \/>\n\t<meta property=\"og:image:type\" content=\"image\/jpeg\" \/>\n<meta name=\"twitter:card\" content=\"summary_large_image\" \/>\n<meta name=\"twitter:label1\" content=\"Est. reading time\" \/>\n\t<meta name=\"twitter:data1\" content=\"1 minute\" \/>\n<script type=\"application\/ld+json\" class=\"yoast-schema-graph\">{\"@context\":\"https:\\\/\\\/schema.org\",\"@graph\":[{\"@type\":\"WebPage\",\"@id\":\"https:\\\/\\\/nirigs.com\\\/product\\\/hair-growth-oil\\\/\",\"url\":\"https:\\\/\\\/nirigs.com\\\/product\\\/hair-growth-oil\\\/\",\"name\":\"Wild Growth - Huile pour la croissance des cheveux - 291 ml - NIRIGS\",\"isPartOf\":{\"@id\":\"https:\\\/\\\/nirigs.com\\\/#website\"},\"primaryImageOfPage\":{\"@id\":\"https:\\\/\\\/nirigs.com\\\/product\\\/hair-growth-oil\\\/#primaryimage\"},\"image\":{\"@id\":\"https:\\\/\\\/nirigs.com\\\/product\\\/hair-growth-oil\\\/#primaryimage\"},\"thumbnailUrl\":\"https:\\\/\\\/nirigs.com\\\/wp-content\\\/uploads\\\/2024\\\/01\\\/Wild-Growth-\u2013-Huile-pour-la-croissance-des-cheveux-\u2013-291-ml.jpg\",\"datePublished\":\"2024-01-30T12:50:26+00:00\",\"dateModified\":\"2025-03-16T07:53:07+00:00\",\"breadcrumb\":{\"@id\":\"https:\\\/\\\/nirigs.com\\\/product\\\/hair-growth-oil\\\/#breadcrumb\"},\"inLanguage\":\"en-US\",\"potentialAction\":[{\"@type\":\"ReadAction\",\"target\":[\"https:\\\/\\\/nirigs.com\\\/product\\\/hair-growth-oil\\\/\"]}]},{\"@type\":\"ImageObject\",\"inLanguage\":\"en-US\",\"@id\":\"https:\\\/\\\/nirigs.com\\\/product\\\/hair-growth-oil\\\/#primaryimage\",\"url\":\"https:\\\/\\\/nirigs.com\\\/wp-content\\\/uploads\\\/2024\\\/01\\\/Wild-Growth-\u2013-Huile-pour-la-croissance-des-cheveux-\u2013-291-ml.jpg\",\"contentUrl\":\"https:\\\/\\\/nirigs.com\\\/wp-content\\\/uploads\\\/2024\\\/01\\\/Wild-Growth-\u2013-Huile-pour-la-croissance-des-cheveux-\u2013-291-ml.jpg\",\"width\":1000,\"height\":1000},{\"@type\":\"BreadcrumbList\",\"@id\":\"https:\\\/\\\/nirigs.com\\\/product\\\/hair-growth-oil\\\/#breadcrumb\",\"itemListElement\":[{\"@type\":\"ListItem\",\"position\":1,\"name\":\"Home\",\"item\":\"https:\\\/\\\/nirigs.com\\\/\"},{\"@type\":\"ListItem\",\"position\":2,\"name\":\"Parcourir\",\"item\":\"https:\\\/\\\/nirigs.com\\\/boutique\\\/\"},{\"@type\":\"ListItem\",\"position\":3,\"name\":\"Wild Growth &#8211; Huile pour la croissance des cheveux &#8211; 291 ml\"}]},{\"@type\":\"WebSite\",\"@id\":\"https:\\\/\\\/nirigs.com\\\/#website\",\"url\":\"https:\\\/\\\/nirigs.com\\\/\",\"name\":\"Nirigs.com\",\"description\":\"Simplifiez vos achats du quotidien \u00e0 Djibouti\",\"publisher\":{\"@id\":\"https:\\\/\\\/nirigs.com\\\/#organization\"},\"potentialAction\":[{\"@type\":\"SearchAction\",\"target\":{\"@type\":\"EntryPoint\",\"urlTemplate\":\"https:\\\/\\\/nirigs.com\\\/?s={search_term_string}\"},\"query-input\":{\"@type\":\"PropertyValueSpecification\",\"valueRequired\":true,\"valueName\":\"search_term_string\"}}],\"inLanguage\":\"en-US\"},{\"@type\":\"Organization\",\"@id\":\"https:\\\/\\\/nirigs.com\\\/#organization\",\"name\":\"Nirigs\",\"url\":\"https:\\\/\\\/nirigs.com\\\/\",\"logo\":{\"@type\":\"ImageObject\",\"inLanguage\":\"en-US\",\"@id\":\"https:\\\/\\\/nirigs.com\\\/#\\\/schema\\\/logo\\\/image\\\/\",\"url\":\"https:\\\/\\\/nirigs.com\\\/wp-content\\\/uploads\\\/2025\\\/04\\\/Design-sans-titre-27.png\",\"contentUrl\":\"https:\\\/\\\/nirigs.com\\\/wp-content\\\/uploads\\\/2025\\\/04\\\/Design-sans-titre-27.png\",\"width\":500,\"height\":500,\"caption\":\"Nirigs\"},\"image\":{\"@id\":\"https:\\\/\\\/nirigs.com\\\/#\\\/schema\\\/logo\\\/image\\\/\"}}]}<\/script>\n<!-- \/ Yoast SEO plugin. -->","yoast_head_json":{"title":"Wild Growth - Huile pour la croissance des cheveux - 291 ml - NIRIGS","robots":{"index":"index","follow":"follow","max-snippet":"max-snippet:-1","max-image-preview":"max-image-preview:large","max-video-preview":"max-video-preview:-1"},"canonical":"https:\/\/nirigs.com\/en\/product\/hair-growth-oil\/","og_locale":"en_US","og_type":"article","og_title":"Wild Growth - Huile pour la croissance des cheveux - 291 ml - NIRIGS","og_description":"Pour la premi\u00e8re fois, des cheveux, des sourcils, des cils et des mails plus \u00e9pais et plus longs, un retexturisant","og_url":"https:\/\/nirigs.com\/en\/product\/hair-growth-oil\/","og_site_name":"NIRIGS","article_modified_time":"2025-03-16T07:53:07+00:00","og_image":[{"width":1000,"height":1000,"url":"https:\/\/nirigs.com\/wp-content\/uploads\/2024\/01\/Wild-Growth-\u2013-Huile-pour-la-croissance-des-cheveux-\u2013-291-ml.jpg","type":"image\/jpeg"}],"twitter_card":"summary_large_image","twitter_misc":{"Est. reading time":"1 minute"},"schema":{"@context":"https:\/\/schema.org","@graph":[{"@type":"WebPage","@id":"https:\/\/nirigs.com\/product\/hair-growth-oil\/","url":"https:\/\/nirigs.com\/product\/hair-growth-oil\/","name":"Wild Growth - Huile pour la croissance des cheveux - 291 ml - NIRIGS","isPartOf":{"@id":"https:\/\/nirigs.com\/#website"},"primaryImageOfPage":{"@id":"https:\/\/nirigs.com\/product\/hair-growth-oil\/#primaryimage"},"image":{"@id":"https:\/\/nirigs.com\/product\/hair-growth-oil\/#primaryimage"},"thumbnailUrl":"https:\/\/nirigs.com\/wp-content\/uploads\/2024\/01\/Wild-Growth-\u2013-Huile-pour-la-croissance-des-cheveux-\u2013-291-ml.jpg","datePublished":"2024-01-30T12:50:26+00:00","dateModified":"2025-03-16T07:53:07+00:00","breadcrumb":{"@id":"https:\/\/nirigs.com\/product\/hair-growth-oil\/#breadcrumb"},"inLanguage":"en-US","potentialAction":[{"@type":"ReadAction","target":["https:\/\/nirigs.com\/product\/hair-growth-oil\/"]}]},{"@type":"ImageObject","inLanguage":"en-US","@id":"https:\/\/nirigs.com\/product\/hair-growth-oil\/#primaryimage","url":"https:\/\/nirigs.com\/wp-content\/uploads\/2024\/01\/Wild-Growth-\u2013-Huile-pour-la-croissance-des-cheveux-\u2013-291-ml.jpg","contentUrl":"https:\/\/nirigs.com\/wp-content\/uploads\/2024\/01\/Wild-Growth-\u2013-Huile-pour-la-croissance-des-cheveux-\u2013-291-ml.jpg","width":1000,"height":1000},{"@type":"BreadcrumbList","@id":"https:\/\/nirigs.com\/product\/hair-growth-oil\/#breadcrumb","itemListElement":[{"@type":"ListItem","position":1,"name":"Home","item":"https:\/\/nirigs.com\/"},{"@type":"ListItem","position":2,"name":"Parcourir","item":"https:\/\/nirigs.com\/boutique\/"},{"@type":"ListItem","position":3,"name":"Wild Growth &#8211; Huile pour la croissance des cheveux &#8211; 291 ml"}]},{"@type":"WebSite","@id":"https:\/\/nirigs.com\/#website","url":"https:\/\/nirigs.com\/","name":"Nirigs.com","description":"Simplifiez vos achats du quotidien \u00e0 Djibouti","publisher":{"@id":"https:\/\/nirigs.com\/#organization"},"potentialAction":[{"@type":"SearchAction","target":{"@type":"EntryPoint","urlTemplate":"https:\/\/nirigs.com\/?s={search_term_string}"},"query-input":{"@type":"PropertyValueSpecification","valueRequired":true,"valueName":"search_term_string"}}],"inLanguage":"en-US"},{"@type":"Organization","@id":"https:\/\/nirigs.com\/#organization","name":"Nirigs","url":"https:\/\/nirigs.com\/","logo":{"@type":"ImageObject","inLanguage":"en-US","@id":"https:\/\/nirigs.com\/#\/schema\/logo\/image\/","url":"https:\/\/nirigs.com\/wp-content\/uploads\/2025\/04\/Design-sans-titre-27.png","contentUrl":"https:\/\/nirigs.com\/wp-content\/uploads\/2025\/04\/Design-sans-titre-27.png","width":500,"height":500,"caption":"Nirigs"},"image":{"@id":"https:\/\/nirigs.com\/#\/schema\/logo\/image\/"}}]}},"brands":[{"id":773,"name":"Wild Growth","slug":"wild-growth"}],"_links":{"self":[{"href":"https:\/\/nirigs.com\/en\/wp-json\/wp\/v2\/product\/17030","targetHints":{"allow":["GET"]}}],"collection":[{"href":"https:\/\/nirigs.com\/en\/wp-json\/wp\/v2\/product"}],"about":[{"href":"https:\/\/nirigs.com\/en\/wp-json\/wp\/v2\/types\/product"}],"replies":[{"embeddable":true,"href":"https:\/\/nirigs.com\/en\/wp-json\/wp\/v2\/comments?post=17030"}],"version-history":[{"count":9,"href":"https:\/\/nirigs.com\/en\/wp-json\/wp\/v2\/product\/17030\/revisions"}],"predecessor-version":[{"id":26913,"href":"https:\/\/nirigs.com\/en\/wp-json\/wp\/v2\/product\/17030\/revisions\/26913"}],"wp:featuredmedia":[{"embeddable":true,"href":"https:\/\/nirigs.com\/en\/wp-json\/wp\/v2\/media\/24670"}],"wp:attachment":[{"href":"https:\/\/nirigs.com\/en\/wp-json\/wp\/v2\/media?parent=17030"}],"wp:term":[{"taxonomy":"pwb-brand","embeddable":true,"href":"https:\/\/nirigs.com\/en\/wp-json\/wp\/v2\/pwb-brand?post=17030"},{"taxonomy":"product_brand","embeddable":true,"href":"https:\/\/nirigs.com\/en\/wp-json\/wp\/v2\/product_brand?post=17030"},{"taxonomy":"product_cat","embeddable":true,"href":"https:\/\/nirigs.com\/en\/wp-json\/wp\/v2\/product_cat?post=17030"},{"taxonomy":"product_tag","embeddable":true,"href":"https:\/\/nirigs.com\/en\/wp-json\/wp\/v2\/product_tag?post=17030"}],"curies":[{"name":"wp","href":"https:\/\/api.w.org\/{rel}","templated":true}]}}