{"id":17027,"date":"2024-01-30T15:35:50","date_gmt":"2024-01-30T12:35:50","guid":{"rendered":"https:\/\/nirigs.com\/?post_type=product&#038;p=17027"},"modified":"2025-03-16T10:54:17","modified_gmt":"2025-03-16T07:54:17","slug":"tropic-glow-shea-sugar-firming-scrub-510-g","status":"publish","type":"product","link":"https:\/\/nirigs.com\/en\/product\/tropic-glow-shea-sugar-firming-scrub-510-g\/","title":{"rendered":"Tree Hut - Tropic Glow Shea Sugar Firming Scrub - 510 g"},"content":{"rendered":"<p>Faites l\u2019exp\u00e9rience d\u2019une exfoliation intense et d\u2019une peau \u00e9clatante avec le gommage corporel au sucre de karit\u00e9 Tree Hut au parfum chaud d\u2019\u00e9t\u00e9 de Tropic Glow. Fabriqu\u00e9 avec du sucre, du beurre de karit\u00e9, du beurre de cupua\u00e7u, du guarana et une gamme d&rsquo;huiles naturelles, notamment des huiles de pistache, d&rsquo;onagre, d&rsquo;avocat, de macadamia, d&rsquo;amande douce, de carthame et d&rsquo;orange.<\/p>\n<ul>\n<li>Le gommage au sucre de karit\u00e9 Tropic Glow de Tree Hut est sans parab\u00e8ne, v\u00e9g\u00e9talien, sans sulfate, sans alcool, ne contient aucun donneur de formald\u00e9hyde, a une formule antid\u00e9rapante et un parfum longue dur\u00e9e<\/li>\n<li>Sent la peau chaude et estivale avec des notes cl\u00e9s d&rsquo;amande, d&rsquo;ambre dor\u00e9 et de bois de santal australien.<\/li>\n<li>Nourrir en profondeur et \u00e9quilibrer l&rsquo;hydratation de la peau pour aider \u00e0 restaurer son \u00e9clat naturel<\/li>\n<li>Le gommage exfoliant pour le corps \u00e9limine la peau terne et s\u00e8che pour r\u00e9v\u00e9ler une peau \u00e9clatante, douce et lisse.<\/li>\n<\/ul>\n<h4>Use<\/h4>\n<ul>\n<li>Appliquer une quantit\u00e9 g\u00e9n\u00e9reuse sur peau humide ou s\u00e8che.<\/li>\n<li>Polissez en mouvements circulaires pour une couverture uniforme et une exfoliation efficace.<\/li>\n<li>Bien rincer.<\/li>\n<\/ul>\n<p>* Pour usage externe uniquement.<\/p>\n<h4>Ingredients<\/h4>\n<p>Saccharose, glyc\u00e9rine, polysorbate 20, silice, huile de graines de pistacia Vera (pistache), beurre de graines de Theobroma Grandiflorum (Cupuacu), extrait de fruit de Psidium Guajava (Guarana), huile de Prunus Amygdalus Dulcis (amande douce), huile d&rsquo;Oenothera Biennis (onagre), Huile de graines de Macadamia Ternifolia, Persea Gratissima (huile d&rsquo;avocat), huile de Citrus Aurantium Dulcis (orange), beurre de Butyrospermum Parkii (karit\u00e9), huile de graines de Carthamus Tinctorius (carthame), huile de graines d&rsquo;Helianthus Annuus (tournesol), acide ascorbique, palmitate de r\u00e9tinyle, parfum. (Parfum), ph\u00e9noxy\u00e9thanol, cire microcristalline, caprylyl glycol, acide sorbique, alcool benzylique, salicylate de benzyle, mica (CI 77019), dioxyde de titane (CI 77891), rouge 30 (CI 73360), oxydes de fer (CI 77499).<\/p>\n<p>&nbsp;<\/p>","protected":false},"excerpt":{"rendered":"<p>Faites l\u2019exp\u00e9rience d\u2019une exfoliation intense et d\u2019une peau \u00e9clatante avec le gommage corporel au sucre de karit\u00e9 Tree Hut au<\/p>","protected":false},"featured_media":25729,"comment_status":"open","ping_status":"closed","template":"","meta":[],"pwb-brand":[772],"product_brand":[],"product_cat":[1049,267,1086,1078],"product_tag":[],"class_list":{"0":"post-17027","1":"product","2":"type-product","3":"status-publish","4":"has-post-thumbnail","6":"pwb-brand-tree-hut","7":"product_cat-bain-savons-et-soin-du-corps","8":"product_cat-beaute-et-soins","9":"product_cat-gommages-pour-le-corps-soins-pour-le-corps-et-gommages","10":"product_cat-soins-pour-le-corps-et-gommages","12":"first","13":"outofstock","14":"shipping-taxable","15":"purchasable","16":"product-type-simple"},"yoast_head":"<!-- This site is optimized with the Yoast SEO plugin v27.1.1 - https:\/\/yoast.com\/product\/yoast-seo-wordpress\/ -->\n<title>Tree Hut - Gommage raffermissant au sucre de karit\u00e9 Tropic Glow - 510 g - NIRIGS<\/title>\n<meta name=\"robots\" content=\"index, follow, max-snippet:-1, max-image-preview:large, max-video-preview:-1\" \/>\n<link rel=\"canonical\" href=\"https:\/\/nirigs.com\/en\/product\/tropic-glow-shea-sugar-firming-scrub-510-g\/\" \/>\n<meta property=\"og:locale\" content=\"en_US\" \/>\n<meta property=\"og:type\" content=\"article\" \/>\n<meta property=\"og:title\" content=\"Tree Hut - Gommage raffermissant au sucre de karit\u00e9 Tropic Glow - 510 g - NIRIGS\" \/>\n<meta property=\"og:description\" content=\"Faites l\u2019exp\u00e9rience d\u2019une exfoliation intense et d\u2019une peau \u00e9clatante avec le gommage corporel au sucre de karit\u00e9 Tree Hut au\" \/>\n<meta property=\"og:url\" content=\"https:\/\/nirigs.com\/en\/product\/tropic-glow-shea-sugar-firming-scrub-510-g\/\" \/>\n<meta property=\"og:site_name\" content=\"NIRIGS\" \/>\n<meta property=\"article:modified_time\" content=\"2025-03-16T07:54:17+00:00\" \/>\n<meta property=\"og:image\" content=\"https:\/\/nirigs.com\/wp-content\/uploads\/2024\/01\/Tree-Hut-Gommage-raffermissant-au-sucre-de-karite-Tropic-Glow-510-g-2.jpg\" \/>\n\t<meta property=\"og:image:width\" content=\"1000\" \/>\n\t<meta property=\"og:image:height\" content=\"1000\" \/>\n\t<meta property=\"og:image:type\" content=\"image\/jpeg\" \/>\n<meta name=\"twitter:card\" content=\"summary_large_image\" \/>\n<meta name=\"twitter:label1\" content=\"Est. reading time\" \/>\n\t<meta name=\"twitter:data1\" content=\"2 minutes\" \/>\n<script type=\"application\/ld+json\" class=\"yoast-schema-graph\">{\"@context\":\"https:\/\/schema.org\",\"@graph\":[{\"@type\":\"WebPage\",\"@id\":\"https:\/\/nirigs.com\/product\/tropic-glow-shea-sugar-firming-scrub-510-g\/\",\"url\":\"https:\/\/nirigs.com\/product\/tropic-glow-shea-sugar-firming-scrub-510-g\/\",\"name\":\"Tree Hut - Gommage raffermissant au sucre de karit\u00e9 Tropic Glow - 510 g - NIRIGS\",\"isPartOf\":{\"@id\":\"https:\/\/nirigs.com\/#website\"},\"primaryImageOfPage\":{\"@id\":\"https:\/\/nirigs.com\/product\/tropic-glow-shea-sugar-firming-scrub-510-g\/#primaryimage\"},\"image\":{\"@id\":\"https:\/\/nirigs.com\/product\/tropic-glow-shea-sugar-firming-scrub-510-g\/#primaryimage\"},\"thumbnailUrl\":\"https:\/\/nirigs.com\/wp-content\/uploads\/2024\/01\/Tree-Hut-Gommage-raffermissant-au-sucre-de-karite-Tropic-Glow-510-g-2.jpg\",\"datePublished\":\"2024-01-30T12:35:50+00:00\",\"dateModified\":\"2025-03-16T07:54:17+00:00\",\"breadcrumb\":{\"@id\":\"https:\/\/nirigs.com\/product\/tropic-glow-shea-sugar-firming-scrub-510-g\/#breadcrumb\"},\"inLanguage\":\"en-US\",\"potentialAction\":[{\"@type\":\"ReadAction\",\"target\":[\"https:\/\/nirigs.com\/product\/tropic-glow-shea-sugar-firming-scrub-510-g\/\"]}]},{\"@type\":\"ImageObject\",\"inLanguage\":\"en-US\",\"@id\":\"https:\/\/nirigs.com\/product\/tropic-glow-shea-sugar-firming-scrub-510-g\/#primaryimage\",\"url\":\"https:\/\/nirigs.com\/wp-content\/uploads\/2024\/01\/Tree-Hut-Gommage-raffermissant-au-sucre-de-karite-Tropic-Glow-510-g-2.jpg\",\"contentUrl\":\"https:\/\/nirigs.com\/wp-content\/uploads\/2024\/01\/Tree-Hut-Gommage-raffermissant-au-sucre-de-karite-Tropic-Glow-510-g-2.jpg\",\"width\":1000,\"height\":1000},{\"@type\":\"BreadcrumbList\",\"@id\":\"https:\/\/nirigs.com\/product\/tropic-glow-shea-sugar-firming-scrub-510-g\/#breadcrumb\",\"itemListElement\":[{\"@type\":\"ListItem\",\"position\":1,\"name\":\"Home\",\"item\":\"https:\/\/nirigs.com\/\"},{\"@type\":\"ListItem\",\"position\":2,\"name\":\"Parcourir\",\"item\":\"https:\/\/nirigs.com\/boutique\/\"},{\"@type\":\"ListItem\",\"position\":3,\"name\":\"Tree Hut &#8211; Gommage raffermissant au sucre de karit\u00e9 Tropic Glow &#8211; 510 g\"}]},{\"@type\":\"WebSite\",\"@id\":\"https:\/\/nirigs.com\/#website\",\"url\":\"https:\/\/nirigs.com\/\",\"name\":\"Nirigs.com\",\"description\":\"Simplifiez vos achats du quotidien \u00e0 Djibouti\",\"publisher\":{\"@id\":\"https:\/\/nirigs.com\/#organization\"},\"potentialAction\":[{\"@type\":\"SearchAction\",\"target\":{\"@type\":\"EntryPoint\",\"urlTemplate\":\"https:\/\/nirigs.com\/?s={search_term_string}\"},\"query-input\":{\"@type\":\"PropertyValueSpecification\",\"valueRequired\":true,\"valueName\":\"search_term_string\"}}],\"inLanguage\":\"en-US\"},{\"@type\":\"Organization\",\"@id\":\"https:\/\/nirigs.com\/#organization\",\"name\":\"Nirigs\",\"url\":\"https:\/\/nirigs.com\/\",\"logo\":{\"@type\":\"ImageObject\",\"inLanguage\":\"en-US\",\"@id\":\"https:\/\/nirigs.com\/#\/schema\/logo\/image\/\",\"url\":\"https:\/\/nirigs.com\/wp-content\/uploads\/2025\/04\/Design-sans-titre-27.png\",\"contentUrl\":\"https:\/\/nirigs.com\/wp-content\/uploads\/2025\/04\/Design-sans-titre-27.png\",\"width\":500,\"height\":500,\"caption\":\"Nirigs\"},\"image\":{\"@id\":\"https:\/\/nirigs.com\/#\/schema\/logo\/image\/\"}}]}<\/script>\n<!-- \/ Yoast SEO plugin. -->","yoast_head_json":{"title":"Tree Hut - Gommage raffermissant au sucre de karit\u00e9 Tropic Glow - 510 g - NIRIGS","robots":{"index":"index","follow":"follow","max-snippet":"max-snippet:-1","max-image-preview":"max-image-preview:large","max-video-preview":"max-video-preview:-1"},"canonical":"https:\/\/nirigs.com\/en\/product\/tropic-glow-shea-sugar-firming-scrub-510-g\/","og_locale":"en_US","og_type":"article","og_title":"Tree Hut - Gommage raffermissant au sucre de karit\u00e9 Tropic Glow - 510 g - NIRIGS","og_description":"Faites l\u2019exp\u00e9rience d\u2019une exfoliation intense et d\u2019une peau \u00e9clatante avec le gommage corporel au sucre de karit\u00e9 Tree Hut au","og_url":"https:\/\/nirigs.com\/en\/product\/tropic-glow-shea-sugar-firming-scrub-510-g\/","og_site_name":"NIRIGS","article_modified_time":"2025-03-16T07:54:17+00:00","og_image":[{"width":1000,"height":1000,"url":"https:\/\/nirigs.com\/wp-content\/uploads\/2024\/01\/Tree-Hut-Gommage-raffermissant-au-sucre-de-karite-Tropic-Glow-510-g-2.jpg","type":"image\/jpeg"}],"twitter_card":"summary_large_image","twitter_misc":{"Est. reading time":"2 minutes"},"schema":{"@context":"https:\/\/schema.org","@graph":[{"@type":"WebPage","@id":"https:\/\/nirigs.com\/product\/tropic-glow-shea-sugar-firming-scrub-510-g\/","url":"https:\/\/nirigs.com\/product\/tropic-glow-shea-sugar-firming-scrub-510-g\/","name":"Tree Hut - Gommage raffermissant au sucre de karit\u00e9 Tropic Glow - 510 g - NIRIGS","isPartOf":{"@id":"https:\/\/nirigs.com\/#website"},"primaryImageOfPage":{"@id":"https:\/\/nirigs.com\/product\/tropic-glow-shea-sugar-firming-scrub-510-g\/#primaryimage"},"image":{"@id":"https:\/\/nirigs.com\/product\/tropic-glow-shea-sugar-firming-scrub-510-g\/#primaryimage"},"thumbnailUrl":"https:\/\/nirigs.com\/wp-content\/uploads\/2024\/01\/Tree-Hut-Gommage-raffermissant-au-sucre-de-karite-Tropic-Glow-510-g-2.jpg","datePublished":"2024-01-30T12:35:50+00:00","dateModified":"2025-03-16T07:54:17+00:00","breadcrumb":{"@id":"https:\/\/nirigs.com\/product\/tropic-glow-shea-sugar-firming-scrub-510-g\/#breadcrumb"},"inLanguage":"en-US","potentialAction":[{"@type":"ReadAction","target":["https:\/\/nirigs.com\/product\/tropic-glow-shea-sugar-firming-scrub-510-g\/"]}]},{"@type":"ImageObject","inLanguage":"en-US","@id":"https:\/\/nirigs.com\/product\/tropic-glow-shea-sugar-firming-scrub-510-g\/#primaryimage","url":"https:\/\/nirigs.com\/wp-content\/uploads\/2024\/01\/Tree-Hut-Gommage-raffermissant-au-sucre-de-karite-Tropic-Glow-510-g-2.jpg","contentUrl":"https:\/\/nirigs.com\/wp-content\/uploads\/2024\/01\/Tree-Hut-Gommage-raffermissant-au-sucre-de-karite-Tropic-Glow-510-g-2.jpg","width":1000,"height":1000},{"@type":"BreadcrumbList","@id":"https:\/\/nirigs.com\/product\/tropic-glow-shea-sugar-firming-scrub-510-g\/#breadcrumb","itemListElement":[{"@type":"ListItem","position":1,"name":"Home","item":"https:\/\/nirigs.com\/"},{"@type":"ListItem","position":2,"name":"Parcourir","item":"https:\/\/nirigs.com\/boutique\/"},{"@type":"ListItem","position":3,"name":"Tree Hut &#8211; Gommage raffermissant au sucre de karit\u00e9 Tropic Glow &#8211; 510 g"}]},{"@type":"WebSite","@id":"https:\/\/nirigs.com\/#website","url":"https:\/\/nirigs.com\/","name":"Nirigs.com","description":"Simplifiez vos achats du quotidien \u00e0 Djibouti","publisher":{"@id":"https:\/\/nirigs.com\/#organization"},"potentialAction":[{"@type":"SearchAction","target":{"@type":"EntryPoint","urlTemplate":"https:\/\/nirigs.com\/?s={search_term_string}"},"query-input":{"@type":"PropertyValueSpecification","valueRequired":true,"valueName":"search_term_string"}}],"inLanguage":"en-US"},{"@type":"Organization","@id":"https:\/\/nirigs.com\/#organization","name":"Nirigs","url":"https:\/\/nirigs.com\/","logo":{"@type":"ImageObject","inLanguage":"en-US","@id":"https:\/\/nirigs.com\/#\/schema\/logo\/image\/","url":"https:\/\/nirigs.com\/wp-content\/uploads\/2025\/04\/Design-sans-titre-27.png","contentUrl":"https:\/\/nirigs.com\/wp-content\/uploads\/2025\/04\/Design-sans-titre-27.png","width":500,"height":500,"caption":"Nirigs"},"image":{"@id":"https:\/\/nirigs.com\/#\/schema\/logo\/image\/"}}]}},"brands":[{"id":772,"name":"Tree Hut","slug":"tree-hut"}],"_links":{"self":[{"href":"https:\/\/nirigs.com\/en\/wp-json\/wp\/v2\/product\/17027","targetHints":{"allow":["GET"]}}],"collection":[{"href":"https:\/\/nirigs.com\/en\/wp-json\/wp\/v2\/product"}],"about":[{"href":"https:\/\/nirigs.com\/en\/wp-json\/wp\/v2\/types\/product"}],"replies":[{"embeddable":true,"href":"https:\/\/nirigs.com\/en\/wp-json\/wp\/v2\/comments?post=17027"}],"version-history":[{"count":8,"href":"https:\/\/nirigs.com\/en\/wp-json\/wp\/v2\/product\/17027\/revisions"}],"predecessor-version":[{"id":24725,"href":"https:\/\/nirigs.com\/en\/wp-json\/wp\/v2\/product\/17027\/revisions\/24725"}],"wp:featuredmedia":[{"embeddable":true,"href":"https:\/\/nirigs.com\/en\/wp-json\/wp\/v2\/media\/25729"}],"wp:attachment":[{"href":"https:\/\/nirigs.com\/en\/wp-json\/wp\/v2\/media?parent=17027"}],"wp:term":[{"taxonomy":"pwb-brand","embeddable":true,"href":"https:\/\/nirigs.com\/en\/wp-json\/wp\/v2\/pwb-brand?post=17027"},{"taxonomy":"product_brand","embeddable":true,"href":"https:\/\/nirigs.com\/en\/wp-json\/wp\/v2\/product_brand?post=17027"},{"taxonomy":"product_cat","embeddable":true,"href":"https:\/\/nirigs.com\/en\/wp-json\/wp\/v2\/product_cat?post=17027"},{"taxonomy":"product_tag","embeddable":true,"href":"https:\/\/nirigs.com\/en\/wp-json\/wp\/v2\/product_tag?post=17027"}],"curies":[{"name":"wp","href":"https:\/\/api.w.org\/{rel}","templated":true}]}}