{"id":17026,"date":"2024-01-30T16:04:35","date_gmt":"2024-01-30T13:04:35","guid":{"rendered":"https:\/\/nirigs.com\/?post_type=product&#038;p=17026"},"modified":"2025-03-16T10:52:35","modified_gmt":"2025-03-16T07:52:35","slug":"coco-colada-shea-sugar-exfoliating-and-moisturizing-body-scrub","status":"publish","type":"product","link":"https:\/\/nirigs.com\/en\/product\/coco-colada-shea-sugar-exfoliating-and-moisturizing-body-scrub\/","title":{"rendered":"Tree Hut - Coco Colada Shea Sugar Exfoliating and moisturizing body scrub - 510 g"},"content":{"rendered":"<p>Exfoliant au sucre Coco Colada de Tree Hut, pour une peau douce et \u00e9clatante. Avec l&rsquo;exfoliant au sucre Coco Colada de Tree Hut, vous aurez une peau douce et lumineuse gr\u00e2ce \u00e0 son ar\u00f4me vif et estival de Coco Colada. Compos\u00e9 de sucre, de beurre de karit\u00e9, d&rsquo;ananas et d&rsquo;une vari\u00e9t\u00e9 d&rsquo;huiles naturelles telles que coco, onagre, avocat, macadamia, amandes douces, carthame et orange. Il nourrit en profondeur et \u00e9quilibre l&rsquo;hydratation de la peau pour aider \u00e0 restaurer son \u00e9clat naturel. Il \u00e9limine les cellules mortes et la peau s\u00e8che pour r\u00e9v\u00e9ler une peau \u00e9clatante, douce et lisse.<\/p>\n<h4>Use<\/h4>\n<ul>\n<li>Take a small amount of Tree Hut sugar scrub.<\/li>\n<li>Wet your skin.<\/li>\n<li>Gently rub the scrub into your skin using circular movements.<\/li>\n<li>Rinse thoroughly with lukewarm water.<\/li>\n<li>Gently pat your skin dry.<\/li>\n<li>Apply moisturizer if necessary.<\/li>\n<\/ul>\n<h4>Ingredient<\/h4>\n<p>SUCROSE, GLYCERIN, POLYSORBATE 20, SILICA, FRAGRANCE (PARFUM), PHENOXYETHANOL, CAPRYLYL GLYCOL, AQUA(WATER\/EAU), COCOS NUCIFERA (COCONUT) SHELL POWDER, SORBIC ACID, ASCORBIC ACID, COCOS NUCIFERA (COCONUT) OIL, OENOTHERA BIENNIS (EVENING PRIMROSE) OIL, CARTHAMUS TINCTORIUS (SAFFLOWER) SEED OIL, MACADAMIA TERNIFOLIA SEED OIL, PRUNUS AMYGDALUS DULCIS (SWEET ALMOND) OIL, PERSEA GRATISSIMA (AVOCADO) OIL, BUTYROSPERMUM PARKII (SHEA) BUTTER, ANANAS SATIVUS (PINEAPPLE) FRUIT EXTRACT, RETINYL PALMITATE, CITRUS AURANTIUM DULCIS (ORANGE) PEEL OIL, TOCOPHEROL, LIMONENE, TITANIUM DIOXIDE (CI 77891)<\/p>","protected":false},"excerpt":{"rendered":"<p>Exfoliant au sucre Coco Colada de Tree Hut, pour une peau douce et \u00e9clatante. Avec l&rsquo;exfoliant au sucre Coco Colada<\/p>","protected":false},"featured_media":24652,"comment_status":"open","ping_status":"closed","template":"","meta":[],"pwb-brand":[772],"product_brand":[],"product_cat":[1049,267,1086,1078],"product_tag":[],"class_list":{"0":"post-17026","1":"product","2":"type-product","3":"status-publish","4":"has-post-thumbnail","6":"pwb-brand-tree-hut","7":"product_cat-bain-savons-et-soin-du-corps","8":"product_cat-beaute-et-soins","9":"product_cat-gommages-pour-le-corps-soins-pour-le-corps-et-gommages","10":"product_cat-soins-pour-le-corps-et-gommages","12":"first","13":"outofstock","14":"shipping-taxable","15":"purchasable","16":"product-type-simple"},"yoast_head":"<!-- This site is optimized with the Yoast SEO plugin v27.1.1 - https:\/\/yoast.com\/product\/yoast-seo-wordpress\/ -->\n<title>Tree Hut - Coco Colada Shea Sugar Gommage corporel exfoliant et hydratant - 510 g - NIRIGS<\/title>\n<meta name=\"robots\" content=\"index, follow, max-snippet:-1, max-image-preview:large, max-video-preview:-1\" \/>\n<link rel=\"canonical\" href=\"https:\/\/nirigs.com\/en\/product\/coco-colada-shea-sugar-exfoliating-and-moisturizing-body-scrub\/\" \/>\n<meta property=\"og:locale\" content=\"en_US\" \/>\n<meta property=\"og:type\" content=\"article\" \/>\n<meta property=\"og:title\" content=\"Tree Hut - Coco Colada Shea Sugar Gommage corporel exfoliant et hydratant - 510 g - NIRIGS\" \/>\n<meta property=\"og:description\" content=\"Exfoliant au sucre Coco Colada de Tree Hut, pour une peau douce et \u00e9clatante. Avec l&rsquo;exfoliant au sucre Coco Colada\" \/>\n<meta property=\"og:url\" content=\"https:\/\/nirigs.com\/en\/product\/coco-colada-shea-sugar-exfoliating-and-moisturizing-body-scrub\/\" \/>\n<meta property=\"og:site_name\" content=\"NIRIGS\" \/>\n<meta property=\"article:modified_time\" content=\"2025-03-16T07:52:35+00:00\" \/>\n<meta property=\"og:image\" content=\"https:\/\/nirigs.com\/wp-content\/uploads\/2024\/01\/Tree-Hut-\u2013-Coco-Colada-Shea-Sugar-Gommage-corporel-exfoliant-et-hydratant-\u2013-510-g-1.jpg\" \/>\n\t<meta property=\"og:image:width\" content=\"1000\" \/>\n\t<meta property=\"og:image:height\" content=\"1000\" \/>\n\t<meta property=\"og:image:type\" content=\"image\/jpeg\" \/>\n<meta name=\"twitter:card\" content=\"summary_large_image\" \/>\n<meta name=\"twitter:label1\" content=\"Est. reading time\" \/>\n\t<meta name=\"twitter:data1\" content=\"1 minute\" \/>\n<script type=\"application\/ld+json\" class=\"yoast-schema-graph\">{\"@context\":\"https:\/\/schema.org\",\"@graph\":[{\"@type\":\"WebPage\",\"@id\":\"https:\/\/nirigs.com\/product\/coco-colada-shea-sugar-exfoliating-and-moisturizing-body-scrub\/\",\"url\":\"https:\/\/nirigs.com\/product\/coco-colada-shea-sugar-exfoliating-and-moisturizing-body-scrub\/\",\"name\":\"Tree Hut - Coco Colada Shea Sugar Gommage corporel exfoliant et hydratant - 510 g - NIRIGS\",\"isPartOf\":{\"@id\":\"https:\/\/nirigs.com\/#website\"},\"primaryImageOfPage\":{\"@id\":\"https:\/\/nirigs.com\/product\/coco-colada-shea-sugar-exfoliating-and-moisturizing-body-scrub\/#primaryimage\"},\"image\":{\"@id\":\"https:\/\/nirigs.com\/product\/coco-colada-shea-sugar-exfoliating-and-moisturizing-body-scrub\/#primaryimage\"},\"thumbnailUrl\":\"https:\/\/nirigs.com\/wp-content\/uploads\/2024\/01\/Tree-Hut-\u2013-Coco-Colada-Shea-Sugar-Gommage-corporel-exfoliant-et-hydratant-\u2013-510-g-1.jpg\",\"datePublished\":\"2024-01-30T13:04:35+00:00\",\"dateModified\":\"2025-03-16T07:52:35+00:00\",\"breadcrumb\":{\"@id\":\"https:\/\/nirigs.com\/product\/coco-colada-shea-sugar-exfoliating-and-moisturizing-body-scrub\/#breadcrumb\"},\"inLanguage\":\"en-US\",\"potentialAction\":[{\"@type\":\"ReadAction\",\"target\":[\"https:\/\/nirigs.com\/product\/coco-colada-shea-sugar-exfoliating-and-moisturizing-body-scrub\/\"]}]},{\"@type\":\"ImageObject\",\"inLanguage\":\"en-US\",\"@id\":\"https:\/\/nirigs.com\/product\/coco-colada-shea-sugar-exfoliating-and-moisturizing-body-scrub\/#primaryimage\",\"url\":\"https:\/\/nirigs.com\/wp-content\/uploads\/2024\/01\/Tree-Hut-\u2013-Coco-Colada-Shea-Sugar-Gommage-corporel-exfoliant-et-hydratant-\u2013-510-g-1.jpg\",\"contentUrl\":\"https:\/\/nirigs.com\/wp-content\/uploads\/2024\/01\/Tree-Hut-\u2013-Coco-Colada-Shea-Sugar-Gommage-corporel-exfoliant-et-hydratant-\u2013-510-g-1.jpg\",\"width\":1000,\"height\":1000},{\"@type\":\"BreadcrumbList\",\"@id\":\"https:\/\/nirigs.com\/product\/coco-colada-shea-sugar-exfoliating-and-moisturizing-body-scrub\/#breadcrumb\",\"itemListElement\":[{\"@type\":\"ListItem\",\"position\":1,\"name\":\"Home\",\"item\":\"https:\/\/nirigs.com\/\"},{\"@type\":\"ListItem\",\"position\":2,\"name\":\"Parcourir\",\"item\":\"https:\/\/nirigs.com\/boutique\/\"},{\"@type\":\"ListItem\",\"position\":3,\"name\":\"Tree Hut &#8211; Coco Colada Shea Sugar Gommage corporel exfoliant et hydratant &#8211; 510 g\"}]},{\"@type\":\"WebSite\",\"@id\":\"https:\/\/nirigs.com\/#website\",\"url\":\"https:\/\/nirigs.com\/\",\"name\":\"Nirigs.com\",\"description\":\"Simplifiez vos achats du quotidien \u00e0 Djibouti\",\"publisher\":{\"@id\":\"https:\/\/nirigs.com\/#organization\"},\"potentialAction\":[{\"@type\":\"SearchAction\",\"target\":{\"@type\":\"EntryPoint\",\"urlTemplate\":\"https:\/\/nirigs.com\/?s={search_term_string}\"},\"query-input\":{\"@type\":\"PropertyValueSpecification\",\"valueRequired\":true,\"valueName\":\"search_term_string\"}}],\"inLanguage\":\"en-US\"},{\"@type\":\"Organization\",\"@id\":\"https:\/\/nirigs.com\/#organization\",\"name\":\"Nirigs\",\"url\":\"https:\/\/nirigs.com\/\",\"logo\":{\"@type\":\"ImageObject\",\"inLanguage\":\"en-US\",\"@id\":\"https:\/\/nirigs.com\/#\/schema\/logo\/image\/\",\"url\":\"https:\/\/nirigs.com\/wp-content\/uploads\/2025\/04\/Design-sans-titre-27.png\",\"contentUrl\":\"https:\/\/nirigs.com\/wp-content\/uploads\/2025\/04\/Design-sans-titre-27.png\",\"width\":500,\"height\":500,\"caption\":\"Nirigs\"},\"image\":{\"@id\":\"https:\/\/nirigs.com\/#\/schema\/logo\/image\/\"}}]}<\/script>\n<!-- \/ Yoast SEO plugin. -->","yoast_head_json":{"title":"Tree Hut - Coco Colada Shea Sugar Gommage corporel exfoliant et hydratant - 510 g - NIRIGS","robots":{"index":"index","follow":"follow","max-snippet":"max-snippet:-1","max-image-preview":"max-image-preview:large","max-video-preview":"max-video-preview:-1"},"canonical":"https:\/\/nirigs.com\/en\/product\/coco-colada-shea-sugar-exfoliating-and-moisturizing-body-scrub\/","og_locale":"en_US","og_type":"article","og_title":"Tree Hut - Coco Colada Shea Sugar Gommage corporel exfoliant et hydratant - 510 g - NIRIGS","og_description":"Exfoliant au sucre Coco Colada de Tree Hut, pour une peau douce et \u00e9clatante. Avec l&rsquo;exfoliant au sucre Coco Colada","og_url":"https:\/\/nirigs.com\/en\/product\/coco-colada-shea-sugar-exfoliating-and-moisturizing-body-scrub\/","og_site_name":"NIRIGS","article_modified_time":"2025-03-16T07:52:35+00:00","og_image":[{"width":1000,"height":1000,"url":"https:\/\/nirigs.com\/wp-content\/uploads\/2024\/01\/Tree-Hut-\u2013-Coco-Colada-Shea-Sugar-Gommage-corporel-exfoliant-et-hydratant-\u2013-510-g-1.jpg","type":"image\/jpeg"}],"twitter_card":"summary_large_image","twitter_misc":{"Est. reading time":"1 minute"},"schema":{"@context":"https:\/\/schema.org","@graph":[{"@type":"WebPage","@id":"https:\/\/nirigs.com\/product\/coco-colada-shea-sugar-exfoliating-and-moisturizing-body-scrub\/","url":"https:\/\/nirigs.com\/product\/coco-colada-shea-sugar-exfoliating-and-moisturizing-body-scrub\/","name":"Tree Hut - Coco Colada Shea Sugar Gommage corporel exfoliant et hydratant - 510 g - NIRIGS","isPartOf":{"@id":"https:\/\/nirigs.com\/#website"},"primaryImageOfPage":{"@id":"https:\/\/nirigs.com\/product\/coco-colada-shea-sugar-exfoliating-and-moisturizing-body-scrub\/#primaryimage"},"image":{"@id":"https:\/\/nirigs.com\/product\/coco-colada-shea-sugar-exfoliating-and-moisturizing-body-scrub\/#primaryimage"},"thumbnailUrl":"https:\/\/nirigs.com\/wp-content\/uploads\/2024\/01\/Tree-Hut-\u2013-Coco-Colada-Shea-Sugar-Gommage-corporel-exfoliant-et-hydratant-\u2013-510-g-1.jpg","datePublished":"2024-01-30T13:04:35+00:00","dateModified":"2025-03-16T07:52:35+00:00","breadcrumb":{"@id":"https:\/\/nirigs.com\/product\/coco-colada-shea-sugar-exfoliating-and-moisturizing-body-scrub\/#breadcrumb"},"inLanguage":"en-US","potentialAction":[{"@type":"ReadAction","target":["https:\/\/nirigs.com\/product\/coco-colada-shea-sugar-exfoliating-and-moisturizing-body-scrub\/"]}]},{"@type":"ImageObject","inLanguage":"en-US","@id":"https:\/\/nirigs.com\/product\/coco-colada-shea-sugar-exfoliating-and-moisturizing-body-scrub\/#primaryimage","url":"https:\/\/nirigs.com\/wp-content\/uploads\/2024\/01\/Tree-Hut-\u2013-Coco-Colada-Shea-Sugar-Gommage-corporel-exfoliant-et-hydratant-\u2013-510-g-1.jpg","contentUrl":"https:\/\/nirigs.com\/wp-content\/uploads\/2024\/01\/Tree-Hut-\u2013-Coco-Colada-Shea-Sugar-Gommage-corporel-exfoliant-et-hydratant-\u2013-510-g-1.jpg","width":1000,"height":1000},{"@type":"BreadcrumbList","@id":"https:\/\/nirigs.com\/product\/coco-colada-shea-sugar-exfoliating-and-moisturizing-body-scrub\/#breadcrumb","itemListElement":[{"@type":"ListItem","position":1,"name":"Home","item":"https:\/\/nirigs.com\/"},{"@type":"ListItem","position":2,"name":"Parcourir","item":"https:\/\/nirigs.com\/boutique\/"},{"@type":"ListItem","position":3,"name":"Tree Hut &#8211; Coco Colada Shea Sugar Gommage corporel exfoliant et hydratant &#8211; 510 g"}]},{"@type":"WebSite","@id":"https:\/\/nirigs.com\/#website","url":"https:\/\/nirigs.com\/","name":"Nirigs.com","description":"Simplifiez vos achats du quotidien \u00e0 Djibouti","publisher":{"@id":"https:\/\/nirigs.com\/#organization"},"potentialAction":[{"@type":"SearchAction","target":{"@type":"EntryPoint","urlTemplate":"https:\/\/nirigs.com\/?s={search_term_string}"},"query-input":{"@type":"PropertyValueSpecification","valueRequired":true,"valueName":"search_term_string"}}],"inLanguage":"en-US"},{"@type":"Organization","@id":"https:\/\/nirigs.com\/#organization","name":"Nirigs","url":"https:\/\/nirigs.com\/","logo":{"@type":"ImageObject","inLanguage":"en-US","@id":"https:\/\/nirigs.com\/#\/schema\/logo\/image\/","url":"https:\/\/nirigs.com\/wp-content\/uploads\/2025\/04\/Design-sans-titre-27.png","contentUrl":"https:\/\/nirigs.com\/wp-content\/uploads\/2025\/04\/Design-sans-titre-27.png","width":500,"height":500,"caption":"Nirigs"},"image":{"@id":"https:\/\/nirigs.com\/#\/schema\/logo\/image\/"}}]}},"brands":[{"id":772,"name":"Tree Hut","slug":"tree-hut"}],"_links":{"self":[{"href":"https:\/\/nirigs.com\/en\/wp-json\/wp\/v2\/product\/17026","targetHints":{"allow":["GET"]}}],"collection":[{"href":"https:\/\/nirigs.com\/en\/wp-json\/wp\/v2\/product"}],"about":[{"href":"https:\/\/nirigs.com\/en\/wp-json\/wp\/v2\/types\/product"}],"replies":[{"embeddable":true,"href":"https:\/\/nirigs.com\/en\/wp-json\/wp\/v2\/comments?post=17026"}],"version-history":[{"count":8,"href":"https:\/\/nirigs.com\/en\/wp-json\/wp\/v2\/product\/17026\/revisions"}],"predecessor-version":[{"id":24643,"href":"https:\/\/nirigs.com\/en\/wp-json\/wp\/v2\/product\/17026\/revisions\/24643"}],"wp:featuredmedia":[{"embeddable":true,"href":"https:\/\/nirigs.com\/en\/wp-json\/wp\/v2\/media\/24652"}],"wp:attachment":[{"href":"https:\/\/nirigs.com\/en\/wp-json\/wp\/v2\/media?parent=17026"}],"wp:term":[{"taxonomy":"pwb-brand","embeddable":true,"href":"https:\/\/nirigs.com\/en\/wp-json\/wp\/v2\/pwb-brand?post=17026"},{"taxonomy":"product_brand","embeddable":true,"href":"https:\/\/nirigs.com\/en\/wp-json\/wp\/v2\/product_brand?post=17026"},{"taxonomy":"product_cat","embeddable":true,"href":"https:\/\/nirigs.com\/en\/wp-json\/wp\/v2\/product_cat?post=17026"},{"taxonomy":"product_tag","embeddable":true,"href":"https:\/\/nirigs.com\/en\/wp-json\/wp\/v2\/product_tag?post=17026"}],"curies":[{"name":"wp","href":"https:\/\/api.w.org\/{rel}","templated":true}]}}