{"id":17024,"date":"2024-01-30T15:01:50","date_gmt":"2024-01-30T12:01:50","guid":{"rendered":"https:\/\/nirigs.com\/product\/triple-moisturizing-conditioner-after-shampoo-384-ml\/"},"modified":"2025-03-16T10:54:26","modified_gmt":"2025-03-16T07:54:26","slug":"triple-moisturizing-conditioner-after-shampoo-384-ml","status":"publish","type":"product","link":"https:\/\/nirigs.com\/en\/product\/triple-moisturizing-conditioner-after-shampoo-384-ml\/","title":{"rendered":"TGIN - Triple moisturizing conditioner (After shampoo) - 384 ml"},"content":{"rendered":"<p>Le\u00a0Triple Moisture Replenishing Conditioner\u00a0est un apr\u00e8s-shampoing cr\u00e9meux de la marque\u00a0TGIN\u00a0qui revitalise les cheveux secs et endommag\u00e9s. Sa formulation enrichie en karit\u00e9 et huile d\u2019amande douce p\u00e9n\u00e8tre la fibre capillaire pour y apporter de l\u2019hydratation mais aussi pour l\u2019adoucir et la r\u00e9parer.<span class=\"Apple-converted-space\"> \u00a0<\/span>Vos cheveux seront incroyablement doux, faciles \u00e0 d\u00e9m\u00ealer et \u00e0 coiffer. Vous appr\u00e9cierez \u00e9galement les petites boucles qu\u2019il fait naturellement ressortir dans vos cheveux.<span class=\"Apple-converted-space\">\u00a0<\/span><\/p>\n<h4>Use<\/h4>\n<ul>\n<li>Apr\u00e8s avoir lav\u00e9 vos cheveux avec le shampooing TGIN Moisture Rich Sulfate Free Shampoo, appliquez une quantit\u00e9 g\u00e9n\u00e9reuse de ce conditionner dans vos cheveux.<\/li>\n<li>R\u00e9partissez sur l&rsquo;ensemble de vos cheveux en insistant bien sur les pointes soit la partie la plus s\u00e8che.<\/li>\n<li>Laissez poser l&rsquo;apr\u00e8s-shampoing le temps de la douche puis rincez \u00e0 fond.<\/li>\n<li>Pour une hydratation maximale, poursuivez\u00a0avec le masque\u00a0TGIN Honey Miracle Hair Mask.<\/li>\n<\/ul>\n<h4>Ingredients<\/h4>\n<p>Aqua (Purified Water) Infused With Camellia Sinensis (Green Tea) Leaf Extract, Cocos Nucifera (Coconut) Oil, Honey (Mel), Helianthus Annuus (Sunflower) Seed Oil, Rosmarinus Officinalis (Rosemary) Leaf Extract, Theobroma Grandiflorum (Cupuacu) Butter, Butyrospermum Parkii (Shea Butter), Argania Spinosa (Moroccan Argan) Kernel Oil, Prunus Amygdalus Dulcis (Sweet Almond) Oil, Cetearyl Alcohol, Propanediol, Cetyl Alcohol, Dimethicone, Behentrimonium Methosulfate, Behentrimonium Chloride, Panthenol (Pro Vitamin B5), Tocopheryl Acetate (Vitamin E), Phenoxyethanol, Caprylyl Glycol, Disodium Edta, Fragrance.<\/p>","protected":false},"excerpt":{"rendered":"<p>Le\u00a0Triple Moisture Replenishing Conditioner\u00a0est un apr\u00e8s-shampoing cr\u00e9meux de la marque\u00a0TGIN\u00a0qui revitalise les cheveux secs et endommag\u00e9s. Sa formulation enrichie en<\/p>","protected":false},"featured_media":24788,"comment_status":"open","ping_status":"closed","template":"","meta":[],"pwb-brand":[771],"product_brand":[],"product_cat":[1025,267,1022,1024],"product_tag":[],"class_list":{"0":"post-17024","1":"product","2":"type-product","3":"status-publish","4":"has-post-thumbnail","6":"pwb-brand-tgin","7":"product_cat-apres-shampooings","8":"product_cat-beaute-et-soins","9":"product_cat-coiffures-et-soins-des-cheveux","10":"product_cat-soins-des-cheveux","12":"first","13":"outofstock","14":"shipping-taxable","15":"purchasable","16":"product-type-simple"},"yoast_head":"<!-- This site is optimized with the Yoast SEO plugin v27.1.1 - https:\/\/yoast.com\/product\/yoast-seo-wordpress\/ -->\n<title>TGIN - Apr\u00e8s-shampoing triple hydratant (Apr\u00e8s shampooing) - 384 ml - NIRIGS<\/title>\n<meta name=\"robots\" content=\"index, follow, max-snippet:-1, max-image-preview:large, max-video-preview:-1\" \/>\n<link rel=\"canonical\" href=\"https:\/\/nirigs.com\/en\/product\/triple-moisturizing-conditioner-after-shampoo-384-ml\/\" \/>\n<meta property=\"og:locale\" content=\"en_US\" \/>\n<meta property=\"og:type\" content=\"article\" \/>\n<meta property=\"og:title\" content=\"TGIN - Apr\u00e8s-shampoing triple hydratant (Apr\u00e8s shampooing) - 384 ml - NIRIGS\" \/>\n<meta property=\"og:description\" content=\"Le\u00a0Triple Moisture Replenishing Conditioner\u00a0est un apr\u00e8s-shampoing cr\u00e9meux de la marque\u00a0TGIN\u00a0qui revitalise les cheveux secs et endommag\u00e9s. Sa formulation enrichie en\" \/>\n<meta property=\"og:url\" content=\"https:\/\/nirigs.com\/en\/product\/triple-moisturizing-conditioner-after-shampoo-384-ml\/\" \/>\n<meta property=\"og:site_name\" content=\"NIRIGS\" \/>\n<meta property=\"article:modified_time\" content=\"2025-03-16T07:54:26+00:00\" \/>\n<meta property=\"og:image\" content=\"https:\/\/nirigs.com\/wp-content\/uploads\/2024\/01\/TGIN-\u2013-Apres-shampoing-triple-hydratant-Apres-shampooing-\u2013-384-ml.jpg\" \/>\n\t<meta property=\"og:image:width\" content=\"1000\" \/>\n\t<meta property=\"og:image:height\" content=\"1000\" \/>\n\t<meta property=\"og:image:type\" content=\"image\/jpeg\" \/>\n<meta name=\"twitter:card\" content=\"summary_large_image\" \/>\n<meta name=\"twitter:label1\" content=\"Est. reading time\" \/>\n\t<meta name=\"twitter:data1\" content=\"1 minute\" \/>\n<script type=\"application\/ld+json\" class=\"yoast-schema-graph\">{\"@context\":\"https:\/\/schema.org\",\"@graph\":[{\"@type\":\"WebPage\",\"@id\":\"https:\/\/nirigs.com\/product\/triple-moisturizing-conditioner-after-shampoo-384-ml\/\",\"url\":\"https:\/\/nirigs.com\/product\/triple-moisturizing-conditioner-after-shampoo-384-ml\/\",\"name\":\"TGIN - Apr\u00e8s-shampoing triple hydratant (Apr\u00e8s shampooing) - 384 ml - NIRIGS\",\"isPartOf\":{\"@id\":\"https:\/\/nirigs.com\/#website\"},\"primaryImageOfPage\":{\"@id\":\"https:\/\/nirigs.com\/product\/triple-moisturizing-conditioner-after-shampoo-384-ml\/#primaryimage\"},\"image\":{\"@id\":\"https:\/\/nirigs.com\/product\/triple-moisturizing-conditioner-after-shampoo-384-ml\/#primaryimage\"},\"thumbnailUrl\":\"https:\/\/nirigs.com\/wp-content\/uploads\/2024\/01\/TGIN-\u2013-Apres-shampoing-triple-hydratant-Apres-shampooing-\u2013-384-ml.jpg\",\"datePublished\":\"2024-01-30T12:01:50+00:00\",\"dateModified\":\"2025-03-16T07:54:26+00:00\",\"breadcrumb\":{\"@id\":\"https:\/\/nirigs.com\/product\/triple-moisturizing-conditioner-after-shampoo-384-ml\/#breadcrumb\"},\"inLanguage\":\"en-US\",\"potentialAction\":[{\"@type\":\"ReadAction\",\"target\":[\"https:\/\/nirigs.com\/product\/triple-moisturizing-conditioner-after-shampoo-384-ml\/\"]}]},{\"@type\":\"ImageObject\",\"inLanguage\":\"en-US\",\"@id\":\"https:\/\/nirigs.com\/product\/triple-moisturizing-conditioner-after-shampoo-384-ml\/#primaryimage\",\"url\":\"https:\/\/nirigs.com\/wp-content\/uploads\/2024\/01\/TGIN-\u2013-Apres-shampoing-triple-hydratant-Apres-shampooing-\u2013-384-ml.jpg\",\"contentUrl\":\"https:\/\/nirigs.com\/wp-content\/uploads\/2024\/01\/TGIN-\u2013-Apres-shampoing-triple-hydratant-Apres-shampooing-\u2013-384-ml.jpg\",\"width\":1000,\"height\":1000},{\"@type\":\"BreadcrumbList\",\"@id\":\"https:\/\/nirigs.com\/product\/triple-moisturizing-conditioner-after-shampoo-384-ml\/#breadcrumb\",\"itemListElement\":[{\"@type\":\"ListItem\",\"position\":1,\"name\":\"Home\",\"item\":\"https:\/\/nirigs.com\/\"},{\"@type\":\"ListItem\",\"position\":2,\"name\":\"Parcourir\",\"item\":\"https:\/\/nirigs.com\/boutique\/\"},{\"@type\":\"ListItem\",\"position\":3,\"name\":\"TGIN &#8211; Apr\u00e8s-shampoing triple hydratant (Apr\u00e8s shampooing) &#8211; 384 ml\"}]},{\"@type\":\"WebSite\",\"@id\":\"https:\/\/nirigs.com\/#website\",\"url\":\"https:\/\/nirigs.com\/\",\"name\":\"Nirigs.com\",\"description\":\"Simplifiez vos achats du quotidien \u00e0 Djibouti\",\"publisher\":{\"@id\":\"https:\/\/nirigs.com\/#organization\"},\"potentialAction\":[{\"@type\":\"SearchAction\",\"target\":{\"@type\":\"EntryPoint\",\"urlTemplate\":\"https:\/\/nirigs.com\/?s={search_term_string}\"},\"query-input\":{\"@type\":\"PropertyValueSpecification\",\"valueRequired\":true,\"valueName\":\"search_term_string\"}}],\"inLanguage\":\"en-US\"},{\"@type\":\"Organization\",\"@id\":\"https:\/\/nirigs.com\/#organization\",\"name\":\"Nirigs\",\"url\":\"https:\/\/nirigs.com\/\",\"logo\":{\"@type\":\"ImageObject\",\"inLanguage\":\"en-US\",\"@id\":\"https:\/\/nirigs.com\/#\/schema\/logo\/image\/\",\"url\":\"https:\/\/nirigs.com\/wp-content\/uploads\/2025\/04\/Design-sans-titre-27.png\",\"contentUrl\":\"https:\/\/nirigs.com\/wp-content\/uploads\/2025\/04\/Design-sans-titre-27.png\",\"width\":500,\"height\":500,\"caption\":\"Nirigs\"},\"image\":{\"@id\":\"https:\/\/nirigs.com\/#\/schema\/logo\/image\/\"}}]}<\/script>\n<!-- \/ Yoast SEO plugin. -->","yoast_head_json":{"title":"TGIN - Apr\u00e8s-shampoing triple hydratant (Apr\u00e8s shampooing) - 384 ml - NIRIGS","robots":{"index":"index","follow":"follow","max-snippet":"max-snippet:-1","max-image-preview":"max-image-preview:large","max-video-preview":"max-video-preview:-1"},"canonical":"https:\/\/nirigs.com\/en\/product\/triple-moisturizing-conditioner-after-shampoo-384-ml\/","og_locale":"en_US","og_type":"article","og_title":"TGIN - Apr\u00e8s-shampoing triple hydratant (Apr\u00e8s shampooing) - 384 ml - NIRIGS","og_description":"Le\u00a0Triple Moisture Replenishing Conditioner\u00a0est un apr\u00e8s-shampoing cr\u00e9meux de la marque\u00a0TGIN\u00a0qui revitalise les cheveux secs et endommag\u00e9s. Sa formulation enrichie en","og_url":"https:\/\/nirigs.com\/en\/product\/triple-moisturizing-conditioner-after-shampoo-384-ml\/","og_site_name":"NIRIGS","article_modified_time":"2025-03-16T07:54:26+00:00","og_image":[{"width":1000,"height":1000,"url":"https:\/\/nirigs.com\/wp-content\/uploads\/2024\/01\/TGIN-\u2013-Apres-shampoing-triple-hydratant-Apres-shampooing-\u2013-384-ml.jpg","type":"image\/jpeg"}],"twitter_card":"summary_large_image","twitter_misc":{"Est. reading time":"1 minute"},"schema":{"@context":"https:\/\/schema.org","@graph":[{"@type":"WebPage","@id":"https:\/\/nirigs.com\/product\/triple-moisturizing-conditioner-after-shampoo-384-ml\/","url":"https:\/\/nirigs.com\/product\/triple-moisturizing-conditioner-after-shampoo-384-ml\/","name":"TGIN - Apr\u00e8s-shampoing triple hydratant (Apr\u00e8s shampooing) - 384 ml - NIRIGS","isPartOf":{"@id":"https:\/\/nirigs.com\/#website"},"primaryImageOfPage":{"@id":"https:\/\/nirigs.com\/product\/triple-moisturizing-conditioner-after-shampoo-384-ml\/#primaryimage"},"image":{"@id":"https:\/\/nirigs.com\/product\/triple-moisturizing-conditioner-after-shampoo-384-ml\/#primaryimage"},"thumbnailUrl":"https:\/\/nirigs.com\/wp-content\/uploads\/2024\/01\/TGIN-\u2013-Apres-shampoing-triple-hydratant-Apres-shampooing-\u2013-384-ml.jpg","datePublished":"2024-01-30T12:01:50+00:00","dateModified":"2025-03-16T07:54:26+00:00","breadcrumb":{"@id":"https:\/\/nirigs.com\/product\/triple-moisturizing-conditioner-after-shampoo-384-ml\/#breadcrumb"},"inLanguage":"en-US","potentialAction":[{"@type":"ReadAction","target":["https:\/\/nirigs.com\/product\/triple-moisturizing-conditioner-after-shampoo-384-ml\/"]}]},{"@type":"ImageObject","inLanguage":"en-US","@id":"https:\/\/nirigs.com\/product\/triple-moisturizing-conditioner-after-shampoo-384-ml\/#primaryimage","url":"https:\/\/nirigs.com\/wp-content\/uploads\/2024\/01\/TGIN-\u2013-Apres-shampoing-triple-hydratant-Apres-shampooing-\u2013-384-ml.jpg","contentUrl":"https:\/\/nirigs.com\/wp-content\/uploads\/2024\/01\/TGIN-\u2013-Apres-shampoing-triple-hydratant-Apres-shampooing-\u2013-384-ml.jpg","width":1000,"height":1000},{"@type":"BreadcrumbList","@id":"https:\/\/nirigs.com\/product\/triple-moisturizing-conditioner-after-shampoo-384-ml\/#breadcrumb","itemListElement":[{"@type":"ListItem","position":1,"name":"Home","item":"https:\/\/nirigs.com\/"},{"@type":"ListItem","position":2,"name":"Parcourir","item":"https:\/\/nirigs.com\/boutique\/"},{"@type":"ListItem","position":3,"name":"TGIN &#8211; Apr\u00e8s-shampoing triple hydratant (Apr\u00e8s shampooing) &#8211; 384 ml"}]},{"@type":"WebSite","@id":"https:\/\/nirigs.com\/#website","url":"https:\/\/nirigs.com\/","name":"Nirigs.com","description":"Simplifiez vos achats du quotidien \u00e0 Djibouti","publisher":{"@id":"https:\/\/nirigs.com\/#organization"},"potentialAction":[{"@type":"SearchAction","target":{"@type":"EntryPoint","urlTemplate":"https:\/\/nirigs.com\/?s={search_term_string}"},"query-input":{"@type":"PropertyValueSpecification","valueRequired":true,"valueName":"search_term_string"}}],"inLanguage":"en-US"},{"@type":"Organization","@id":"https:\/\/nirigs.com\/#organization","name":"Nirigs","url":"https:\/\/nirigs.com\/","logo":{"@type":"ImageObject","inLanguage":"en-US","@id":"https:\/\/nirigs.com\/#\/schema\/logo\/image\/","url":"https:\/\/nirigs.com\/wp-content\/uploads\/2025\/04\/Design-sans-titre-27.png","contentUrl":"https:\/\/nirigs.com\/wp-content\/uploads\/2025\/04\/Design-sans-titre-27.png","width":500,"height":500,"caption":"Nirigs"},"image":{"@id":"https:\/\/nirigs.com\/#\/schema\/logo\/image\/"}}]}},"brands":[{"id":771,"name":"TGIN","slug":"tgin"}],"_links":{"self":[{"href":"https:\/\/nirigs.com\/en\/wp-json\/wp\/v2\/product\/17024","targetHints":{"allow":["GET"]}}],"collection":[{"href":"https:\/\/nirigs.com\/en\/wp-json\/wp\/v2\/product"}],"about":[{"href":"https:\/\/nirigs.com\/en\/wp-json\/wp\/v2\/types\/product"}],"replies":[{"embeddable":true,"href":"https:\/\/nirigs.com\/en\/wp-json\/wp\/v2\/comments?post=17024"}],"version-history":[{"count":7,"href":"https:\/\/nirigs.com\/en\/wp-json\/wp\/v2\/product\/17024\/revisions"}],"predecessor-version":[{"id":24782,"href":"https:\/\/nirigs.com\/en\/wp-json\/wp\/v2\/product\/17024\/revisions\/24782"}],"wp:featuredmedia":[{"embeddable":true,"href":"https:\/\/nirigs.com\/en\/wp-json\/wp\/v2\/media\/24788"}],"wp:attachment":[{"href":"https:\/\/nirigs.com\/en\/wp-json\/wp\/v2\/media?parent=17024"}],"wp:term":[{"taxonomy":"pwb-brand","embeddable":true,"href":"https:\/\/nirigs.com\/en\/wp-json\/wp\/v2\/pwb-brand?post=17024"},{"taxonomy":"product_brand","embeddable":true,"href":"https:\/\/nirigs.com\/en\/wp-json\/wp\/v2\/product_brand?post=17024"},{"taxonomy":"product_cat","embeddable":true,"href":"https:\/\/nirigs.com\/en\/wp-json\/wp\/v2\/product_cat?post=17024"},{"taxonomy":"product_tag","embeddable":true,"href":"https:\/\/nirigs.com\/en\/wp-json\/wp\/v2\/product_tag?post=17024"}],"curies":[{"name":"wp","href":"https:\/\/api.w.org\/{rel}","templated":true}]}}