{"id":17016,"date":"2024-01-30T14:28:25","date_gmt":"2024-01-30T11:28:25","guid":{"rendered":"https:\/\/nirigs.com\/product\/honey-miracle-hair-mask-340g-moisturizing-repairing-mask\/"},"modified":"2025-03-16T10:56:58","modified_gmt":"2025-03-16T07:56:58","slug":"honey-miracle-hair-mask-340g-moisturizing-repairing-mask","status":"publish","type":"product","link":"https:\/\/nirigs.com\/en\/product\/honey-miracle-hair-mask-340g-moisturizing-repairing-mask\/","title":{"rendered":"TGIN - Miracle Honey Hair Mask - 340g (Moisturizing and Repairing Mask)"},"content":{"rendered":"<p>Le masque HYPER hydratant ! Le Honey Miracle Hair Mask de TGIN est excellent pour ses vertus hydratantes, il nourrit en profondeur et r\u00e9pare \u00e9galement vos cheveux.<span class=\"Apple-converted-space\">\u00a0<\/span><\/p>\n<p>D\u00e8s la premi\u00e8re application, le masque\u00a0Honey Miracle\u00a0tient ses promesses, son action sera efficace sur les cheveux color\u00e9s ou endommag\u00e9s. Formul\u00e9 \u00e0 partir de miel, de jojoba et d\u2019huile d\u2019olive, ce masque luxueux laisse vos cheveux brillants de sant\u00e9 et hydrat\u00e9s durablement.<span class=\"Apple-converted-space\">\u00a0<\/span><\/p>\n<h4>Use<\/h4>\n<ul>\n<li>Apr\u00e8s le shampoing TGIN ou id\u00e9alement apr\u00e8s le shampooing + conditionner, appliquez le masque Honey Miracle Hair de TGIN sur cheveux mouill\u00e9s.<\/li>\n<li>R\u00e9partissez une dose g\u00e9n\u00e9reuse sur l\u2019ensemble de vos cheveux tout en insistant sur les pointe afin que le masque s\u2019ins\u00e8re en profondeur dans vos cheveux.<\/li>\n<li>Pour une efficacit\u00e9 optimale, nous vous conseillons de laisser agir le masque\u00a0Honey Miracle Hair\u00a015 minutes sous une source de chaleur telles que le casque chauffant\u00a0Hair Therapy\u00a0par exemple. La source de chaleur est importante car elle permet aux \u00e9cailles de s\u2019ouvrir afin que le soin p\u00e9n\u00e8tre parfaitement la fibre capillaire.<\/li>\n<\/ul>\n<p>* Si vous ne souhaitez pas appliquer une source de chaleur sur vos cheveux, laissez poser le masque Honey Miracle Hair plus longtemps soit jusqu\u2019\u00e0 une heure id\u00e9alement.\u00a0 Rincez abondamment \u00e0 l\u2019eau \u00ab chaude \u00bb puis \u00e0 l\u2019eau froide pour refermer les cuticules.<\/p>\n<h4>Ingredients<\/h4>\n<p>Water, Raw Honey, Olea Europaea (Olive) Fruit Oil, Simmondsia Chinensis (Jojoba) Seed Oil, Aloe Barbadensis (Aloe Vera) Leaf Juice, Stearyl Alcohol, Cetyl Alcohol, Stearamidopropyl Dimethylamine, Glutamic Acid, Fragrance, Benzyl Alcohol, Edta, Cyclopentasiloxane, Dimethicone, Methylchloroisothiazolinone, Methylisothiazolinone.<\/p>","protected":false},"excerpt":{"rendered":"<p>Le masque HYPER hydratant ! Le Honey Miracle Hair Mask de TGIN est excellent pour ses vertus hydratantes, il nourrit<\/p>","protected":false},"featured_media":24795,"comment_status":"open","ping_status":"closed","template":"","meta":[],"pwb-brand":[771],"product_brand":[],"product_cat":[267,1022,1024,1027],"product_tag":[],"class_list":{"0":"post-17016","1":"product","2":"type-product","3":"status-publish","4":"has-post-thumbnail","6":"pwb-brand-tgin","7":"product_cat-beaute-et-soins","8":"product_cat-coiffures-et-soins-des-cheveux","9":"product_cat-soins-des-cheveux","10":"product_cat-soins-et-masques-pour-les-cheveux","12":"first","13":"instock","14":"shipping-taxable","15":"purchasable","16":"product-type-simple"},"yoast_head":"<!-- This site is optimized with the Yoast SEO plugin v27.1.1 - https:\/\/yoast.com\/product\/yoast-seo-wordpress\/ -->\n<title>TGIN - Masque Capillaire Miracle au Miel - 340g (Masque Hydratant et R\u00e9parateur) - NIRIGS<\/title>\n<meta name=\"robots\" content=\"index, follow, max-snippet:-1, max-image-preview:large, max-video-preview:-1\" \/>\n<link rel=\"canonical\" href=\"https:\/\/nirigs.com\/en\/product\/honey-miracle-hair-mask-340g-moisturizing-repairing-mask\/\" \/>\n<meta property=\"og:locale\" content=\"en_US\" \/>\n<meta property=\"og:type\" content=\"article\" \/>\n<meta property=\"og:title\" content=\"TGIN - Masque Capillaire Miracle au Miel - 340g (Masque Hydratant et R\u00e9parateur) - NIRIGS\" \/>\n<meta property=\"og:description\" content=\"Le masque HYPER hydratant ! Le Honey Miracle Hair Mask de TGIN est excellent pour ses vertus hydratantes, il nourrit\" \/>\n<meta property=\"og:url\" content=\"https:\/\/nirigs.com\/en\/product\/honey-miracle-hair-mask-340g-moisturizing-repairing-mask\/\" \/>\n<meta property=\"og:site_name\" content=\"NIRIGS\" \/>\n<meta property=\"article:modified_time\" content=\"2025-03-16T07:56:58+00:00\" \/>\n<meta property=\"og:image\" content=\"https:\/\/nirigs.com\/wp-content\/uploads\/2024\/01\/TGIN-\u2013-Masque-Capillaire-Miracle-au-Miel-\u2013-340g-Masque-Hydratant-et-Reparateur-1.jpg\" \/>\n\t<meta property=\"og:image:width\" content=\"1000\" \/>\n\t<meta property=\"og:image:height\" content=\"1000\" \/>\n\t<meta property=\"og:image:type\" content=\"image\/jpeg\" \/>\n<meta name=\"twitter:card\" content=\"summary_large_image\" \/>\n<meta name=\"twitter:label1\" content=\"Est. reading time\" \/>\n\t<meta name=\"twitter:data1\" content=\"1 minute\" \/>\n<script type=\"application\/ld+json\" class=\"yoast-schema-graph\">{\"@context\":\"https:\/\/schema.org\",\"@graph\":[{\"@type\":\"WebPage\",\"@id\":\"https:\/\/nirigs.com\/product\/honey-miracle-hair-mask-340g-moisturizing-repairing-mask\/\",\"url\":\"https:\/\/nirigs.com\/product\/honey-miracle-hair-mask-340g-moisturizing-repairing-mask\/\",\"name\":\"TGIN - Masque Capillaire Miracle au Miel - 340g (Masque Hydratant et R\u00e9parateur) - NIRIGS\",\"isPartOf\":{\"@id\":\"https:\/\/nirigs.com\/#website\"},\"primaryImageOfPage\":{\"@id\":\"https:\/\/nirigs.com\/product\/honey-miracle-hair-mask-340g-moisturizing-repairing-mask\/#primaryimage\"},\"image\":{\"@id\":\"https:\/\/nirigs.com\/product\/honey-miracle-hair-mask-340g-moisturizing-repairing-mask\/#primaryimage\"},\"thumbnailUrl\":\"https:\/\/nirigs.com\/wp-content\/uploads\/2024\/01\/TGIN-\u2013-Masque-Capillaire-Miracle-au-Miel-\u2013-340g-Masque-Hydratant-et-Reparateur-1.jpg\",\"datePublished\":\"2024-01-30T11:28:25+00:00\",\"dateModified\":\"2025-03-16T07:56:58+00:00\",\"breadcrumb\":{\"@id\":\"https:\/\/nirigs.com\/product\/honey-miracle-hair-mask-340g-moisturizing-repairing-mask\/#breadcrumb\"},\"inLanguage\":\"en-US\",\"potentialAction\":[{\"@type\":\"ReadAction\",\"target\":[\"https:\/\/nirigs.com\/product\/honey-miracle-hair-mask-340g-moisturizing-repairing-mask\/\"]}]},{\"@type\":\"ImageObject\",\"inLanguage\":\"en-US\",\"@id\":\"https:\/\/nirigs.com\/product\/honey-miracle-hair-mask-340g-moisturizing-repairing-mask\/#primaryimage\",\"url\":\"https:\/\/nirigs.com\/wp-content\/uploads\/2024\/01\/TGIN-\u2013-Masque-Capillaire-Miracle-au-Miel-\u2013-340g-Masque-Hydratant-et-Reparateur-1.jpg\",\"contentUrl\":\"https:\/\/nirigs.com\/wp-content\/uploads\/2024\/01\/TGIN-\u2013-Masque-Capillaire-Miracle-au-Miel-\u2013-340g-Masque-Hydratant-et-Reparateur-1.jpg\",\"width\":1000,\"height\":1000},{\"@type\":\"BreadcrumbList\",\"@id\":\"https:\/\/nirigs.com\/product\/honey-miracle-hair-mask-340g-moisturizing-repairing-mask\/#breadcrumb\",\"itemListElement\":[{\"@type\":\"ListItem\",\"position\":1,\"name\":\"Home\",\"item\":\"https:\/\/nirigs.com\/\"},{\"@type\":\"ListItem\",\"position\":2,\"name\":\"Parcourir\",\"item\":\"https:\/\/nirigs.com\/boutique\/\"},{\"@type\":\"ListItem\",\"position\":3,\"name\":\"TGIN &#8211; Masque Capillaire Miracle au Miel &#8211; 340g (Masque Hydratant et R\u00e9parateur)\"}]},{\"@type\":\"WebSite\",\"@id\":\"https:\/\/nirigs.com\/#website\",\"url\":\"https:\/\/nirigs.com\/\",\"name\":\"Nirigs.com\",\"description\":\"Simplifiez vos achats du quotidien \u00e0 Djibouti\",\"publisher\":{\"@id\":\"https:\/\/nirigs.com\/#organization\"},\"potentialAction\":[{\"@type\":\"SearchAction\",\"target\":{\"@type\":\"EntryPoint\",\"urlTemplate\":\"https:\/\/nirigs.com\/?s={search_term_string}\"},\"query-input\":{\"@type\":\"PropertyValueSpecification\",\"valueRequired\":true,\"valueName\":\"search_term_string\"}}],\"inLanguage\":\"en-US\"},{\"@type\":\"Organization\",\"@id\":\"https:\/\/nirigs.com\/#organization\",\"name\":\"Nirigs\",\"url\":\"https:\/\/nirigs.com\/\",\"logo\":{\"@type\":\"ImageObject\",\"inLanguage\":\"en-US\",\"@id\":\"https:\/\/nirigs.com\/#\/schema\/logo\/image\/\",\"url\":\"https:\/\/nirigs.com\/wp-content\/uploads\/2025\/04\/Design-sans-titre-27.png\",\"contentUrl\":\"https:\/\/nirigs.com\/wp-content\/uploads\/2025\/04\/Design-sans-titre-27.png\",\"width\":500,\"height\":500,\"caption\":\"Nirigs\"},\"image\":{\"@id\":\"https:\/\/nirigs.com\/#\/schema\/logo\/image\/\"}}]}<\/script>\n<!-- \/ Yoast SEO plugin. -->","yoast_head_json":{"title":"TGIN - Masque Capillaire Miracle au Miel - 340g (Masque Hydratant et R\u00e9parateur) - NIRIGS","robots":{"index":"index","follow":"follow","max-snippet":"max-snippet:-1","max-image-preview":"max-image-preview:large","max-video-preview":"max-video-preview:-1"},"canonical":"https:\/\/nirigs.com\/en\/product\/honey-miracle-hair-mask-340g-moisturizing-repairing-mask\/","og_locale":"en_US","og_type":"article","og_title":"TGIN - Masque Capillaire Miracle au Miel - 340g (Masque Hydratant et R\u00e9parateur) - NIRIGS","og_description":"Le masque HYPER hydratant ! Le Honey Miracle Hair Mask de TGIN est excellent pour ses vertus hydratantes, il nourrit","og_url":"https:\/\/nirigs.com\/en\/product\/honey-miracle-hair-mask-340g-moisturizing-repairing-mask\/","og_site_name":"NIRIGS","article_modified_time":"2025-03-16T07:56:58+00:00","og_image":[{"width":1000,"height":1000,"url":"https:\/\/nirigs.com\/wp-content\/uploads\/2024\/01\/TGIN-\u2013-Masque-Capillaire-Miracle-au-Miel-\u2013-340g-Masque-Hydratant-et-Reparateur-1.jpg","type":"image\/jpeg"}],"twitter_card":"summary_large_image","twitter_misc":{"Est. reading time":"1 minute"},"schema":{"@context":"https:\/\/schema.org","@graph":[{"@type":"WebPage","@id":"https:\/\/nirigs.com\/product\/honey-miracle-hair-mask-340g-moisturizing-repairing-mask\/","url":"https:\/\/nirigs.com\/product\/honey-miracle-hair-mask-340g-moisturizing-repairing-mask\/","name":"TGIN - Masque Capillaire Miracle au Miel - 340g (Masque Hydratant et R\u00e9parateur) - NIRIGS","isPartOf":{"@id":"https:\/\/nirigs.com\/#website"},"primaryImageOfPage":{"@id":"https:\/\/nirigs.com\/product\/honey-miracle-hair-mask-340g-moisturizing-repairing-mask\/#primaryimage"},"image":{"@id":"https:\/\/nirigs.com\/product\/honey-miracle-hair-mask-340g-moisturizing-repairing-mask\/#primaryimage"},"thumbnailUrl":"https:\/\/nirigs.com\/wp-content\/uploads\/2024\/01\/TGIN-\u2013-Masque-Capillaire-Miracle-au-Miel-\u2013-340g-Masque-Hydratant-et-Reparateur-1.jpg","datePublished":"2024-01-30T11:28:25+00:00","dateModified":"2025-03-16T07:56:58+00:00","breadcrumb":{"@id":"https:\/\/nirigs.com\/product\/honey-miracle-hair-mask-340g-moisturizing-repairing-mask\/#breadcrumb"},"inLanguage":"en-US","potentialAction":[{"@type":"ReadAction","target":["https:\/\/nirigs.com\/product\/honey-miracle-hair-mask-340g-moisturizing-repairing-mask\/"]}]},{"@type":"ImageObject","inLanguage":"en-US","@id":"https:\/\/nirigs.com\/product\/honey-miracle-hair-mask-340g-moisturizing-repairing-mask\/#primaryimage","url":"https:\/\/nirigs.com\/wp-content\/uploads\/2024\/01\/TGIN-\u2013-Masque-Capillaire-Miracle-au-Miel-\u2013-340g-Masque-Hydratant-et-Reparateur-1.jpg","contentUrl":"https:\/\/nirigs.com\/wp-content\/uploads\/2024\/01\/TGIN-\u2013-Masque-Capillaire-Miracle-au-Miel-\u2013-340g-Masque-Hydratant-et-Reparateur-1.jpg","width":1000,"height":1000},{"@type":"BreadcrumbList","@id":"https:\/\/nirigs.com\/product\/honey-miracle-hair-mask-340g-moisturizing-repairing-mask\/#breadcrumb","itemListElement":[{"@type":"ListItem","position":1,"name":"Home","item":"https:\/\/nirigs.com\/"},{"@type":"ListItem","position":2,"name":"Parcourir","item":"https:\/\/nirigs.com\/boutique\/"},{"@type":"ListItem","position":3,"name":"TGIN &#8211; Masque Capillaire Miracle au Miel &#8211; 340g (Masque Hydratant et R\u00e9parateur)"}]},{"@type":"WebSite","@id":"https:\/\/nirigs.com\/#website","url":"https:\/\/nirigs.com\/","name":"Nirigs.com","description":"Simplifiez vos achats du quotidien \u00e0 Djibouti","publisher":{"@id":"https:\/\/nirigs.com\/#organization"},"potentialAction":[{"@type":"SearchAction","target":{"@type":"EntryPoint","urlTemplate":"https:\/\/nirigs.com\/?s={search_term_string}"},"query-input":{"@type":"PropertyValueSpecification","valueRequired":true,"valueName":"search_term_string"}}],"inLanguage":"en-US"},{"@type":"Organization","@id":"https:\/\/nirigs.com\/#organization","name":"Nirigs","url":"https:\/\/nirigs.com\/","logo":{"@type":"ImageObject","inLanguage":"en-US","@id":"https:\/\/nirigs.com\/#\/schema\/logo\/image\/","url":"https:\/\/nirigs.com\/wp-content\/uploads\/2025\/04\/Design-sans-titre-27.png","contentUrl":"https:\/\/nirigs.com\/wp-content\/uploads\/2025\/04\/Design-sans-titre-27.png","width":500,"height":500,"caption":"Nirigs"},"image":{"@id":"https:\/\/nirigs.com\/#\/schema\/logo\/image\/"}}]}},"brands":[{"id":771,"name":"TGIN","slug":"tgin"}],"_links":{"self":[{"href":"https:\/\/nirigs.com\/en\/wp-json\/wp\/v2\/product\/17016","targetHints":{"allow":["GET"]}}],"collection":[{"href":"https:\/\/nirigs.com\/en\/wp-json\/wp\/v2\/product"}],"about":[{"href":"https:\/\/nirigs.com\/en\/wp-json\/wp\/v2\/types\/product"}],"replies":[{"embeddable":true,"href":"https:\/\/nirigs.com\/en\/wp-json\/wp\/v2\/comments?post=17016"}],"version-history":[{"count":11,"href":"https:\/\/nirigs.com\/en\/wp-json\/wp\/v2\/product\/17016\/revisions"}],"predecessor-version":[{"id":24791,"href":"https:\/\/nirigs.com\/en\/wp-json\/wp\/v2\/product\/17016\/revisions\/24791"}],"wp:featuredmedia":[{"embeddable":true,"href":"https:\/\/nirigs.com\/en\/wp-json\/wp\/v2\/media\/24795"}],"wp:attachment":[{"href":"https:\/\/nirigs.com\/en\/wp-json\/wp\/v2\/media?parent=17016"}],"wp:term":[{"taxonomy":"pwb-brand","embeddable":true,"href":"https:\/\/nirigs.com\/en\/wp-json\/wp\/v2\/pwb-brand?post=17016"},{"taxonomy":"product_brand","embeddable":true,"href":"https:\/\/nirigs.com\/en\/wp-json\/wp\/v2\/product_brand?post=17016"},{"taxonomy":"product_cat","embeddable":true,"href":"https:\/\/nirigs.com\/en\/wp-json\/wp\/v2\/product_cat?post=17016"},{"taxonomy":"product_tag","embeddable":true,"href":"https:\/\/nirigs.com\/en\/wp-json\/wp\/v2\/product_tag?post=17016"}],"curies":[{"name":"wp","href":"https:\/\/api.w.org\/{rel}","templated":true}]}}