{"id":16899,"date":"2023-12-03T20:24:12","date_gmt":"2023-12-03T17:24:12","guid":{"rendered":"https:\/\/nirigs.com\/product\/cantu-curling-cream-care-for-kids-227g\/"},"modified":"2026-03-06T18:01:01","modified_gmt":"2026-03-06T15:01:01","slug":"cantu-creme-de-soin-bouclant-pour-enfants-227g","status":"publish","type":"product","link":"https:\/\/nirigs.com\/en\/product\/cantu-creme-de-soin-bouclant-pour-enfants-227g\/","title":{"rendered":"Cantu - Curling cream for children - 227g"},"content":{"rendered":"<p><span data-sheets-note=\"Avec la cr\u00e8me bouclante enfant curling cream 227g blanche de Cantu vous pouvez prendre soin efficacement des cheveux d\u00e9licats de vos enfants.\" data-sheets-userformat=\"{&quot;2&quot;:13057,&quot;3&quot;:{&quot;1&quot;:0},&quot;11&quot;:4,&quot;12&quot;:0,&quot;15&quot;:&quot;\\&quot;Calibri\\&quot;, \\&quot;sans-serif\\&quot;&quot;,&quot;16&quot;:11}\" data-sheets-value=\"{&quot;1&quot;:2,&quot;2&quot;:&quot;Fabriqu\u00e9e \u00e0 partir de karit\u00e9, coco et miel, la cr\u00e8me bouclant pour enfant de Cantu renforce, adoucit et booste les boucles des cheveux boucl\u00e9s et cr\u00e9pus de vos enfants. Elle est sans huiles essentielles, id\u00e9ale pour d\u00e9m\u00ealer facilement les cheveux des enfants, les nourris et les prot\u00e9ger contre les agressions ext\u00e9rieures.&quot;}\">Fabriqu\u00e9e \u00e0 partir de karit\u00e9, coco et miel, la cr\u00e8me bouclante CURLING CREAM<\/span><span data-sheets-note=\"Avec la cr\u00e8me bouclante enfant curling cream 227g blanche de Cantu vous pouvez prendre soin efficacement des cheveux d\u00e9licats de vos enfants.\" data-sheets-userformat=\"{&quot;2&quot;:13057,&quot;3&quot;:{&quot;1&quot;:0},&quot;11&quot;:4,&quot;12&quot;:0,&quot;15&quot;:&quot;\\&quot;Calibri\\&quot;, \\&quot;sans-serif\\&quot;&quot;,&quot;16&quot;:11}\" data-sheets-value=\"{&quot;1&quot;:2,&quot;2&quot;:&quot;Fabriqu\u00e9e \u00e0 partir de karit\u00e9, coco et miel, la cr\u00e8me bouclant pour enfant de Cantu renforce, adoucit et booste les boucles des cheveux boucl\u00e9s et cr\u00e9pus de vos enfants. Elle est sans huiles essentielles, id\u00e9ale pour d\u00e9m\u00ealer facilement les cheveux des enfants, les nourris et les prot\u00e9ger contre les agressions ext\u00e9rieures.&quot;}\"> pour enfant de la marque CANTU renforce, adoucit et booste les boucles des cheveux boucl\u00e9s et cr\u00e9pus de vos enfants.\u00a0<\/span><span data-sheets-note=\"Avec la cr\u00e8me bouclante enfant curling cream 227g blanche de Cantu vous pouvez prendre soin efficacement des cheveux d\u00e9licats de vos enfants.\" data-sheets-userformat=\"{&quot;2&quot;:13057,&quot;3&quot;:{&quot;1&quot;:0},&quot;11&quot;:4,&quot;12&quot;:0,&quot;15&quot;:&quot;\\&quot;Calibri\\&quot;, \\&quot;sans-serif\\&quot;&quot;,&quot;16&quot;:11}\" data-sheets-value=\"{&quot;1&quot;:2,&quot;2&quot;:&quot;Fabriqu\u00e9e \u00e0 partir de karit\u00e9, coco et miel, la cr\u00e8me bouclant pour enfant de Cantu renforce, adoucit et booste les boucles des cheveux boucl\u00e9s et cr\u00e9pus de vos enfants. Elle est sans huiles essentielles, id\u00e9ale pour d\u00e9m\u00ealer facilement les cheveux des enfants, les nourris et les prot\u00e9ger contre les agressions ext\u00e9rieures.&quot;}\">Elle est sans huiles essentielles, id\u00e9ale pour d\u00e9m\u00ealer facilement les cheveux des enfants, les nourris et les prot\u00e9ger contre les agressions ext\u00e9rieures.<\/span><\/p>\n<ul>\n<li>D\u00e9finit et contr\u00f4le les frisottis<\/li>\n<li>Adoucit et renforce les m\u00e8ches<\/li>\n<li>Infus\u00e9 de beurre de karit\u00e9, d&rsquo;huile de noix de coco et de miel<\/li>\n<li>Sans huile min\u00e9rale, sulfates, parab\u00e8nes, silicones, phtalates, gluten, paraffine ou propyl\u00e8ne.<\/li>\n<\/ul>\n<h4>Use<\/h4>\n<ul>\n<li>Appliquez la Curling Cream de CANTU sur cheveux humides, ou apr\u00e8s votre shampoing.<\/li>\n<li>Peignez pour r\u00e9partir la mati\u00e8re, du bout vers la racine pour faire glisser les noeuds<\/li>\n<li>Stylisez \u00e0 l&rsquo;aide d&rsquo;une brosse ou de vos doigts pour atteindre le rendu d\u00e9sir\u00e9.<\/li>\n<li>Faites s\u00e9cher \u00e0 l&rsquo;air libre, ou \u00e0 l&rsquo;aide d&rsquo;un diffuseur d&rsquo;air, sur souffle froid !<\/li>\n<\/ul>\n<p>* Peut \u00eatre utilis\u00e9 sur cheveux secs pour activer les boucles ou rafra\u00eechir les tresses et les torsions.<\/p>\n<h4>Ingredient<\/h4>\n<p>Aqua (Water), Cetearyl Alcohol, Canola Oil, Glycerin, Butyrospermum Parkii (Shea) Butter, Ceteareth-20, Glycol Stearate, Petrolatum, Phenoxyethanol, PEG-75, Ceteth-20, Parfum (Fragrance), Polyquaternium-10, Ethylhexylglycerin, Tetrasodium EDTA, Citric Acid, Cocos Nucifera (Coconut) Oil, Mel (Honey) Extract, BHT, Benzyl benzoate, Benzyl salicylate, Citronellol, Geraniol, Hexyl cinnamal, Limonene, Linalool.<\/p>","protected":false},"excerpt":{"rendered":"<p>Cantu Kids est le m\u00e9lange parfait de pur beurre de karit\u00e9, d&rsquo;huile de coco et de miel. Nourrissez les boucles et les ondulations fragiles avec le soin doux pour cheveux textur\u00e9s de Cantu.<\/p>","protected":false},"featured_media":24807,"comment_status":"open","ping_status":"closed","template":"","meta":[],"pwb-brand":[758],"product_brand":[],"product_cat":[274,275,1350],"product_tag":[],"class_list":{"0":"post-16899","1":"product","2":"type-product","3":"status-publish","4":"has-post-thumbnail","6":"pwb-brand-cantu","7":"product_cat-bebe-et-famille","8":"product_cat-epicerie","9":"product_cat-produits-coiffants-bebe-et-famille","11":"first","12":"instock","13":"shipping-taxable","14":"purchasable","15":"product-type-simple"},"yoast_head":"<!-- This site is optimized with the Yoast SEO plugin v27.4 - https:\/\/yoast.com\/product\/yoast-seo-wordpress\/ -->\n<title>Cantu - Cr\u00e8me de soin bouclant pour enfants - 227g - NIRIGS<\/title>\n<meta name=\"robots\" content=\"index, follow, max-snippet:-1, max-image-preview:large, max-video-preview:-1\" \/>\n<link rel=\"canonical\" href=\"https:\/\/nirigs.com\/en\/product\/cantu-creme-de-soin-bouclant-pour-enfants-227g\/\" \/>\n<meta property=\"og:locale\" content=\"en_US\" \/>\n<meta property=\"og:type\" content=\"article\" \/>\n<meta property=\"og:title\" content=\"Cantu - Cr\u00e8me de soin bouclant pour enfants - 227g - NIRIGS\" \/>\n<meta property=\"og:description\" content=\"Cantu Kids est le m\u00e9lange parfait de pur beurre de karit\u00e9, d&#039;huile de coco et de miel. Nourrissez les boucles et les ondulations fragiles avec le soin doux pour cheveux textur\u00e9s de Cantu.\" \/>\n<meta property=\"og:url\" content=\"https:\/\/nirigs.com\/en\/product\/cantu-creme-de-soin-bouclant-pour-enfants-227g\/\" \/>\n<meta property=\"og:site_name\" content=\"NIRIGS\" \/>\n<meta property=\"article:modified_time\" content=\"2026-03-06T15:01:01+00:00\" \/>\n<meta property=\"og:image\" content=\"https:\/\/nirigs.com\/wp-content\/uploads\/2023\/12\/Cantu-\u2013-Creme-de-soin-bouclant-pour-enfants-\u2013-227g.jpg\" \/>\n\t<meta property=\"og:image:width\" content=\"1000\" \/>\n\t<meta property=\"og:image:height\" content=\"1000\" \/>\n\t<meta property=\"og:image:type\" content=\"image\/jpeg\" \/>\n<meta name=\"twitter:card\" content=\"summary_large_image\" \/>\n<meta name=\"twitter:label1\" content=\"Est. reading time\" \/>\n\t<meta name=\"twitter:data1\" content=\"2 minutes\" \/>\n<script type=\"application\/ld+json\" class=\"yoast-schema-graph\">{\"@context\":\"https:\\\/\\\/schema.org\",\"@graph\":[{\"@type\":\"WebPage\",\"@id\":\"https:\\\/\\\/nirigs.com\\\/product\\\/cantu-creme-de-soin-bouclant-pour-enfants-227g\\\/\",\"url\":\"https:\\\/\\\/nirigs.com\\\/product\\\/cantu-creme-de-soin-bouclant-pour-enfants-227g\\\/\",\"name\":\"Cantu - Cr\u00e8me de soin bouclant pour enfants - 227g - NIRIGS\",\"isPartOf\":{\"@id\":\"https:\\\/\\\/nirigs.com\\\/#website\"},\"primaryImageOfPage\":{\"@id\":\"https:\\\/\\\/nirigs.com\\\/product\\\/cantu-creme-de-soin-bouclant-pour-enfants-227g\\\/#primaryimage\"},\"image\":{\"@id\":\"https:\\\/\\\/nirigs.com\\\/product\\\/cantu-creme-de-soin-bouclant-pour-enfants-227g\\\/#primaryimage\"},\"thumbnailUrl\":\"https:\\\/\\\/nirigs.com\\\/wp-content\\\/uploads\\\/2023\\\/12\\\/Cantu-\u2013-Creme-de-soin-bouclant-pour-enfants-\u2013-227g.jpg\",\"datePublished\":\"2023-12-03T17:24:12+00:00\",\"dateModified\":\"2026-03-06T15:01:01+00:00\",\"breadcrumb\":{\"@id\":\"https:\\\/\\\/nirigs.com\\\/product\\\/cantu-creme-de-soin-bouclant-pour-enfants-227g\\\/#breadcrumb\"},\"inLanguage\":\"en-US\",\"potentialAction\":[{\"@type\":\"ReadAction\",\"target\":[\"https:\\\/\\\/nirigs.com\\\/product\\\/cantu-creme-de-soin-bouclant-pour-enfants-227g\\\/\"]}]},{\"@type\":\"ImageObject\",\"inLanguage\":\"en-US\",\"@id\":\"https:\\\/\\\/nirigs.com\\\/product\\\/cantu-creme-de-soin-bouclant-pour-enfants-227g\\\/#primaryimage\",\"url\":\"https:\\\/\\\/nirigs.com\\\/wp-content\\\/uploads\\\/2023\\\/12\\\/Cantu-\u2013-Creme-de-soin-bouclant-pour-enfants-\u2013-227g.jpg\",\"contentUrl\":\"https:\\\/\\\/nirigs.com\\\/wp-content\\\/uploads\\\/2023\\\/12\\\/Cantu-\u2013-Creme-de-soin-bouclant-pour-enfants-\u2013-227g.jpg\",\"width\":1000,\"height\":1000},{\"@type\":\"BreadcrumbList\",\"@id\":\"https:\\\/\\\/nirigs.com\\\/product\\\/cantu-creme-de-soin-bouclant-pour-enfants-227g\\\/#breadcrumb\",\"itemListElement\":[{\"@type\":\"ListItem\",\"position\":1,\"name\":\"Home\",\"item\":\"https:\\\/\\\/nirigs.com\\\/\"},{\"@type\":\"ListItem\",\"position\":2,\"name\":\"Parcourir\",\"item\":\"https:\\\/\\\/nirigs.com\\\/boutique\\\/\"},{\"@type\":\"ListItem\",\"position\":3,\"name\":\"Cantu &#8211; Cr\u00e8me de soin bouclant pour enfants &#8211; 227g\"}]},{\"@type\":\"WebSite\",\"@id\":\"https:\\\/\\\/nirigs.com\\\/#website\",\"url\":\"https:\\\/\\\/nirigs.com\\\/\",\"name\":\"Nirigs.com\",\"description\":\"Simplifiez vos achats du quotidien \u00e0 Djibouti\",\"publisher\":{\"@id\":\"https:\\\/\\\/nirigs.com\\\/#organization\"},\"potentialAction\":[{\"@type\":\"SearchAction\",\"target\":{\"@type\":\"EntryPoint\",\"urlTemplate\":\"https:\\\/\\\/nirigs.com\\\/?s={search_term_string}\"},\"query-input\":{\"@type\":\"PropertyValueSpecification\",\"valueRequired\":true,\"valueName\":\"search_term_string\"}}],\"inLanguage\":\"en-US\"},{\"@type\":\"Organization\",\"@id\":\"https:\\\/\\\/nirigs.com\\\/#organization\",\"name\":\"Nirigs\",\"url\":\"https:\\\/\\\/nirigs.com\\\/\",\"logo\":{\"@type\":\"ImageObject\",\"inLanguage\":\"en-US\",\"@id\":\"https:\\\/\\\/nirigs.com\\\/#\\\/schema\\\/logo\\\/image\\\/\",\"url\":\"https:\\\/\\\/nirigs.com\\\/wp-content\\\/uploads\\\/2025\\\/04\\\/Design-sans-titre-27.png\",\"contentUrl\":\"https:\\\/\\\/nirigs.com\\\/wp-content\\\/uploads\\\/2025\\\/04\\\/Design-sans-titre-27.png\",\"width\":500,\"height\":500,\"caption\":\"Nirigs\"},\"image\":{\"@id\":\"https:\\\/\\\/nirigs.com\\\/#\\\/schema\\\/logo\\\/image\\\/\"}}]}<\/script>\n<!-- \/ Yoast SEO plugin. -->","yoast_head_json":{"title":"Cantu - Cr\u00e8me de soin bouclant pour enfants - 227g - NIRIGS","robots":{"index":"index","follow":"follow","max-snippet":"max-snippet:-1","max-image-preview":"max-image-preview:large","max-video-preview":"max-video-preview:-1"},"canonical":"https:\/\/nirigs.com\/en\/product\/cantu-creme-de-soin-bouclant-pour-enfants-227g\/","og_locale":"en_US","og_type":"article","og_title":"Cantu - Cr\u00e8me de soin bouclant pour enfants - 227g - NIRIGS","og_description":"Cantu Kids est le m\u00e9lange parfait de pur beurre de karit\u00e9, d'huile de coco et de miel. Nourrissez les boucles et les ondulations fragiles avec le soin doux pour cheveux textur\u00e9s de Cantu.","og_url":"https:\/\/nirigs.com\/en\/product\/cantu-creme-de-soin-bouclant-pour-enfants-227g\/","og_site_name":"NIRIGS","article_modified_time":"2026-03-06T15:01:01+00:00","og_image":[{"width":1000,"height":1000,"url":"https:\/\/nirigs.com\/wp-content\/uploads\/2023\/12\/Cantu-\u2013-Creme-de-soin-bouclant-pour-enfants-\u2013-227g.jpg","type":"image\/jpeg"}],"twitter_card":"summary_large_image","twitter_misc":{"Est. reading time":"2 minutes"},"schema":{"@context":"https:\/\/schema.org","@graph":[{"@type":"WebPage","@id":"https:\/\/nirigs.com\/product\/cantu-creme-de-soin-bouclant-pour-enfants-227g\/","url":"https:\/\/nirigs.com\/product\/cantu-creme-de-soin-bouclant-pour-enfants-227g\/","name":"Cantu - Cr\u00e8me de soin bouclant pour enfants - 227g - NIRIGS","isPartOf":{"@id":"https:\/\/nirigs.com\/#website"},"primaryImageOfPage":{"@id":"https:\/\/nirigs.com\/product\/cantu-creme-de-soin-bouclant-pour-enfants-227g\/#primaryimage"},"image":{"@id":"https:\/\/nirigs.com\/product\/cantu-creme-de-soin-bouclant-pour-enfants-227g\/#primaryimage"},"thumbnailUrl":"https:\/\/nirigs.com\/wp-content\/uploads\/2023\/12\/Cantu-\u2013-Creme-de-soin-bouclant-pour-enfants-\u2013-227g.jpg","datePublished":"2023-12-03T17:24:12+00:00","dateModified":"2026-03-06T15:01:01+00:00","breadcrumb":{"@id":"https:\/\/nirigs.com\/product\/cantu-creme-de-soin-bouclant-pour-enfants-227g\/#breadcrumb"},"inLanguage":"en-US","potentialAction":[{"@type":"ReadAction","target":["https:\/\/nirigs.com\/product\/cantu-creme-de-soin-bouclant-pour-enfants-227g\/"]}]},{"@type":"ImageObject","inLanguage":"en-US","@id":"https:\/\/nirigs.com\/product\/cantu-creme-de-soin-bouclant-pour-enfants-227g\/#primaryimage","url":"https:\/\/nirigs.com\/wp-content\/uploads\/2023\/12\/Cantu-\u2013-Creme-de-soin-bouclant-pour-enfants-\u2013-227g.jpg","contentUrl":"https:\/\/nirigs.com\/wp-content\/uploads\/2023\/12\/Cantu-\u2013-Creme-de-soin-bouclant-pour-enfants-\u2013-227g.jpg","width":1000,"height":1000},{"@type":"BreadcrumbList","@id":"https:\/\/nirigs.com\/product\/cantu-creme-de-soin-bouclant-pour-enfants-227g\/#breadcrumb","itemListElement":[{"@type":"ListItem","position":1,"name":"Home","item":"https:\/\/nirigs.com\/"},{"@type":"ListItem","position":2,"name":"Parcourir","item":"https:\/\/nirigs.com\/boutique\/"},{"@type":"ListItem","position":3,"name":"Cantu &#8211; Cr\u00e8me de soin bouclant pour enfants &#8211; 227g"}]},{"@type":"WebSite","@id":"https:\/\/nirigs.com\/#website","url":"https:\/\/nirigs.com\/","name":"Nirigs.com","description":"Simplifiez vos achats du quotidien \u00e0 Djibouti","publisher":{"@id":"https:\/\/nirigs.com\/#organization"},"potentialAction":[{"@type":"SearchAction","target":{"@type":"EntryPoint","urlTemplate":"https:\/\/nirigs.com\/?s={search_term_string}"},"query-input":{"@type":"PropertyValueSpecification","valueRequired":true,"valueName":"search_term_string"}}],"inLanguage":"en-US"},{"@type":"Organization","@id":"https:\/\/nirigs.com\/#organization","name":"Nirigs","url":"https:\/\/nirigs.com\/","logo":{"@type":"ImageObject","inLanguage":"en-US","@id":"https:\/\/nirigs.com\/#\/schema\/logo\/image\/","url":"https:\/\/nirigs.com\/wp-content\/uploads\/2025\/04\/Design-sans-titre-27.png","contentUrl":"https:\/\/nirigs.com\/wp-content\/uploads\/2025\/04\/Design-sans-titre-27.png","width":500,"height":500,"caption":"Nirigs"},"image":{"@id":"https:\/\/nirigs.com\/#\/schema\/logo\/image\/"}}]}},"brands":[{"id":758,"name":"Cantu","slug":"cantu"}],"_links":{"self":[{"href":"https:\/\/nirigs.com\/en\/wp-json\/wp\/v2\/product\/16899","targetHints":{"allow":["GET"]}}],"collection":[{"href":"https:\/\/nirigs.com\/en\/wp-json\/wp\/v2\/product"}],"about":[{"href":"https:\/\/nirigs.com\/en\/wp-json\/wp\/v2\/types\/product"}],"replies":[{"embeddable":true,"href":"https:\/\/nirigs.com\/en\/wp-json\/wp\/v2\/comments?post=16899"}],"version-history":[{"count":9,"href":"https:\/\/nirigs.com\/en\/wp-json\/wp\/v2\/product\/16899\/revisions"}],"predecessor-version":[{"id":24797,"href":"https:\/\/nirigs.com\/en\/wp-json\/wp\/v2\/product\/16899\/revisions\/24797"}],"wp:featuredmedia":[{"embeddable":true,"href":"https:\/\/nirigs.com\/en\/wp-json\/wp\/v2\/media\/24807"}],"wp:attachment":[{"href":"https:\/\/nirigs.com\/en\/wp-json\/wp\/v2\/media?parent=16899"}],"wp:term":[{"taxonomy":"pwb-brand","embeddable":true,"href":"https:\/\/nirigs.com\/en\/wp-json\/wp\/v2\/pwb-brand?post=16899"},{"taxonomy":"product_brand","embeddable":true,"href":"https:\/\/nirigs.com\/en\/wp-json\/wp\/v2\/product_brand?post=16899"},{"taxonomy":"product_cat","embeddable":true,"href":"https:\/\/nirigs.com\/en\/wp-json\/wp\/v2\/product_cat?post=16899"},{"taxonomy":"product_tag","embeddable":true,"href":"https:\/\/nirigs.com\/en\/wp-json\/wp\/v2\/product_tag?post=16899"}],"curies":[{"name":"wp","href":"https:\/\/api.w.org\/{rel}","templated":true}]}}