{"id":16890,"date":"2023-12-03T02:31:44","date_gmt":"2023-12-02T23:31:44","guid":{"rendered":"https:\/\/nirigs.com\/product\/cerave-anti-blemish-foaming-gel-foaming-gel-236ml\/"},"modified":"2025-06-06T04:19:38","modified_gmt":"2025-06-06T01:19:38","slug":"cerave-anti-blemish-foaming-gel-foaming-gel-236ml","status":"publish","type":"product","link":"https:\/\/nirigs.com\/en\/product\/cerave-anti-blemish-foaming-gel-foaming-gel-236ml\/","title":{"rendered":"Cerave - Acne Cleanser - 236 ml"},"content":{"rendered":"<p>CeraVe Anti-Imperfections Foaming Gel deeply cleanses, purifies and helps eliminate pimples and blemishes from oily, blemish-prone and acne-prone skin: up to 29% fewer pimples after 2 weeks' use. Formulated with salicylic acid (BHA) and white clay, it exfoliates, unclogs pores, reduces excess sebum and has a mattifying effect (Sebum Control Technology).<\/p>\n<p>Enriched with 3 essential ceramides, hyaluronic acid and niacinamide, it moisturizes, restores the skin barrier, soothes and reduces redness and inflammation.<\/p>\n<p>This gel-textured cleanser transforms into a light foam when used. Formulated with gentle surfactants, it cleanses gently and can be used on face and body.<\/p>\n<p>Developed with dermatologists according to a strict formulation charter, this formula is skin-friendly with a physiological pH, fragrance-free, hypoallergenic and non-comedogenic.<\/p>\n<p>This cleanser is suitable for all types of acne-prone skin, even the most sensitive, and for daily use by teenagers and adults.<\/p>\n<h4>Use<\/h4>\n<ul>\n<li>Use on face and body morning and evening.<\/li>\n<li>Work into a lather on damp skin.<\/li>\n<li>Massage gently, avoiding the eye area. In case of contact, rinse immediately with plenty of water.<\/li>\n<li>Rinse after use and dry gently without rubbing.<\/li>\n<\/ul>\n<h4>Ingredients<\/h4>\n<p>AQUA \/ WATER, SODIUM LAUROYL SARCOSINATE, COCAMIDOPROPYL HYDROXYSULTAINE, GLYCERIN, NIACINAMIDE, SALICYLIC ACID, GLUCONOLACTONE, SODIUM METHYL COCOYL TAURATE, PEG-150 PENTAERYTHRITYL TETRASTEARATE, CERAMIDE NP, CERAMIDE AP, CERAMIDE EOP, CARBOMER, CALCIUM GLUCONATE, TRIETHYL CITRATE, SODIUM BENZOATE, SODIUM HYDROXIDE, SODIUM LAUROYL LACTYLATE, CHOLESTEROL, TETRASODIUM EDTA, CAPRYLYL GLYCOL, HYDROLYZED HYALURONIC ACID, TRISODIUM ETHYLENEDIAMINE DISUCCINATE, XANTHAN GUM, HECTORITE, PHYTOSPHINGOSINE, BENZOIC ACID (F.I.L. C274845\/2).<\/p>\n<p>&nbsp;<\/p>","protected":false},"excerpt":{"rendered":"<p>CeraVe \"Anti-Imperfections\" foaming gel is a deep-cleansing, purifying and pore-unclogging facial care product. It also reduces blackheads and eliminates imperfections and excess sebum.<\/p>","protected":false},"featured_media":24817,"comment_status":"open","ping_status":"closed","template":"","meta":[],"pwb-brand":[595],"product_brand":[],"product_cat":[267,1042,1029],"product_tag":[],"class_list":{"0":"post-16890","1":"product","2":"type-product","3":"status-publish","4":"has-post-thumbnail","6":"pwb-brand-cerave","7":"product_cat-beaute-et-soins","8":"product_cat-nettoyants-et-exfoliants-pour-le-visage","9":"product_cat-soins-pour-la-peau","11":"first","12":"instock","13":"shipping-taxable","14":"purchasable","15":"product-type-simple"},"yoast_head":"<!-- This site is optimized with the Yoast SEO plugin v27.4 - https:\/\/yoast.com\/product\/yoast-seo-wordpress\/ -->\n<title>Cerave - Nettoyant anti-acn\u00e9 - 236 ml - NIRIGS<\/title>\n<meta name=\"robots\" content=\"index, follow, max-snippet:-1, max-image-preview:large, max-video-preview:-1\" \/>\n<link rel=\"canonical\" href=\"https:\/\/nirigs.com\/en\/product\/cerave-anti-blemish-foaming-gel-foaming-gel-236ml\/\" \/>\n<meta property=\"og:locale\" content=\"en_US\" \/>\n<meta property=\"og:type\" content=\"article\" \/>\n<meta property=\"og:title\" content=\"Cerave - Nettoyant anti-acn\u00e9 - 236 ml - NIRIGS\" \/>\n<meta property=\"og:description\" content=\"Le gel moussant &quot;Anti-Imperfections&quot; CeraVe est un soin du visage qui nettoie en profondeur, purifie et d\u00e9sobstrue les pores. Il r\u00e9duit \u00e9galement les points noirs, \u00e9limine les imperfections et l&#039;exc\u00e8s de s\u00e9bum.\" \/>\n<meta property=\"og:url\" content=\"https:\/\/nirigs.com\/en\/product\/cerave-anti-blemish-foaming-gel-foaming-gel-236ml\/\" \/>\n<meta property=\"og:site_name\" content=\"NIRIGS\" \/>\n<meta property=\"article:modified_time\" content=\"2025-06-06T01:19:38+00:00\" \/>\n<meta property=\"og:image\" content=\"https:\/\/nirigs.com\/wp-content\/uploads\/2023\/12\/Cerave-\u2013-Nettoyant-anti-acne-\u2013-236-ml.jpg\" \/>\n\t<meta property=\"og:image:width\" content=\"1000\" \/>\n\t<meta property=\"og:image:height\" content=\"1000\" \/>\n\t<meta property=\"og:image:type\" content=\"image\/jpeg\" \/>\n<meta name=\"twitter:card\" content=\"summary_large_image\" \/>\n<meta name=\"twitter:label1\" content=\"Est. reading time\" \/>\n\t<meta name=\"twitter:data1\" content=\"1 minute\" \/>\n<script type=\"application\/ld+json\" class=\"yoast-schema-graph\">{\"@context\":\"https:\\\/\\\/schema.org\",\"@graph\":[{\"@type\":\"WebPage\",\"@id\":\"https:\\\/\\\/nirigs.com\\\/product\\\/cerave-anti-blemish-foaming-gel-foaming-gel-236ml\\\/\",\"url\":\"https:\\\/\\\/nirigs.com\\\/product\\\/cerave-anti-blemish-foaming-gel-foaming-gel-236ml\\\/\",\"name\":\"Cerave - Nettoyant anti-acn\u00e9 - 236 ml - NIRIGS\",\"isPartOf\":{\"@id\":\"https:\\\/\\\/nirigs.com\\\/#website\"},\"primaryImageOfPage\":{\"@id\":\"https:\\\/\\\/nirigs.com\\\/product\\\/cerave-anti-blemish-foaming-gel-foaming-gel-236ml\\\/#primaryimage\"},\"image\":{\"@id\":\"https:\\\/\\\/nirigs.com\\\/product\\\/cerave-anti-blemish-foaming-gel-foaming-gel-236ml\\\/#primaryimage\"},\"thumbnailUrl\":\"https:\\\/\\\/nirigs.com\\\/wp-content\\\/uploads\\\/2023\\\/12\\\/Cerave-\u2013-Nettoyant-anti-acne-\u2013-236-ml.jpg\",\"datePublished\":\"2023-12-02T23:31:44+00:00\",\"dateModified\":\"2025-06-06T01:19:38+00:00\",\"breadcrumb\":{\"@id\":\"https:\\\/\\\/nirigs.com\\\/product\\\/cerave-anti-blemish-foaming-gel-foaming-gel-236ml\\\/#breadcrumb\"},\"inLanguage\":\"en-US\",\"potentialAction\":[{\"@type\":\"ReadAction\",\"target\":[\"https:\\\/\\\/nirigs.com\\\/product\\\/cerave-anti-blemish-foaming-gel-foaming-gel-236ml\\\/\"]}]},{\"@type\":\"ImageObject\",\"inLanguage\":\"en-US\",\"@id\":\"https:\\\/\\\/nirigs.com\\\/product\\\/cerave-anti-blemish-foaming-gel-foaming-gel-236ml\\\/#primaryimage\",\"url\":\"https:\\\/\\\/nirigs.com\\\/wp-content\\\/uploads\\\/2023\\\/12\\\/Cerave-\u2013-Nettoyant-anti-acne-\u2013-236-ml.jpg\",\"contentUrl\":\"https:\\\/\\\/nirigs.com\\\/wp-content\\\/uploads\\\/2023\\\/12\\\/Cerave-\u2013-Nettoyant-anti-acne-\u2013-236-ml.jpg\",\"width\":1000,\"height\":1000},{\"@type\":\"BreadcrumbList\",\"@id\":\"https:\\\/\\\/nirigs.com\\\/product\\\/cerave-anti-blemish-foaming-gel-foaming-gel-236ml\\\/#breadcrumb\",\"itemListElement\":[{\"@type\":\"ListItem\",\"position\":1,\"name\":\"Home\",\"item\":\"https:\\\/\\\/nirigs.com\\\/\"},{\"@type\":\"ListItem\",\"position\":2,\"name\":\"Parcourir\",\"item\":\"https:\\\/\\\/nirigs.com\\\/boutique\\\/\"},{\"@type\":\"ListItem\",\"position\":3,\"name\":\"Cerave &#8211; Nettoyant anti-acn\u00e9 &#8211; 236 ml\"}]},{\"@type\":\"WebSite\",\"@id\":\"https:\\\/\\\/nirigs.com\\\/#website\",\"url\":\"https:\\\/\\\/nirigs.com\\\/\",\"name\":\"Nirigs.com\",\"description\":\"Simplifiez vos achats du quotidien \u00e0 Djibouti\",\"publisher\":{\"@id\":\"https:\\\/\\\/nirigs.com\\\/#organization\"},\"potentialAction\":[{\"@type\":\"SearchAction\",\"target\":{\"@type\":\"EntryPoint\",\"urlTemplate\":\"https:\\\/\\\/nirigs.com\\\/?s={search_term_string}\"},\"query-input\":{\"@type\":\"PropertyValueSpecification\",\"valueRequired\":true,\"valueName\":\"search_term_string\"}}],\"inLanguage\":\"en-US\"},{\"@type\":\"Organization\",\"@id\":\"https:\\\/\\\/nirigs.com\\\/#organization\",\"name\":\"Nirigs\",\"url\":\"https:\\\/\\\/nirigs.com\\\/\",\"logo\":{\"@type\":\"ImageObject\",\"inLanguage\":\"en-US\",\"@id\":\"https:\\\/\\\/nirigs.com\\\/#\\\/schema\\\/logo\\\/image\\\/\",\"url\":\"https:\\\/\\\/nirigs.com\\\/wp-content\\\/uploads\\\/2025\\\/04\\\/Design-sans-titre-27.png\",\"contentUrl\":\"https:\\\/\\\/nirigs.com\\\/wp-content\\\/uploads\\\/2025\\\/04\\\/Design-sans-titre-27.png\",\"width\":500,\"height\":500,\"caption\":\"Nirigs\"},\"image\":{\"@id\":\"https:\\\/\\\/nirigs.com\\\/#\\\/schema\\\/logo\\\/image\\\/\"}}]}<\/script>\n<!-- \/ Yoast SEO plugin. -->","yoast_head_json":{"title":"Cerave - Nettoyant anti-acn\u00e9 - 236 ml - NIRIGS","robots":{"index":"index","follow":"follow","max-snippet":"max-snippet:-1","max-image-preview":"max-image-preview:large","max-video-preview":"max-video-preview:-1"},"canonical":"https:\/\/nirigs.com\/en\/product\/cerave-anti-blemish-foaming-gel-foaming-gel-236ml\/","og_locale":"en_US","og_type":"article","og_title":"Cerave - Nettoyant anti-acn\u00e9 - 236 ml - NIRIGS","og_description":"Le gel moussant \"Anti-Imperfections\" CeraVe est un soin du visage qui nettoie en profondeur, purifie et d\u00e9sobstrue les pores. Il r\u00e9duit \u00e9galement les points noirs, \u00e9limine les imperfections et l'exc\u00e8s de s\u00e9bum.","og_url":"https:\/\/nirigs.com\/en\/product\/cerave-anti-blemish-foaming-gel-foaming-gel-236ml\/","og_site_name":"NIRIGS","article_modified_time":"2025-06-06T01:19:38+00:00","og_image":[{"width":1000,"height":1000,"url":"https:\/\/nirigs.com\/wp-content\/uploads\/2023\/12\/Cerave-\u2013-Nettoyant-anti-acne-\u2013-236-ml.jpg","type":"image\/jpeg"}],"twitter_card":"summary_large_image","twitter_misc":{"Est. reading time":"1 minute"},"schema":{"@context":"https:\/\/schema.org","@graph":[{"@type":"WebPage","@id":"https:\/\/nirigs.com\/product\/cerave-anti-blemish-foaming-gel-foaming-gel-236ml\/","url":"https:\/\/nirigs.com\/product\/cerave-anti-blemish-foaming-gel-foaming-gel-236ml\/","name":"Cerave - Nettoyant anti-acn\u00e9 - 236 ml - NIRIGS","isPartOf":{"@id":"https:\/\/nirigs.com\/#website"},"primaryImageOfPage":{"@id":"https:\/\/nirigs.com\/product\/cerave-anti-blemish-foaming-gel-foaming-gel-236ml\/#primaryimage"},"image":{"@id":"https:\/\/nirigs.com\/product\/cerave-anti-blemish-foaming-gel-foaming-gel-236ml\/#primaryimage"},"thumbnailUrl":"https:\/\/nirigs.com\/wp-content\/uploads\/2023\/12\/Cerave-\u2013-Nettoyant-anti-acne-\u2013-236-ml.jpg","datePublished":"2023-12-02T23:31:44+00:00","dateModified":"2025-06-06T01:19:38+00:00","breadcrumb":{"@id":"https:\/\/nirigs.com\/product\/cerave-anti-blemish-foaming-gel-foaming-gel-236ml\/#breadcrumb"},"inLanguage":"en-US","potentialAction":[{"@type":"ReadAction","target":["https:\/\/nirigs.com\/product\/cerave-anti-blemish-foaming-gel-foaming-gel-236ml\/"]}]},{"@type":"ImageObject","inLanguage":"en-US","@id":"https:\/\/nirigs.com\/product\/cerave-anti-blemish-foaming-gel-foaming-gel-236ml\/#primaryimage","url":"https:\/\/nirigs.com\/wp-content\/uploads\/2023\/12\/Cerave-\u2013-Nettoyant-anti-acne-\u2013-236-ml.jpg","contentUrl":"https:\/\/nirigs.com\/wp-content\/uploads\/2023\/12\/Cerave-\u2013-Nettoyant-anti-acne-\u2013-236-ml.jpg","width":1000,"height":1000},{"@type":"BreadcrumbList","@id":"https:\/\/nirigs.com\/product\/cerave-anti-blemish-foaming-gel-foaming-gel-236ml\/#breadcrumb","itemListElement":[{"@type":"ListItem","position":1,"name":"Home","item":"https:\/\/nirigs.com\/"},{"@type":"ListItem","position":2,"name":"Parcourir","item":"https:\/\/nirigs.com\/boutique\/"},{"@type":"ListItem","position":3,"name":"Cerave &#8211; Nettoyant anti-acn\u00e9 &#8211; 236 ml"}]},{"@type":"WebSite","@id":"https:\/\/nirigs.com\/#website","url":"https:\/\/nirigs.com\/","name":"Nirigs.com","description":"Simplifiez vos achats du quotidien \u00e0 Djibouti","publisher":{"@id":"https:\/\/nirigs.com\/#organization"},"potentialAction":[{"@type":"SearchAction","target":{"@type":"EntryPoint","urlTemplate":"https:\/\/nirigs.com\/?s={search_term_string}"},"query-input":{"@type":"PropertyValueSpecification","valueRequired":true,"valueName":"search_term_string"}}],"inLanguage":"en-US"},{"@type":"Organization","@id":"https:\/\/nirigs.com\/#organization","name":"Nirigs","url":"https:\/\/nirigs.com\/","logo":{"@type":"ImageObject","inLanguage":"en-US","@id":"https:\/\/nirigs.com\/#\/schema\/logo\/image\/","url":"https:\/\/nirigs.com\/wp-content\/uploads\/2025\/04\/Design-sans-titre-27.png","contentUrl":"https:\/\/nirigs.com\/wp-content\/uploads\/2025\/04\/Design-sans-titre-27.png","width":500,"height":500,"caption":"Nirigs"},"image":{"@id":"https:\/\/nirigs.com\/#\/schema\/logo\/image\/"}}]}},"brands":[{"id":595,"name":"Cerave","slug":"cerave"}],"_links":{"self":[{"href":"https:\/\/nirigs.com\/en\/wp-json\/wp\/v2\/product\/16890","targetHints":{"allow":["GET"]}}],"collection":[{"href":"https:\/\/nirigs.com\/en\/wp-json\/wp\/v2\/product"}],"about":[{"href":"https:\/\/nirigs.com\/en\/wp-json\/wp\/v2\/types\/product"}],"replies":[{"embeddable":true,"href":"https:\/\/nirigs.com\/en\/wp-json\/wp\/v2\/comments?post=16890"}],"version-history":[{"count":10,"href":"https:\/\/nirigs.com\/en\/wp-json\/wp\/v2\/product\/16890\/revisions"}],"predecessor-version":[{"id":24809,"href":"https:\/\/nirigs.com\/en\/wp-json\/wp\/v2\/product\/16890\/revisions\/24809"}],"wp:featuredmedia":[{"embeddable":true,"href":"https:\/\/nirigs.com\/en\/wp-json\/wp\/v2\/media\/24817"}],"wp:attachment":[{"href":"https:\/\/nirigs.com\/en\/wp-json\/wp\/v2\/media?parent=16890"}],"wp:term":[{"taxonomy":"pwb-brand","embeddable":true,"href":"https:\/\/nirigs.com\/en\/wp-json\/wp\/v2\/pwb-brand?post=16890"},{"taxonomy":"product_brand","embeddable":true,"href":"https:\/\/nirigs.com\/en\/wp-json\/wp\/v2\/product_brand?post=16890"},{"taxonomy":"product_cat","embeddable":true,"href":"https:\/\/nirigs.com\/en\/wp-json\/wp\/v2\/product_cat?post=16890"},{"taxonomy":"product_tag","embeddable":true,"href":"https:\/\/nirigs.com\/en\/wp-json\/wp\/v2\/product_tag?post=16890"}],"curies":[{"name":"wp","href":"https:\/\/api.w.org\/{rel}","templated":true}]}}