{"id":16878,"date":"2023-12-03T01:55:50","date_gmt":"2023-12-02T22:55:50","guid":{"rendered":"https:\/\/nirigs.com\/product\/mielle-fortifying-shampoo-with-rosemary-and-mint-infused-with-biotin\/"},"modified":"2026-02-24T21:30:15","modified_gmt":"2026-02-24T18:30:15","slug":"mielle-fortifying-shampoo-with-rosemary-and-mint-infused-with-biotin","status":"publish","type":"product","link":"https:\/\/nirigs.com\/en\/product\/mielle-fortifying-shampoo-with-rosemary-and-mint-infused-with-biotin\/","title":{"rendered":"Mielle - Strengthening Shampoo with Rosemary and Mint - Infused with Biotin - 355 ml"},"content":{"rendered":"<p>Le shampooing fortifiant au romarin et \u00e0 la menthe de Mielle est con\u00e7u pour nettoyer en douceur vos cheveux tout en leur apportant les nutriments essentiels. Gr\u00e2ce \u00e0 la biotine fortifiante pour les cheveux et aux ingr\u00e9dients certifi\u00e9s biologiques comme l&rsquo;huile de coco et l&rsquo;huile de graines de babassu, vous pouvez redonner une nouvelle vie aux cheveux fragiles ou cassants. Non seulement ce shampoing fortifiant est agr\u00e9able au toucher et \u00e0 l&rsquo;odeur, mais il procure une hydratation intense \u00e0 tous les types de cheveux, ainsi qu&rsquo;une glisse in\u00e9gal\u00e9e. Une petite quantit\u00e9 suffit, et elle se marie parfaitement avec notre masque capillaire fortifiant \u00e0 la menthe et au romarin.<\/p>\n<ul>\n<li>Infus\u00e9 de biotine<\/li>\n<li>Nettoie en douceur et prot\u00e8ge les cheveux<\/li>\n<li>\u00c7a sent bon !<\/li>\n<\/ul>\n<h4>Use<\/h4>\n<ul>\n<li>Appliquez une noisette de Shampoing de\u00a0Mielle Organics\u00a0sur cheveux mouill\u00e9s.<\/li>\n<li>Rinse thoroughly.<\/li>\n<li>R\u00e9p\u00e9tez l\u2019op\u00e9ration<\/li>\n<\/ul>\n<h4>Ingredient<\/h4>\n<p>Water (Aqua, Eau), Sodium C14-16 Olefin Sulfonate, Cocamidopropyl Betaine, Polyquaternium-7, Cocamide MIPA, Glycol Stearate, Polyquaternium-10, Panthenol, Propylene Glycol, Mentha Piperita (Peppermint) Oil, Rosmarinus Officinalis (Rosemary) Leaf Oil, Disodium EDTA, Phytantriol, *Orbignya Oleifera (Babassu) Seed Oil, *Zingiber Officinale (Ginger) Root Oil, *Cocos Nucifera (Coconut) Oil, Equisetum Arvense (Horsetail Grass) Extract, Lawsonia Inermis (Henna) Extract, Rosmarinus Officinalis (Rosemary) Leaves Extract, Anthemis Nobilis (Chamomile) Flower Extract, Symphytum Officinale (Comfrey) Leaves Extract, Humulus Lupulus (Hops) Extract, Urtica Dioica (Nettle) Extract, Honey, Biotin, Ricinus Communis (Castor) Seed Oil, Phenoxyethanol, Benzoic Acid, Ethylhexylglycerin, Glycereth-2 Cocoate, Fragrance (Parfum)<\/p>","protected":false},"excerpt":{"rendered":"<p>Nourrissez et nettoyez les cheveux secs, faibles ou cassants avec ce shampooing fortifiant pour le cuir chevelu.<\/p>","protected":false},"featured_media":24529,"comment_status":"open","ping_status":"closed","template":"","meta":[],"pwb-brand":[757],"product_brand":[],"product_cat":[267,1022,1026,1024],"product_tag":[],"class_list":{"0":"post-16878","1":"product","2":"type-product","3":"status-publish","4":"has-post-thumbnail","6":"pwb-brand-mielle","7":"product_cat-beaute-et-soins","8":"product_cat-coiffures-et-soins-des-cheveux","9":"product_cat-shampooings","10":"product_cat-soins-des-cheveux","12":"first","13":"outofstock","14":"shipping-taxable","15":"purchasable","16":"product-type-simple"},"yoast_head":"<!-- This site is optimized with the Yoast SEO plugin v27.1.1 - https:\/\/yoast.com\/product\/yoast-seo-wordpress\/ -->\n<title>Mielle - Shampoing fortifiant au Romarin et Menthe - Infus\u00e9 \u00e0 la Biotine - 355 ml - NIRIGS<\/title>\n<meta name=\"robots\" content=\"index, follow, max-snippet:-1, max-image-preview:large, max-video-preview:-1\" \/>\n<link rel=\"canonical\" href=\"https:\/\/nirigs.com\/en\/product\/mielle-fortifying-shampoo-with-rosemary-and-mint-infused-with-biotin\/\" \/>\n<meta property=\"og:locale\" content=\"en_US\" \/>\n<meta property=\"og:type\" content=\"article\" \/>\n<meta property=\"og:title\" content=\"Mielle - Shampoing fortifiant au Romarin et Menthe - Infus\u00e9 \u00e0 la Biotine - 355 ml - NIRIGS\" \/>\n<meta property=\"og:description\" content=\"Nourrissez et nettoyez les cheveux secs, faibles ou cassants avec ce shampooing fortifiant pour le cuir chevelu.\" \/>\n<meta property=\"og:url\" content=\"https:\/\/nirigs.com\/en\/product\/mielle-fortifying-shampoo-with-rosemary-and-mint-infused-with-biotin\/\" \/>\n<meta property=\"og:site_name\" content=\"NIRIGS\" \/>\n<meta property=\"article:modified_time\" content=\"2026-02-24T18:30:15+00:00\" \/>\n<meta property=\"og:image\" content=\"https:\/\/nirigs.com\/wp-content\/uploads\/2023\/12\/Mielle-\u2013-Shampoing-fortifiant-au-Romarin-et-Menthe-\u2013-Infuse-a-la-Biotine-\u2013-355-ml.jpg\" \/>\n\t<meta property=\"og:image:width\" content=\"1000\" \/>\n\t<meta property=\"og:image:height\" content=\"1000\" \/>\n\t<meta property=\"og:image:type\" content=\"image\/jpeg\" \/>\n<meta name=\"twitter:card\" content=\"summary_large_image\" \/>\n<meta name=\"twitter:label1\" content=\"Est. reading time\" \/>\n\t<meta name=\"twitter:data1\" content=\"2 minutes\" \/>\n<script type=\"application\/ld+json\" class=\"yoast-schema-graph\">{\"@context\":\"https:\/\/schema.org\",\"@graph\":[{\"@type\":\"WebPage\",\"@id\":\"https:\/\/nirigs.com\/product\/mielle-fortifying-shampoo-with-rosemary-and-mint-infused-with-biotin\/\",\"url\":\"https:\/\/nirigs.com\/product\/mielle-fortifying-shampoo-with-rosemary-and-mint-infused-with-biotin\/\",\"name\":\"Mielle - Shampoing fortifiant au Romarin et Menthe - Infus\u00e9 \u00e0 la Biotine - 355 ml - NIRIGS\",\"isPartOf\":{\"@id\":\"https:\/\/nirigs.com\/#website\"},\"primaryImageOfPage\":{\"@id\":\"https:\/\/nirigs.com\/product\/mielle-fortifying-shampoo-with-rosemary-and-mint-infused-with-biotin\/#primaryimage\"},\"image\":{\"@id\":\"https:\/\/nirigs.com\/product\/mielle-fortifying-shampoo-with-rosemary-and-mint-infused-with-biotin\/#primaryimage\"},\"thumbnailUrl\":\"https:\/\/nirigs.com\/wp-content\/uploads\/2023\/12\/Mielle-\u2013-Shampoing-fortifiant-au-Romarin-et-Menthe-\u2013-Infuse-a-la-Biotine-\u2013-355-ml.jpg\",\"datePublished\":\"2023-12-02T22:55:50+00:00\",\"dateModified\":\"2026-02-24T18:30:15+00:00\",\"breadcrumb\":{\"@id\":\"https:\/\/nirigs.com\/product\/mielle-fortifying-shampoo-with-rosemary-and-mint-infused-with-biotin\/#breadcrumb\"},\"inLanguage\":\"en-US\",\"potentialAction\":[{\"@type\":\"ReadAction\",\"target\":[\"https:\/\/nirigs.com\/product\/mielle-fortifying-shampoo-with-rosemary-and-mint-infused-with-biotin\/\"]}]},{\"@type\":\"ImageObject\",\"inLanguage\":\"en-US\",\"@id\":\"https:\/\/nirigs.com\/product\/mielle-fortifying-shampoo-with-rosemary-and-mint-infused-with-biotin\/#primaryimage\",\"url\":\"https:\/\/nirigs.com\/wp-content\/uploads\/2023\/12\/Mielle-\u2013-Shampoing-fortifiant-au-Romarin-et-Menthe-\u2013-Infuse-a-la-Biotine-\u2013-355-ml.jpg\",\"contentUrl\":\"https:\/\/nirigs.com\/wp-content\/uploads\/2023\/12\/Mielle-\u2013-Shampoing-fortifiant-au-Romarin-et-Menthe-\u2013-Infuse-a-la-Biotine-\u2013-355-ml.jpg\",\"width\":1000,\"height\":1000},{\"@type\":\"BreadcrumbList\",\"@id\":\"https:\/\/nirigs.com\/product\/mielle-fortifying-shampoo-with-rosemary-and-mint-infused-with-biotin\/#breadcrumb\",\"itemListElement\":[{\"@type\":\"ListItem\",\"position\":1,\"name\":\"Home\",\"item\":\"https:\/\/nirigs.com\/\"},{\"@type\":\"ListItem\",\"position\":2,\"name\":\"Parcourir\",\"item\":\"https:\/\/nirigs.com\/boutique\/\"},{\"@type\":\"ListItem\",\"position\":3,\"name\":\"Mielle &#8211; Shampoing fortifiant au Romarin et Menthe &#8211; Infus\u00e9 \u00e0 la Biotine &#8211; 355 ml\"}]},{\"@type\":\"WebSite\",\"@id\":\"https:\/\/nirigs.com\/#website\",\"url\":\"https:\/\/nirigs.com\/\",\"name\":\"Nirigs.com\",\"description\":\"Simplifiez vos achats du quotidien \u00e0 Djibouti\",\"publisher\":{\"@id\":\"https:\/\/nirigs.com\/#organization\"},\"potentialAction\":[{\"@type\":\"SearchAction\",\"target\":{\"@type\":\"EntryPoint\",\"urlTemplate\":\"https:\/\/nirigs.com\/?s={search_term_string}\"},\"query-input\":{\"@type\":\"PropertyValueSpecification\",\"valueRequired\":true,\"valueName\":\"search_term_string\"}}],\"inLanguage\":\"en-US\"},{\"@type\":\"Organization\",\"@id\":\"https:\/\/nirigs.com\/#organization\",\"name\":\"Nirigs\",\"url\":\"https:\/\/nirigs.com\/\",\"logo\":{\"@type\":\"ImageObject\",\"inLanguage\":\"en-US\",\"@id\":\"https:\/\/nirigs.com\/#\/schema\/logo\/image\/\",\"url\":\"https:\/\/nirigs.com\/wp-content\/uploads\/2025\/04\/Design-sans-titre-27.png\",\"contentUrl\":\"https:\/\/nirigs.com\/wp-content\/uploads\/2025\/04\/Design-sans-titre-27.png\",\"width\":500,\"height\":500,\"caption\":\"Nirigs\"},\"image\":{\"@id\":\"https:\/\/nirigs.com\/#\/schema\/logo\/image\/\"}}]}<\/script>\n<!-- \/ Yoast SEO plugin. -->","yoast_head_json":{"title":"Mielle - Shampoing fortifiant au Romarin et Menthe - Infus\u00e9 \u00e0 la Biotine - 355 ml - NIRIGS","robots":{"index":"index","follow":"follow","max-snippet":"max-snippet:-1","max-image-preview":"max-image-preview:large","max-video-preview":"max-video-preview:-1"},"canonical":"https:\/\/nirigs.com\/en\/product\/mielle-fortifying-shampoo-with-rosemary-and-mint-infused-with-biotin\/","og_locale":"en_US","og_type":"article","og_title":"Mielle - Shampoing fortifiant au Romarin et Menthe - Infus\u00e9 \u00e0 la Biotine - 355 ml - NIRIGS","og_description":"Nourrissez et nettoyez les cheveux secs, faibles ou cassants avec ce shampooing fortifiant pour le cuir chevelu.","og_url":"https:\/\/nirigs.com\/en\/product\/mielle-fortifying-shampoo-with-rosemary-and-mint-infused-with-biotin\/","og_site_name":"NIRIGS","article_modified_time":"2026-02-24T18:30:15+00:00","og_image":[{"width":1000,"height":1000,"url":"https:\/\/nirigs.com\/wp-content\/uploads\/2023\/12\/Mielle-\u2013-Shampoing-fortifiant-au-Romarin-et-Menthe-\u2013-Infuse-a-la-Biotine-\u2013-355-ml.jpg","type":"image\/jpeg"}],"twitter_card":"summary_large_image","twitter_misc":{"Est. reading time":"2 minutes"},"schema":{"@context":"https:\/\/schema.org","@graph":[{"@type":"WebPage","@id":"https:\/\/nirigs.com\/product\/mielle-fortifying-shampoo-with-rosemary-and-mint-infused-with-biotin\/","url":"https:\/\/nirigs.com\/product\/mielle-fortifying-shampoo-with-rosemary-and-mint-infused-with-biotin\/","name":"Mielle - Shampoing fortifiant au Romarin et Menthe - Infus\u00e9 \u00e0 la Biotine - 355 ml - NIRIGS","isPartOf":{"@id":"https:\/\/nirigs.com\/#website"},"primaryImageOfPage":{"@id":"https:\/\/nirigs.com\/product\/mielle-fortifying-shampoo-with-rosemary-and-mint-infused-with-biotin\/#primaryimage"},"image":{"@id":"https:\/\/nirigs.com\/product\/mielle-fortifying-shampoo-with-rosemary-and-mint-infused-with-biotin\/#primaryimage"},"thumbnailUrl":"https:\/\/nirigs.com\/wp-content\/uploads\/2023\/12\/Mielle-\u2013-Shampoing-fortifiant-au-Romarin-et-Menthe-\u2013-Infuse-a-la-Biotine-\u2013-355-ml.jpg","datePublished":"2023-12-02T22:55:50+00:00","dateModified":"2026-02-24T18:30:15+00:00","breadcrumb":{"@id":"https:\/\/nirigs.com\/product\/mielle-fortifying-shampoo-with-rosemary-and-mint-infused-with-biotin\/#breadcrumb"},"inLanguage":"en-US","potentialAction":[{"@type":"ReadAction","target":["https:\/\/nirigs.com\/product\/mielle-fortifying-shampoo-with-rosemary-and-mint-infused-with-biotin\/"]}]},{"@type":"ImageObject","inLanguage":"en-US","@id":"https:\/\/nirigs.com\/product\/mielle-fortifying-shampoo-with-rosemary-and-mint-infused-with-biotin\/#primaryimage","url":"https:\/\/nirigs.com\/wp-content\/uploads\/2023\/12\/Mielle-\u2013-Shampoing-fortifiant-au-Romarin-et-Menthe-\u2013-Infuse-a-la-Biotine-\u2013-355-ml.jpg","contentUrl":"https:\/\/nirigs.com\/wp-content\/uploads\/2023\/12\/Mielle-\u2013-Shampoing-fortifiant-au-Romarin-et-Menthe-\u2013-Infuse-a-la-Biotine-\u2013-355-ml.jpg","width":1000,"height":1000},{"@type":"BreadcrumbList","@id":"https:\/\/nirigs.com\/product\/mielle-fortifying-shampoo-with-rosemary-and-mint-infused-with-biotin\/#breadcrumb","itemListElement":[{"@type":"ListItem","position":1,"name":"Home","item":"https:\/\/nirigs.com\/"},{"@type":"ListItem","position":2,"name":"Parcourir","item":"https:\/\/nirigs.com\/boutique\/"},{"@type":"ListItem","position":3,"name":"Mielle &#8211; Shampoing fortifiant au Romarin et Menthe &#8211; Infus\u00e9 \u00e0 la Biotine &#8211; 355 ml"}]},{"@type":"WebSite","@id":"https:\/\/nirigs.com\/#website","url":"https:\/\/nirigs.com\/","name":"Nirigs.com","description":"Simplifiez vos achats du quotidien \u00e0 Djibouti","publisher":{"@id":"https:\/\/nirigs.com\/#organization"},"potentialAction":[{"@type":"SearchAction","target":{"@type":"EntryPoint","urlTemplate":"https:\/\/nirigs.com\/?s={search_term_string}"},"query-input":{"@type":"PropertyValueSpecification","valueRequired":true,"valueName":"search_term_string"}}],"inLanguage":"en-US"},{"@type":"Organization","@id":"https:\/\/nirigs.com\/#organization","name":"Nirigs","url":"https:\/\/nirigs.com\/","logo":{"@type":"ImageObject","inLanguage":"en-US","@id":"https:\/\/nirigs.com\/#\/schema\/logo\/image\/","url":"https:\/\/nirigs.com\/wp-content\/uploads\/2025\/04\/Design-sans-titre-27.png","contentUrl":"https:\/\/nirigs.com\/wp-content\/uploads\/2025\/04\/Design-sans-titre-27.png","width":500,"height":500,"caption":"Nirigs"},"image":{"@id":"https:\/\/nirigs.com\/#\/schema\/logo\/image\/"}}]}},"brands":[{"id":757,"name":"Honeyed","slug":"mielle"}],"_links":{"self":[{"href":"https:\/\/nirigs.com\/en\/wp-json\/wp\/v2\/product\/16878","targetHints":{"allow":["GET"]}}],"collection":[{"href":"https:\/\/nirigs.com\/en\/wp-json\/wp\/v2\/product"}],"about":[{"href":"https:\/\/nirigs.com\/en\/wp-json\/wp\/v2\/types\/product"}],"replies":[{"embeddable":true,"href":"https:\/\/nirigs.com\/en\/wp-json\/wp\/v2\/comments?post=16878"}],"version-history":[{"count":7,"href":"https:\/\/nirigs.com\/en\/wp-json\/wp\/v2\/product\/16878\/revisions"}],"predecessor-version":[{"id":26915,"href":"https:\/\/nirigs.com\/en\/wp-json\/wp\/v2\/product\/16878\/revisions\/26915"}],"wp:featuredmedia":[{"embeddable":true,"href":"https:\/\/nirigs.com\/en\/wp-json\/wp\/v2\/media\/24529"}],"wp:attachment":[{"href":"https:\/\/nirigs.com\/en\/wp-json\/wp\/v2\/media?parent=16878"}],"wp:term":[{"taxonomy":"pwb-brand","embeddable":true,"href":"https:\/\/nirigs.com\/en\/wp-json\/wp\/v2\/pwb-brand?post=16878"},{"taxonomy":"product_brand","embeddable":true,"href":"https:\/\/nirigs.com\/en\/wp-json\/wp\/v2\/product_brand?post=16878"},{"taxonomy":"product_cat","embeddable":true,"href":"https:\/\/nirigs.com\/en\/wp-json\/wp\/v2\/product_cat?post=16878"},{"taxonomy":"product_tag","embeddable":true,"href":"https:\/\/nirigs.com\/en\/wp-json\/wp\/v2\/product_tag?post=16878"}],"curies":[{"name":"wp","href":"https:\/\/api.w.org\/{rel}","templated":true}]}}