{"id":27907,"date":"2026-05-10T19:09:32","date_gmt":"2026-05-10T16:09:32","guid":{"rendered":"https:\/\/nirigs.com\/?post_type=product&#038;p=27907"},"modified":"2026-05-10T19:09:32","modified_gmt":"2026-05-10T16:09:32","slug":"bledina-mon-1er-boudoir-des-10-mois-6x4-sachets-120-g","status":"publish","type":"product","link":"https:\/\/nirigs.com\/ar\/product\/bledina-mon-1er-boudoir-des-10-mois-6x4-sachets-120-g\/","title":{"rendered":"Bl\u00e9dina &#8211; Mon 1er boudoir d\u00e8s 10 mois 6&#215;4 sachets &#8211; 120 g"},"content":{"rendered":"<p data-start=\"343\" data-end=\"547\">Les biscuits Mon 1er boudoir d\u00e8s 10 mois 120 g de <span class=\"hover:entity-accent entity-underline inline cursor-pointer align-baseline\"><span class=\"whitespace-normal\">Bl\u00e9dina<\/span><\/span> sont sp\u00e9cialement con\u00e7us pour accompagner les b\u00e9b\u00e9s dans la d\u00e9couverte de nouvelles textures et saveurs d\u00e8s 10 mois.<\/p>\n<p data-start=\"549\" data-end=\"781\">Pr\u00e9sent\u00e9s en 6 sachets pratiques de 4 biscuits, ils sont adapt\u00e9s aux petites mains et faciles \u00e0 emporter. Leur texture convient aux b\u00e9b\u00e9s dans le cadre de la diversification alimentaire et des premiers apprentissages de mastication.<\/p>\n<p data-start=\"783\" data-end=\"883\">Ces biscuits peuvent \u00eatre consomm\u00e9s lors des go\u00fbters ou des petits moments de pause dans la journ\u00e9e.<\/p>\n<h2 data-section-id=\"13571ds\" data-start=\"890\" data-end=\"925\">Les avantages de Mon 1er boudoir<\/h2>\n<ul data-start=\"927\" data-end=\"1135\">\n<li data-section-id=\"1g60a60\" data-start=\"927\" data-end=\"959\">Adapt\u00e9 aux b\u00e9b\u00e9s d\u00e8s 10 mois<\/li>\n<li data-section-id=\"1fjlxga\" data-start=\"960\" data-end=\"1002\">Format pratique en sachets individuels<\/li>\n<li data-section-id=\"11sbek0\" data-start=\"1003\" data-end=\"1041\">Texture adapt\u00e9e aux jeunes enfants<\/li>\n<li data-section-id=\"rpx4lm\" data-start=\"1042\" data-end=\"1063\">Facile \u00e0 emporter<\/li>\n<li data-section-id=\"1lwfxhv\" data-start=\"1064\" data-end=\"1104\">Id\u00e9al pour les go\u00fbters et collations<\/li>\n<li data-section-id=\"121omc2\" data-start=\"1105\" data-end=\"1135\">Contient de la vitamine B1<\/li>\n<\/ul>\n<h2 data-section-id=\"16oo88v\" data-start=\"1142\" data-end=\"1156\">\u0645\u0643\u0648\u0646\u0627\u062a<\/h2>\n<p data-start=\"1158\" data-end=\"1348\">Amidon de bl\u00e9 (gluten) 34,8 %, farine de bl\u00e9 (gluten) 27,8 %, sucre, \u0153ufs 26,1 %, huile de colza, poudres \u00e0 lever (carbonates d\u2019ammonium, tartrates de potassium), ar\u00f4me naturel, vitamine B1.<\/p>\n<h2 data-section-id=\"16dnkas\" data-start=\"1355\" data-end=\"1368\">Allerg\u00e8nes<\/h2>\n<p data-start=\"1370\" data-end=\"1475\">Contient du gluten (bl\u00e9) et des \u0153ufs.<br data-start=\"1407\" data-end=\"1410\" \/>Peut contenir des traces de soja, lait, fruits \u00e0 coque et s\u00e9same.<\/p>\n<h2 data-section-id=\"wnurfd\" data-start=\"1482\" data-end=\"1507\">Conseils d\u2019utilisation<\/h2>\n<p data-start=\"1509\" data-end=\"1652\">Donner ce biscuit uniquement \u00e0 un b\u00e9b\u00e9 assis, sous la surveillance d\u2019un adulte.<br data-start=\"1588\" data-end=\"1591\" \/>Veiller \u00e0 respecter les capacit\u00e9s de mastication de l\u2019enfant.<\/p>\n<h2 data-section-id=\"eqw8qz\" data-start=\"1659\" data-end=\"1686\">Conseils de conservation<\/h2>\n<p data-start=\"1688\" data-end=\"1772\">Conserver dans un endroit frais et sec.<br data-start=\"1727\" data-end=\"1730\" \/>Bien refermer les sachets apr\u00e8s ouverture.<\/p>\n<h2 data-section-id=\"hzodnu\" data-start=\"1779\" data-end=\"1804\">Information importante<\/h2>\n<p data-start=\"1806\" data-end=\"1908\">Ce produit s\u2019int\u00e8gre dans le cadre d\u2019une alimentation vari\u00e9e et \u00e9quilibr\u00e9e adapt\u00e9e aux jeunes enfants.<\/p>","protected":false},"excerpt":{"rendered":"<p>Les biscuits Mon 1er boudoir d\u00e8s 10 mois 120 g de Bl\u00e9dina sont sp\u00e9cialement con\u00e7us pour accompagner les b\u00e9b\u00e9s dans<\/p>","protected":false},"featured_media":27908,"comment_status":"open","ping_status":"closed","template":"","meta":[],"pwb-brand":[1176],"product_brand":[],"product_cat":[1060,274,275,1064,1322],"product_tag":[],"class_list":{"0":"post-27907","1":"product","2":"type-product","3":"status-publish","4":"has-post-thumbnail","6":"pwb-brand-bledina","7":"product_cat-alimentation-produits-bebes","8":"product_cat-bebe-et-famille","9":"product_cat-epicerie","10":"product_cat-gouters-et-desserts","11":"product_cat-petit-dejeuner","13":"first","14":"instock","15":"shipping-taxable","16":"purchasable","17":"product-type-simple"},"yoast_head":"<!-- This site is optimized with the Yoast SEO plugin v27.6 - https:\/\/yoast.com\/product\/yoast-seo-wordpress\/ -->\n<title>Bl\u00e9dina - Mon 1er boudoir d\u00e8s 10 mois 6x4 sachets - 120 g - NIRIGS<\/title>\n<meta name=\"description\" content=\"Commandez Bl\u00e9dina Mon 1er boudoir d\u00e8s 10 mois 120g \u00e0 Djibouti. Biscuits b\u00e9b\u00e9 pratiques avec livraison rapide et fiable sur Nirigs.\" \/>\n<meta name=\"robots\" content=\"index, follow, max-snippet:-1, max-image-preview:large, max-video-preview:-1\" \/>\n<link rel=\"canonical\" href=\"https:\/\/nirigs.com\/ar\/product\/bledina-mon-1er-boudoir-des-10-mois-6x4-sachets-120-g\/\" \/>\n<meta property=\"og:locale\" content=\"ar_AR\" \/>\n<meta property=\"og:type\" content=\"article\" \/>\n<meta property=\"og:title\" content=\"Bl\u00e9dina - Mon 1er boudoir d\u00e8s 10 mois 6x4 sachets - 120 g - NIRIGS\" \/>\n<meta property=\"og:description\" content=\"Commandez Bl\u00e9dina Mon 1er boudoir d\u00e8s 10 mois 120g \u00e0 Djibouti. Biscuits b\u00e9b\u00e9 pratiques avec livraison rapide et fiable sur Nirigs.\" \/>\n<meta property=\"og:url\" content=\"https:\/\/nirigs.com\/ar\/product\/bledina-mon-1er-boudoir-des-10-mois-6x4-sachets-120-g\/\" \/>\n<meta property=\"og:site_name\" content=\"NIRIGS\" \/>\n<meta property=\"og:image\" content=\"https:\/\/nirigs.com\/wp-content\/uploads\/2026\/05\/Bledina-Mon-1er-boudoir-des-10-mois-6x4-sachets-120-g.png\" \/>\n\t<meta property=\"og:image:width\" content=\"1000\" \/>\n\t<meta property=\"og:image:height\" content=\"1000\" \/>\n\t<meta property=\"og:image:type\" content=\"image\/png\" \/>\n<meta name=\"twitter:card\" content=\"summary_large_image\" \/>\n<meta name=\"twitter:label1\" content=\"\u0648\u0642\u062a \u0627\u0644\u0642\u0631\u0627\u0621\u0629 \u0627\u0644\u0645\u064f\u0642\u062f\u0651\u0631\" \/>\n\t<meta name=\"twitter:data1\" content=\"\u062f\u0642\u064a\u0642\u062a\u0627\u0646\" \/>\n<script type=\"application\/ld+json\" class=\"yoast-schema-graph\">{\"@context\":\"https:\\\/\\\/schema.org\",\"@graph\":[{\"@type\":\"WebPage\",\"@id\":\"https:\\\/\\\/nirigs.com\\\/product\\\/bledina-mon-1er-boudoir-des-10-mois-6x4-sachets-120-g\\\/\",\"url\":\"https:\\\/\\\/nirigs.com\\\/product\\\/bledina-mon-1er-boudoir-des-10-mois-6x4-sachets-120-g\\\/\",\"name\":\"Bl\u00e9dina - Mon 1er boudoir d\u00e8s 10 mois 6x4 sachets - 120 g - NIRIGS\",\"isPartOf\":{\"@id\":\"https:\\\/\\\/nirigs.com\\\/#website\"},\"primaryImageOfPage\":{\"@id\":\"https:\\\/\\\/nirigs.com\\\/product\\\/bledina-mon-1er-boudoir-des-10-mois-6x4-sachets-120-g\\\/#primaryimage\"},\"image\":{\"@id\":\"https:\\\/\\\/nirigs.com\\\/product\\\/bledina-mon-1er-boudoir-des-10-mois-6x4-sachets-120-g\\\/#primaryimage\"},\"thumbnailUrl\":\"https:\\\/\\\/nirigs.com\\\/wp-content\\\/uploads\\\/2026\\\/05\\\/Bledina-Mon-1er-boudoir-des-10-mois-6x4-sachets-120-g.png\",\"datePublished\":\"2026-05-10T16:09:32+00:00\",\"description\":\"Commandez Bl\u00e9dina Mon 1er boudoir d\u00e8s 10 mois 120g \u00e0 Djibouti. Biscuits b\u00e9b\u00e9 pratiques avec livraison rapide et fiable sur Nirigs.\",\"breadcrumb\":{\"@id\":\"https:\\\/\\\/nirigs.com\\\/product\\\/bledina-mon-1er-boudoir-des-10-mois-6x4-sachets-120-g\\\/#breadcrumb\"},\"inLanguage\":\"ar\",\"potentialAction\":[{\"@type\":\"ReadAction\",\"target\":[\"https:\\\/\\\/nirigs.com\\\/product\\\/bledina-mon-1er-boudoir-des-10-mois-6x4-sachets-120-g\\\/\"]}]},{\"@type\":\"ImageObject\",\"inLanguage\":\"ar\",\"@id\":\"https:\\\/\\\/nirigs.com\\\/product\\\/bledina-mon-1er-boudoir-des-10-mois-6x4-sachets-120-g\\\/#primaryimage\",\"url\":\"https:\\\/\\\/nirigs.com\\\/wp-content\\\/uploads\\\/2026\\\/05\\\/Bledina-Mon-1er-boudoir-des-10-mois-6x4-sachets-120-g.png\",\"contentUrl\":\"https:\\\/\\\/nirigs.com\\\/wp-content\\\/uploads\\\/2026\\\/05\\\/Bledina-Mon-1er-boudoir-des-10-mois-6x4-sachets-120-g.png\",\"width\":1000,\"height\":1000},{\"@type\":\"BreadcrumbList\",\"@id\":\"https:\\\/\\\/nirigs.com\\\/product\\\/bledina-mon-1er-boudoir-des-10-mois-6x4-sachets-120-g\\\/#breadcrumb\",\"itemListElement\":[{\"@type\":\"ListItem\",\"position\":1,\"name\":\"Home\",\"item\":\"https:\\\/\\\/nirigs.com\\\/\"},{\"@type\":\"ListItem\",\"position\":2,\"name\":\"Parcourir\",\"item\":\"https:\\\/\\\/nirigs.com\\\/boutique\\\/\"},{\"@type\":\"ListItem\",\"position\":3,\"name\":\"Bl\u00e9dina &#8211; Mon 1er boudoir d\u00e8s 10 mois 6&#215;4 sachets &#8211; 120 g\"}]},{\"@type\":\"WebSite\",\"@id\":\"https:\\\/\\\/nirigs.com\\\/#website\",\"url\":\"https:\\\/\\\/nirigs.com\\\/\",\"name\":\"Nirigs.com\",\"description\":\"Simplifiez vos achats du quotidien \u00e0 Djibouti\",\"publisher\":{\"@id\":\"https:\\\/\\\/nirigs.com\\\/#organization\"},\"potentialAction\":[{\"@type\":\"SearchAction\",\"target\":{\"@type\":\"EntryPoint\",\"urlTemplate\":\"https:\\\/\\\/nirigs.com\\\/?s={search_term_string}\"},\"query-input\":{\"@type\":\"PropertyValueSpecification\",\"valueRequired\":true,\"valueName\":\"search_term_string\"}}],\"inLanguage\":\"ar\"},{\"@type\":\"Organization\",\"@id\":\"https:\\\/\\\/nirigs.com\\\/#organization\",\"name\":\"Nirigs\",\"url\":\"https:\\\/\\\/nirigs.com\\\/\",\"logo\":{\"@type\":\"ImageObject\",\"inLanguage\":\"ar\",\"@id\":\"https:\\\/\\\/nirigs.com\\\/#\\\/schema\\\/logo\\\/image\\\/\",\"url\":\"https:\\\/\\\/nirigs.com\\\/wp-content\\\/uploads\\\/2025\\\/04\\\/Design-sans-titre-27.png\",\"contentUrl\":\"https:\\\/\\\/nirigs.com\\\/wp-content\\\/uploads\\\/2025\\\/04\\\/Design-sans-titre-27.png\",\"width\":500,\"height\":500,\"caption\":\"Nirigs\"},\"image\":{\"@id\":\"https:\\\/\\\/nirigs.com\\\/#\\\/schema\\\/logo\\\/image\\\/\"}}]}<\/script>\n<!-- \/ Yoast SEO plugin. -->","yoast_head_json":{"title":"Bl\u00e9dina - Mon 1er boudoir d\u00e8s 10 mois 6x4 sachets - 120 g - NIRIGS","description":"Commandez Bl\u00e9dina Mon 1er boudoir d\u00e8s 10 mois 120g \u00e0 Djibouti. Biscuits b\u00e9b\u00e9 pratiques avec livraison rapide et fiable sur Nirigs.","robots":{"index":"index","follow":"follow","max-snippet":"max-snippet:-1","max-image-preview":"max-image-preview:large","max-video-preview":"max-video-preview:-1"},"canonical":"https:\/\/nirigs.com\/ar\/product\/bledina-mon-1er-boudoir-des-10-mois-6x4-sachets-120-g\/","og_locale":"ar_AR","og_type":"article","og_title":"Bl\u00e9dina - Mon 1er boudoir d\u00e8s 10 mois 6x4 sachets - 120 g - NIRIGS","og_description":"Commandez Bl\u00e9dina Mon 1er boudoir d\u00e8s 10 mois 120g \u00e0 Djibouti. Biscuits b\u00e9b\u00e9 pratiques avec livraison rapide et fiable sur Nirigs.","og_url":"https:\/\/nirigs.com\/ar\/product\/bledina-mon-1er-boudoir-des-10-mois-6x4-sachets-120-g\/","og_site_name":"NIRIGS","og_image":[{"width":1000,"height":1000,"url":"https:\/\/nirigs.com\/wp-content\/uploads\/2026\/05\/Bledina-Mon-1er-boudoir-des-10-mois-6x4-sachets-120-g.png","type":"image\/png"}],"twitter_card":"summary_large_image","twitter_misc":{"\u0648\u0642\u062a \u0627\u0644\u0642\u0631\u0627\u0621\u0629 \u0627\u0644\u0645\u064f\u0642\u062f\u0651\u0631":"\u062f\u0642\u064a\u0642\u062a\u0627\u0646"},"schema":{"@context":"https:\/\/schema.org","@graph":[{"@type":"WebPage","@id":"https:\/\/nirigs.com\/product\/bledina-mon-1er-boudoir-des-10-mois-6x4-sachets-120-g\/","url":"https:\/\/nirigs.com\/product\/bledina-mon-1er-boudoir-des-10-mois-6x4-sachets-120-g\/","name":"Bl\u00e9dina - Mon 1er boudoir d\u00e8s 10 mois 6x4 sachets - 120 g - NIRIGS","isPartOf":{"@id":"https:\/\/nirigs.com\/#website"},"primaryImageOfPage":{"@id":"https:\/\/nirigs.com\/product\/bledina-mon-1er-boudoir-des-10-mois-6x4-sachets-120-g\/#primaryimage"},"image":{"@id":"https:\/\/nirigs.com\/product\/bledina-mon-1er-boudoir-des-10-mois-6x4-sachets-120-g\/#primaryimage"},"thumbnailUrl":"https:\/\/nirigs.com\/wp-content\/uploads\/2026\/05\/Bledina-Mon-1er-boudoir-des-10-mois-6x4-sachets-120-g.png","datePublished":"2026-05-10T16:09:32+00:00","description":"Commandez Bl\u00e9dina Mon 1er boudoir d\u00e8s 10 mois 120g \u00e0 Djibouti. Biscuits b\u00e9b\u00e9 pratiques avec livraison rapide et fiable sur Nirigs.","breadcrumb":{"@id":"https:\/\/nirigs.com\/product\/bledina-mon-1er-boudoir-des-10-mois-6x4-sachets-120-g\/#breadcrumb"},"inLanguage":"ar","potentialAction":[{"@type":"ReadAction","target":["https:\/\/nirigs.com\/product\/bledina-mon-1er-boudoir-des-10-mois-6x4-sachets-120-g\/"]}]},{"@type":"ImageObject","inLanguage":"ar","@id":"https:\/\/nirigs.com\/product\/bledina-mon-1er-boudoir-des-10-mois-6x4-sachets-120-g\/#primaryimage","url":"https:\/\/nirigs.com\/wp-content\/uploads\/2026\/05\/Bledina-Mon-1er-boudoir-des-10-mois-6x4-sachets-120-g.png","contentUrl":"https:\/\/nirigs.com\/wp-content\/uploads\/2026\/05\/Bledina-Mon-1er-boudoir-des-10-mois-6x4-sachets-120-g.png","width":1000,"height":1000},{"@type":"BreadcrumbList","@id":"https:\/\/nirigs.com\/product\/bledina-mon-1er-boudoir-des-10-mois-6x4-sachets-120-g\/#breadcrumb","itemListElement":[{"@type":"ListItem","position":1,"name":"Home","item":"https:\/\/nirigs.com\/"},{"@type":"ListItem","position":2,"name":"Parcourir","item":"https:\/\/nirigs.com\/boutique\/"},{"@type":"ListItem","position":3,"name":"Bl\u00e9dina &#8211; Mon 1er boudoir d\u00e8s 10 mois 6&#215;4 sachets &#8211; 120 g"}]},{"@type":"WebSite","@id":"https:\/\/nirigs.com\/#website","url":"https:\/\/nirigs.com\/","name":"Nirigs.com","description":"Simplifiez vos achats du quotidien \u00e0 Djibouti","publisher":{"@id":"https:\/\/nirigs.com\/#organization"},"potentialAction":[{"@type":"SearchAction","target":{"@type":"EntryPoint","urlTemplate":"https:\/\/nirigs.com\/?s={search_term_string}"},"query-input":{"@type":"PropertyValueSpecification","valueRequired":true,"valueName":"search_term_string"}}],"inLanguage":"ar"},{"@type":"Organization","@id":"https:\/\/nirigs.com\/#organization","name":"\u0646\u064a\u0631\u064a\u062c\u0633","url":"https:\/\/nirigs.com\/","logo":{"@type":"ImageObject","inLanguage":"ar","@id":"https:\/\/nirigs.com\/#\/schema\/logo\/image\/","url":"https:\/\/nirigs.com\/wp-content\/uploads\/2025\/04\/Design-sans-titre-27.png","contentUrl":"https:\/\/nirigs.com\/wp-content\/uploads\/2025\/04\/Design-sans-titre-27.png","width":500,"height":500,"caption":"Nirigs"},"image":{"@id":"https:\/\/nirigs.com\/#\/schema\/logo\/image\/"}}]}},"brands":[{"id":1176,"name":"Bl\u00e9dina","slug":"bledina"}],"_links":{"self":[{"href":"https:\/\/nirigs.com\/ar\/wp-json\/wp\/v2\/product\/27907","targetHints":{"allow":["GET"]}}],"collection":[{"href":"https:\/\/nirigs.com\/ar\/wp-json\/wp\/v2\/product"}],"about":[{"href":"https:\/\/nirigs.com\/ar\/wp-json\/wp\/v2\/types\/product"}],"replies":[{"embeddable":true,"href":"https:\/\/nirigs.com\/ar\/wp-json\/wp\/v2\/comments?post=27907"}],"version-history":[{"count":3,"href":"https:\/\/nirigs.com\/ar\/wp-json\/wp\/v2\/product\/27907\/revisions"}],"predecessor-version":[{"id":27913,"href":"https:\/\/nirigs.com\/ar\/wp-json\/wp\/v2\/product\/27907\/revisions\/27913"}],"wp:featuredmedia":[{"embeddable":true,"href":"https:\/\/nirigs.com\/ar\/wp-json\/wp\/v2\/media\/27908"}],"wp:attachment":[{"href":"https:\/\/nirigs.com\/ar\/wp-json\/wp\/v2\/media?parent=27907"}],"wp:term":[{"taxonomy":"pwb-brand","embeddable":true,"href":"https:\/\/nirigs.com\/ar\/wp-json\/wp\/v2\/pwb-brand?post=27907"},{"taxonomy":"product_brand","embeddable":true,"href":"https:\/\/nirigs.com\/ar\/wp-json\/wp\/v2\/product_brand?post=27907"},{"taxonomy":"product_cat","embeddable":true,"href":"https:\/\/nirigs.com\/ar\/wp-json\/wp\/v2\/product_cat?post=27907"},{"taxonomy":"product_tag","embeddable":true,"href":"https:\/\/nirigs.com\/ar\/wp-json\/wp\/v2\/product_tag?post=27907"}],"curies":[{"name":"wp","href":"https:\/\/api.w.org\/{rel}","templated":true}]}}