{"id":27862,"date":"2026-05-03T18:04:48","date_gmt":"2026-05-03T15:04:48","guid":{"rendered":"https:\/\/nirigs.com\/?post_type=product&#038;p=27862"},"modified":"2026-05-03T18:04:48","modified_gmt":"2026-05-03T15:04:48","slug":"bledina-phosphatine-multicereales-6-mois-et-190-g","status":"publish","type":"product","link":"https:\/\/nirigs.com\/ar\/product\/bledina-phosphatine-multicereales-6-mois-et-190-g\/","title":{"rendered":"Bl\u00e9dina &#8211; Phosphatine Multic\u00e9r\u00e9ales 6 mois et + &#8211; 190 g"},"content":{"rendered":"<p data-start=\"154\" data-end=\"481\">\u0647\u0646\u0627\u0643 <strong data-start=\"157\" data-end=\"253\">Bl\u00e9dina Phosphatine multic\u00e9r\u00e9ales 6 mois et + 190 g de <span class=\"hover:entity-accent entity-underline inline cursor-pointer align-baseline\"><span class=\"whitespace-normal\">Bl\u00e9dina<\/span><\/span><\/strong> est une pr\u00e9paration \u00e0 base de c\u00e9r\u00e9ales sp\u00e9cialement con\u00e7ue pour accompagner l\u2019alimentation des b\u00e9b\u00e9s d\u00e8s 6 mois. Sa recette multic\u00e9r\u00e9ales permet d\u2019introduire progressivement de nouvelles saveurs dans l\u2019alimentation de l\u2019enfant.<\/p>\n<p data-start=\"483\" data-end=\"746\">Facile \u00e0 pr\u00e9parer, cette phosphatine multic\u00e9r\u00e9ales s\u2019int\u00e8gre parfaitement dans les repas du quotidien, notamment au petit-d\u00e9jeuner ou au d\u00eener. Elle offre une solution pratique pour les parents souhaitant proposer une alimentation vari\u00e9e et adapt\u00e9e \u00e0 leur enfant.<\/p>\n<p data-start=\"748\" data-end=\"854\">Sa texture est pens\u00e9e pour \u00eatre adapt\u00e9e aux tout-petits, facilitant ainsi la consommation et la digestion.<\/p>\n<h2 data-section-id=\"1kvb86a\" data-start=\"861\" data-end=\"917\">Les avantages de la Bl\u00e9dina Phosphatine multic\u00e9r\u00e9ales<\/h2>\n<ul data-start=\"919\" data-end=\"1139\">\n<li data-section-id=\"vuhfuy\" data-start=\"919\" data-end=\"951\">Adapt\u00e9e aux b\u00e9b\u00e9s d\u00e8s 6 mois<\/li>\n<li data-section-id=\"7gluqq\" data-start=\"952\" data-end=\"1004\">Recette multic\u00e9r\u00e9ales pour varier l\u2019alimentation<\/li>\n<li data-section-id=\"v4bih5\" data-start=\"1005\" data-end=\"1037\">Pr\u00e9paration simple et rapide<\/li>\n<li data-section-id=\"11sbek0\" data-start=\"1038\" data-end=\"1076\">Texture adapt\u00e9e aux jeunes enfants<\/li>\n<li data-section-id=\"3ugv8r\" data-start=\"1077\" data-end=\"1102\">Format pratique 190 g<\/li>\n<li data-section-id=\"k3uc8g\" data-start=\"1103\" data-end=\"1139\">Id\u00e9ale pour les repas quotidiens<\/li>\n<\/ul>\n<h2 data-section-id=\"mi2fhn\" data-start=\"1146\" data-end=\"1181\">Apports nutritionnels essentiels<\/h2>\n<p data-start=\"1183\" data-end=\"1267\">Cette pr\u00e9paration contribue \u00e0 l\u2019apport de nutriments importants pour la croissance :<\/p>\n<ul data-start=\"1269\" data-end=\"1615\">\n<li data-section-id=\"xvpnai\" data-start=\"1269\" data-end=\"1325\">Riches en vitamines (A, D, E, C, B1, B3, B6, B8, B5)<\/li>\n<li data-section-id=\"rbn6yd\" data-start=\"1326\" data-end=\"1384\">Source de calcium, contribuant au d\u00e9veloppement des os<\/li>\n<li data-section-id=\"59n8ch\" data-start=\"1385\" data-end=\"1441\">Source de fer, contribuant au d\u00e9veloppement cognitif<\/li>\n<li data-section-id=\"1cn0dy8\" data-start=\"1442\" data-end=\"1514\">Source de zinc, participant au fonctionnement du syst\u00e8me immunitaire<\/li>\n<li data-section-id=\"15kl8ix\" data-start=\"1515\" data-end=\"1615\">Sans conservateur et sans colorant, conform\u00e9ment \u00e0 la r\u00e9glementation de l\u2019alimentation infantile<\/li>\n<\/ul>\n<h2>\u0645\u0643\u0648\u0646\u0627\u062a :<\/h2>\n<p><strong>INGR\u00c9DIENTS :\u00a0<\/strong>C\u00e9r\u00e9ales 79,3 % (farine de\u00a0<strong>BL\u00c9\u00a0<\/strong>77,3 %, farine de riz 1 %, farine de ma\u00efs 1 %) &#8211; Sucre &#8211; Amidon de ma\u00efs &#8211; Emulsifiant : l\u00e9cithine de\u00a0<strong>SOJA\u00a0<\/strong>\u2013 Ar\u00f4me (vanilline) &#8211; Vitamines : E, C, B1, B3, B6, B9, B8, B5 &#8211; Min\u00e9ral : fumarate de fer.<\/p>\n<p><strong>Allerg\u00e8nes :\u00a0GLUTEN, SOJA. TRACES DE LAIT.\u00a0<\/strong><\/p>\n<h2>\u062a\u0639\u0644\u064a\u0645\u0627\u062a :<\/h2>\n<div class=\"container responsivegrid p-space-3-b p-space-4-md-b\">\n<div class=\"container-wrapper\">\n<div id=\"container-7f0c4b3239\" class=\"cmp-container\">\n<div class=\"accordion panelcontainer\">\n<div id=\"accordion-f3a82f1c26\" class=\"cmp-accordion\" data-placeholder-text=\"faux\">\n<div id=\"accordion-f3a82f1c26-item-12ca8afbc4\" class=\"cmp-accordion__item\" data-cmp-hook-accordion=\"item\" data-cmp-expanded=\"\">\n<div id=\"accordion-f3a82f1c26-item-12ca8afbc4-panel\" class=\"cmp-accordion__panel cmp-accordion__panel--expanded\" role=\"region\" data-cmp-hook-accordion=\"panel\" aria-labelledby=\"accordion-f3a82f1c26-item-12ca8afbc4-button\" aria-hidden=\"false\">\n<div class=\"container responsivegrid\">\n<div class=\"container-wrapper\">\n<div id=\"container-12ca8afbc4\" class=\"cmp-container\">\n<div class=\"text body\">\n<div id=\"text-a99f0bb895\" class=\"cmp-text\">\n<p>Pr\u00e9parer et consommer le repas dans la demi-heure.<\/p>\n<ol>\n<li>Se laver les mains et v\u00e9rifier la propret\u00e9 des ustensiles.<\/li>\n<li>Verser 150ml de votre lait habituel (maternel ou lait de suite) ti\u00e9di dans un bol.<\/li>\n<li>Ajouter 5 cuill\u00e8res \u00e0 soupe de c\u00e9r\u00e9ales\u00a0Phosphatine\u00ae Nutrijoy.<\/li>\n<li>Remuer en rajoutant 1 cuill\u00e8re \u00e0 caf\u00e9 d&rsquo;huile de cuisine de votre choix.<\/li>\n<li>V\u00e9rifier la temp\u00e9rature.<\/li>\n<li>C&rsquo;est pr\u00eat !<\/li>\n<\/ol>\n<p>Refermer herm\u00e9tiquement le sachet avant de le ranger dans sa boite carton avec une pince \u00e0 linge, un \u00e9lastique, une pince alimentaire ou encore un bout de ruban adh\u00e9sif.\u200b<\/p>\n<p>\u200bAvant utilisation, conserver le carton dans un endroit propre, frais et sec. Apr\u00e8s utilisation, garder la bo\u00eete bien ferm\u00e9e \u00e0 l&rsquo;abri de la chaleur et de l&rsquo;humidit\u00e9 et consommez le produit dans les 4 semaines.\u200b<\/p>\n<\/div>\n<\/div>\n<\/div>\n<\/div>\n<\/div>\n<\/div>\n<\/div>\n<\/div>\n<\/div>\n<\/div>\n<\/div>\n<\/div>\n<div class=\"text\">\n<div id=\"text-586faf78fa\" class=\"cmp-text\">\n<p><i>Le lait maternel est l\u2019aliment id\u00e9al pour le nourrisson. Les c\u00e9r\u00e9ales Phosphatine\u00ae ne sont pas des substituts du lait maternel mais compl\u00e8tent l\u2019alimentation de l\u2019enfant \u00e0 partir de 6 mois dans le cadre d\u2019une alimentation \u00e9quilibr\u00e9e et vari\u00e9e. \u200bL\u2019introduction progressive du plat familial est recommand\u00e9e.<\/i><\/p>\n<\/div>\n<\/div>","protected":false},"excerpt":{"rendered":"<p>La Bl\u00e9dina Phosphatine multic\u00e9r\u00e9ales 6 mois et + 190 g de Bl\u00e9dina est une pr\u00e9paration \u00e0 base de c\u00e9r\u00e9ales sp\u00e9cialement<\/p>","protected":false},"featured_media":27864,"comment_status":"open","ping_status":"closed","template":"","meta":[],"pwb-brand":[1176],"product_brand":[],"product_cat":[1060,274,275,1322],"product_tag":[],"class_list":{"0":"post-27862","1":"product","2":"type-product","3":"status-publish","4":"has-post-thumbnail","6":"pwb-brand-bledina","7":"product_cat-alimentation-produits-bebes","8":"product_cat-bebe-et-famille","9":"product_cat-epicerie","10":"product_cat-petit-dejeuner","12":"first","13":"instock","14":"shipping-taxable","15":"purchasable","16":"product-type-simple"},"yoast_head":"<!-- This site is optimized with the Yoast SEO plugin v27.5 - https:\/\/yoast.com\/product\/yoast-seo-wordpress\/ -->\n<title>Bl\u00e9dina - Phosphatine Multic\u00e9r\u00e9ales 6 mois et + - 190 g - NIRIGS<\/title>\n<meta name=\"description\" content=\"Commandez Bl\u00e9dina Phosphatine multic\u00e9r\u00e9ales 190 g d\u00e8s 6 mois \u00e0 Djibouti. C\u00e9r\u00e9ales b\u00e9b\u00e9 pratiques et nutritives avec livraison rapide et fiable sur Nirigs.\" \/>\n<meta name=\"robots\" content=\"index, follow, max-snippet:-1, max-image-preview:large, max-video-preview:-1\" \/>\n<link rel=\"canonical\" href=\"https:\/\/nirigs.com\/ar\/product\/bledina-phosphatine-multicereales-6-mois-et-190-g\/\" \/>\n<meta property=\"og:locale\" content=\"ar_AR\" \/>\n<meta property=\"og:type\" content=\"article\" \/>\n<meta property=\"og:title\" content=\"Bl\u00e9dina - Phosphatine Multic\u00e9r\u00e9ales 6 mois et + - 190 g - NIRIGS\" \/>\n<meta property=\"og:description\" content=\"Commandez Bl\u00e9dina Phosphatine multic\u00e9r\u00e9ales 190 g d\u00e8s 6 mois \u00e0 Djibouti. C\u00e9r\u00e9ales b\u00e9b\u00e9 pratiques et nutritives avec livraison rapide et fiable sur Nirigs.\" \/>\n<meta property=\"og:url\" content=\"https:\/\/nirigs.com\/ar\/product\/bledina-phosphatine-multicereales-6-mois-et-190-g\/\" \/>\n<meta property=\"og:site_name\" content=\"NIRIGS\" \/>\n<meta property=\"og:image\" content=\"https:\/\/nirigs.com\/wp-content\/uploads\/2026\/05\/Bledina-Phosphatine-Multicereales-6-mois-et-190-g.png\" \/>\n\t<meta property=\"og:image:width\" content=\"1000\" \/>\n\t<meta property=\"og:image:height\" content=\"1000\" \/>\n\t<meta property=\"og:image:type\" content=\"image\/png\" \/>\n<meta name=\"twitter:card\" content=\"summary_large_image\" \/>\n<meta name=\"twitter:label1\" content=\"\u0648\u0642\u062a \u0627\u0644\u0642\u0631\u0627\u0621\u0629 \u0627\u0644\u0645\u064f\u0642\u062f\u0651\u0631\" \/>\n\t<meta name=\"twitter:data1\" content=\"3 \u062f\u0642\u0627\u0626\u0642\" \/>\n<script type=\"application\/ld+json\" class=\"yoast-schema-graph\">{\"@context\":\"https:\\\/\\\/schema.org\",\"@graph\":[{\"@type\":\"WebPage\",\"@id\":\"https:\\\/\\\/nirigs.com\\\/product\\\/bledina-phosphatine-multicereales-6-mois-et-190-g\\\/\",\"url\":\"https:\\\/\\\/nirigs.com\\\/product\\\/bledina-phosphatine-multicereales-6-mois-et-190-g\\\/\",\"name\":\"Bl\u00e9dina - Phosphatine Multic\u00e9r\u00e9ales 6 mois et + - 190 g - NIRIGS\",\"isPartOf\":{\"@id\":\"https:\\\/\\\/nirigs.com\\\/#website\"},\"primaryImageOfPage\":{\"@id\":\"https:\\\/\\\/nirigs.com\\\/product\\\/bledina-phosphatine-multicereales-6-mois-et-190-g\\\/#primaryimage\"},\"image\":{\"@id\":\"https:\\\/\\\/nirigs.com\\\/product\\\/bledina-phosphatine-multicereales-6-mois-et-190-g\\\/#primaryimage\"},\"thumbnailUrl\":\"https:\\\/\\\/nirigs.com\\\/wp-content\\\/uploads\\\/2026\\\/05\\\/Bledina-Phosphatine-Multicereales-6-mois-et-190-g.png\",\"datePublished\":\"2026-05-03T15:04:48+00:00\",\"description\":\"Commandez Bl\u00e9dina Phosphatine multic\u00e9r\u00e9ales 190 g d\u00e8s 6 mois \u00e0 Djibouti. C\u00e9r\u00e9ales b\u00e9b\u00e9 pratiques et nutritives avec livraison rapide et fiable sur Nirigs.\",\"breadcrumb\":{\"@id\":\"https:\\\/\\\/nirigs.com\\\/product\\\/bledina-phosphatine-multicereales-6-mois-et-190-g\\\/#breadcrumb\"},\"inLanguage\":\"ar\",\"potentialAction\":[{\"@type\":\"ReadAction\",\"target\":[\"https:\\\/\\\/nirigs.com\\\/product\\\/bledina-phosphatine-multicereales-6-mois-et-190-g\\\/\"]}]},{\"@type\":\"ImageObject\",\"inLanguage\":\"ar\",\"@id\":\"https:\\\/\\\/nirigs.com\\\/product\\\/bledina-phosphatine-multicereales-6-mois-et-190-g\\\/#primaryimage\",\"url\":\"https:\\\/\\\/nirigs.com\\\/wp-content\\\/uploads\\\/2026\\\/05\\\/Bledina-Phosphatine-Multicereales-6-mois-et-190-g.png\",\"contentUrl\":\"https:\\\/\\\/nirigs.com\\\/wp-content\\\/uploads\\\/2026\\\/05\\\/Bledina-Phosphatine-Multicereales-6-mois-et-190-g.png\",\"width\":1000,\"height\":1000},{\"@type\":\"BreadcrumbList\",\"@id\":\"https:\\\/\\\/nirigs.com\\\/product\\\/bledina-phosphatine-multicereales-6-mois-et-190-g\\\/#breadcrumb\",\"itemListElement\":[{\"@type\":\"ListItem\",\"position\":1,\"name\":\"Home\",\"item\":\"https:\\\/\\\/nirigs.com\\\/\"},{\"@type\":\"ListItem\",\"position\":2,\"name\":\"Parcourir\",\"item\":\"https:\\\/\\\/nirigs.com\\\/boutique\\\/\"},{\"@type\":\"ListItem\",\"position\":3,\"name\":\"Bl\u00e9dina &#8211; Phosphatine Multic\u00e9r\u00e9ales 6 mois et + &#8211; 190 g\"}]},{\"@type\":\"WebSite\",\"@id\":\"https:\\\/\\\/nirigs.com\\\/#website\",\"url\":\"https:\\\/\\\/nirigs.com\\\/\",\"name\":\"Nirigs.com\",\"description\":\"Simplifiez vos achats du quotidien \u00e0 Djibouti\",\"publisher\":{\"@id\":\"https:\\\/\\\/nirigs.com\\\/#organization\"},\"potentialAction\":[{\"@type\":\"SearchAction\",\"target\":{\"@type\":\"EntryPoint\",\"urlTemplate\":\"https:\\\/\\\/nirigs.com\\\/?s={search_term_string}\"},\"query-input\":{\"@type\":\"PropertyValueSpecification\",\"valueRequired\":true,\"valueName\":\"search_term_string\"}}],\"inLanguage\":\"ar\"},{\"@type\":\"Organization\",\"@id\":\"https:\\\/\\\/nirigs.com\\\/#organization\",\"name\":\"Nirigs\",\"url\":\"https:\\\/\\\/nirigs.com\\\/\",\"logo\":{\"@type\":\"ImageObject\",\"inLanguage\":\"ar\",\"@id\":\"https:\\\/\\\/nirigs.com\\\/#\\\/schema\\\/logo\\\/image\\\/\",\"url\":\"https:\\\/\\\/nirigs.com\\\/wp-content\\\/uploads\\\/2025\\\/04\\\/Design-sans-titre-27.png\",\"contentUrl\":\"https:\\\/\\\/nirigs.com\\\/wp-content\\\/uploads\\\/2025\\\/04\\\/Design-sans-titre-27.png\",\"width\":500,\"height\":500,\"caption\":\"Nirigs\"},\"image\":{\"@id\":\"https:\\\/\\\/nirigs.com\\\/#\\\/schema\\\/logo\\\/image\\\/\"}}]}<\/script>\n<!-- \/ Yoast SEO plugin. -->","yoast_head_json":{"title":"Bl\u00e9dina - Phosphatine Multic\u00e9r\u00e9ales 6 mois et + - 190 g - NIRIGS","description":"Commandez Bl\u00e9dina Phosphatine multic\u00e9r\u00e9ales 190 g d\u00e8s 6 mois \u00e0 Djibouti. C\u00e9r\u00e9ales b\u00e9b\u00e9 pratiques et nutritives avec livraison rapide et fiable sur Nirigs.","robots":{"index":"index","follow":"follow","max-snippet":"max-snippet:-1","max-image-preview":"max-image-preview:large","max-video-preview":"max-video-preview:-1"},"canonical":"https:\/\/nirigs.com\/ar\/product\/bledina-phosphatine-multicereales-6-mois-et-190-g\/","og_locale":"ar_AR","og_type":"article","og_title":"Bl\u00e9dina - Phosphatine Multic\u00e9r\u00e9ales 6 mois et + - 190 g - NIRIGS","og_description":"Commandez Bl\u00e9dina Phosphatine multic\u00e9r\u00e9ales 190 g d\u00e8s 6 mois \u00e0 Djibouti. C\u00e9r\u00e9ales b\u00e9b\u00e9 pratiques et nutritives avec livraison rapide et fiable sur Nirigs.","og_url":"https:\/\/nirigs.com\/ar\/product\/bledina-phosphatine-multicereales-6-mois-et-190-g\/","og_site_name":"NIRIGS","og_image":[{"width":1000,"height":1000,"url":"https:\/\/nirigs.com\/wp-content\/uploads\/2026\/05\/Bledina-Phosphatine-Multicereales-6-mois-et-190-g.png","type":"image\/png"}],"twitter_card":"summary_large_image","twitter_misc":{"\u0648\u0642\u062a \u0627\u0644\u0642\u0631\u0627\u0621\u0629 \u0627\u0644\u0645\u064f\u0642\u062f\u0651\u0631":"3 \u062f\u0642\u0627\u0626\u0642"},"schema":{"@context":"https:\/\/schema.org","@graph":[{"@type":"WebPage","@id":"https:\/\/nirigs.com\/product\/bledina-phosphatine-multicereales-6-mois-et-190-g\/","url":"https:\/\/nirigs.com\/product\/bledina-phosphatine-multicereales-6-mois-et-190-g\/","name":"Bl\u00e9dina - Phosphatine Multic\u00e9r\u00e9ales 6 mois et + - 190 g - NIRIGS","isPartOf":{"@id":"https:\/\/nirigs.com\/#website"},"primaryImageOfPage":{"@id":"https:\/\/nirigs.com\/product\/bledina-phosphatine-multicereales-6-mois-et-190-g\/#primaryimage"},"image":{"@id":"https:\/\/nirigs.com\/product\/bledina-phosphatine-multicereales-6-mois-et-190-g\/#primaryimage"},"thumbnailUrl":"https:\/\/nirigs.com\/wp-content\/uploads\/2026\/05\/Bledina-Phosphatine-Multicereales-6-mois-et-190-g.png","datePublished":"2026-05-03T15:04:48+00:00","description":"Commandez Bl\u00e9dina Phosphatine multic\u00e9r\u00e9ales 190 g d\u00e8s 6 mois \u00e0 Djibouti. C\u00e9r\u00e9ales b\u00e9b\u00e9 pratiques et nutritives avec livraison rapide et fiable sur Nirigs.","breadcrumb":{"@id":"https:\/\/nirigs.com\/product\/bledina-phosphatine-multicereales-6-mois-et-190-g\/#breadcrumb"},"inLanguage":"ar","potentialAction":[{"@type":"ReadAction","target":["https:\/\/nirigs.com\/product\/bledina-phosphatine-multicereales-6-mois-et-190-g\/"]}]},{"@type":"ImageObject","inLanguage":"ar","@id":"https:\/\/nirigs.com\/product\/bledina-phosphatine-multicereales-6-mois-et-190-g\/#primaryimage","url":"https:\/\/nirigs.com\/wp-content\/uploads\/2026\/05\/Bledina-Phosphatine-Multicereales-6-mois-et-190-g.png","contentUrl":"https:\/\/nirigs.com\/wp-content\/uploads\/2026\/05\/Bledina-Phosphatine-Multicereales-6-mois-et-190-g.png","width":1000,"height":1000},{"@type":"BreadcrumbList","@id":"https:\/\/nirigs.com\/product\/bledina-phosphatine-multicereales-6-mois-et-190-g\/#breadcrumb","itemListElement":[{"@type":"ListItem","position":1,"name":"Home","item":"https:\/\/nirigs.com\/"},{"@type":"ListItem","position":2,"name":"Parcourir","item":"https:\/\/nirigs.com\/boutique\/"},{"@type":"ListItem","position":3,"name":"Bl\u00e9dina &#8211; Phosphatine Multic\u00e9r\u00e9ales 6 mois et + &#8211; 190 g"}]},{"@type":"WebSite","@id":"https:\/\/nirigs.com\/#website","url":"https:\/\/nirigs.com\/","name":"Nirigs.com","description":"Simplifiez vos achats du quotidien \u00e0 Djibouti","publisher":{"@id":"https:\/\/nirigs.com\/#organization"},"potentialAction":[{"@type":"SearchAction","target":{"@type":"EntryPoint","urlTemplate":"https:\/\/nirigs.com\/?s={search_term_string}"},"query-input":{"@type":"PropertyValueSpecification","valueRequired":true,"valueName":"search_term_string"}}],"inLanguage":"ar"},{"@type":"Organization","@id":"https:\/\/nirigs.com\/#organization","name":"\u0646\u064a\u0631\u064a\u062c\u0633","url":"https:\/\/nirigs.com\/","logo":{"@type":"ImageObject","inLanguage":"ar","@id":"https:\/\/nirigs.com\/#\/schema\/logo\/image\/","url":"https:\/\/nirigs.com\/wp-content\/uploads\/2025\/04\/Design-sans-titre-27.png","contentUrl":"https:\/\/nirigs.com\/wp-content\/uploads\/2025\/04\/Design-sans-titre-27.png","width":500,"height":500,"caption":"Nirigs"},"image":{"@id":"https:\/\/nirigs.com\/#\/schema\/logo\/image\/"}}]}},"brands":[{"id":1176,"name":"Bl\u00e9dina","slug":"bledina"}],"_links":{"self":[{"href":"https:\/\/nirigs.com\/ar\/wp-json\/wp\/v2\/product\/27862","targetHints":{"allow":["GET"]}}],"collection":[{"href":"https:\/\/nirigs.com\/ar\/wp-json\/wp\/v2\/product"}],"about":[{"href":"https:\/\/nirigs.com\/ar\/wp-json\/wp\/v2\/types\/product"}],"replies":[{"embeddable":true,"href":"https:\/\/nirigs.com\/ar\/wp-json\/wp\/v2\/comments?post=27862"}],"version-history":[{"count":2,"href":"https:\/\/nirigs.com\/ar\/wp-json\/wp\/v2\/product\/27862\/revisions"}],"predecessor-version":[{"id":27865,"href":"https:\/\/nirigs.com\/ar\/wp-json\/wp\/v2\/product\/27862\/revisions\/27865"}],"wp:featuredmedia":[{"embeddable":true,"href":"https:\/\/nirigs.com\/ar\/wp-json\/wp\/v2\/media\/27864"}],"wp:attachment":[{"href":"https:\/\/nirigs.com\/ar\/wp-json\/wp\/v2\/media?parent=27862"}],"wp:term":[{"taxonomy":"pwb-brand","embeddable":true,"href":"https:\/\/nirigs.com\/ar\/wp-json\/wp\/v2\/pwb-brand?post=27862"},{"taxonomy":"product_brand","embeddable":true,"href":"https:\/\/nirigs.com\/ar\/wp-json\/wp\/v2\/product_brand?post=27862"},{"taxonomy":"product_cat","embeddable":true,"href":"https:\/\/nirigs.com\/ar\/wp-json\/wp\/v2\/product_cat?post=27862"},{"taxonomy":"product_tag","embeddable":true,"href":"https:\/\/nirigs.com\/ar\/wp-json\/wp\/v2\/product_tag?post=27862"}],"curies":[{"name":"wp","href":"https:\/\/api.w.org\/{rel}","templated":true}]}}