{"id":27832,"date":"2026-04-28T20:37:55","date_gmt":"2026-04-28T17:37:55","guid":{"rendered":"https:\/\/nirigs.com\/?post_type=product&#038;p=27832"},"modified":"2026-04-28T20:37:55","modified_gmt":"2026-04-28T17:37:55","slug":"leader-price-boisson-vegetale-avoine-bio-1-l","status":"publish","type":"product","link":"https:\/\/nirigs.com\/ar\/product\/leader-price-boisson-vegetale-avoine-bio-1-l\/","title":{"rendered":"Leader price &#8211; Boisson v\u00e9g\u00e9tale avoine bio &#8211; 1 L"},"content":{"rendered":"<p data-start=\"448\" data-end=\"751\">La boisson v\u00e9g\u00e9tale \u00e0 l\u2019avoine bio 1L de <span class=\"hover:entity-accent entity-underline inline cursor-pointer align-baseline\"><span class=\"whitespace-normal\">\u0633\u0639\u0631 \u0627\u0644\u0632\u0639\u064a\u0645<\/span><\/span> est une alternative naturelle au lait classique, id\u00e9ale pour une consommation quotidienne. \u00c9labor\u00e9e \u00e0 base d\u2019avoine issue de l\u2019agriculture biologique, elle convient parfaitement aux personnes recherchant une option v\u00e9g\u00e9tale.<\/p>\n<p data-start=\"753\" data-end=\"897\">Son go\u00fbt doux et sa texture agr\u00e9able permettent de l\u2019int\u00e9grer facilement dans les boissons chaudes, les c\u00e9r\u00e9ales ou les pr\u00e9parations culinaires.<\/p>\n<p data-start=\"899\" data-end=\"1063\">Pratique et polyvalente, cette boisson v\u00e9g\u00e9tale s\u2019adapte \u00e0 diff\u00e9rents modes de consommation tout en apportant une solution simple pour diversifier son alimentation.<\/p>\n<h2 data-start=\"1065\" data-end=\"1076\">\u0641\u0648\u0627\u0626\u062f :<\/h2>\n<ul data-start=\"1078\" data-end=\"1257\">\n<li data-section-id=\"xb9ypa\" data-start=\"1078\" data-end=\"1110\">Alternative v\u00e9g\u00e9tale au lait<\/li>\n<li data-section-id=\"hsswew\" data-start=\"1111\" data-end=\"1155\">Produit issu de l\u2019agriculture biologique<\/li>\n<li data-section-id=\"xwbgkv\" data-start=\"1156\" data-end=\"1181\">Go\u00fbt doux et agr\u00e9able<\/li>\n<li data-section-id=\"11temg1\" data-start=\"1182\" data-end=\"1216\">Facile \u00e0 utiliser au quotidien<\/li>\n<li data-section-id=\"shuhb8\" data-start=\"1217\" data-end=\"1257\">Adapt\u00e9e aux boissons et aux recettes<\/li>\n<\/ul>","protected":false},"excerpt":{"rendered":"<p>La boisson v\u00e9g\u00e9tale \u00e0 l\u2019avoine bio 1L de Leader Price est une alternative naturelle au lait classique, id\u00e9ale pour une<\/p>","protected":false},"featured_media":27833,"comment_status":"open","ping_status":"closed","template":"","meta":[],"pwb-brand":[1166],"product_brand":[],"product_cat":[936,1365,929,275],"product_tag":[],"class_list":{"0":"post-27832","1":"product","2":"type-product","3":"status-publish","4":"has-post-thumbnail","6":"pwb-brand-leader-price","7":"product_cat-boissons","8":"product_cat-boissons-vegetales","9":"product_cat-cafe-the-et-boissons","10":"product_cat-epicerie","12":"first","13":"instock","14":"shipping-taxable","15":"purchasable","16":"product-type-simple"},"yoast_head":"<!-- This site is optimized with the Yoast SEO plugin v27.5 - https:\/\/yoast.com\/product\/yoast-seo-wordpress\/ -->\n<title>Leader price - Boisson v\u00e9g\u00e9tale avoine bio - 1 L - NIRIGS<\/title>\n<meta name=\"description\" content=\"Commandez la boisson v\u00e9g\u00e9tale avoine bio Leader Price 1L \u00e0 Djibouti. Alternative au lait, pratique et id\u00e9ale pour vos courses avec livraison rapide Nirigs.\" \/>\n<meta name=\"robots\" content=\"index, follow, max-snippet:-1, max-image-preview:large, max-video-preview:-1\" \/>\n<link rel=\"canonical\" href=\"https:\/\/nirigs.com\/ar\/product\/leader-price-boisson-vegetale-avoine-bio-1-l\/\" \/>\n<meta property=\"og:locale\" content=\"ar_AR\" \/>\n<meta property=\"og:type\" content=\"article\" \/>\n<meta property=\"og:title\" content=\"Leader price - Boisson v\u00e9g\u00e9tale avoine bio - 1 L - NIRIGS\" \/>\n<meta property=\"og:description\" content=\"Commandez la boisson v\u00e9g\u00e9tale avoine bio Leader Price 1L \u00e0 Djibouti. Alternative au lait, pratique et id\u00e9ale pour vos courses avec livraison rapide Nirigs.\" \/>\n<meta property=\"og:url\" content=\"https:\/\/nirigs.com\/ar\/product\/leader-price-boisson-vegetale-avoine-bio-1-l\/\" \/>\n<meta property=\"og:site_name\" content=\"NIRIGS\" \/>\n<meta property=\"og:image\" content=\"https:\/\/nirigs.com\/wp-content\/uploads\/2026\/04\/Leader-price-Boisson-vegetale-avoine-bio-1-L.png\" \/>\n\t<meta property=\"og:image:width\" content=\"1000\" \/>\n\t<meta property=\"og:image:height\" content=\"1000\" \/>\n\t<meta property=\"og:image:type\" content=\"image\/png\" \/>\n<meta name=\"twitter:card\" content=\"summary_large_image\" \/>\n<meta name=\"twitter:label1\" content=\"\u0648\u0642\u062a \u0627\u0644\u0642\u0631\u0627\u0621\u0629 \u0627\u0644\u0645\u064f\u0642\u062f\u0651\u0631\" \/>\n\t<meta name=\"twitter:data1\" content=\"\u062f\u0642\u064a\u0642\u0629 \u0648\u0627\u062d\u062f\u0629\" \/>\n<script type=\"application\/ld+json\" class=\"yoast-schema-graph\">{\"@context\":\"https:\\\/\\\/schema.org\",\"@graph\":[{\"@type\":\"WebPage\",\"@id\":\"https:\\\/\\\/nirigs.com\\\/product\\\/leader-price-boisson-vegetale-avoine-bio-1-l\\\/\",\"url\":\"https:\\\/\\\/nirigs.com\\\/product\\\/leader-price-boisson-vegetale-avoine-bio-1-l\\\/\",\"name\":\"Leader price - Boisson v\u00e9g\u00e9tale avoine bio - 1 L - NIRIGS\",\"isPartOf\":{\"@id\":\"https:\\\/\\\/nirigs.com\\\/#website\"},\"primaryImageOfPage\":{\"@id\":\"https:\\\/\\\/nirigs.com\\\/product\\\/leader-price-boisson-vegetale-avoine-bio-1-l\\\/#primaryimage\"},\"image\":{\"@id\":\"https:\\\/\\\/nirigs.com\\\/product\\\/leader-price-boisson-vegetale-avoine-bio-1-l\\\/#primaryimage\"},\"thumbnailUrl\":\"https:\\\/\\\/nirigs.com\\\/wp-content\\\/uploads\\\/2026\\\/04\\\/Leader-price-Boisson-vegetale-avoine-bio-1-L.png\",\"datePublished\":\"2026-04-28T17:37:55+00:00\",\"description\":\"Commandez la boisson v\u00e9g\u00e9tale avoine bio Leader Price 1L \u00e0 Djibouti. Alternative au lait, pratique et id\u00e9ale pour vos courses avec livraison rapide Nirigs.\",\"breadcrumb\":{\"@id\":\"https:\\\/\\\/nirigs.com\\\/product\\\/leader-price-boisson-vegetale-avoine-bio-1-l\\\/#breadcrumb\"},\"inLanguage\":\"ar\",\"potentialAction\":[{\"@type\":\"ReadAction\",\"target\":[\"https:\\\/\\\/nirigs.com\\\/product\\\/leader-price-boisson-vegetale-avoine-bio-1-l\\\/\"]}]},{\"@type\":\"ImageObject\",\"inLanguage\":\"ar\",\"@id\":\"https:\\\/\\\/nirigs.com\\\/product\\\/leader-price-boisson-vegetale-avoine-bio-1-l\\\/#primaryimage\",\"url\":\"https:\\\/\\\/nirigs.com\\\/wp-content\\\/uploads\\\/2026\\\/04\\\/Leader-price-Boisson-vegetale-avoine-bio-1-L.png\",\"contentUrl\":\"https:\\\/\\\/nirigs.com\\\/wp-content\\\/uploads\\\/2026\\\/04\\\/Leader-price-Boisson-vegetale-avoine-bio-1-L.png\",\"width\":1000,\"height\":1000},{\"@type\":\"BreadcrumbList\",\"@id\":\"https:\\\/\\\/nirigs.com\\\/product\\\/leader-price-boisson-vegetale-avoine-bio-1-l\\\/#breadcrumb\",\"itemListElement\":[{\"@type\":\"ListItem\",\"position\":1,\"name\":\"Home\",\"item\":\"https:\\\/\\\/nirigs.com\\\/\"},{\"@type\":\"ListItem\",\"position\":2,\"name\":\"Parcourir\",\"item\":\"https:\\\/\\\/nirigs.com\\\/boutique\\\/\"},{\"@type\":\"ListItem\",\"position\":3,\"name\":\"Leader price &#8211; Boisson v\u00e9g\u00e9tale avoine bio &#8211; 1 L\"}]},{\"@type\":\"WebSite\",\"@id\":\"https:\\\/\\\/nirigs.com\\\/#website\",\"url\":\"https:\\\/\\\/nirigs.com\\\/\",\"name\":\"Nirigs.com\",\"description\":\"Simplifiez vos achats du quotidien \u00e0 Djibouti\",\"publisher\":{\"@id\":\"https:\\\/\\\/nirigs.com\\\/#organization\"},\"potentialAction\":[{\"@type\":\"SearchAction\",\"target\":{\"@type\":\"EntryPoint\",\"urlTemplate\":\"https:\\\/\\\/nirigs.com\\\/?s={search_term_string}\"},\"query-input\":{\"@type\":\"PropertyValueSpecification\",\"valueRequired\":true,\"valueName\":\"search_term_string\"}}],\"inLanguage\":\"ar\"},{\"@type\":\"Organization\",\"@id\":\"https:\\\/\\\/nirigs.com\\\/#organization\",\"name\":\"Nirigs\",\"url\":\"https:\\\/\\\/nirigs.com\\\/\",\"logo\":{\"@type\":\"ImageObject\",\"inLanguage\":\"ar\",\"@id\":\"https:\\\/\\\/nirigs.com\\\/#\\\/schema\\\/logo\\\/image\\\/\",\"url\":\"https:\\\/\\\/nirigs.com\\\/wp-content\\\/uploads\\\/2025\\\/04\\\/Design-sans-titre-27.png\",\"contentUrl\":\"https:\\\/\\\/nirigs.com\\\/wp-content\\\/uploads\\\/2025\\\/04\\\/Design-sans-titre-27.png\",\"width\":500,\"height\":500,\"caption\":\"Nirigs\"},\"image\":{\"@id\":\"https:\\\/\\\/nirigs.com\\\/#\\\/schema\\\/logo\\\/image\\\/\"}}]}<\/script>\n<!-- \/ Yoast SEO plugin. -->","yoast_head_json":{"title":"Leader price - Boisson v\u00e9g\u00e9tale avoine bio - 1 L - NIRIGS","description":"Commandez la boisson v\u00e9g\u00e9tale avoine bio Leader Price 1L \u00e0 Djibouti. Alternative au lait, pratique et id\u00e9ale pour vos courses avec livraison rapide Nirigs.","robots":{"index":"index","follow":"follow","max-snippet":"max-snippet:-1","max-image-preview":"max-image-preview:large","max-video-preview":"max-video-preview:-1"},"canonical":"https:\/\/nirigs.com\/ar\/product\/leader-price-boisson-vegetale-avoine-bio-1-l\/","og_locale":"ar_AR","og_type":"article","og_title":"Leader price - Boisson v\u00e9g\u00e9tale avoine bio - 1 L - NIRIGS","og_description":"Commandez la boisson v\u00e9g\u00e9tale avoine bio Leader Price 1L \u00e0 Djibouti. Alternative au lait, pratique et id\u00e9ale pour vos courses avec livraison rapide Nirigs.","og_url":"https:\/\/nirigs.com\/ar\/product\/leader-price-boisson-vegetale-avoine-bio-1-l\/","og_site_name":"NIRIGS","og_image":[{"width":1000,"height":1000,"url":"https:\/\/nirigs.com\/wp-content\/uploads\/2026\/04\/Leader-price-Boisson-vegetale-avoine-bio-1-L.png","type":"image\/png"}],"twitter_card":"summary_large_image","twitter_misc":{"\u0648\u0642\u062a \u0627\u0644\u0642\u0631\u0627\u0621\u0629 \u0627\u0644\u0645\u064f\u0642\u062f\u0651\u0631":"\u062f\u0642\u064a\u0642\u0629 \u0648\u0627\u062d\u062f\u0629"},"schema":{"@context":"https:\/\/schema.org","@graph":[{"@type":"WebPage","@id":"https:\/\/nirigs.com\/product\/leader-price-boisson-vegetale-avoine-bio-1-l\/","url":"https:\/\/nirigs.com\/product\/leader-price-boisson-vegetale-avoine-bio-1-l\/","name":"Leader price - Boisson v\u00e9g\u00e9tale avoine bio - 1 L - NIRIGS","isPartOf":{"@id":"https:\/\/nirigs.com\/#website"},"primaryImageOfPage":{"@id":"https:\/\/nirigs.com\/product\/leader-price-boisson-vegetale-avoine-bio-1-l\/#primaryimage"},"image":{"@id":"https:\/\/nirigs.com\/product\/leader-price-boisson-vegetale-avoine-bio-1-l\/#primaryimage"},"thumbnailUrl":"https:\/\/nirigs.com\/wp-content\/uploads\/2026\/04\/Leader-price-Boisson-vegetale-avoine-bio-1-L.png","datePublished":"2026-04-28T17:37:55+00:00","description":"Commandez la boisson v\u00e9g\u00e9tale avoine bio Leader Price 1L \u00e0 Djibouti. Alternative au lait, pratique et id\u00e9ale pour vos courses avec livraison rapide Nirigs.","breadcrumb":{"@id":"https:\/\/nirigs.com\/product\/leader-price-boisson-vegetale-avoine-bio-1-l\/#breadcrumb"},"inLanguage":"ar","potentialAction":[{"@type":"ReadAction","target":["https:\/\/nirigs.com\/product\/leader-price-boisson-vegetale-avoine-bio-1-l\/"]}]},{"@type":"ImageObject","inLanguage":"ar","@id":"https:\/\/nirigs.com\/product\/leader-price-boisson-vegetale-avoine-bio-1-l\/#primaryimage","url":"https:\/\/nirigs.com\/wp-content\/uploads\/2026\/04\/Leader-price-Boisson-vegetale-avoine-bio-1-L.png","contentUrl":"https:\/\/nirigs.com\/wp-content\/uploads\/2026\/04\/Leader-price-Boisson-vegetale-avoine-bio-1-L.png","width":1000,"height":1000},{"@type":"BreadcrumbList","@id":"https:\/\/nirigs.com\/product\/leader-price-boisson-vegetale-avoine-bio-1-l\/#breadcrumb","itemListElement":[{"@type":"ListItem","position":1,"name":"Home","item":"https:\/\/nirigs.com\/"},{"@type":"ListItem","position":2,"name":"Parcourir","item":"https:\/\/nirigs.com\/boutique\/"},{"@type":"ListItem","position":3,"name":"Leader price &#8211; Boisson v\u00e9g\u00e9tale avoine bio &#8211; 1 L"}]},{"@type":"WebSite","@id":"https:\/\/nirigs.com\/#website","url":"https:\/\/nirigs.com\/","name":"Nirigs.com","description":"Simplifiez vos achats du quotidien \u00e0 Djibouti","publisher":{"@id":"https:\/\/nirigs.com\/#organization"},"potentialAction":[{"@type":"SearchAction","target":{"@type":"EntryPoint","urlTemplate":"https:\/\/nirigs.com\/?s={search_term_string}"},"query-input":{"@type":"PropertyValueSpecification","valueRequired":true,"valueName":"search_term_string"}}],"inLanguage":"ar"},{"@type":"Organization","@id":"https:\/\/nirigs.com\/#organization","name":"\u0646\u064a\u0631\u064a\u062c\u0633","url":"https:\/\/nirigs.com\/","logo":{"@type":"ImageObject","inLanguage":"ar","@id":"https:\/\/nirigs.com\/#\/schema\/logo\/image\/","url":"https:\/\/nirigs.com\/wp-content\/uploads\/2025\/04\/Design-sans-titre-27.png","contentUrl":"https:\/\/nirigs.com\/wp-content\/uploads\/2025\/04\/Design-sans-titre-27.png","width":500,"height":500,"caption":"Nirigs"},"image":{"@id":"https:\/\/nirigs.com\/#\/schema\/logo\/image\/"}}]}},"brands":[{"id":1166,"name":"\u0633\u0639\u0631 \u0627\u0644\u0632\u0639\u064a\u0645","slug":"leader-price"}],"_links":{"self":[{"href":"https:\/\/nirigs.com\/ar\/wp-json\/wp\/v2\/product\/27832","targetHints":{"allow":["GET"]}}],"collection":[{"href":"https:\/\/nirigs.com\/ar\/wp-json\/wp\/v2\/product"}],"about":[{"href":"https:\/\/nirigs.com\/ar\/wp-json\/wp\/v2\/types\/product"}],"replies":[{"embeddable":true,"href":"https:\/\/nirigs.com\/ar\/wp-json\/wp\/v2\/comments?post=27832"}],"version-history":[{"count":1,"href":"https:\/\/nirigs.com\/ar\/wp-json\/wp\/v2\/product\/27832\/revisions"}],"predecessor-version":[{"id":27834,"href":"https:\/\/nirigs.com\/ar\/wp-json\/wp\/v2\/product\/27832\/revisions\/27834"}],"wp:featuredmedia":[{"embeddable":true,"href":"https:\/\/nirigs.com\/ar\/wp-json\/wp\/v2\/media\/27833"}],"wp:attachment":[{"href":"https:\/\/nirigs.com\/ar\/wp-json\/wp\/v2\/media?parent=27832"}],"wp:term":[{"taxonomy":"pwb-brand","embeddable":true,"href":"https:\/\/nirigs.com\/ar\/wp-json\/wp\/v2\/pwb-brand?post=27832"},{"taxonomy":"product_brand","embeddable":true,"href":"https:\/\/nirigs.com\/ar\/wp-json\/wp\/v2\/product_brand?post=27832"},{"taxonomy":"product_cat","embeddable":true,"href":"https:\/\/nirigs.com\/ar\/wp-json\/wp\/v2\/product_cat?post=27832"},{"taxonomy":"product_tag","embeddable":true,"href":"https:\/\/nirigs.com\/ar\/wp-json\/wp\/v2\/product_tag?post=27832"}],"curies":[{"name":"wp","href":"https:\/\/api.w.org\/{rel}","templated":true}]}}