{"id":27797,"date":"2026-04-16T12:38:56","date_gmt":"2026-04-16T09:38:56","guid":{"rendered":"https:\/\/nirigs.com\/?post_type=product&#038;p=27797"},"modified":"2026-04-16T12:38:57","modified_gmt":"2026-04-16T09:38:57","slug":"lait-en-poudre-nido-1-8kg-djibouti","status":"publish","type":"product","link":"https:\/\/nirigs.com\/ar\/product\/lait-en-poudre-nido-1-8kg-djibouti\/","title":{"rendered":"Nestl\u00e9 &#8211; Nido  &#8211; Lait en poudre &#8211; 1.8 kg"},"content":{"rendered":"<p data-start=\"433\" data-end=\"689\">Le lait en poudre Nido 1.8 kg de <span class=\"hover:entity-accent entity-underline inline cursor-pointer align-baseline\"><span class=\"whitespace-normal\">Nestl\u00e9<\/span><\/span> est un produit de qualit\u00e9 con\u00e7u pour r\u00e9pondre aux besoins quotidiens des familles. Appr\u00e9ci\u00e9 pour son go\u00fbt et sa praticit\u00e9, il s\u2019int\u00e8gre facilement dans l\u2019alimentation de tous les jours.<\/p>\n<p data-start=\"691\" data-end=\"930\">Facile \u00e0 pr\u00e9parer, ce lait en poudre est id\u00e9al pour les boissons chaudes, le petit-d\u00e9jeuner ou les pr\u00e9parations culinaires. Son format 1.8 kg permet une utilisation r\u00e9guli\u00e8re tout en offrant un bon \u00e9quilibre entre quantit\u00e9 et conservation.<\/p>\n<p data-start=\"932\" data-end=\"1052\">Adapt\u00e9 \u00e0 un usage domestique, il constitue une solution fiable pour accompagner les habitudes alimentaires au quotidien.<\/p>\n<h2 data-start=\"1054\" data-end=\"1065\">\u0641\u0648\u0627\u0626\u062f :<\/h2>\n<ul data-start=\"1067\" data-end=\"1245\">\n<li data-section-id=\"1qgruyj\" data-start=\"1067\" data-end=\"1097\">Produit de qualit\u00e9 reconnu<\/li>\n<li data-section-id=\"1dk6uyp\" data-start=\"1098\" data-end=\"1136\">Go\u00fbt appr\u00e9ci\u00e9 par toute la famille<\/li>\n<li data-section-id=\"v4bih5\" data-start=\"1137\" data-end=\"1169\">Pr\u00e9paration simple et rapide<\/li>\n<li data-section-id=\"1q7wpz6\" data-start=\"1170\" data-end=\"1221\">Format pratique pour une consommation r\u00e9guli\u00e8re<\/li>\n<li data-section-id=\"blri9r\" data-start=\"1222\" data-end=\"1245\">Longue conservation<\/li>\n<\/ul>","protected":false},"excerpt":{"rendered":"<p>Le lait en poudre Nido 1.8 kg de Nestl\u00e9 est un produit de qualit\u00e9 con\u00e7u pour r\u00e9pondre aux besoins quotidiens<\/p>","protected":false},"featured_media":27808,"comment_status":"open","ping_status":"closed","template":"","meta":[],"pwb-brand":[1227],"product_brand":[],"product_cat":[1143,275,1355,1232],"product_tag":[],"class_list":{"0":"post-27797","1":"product","2":"type-product","3":"status-publish","4":"has-post-thumbnail","6":"pwb-brand-nestle-nido","7":"product_cat-cremerie-et-produits-laitiers","8":"product_cat-epicerie","9":"product_cat-laits-en-poudre","10":"product_cat-produits-laitiers-en-conserves-cremerie-et-produits-laitiers","12":"first","13":"instock","14":"shipping-taxable","15":"purchasable","16":"product-type-simple"},"yoast_head":"<!-- This site is optimized with the Yoast SEO plugin v27.4 - https:\/\/yoast.com\/product\/yoast-seo-wordpress\/ -->\n<title>Nestl\u00e9 - Nido - Lait en poudre - 1.8 kg - NIRIGS<\/title>\n<meta name=\"description\" content=\"Commandez le lait en poudre Nido 1.8 kg \u00e0 Djibouti. Qualit\u00e9 Nestl\u00e9, format pratique et livraison rapide pour vos courses du quotidien avec Nirigs.\" \/>\n<meta name=\"robots\" content=\"index, follow, max-snippet:-1, max-image-preview:large, max-video-preview:-1\" \/>\n<link rel=\"canonical\" href=\"https:\/\/nirigs.com\/ar\/product\/lait-en-poudre-nido-1-8kg-djibouti\/\" \/>\n<meta property=\"og:locale\" content=\"ar_AR\" \/>\n<meta property=\"og:type\" content=\"article\" \/>\n<meta property=\"og:title\" content=\"Nestl\u00e9 - Nido - Lait en poudre - 1.8 kg - NIRIGS\" \/>\n<meta property=\"og:description\" content=\"Commandez le lait en poudre Nido 1.8 kg \u00e0 Djibouti. Qualit\u00e9 Nestl\u00e9, format pratique et livraison rapide pour vos courses du quotidien avec Nirigs.\" \/>\n<meta property=\"og:url\" content=\"https:\/\/nirigs.com\/ar\/product\/lait-en-poudre-nido-1-8kg-djibouti\/\" \/>\n<meta property=\"og:site_name\" content=\"NIRIGS\" \/>\n<meta property=\"article:modified_time\" content=\"2026-04-16T09:38:57+00:00\" \/>\n<meta property=\"og:image\" content=\"https:\/\/nirigs.com\/wp-content\/uploads\/2026\/04\/Nestle-Nido-Lait-en-poudre-1.8-kg.png\" \/>\n\t<meta property=\"og:image:width\" content=\"1000\" \/>\n\t<meta property=\"og:image:height\" content=\"1000\" \/>\n\t<meta property=\"og:image:type\" content=\"image\/png\" \/>\n<meta name=\"twitter:card\" content=\"summary_large_image\" \/>\n<meta name=\"twitter:label1\" content=\"\u0648\u0642\u062a \u0627\u0644\u0642\u0631\u0627\u0621\u0629 \u0627\u0644\u0645\u064f\u0642\u062f\u0651\u0631\" \/>\n\t<meta name=\"twitter:data1\" content=\"\u062f\u0642\u064a\u0642\u0629 \u0648\u0627\u062d\u062f\u0629\" \/>\n<script type=\"application\/ld+json\" class=\"yoast-schema-graph\">{\"@context\":\"https:\\\/\\\/schema.org\",\"@graph\":[{\"@type\":\"WebPage\",\"@id\":\"https:\\\/\\\/nirigs.com\\\/product\\\/lait-en-poudre-nido-1-8kg-djibouti\\\/\",\"url\":\"https:\\\/\\\/nirigs.com\\\/product\\\/lait-en-poudre-nido-1-8kg-djibouti\\\/\",\"name\":\"Nestl\u00e9 - Nido - Lait en poudre - 1.8 kg - NIRIGS\",\"isPartOf\":{\"@id\":\"https:\\\/\\\/nirigs.com\\\/#website\"},\"primaryImageOfPage\":{\"@id\":\"https:\\\/\\\/nirigs.com\\\/product\\\/lait-en-poudre-nido-1-8kg-djibouti\\\/#primaryimage\"},\"image\":{\"@id\":\"https:\\\/\\\/nirigs.com\\\/product\\\/lait-en-poudre-nido-1-8kg-djibouti\\\/#primaryimage\"},\"thumbnailUrl\":\"https:\\\/\\\/nirigs.com\\\/wp-content\\\/uploads\\\/2026\\\/04\\\/Nestle-Nido-Lait-en-poudre-1.8-kg.png\",\"datePublished\":\"2026-04-16T09:38:56+00:00\",\"dateModified\":\"2026-04-16T09:38:57+00:00\",\"description\":\"Commandez le lait en poudre Nido 1.8 kg \u00e0 Djibouti. Qualit\u00e9 Nestl\u00e9, format pratique et livraison rapide pour vos courses du quotidien avec Nirigs.\",\"breadcrumb\":{\"@id\":\"https:\\\/\\\/nirigs.com\\\/product\\\/lait-en-poudre-nido-1-8kg-djibouti\\\/#breadcrumb\"},\"inLanguage\":\"ar\",\"potentialAction\":[{\"@type\":\"ReadAction\",\"target\":[\"https:\\\/\\\/nirigs.com\\\/product\\\/lait-en-poudre-nido-1-8kg-djibouti\\\/\"]}]},{\"@type\":\"ImageObject\",\"inLanguage\":\"ar\",\"@id\":\"https:\\\/\\\/nirigs.com\\\/product\\\/lait-en-poudre-nido-1-8kg-djibouti\\\/#primaryimage\",\"url\":\"https:\\\/\\\/nirigs.com\\\/wp-content\\\/uploads\\\/2026\\\/04\\\/Nestle-Nido-Lait-en-poudre-1.8-kg.png\",\"contentUrl\":\"https:\\\/\\\/nirigs.com\\\/wp-content\\\/uploads\\\/2026\\\/04\\\/Nestle-Nido-Lait-en-poudre-1.8-kg.png\",\"width\":1000,\"height\":1000},{\"@type\":\"BreadcrumbList\",\"@id\":\"https:\\\/\\\/nirigs.com\\\/product\\\/lait-en-poudre-nido-1-8kg-djibouti\\\/#breadcrumb\",\"itemListElement\":[{\"@type\":\"ListItem\",\"position\":1,\"name\":\"Home\",\"item\":\"https:\\\/\\\/nirigs.com\\\/\"},{\"@type\":\"ListItem\",\"position\":2,\"name\":\"Parcourir\",\"item\":\"https:\\\/\\\/nirigs.com\\\/boutique\\\/\"},{\"@type\":\"ListItem\",\"position\":3,\"name\":\"Nestl\u00e9 &#8211; Nido &#8211; Lait en poudre &#8211; 1.8 kg\"}]},{\"@type\":\"WebSite\",\"@id\":\"https:\\\/\\\/nirigs.com\\\/#website\",\"url\":\"https:\\\/\\\/nirigs.com\\\/\",\"name\":\"Nirigs.com\",\"description\":\"Simplifiez vos achats du quotidien \u00e0 Djibouti\",\"publisher\":{\"@id\":\"https:\\\/\\\/nirigs.com\\\/#organization\"},\"potentialAction\":[{\"@type\":\"SearchAction\",\"target\":{\"@type\":\"EntryPoint\",\"urlTemplate\":\"https:\\\/\\\/nirigs.com\\\/?s={search_term_string}\"},\"query-input\":{\"@type\":\"PropertyValueSpecification\",\"valueRequired\":true,\"valueName\":\"search_term_string\"}}],\"inLanguage\":\"ar\"},{\"@type\":\"Organization\",\"@id\":\"https:\\\/\\\/nirigs.com\\\/#organization\",\"name\":\"Nirigs\",\"url\":\"https:\\\/\\\/nirigs.com\\\/\",\"logo\":{\"@type\":\"ImageObject\",\"inLanguage\":\"ar\",\"@id\":\"https:\\\/\\\/nirigs.com\\\/#\\\/schema\\\/logo\\\/image\\\/\",\"url\":\"https:\\\/\\\/nirigs.com\\\/wp-content\\\/uploads\\\/2025\\\/04\\\/Design-sans-titre-27.png\",\"contentUrl\":\"https:\\\/\\\/nirigs.com\\\/wp-content\\\/uploads\\\/2025\\\/04\\\/Design-sans-titre-27.png\",\"width\":500,\"height\":500,\"caption\":\"Nirigs\"},\"image\":{\"@id\":\"https:\\\/\\\/nirigs.com\\\/#\\\/schema\\\/logo\\\/image\\\/\"}}]}<\/script>\n<!-- \/ Yoast SEO plugin. -->","yoast_head_json":{"title":"Nestl\u00e9 - Nido - Lait en poudre - 1.8 kg - NIRIGS","description":"Commandez le lait en poudre Nido 1.8 kg \u00e0 Djibouti. Qualit\u00e9 Nestl\u00e9, format pratique et livraison rapide pour vos courses du quotidien avec Nirigs.","robots":{"index":"index","follow":"follow","max-snippet":"max-snippet:-1","max-image-preview":"max-image-preview:large","max-video-preview":"max-video-preview:-1"},"canonical":"https:\/\/nirigs.com\/ar\/product\/lait-en-poudre-nido-1-8kg-djibouti\/","og_locale":"ar_AR","og_type":"article","og_title":"Nestl\u00e9 - Nido - Lait en poudre - 1.8 kg - NIRIGS","og_description":"Commandez le lait en poudre Nido 1.8 kg \u00e0 Djibouti. Qualit\u00e9 Nestl\u00e9, format pratique et livraison rapide pour vos courses du quotidien avec Nirigs.","og_url":"https:\/\/nirigs.com\/ar\/product\/lait-en-poudre-nido-1-8kg-djibouti\/","og_site_name":"NIRIGS","article_modified_time":"2026-04-16T09:38:57+00:00","og_image":[{"width":1000,"height":1000,"url":"https:\/\/nirigs.com\/wp-content\/uploads\/2026\/04\/Nestle-Nido-Lait-en-poudre-1.8-kg.png","type":"image\/png"}],"twitter_card":"summary_large_image","twitter_misc":{"\u0648\u0642\u062a \u0627\u0644\u0642\u0631\u0627\u0621\u0629 \u0627\u0644\u0645\u064f\u0642\u062f\u0651\u0631":"\u062f\u0642\u064a\u0642\u0629 \u0648\u0627\u062d\u062f\u0629"},"schema":{"@context":"https:\/\/schema.org","@graph":[{"@type":"WebPage","@id":"https:\/\/nirigs.com\/product\/lait-en-poudre-nido-1-8kg-djibouti\/","url":"https:\/\/nirigs.com\/product\/lait-en-poudre-nido-1-8kg-djibouti\/","name":"Nestl\u00e9 - Nido - Lait en poudre - 1.8 kg - NIRIGS","isPartOf":{"@id":"https:\/\/nirigs.com\/#website"},"primaryImageOfPage":{"@id":"https:\/\/nirigs.com\/product\/lait-en-poudre-nido-1-8kg-djibouti\/#primaryimage"},"image":{"@id":"https:\/\/nirigs.com\/product\/lait-en-poudre-nido-1-8kg-djibouti\/#primaryimage"},"thumbnailUrl":"https:\/\/nirigs.com\/wp-content\/uploads\/2026\/04\/Nestle-Nido-Lait-en-poudre-1.8-kg.png","datePublished":"2026-04-16T09:38:56+00:00","dateModified":"2026-04-16T09:38:57+00:00","description":"Commandez le lait en poudre Nido 1.8 kg \u00e0 Djibouti. Qualit\u00e9 Nestl\u00e9, format pratique et livraison rapide pour vos courses du quotidien avec Nirigs.","breadcrumb":{"@id":"https:\/\/nirigs.com\/product\/lait-en-poudre-nido-1-8kg-djibouti\/#breadcrumb"},"inLanguage":"ar","potentialAction":[{"@type":"ReadAction","target":["https:\/\/nirigs.com\/product\/lait-en-poudre-nido-1-8kg-djibouti\/"]}]},{"@type":"ImageObject","inLanguage":"ar","@id":"https:\/\/nirigs.com\/product\/lait-en-poudre-nido-1-8kg-djibouti\/#primaryimage","url":"https:\/\/nirigs.com\/wp-content\/uploads\/2026\/04\/Nestle-Nido-Lait-en-poudre-1.8-kg.png","contentUrl":"https:\/\/nirigs.com\/wp-content\/uploads\/2026\/04\/Nestle-Nido-Lait-en-poudre-1.8-kg.png","width":1000,"height":1000},{"@type":"BreadcrumbList","@id":"https:\/\/nirigs.com\/product\/lait-en-poudre-nido-1-8kg-djibouti\/#breadcrumb","itemListElement":[{"@type":"ListItem","position":1,"name":"Home","item":"https:\/\/nirigs.com\/"},{"@type":"ListItem","position":2,"name":"Parcourir","item":"https:\/\/nirigs.com\/boutique\/"},{"@type":"ListItem","position":3,"name":"Nestl\u00e9 &#8211; Nido &#8211; Lait en poudre &#8211; 1.8 kg"}]},{"@type":"WebSite","@id":"https:\/\/nirigs.com\/#website","url":"https:\/\/nirigs.com\/","name":"Nirigs.com","description":"Simplifiez vos achats du quotidien \u00e0 Djibouti","publisher":{"@id":"https:\/\/nirigs.com\/#organization"},"potentialAction":[{"@type":"SearchAction","target":{"@type":"EntryPoint","urlTemplate":"https:\/\/nirigs.com\/?s={search_term_string}"},"query-input":{"@type":"PropertyValueSpecification","valueRequired":true,"valueName":"search_term_string"}}],"inLanguage":"ar"},{"@type":"Organization","@id":"https:\/\/nirigs.com\/#organization","name":"\u0646\u064a\u0631\u064a\u062c\u0633","url":"https:\/\/nirigs.com\/","logo":{"@type":"ImageObject","inLanguage":"ar","@id":"https:\/\/nirigs.com\/#\/schema\/logo\/image\/","url":"https:\/\/nirigs.com\/wp-content\/uploads\/2025\/04\/Design-sans-titre-27.png","contentUrl":"https:\/\/nirigs.com\/wp-content\/uploads\/2025\/04\/Design-sans-titre-27.png","width":500,"height":500,"caption":"Nirigs"},"image":{"@id":"https:\/\/nirigs.com\/#\/schema\/logo\/image\/"}}]}},"brands":[{"id":1227,"name":"Nestl\u00e9 - Nido","slug":"nestle-nido"}],"_links":{"self":[{"href":"https:\/\/nirigs.com\/ar\/wp-json\/wp\/v2\/product\/27797","targetHints":{"allow":["GET"]}}],"collection":[{"href":"https:\/\/nirigs.com\/ar\/wp-json\/wp\/v2\/product"}],"about":[{"href":"https:\/\/nirigs.com\/ar\/wp-json\/wp\/v2\/types\/product"}],"replies":[{"embeddable":true,"href":"https:\/\/nirigs.com\/ar\/wp-json\/wp\/v2\/comments?post=27797"}],"version-history":[{"count":2,"href":"https:\/\/nirigs.com\/ar\/wp-json\/wp\/v2\/product\/27797\/revisions"}],"predecessor-version":[{"id":27809,"href":"https:\/\/nirigs.com\/ar\/wp-json\/wp\/v2\/product\/27797\/revisions\/27809"}],"wp:featuredmedia":[{"embeddable":true,"href":"https:\/\/nirigs.com\/ar\/wp-json\/wp\/v2\/media\/27808"}],"wp:attachment":[{"href":"https:\/\/nirigs.com\/ar\/wp-json\/wp\/v2\/media?parent=27797"}],"wp:term":[{"taxonomy":"pwb-brand","embeddable":true,"href":"https:\/\/nirigs.com\/ar\/wp-json\/wp\/v2\/pwb-brand?post=27797"},{"taxonomy":"product_brand","embeddable":true,"href":"https:\/\/nirigs.com\/ar\/wp-json\/wp\/v2\/product_brand?post=27797"},{"taxonomy":"product_cat","embeddable":true,"href":"https:\/\/nirigs.com\/ar\/wp-json\/wp\/v2\/product_cat?post=27797"},{"taxonomy":"product_tag","embeddable":true,"href":"https:\/\/nirigs.com\/ar\/wp-json\/wp\/v2\/product_tag?post=27797"}],"curies":[{"name":"wp","href":"https:\/\/api.w.org\/{rel}","templated":true}]}}