{"id":27700,"date":"2026-03-07T19:00:18","date_gmt":"2026-03-07T16:00:18","guid":{"rendered":"https:\/\/nirigs.com\/?post_type=product&#038;p=27700"},"modified":"2026-03-07T19:00:18","modified_gmt":"2026-03-07T16:00:18","slug":"k-secret-serum-retinal-liposome-2-black-ginseng-30-ml","status":"publish","type":"product","link":"https:\/\/nirigs.com\/ar\/product\/k-secret-serum-retinal-liposome-2-black-ginseng-30-ml\/","title":{"rendered":"K-Secret &#8211; Serum Retinal Liposome 2% + Black Ginseng &#8211; 30 ml"},"content":{"rendered":"<p data-start=\"24\" data-end=\"373\">Le <strong data-start=\"27\" data-end=\"81\">K-Secret Serum Retinal Liposome 2% + Black Ginseng<\/strong> est un s\u00e9rum anti-\u00e2ge puissant con\u00e7u pour am\u00e9liorer la texture de la peau, lisser les rides et raviver l\u2019\u00e9clat du teint. Sa formule associe le <strong data-start=\"225\" data-end=\"259\">r\u00e9tinal encapsul\u00e9 en liposomes<\/strong> \u00e0 l\u2019extrait de <strong data-start=\"275\" data-end=\"291\">ginseng noir<\/strong>, deux actifs reconnus pour leurs effets revitalisants et r\u00e9g\u00e9n\u00e9rants sur la peau.<\/p>\n<p data-start=\"375\" data-end=\"652\">Gr\u00e2ce \u00e0 la technologie liposomale, le r\u00e9tinal est d\u00e9livr\u00e9 progressivement dans la peau afin d\u2019optimiser son efficacit\u00e9 tout en r\u00e9duisant les risques d\u2019irritation. Ce s\u00e9rum aide ainsi \u00e0 stimuler le renouvellement cellulaire, \u00e0 affiner le grain de peau et \u00e0 am\u00e9liorer la fermet\u00e9.<\/p>\n<p data-start=\"654\" data-end=\"869\">L\u2019extrait de ginseng noir, riche en antioxydants, contribue \u00e0 nourrir et revitaliser la peau tout en prot\u00e9geant contre les agressions ext\u00e9rieures. La peau para\u00eet plus lisse, plus lumineuse et visiblement plus jeune.<\/p>\n<p data-start=\"871\" data-end=\"1007\">Sa texture l\u00e9g\u00e8re p\u00e9n\u00e8tre rapidement sans laisser de film gras, ce qui en fait un soin id\u00e9al pour compl\u00e9ter une routine anti-\u00e2ge cibl\u00e9e.<\/p>\n<h2 data-start=\"1009\" data-end=\"1021\">Bienfaits<\/h2>\n<ul data-start=\"1023\" data-end=\"1233\">\n<li data-start=\"1023\" data-end=\"1074\">\n<p data-start=\"1025\" data-end=\"1074\">Aide \u00e0 r\u00e9duire l\u2019apparence des rides et ridules<\/p>\n<\/li>\n<li data-start=\"1075\" data-end=\"1116\">\n<p data-start=\"1077\" data-end=\"1116\">Favorise le renouvellement cellulaire<\/p>\n<\/li>\n<li data-start=\"1117\" data-end=\"1167\">\n<p data-start=\"1119\" data-end=\"1167\">Am\u00e9liore la fermet\u00e9 et l\u2019\u00e9lasticit\u00e9 de la peau<\/p>\n<\/li>\n<li data-start=\"1168\" data-end=\"1195\">\n<p data-start=\"1170\" data-end=\"1195\">Ravive l\u2019\u00e9clat du teint<\/p>\n<\/li>\n<li data-start=\"1196\" data-end=\"1233\">\n<p data-start=\"1198\" data-end=\"1233\">Texture l\u00e9g\u00e8re et absorption rapide<\/p>\n<\/li>\n<\/ul>\n<h2 data-start=\"1235\" data-end=\"1249\">Actifs cl\u00e9s<\/h2>\n<ul data-start=\"1251\" data-end=\"1515\">\n<li data-start=\"1251\" data-end=\"1351\">\n<p data-start=\"1253\" data-end=\"1351\"><strong data-start=\"1253\" data-end=\"1276\">Retinal Liposome 2%<\/strong> : stimule le renouvellement cellulaire et am\u00e9liore la texture de la peau<\/p>\n<\/li>\n<li data-start=\"1352\" data-end=\"1429\">\n<p data-start=\"1354\" data-end=\"1429\"><strong data-start=\"1354\" data-end=\"1370\">Ginseng Noir<\/strong> : puissant antioxydant qui revitalise et prot\u00e8ge la peau<\/p>\n<\/li>\n<li data-start=\"1430\" data-end=\"1515\">\n<p data-start=\"1432\" data-end=\"1515\"><strong data-start=\"1432\" data-end=\"1453\">Actifs hydratants<\/strong> : aident \u00e0 maintenir l\u2019hydratation et la souplesse de la peau<\/p>\n<\/li>\n<\/ul>\n<h2 data-start=\"1517\" data-end=\"1538\">Mode d\u2019utilisation<\/h2>\n<p data-start=\"1540\" data-end=\"1774\">Appliquer quelques gouttes de s\u00e9rum sur le visage propre et sec, de pr\u00e9f\u00e9rence le soir. Masser d\u00e9licatement jusqu\u2019\u00e0 absorption compl\u00e8te puis appliquer une cr\u00e8me hydratante. Utiliser progressivement si vous d\u00e9butez avec les r\u00e9tino\u00efdes.<\/p>\n<h2 data-start=\"0\" data-end=\"14\">\u0645\u0643\u0648\u0646\u0627\u062a<\/h2>\n<p data-start=\"16\" data-end=\"294\" data-is-last-node=\"\" data-is-only-node=\"\">Water (Aqua), Glycerin, Butylene Glycol, Niacinamide, 1,2-Hexanediol, Retinal, Hydrogenated Lecithin, Panax Ginseng Root Extract, Panax Ginseng Berry Extract, Squalane, Sodium Hyaluronate, Allantoin, Beta-Glucan, Adenosine, Carbomer, Arginine, Ethylhexylglycerin, Disodium EDTA.<\/p>","protected":false},"excerpt":{"rendered":"<p>Le K-Secret Serum Retinal Liposome 2% + Black Ginseng est un s\u00e9rum anti-\u00e2ge puissant con\u00e7u pour am\u00e9liorer la texture de<\/p>","protected":false},"featured_media":27701,"comment_status":"open","ping_status":"closed","template":"","meta":[],"pwb-brand":[1352],"product_brand":[],"product_cat":[267,275,1046,1032,1041],"product_tag":[],"class_list":{"0":"post-27700","1":"product","2":"type-product","3":"status-publish","4":"has-post-thumbnail","6":"pwb-brand-k-secret","7":"product_cat-beaute-et-soins","8":"product_cat-epicerie","9":"product_cat-soin-de-nuit","10":"product_cat-soins-du-visage","11":"product_cat-soins-visage-hydratants","13":"first","14":"instock","15":"shipping-taxable","16":"purchasable","17":"product-type-simple"},"yoast_head":"<!-- This site is optimized with the Yoast SEO plugin v27.4 - https:\/\/yoast.com\/product\/yoast-seo-wordpress\/ -->\n<title>K-Secret - Serum Retinal Liposome 2% + Black Ginseng - 30 ml - NIRIGS<\/title>\n<meta name=\"robots\" content=\"index, follow, max-snippet:-1, max-image-preview:large, max-video-preview:-1\" \/>\n<link rel=\"canonical\" href=\"https:\/\/nirigs.com\/ar\/product\/k-secret-serum-retinal-liposome-2-black-ginseng-30-ml\/\" \/>\n<meta property=\"og:locale\" content=\"ar_AR\" \/>\n<meta property=\"og:type\" content=\"article\" \/>\n<meta property=\"og:title\" content=\"K-Secret - Serum Retinal Liposome 2% + Black Ginseng - 30 ml - NIRIGS\" \/>\n<meta property=\"og:description\" content=\"Le K-Secret Serum Retinal Liposome 2% + Black Ginseng est un s\u00e9rum anti-\u00e2ge puissant con\u00e7u pour am\u00e9liorer la texture de\" \/>\n<meta property=\"og:url\" content=\"https:\/\/nirigs.com\/ar\/product\/k-secret-serum-retinal-liposome-2-black-ginseng-30-ml\/\" \/>\n<meta property=\"og:site_name\" content=\"NIRIGS\" \/>\n<meta property=\"og:image\" content=\"https:\/\/nirigs.com\/wp-content\/uploads\/2026\/03\/K-Secret-Serum-Retinal-Liposome-2-Black-Ginseng-30-ml.png\" \/>\n\t<meta property=\"og:image:width\" content=\"1000\" \/>\n\t<meta property=\"og:image:height\" content=\"1000\" \/>\n\t<meta property=\"og:image:type\" content=\"image\/png\" \/>\n<meta name=\"twitter:card\" content=\"summary_large_image\" \/>\n<meta name=\"twitter:label1\" content=\"\u0648\u0642\u062a \u0627\u0644\u0642\u0631\u0627\u0621\u0629 \u0627\u0644\u0645\u064f\u0642\u062f\u0651\u0631\" \/>\n\t<meta name=\"twitter:data1\" content=\"\u062f\u0642\u064a\u0642\u062a\u0627\u0646\" \/>\n<script type=\"application\/ld+json\" class=\"yoast-schema-graph\">{\"@context\":\"https:\\\/\\\/schema.org\",\"@graph\":[{\"@type\":\"WebPage\",\"@id\":\"https:\\\/\\\/nirigs.com\\\/product\\\/k-secret-serum-retinal-liposome-2-black-ginseng-30-ml\\\/\",\"url\":\"https:\\\/\\\/nirigs.com\\\/product\\\/k-secret-serum-retinal-liposome-2-black-ginseng-30-ml\\\/\",\"name\":\"K-Secret - Serum Retinal Liposome 2% + Black Ginseng - 30 ml - NIRIGS\",\"isPartOf\":{\"@id\":\"https:\\\/\\\/nirigs.com\\\/#website\"},\"primaryImageOfPage\":{\"@id\":\"https:\\\/\\\/nirigs.com\\\/product\\\/k-secret-serum-retinal-liposome-2-black-ginseng-30-ml\\\/#primaryimage\"},\"image\":{\"@id\":\"https:\\\/\\\/nirigs.com\\\/product\\\/k-secret-serum-retinal-liposome-2-black-ginseng-30-ml\\\/#primaryimage\"},\"thumbnailUrl\":\"https:\\\/\\\/nirigs.com\\\/wp-content\\\/uploads\\\/2026\\\/03\\\/K-Secret-Serum-Retinal-Liposome-2-Black-Ginseng-30-ml.png\",\"datePublished\":\"2026-03-07T16:00:18+00:00\",\"breadcrumb\":{\"@id\":\"https:\\\/\\\/nirigs.com\\\/product\\\/k-secret-serum-retinal-liposome-2-black-ginseng-30-ml\\\/#breadcrumb\"},\"inLanguage\":\"ar\",\"potentialAction\":[{\"@type\":\"ReadAction\",\"target\":[\"https:\\\/\\\/nirigs.com\\\/product\\\/k-secret-serum-retinal-liposome-2-black-ginseng-30-ml\\\/\"]}]},{\"@type\":\"ImageObject\",\"inLanguage\":\"ar\",\"@id\":\"https:\\\/\\\/nirigs.com\\\/product\\\/k-secret-serum-retinal-liposome-2-black-ginseng-30-ml\\\/#primaryimage\",\"url\":\"https:\\\/\\\/nirigs.com\\\/wp-content\\\/uploads\\\/2026\\\/03\\\/K-Secret-Serum-Retinal-Liposome-2-Black-Ginseng-30-ml.png\",\"contentUrl\":\"https:\\\/\\\/nirigs.com\\\/wp-content\\\/uploads\\\/2026\\\/03\\\/K-Secret-Serum-Retinal-Liposome-2-Black-Ginseng-30-ml.png\",\"width\":1000,\"height\":1000},{\"@type\":\"BreadcrumbList\",\"@id\":\"https:\\\/\\\/nirigs.com\\\/product\\\/k-secret-serum-retinal-liposome-2-black-ginseng-30-ml\\\/#breadcrumb\",\"itemListElement\":[{\"@type\":\"ListItem\",\"position\":1,\"name\":\"Home\",\"item\":\"https:\\\/\\\/nirigs.com\\\/\"},{\"@type\":\"ListItem\",\"position\":2,\"name\":\"Parcourir\",\"item\":\"https:\\\/\\\/nirigs.com\\\/boutique\\\/\"},{\"@type\":\"ListItem\",\"position\":3,\"name\":\"K-Secret &#8211; Serum Retinal Liposome 2% + Black Ginseng &#8211; 30 ml\"}]},{\"@type\":\"WebSite\",\"@id\":\"https:\\\/\\\/nirigs.com\\\/#website\",\"url\":\"https:\\\/\\\/nirigs.com\\\/\",\"name\":\"Nirigs.com\",\"description\":\"Simplifiez vos achats du quotidien \u00e0 Djibouti\",\"publisher\":{\"@id\":\"https:\\\/\\\/nirigs.com\\\/#organization\"},\"potentialAction\":[{\"@type\":\"SearchAction\",\"target\":{\"@type\":\"EntryPoint\",\"urlTemplate\":\"https:\\\/\\\/nirigs.com\\\/?s={search_term_string}\"},\"query-input\":{\"@type\":\"PropertyValueSpecification\",\"valueRequired\":true,\"valueName\":\"search_term_string\"}}],\"inLanguage\":\"ar\"},{\"@type\":\"Organization\",\"@id\":\"https:\\\/\\\/nirigs.com\\\/#organization\",\"name\":\"Nirigs\",\"url\":\"https:\\\/\\\/nirigs.com\\\/\",\"logo\":{\"@type\":\"ImageObject\",\"inLanguage\":\"ar\",\"@id\":\"https:\\\/\\\/nirigs.com\\\/#\\\/schema\\\/logo\\\/image\\\/\",\"url\":\"https:\\\/\\\/nirigs.com\\\/wp-content\\\/uploads\\\/2025\\\/04\\\/Design-sans-titre-27.png\",\"contentUrl\":\"https:\\\/\\\/nirigs.com\\\/wp-content\\\/uploads\\\/2025\\\/04\\\/Design-sans-titre-27.png\",\"width\":500,\"height\":500,\"caption\":\"Nirigs\"},\"image\":{\"@id\":\"https:\\\/\\\/nirigs.com\\\/#\\\/schema\\\/logo\\\/image\\\/\"}}]}<\/script>\n<!-- \/ Yoast SEO plugin. -->","yoast_head_json":{"title":"K-Secret - Serum Retinal Liposome 2% + Black Ginseng - 30 ml - NIRIGS","robots":{"index":"index","follow":"follow","max-snippet":"max-snippet:-1","max-image-preview":"max-image-preview:large","max-video-preview":"max-video-preview:-1"},"canonical":"https:\/\/nirigs.com\/ar\/product\/k-secret-serum-retinal-liposome-2-black-ginseng-30-ml\/","og_locale":"ar_AR","og_type":"article","og_title":"K-Secret - Serum Retinal Liposome 2% + Black Ginseng - 30 ml - NIRIGS","og_description":"Le K-Secret Serum Retinal Liposome 2% + Black Ginseng est un s\u00e9rum anti-\u00e2ge puissant con\u00e7u pour am\u00e9liorer la texture de","og_url":"https:\/\/nirigs.com\/ar\/product\/k-secret-serum-retinal-liposome-2-black-ginseng-30-ml\/","og_site_name":"NIRIGS","og_image":[{"width":1000,"height":1000,"url":"https:\/\/nirigs.com\/wp-content\/uploads\/2026\/03\/K-Secret-Serum-Retinal-Liposome-2-Black-Ginseng-30-ml.png","type":"image\/png"}],"twitter_card":"summary_large_image","twitter_misc":{"\u0648\u0642\u062a \u0627\u0644\u0642\u0631\u0627\u0621\u0629 \u0627\u0644\u0645\u064f\u0642\u062f\u0651\u0631":"\u062f\u0642\u064a\u0642\u062a\u0627\u0646"},"schema":{"@context":"https:\/\/schema.org","@graph":[{"@type":"WebPage","@id":"https:\/\/nirigs.com\/product\/k-secret-serum-retinal-liposome-2-black-ginseng-30-ml\/","url":"https:\/\/nirigs.com\/product\/k-secret-serum-retinal-liposome-2-black-ginseng-30-ml\/","name":"K-Secret - Serum Retinal Liposome 2% + Black Ginseng - 30 ml - NIRIGS","isPartOf":{"@id":"https:\/\/nirigs.com\/#website"},"primaryImageOfPage":{"@id":"https:\/\/nirigs.com\/product\/k-secret-serum-retinal-liposome-2-black-ginseng-30-ml\/#primaryimage"},"image":{"@id":"https:\/\/nirigs.com\/product\/k-secret-serum-retinal-liposome-2-black-ginseng-30-ml\/#primaryimage"},"thumbnailUrl":"https:\/\/nirigs.com\/wp-content\/uploads\/2026\/03\/K-Secret-Serum-Retinal-Liposome-2-Black-Ginseng-30-ml.png","datePublished":"2026-03-07T16:00:18+00:00","breadcrumb":{"@id":"https:\/\/nirigs.com\/product\/k-secret-serum-retinal-liposome-2-black-ginseng-30-ml\/#breadcrumb"},"inLanguage":"ar","potentialAction":[{"@type":"ReadAction","target":["https:\/\/nirigs.com\/product\/k-secret-serum-retinal-liposome-2-black-ginseng-30-ml\/"]}]},{"@type":"ImageObject","inLanguage":"ar","@id":"https:\/\/nirigs.com\/product\/k-secret-serum-retinal-liposome-2-black-ginseng-30-ml\/#primaryimage","url":"https:\/\/nirigs.com\/wp-content\/uploads\/2026\/03\/K-Secret-Serum-Retinal-Liposome-2-Black-Ginseng-30-ml.png","contentUrl":"https:\/\/nirigs.com\/wp-content\/uploads\/2026\/03\/K-Secret-Serum-Retinal-Liposome-2-Black-Ginseng-30-ml.png","width":1000,"height":1000},{"@type":"BreadcrumbList","@id":"https:\/\/nirigs.com\/product\/k-secret-serum-retinal-liposome-2-black-ginseng-30-ml\/#breadcrumb","itemListElement":[{"@type":"ListItem","position":1,"name":"Home","item":"https:\/\/nirigs.com\/"},{"@type":"ListItem","position":2,"name":"Parcourir","item":"https:\/\/nirigs.com\/boutique\/"},{"@type":"ListItem","position":3,"name":"K-Secret &#8211; Serum Retinal Liposome 2% + Black Ginseng &#8211; 30 ml"}]},{"@type":"WebSite","@id":"https:\/\/nirigs.com\/#website","url":"https:\/\/nirigs.com\/","name":"Nirigs.com","description":"Simplifiez vos achats du quotidien \u00e0 Djibouti","publisher":{"@id":"https:\/\/nirigs.com\/#organization"},"potentialAction":[{"@type":"SearchAction","target":{"@type":"EntryPoint","urlTemplate":"https:\/\/nirigs.com\/?s={search_term_string}"},"query-input":{"@type":"PropertyValueSpecification","valueRequired":true,"valueName":"search_term_string"}}],"inLanguage":"ar"},{"@type":"Organization","@id":"https:\/\/nirigs.com\/#organization","name":"\u0646\u064a\u0631\u064a\u062c\u0633","url":"https:\/\/nirigs.com\/","logo":{"@type":"ImageObject","inLanguage":"ar","@id":"https:\/\/nirigs.com\/#\/schema\/logo\/image\/","url":"https:\/\/nirigs.com\/wp-content\/uploads\/2025\/04\/Design-sans-titre-27.png","contentUrl":"https:\/\/nirigs.com\/wp-content\/uploads\/2025\/04\/Design-sans-titre-27.png","width":500,"height":500,"caption":"Nirigs"},"image":{"@id":"https:\/\/nirigs.com\/#\/schema\/logo\/image\/"}}]}},"brands":[{"id":1352,"name":"K-Secret","slug":"k-secret"}],"_links":{"self":[{"href":"https:\/\/nirigs.com\/ar\/wp-json\/wp\/v2\/product\/27700","targetHints":{"allow":["GET"]}}],"collection":[{"href":"https:\/\/nirigs.com\/ar\/wp-json\/wp\/v2\/product"}],"about":[{"href":"https:\/\/nirigs.com\/ar\/wp-json\/wp\/v2\/types\/product"}],"replies":[{"embeddable":true,"href":"https:\/\/nirigs.com\/ar\/wp-json\/wp\/v2\/comments?post=27700"}],"version-history":[{"count":2,"href":"https:\/\/nirigs.com\/ar\/wp-json\/wp\/v2\/product\/27700\/revisions"}],"predecessor-version":[{"id":27705,"href":"https:\/\/nirigs.com\/ar\/wp-json\/wp\/v2\/product\/27700\/revisions\/27705"}],"wp:featuredmedia":[{"embeddable":true,"href":"https:\/\/nirigs.com\/ar\/wp-json\/wp\/v2\/media\/27701"}],"wp:attachment":[{"href":"https:\/\/nirigs.com\/ar\/wp-json\/wp\/v2\/media?parent=27700"}],"wp:term":[{"taxonomy":"pwb-brand","embeddable":true,"href":"https:\/\/nirigs.com\/ar\/wp-json\/wp\/v2\/pwb-brand?post=27700"},{"taxonomy":"product_brand","embeddable":true,"href":"https:\/\/nirigs.com\/ar\/wp-json\/wp\/v2\/product_brand?post=27700"},{"taxonomy":"product_cat","embeddable":true,"href":"https:\/\/nirigs.com\/ar\/wp-json\/wp\/v2\/product_cat?post=27700"},{"taxonomy":"product_tag","embeddable":true,"href":"https:\/\/nirigs.com\/ar\/wp-json\/wp\/v2\/product_tag?post=27700"}],"curies":[{"name":"wp","href":"https:\/\/api.w.org\/{rel}","templated":true}]}}