{"id":27684,"date":"2026-03-06T20:03:03","date_gmt":"2026-03-06T17:03:03","guid":{"rendered":"https:\/\/nirigs.com\/?post_type=product&#038;p=27684"},"modified":"2026-03-06T20:03:03","modified_gmt":"2026-03-06T17:03:03","slug":"skin1004-centella-soothing-cream-creme-apaisante-75-ml","status":"publish","type":"product","link":"https:\/\/nirigs.com\/ar\/product\/skin1004-centella-soothing-cream-creme-apaisante-75-ml\/","title":{"rendered":"SKIN1004 &#8211; Centella Soothing Cream \u2013 Cr\u00e8me Apaisante &#8211; 75 ml"},"content":{"rendered":"<p data-start=\"24\" data-end=\"355\">La <strong data-start=\"27\" data-end=\"63\">SKIN1004 Centella Soothing Cream<\/strong> est une cr\u00e8me hydratante et apaisante con\u00e7ue pour calmer les irritations et renforcer la barri\u00e8re naturelle de la peau. Sa formule l\u00e9g\u00e8re enrichie en <strong data-start=\"214\" data-end=\"235\">Centella Asiatica<\/strong> aide \u00e0 hydrater intens\u00e9ment tout en apportant un effet apaisant aux peaux sensibles, irrit\u00e9es ou sujettes aux rougeurs.<\/p>\n<p data-start=\"357\" data-end=\"596\">Gr\u00e2ce \u00e0 sa texture douce et non grasse, cette cr\u00e8me p\u00e9n\u00e8tre rapidement dans la peau et procure une sensation imm\u00e9diate de confort. Elle aide \u00e0 maintenir l\u2019\u00e9quilibre hydratant de la peau tout en am\u00e9liorant sa souplesse et son \u00e9clat naturel.<\/p>\n<p data-start=\"598\" data-end=\"813\">Id\u00e9ale pour une utilisation quotidienne, la <strong data-start=\"642\" data-end=\"669\">Centella Soothing Cream<\/strong> convient particuli\u00e8rement aux peaux sensibles, mixtes ou d\u00e9shydrat\u00e9es et contribue \u00e0 garder une peau douce, hydrat\u00e9e et visiblement plus saine.<\/p>\n<h2 data-start=\"815\" data-end=\"827\">Bienfaits<\/h2>\n<ul data-start=\"829\" data-end=\"1039\">\n<li data-start=\"829\" data-end=\"871\">\n<p data-start=\"831\" data-end=\"871\">Apaise les irritations et les rougeurs<\/p>\n<\/li>\n<li data-start=\"872\" data-end=\"903\">\n<p data-start=\"874\" data-end=\"903\">Hydrate intens\u00e9ment la peau<\/p>\n<\/li>\n<li data-start=\"904\" data-end=\"936\">\n<p data-start=\"906\" data-end=\"936\">Renforce la barri\u00e8re cutan\u00e9e<\/p>\n<\/li>\n<li data-start=\"937\" data-end=\"987\">\n<p data-start=\"939\" data-end=\"987\">Am\u00e9liore la souplesse et le confort de la peau<\/p>\n<\/li>\n<li data-start=\"988\" data-end=\"1039\">\n<p data-start=\"990\" data-end=\"1039\">Texture l\u00e9g\u00e8re, non grasse et rapidement absorb\u00e9e<\/p>\n<\/li>\n<\/ul>\n<h2 data-start=\"1041\" data-end=\"1055\">Actifs cl\u00e9s<\/h2>\n<ul data-start=\"1057\" data-end=\"1249\">\n<li data-start=\"1057\" data-end=\"1117\">\n<p data-start=\"1059\" data-end=\"1117\"><strong data-start=\"1059\" data-end=\"1080\">Centella Asiatica<\/strong> : apaise et aide \u00e0 r\u00e9parer la peau<\/p>\n<\/li>\n<li data-start=\"1118\" data-end=\"1183\">\n<p data-start=\"1120\" data-end=\"1183\"><strong data-start=\"1120\" data-end=\"1141\">Agents hydratants<\/strong> : maintiennent l\u2019hydratation de la peau<\/p>\n<\/li>\n<li data-start=\"1184\" data-end=\"1249\">\n<p data-start=\"1186\" data-end=\"1249\"><strong data-start=\"1186\" data-end=\"1211\">Ingr\u00e9dients apaisants<\/strong> : aident \u00e0 calmer les peaux sensibles<\/p>\n<\/li>\n<\/ul>\n<h2 data-start=\"1251\" data-end=\"1272\">Mode d\u2019utilisation<\/h2>\n<p data-start=\"1274\" data-end=\"1445\">Appliquer une quantit\u00e9 appropri\u00e9e de cr\u00e8me sur le visage propre et sec. Masser d\u00e9licatement jusqu\u2019\u00e0 absorption compl\u00e8te. Utiliser matin et soir dans votre routine de soin.<\/p>\n<article class=\"text-token-text-primary w-full focus:outline-none [--shadow-height:45px] has-data-writing-block:pointer-events-none has-data-writing-block:-mt-(--shadow-height) has-data-writing-block:pt-(--shadow-height) [&amp;:has([data-writing-block])&gt;*]:pointer-events-auto scroll-mt-(--header-height)\" dir=\"auto\" tabindex=\"-1\" data-turn-id=\"bbe2aa05-845c-4459-b972-9bc0dd317396\" data-testid=\"conversation-turn-149\" data-scroll-anchor=\"false\" data-turn=\"user\"><\/article>\n<article class=\"text-token-text-primary w-full focus:outline-none [--shadow-height:45px] has-data-writing-block:pointer-events-none has-data-writing-block:-mt-(--shadow-height) has-data-writing-block:pt-(--shadow-height) [&amp;:has([data-writing-block])&gt;*]:pointer-events-auto scroll-mt-[calc(var(--header-height)+min(200px,max(70px,20svh)))]\" dir=\"auto\" tabindex=\"-1\" data-turn-id=\"request-699b14a6-b5ac-832e-a70e-64524a650d15-9\" data-testid=\"conversation-turn-150\" data-scroll-anchor=\"true\" data-turn=\"assistant\">\n<div class=\"text-base my-auto mx-auto pb-10 [--thread-content-margin:--spacing(4)] @w-sm\/main:[--thread-content-margin:--spacing(6)] @w-lg\/main:[--thread-content-margin:--spacing(16)] px-(--thread-content-margin)\">\n<div class=\"[--thread-content-max-width:40rem] @w-lg\/main:[--thread-content-max-width:48rem] mx-auto max-w-(--thread-content-max-width) flex-1 group\/turn-messages focus-visible:outline-hidden relative flex w-full min-w-0 flex-col agent-turn\" tabindex=\"-1\">\n<div class=\"flex max-w-full flex-col grow\">\n<div class=\"min-h-8 text-message relative flex w-full flex-col items-end gap-2 text-start break-words whitespace-normal [.text-message+&amp;]:mt-1\" dir=\"auto\" data-message-author-role=\"assistant\" data-message-id=\"5465427e-107a-45b1-b9bb-9f96784c6bf0\" data-message-model-slug=\"gpt-5-3\">\n<div class=\"flex w-full flex-col gap-1 empty:hidden first:pt-[1px]\">\n<div class=\"markdown prose dark:prose-invert w-full wrap-break-word light markdown-new-styling\">\n<h2 data-start=\"0\" data-end=\"14\">Ingr\u00e9dients<\/h2>\n<p data-start=\"16\" data-end=\"363\" data-is-last-node=\"\" data-is-only-node=\"\">Centella Asiatica Extract, Water (Aqua), Glycerin, Butylene Glycol, Niacinamide, Squalane, Caprylic\/Capric Triglyceride, Cetearyl Alcohol, Cetearyl Olivate, Sorbitan Olivate, Panthenol, Sodium Hyaluronate, Madecassoside, Asiaticoside, Asiatic Acid, Madecassic Acid, Allantoin, Carbomer, Arginine, 1,2-Hexanediol, Ethylhexylglycerin, Disodium EDTA.<\/p>\n<\/div>\n<\/div>\n<\/div>\n<\/div>\n<\/div>\n<\/div>\n<\/article>\n","protected":false},"excerpt":{"rendered":"<p>La SKIN1004 Centella Soothing Cream est une cr\u00e8me hydratante et apaisante con\u00e7ue pour calmer les irritations et renforcer la barri\u00e8re<\/p>","protected":false},"featured_media":27685,"comment_status":"open","ping_status":"closed","template":"","meta":[],"pwb-brand":[1351],"product_brand":[],"product_cat":[267,275,1045,1029,1041],"product_tag":[],"class_list":{"0":"post-27684","1":"product","2":"type-product","3":"status-publish","4":"has-post-thumbnail","6":"pwb-brand-skin1004","7":"product_cat-beaute-et-soins","8":"product_cat-epicerie","9":"product_cat-soin-de-jour","10":"product_cat-soins-pour-la-peau","11":"product_cat-soins-visage-hydratants","13":"first","14":"instock","15":"shipping-taxable","16":"purchasable","17":"product-type-simple"},"yoast_head":"<!-- This site is optimized with the Yoast SEO plugin v27.4 - https:\/\/yoast.com\/product\/yoast-seo-wordpress\/ -->\n<title>SKIN1004 - Centella Soothing Cream \u2013 Cr\u00e8me Apaisante - 75 ml - NIRIGS<\/title>\n<meta name=\"robots\" content=\"index, follow, max-snippet:-1, max-image-preview:large, max-video-preview:-1\" \/>\n<link rel=\"canonical\" href=\"https:\/\/nirigs.com\/ar\/product\/skin1004-centella-soothing-cream-creme-apaisante-75-ml\/\" \/>\n<meta property=\"og:locale\" content=\"ar_AR\" \/>\n<meta property=\"og:type\" content=\"article\" \/>\n<meta property=\"og:title\" content=\"SKIN1004 - Centella Soothing Cream \u2013 Cr\u00e8me Apaisante - 75 ml - NIRIGS\" \/>\n<meta property=\"og:description\" content=\"La SKIN1004 Centella Soothing Cream est une cr\u00e8me hydratante et apaisante con\u00e7ue pour calmer les irritations et renforcer la barri\u00e8re\" \/>\n<meta property=\"og:url\" content=\"https:\/\/nirigs.com\/ar\/product\/skin1004-centella-soothing-cream-creme-apaisante-75-ml\/\" \/>\n<meta property=\"og:site_name\" content=\"NIRIGS\" \/>\n<meta property=\"og:image\" content=\"https:\/\/nirigs.com\/wp-content\/uploads\/2026\/03\/SKIN1004-Centella-Soothing-Cream-\u2013-Creme-Apaisante-75-ml.png\" \/>\n\t<meta property=\"og:image:width\" content=\"1000\" \/>\n\t<meta property=\"og:image:height\" content=\"1000\" \/>\n\t<meta property=\"og:image:type\" content=\"image\/png\" \/>\n<meta name=\"twitter:card\" content=\"summary_large_image\" \/>\n<meta name=\"twitter:label1\" content=\"\u0648\u0642\u062a \u0627\u0644\u0642\u0631\u0627\u0621\u0629 \u0627\u0644\u0645\u064f\u0642\u062f\u0651\u0631\" \/>\n\t<meta name=\"twitter:data1\" content=\"\u062f\u0642\u064a\u0642\u062a\u0627\u0646\" \/>\n<script type=\"application\/ld+json\" class=\"yoast-schema-graph\">{\"@context\":\"https:\\\/\\\/schema.org\",\"@graph\":[{\"@type\":\"WebPage\",\"@id\":\"https:\\\/\\\/nirigs.com\\\/product\\\/skin1004-centella-soothing-cream-creme-apaisante-75-ml\\\/\",\"url\":\"https:\\\/\\\/nirigs.com\\\/product\\\/skin1004-centella-soothing-cream-creme-apaisante-75-ml\\\/\",\"name\":\"SKIN1004 - Centella Soothing Cream \u2013 Cr\u00e8me Apaisante - 75 ml - NIRIGS\",\"isPartOf\":{\"@id\":\"https:\\\/\\\/nirigs.com\\\/#website\"},\"primaryImageOfPage\":{\"@id\":\"https:\\\/\\\/nirigs.com\\\/product\\\/skin1004-centella-soothing-cream-creme-apaisante-75-ml\\\/#primaryimage\"},\"image\":{\"@id\":\"https:\\\/\\\/nirigs.com\\\/product\\\/skin1004-centella-soothing-cream-creme-apaisante-75-ml\\\/#primaryimage\"},\"thumbnailUrl\":\"https:\\\/\\\/nirigs.com\\\/wp-content\\\/uploads\\\/2026\\\/03\\\/SKIN1004-Centella-Soothing-Cream-\u2013-Creme-Apaisante-75-ml.png\",\"datePublished\":\"2026-03-06T17:03:03+00:00\",\"breadcrumb\":{\"@id\":\"https:\\\/\\\/nirigs.com\\\/product\\\/skin1004-centella-soothing-cream-creme-apaisante-75-ml\\\/#breadcrumb\"},\"inLanguage\":\"ar\",\"potentialAction\":[{\"@type\":\"ReadAction\",\"target\":[\"https:\\\/\\\/nirigs.com\\\/product\\\/skin1004-centella-soothing-cream-creme-apaisante-75-ml\\\/\"]}]},{\"@type\":\"ImageObject\",\"inLanguage\":\"ar\",\"@id\":\"https:\\\/\\\/nirigs.com\\\/product\\\/skin1004-centella-soothing-cream-creme-apaisante-75-ml\\\/#primaryimage\",\"url\":\"https:\\\/\\\/nirigs.com\\\/wp-content\\\/uploads\\\/2026\\\/03\\\/SKIN1004-Centella-Soothing-Cream-\u2013-Creme-Apaisante-75-ml.png\",\"contentUrl\":\"https:\\\/\\\/nirigs.com\\\/wp-content\\\/uploads\\\/2026\\\/03\\\/SKIN1004-Centella-Soothing-Cream-\u2013-Creme-Apaisante-75-ml.png\",\"width\":1000,\"height\":1000},{\"@type\":\"BreadcrumbList\",\"@id\":\"https:\\\/\\\/nirigs.com\\\/product\\\/skin1004-centella-soothing-cream-creme-apaisante-75-ml\\\/#breadcrumb\",\"itemListElement\":[{\"@type\":\"ListItem\",\"position\":1,\"name\":\"Home\",\"item\":\"https:\\\/\\\/nirigs.com\\\/\"},{\"@type\":\"ListItem\",\"position\":2,\"name\":\"Parcourir\",\"item\":\"https:\\\/\\\/nirigs.com\\\/boutique\\\/\"},{\"@type\":\"ListItem\",\"position\":3,\"name\":\"SKIN1004 &#8211; Centella Soothing Cream \u2013 Cr\u00e8me Apaisante &#8211; 75 ml\"}]},{\"@type\":\"WebSite\",\"@id\":\"https:\\\/\\\/nirigs.com\\\/#website\",\"url\":\"https:\\\/\\\/nirigs.com\\\/\",\"name\":\"Nirigs.com\",\"description\":\"Simplifiez vos achats du quotidien \u00e0 Djibouti\",\"publisher\":{\"@id\":\"https:\\\/\\\/nirigs.com\\\/#organization\"},\"potentialAction\":[{\"@type\":\"SearchAction\",\"target\":{\"@type\":\"EntryPoint\",\"urlTemplate\":\"https:\\\/\\\/nirigs.com\\\/?s={search_term_string}\"},\"query-input\":{\"@type\":\"PropertyValueSpecification\",\"valueRequired\":true,\"valueName\":\"search_term_string\"}}],\"inLanguage\":\"ar\"},{\"@type\":\"Organization\",\"@id\":\"https:\\\/\\\/nirigs.com\\\/#organization\",\"name\":\"Nirigs\",\"url\":\"https:\\\/\\\/nirigs.com\\\/\",\"logo\":{\"@type\":\"ImageObject\",\"inLanguage\":\"ar\",\"@id\":\"https:\\\/\\\/nirigs.com\\\/#\\\/schema\\\/logo\\\/image\\\/\",\"url\":\"https:\\\/\\\/nirigs.com\\\/wp-content\\\/uploads\\\/2025\\\/04\\\/Design-sans-titre-27.png\",\"contentUrl\":\"https:\\\/\\\/nirigs.com\\\/wp-content\\\/uploads\\\/2025\\\/04\\\/Design-sans-titre-27.png\",\"width\":500,\"height\":500,\"caption\":\"Nirigs\"},\"image\":{\"@id\":\"https:\\\/\\\/nirigs.com\\\/#\\\/schema\\\/logo\\\/image\\\/\"}}]}<\/script>\n<!-- \/ Yoast SEO plugin. -->","yoast_head_json":{"title":"SKIN1004 - Centella Soothing Cream \u2013 Cr\u00e8me Apaisante - 75 ml - NIRIGS","robots":{"index":"index","follow":"follow","max-snippet":"max-snippet:-1","max-image-preview":"max-image-preview:large","max-video-preview":"max-video-preview:-1"},"canonical":"https:\/\/nirigs.com\/ar\/product\/skin1004-centella-soothing-cream-creme-apaisante-75-ml\/","og_locale":"ar_AR","og_type":"article","og_title":"SKIN1004 - Centella Soothing Cream \u2013 Cr\u00e8me Apaisante - 75 ml - NIRIGS","og_description":"La SKIN1004 Centella Soothing Cream est une cr\u00e8me hydratante et apaisante con\u00e7ue pour calmer les irritations et renforcer la barri\u00e8re","og_url":"https:\/\/nirigs.com\/ar\/product\/skin1004-centella-soothing-cream-creme-apaisante-75-ml\/","og_site_name":"NIRIGS","og_image":[{"width":1000,"height":1000,"url":"https:\/\/nirigs.com\/wp-content\/uploads\/2026\/03\/SKIN1004-Centella-Soothing-Cream-\u2013-Creme-Apaisante-75-ml.png","type":"image\/png"}],"twitter_card":"summary_large_image","twitter_misc":{"\u0648\u0642\u062a \u0627\u0644\u0642\u0631\u0627\u0621\u0629 \u0627\u0644\u0645\u064f\u0642\u062f\u0651\u0631":"\u062f\u0642\u064a\u0642\u062a\u0627\u0646"},"schema":{"@context":"https:\/\/schema.org","@graph":[{"@type":"WebPage","@id":"https:\/\/nirigs.com\/product\/skin1004-centella-soothing-cream-creme-apaisante-75-ml\/","url":"https:\/\/nirigs.com\/product\/skin1004-centella-soothing-cream-creme-apaisante-75-ml\/","name":"SKIN1004 - Centella Soothing Cream \u2013 Cr\u00e8me Apaisante - 75 ml - NIRIGS","isPartOf":{"@id":"https:\/\/nirigs.com\/#website"},"primaryImageOfPage":{"@id":"https:\/\/nirigs.com\/product\/skin1004-centella-soothing-cream-creme-apaisante-75-ml\/#primaryimage"},"image":{"@id":"https:\/\/nirigs.com\/product\/skin1004-centella-soothing-cream-creme-apaisante-75-ml\/#primaryimage"},"thumbnailUrl":"https:\/\/nirigs.com\/wp-content\/uploads\/2026\/03\/SKIN1004-Centella-Soothing-Cream-\u2013-Creme-Apaisante-75-ml.png","datePublished":"2026-03-06T17:03:03+00:00","breadcrumb":{"@id":"https:\/\/nirigs.com\/product\/skin1004-centella-soothing-cream-creme-apaisante-75-ml\/#breadcrumb"},"inLanguage":"ar","potentialAction":[{"@type":"ReadAction","target":["https:\/\/nirigs.com\/product\/skin1004-centella-soothing-cream-creme-apaisante-75-ml\/"]}]},{"@type":"ImageObject","inLanguage":"ar","@id":"https:\/\/nirigs.com\/product\/skin1004-centella-soothing-cream-creme-apaisante-75-ml\/#primaryimage","url":"https:\/\/nirigs.com\/wp-content\/uploads\/2026\/03\/SKIN1004-Centella-Soothing-Cream-\u2013-Creme-Apaisante-75-ml.png","contentUrl":"https:\/\/nirigs.com\/wp-content\/uploads\/2026\/03\/SKIN1004-Centella-Soothing-Cream-\u2013-Creme-Apaisante-75-ml.png","width":1000,"height":1000},{"@type":"BreadcrumbList","@id":"https:\/\/nirigs.com\/product\/skin1004-centella-soothing-cream-creme-apaisante-75-ml\/#breadcrumb","itemListElement":[{"@type":"ListItem","position":1,"name":"Home","item":"https:\/\/nirigs.com\/"},{"@type":"ListItem","position":2,"name":"Parcourir","item":"https:\/\/nirigs.com\/boutique\/"},{"@type":"ListItem","position":3,"name":"SKIN1004 &#8211; Centella Soothing Cream \u2013 Cr\u00e8me Apaisante &#8211; 75 ml"}]},{"@type":"WebSite","@id":"https:\/\/nirigs.com\/#website","url":"https:\/\/nirigs.com\/","name":"Nirigs.com","description":"Simplifiez vos achats du quotidien \u00e0 Djibouti","publisher":{"@id":"https:\/\/nirigs.com\/#organization"},"potentialAction":[{"@type":"SearchAction","target":{"@type":"EntryPoint","urlTemplate":"https:\/\/nirigs.com\/?s={search_term_string}"},"query-input":{"@type":"PropertyValueSpecification","valueRequired":true,"valueName":"search_term_string"}}],"inLanguage":"ar"},{"@type":"Organization","@id":"https:\/\/nirigs.com\/#organization","name":"\u0646\u064a\u0631\u064a\u062c\u0633","url":"https:\/\/nirigs.com\/","logo":{"@type":"ImageObject","inLanguage":"ar","@id":"https:\/\/nirigs.com\/#\/schema\/logo\/image\/","url":"https:\/\/nirigs.com\/wp-content\/uploads\/2025\/04\/Design-sans-titre-27.png","contentUrl":"https:\/\/nirigs.com\/wp-content\/uploads\/2025\/04\/Design-sans-titre-27.png","width":500,"height":500,"caption":"Nirigs"},"image":{"@id":"https:\/\/nirigs.com\/#\/schema\/logo\/image\/"}}]}},"brands":[{"id":1351,"name":"SKIN1004","slug":"skin1004"}],"_links":{"self":[{"href":"https:\/\/nirigs.com\/ar\/wp-json\/wp\/v2\/product\/27684","targetHints":{"allow":["GET"]}}],"collection":[{"href":"https:\/\/nirigs.com\/ar\/wp-json\/wp\/v2\/product"}],"about":[{"href":"https:\/\/nirigs.com\/ar\/wp-json\/wp\/v2\/types\/product"}],"replies":[{"embeddable":true,"href":"https:\/\/nirigs.com\/ar\/wp-json\/wp\/v2\/comments?post=27684"}],"version-history":[{"count":1,"href":"https:\/\/nirigs.com\/ar\/wp-json\/wp\/v2\/product\/27684\/revisions"}],"predecessor-version":[{"id":27698,"href":"https:\/\/nirigs.com\/ar\/wp-json\/wp\/v2\/product\/27684\/revisions\/27698"}],"wp:featuredmedia":[{"embeddable":true,"href":"https:\/\/nirigs.com\/ar\/wp-json\/wp\/v2\/media\/27685"}],"wp:attachment":[{"href":"https:\/\/nirigs.com\/ar\/wp-json\/wp\/v2\/media?parent=27684"}],"wp:term":[{"taxonomy":"pwb-brand","embeddable":true,"href":"https:\/\/nirigs.com\/ar\/wp-json\/wp\/v2\/pwb-brand?post=27684"},{"taxonomy":"product_brand","embeddable":true,"href":"https:\/\/nirigs.com\/ar\/wp-json\/wp\/v2\/product_brand?post=27684"},{"taxonomy":"product_cat","embeddable":true,"href":"https:\/\/nirigs.com\/ar\/wp-json\/wp\/v2\/product_cat?post=27684"},{"taxonomy":"product_tag","embeddable":true,"href":"https:\/\/nirigs.com\/ar\/wp-json\/wp\/v2\/product_tag?post=27684"}],"curies":[{"name":"wp","href":"https:\/\/api.w.org\/{rel}","templated":true}]}}