{"id":27564,"date":"2026-02-28T19:22:42","date_gmt":"2026-02-28T16:22:42","guid":{"rendered":"https:\/\/nirigs.com\/?post_type=product&#038;p=27564"},"modified":"2026-02-28T19:23:52","modified_gmt":"2026-02-28T16:23:52","slug":"cosmo-spray-solaire-spf-50-niacinamide-200-ml","status":"publish","type":"product","link":"https:\/\/nirigs.com\/ar\/product\/cosmo-spray-solaire-spf-50-niacinamide-200-ml\/","title":{"rendered":"Cosmo &#8211; Spray solaire SPF 50+ Niacinamide &#8211; 200 ml"},"content":{"rendered":"<p data-start=\"67\" data-end=\"560\">Le spray solaire Cosmo SPF 50+ \u00e0 la vitamine C et au niacinamide offre une tr\u00e8s haute protection contre les rayons UVA et UVB tout en prenant soin de la peau. Sa formule l\u00e9g\u00e8re et rafra\u00eechissante aide \u00e0 pr\u00e9venir les dommages caus\u00e9s par le soleil, prot\u00e8ge du vieillissement cutan\u00e9 pr\u00e9matur\u00e9 et contribue \u00e0 illuminer le teint. Gr\u00e2ce \u00e0 ses actifs antioxydants et hydratants, ce spray solaire prot\u00e8ge efficacement tout en laissant la peau douce, lumineuse et confortable.<\/p>\n<h2 data-section-id=\"pns44f\" data-start=\"567\" data-end=\"590\">Bienfaits principaux<\/h2>\n<ul data-start=\"591\" data-end=\"786\">\n<li data-section-id=\"1d751w0\" data-start=\"591\" data-end=\"624\">\n<p data-start=\"593\" data-end=\"624\">Tr\u00e8s haute protection SPF 50+<\/p>\n<\/li>\n<li data-section-id=\"1n63fki\" data-start=\"625\" data-end=\"658\">\n<p data-start=\"627\" data-end=\"658\">Prot\u00e8ge contre les UVA et UVB<\/p>\n<\/li>\n<li data-section-id=\"6rzev0\" data-start=\"659\" data-end=\"710\">\n<p data-start=\"661\" data-end=\"710\">Aide \u00e0 pr\u00e9venir taches et vieillissement cutan\u00e9<\/p>\n<\/li>\n<li data-section-id=\"1h1scsx\" data-start=\"711\" data-end=\"742\">\n<p data-start=\"713\" data-end=\"742\">Hydrate et illumine la peau<\/p>\n<\/li>\n<li data-section-id=\"iwmmm8\" data-start=\"743\" data-end=\"786\">\n<p data-start=\"745\" data-end=\"786\">Texture l\u00e9g\u00e8re, non grasse et invisible<\/p>\n<\/li>\n<\/ul>\n<h2 data-section-id=\"5zkuii\" data-start=\"793\" data-end=\"807\">Actifs cl\u00e9s<\/h2>\n<ul data-start=\"808\" data-end=\"1050\">\n<li data-section-id=\"16xkzkw\" data-start=\"808\" data-end=\"870\">\n<p data-start=\"810\" data-end=\"870\"><strong data-start=\"810\" data-end=\"824\">Vitamine C<\/strong> : \u00e9clat du teint et protection antioxydante<\/p>\n<\/li>\n<li data-section-id=\"1gl892g\" data-start=\"871\" data-end=\"957\">\n<p data-start=\"873\" data-end=\"957\"><strong data-start=\"873\" data-end=\"888\">Niacinamide<\/strong> : am\u00e9liore l\u2019uniformit\u00e9 de la peau et renforce la barri\u00e8re cutan\u00e9e<\/p>\n<\/li>\n<li data-section-id=\"c935vl\" data-start=\"958\" data-end=\"1050\">\n<p data-start=\"960\" data-end=\"1050\"><strong data-start=\"960\" data-end=\"998\">Filtres solaires haute performance<\/strong> : protection efficace contre les rayons du soleil<\/p>\n<\/li>\n<\/ul>\n<h2 data-section-id=\"cgr77c\" data-start=\"1057\" data-end=\"1078\">Mode d\u2019utilisation<\/h2>\n<p data-start=\"1079\" data-end=\"1244\">Agiter avant emploi puis vaporiser g\u00e9n\u00e9reusement sur la peau avant l\u2019exposition au soleil. Renouveler fr\u00e9quemment, surtout apr\u00e8s baignade, transpiration ou essuyage.<\/p>","protected":false},"excerpt":{"rendered":"<p>Le spray solaire Cosmo SPF 50+ \u00e0 la vitamine C et au niacinamide offre une tr\u00e8s haute protection contre les<\/p>","protected":false},"featured_media":27565,"comment_status":"open","ping_status":"closed","template":"","meta":[],"pwb-brand":[1340],"product_brand":[],"product_cat":[267,1087,275,1029,1034],"product_tag":[],"class_list":{"0":"post-27564","1":"product","2":"type-product","3":"status-publish","4":"has-post-thumbnail","6":"pwb-brand-cosmo","7":"product_cat-beaute-et-soins","8":"product_cat-creme-solaire","9":"product_cat-epicerie","10":"product_cat-soins-pour-la-peau","11":"product_cat-solaires-et-bronzants","13":"first","14":"instock","15":"shipping-taxable","16":"purchasable","17":"product-type-simple"},"yoast_head":"<!-- This site is optimized with the Yoast SEO plugin v27.1.1 - https:\/\/yoast.com\/product\/yoast-seo-wordpress\/ -->\n<title>Cosmo - Spray solaire SPF 50+ Niacinamide - 200 ml - NIRIGS<\/title>\n<meta name=\"robots\" content=\"index, follow, max-snippet:-1, max-image-preview:large, max-video-preview:-1\" \/>\n<link rel=\"canonical\" href=\"https:\/\/nirigs.com\/ar\/product\/cosmo-spray-solaire-spf-50-niacinamide-200-ml\/\" \/>\n<meta property=\"og:locale\" content=\"ar_AR\" \/>\n<meta property=\"og:type\" content=\"article\" \/>\n<meta property=\"og:title\" content=\"Cosmo - Spray solaire SPF 50+ Niacinamide - 200 ml - NIRIGS\" \/>\n<meta property=\"og:description\" content=\"Le spray solaire Cosmo SPF 50+ \u00e0 la vitamine C et au niacinamide offre une tr\u00e8s haute protection contre les\" \/>\n<meta property=\"og:url\" content=\"https:\/\/nirigs.com\/ar\/product\/cosmo-spray-solaire-spf-50-niacinamide-200-ml\/\" \/>\n<meta property=\"og:site_name\" content=\"NIRIGS\" \/>\n<meta property=\"article:modified_time\" content=\"2026-02-28T16:23:52+00:00\" \/>\n<meta property=\"og:image\" content=\"https:\/\/nirigs.com\/wp-content\/uploads\/2026\/02\/Cosmo-Spray-solaire-SPF-50-Vitamine-C-Niacinamide-200-ml-djibouti.png\" \/>\n\t<meta property=\"og:image:width\" content=\"1000\" \/>\n\t<meta property=\"og:image:height\" content=\"1000\" \/>\n\t<meta property=\"og:image:type\" content=\"image\/png\" \/>\n<meta name=\"twitter:card\" content=\"summary_large_image\" \/>\n<meta name=\"twitter:label1\" content=\"\u0648\u0642\u062a \u0627\u0644\u0642\u0631\u0627\u0621\u0629 \u0627\u0644\u0645\u064f\u0642\u062f\u0651\u0631\" \/>\n\t<meta name=\"twitter:data1\" content=\"\u062f\u0642\u064a\u0642\u062a\u0627\u0646\" \/>\n<script type=\"application\/ld+json\" class=\"yoast-schema-graph\">{\"@context\":\"https:\/\/schema.org\",\"@graph\":[{\"@type\":\"WebPage\",\"@id\":\"https:\/\/nirigs.com\/product\/cosmo-spray-solaire-spf-50-niacinamide-200-ml\/\",\"url\":\"https:\/\/nirigs.com\/product\/cosmo-spray-solaire-spf-50-niacinamide-200-ml\/\",\"name\":\"Cosmo - Spray solaire SPF 50+ Niacinamide - 200 ml - NIRIGS\",\"isPartOf\":{\"@id\":\"https:\/\/nirigs.com\/#website\"},\"primaryImageOfPage\":{\"@id\":\"https:\/\/nirigs.com\/product\/cosmo-spray-solaire-spf-50-niacinamide-200-ml\/#primaryimage\"},\"image\":{\"@id\":\"https:\/\/nirigs.com\/product\/cosmo-spray-solaire-spf-50-niacinamide-200-ml\/#primaryimage\"},\"thumbnailUrl\":\"https:\/\/nirigs.com\/wp-content\/uploads\/2026\/02\/Cosmo-Spray-solaire-SPF-50-Vitamine-C-Niacinamide-200-ml-djibouti.png\",\"datePublished\":\"2026-02-28T16:22:42+00:00\",\"dateModified\":\"2026-02-28T16:23:52+00:00\",\"breadcrumb\":{\"@id\":\"https:\/\/nirigs.com\/product\/cosmo-spray-solaire-spf-50-niacinamide-200-ml\/#breadcrumb\"},\"inLanguage\":\"ar\",\"potentialAction\":[{\"@type\":\"ReadAction\",\"target\":[\"https:\/\/nirigs.com\/product\/cosmo-spray-solaire-spf-50-niacinamide-200-ml\/\"]}]},{\"@type\":\"ImageObject\",\"inLanguage\":\"ar\",\"@id\":\"https:\/\/nirigs.com\/product\/cosmo-spray-solaire-spf-50-niacinamide-200-ml\/#primaryimage\",\"url\":\"https:\/\/nirigs.com\/wp-content\/uploads\/2026\/02\/Cosmo-Spray-solaire-SPF-50-Vitamine-C-Niacinamide-200-ml-djibouti.png\",\"contentUrl\":\"https:\/\/nirigs.com\/wp-content\/uploads\/2026\/02\/Cosmo-Spray-solaire-SPF-50-Vitamine-C-Niacinamide-200-ml-djibouti.png\",\"width\":1000,\"height\":1000},{\"@type\":\"BreadcrumbList\",\"@id\":\"https:\/\/nirigs.com\/product\/cosmo-spray-solaire-spf-50-niacinamide-200-ml\/#breadcrumb\",\"itemListElement\":[{\"@type\":\"ListItem\",\"position\":1,\"name\":\"Home\",\"item\":\"https:\/\/nirigs.com\/\"},{\"@type\":\"ListItem\",\"position\":2,\"name\":\"Parcourir\",\"item\":\"https:\/\/nirigs.com\/boutique\/\"},{\"@type\":\"ListItem\",\"position\":3,\"name\":\"Cosmo &#8211; Spray solaire SPF 50+ Niacinamide &#8211; 200 ml\"}]},{\"@type\":\"WebSite\",\"@id\":\"https:\/\/nirigs.com\/#website\",\"url\":\"https:\/\/nirigs.com\/\",\"name\":\"Nirigs.com\",\"description\":\"Simplifiez vos achats du quotidien \u00e0 Djibouti\",\"publisher\":{\"@id\":\"https:\/\/nirigs.com\/#organization\"},\"potentialAction\":[{\"@type\":\"SearchAction\",\"target\":{\"@type\":\"EntryPoint\",\"urlTemplate\":\"https:\/\/nirigs.com\/?s={search_term_string}\"},\"query-input\":{\"@type\":\"PropertyValueSpecification\",\"valueRequired\":true,\"valueName\":\"search_term_string\"}}],\"inLanguage\":\"ar\"},{\"@type\":\"Organization\",\"@id\":\"https:\/\/nirigs.com\/#organization\",\"name\":\"Nirigs\",\"url\":\"https:\/\/nirigs.com\/\",\"logo\":{\"@type\":\"ImageObject\",\"inLanguage\":\"ar\",\"@id\":\"https:\/\/nirigs.com\/#\/schema\/logo\/image\/\",\"url\":\"https:\/\/nirigs.com\/wp-content\/uploads\/2025\/04\/Design-sans-titre-27.png\",\"contentUrl\":\"https:\/\/nirigs.com\/wp-content\/uploads\/2025\/04\/Design-sans-titre-27.png\",\"width\":500,\"height\":500,\"caption\":\"Nirigs\"},\"image\":{\"@id\":\"https:\/\/nirigs.com\/#\/schema\/logo\/image\/\"}}]}<\/script>\n<!-- \/ Yoast SEO plugin. -->","yoast_head_json":{"title":"Cosmo - Spray solaire SPF 50+ Niacinamide - 200 ml - NIRIGS","robots":{"index":"index","follow":"follow","max-snippet":"max-snippet:-1","max-image-preview":"max-image-preview:large","max-video-preview":"max-video-preview:-1"},"canonical":"https:\/\/nirigs.com\/ar\/product\/cosmo-spray-solaire-spf-50-niacinamide-200-ml\/","og_locale":"ar_AR","og_type":"article","og_title":"Cosmo - Spray solaire SPF 50+ Niacinamide - 200 ml - NIRIGS","og_description":"Le spray solaire Cosmo SPF 50+ \u00e0 la vitamine C et au niacinamide offre une tr\u00e8s haute protection contre les","og_url":"https:\/\/nirigs.com\/ar\/product\/cosmo-spray-solaire-spf-50-niacinamide-200-ml\/","og_site_name":"NIRIGS","article_modified_time":"2026-02-28T16:23:52+00:00","og_image":[{"width":1000,"height":1000,"url":"https:\/\/nirigs.com\/wp-content\/uploads\/2026\/02\/Cosmo-Spray-solaire-SPF-50-Vitamine-C-Niacinamide-200-ml-djibouti.png","type":"image\/png"}],"twitter_card":"summary_large_image","twitter_misc":{"\u0648\u0642\u062a \u0627\u0644\u0642\u0631\u0627\u0621\u0629 \u0627\u0644\u0645\u064f\u0642\u062f\u0651\u0631":"\u062f\u0642\u064a\u0642\u062a\u0627\u0646"},"schema":{"@context":"https:\/\/schema.org","@graph":[{"@type":"WebPage","@id":"https:\/\/nirigs.com\/product\/cosmo-spray-solaire-spf-50-niacinamide-200-ml\/","url":"https:\/\/nirigs.com\/product\/cosmo-spray-solaire-spf-50-niacinamide-200-ml\/","name":"Cosmo - Spray solaire SPF 50+ Niacinamide - 200 ml - NIRIGS","isPartOf":{"@id":"https:\/\/nirigs.com\/#website"},"primaryImageOfPage":{"@id":"https:\/\/nirigs.com\/product\/cosmo-spray-solaire-spf-50-niacinamide-200-ml\/#primaryimage"},"image":{"@id":"https:\/\/nirigs.com\/product\/cosmo-spray-solaire-spf-50-niacinamide-200-ml\/#primaryimage"},"thumbnailUrl":"https:\/\/nirigs.com\/wp-content\/uploads\/2026\/02\/Cosmo-Spray-solaire-SPF-50-Vitamine-C-Niacinamide-200-ml-djibouti.png","datePublished":"2026-02-28T16:22:42+00:00","dateModified":"2026-02-28T16:23:52+00:00","breadcrumb":{"@id":"https:\/\/nirigs.com\/product\/cosmo-spray-solaire-spf-50-niacinamide-200-ml\/#breadcrumb"},"inLanguage":"ar","potentialAction":[{"@type":"ReadAction","target":["https:\/\/nirigs.com\/product\/cosmo-spray-solaire-spf-50-niacinamide-200-ml\/"]}]},{"@type":"ImageObject","inLanguage":"ar","@id":"https:\/\/nirigs.com\/product\/cosmo-spray-solaire-spf-50-niacinamide-200-ml\/#primaryimage","url":"https:\/\/nirigs.com\/wp-content\/uploads\/2026\/02\/Cosmo-Spray-solaire-SPF-50-Vitamine-C-Niacinamide-200-ml-djibouti.png","contentUrl":"https:\/\/nirigs.com\/wp-content\/uploads\/2026\/02\/Cosmo-Spray-solaire-SPF-50-Vitamine-C-Niacinamide-200-ml-djibouti.png","width":1000,"height":1000},{"@type":"BreadcrumbList","@id":"https:\/\/nirigs.com\/product\/cosmo-spray-solaire-spf-50-niacinamide-200-ml\/#breadcrumb","itemListElement":[{"@type":"ListItem","position":1,"name":"Home","item":"https:\/\/nirigs.com\/"},{"@type":"ListItem","position":2,"name":"Parcourir","item":"https:\/\/nirigs.com\/boutique\/"},{"@type":"ListItem","position":3,"name":"Cosmo &#8211; Spray solaire SPF 50+ Niacinamide &#8211; 200 ml"}]},{"@type":"WebSite","@id":"https:\/\/nirigs.com\/#website","url":"https:\/\/nirigs.com\/","name":"Nirigs.com","description":"Simplifiez vos achats du quotidien \u00e0 Djibouti","publisher":{"@id":"https:\/\/nirigs.com\/#organization"},"potentialAction":[{"@type":"SearchAction","target":{"@type":"EntryPoint","urlTemplate":"https:\/\/nirigs.com\/?s={search_term_string}"},"query-input":{"@type":"PropertyValueSpecification","valueRequired":true,"valueName":"search_term_string"}}],"inLanguage":"ar"},{"@type":"Organization","@id":"https:\/\/nirigs.com\/#organization","name":"\u0646\u064a\u0631\u064a\u062c\u0633","url":"https:\/\/nirigs.com\/","logo":{"@type":"ImageObject","inLanguage":"ar","@id":"https:\/\/nirigs.com\/#\/schema\/logo\/image\/","url":"https:\/\/nirigs.com\/wp-content\/uploads\/2025\/04\/Design-sans-titre-27.png","contentUrl":"https:\/\/nirigs.com\/wp-content\/uploads\/2025\/04\/Design-sans-titre-27.png","width":500,"height":500,"caption":"Nirigs"},"image":{"@id":"https:\/\/nirigs.com\/#\/schema\/logo\/image\/"}}]}},"brands":[{"id":1340,"name":"Cosmo","slug":"cosmo"}],"_links":{"self":[{"href":"https:\/\/nirigs.com\/ar\/wp-json\/wp\/v2\/product\/27564","targetHints":{"allow":["GET"]}}],"collection":[{"href":"https:\/\/nirigs.com\/ar\/wp-json\/wp\/v2\/product"}],"about":[{"href":"https:\/\/nirigs.com\/ar\/wp-json\/wp\/v2\/types\/product"}],"replies":[{"embeddable":true,"href":"https:\/\/nirigs.com\/ar\/wp-json\/wp\/v2\/comments?post=27564"}],"version-history":[{"count":2,"href":"https:\/\/nirigs.com\/ar\/wp-json\/wp\/v2\/product\/27564\/revisions"}],"predecessor-version":[{"id":27567,"href":"https:\/\/nirigs.com\/ar\/wp-json\/wp\/v2\/product\/27564\/revisions\/27567"}],"wp:featuredmedia":[{"embeddable":true,"href":"https:\/\/nirigs.com\/ar\/wp-json\/wp\/v2\/media\/27565"}],"wp:attachment":[{"href":"https:\/\/nirigs.com\/ar\/wp-json\/wp\/v2\/media?parent=27564"}],"wp:term":[{"taxonomy":"pwb-brand","embeddable":true,"href":"https:\/\/nirigs.com\/ar\/wp-json\/wp\/v2\/pwb-brand?post=27564"},{"taxonomy":"product_brand","embeddable":true,"href":"https:\/\/nirigs.com\/ar\/wp-json\/wp\/v2\/product_brand?post=27564"},{"taxonomy":"product_cat","embeddable":true,"href":"https:\/\/nirigs.com\/ar\/wp-json\/wp\/v2\/product_cat?post=27564"},{"taxonomy":"product_tag","embeddable":true,"href":"https:\/\/nirigs.com\/ar\/wp-json\/wp\/v2\/product_tag?post=27564"}],"curies":[{"name":"wp","href":"https:\/\/api.w.org\/{rel}","templated":true}]}}