{"id":27336,"date":"2026-02-04T21:43:33","date_gmt":"2026-02-04T18:43:33","guid":{"rendered":"https:\/\/nirigs.com\/?post_type=product&#038;p=27336"},"modified":"2026-02-11T10:36:10","modified_gmt":"2026-02-11T07:36:10","slug":"eau-minerale-naturelle-mont-roucous-1-l","status":"publish","type":"product","link":"https:\/\/nirigs.com\/ar\/product\/eau-minerale-naturelle-mont-roucous-1-l\/","title":{"rendered":"Eau Min\u00e9rale Naturelle Mont Roucous &#8211; 1 L"},"content":{"rendered":"<p data-start=\"220\" data-end=\"531\">L\u2019une des eaux les plus pures au monde, pour une hydratation d\u2019exception.<br data-start=\"293\" data-end=\"296\" \/>Issue du parc naturel du Haut-Languedoc en France, <strong data-start=\"347\" data-end=\"363\">Mont Roucous<\/strong> est une eau min\u00e9rale naturelle reconnue pour sa <strong data-start=\"412\" data-end=\"442\">tr\u00e8s faible min\u00e9ralisation<\/strong>, id\u00e9ale pour les personnes recherchant une eau douce, l\u00e9g\u00e8re et parfaitement \u00e9quilibr\u00e9e.<\/p>\n<p data-start=\"533\" data-end=\"685\">Particuli\u00e8rement adapt\u00e9e aux nourrissons, aux personnes sensibles et \u00e0 une consommation quotidienne, elle accompagne toute la famille en toute s\u00e9r\u00e9nit\u00e9.<\/p>\n<h4 data-start=\"692\" data-end=\"707\">\u00a0\u0641\u0648\u0627\u0626\u062f<\/h4>\n<ul data-start=\"708\" data-end=\"921\">\n<li data-start=\"708\" data-end=\"762\">\n<p data-start=\"710\" data-end=\"762\">Eau min\u00e9rale naturelle tr\u00e8s faiblement min\u00e9ralis\u00e9e<\/p>\n<\/li>\n<li data-start=\"763\" data-end=\"788\">\n<p data-start=\"765\" data-end=\"788\">Go\u00fbt extr\u00eamement doux<\/p>\n<\/li>\n<li data-start=\"789\" data-end=\"839\">\n<p data-start=\"791\" data-end=\"839\">Id\u00e9ale pour nourrissons et personnes sensibles<\/p>\n<\/li>\n<li data-start=\"840\" data-end=\"883\">\n<p data-start=\"842\" data-end=\"883\">Convient \u00e0 une consommation quotidienne<\/p>\n<\/li>\n<li data-start=\"884\" data-end=\"921\">\n<p data-start=\"886\" data-end=\"921\">Puret\u00e9 exceptionnelle \u00e0 la source<\/p>\n<\/li>\n<\/ul>\n<h4 data-start=\"928\" data-end=\"951\">\u00a0Caract\u00e9ristiques<\/h4>\n<ul data-start=\"952\" data-end=\"1151\">\n<li data-start=\"952\" data-end=\"989\">\n<p data-start=\"954\" data-end=\"989\"><strong data-start=\"954\" data-end=\"964\">Type :<\/strong> Eau min\u00e9rale naturelle<\/p>\n<\/li>\n<li data-start=\"990\" data-end=\"1019\">\n<p data-start=\"992\" data-end=\"1019\"><strong data-start=\"992\" data-end=\"1004\">Marque :<\/strong> Mont Roucous<\/p>\n<\/li>\n<li data-start=\"1020\" data-end=\"1044\">\n<p data-start=\"1022\" data-end=\"1044\"><strong data-start=\"1022\" data-end=\"1038\">Contenance :<\/strong> 1 L<\/p>\n<\/li>\n<li data-start=\"1045\" data-end=\"1069\">\n<p data-start=\"1047\" data-end=\"1069\"><strong data-start=\"1047\" data-end=\"1060\">Origine :<\/strong> France<\/p>\n<\/li>\n<li data-start=\"1070\" data-end=\"1105\">\n<p data-start=\"1072\" data-end=\"1105\"><strong data-start=\"1072\" data-end=\"1093\">Conditionnement :<\/strong> Bouteille<\/p>\n<\/li>\n<li data-start=\"1106\" data-end=\"1151\">\n<p data-start=\"1108\" data-end=\"1151\"><strong data-start=\"1108\" data-end=\"1125\">Utilisation :<\/strong> Hydratation quotidienne<\/p>\n<\/li>\n<\/ul>\n<p><strong>\u00a0Conseil d\u2019utilisation<\/strong> : \u00e0 consommer fra\u00eeche et \u00e0 conserver \u00e0 l\u2019abri de la chaleur pour pr\u00e9server toute sa fra\u00eecheur.<\/p>","protected":false},"excerpt":{"rendered":"<p>L\u2019une des eaux les plus pures au monde, pour une hydratation d\u2019exception.Issue du parc naturel du Haut-Languedoc en France, Mont<\/p>","protected":false},"featured_media":27337,"comment_status":"open","ping_status":"closed","template":"","meta":[],"pwb-brand":[1347],"product_brand":[],"product_cat":[929,931,1132,275],"product_tag":[],"class_list":{"0":"post-27336","1":"product","2":"type-product","3":"status-publish","4":"has-post-thumbnail","6":"pwb-brand-mont-roucous","7":"product_cat-cafe-the-et-boissons","8":"product_cat-eaux","9":"product_cat-eaux-plates","10":"product_cat-epicerie","12":"first","13":"instock","14":"shipping-taxable","15":"purchasable","16":"product-type-variable"},"yoast_head":"<!-- This site is optimized with the Yoast SEO plugin v27.1.1 - https:\/\/yoast.com\/product\/yoast-seo-wordpress\/ -->\n<title>Eau Min\u00e9rale Naturelle Mont Roucous - 1 L - NIRIGS<\/title>\n<meta name=\"description\" content=\"Eau min\u00e9rale naturelle tr\u00e8s faiblement min\u00e9ralis\u00e9e, id\u00e9ale pour toute la famille et les nourrissons. Commandez en ligne \u00e0 Djibouti avec Nirigs.\" \/>\n<meta name=\"robots\" content=\"index, follow, max-snippet:-1, max-image-preview:large, max-video-preview:-1\" \/>\n<link rel=\"canonical\" href=\"https:\/\/nirigs.com\/ar\/product\/eau-minerale-naturelle-mont-roucous-1-l\/\" \/>\n<meta property=\"og:locale\" content=\"ar_AR\" \/>\n<meta property=\"og:type\" content=\"article\" \/>\n<meta property=\"og:title\" content=\"Eau Min\u00e9rale Naturelle Mont Roucous - 1 L - NIRIGS\" \/>\n<meta property=\"og:description\" content=\"Eau min\u00e9rale naturelle tr\u00e8s faiblement min\u00e9ralis\u00e9e, id\u00e9ale pour toute la famille et les nourrissons. Commandez en ligne \u00e0 Djibouti avec Nirigs.\" \/>\n<meta property=\"og:url\" content=\"https:\/\/nirigs.com\/ar\/product\/eau-minerale-naturelle-mont-roucous-1-l\/\" \/>\n<meta property=\"og:site_name\" content=\"NIRIGS\" \/>\n<meta property=\"article:modified_time\" content=\"2026-02-11T07:36:10+00:00\" \/>\n<meta property=\"og:image\" content=\"https:\/\/nirigs.com\/wp-content\/uploads\/2026\/02\/Eau-Minerale-Naturelle-Mont-Roucous-1-L.png\" \/>\n\t<meta property=\"og:image:width\" content=\"1000\" \/>\n\t<meta property=\"og:image:height\" content=\"1000\" \/>\n\t<meta property=\"og:image:type\" content=\"image\/png\" \/>\n<meta name=\"twitter:card\" content=\"summary_large_image\" \/>\n<meta name=\"twitter:label1\" content=\"\u0648\u0642\u062a \u0627\u0644\u0642\u0631\u0627\u0621\u0629 \u0627\u0644\u0645\u064f\u0642\u062f\u0651\u0631\" \/>\n\t<meta name=\"twitter:data1\" content=\"\u062f\u0642\u064a\u0642\u0629 \u0648\u0627\u062d\u062f\u0629\" \/>\n<script type=\"application\/ld+json\" class=\"yoast-schema-graph\">{\"@context\":\"https:\/\/schema.org\",\"@graph\":[{\"@type\":\"WebPage\",\"@id\":\"https:\/\/nirigs.com\/product\/eau-minerale-naturelle-mont-roucous-1-l\/\",\"url\":\"https:\/\/nirigs.com\/product\/eau-minerale-naturelle-mont-roucous-1-l\/\",\"name\":\"Eau Min\u00e9rale Naturelle Mont Roucous - 1 L - NIRIGS\",\"isPartOf\":{\"@id\":\"https:\/\/nirigs.com\/#website\"},\"primaryImageOfPage\":{\"@id\":\"https:\/\/nirigs.com\/product\/eau-minerale-naturelle-mont-roucous-1-l\/#primaryimage\"},\"image\":{\"@id\":\"https:\/\/nirigs.com\/product\/eau-minerale-naturelle-mont-roucous-1-l\/#primaryimage\"},\"thumbnailUrl\":\"https:\/\/nirigs.com\/wp-content\/uploads\/2026\/02\/Eau-Minerale-Naturelle-Mont-Roucous-1-L.png\",\"datePublished\":\"2026-02-04T18:43:33+00:00\",\"dateModified\":\"2026-02-11T07:36:10+00:00\",\"description\":\"Eau min\u00e9rale naturelle tr\u00e8s faiblement min\u00e9ralis\u00e9e, id\u00e9ale pour toute la famille et les nourrissons. Commandez en ligne \u00e0 Djibouti avec Nirigs.\",\"breadcrumb\":{\"@id\":\"https:\/\/nirigs.com\/product\/eau-minerale-naturelle-mont-roucous-1-l\/#breadcrumb\"},\"inLanguage\":\"ar\",\"potentialAction\":[{\"@type\":\"ReadAction\",\"target\":[\"https:\/\/nirigs.com\/product\/eau-minerale-naturelle-mont-roucous-1-l\/\"]}]},{\"@type\":\"ImageObject\",\"inLanguage\":\"ar\",\"@id\":\"https:\/\/nirigs.com\/product\/eau-minerale-naturelle-mont-roucous-1-l\/#primaryimage\",\"url\":\"https:\/\/nirigs.com\/wp-content\/uploads\/2026\/02\/Eau-Minerale-Naturelle-Mont-Roucous-1-L.png\",\"contentUrl\":\"https:\/\/nirigs.com\/wp-content\/uploads\/2026\/02\/Eau-Minerale-Naturelle-Mont-Roucous-1-L.png\",\"width\":1000,\"height\":1000},{\"@type\":\"BreadcrumbList\",\"@id\":\"https:\/\/nirigs.com\/product\/eau-minerale-naturelle-mont-roucous-1-l\/#breadcrumb\",\"itemListElement\":[{\"@type\":\"ListItem\",\"position\":1,\"name\":\"Home\",\"item\":\"https:\/\/nirigs.com\/\"},{\"@type\":\"ListItem\",\"position\":2,\"name\":\"Parcourir\",\"item\":\"https:\/\/nirigs.com\/boutique\/\"},{\"@type\":\"ListItem\",\"position\":3,\"name\":\"Eau Min\u00e9rale Naturelle Mont Roucous &#8211; 1 L\"}]},{\"@type\":\"WebSite\",\"@id\":\"https:\/\/nirigs.com\/#website\",\"url\":\"https:\/\/nirigs.com\/\",\"name\":\"Nirigs.com\",\"description\":\"Simplifiez vos achats du quotidien \u00e0 Djibouti\",\"publisher\":{\"@id\":\"https:\/\/nirigs.com\/#organization\"},\"potentialAction\":[{\"@type\":\"SearchAction\",\"target\":{\"@type\":\"EntryPoint\",\"urlTemplate\":\"https:\/\/nirigs.com\/?s={search_term_string}\"},\"query-input\":{\"@type\":\"PropertyValueSpecification\",\"valueRequired\":true,\"valueName\":\"search_term_string\"}}],\"inLanguage\":\"ar\"},{\"@type\":\"Organization\",\"@id\":\"https:\/\/nirigs.com\/#organization\",\"name\":\"Nirigs\",\"url\":\"https:\/\/nirigs.com\/\",\"logo\":{\"@type\":\"ImageObject\",\"inLanguage\":\"ar\",\"@id\":\"https:\/\/nirigs.com\/#\/schema\/logo\/image\/\",\"url\":\"https:\/\/nirigs.com\/wp-content\/uploads\/2025\/04\/Design-sans-titre-27.png\",\"contentUrl\":\"https:\/\/nirigs.com\/wp-content\/uploads\/2025\/04\/Design-sans-titre-27.png\",\"width\":500,\"height\":500,\"caption\":\"Nirigs\"},\"image\":{\"@id\":\"https:\/\/nirigs.com\/#\/schema\/logo\/image\/\"}}]}<\/script>\n<!-- \/ Yoast SEO plugin. -->","yoast_head_json":{"title":"Eau Min\u00e9rale Naturelle Mont Roucous - 1 L - NIRIGS","description":"Eau min\u00e9rale naturelle tr\u00e8s faiblement min\u00e9ralis\u00e9e, id\u00e9ale pour toute la famille et les nourrissons. Commandez en ligne \u00e0 Djibouti avec Nirigs.","robots":{"index":"index","follow":"follow","max-snippet":"max-snippet:-1","max-image-preview":"max-image-preview:large","max-video-preview":"max-video-preview:-1"},"canonical":"https:\/\/nirigs.com\/ar\/product\/eau-minerale-naturelle-mont-roucous-1-l\/","og_locale":"ar_AR","og_type":"article","og_title":"Eau Min\u00e9rale Naturelle Mont Roucous - 1 L - NIRIGS","og_description":"Eau min\u00e9rale naturelle tr\u00e8s faiblement min\u00e9ralis\u00e9e, id\u00e9ale pour toute la famille et les nourrissons. Commandez en ligne \u00e0 Djibouti avec Nirigs.","og_url":"https:\/\/nirigs.com\/ar\/product\/eau-minerale-naturelle-mont-roucous-1-l\/","og_site_name":"NIRIGS","article_modified_time":"2026-02-11T07:36:10+00:00","og_image":[{"width":1000,"height":1000,"url":"https:\/\/nirigs.com\/wp-content\/uploads\/2026\/02\/Eau-Minerale-Naturelle-Mont-Roucous-1-L.png","type":"image\/png"}],"twitter_card":"summary_large_image","twitter_misc":{"\u0648\u0642\u062a \u0627\u0644\u0642\u0631\u0627\u0621\u0629 \u0627\u0644\u0645\u064f\u0642\u062f\u0651\u0631":"\u062f\u0642\u064a\u0642\u0629 \u0648\u0627\u062d\u062f\u0629"},"schema":{"@context":"https:\/\/schema.org","@graph":[{"@type":"WebPage","@id":"https:\/\/nirigs.com\/product\/eau-minerale-naturelle-mont-roucous-1-l\/","url":"https:\/\/nirigs.com\/product\/eau-minerale-naturelle-mont-roucous-1-l\/","name":"Eau Min\u00e9rale Naturelle Mont Roucous - 1 L - NIRIGS","isPartOf":{"@id":"https:\/\/nirigs.com\/#website"},"primaryImageOfPage":{"@id":"https:\/\/nirigs.com\/product\/eau-minerale-naturelle-mont-roucous-1-l\/#primaryimage"},"image":{"@id":"https:\/\/nirigs.com\/product\/eau-minerale-naturelle-mont-roucous-1-l\/#primaryimage"},"thumbnailUrl":"https:\/\/nirigs.com\/wp-content\/uploads\/2026\/02\/Eau-Minerale-Naturelle-Mont-Roucous-1-L.png","datePublished":"2026-02-04T18:43:33+00:00","dateModified":"2026-02-11T07:36:10+00:00","description":"Eau min\u00e9rale naturelle tr\u00e8s faiblement min\u00e9ralis\u00e9e, id\u00e9ale pour toute la famille et les nourrissons. Commandez en ligne \u00e0 Djibouti avec Nirigs.","breadcrumb":{"@id":"https:\/\/nirigs.com\/product\/eau-minerale-naturelle-mont-roucous-1-l\/#breadcrumb"},"inLanguage":"ar","potentialAction":[{"@type":"ReadAction","target":["https:\/\/nirigs.com\/product\/eau-minerale-naturelle-mont-roucous-1-l\/"]}]},{"@type":"ImageObject","inLanguage":"ar","@id":"https:\/\/nirigs.com\/product\/eau-minerale-naturelle-mont-roucous-1-l\/#primaryimage","url":"https:\/\/nirigs.com\/wp-content\/uploads\/2026\/02\/Eau-Minerale-Naturelle-Mont-Roucous-1-L.png","contentUrl":"https:\/\/nirigs.com\/wp-content\/uploads\/2026\/02\/Eau-Minerale-Naturelle-Mont-Roucous-1-L.png","width":1000,"height":1000},{"@type":"BreadcrumbList","@id":"https:\/\/nirigs.com\/product\/eau-minerale-naturelle-mont-roucous-1-l\/#breadcrumb","itemListElement":[{"@type":"ListItem","position":1,"name":"Home","item":"https:\/\/nirigs.com\/"},{"@type":"ListItem","position":2,"name":"Parcourir","item":"https:\/\/nirigs.com\/boutique\/"},{"@type":"ListItem","position":3,"name":"Eau Min\u00e9rale Naturelle Mont Roucous &#8211; 1 L"}]},{"@type":"WebSite","@id":"https:\/\/nirigs.com\/#website","url":"https:\/\/nirigs.com\/","name":"Nirigs.com","description":"Simplifiez vos achats du quotidien \u00e0 Djibouti","publisher":{"@id":"https:\/\/nirigs.com\/#organization"},"potentialAction":[{"@type":"SearchAction","target":{"@type":"EntryPoint","urlTemplate":"https:\/\/nirigs.com\/?s={search_term_string}"},"query-input":{"@type":"PropertyValueSpecification","valueRequired":true,"valueName":"search_term_string"}}],"inLanguage":"ar"},{"@type":"Organization","@id":"https:\/\/nirigs.com\/#organization","name":"\u0646\u064a\u0631\u064a\u062c\u0633","url":"https:\/\/nirigs.com\/","logo":{"@type":"ImageObject","inLanguage":"ar","@id":"https:\/\/nirigs.com\/#\/schema\/logo\/image\/","url":"https:\/\/nirigs.com\/wp-content\/uploads\/2025\/04\/Design-sans-titre-27.png","contentUrl":"https:\/\/nirigs.com\/wp-content\/uploads\/2025\/04\/Design-sans-titre-27.png","width":500,"height":500,"caption":"Nirigs"},"image":{"@id":"https:\/\/nirigs.com\/#\/schema\/logo\/image\/"}}]}},"brands":[{"id":1347,"name":"Mont Roucous","slug":"mont-roucous"}],"_links":{"self":[{"href":"https:\/\/nirigs.com\/ar\/wp-json\/wp\/v2\/product\/27336","targetHints":{"allow":["GET"]}}],"collection":[{"href":"https:\/\/nirigs.com\/ar\/wp-json\/wp\/v2\/product"}],"about":[{"href":"https:\/\/nirigs.com\/ar\/wp-json\/wp\/v2\/types\/product"}],"replies":[{"embeddable":true,"href":"https:\/\/nirigs.com\/ar\/wp-json\/wp\/v2\/comments?post=27336"}],"version-history":[{"count":3,"href":"https:\/\/nirigs.com\/ar\/wp-json\/wp\/v2\/product\/27336\/revisions"}],"predecessor-version":[{"id":27361,"href":"https:\/\/nirigs.com\/ar\/wp-json\/wp\/v2\/product\/27336\/revisions\/27361"}],"wp:featuredmedia":[{"embeddable":true,"href":"https:\/\/nirigs.com\/ar\/wp-json\/wp\/v2\/media\/27337"}],"wp:attachment":[{"href":"https:\/\/nirigs.com\/ar\/wp-json\/wp\/v2\/media?parent=27336"}],"wp:term":[{"taxonomy":"pwb-brand","embeddable":true,"href":"https:\/\/nirigs.com\/ar\/wp-json\/wp\/v2\/pwb-brand?post=27336"},{"taxonomy":"product_brand","embeddable":true,"href":"https:\/\/nirigs.com\/ar\/wp-json\/wp\/v2\/product_brand?post=27336"},{"taxonomy":"product_cat","embeddable":true,"href":"https:\/\/nirigs.com\/ar\/wp-json\/wp\/v2\/product_cat?post=27336"},{"taxonomy":"product_tag","embeddable":true,"href":"https:\/\/nirigs.com\/ar\/wp-json\/wp\/v2\/product_tag?post=27336"}],"curies":[{"name":"wp","href":"https:\/\/api.w.org\/{rel}","templated":true}]}}