{"id":27320,"date":"2026-02-02T21:46:31","date_gmt":"2026-02-02T18:46:31","guid":{"rendered":"https:\/\/nirigs.com\/?post_type=product&#038;p=27320"},"modified":"2026-02-04T22:08:46","modified_gmt":"2026-02-04T19:08:46","slug":"eau-minerale-mont-blanc-1l","status":"publish","type":"product","link":"https:\/\/nirigs.com\/ar\/product\/eau-minerale-mont-blanc-1l\/","title":{"rendered":"Eau Min\u00e9ralis\u00e9 Naturelle Mont Blanc &#8211; 1 L"},"content":{"rendered":"<p>Sur le site majestueux et pr\u00e9serv\u00e9 du Mont Blanc, trouve naturellement son origine, une eau pure et authentique : l&rsquo;eau min\u00e9rale naturelle Mont Blanc. Faiblement min\u00e9ralis\u00e9e, l&rsquo;eau min\u00e9rale naturelle Mont Blanc est recommand\u00e9e pour l&rsquo;alimentation des nourrissons et convient pour un r\u00e9gime pauvre en sodium.<\/p>\n<p data-start=\"201\" data-end=\"359\">Eau min\u00e9rale naturelle Mont Blanc, pure et rafra\u00eechissante, id\u00e9ale pour rester hydrat\u00e9 au quotidien. Parfaite pour la maison, le bureau ou les d\u00e9placements.<\/p>\n<p data-start=\"467\" data-end=\"484\"><strong data-start=\"467\" data-end=\"482\">\u0641\u0648\u0627\u0626\u062f :<\/strong><\/p>\n<ul data-start=\"485\" data-end=\"621\">\n<li data-start=\"485\" data-end=\"522\">\n<p data-start=\"487\" data-end=\"522\">Eau pure et naturellement filtr\u00e9e<\/p>\n<\/li>\n<li data-start=\"523\" data-end=\"553\">\n<p data-start=\"525\" data-end=\"553\">Format pratique \u00e0 emporter<\/p>\n<\/li>\n<li data-start=\"554\" data-end=\"621\">\n<p data-start=\"556\" data-end=\"621\">Id\u00e9ale pour accompagner vos repas ou vos activit\u00e9s quotidiennes<\/p>\n<\/li>\n<\/ul>\n<p data-start=\"361\" data-end=\"385\"><strong data-start=\"361\" data-end=\"383\">Caract\u00e9ristiques :<\/strong><\/p>\n<ul data-start=\"386\" data-end=\"465\">\n<li data-start=\"386\" data-end=\"406\">\n<p data-start=\"388\" data-end=\"406\">Volume : 1 litre<\/p>\n<\/li>\n<li data-start=\"407\" data-end=\"433\">\n<p data-start=\"409\" data-end=\"433\">Go\u00fbt : doux et naturel<\/p>\n<\/li>\n<li data-start=\"434\" data-end=\"465\">\n<p data-start=\"436\" data-end=\"465\">Convient \u00e0 toute la famille<\/p>\n<\/li>\n<\/ul>\n<p><strong>Conseil d\u2019utilisation<\/strong> : \u00e0 consommer fra\u00eeche et \u00e0 conserver \u00e0 l\u2019abri de la chaleur pour pr\u00e9server toute sa fra\u00eecheur.<\/p>","protected":false},"excerpt":{"rendered":"<p>Sur le site majestueux et pr\u00e9serv\u00e9 du Mont Blanc, trouve naturellement son origine, une eau pure et authentique : l&rsquo;eau<\/p>","protected":false},"featured_media":27323,"comment_status":"open","ping_status":"closed","template":"","meta":[],"pwb-brand":[1345],"product_brand":[],"product_cat":[929,931,1132,275],"product_tag":[],"class_list":{"0":"post-27320","1":"product","2":"type-product","3":"status-publish","4":"has-post-thumbnail","6":"pwb-brand-mont-blanc","7":"product_cat-cafe-the-et-boissons","8":"product_cat-eaux","9":"product_cat-eaux-plates","10":"product_cat-epicerie","12":"first","13":"instock","14":"shipping-taxable","15":"purchasable","16":"product-type-variable"},"yoast_head":"<!-- This site is optimized with the Yoast SEO plugin v27.1.1 - https:\/\/yoast.com\/product\/yoast-seo-wordpress\/ -->\n<title>Eau Min\u00e9ralis\u00e9 Naturelle Mont Blanc - 1 L - NIRIGS<\/title>\n<meta name=\"description\" content=\"Faiblement min\u00e9ralis\u00e9e, l&#039;eau min\u00e9rale naturelle Mont Blanc est recommand\u00e9e pour l&#039;alimentation des nourrissons et convient pour un r\u00e9gime pauvre en sodium.\" \/>\n<meta name=\"robots\" content=\"index, follow, max-snippet:-1, max-image-preview:large, max-video-preview:-1\" \/>\n<link rel=\"canonical\" href=\"https:\/\/nirigs.com\/ar\/product\/eau-minerale-mont-blanc-1l\/\" \/>\n<meta property=\"og:locale\" content=\"ar_AR\" \/>\n<meta property=\"og:type\" content=\"article\" \/>\n<meta property=\"og:title\" content=\"Eau Min\u00e9ralis\u00e9 Naturelle Mont Blanc - 1 L - NIRIGS\" \/>\n<meta property=\"og:description\" content=\"Faiblement min\u00e9ralis\u00e9e, l&#039;eau min\u00e9rale naturelle Mont Blanc est recommand\u00e9e pour l&#039;alimentation des nourrissons et convient pour un r\u00e9gime pauvre en sodium.\" \/>\n<meta property=\"og:url\" content=\"https:\/\/nirigs.com\/ar\/product\/eau-minerale-mont-blanc-1l\/\" \/>\n<meta property=\"og:site_name\" content=\"NIRIGS\" \/>\n<meta property=\"article:modified_time\" content=\"2026-02-04T19:08:46+00:00\" \/>\n<meta property=\"og:image\" content=\"https:\/\/nirigs.com\/wp-content\/uploads\/2026\/02\/Eau-Mineralise-Naturelle-Mont-Blanc-1-L.png\" \/>\n\t<meta property=\"og:image:width\" content=\"1000\" \/>\n\t<meta property=\"og:image:height\" content=\"1000\" \/>\n\t<meta property=\"og:image:type\" content=\"image\/png\" \/>\n<meta name=\"twitter:card\" content=\"summary_large_image\" \/>\n<meta name=\"twitter:label1\" content=\"\u0648\u0642\u062a \u0627\u0644\u0642\u0631\u0627\u0621\u0629 \u0627\u0644\u0645\u064f\u0642\u062f\u0651\u0631\" \/>\n\t<meta name=\"twitter:data1\" content=\"\u062f\u0642\u064a\u0642\u0629 \u0648\u0627\u062d\u062f\u0629\" \/>\n<script type=\"application\/ld+json\" class=\"yoast-schema-graph\">{\"@context\":\"https:\/\/schema.org\",\"@graph\":[{\"@type\":\"WebPage\",\"@id\":\"https:\/\/nirigs.com\/product\/eau-minerale-mont-blanc-1l\/\",\"url\":\"https:\/\/nirigs.com\/product\/eau-minerale-mont-blanc-1l\/\",\"name\":\"Eau Min\u00e9ralis\u00e9 Naturelle Mont Blanc - 1 L - NIRIGS\",\"isPartOf\":{\"@id\":\"https:\/\/nirigs.com\/#website\"},\"primaryImageOfPage\":{\"@id\":\"https:\/\/nirigs.com\/product\/eau-minerale-mont-blanc-1l\/#primaryimage\"},\"image\":{\"@id\":\"https:\/\/nirigs.com\/product\/eau-minerale-mont-blanc-1l\/#primaryimage\"},\"thumbnailUrl\":\"https:\/\/nirigs.com\/wp-content\/uploads\/2026\/02\/Eau-Mineralise-Naturelle-Mont-Blanc-1-L.png\",\"datePublished\":\"2026-02-02T18:46:31+00:00\",\"dateModified\":\"2026-02-04T19:08:46+00:00\",\"description\":\"Faiblement min\u00e9ralis\u00e9e, l'eau min\u00e9rale naturelle Mont Blanc est recommand\u00e9e pour l'alimentation des nourrissons et convient pour un r\u00e9gime pauvre en sodium.\",\"breadcrumb\":{\"@id\":\"https:\/\/nirigs.com\/product\/eau-minerale-mont-blanc-1l\/#breadcrumb\"},\"inLanguage\":\"ar\",\"potentialAction\":[{\"@type\":\"ReadAction\",\"target\":[\"https:\/\/nirigs.com\/product\/eau-minerale-mont-blanc-1l\/\"]}]},{\"@type\":\"ImageObject\",\"inLanguage\":\"ar\",\"@id\":\"https:\/\/nirigs.com\/product\/eau-minerale-mont-blanc-1l\/#primaryimage\",\"url\":\"https:\/\/nirigs.com\/wp-content\/uploads\/2026\/02\/Eau-Mineralise-Naturelle-Mont-Blanc-1-L.png\",\"contentUrl\":\"https:\/\/nirigs.com\/wp-content\/uploads\/2026\/02\/Eau-Mineralise-Naturelle-Mont-Blanc-1-L.png\",\"width\":1000,\"height\":1000},{\"@type\":\"BreadcrumbList\",\"@id\":\"https:\/\/nirigs.com\/product\/eau-minerale-mont-blanc-1l\/#breadcrumb\",\"itemListElement\":[{\"@type\":\"ListItem\",\"position\":1,\"name\":\"Home\",\"item\":\"https:\/\/nirigs.com\/\"},{\"@type\":\"ListItem\",\"position\":2,\"name\":\"Parcourir\",\"item\":\"https:\/\/nirigs.com\/boutique\/\"},{\"@type\":\"ListItem\",\"position\":3,\"name\":\"Eau Min\u00e9ralis\u00e9 Naturelle Mont Blanc &#8211; 1 L\"}]},{\"@type\":\"WebSite\",\"@id\":\"https:\/\/nirigs.com\/#website\",\"url\":\"https:\/\/nirigs.com\/\",\"name\":\"Nirigs.com\",\"description\":\"Simplifiez vos achats du quotidien \u00e0 Djibouti\",\"publisher\":{\"@id\":\"https:\/\/nirigs.com\/#organization\"},\"potentialAction\":[{\"@type\":\"SearchAction\",\"target\":{\"@type\":\"EntryPoint\",\"urlTemplate\":\"https:\/\/nirigs.com\/?s={search_term_string}\"},\"query-input\":{\"@type\":\"PropertyValueSpecification\",\"valueRequired\":true,\"valueName\":\"search_term_string\"}}],\"inLanguage\":\"ar\"},{\"@type\":\"Organization\",\"@id\":\"https:\/\/nirigs.com\/#organization\",\"name\":\"Nirigs\",\"url\":\"https:\/\/nirigs.com\/\",\"logo\":{\"@type\":\"ImageObject\",\"inLanguage\":\"ar\",\"@id\":\"https:\/\/nirigs.com\/#\/schema\/logo\/image\/\",\"url\":\"https:\/\/nirigs.com\/wp-content\/uploads\/2025\/04\/Design-sans-titre-27.png\",\"contentUrl\":\"https:\/\/nirigs.com\/wp-content\/uploads\/2025\/04\/Design-sans-titre-27.png\",\"width\":500,\"height\":500,\"caption\":\"Nirigs\"},\"image\":{\"@id\":\"https:\/\/nirigs.com\/#\/schema\/logo\/image\/\"}}]}<\/script>\n<!-- \/ Yoast SEO plugin. -->","yoast_head_json":{"title":"Eau Min\u00e9ralis\u00e9 Naturelle Mont Blanc - 1 L - NIRIGS","description":"Faiblement min\u00e9ralis\u00e9e, l'eau min\u00e9rale naturelle Mont Blanc est recommand\u00e9e pour l'alimentation des nourrissons et convient pour un r\u00e9gime pauvre en sodium.","robots":{"index":"index","follow":"follow","max-snippet":"max-snippet:-1","max-image-preview":"max-image-preview:large","max-video-preview":"max-video-preview:-1"},"canonical":"https:\/\/nirigs.com\/ar\/product\/eau-minerale-mont-blanc-1l\/","og_locale":"ar_AR","og_type":"article","og_title":"Eau Min\u00e9ralis\u00e9 Naturelle Mont Blanc - 1 L - NIRIGS","og_description":"Faiblement min\u00e9ralis\u00e9e, l'eau min\u00e9rale naturelle Mont Blanc est recommand\u00e9e pour l'alimentation des nourrissons et convient pour un r\u00e9gime pauvre en sodium.","og_url":"https:\/\/nirigs.com\/ar\/product\/eau-minerale-mont-blanc-1l\/","og_site_name":"NIRIGS","article_modified_time":"2026-02-04T19:08:46+00:00","og_image":[{"width":1000,"height":1000,"url":"https:\/\/nirigs.com\/wp-content\/uploads\/2026\/02\/Eau-Mineralise-Naturelle-Mont-Blanc-1-L.png","type":"image\/png"}],"twitter_card":"summary_large_image","twitter_misc":{"\u0648\u0642\u062a \u0627\u0644\u0642\u0631\u0627\u0621\u0629 \u0627\u0644\u0645\u064f\u0642\u062f\u0651\u0631":"\u062f\u0642\u064a\u0642\u0629 \u0648\u0627\u062d\u062f\u0629"},"schema":{"@context":"https:\/\/schema.org","@graph":[{"@type":"WebPage","@id":"https:\/\/nirigs.com\/product\/eau-minerale-mont-blanc-1l\/","url":"https:\/\/nirigs.com\/product\/eau-minerale-mont-blanc-1l\/","name":"Eau Min\u00e9ralis\u00e9 Naturelle Mont Blanc - 1 L - NIRIGS","isPartOf":{"@id":"https:\/\/nirigs.com\/#website"},"primaryImageOfPage":{"@id":"https:\/\/nirigs.com\/product\/eau-minerale-mont-blanc-1l\/#primaryimage"},"image":{"@id":"https:\/\/nirigs.com\/product\/eau-minerale-mont-blanc-1l\/#primaryimage"},"thumbnailUrl":"https:\/\/nirigs.com\/wp-content\/uploads\/2026\/02\/Eau-Mineralise-Naturelle-Mont-Blanc-1-L.png","datePublished":"2026-02-02T18:46:31+00:00","dateModified":"2026-02-04T19:08:46+00:00","description":"Faiblement min\u00e9ralis\u00e9e, l'eau min\u00e9rale naturelle Mont Blanc est recommand\u00e9e pour l'alimentation des nourrissons et convient pour un r\u00e9gime pauvre en sodium.","breadcrumb":{"@id":"https:\/\/nirigs.com\/product\/eau-minerale-mont-blanc-1l\/#breadcrumb"},"inLanguage":"ar","potentialAction":[{"@type":"ReadAction","target":["https:\/\/nirigs.com\/product\/eau-minerale-mont-blanc-1l\/"]}]},{"@type":"ImageObject","inLanguage":"ar","@id":"https:\/\/nirigs.com\/product\/eau-minerale-mont-blanc-1l\/#primaryimage","url":"https:\/\/nirigs.com\/wp-content\/uploads\/2026\/02\/Eau-Mineralise-Naturelle-Mont-Blanc-1-L.png","contentUrl":"https:\/\/nirigs.com\/wp-content\/uploads\/2026\/02\/Eau-Mineralise-Naturelle-Mont-Blanc-1-L.png","width":1000,"height":1000},{"@type":"BreadcrumbList","@id":"https:\/\/nirigs.com\/product\/eau-minerale-mont-blanc-1l\/#breadcrumb","itemListElement":[{"@type":"ListItem","position":1,"name":"Home","item":"https:\/\/nirigs.com\/"},{"@type":"ListItem","position":2,"name":"Parcourir","item":"https:\/\/nirigs.com\/boutique\/"},{"@type":"ListItem","position":3,"name":"Eau Min\u00e9ralis\u00e9 Naturelle Mont Blanc &#8211; 1 L"}]},{"@type":"WebSite","@id":"https:\/\/nirigs.com\/#website","url":"https:\/\/nirigs.com\/","name":"Nirigs.com","description":"Simplifiez vos achats du quotidien \u00e0 Djibouti","publisher":{"@id":"https:\/\/nirigs.com\/#organization"},"potentialAction":[{"@type":"SearchAction","target":{"@type":"EntryPoint","urlTemplate":"https:\/\/nirigs.com\/?s={search_term_string}"},"query-input":{"@type":"PropertyValueSpecification","valueRequired":true,"valueName":"search_term_string"}}],"inLanguage":"ar"},{"@type":"Organization","@id":"https:\/\/nirigs.com\/#organization","name":"\u0646\u064a\u0631\u064a\u062c\u0633","url":"https:\/\/nirigs.com\/","logo":{"@type":"ImageObject","inLanguage":"ar","@id":"https:\/\/nirigs.com\/#\/schema\/logo\/image\/","url":"https:\/\/nirigs.com\/wp-content\/uploads\/2025\/04\/Design-sans-titre-27.png","contentUrl":"https:\/\/nirigs.com\/wp-content\/uploads\/2025\/04\/Design-sans-titre-27.png","width":500,"height":500,"caption":"Nirigs"},"image":{"@id":"https:\/\/nirigs.com\/#\/schema\/logo\/image\/"}}]}},"brands":[{"id":1345,"name":"Mont Blanc","slug":"mont-blanc"}],"_links":{"self":[{"href":"https:\/\/nirigs.com\/ar\/wp-json\/wp\/v2\/product\/27320","targetHints":{"allow":["GET"]}}],"collection":[{"href":"https:\/\/nirigs.com\/ar\/wp-json\/wp\/v2\/product"}],"about":[{"href":"https:\/\/nirigs.com\/ar\/wp-json\/wp\/v2\/types\/product"}],"replies":[{"embeddable":true,"href":"https:\/\/nirigs.com\/ar\/wp-json\/wp\/v2\/comments?post=27320"}],"version-history":[{"count":3,"href":"https:\/\/nirigs.com\/ar\/wp-json\/wp\/v2\/product\/27320\/revisions"}],"predecessor-version":[{"id":27351,"href":"https:\/\/nirigs.com\/ar\/wp-json\/wp\/v2\/product\/27320\/revisions\/27351"}],"wp:featuredmedia":[{"embeddable":true,"href":"https:\/\/nirigs.com\/ar\/wp-json\/wp\/v2\/media\/27323"}],"wp:attachment":[{"href":"https:\/\/nirigs.com\/ar\/wp-json\/wp\/v2\/media?parent=27320"}],"wp:term":[{"taxonomy":"pwb-brand","embeddable":true,"href":"https:\/\/nirigs.com\/ar\/wp-json\/wp\/v2\/pwb-brand?post=27320"},{"taxonomy":"product_brand","embeddable":true,"href":"https:\/\/nirigs.com\/ar\/wp-json\/wp\/v2\/product_brand?post=27320"},{"taxonomy":"product_cat","embeddable":true,"href":"https:\/\/nirigs.com\/ar\/wp-json\/wp\/v2\/product_cat?post=27320"},{"taxonomy":"product_tag","embeddable":true,"href":"https:\/\/nirigs.com\/ar\/wp-json\/wp\/v2\/product_tag?post=27320"}],"curies":[{"name":"wp","href":"https:\/\/api.w.org\/{rel}","templated":true}]}}