{"id":27287,"date":"2026-02-02T11:52:17","date_gmt":"2026-02-02T08:52:17","guid":{"rendered":"https:\/\/nirigs.com\/?post_type=product&#038;p=27287"},"modified":"2026-02-04T22:09:33","modified_gmt":"2026-02-04T19:09:33","slug":"eau-minerale-naturelle-al-ain-1-5-l","status":"publish","type":"product","link":"https:\/\/nirigs.com\/ar\/product\/eau-minerale-naturelle-al-ain-1-5-l\/","title":{"rendered":"Eau Min\u00e9rale Naturelle Al Ain &#8211; 1.5 L"},"content":{"rendered":"<p data-start=\"166\" data-end=\"388\">L\u2019eau min\u00e9rale <strong data-start=\"181\" data-end=\"191\">Al Ain<\/strong> est reconnue pour sa puret\u00e9 et sa qualit\u00e9 constante. Issue de sources naturelles rigoureusement contr\u00f4l\u00e9es, elle offre une composition min\u00e9rale \u00e9quilibr\u00e9e, id\u00e9ale pour une hydratation quotidienne.<\/p>\n<p data-start=\"390\" data-end=\"576\">Gr\u00e2ce \u00e0 son go\u00fbt l\u00e9ger et rafra\u00eechissant, l\u2019eau Al Ain convient \u00e0 toute la famille et s\u2019adapte parfaitement \u00e0 une consommation r\u00e9guli\u00e8re, \u00e0 la maison, au bureau ou lors des d\u00e9placements.<\/p>\n<p data-start=\"578\" data-end=\"595\"><strong data-start=\"578\" data-end=\"593\">\u0641\u0648\u0627\u0626\u062f :<\/strong><\/p>\n<ul data-start=\"596\" data-end=\"728\">\n<li data-start=\"596\" data-end=\"622\">\n<p data-start=\"598\" data-end=\"622\">Eau min\u00e9rale naturelle<\/p>\n<\/li>\n<li data-start=\"623\" data-end=\"649\">\n<p data-start=\"625\" data-end=\"649\">Go\u00fbt l\u00e9ger et agr\u00e9able<\/p>\n<\/li>\n<li data-start=\"650\" data-end=\"685\">\n<p data-start=\"652\" data-end=\"685\">Composition min\u00e9rale \u00e9quilibr\u00e9e<\/p>\n<\/li>\n<li data-start=\"686\" data-end=\"728\">\n<p data-start=\"688\" data-end=\"728\">Adapt\u00e9e \u00e0 une consommation quotidienne<\/p>\n<\/li>\n<\/ul>\n<p data-start=\"730\" data-end=\"754\"><strong data-start=\"730\" data-end=\"752\">Caract\u00e9ristiques :<\/strong><\/p>\n<ul data-start=\"755\" data-end=\"878\">\n<li data-start=\"755\" data-end=\"774\">\n<p data-start=\"757\" data-end=\"774\">Marque : Al Ain<\/p>\n<\/li>\n<li data-start=\"775\" data-end=\"798\">\n<p data-start=\"777\" data-end=\"798\">Type : Eau min\u00e9rale<\/p>\n<\/li>\n<li data-start=\"799\" data-end=\"825\">\n<p data-start=\"801\" data-end=\"825\">Contenance : 1,5 litre<\/p>\n<\/li>\n<li data-start=\"826\" data-end=\"878\">\n<p data-start=\"828\" data-end=\"878\">Conditionnement : Bouteille plastique recyclable<\/p>\n<\/li>\n<\/ul>\n<p data-start=\"880\" data-end=\"996\"><strong>Conseil d\u2019utilisation<\/strong> : \u00e0 consommer fra\u00eeche et \u00e0 conserver \u00e0 l\u2019abri de la chaleur pour pr\u00e9server toute sa fra\u00eecheur.<\/p>","protected":false},"excerpt":{"rendered":"<p>Eau Min\u00e9rale Naturelle Al Ain &#8211; 1.5 L<br \/>\nDisponible \u00e0 l&rsquo;unit\u00e9 ou en pack.<\/p>","protected":false},"featured_media":27295,"comment_status":"open","ping_status":"closed","template":"","meta":[],"pwb-brand":[1344],"product_brand":[],"product_cat":[929,931,1132,275],"product_tag":[],"class_list":{"0":"post-27287","1":"product","2":"type-product","3":"status-publish","4":"has-post-thumbnail","6":"pwb-brand-al-ain","7":"product_cat-cafe-the-et-boissons","8":"product_cat-eaux","9":"product_cat-eaux-plates","10":"product_cat-epicerie","12":"first","13":"instock","14":"shipping-taxable","15":"purchasable","16":"product-type-variable"},"yoast_head":"<!-- This site is optimized with the Yoast SEO plugin v27.1.1 - https:\/\/yoast.com\/product\/yoast-seo-wordpress\/ -->\n<title>Eau Min\u00e9rale Naturelle Al Ain - 1.5 L - NIRIGS<\/title>\n<meta name=\"description\" content=\"Eau min\u00e9rale Al Ain 1,5 L, pure et \u00e9quilibr\u00e9e, id\u00e9ale pour une hydratation quotidienne \u00e0 la maison, au travail ou en d\u00e9placement.\" \/>\n<meta name=\"robots\" content=\"index, follow, max-snippet:-1, max-image-preview:large, max-video-preview:-1\" \/>\n<link rel=\"canonical\" href=\"https:\/\/nirigs.com\/ar\/product\/eau-minerale-naturelle-al-ain-1-5-l\/\" \/>\n<meta property=\"og:locale\" content=\"ar_AR\" \/>\n<meta property=\"og:type\" content=\"article\" \/>\n<meta property=\"og:title\" content=\"Eau Min\u00e9rale Naturelle Al Ain - 1.5 L - NIRIGS\" \/>\n<meta property=\"og:description\" content=\"Eau min\u00e9rale Al Ain 1,5 L, pure et \u00e9quilibr\u00e9e, id\u00e9ale pour une hydratation quotidienne \u00e0 la maison, au travail ou en d\u00e9placement.\" \/>\n<meta property=\"og:url\" content=\"https:\/\/nirigs.com\/ar\/product\/eau-minerale-naturelle-al-ain-1-5-l\/\" \/>\n<meta property=\"og:site_name\" content=\"NIRIGS\" \/>\n<meta property=\"article:modified_time\" content=\"2026-02-04T19:09:33+00:00\" \/>\n<meta property=\"og:image\" content=\"https:\/\/nirigs.com\/wp-content\/uploads\/2026\/02\/Eau-Minerale-Naturelle-Al-Ain-1.5-L.png\" \/>\n\t<meta property=\"og:image:width\" content=\"1000\" \/>\n\t<meta property=\"og:image:height\" content=\"1000\" \/>\n\t<meta property=\"og:image:type\" content=\"image\/png\" \/>\n<meta name=\"twitter:card\" content=\"summary_large_image\" \/>\n<meta name=\"twitter:label1\" content=\"\u0648\u0642\u062a \u0627\u0644\u0642\u0631\u0627\u0621\u0629 \u0627\u0644\u0645\u064f\u0642\u062f\u0651\u0631\" \/>\n\t<meta name=\"twitter:data1\" content=\"\u062f\u0642\u064a\u0642\u0629 \u0648\u0627\u062d\u062f\u0629\" \/>\n<script type=\"application\/ld+json\" class=\"yoast-schema-graph\">{\"@context\":\"https:\/\/schema.org\",\"@graph\":[{\"@type\":\"WebPage\",\"@id\":\"https:\/\/nirigs.com\/product\/eau-minerale-naturelle-al-ain-1-5-l\/\",\"url\":\"https:\/\/nirigs.com\/product\/eau-minerale-naturelle-al-ain-1-5-l\/\",\"name\":\"Eau Min\u00e9rale Naturelle Al Ain - 1.5 L - NIRIGS\",\"isPartOf\":{\"@id\":\"https:\/\/nirigs.com\/#website\"},\"primaryImageOfPage\":{\"@id\":\"https:\/\/nirigs.com\/product\/eau-minerale-naturelle-al-ain-1-5-l\/#primaryimage\"},\"image\":{\"@id\":\"https:\/\/nirigs.com\/product\/eau-minerale-naturelle-al-ain-1-5-l\/#primaryimage\"},\"thumbnailUrl\":\"https:\/\/nirigs.com\/wp-content\/uploads\/2026\/02\/Eau-Minerale-Naturelle-Al-Ain-1.5-L.png\",\"datePublished\":\"2026-02-02T08:52:17+00:00\",\"dateModified\":\"2026-02-04T19:09:33+00:00\",\"description\":\"Eau min\u00e9rale Al Ain 1,5 L, pure et \u00e9quilibr\u00e9e, id\u00e9ale pour une hydratation quotidienne \u00e0 la maison, au travail ou en d\u00e9placement.\",\"breadcrumb\":{\"@id\":\"https:\/\/nirigs.com\/product\/eau-minerale-naturelle-al-ain-1-5-l\/#breadcrumb\"},\"inLanguage\":\"ar\",\"potentialAction\":[{\"@type\":\"ReadAction\",\"target\":[\"https:\/\/nirigs.com\/product\/eau-minerale-naturelle-al-ain-1-5-l\/\"]}]},{\"@type\":\"ImageObject\",\"inLanguage\":\"ar\",\"@id\":\"https:\/\/nirigs.com\/product\/eau-minerale-naturelle-al-ain-1-5-l\/#primaryimage\",\"url\":\"https:\/\/nirigs.com\/wp-content\/uploads\/2026\/02\/Eau-Minerale-Naturelle-Al-Ain-1.5-L.png\",\"contentUrl\":\"https:\/\/nirigs.com\/wp-content\/uploads\/2026\/02\/Eau-Minerale-Naturelle-Al-Ain-1.5-L.png\",\"width\":1000,\"height\":1000},{\"@type\":\"BreadcrumbList\",\"@id\":\"https:\/\/nirigs.com\/product\/eau-minerale-naturelle-al-ain-1-5-l\/#breadcrumb\",\"itemListElement\":[{\"@type\":\"ListItem\",\"position\":1,\"name\":\"Home\",\"item\":\"https:\/\/nirigs.com\/\"},{\"@type\":\"ListItem\",\"position\":2,\"name\":\"Parcourir\",\"item\":\"https:\/\/nirigs.com\/boutique\/\"},{\"@type\":\"ListItem\",\"position\":3,\"name\":\"Eau Min\u00e9rale Naturelle Al Ain &#8211; 1.5 L\"}]},{\"@type\":\"WebSite\",\"@id\":\"https:\/\/nirigs.com\/#website\",\"url\":\"https:\/\/nirigs.com\/\",\"name\":\"Nirigs.com\",\"description\":\"Simplifiez vos achats du quotidien \u00e0 Djibouti\",\"publisher\":{\"@id\":\"https:\/\/nirigs.com\/#organization\"},\"potentialAction\":[{\"@type\":\"SearchAction\",\"target\":{\"@type\":\"EntryPoint\",\"urlTemplate\":\"https:\/\/nirigs.com\/?s={search_term_string}\"},\"query-input\":{\"@type\":\"PropertyValueSpecification\",\"valueRequired\":true,\"valueName\":\"search_term_string\"}}],\"inLanguage\":\"ar\"},{\"@type\":\"Organization\",\"@id\":\"https:\/\/nirigs.com\/#organization\",\"name\":\"Nirigs\",\"url\":\"https:\/\/nirigs.com\/\",\"logo\":{\"@type\":\"ImageObject\",\"inLanguage\":\"ar\",\"@id\":\"https:\/\/nirigs.com\/#\/schema\/logo\/image\/\",\"url\":\"https:\/\/nirigs.com\/wp-content\/uploads\/2025\/04\/Design-sans-titre-27.png\",\"contentUrl\":\"https:\/\/nirigs.com\/wp-content\/uploads\/2025\/04\/Design-sans-titre-27.png\",\"width\":500,\"height\":500,\"caption\":\"Nirigs\"},\"image\":{\"@id\":\"https:\/\/nirigs.com\/#\/schema\/logo\/image\/\"}}]}<\/script>\n<!-- \/ Yoast SEO plugin. -->","yoast_head_json":{"title":"Eau Min\u00e9rale Naturelle Al Ain - 1.5 L - NIRIGS","description":"Eau min\u00e9rale Al Ain 1,5 L, pure et \u00e9quilibr\u00e9e, id\u00e9ale pour une hydratation quotidienne \u00e0 la maison, au travail ou en d\u00e9placement.","robots":{"index":"index","follow":"follow","max-snippet":"max-snippet:-1","max-image-preview":"max-image-preview:large","max-video-preview":"max-video-preview:-1"},"canonical":"https:\/\/nirigs.com\/ar\/product\/eau-minerale-naturelle-al-ain-1-5-l\/","og_locale":"ar_AR","og_type":"article","og_title":"Eau Min\u00e9rale Naturelle Al Ain - 1.5 L - NIRIGS","og_description":"Eau min\u00e9rale Al Ain 1,5 L, pure et \u00e9quilibr\u00e9e, id\u00e9ale pour une hydratation quotidienne \u00e0 la maison, au travail ou en d\u00e9placement.","og_url":"https:\/\/nirigs.com\/ar\/product\/eau-minerale-naturelle-al-ain-1-5-l\/","og_site_name":"NIRIGS","article_modified_time":"2026-02-04T19:09:33+00:00","og_image":[{"width":1000,"height":1000,"url":"https:\/\/nirigs.com\/wp-content\/uploads\/2026\/02\/Eau-Minerale-Naturelle-Al-Ain-1.5-L.png","type":"image\/png"}],"twitter_card":"summary_large_image","twitter_misc":{"\u0648\u0642\u062a \u0627\u0644\u0642\u0631\u0627\u0621\u0629 \u0627\u0644\u0645\u064f\u0642\u062f\u0651\u0631":"\u062f\u0642\u064a\u0642\u0629 \u0648\u0627\u062d\u062f\u0629"},"schema":{"@context":"https:\/\/schema.org","@graph":[{"@type":"WebPage","@id":"https:\/\/nirigs.com\/product\/eau-minerale-naturelle-al-ain-1-5-l\/","url":"https:\/\/nirigs.com\/product\/eau-minerale-naturelle-al-ain-1-5-l\/","name":"Eau Min\u00e9rale Naturelle Al Ain - 1.5 L - NIRIGS","isPartOf":{"@id":"https:\/\/nirigs.com\/#website"},"primaryImageOfPage":{"@id":"https:\/\/nirigs.com\/product\/eau-minerale-naturelle-al-ain-1-5-l\/#primaryimage"},"image":{"@id":"https:\/\/nirigs.com\/product\/eau-minerale-naturelle-al-ain-1-5-l\/#primaryimage"},"thumbnailUrl":"https:\/\/nirigs.com\/wp-content\/uploads\/2026\/02\/Eau-Minerale-Naturelle-Al-Ain-1.5-L.png","datePublished":"2026-02-02T08:52:17+00:00","dateModified":"2026-02-04T19:09:33+00:00","description":"Eau min\u00e9rale Al Ain 1,5 L, pure et \u00e9quilibr\u00e9e, id\u00e9ale pour une hydratation quotidienne \u00e0 la maison, au travail ou en d\u00e9placement.","breadcrumb":{"@id":"https:\/\/nirigs.com\/product\/eau-minerale-naturelle-al-ain-1-5-l\/#breadcrumb"},"inLanguage":"ar","potentialAction":[{"@type":"ReadAction","target":["https:\/\/nirigs.com\/product\/eau-minerale-naturelle-al-ain-1-5-l\/"]}]},{"@type":"ImageObject","inLanguage":"ar","@id":"https:\/\/nirigs.com\/product\/eau-minerale-naturelle-al-ain-1-5-l\/#primaryimage","url":"https:\/\/nirigs.com\/wp-content\/uploads\/2026\/02\/Eau-Minerale-Naturelle-Al-Ain-1.5-L.png","contentUrl":"https:\/\/nirigs.com\/wp-content\/uploads\/2026\/02\/Eau-Minerale-Naturelle-Al-Ain-1.5-L.png","width":1000,"height":1000},{"@type":"BreadcrumbList","@id":"https:\/\/nirigs.com\/product\/eau-minerale-naturelle-al-ain-1-5-l\/#breadcrumb","itemListElement":[{"@type":"ListItem","position":1,"name":"Home","item":"https:\/\/nirigs.com\/"},{"@type":"ListItem","position":2,"name":"Parcourir","item":"https:\/\/nirigs.com\/boutique\/"},{"@type":"ListItem","position":3,"name":"Eau Min\u00e9rale Naturelle Al Ain &#8211; 1.5 L"}]},{"@type":"WebSite","@id":"https:\/\/nirigs.com\/#website","url":"https:\/\/nirigs.com\/","name":"Nirigs.com","description":"Simplifiez vos achats du quotidien \u00e0 Djibouti","publisher":{"@id":"https:\/\/nirigs.com\/#organization"},"potentialAction":[{"@type":"SearchAction","target":{"@type":"EntryPoint","urlTemplate":"https:\/\/nirigs.com\/?s={search_term_string}"},"query-input":{"@type":"PropertyValueSpecification","valueRequired":true,"valueName":"search_term_string"}}],"inLanguage":"ar"},{"@type":"Organization","@id":"https:\/\/nirigs.com\/#organization","name":"\u0646\u064a\u0631\u064a\u062c\u0633","url":"https:\/\/nirigs.com\/","logo":{"@type":"ImageObject","inLanguage":"ar","@id":"https:\/\/nirigs.com\/#\/schema\/logo\/image\/","url":"https:\/\/nirigs.com\/wp-content\/uploads\/2025\/04\/Design-sans-titre-27.png","contentUrl":"https:\/\/nirigs.com\/wp-content\/uploads\/2025\/04\/Design-sans-titre-27.png","width":500,"height":500,"caption":"Nirigs"},"image":{"@id":"https:\/\/nirigs.com\/#\/schema\/logo\/image\/"}}]}},"brands":[{"id":1344,"name":"Al Ain","slug":"al-ain"}],"_links":{"self":[{"href":"https:\/\/nirigs.com\/ar\/wp-json\/wp\/v2\/product\/27287","targetHints":{"allow":["GET"]}}],"collection":[{"href":"https:\/\/nirigs.com\/ar\/wp-json\/wp\/v2\/product"}],"about":[{"href":"https:\/\/nirigs.com\/ar\/wp-json\/wp\/v2\/types\/product"}],"replies":[{"embeddable":true,"href":"https:\/\/nirigs.com\/ar\/wp-json\/wp\/v2\/comments?post=27287"}],"version-history":[{"count":4,"href":"https:\/\/nirigs.com\/ar\/wp-json\/wp\/v2\/product\/27287\/revisions"}],"predecessor-version":[{"id":27326,"href":"https:\/\/nirigs.com\/ar\/wp-json\/wp\/v2\/product\/27287\/revisions\/27326"}],"wp:featuredmedia":[{"embeddable":true,"href":"https:\/\/nirigs.com\/ar\/wp-json\/wp\/v2\/media\/27295"}],"wp:attachment":[{"href":"https:\/\/nirigs.com\/ar\/wp-json\/wp\/v2\/media?parent=27287"}],"wp:term":[{"taxonomy":"pwb-brand","embeddable":true,"href":"https:\/\/nirigs.com\/ar\/wp-json\/wp\/v2\/pwb-brand?post=27287"},{"taxonomy":"product_brand","embeddable":true,"href":"https:\/\/nirigs.com\/ar\/wp-json\/wp\/v2\/product_brand?post=27287"},{"taxonomy":"product_cat","embeddable":true,"href":"https:\/\/nirigs.com\/ar\/wp-json\/wp\/v2\/product_cat?post=27287"},{"taxonomy":"product_tag","embeddable":true,"href":"https:\/\/nirigs.com\/ar\/wp-json\/wp\/v2\/product_tag?post=27287"}],"curies":[{"name":"wp","href":"https:\/\/api.w.org\/{rel}","templated":true}]}}