{"id":27261,"date":"2026-01-29T20:07:42","date_gmt":"2026-01-29T17:07:42","guid":{"rendered":"https:\/\/nirigs.com\/?post_type=product&#038;p=27261"},"modified":"2026-02-04T22:10:50","modified_gmt":"2026-02-04T19:10:50","slug":"eau-de-source-plate-cristaline-1-5-l","status":"publish","type":"product","link":"https:\/\/nirigs.com\/ar\/product\/eau-de-source-plate-cristaline-1-5-l\/","title":{"rendered":"Eau de Source Plate Cristaline &#8211; 1.5 L"},"content":{"rendered":"<p data-start=\"216\" data-end=\"479\"><strong data-start=\"216\" data-end=\"230\">Cristaline<\/strong> est une eau de source plate reconnue pour sa <strong data-start=\"276\" data-end=\"286\">puret\u00e9<\/strong>, sa <strong data-start=\"291\" data-end=\"303\">l\u00e9g\u00e8ret\u00e9<\/strong> et son <strong data-start=\"311\" data-end=\"345\">excellent rapport qualit\u00e9-prix<\/strong>. Capt\u00e9e \u00e0 la source et contr\u00f4l\u00e9e \u00e0 chaque \u00e9tape, elle est id\u00e9ale pour une <strong data-start=\"420\" data-end=\"448\">consommation quotidienne<\/strong>, \u00e0 la maison comme au travail.<\/p>\n<p data-start=\"481\" data-end=\"667\">Son go\u00fbt neutre et rafra\u00eechissant en fait une eau agr\u00e9able \u00e0 boire \u00e0 tout moment de la journ\u00e9e. Gr\u00e2ce \u00e0 sa composition \u00e9quilibr\u00e9e, l\u2019eau de source Cristaline convient \u00e0 toute la famille.<\/p>\n<h4 data-start=\"669\" data-end=\"705\">\u00a0Les avantages de Cristaline :<\/h4>\n<ul data-start=\"706\" data-end=\"865\">\n<li data-start=\"706\" data-end=\"729\">\n<p data-start=\"708\" data-end=\"729\">Eau de source plate<\/p>\n<\/li>\n<li data-start=\"730\" data-end=\"762\">\n<p data-start=\"732\" data-end=\"762\">Go\u00fbt l\u00e9ger et rafra\u00eechissant<\/p>\n<\/li>\n<li data-start=\"763\" data-end=\"807\">\n<p data-start=\"765\" data-end=\"807\">Id\u00e9ale pour une consommation quotidienne<\/p>\n<\/li>\n<li data-start=\"808\" data-end=\"839\">\n<p data-start=\"810\" data-end=\"839\">Convient \u00e0 toute la famille<\/p>\n<\/li>\n<li data-start=\"840\" data-end=\"865\">\n<p data-start=\"842\" data-end=\"865\">Format pratique 1,5 L<\/p>\n<\/li>\n<\/ul>\n<h4 data-start=\"867\" data-end=\"893\">\u00a0Caract\u00e9ristiques :<\/h4>\n<ul data-start=\"894\" data-end=\"1069\">\n<li data-start=\"894\" data-end=\"921\">\n<p data-start=\"896\" data-end=\"921\"><strong data-start=\"896\" data-end=\"906\">Marque<\/strong> : Cristaline<\/p>\n<\/li>\n<li data-start=\"922\" data-end=\"956\">\n<p data-start=\"924\" data-end=\"956\"><strong data-start=\"924\" data-end=\"932\">Type<\/strong> : Eau de source plate<\/p>\n<\/li>\n<li data-start=\"957\" data-end=\"987\">\n<p data-start=\"959\" data-end=\"987\"><strong data-start=\"959\" data-end=\"973\">\u0633\u0639\u0629<\/strong> : 1,5 litre<\/p>\n<\/li>\n<li data-start=\"988\" data-end=\"1012\">\n<p data-start=\"990\" data-end=\"1012\"><strong data-start=\"990\" data-end=\"1001\">Origine<\/strong> : France<\/p>\n<\/li>\n<li data-start=\"1013\" data-end=\"1069\">\n<p data-start=\"1015\" data-end=\"1069\"><strong data-start=\"1015\" data-end=\"1034\">Conditionnement<\/strong> : Bouteille plastique recyclable<\/p>\n<\/li>\n<\/ul>\n<p data-start=\"1071\" data-end=\"1163\">\ud83d\udca1 <strong data-start=\"1074\" data-end=\"1099\">Conseil d\u2019utilisation<\/strong> : \u00e0 consommer fra\u00eeche pour une sensation de fra\u00eecheur optimale.<\/p>","protected":false},"excerpt":{"rendered":"<p>Eau de Source Plate Cristaline &#8211; 1.5 L<br \/>\nDisponible \u00e0 l\u2019unit\u00e9 ou en pack.<\/p>","protected":false},"featured_media":27264,"comment_status":"open","ping_status":"closed","template":"","meta":[],"pwb-brand":[1342],"product_brand":[],"product_cat":[929,931,1132,275],"product_tag":[],"class_list":{"0":"post-27261","1":"product","2":"type-product","3":"status-publish","4":"has-post-thumbnail","6":"pwb-brand-cristaline","7":"product_cat-cafe-the-et-boissons","8":"product_cat-eaux","9":"product_cat-eaux-plates","10":"product_cat-epicerie","12":"first","13":"instock","14":"shipping-taxable","15":"purchasable","16":"product-type-variable"},"yoast_head":"<!-- This site is optimized with the Yoast SEO plugin v27.1.1 - https:\/\/yoast.com\/product\/yoast-seo-wordpress\/ -->\n<title>Eau de Source Plate Cristaline - 1.5 L - NIRIGS<\/title>\n<meta name=\"description\" content=\"Cristaline vous offre une eau de source plate de qualit\u00e9 faiblement min\u00e9ralis\u00e9e capt\u00e9e dans une source au plus proche de chez vous.\" \/>\n<meta name=\"robots\" content=\"index, follow, max-snippet:-1, max-image-preview:large, max-video-preview:-1\" \/>\n<link rel=\"canonical\" href=\"https:\/\/nirigs.com\/ar\/product\/eau-de-source-plate-cristaline-1-5-l\/\" \/>\n<meta property=\"og:locale\" content=\"ar_AR\" \/>\n<meta property=\"og:type\" content=\"article\" \/>\n<meta property=\"og:title\" content=\"Eau de Source Plate Cristaline - 1.5 L - NIRIGS\" \/>\n<meta property=\"og:description\" content=\"Cristaline vous offre une eau de source plate de qualit\u00e9 faiblement min\u00e9ralis\u00e9e capt\u00e9e dans une source au plus proche de chez vous.\" \/>\n<meta property=\"og:url\" content=\"https:\/\/nirigs.com\/ar\/product\/eau-de-source-plate-cristaline-1-5-l\/\" \/>\n<meta property=\"og:site_name\" content=\"NIRIGS\" \/>\n<meta property=\"article:modified_time\" content=\"2026-02-04T19:10:50+00:00\" \/>\n<meta property=\"og:image\" content=\"https:\/\/nirigs.com\/wp-content\/uploads\/2026\/01\/Eau-de-source-plate-cristaline-1.5-L.png\" \/>\n\t<meta property=\"og:image:width\" content=\"1000\" \/>\n\t<meta property=\"og:image:height\" content=\"1000\" \/>\n\t<meta property=\"og:image:type\" content=\"image\/png\" \/>\n<meta name=\"twitter:card\" content=\"summary_large_image\" \/>\n<meta name=\"twitter:label1\" content=\"\u0648\u0642\u062a \u0627\u0644\u0642\u0631\u0627\u0621\u0629 \u0627\u0644\u0645\u064f\u0642\u062f\u0651\u0631\" \/>\n\t<meta name=\"twitter:data1\" content=\"\u062f\u0642\u064a\u0642\u0629 \u0648\u0627\u062d\u062f\u0629\" \/>\n<script type=\"application\/ld+json\" class=\"yoast-schema-graph\">{\"@context\":\"https:\/\/schema.org\",\"@graph\":[{\"@type\":\"WebPage\",\"@id\":\"https:\/\/nirigs.com\/product\/eau-de-source-plate-cristaline-1-5-l\/\",\"url\":\"https:\/\/nirigs.com\/product\/eau-de-source-plate-cristaline-1-5-l\/\",\"name\":\"Eau de Source Plate Cristaline - 1.5 L - NIRIGS\",\"isPartOf\":{\"@id\":\"https:\/\/nirigs.com\/#website\"},\"primaryImageOfPage\":{\"@id\":\"https:\/\/nirigs.com\/product\/eau-de-source-plate-cristaline-1-5-l\/#primaryimage\"},\"image\":{\"@id\":\"https:\/\/nirigs.com\/product\/eau-de-source-plate-cristaline-1-5-l\/#primaryimage\"},\"thumbnailUrl\":\"https:\/\/nirigs.com\/wp-content\/uploads\/2026\/01\/Eau-de-source-plate-cristaline-1.5-L.png\",\"datePublished\":\"2026-01-29T17:07:42+00:00\",\"dateModified\":\"2026-02-04T19:10:50+00:00\",\"description\":\"Cristaline vous offre une eau de source plate de qualit\u00e9 faiblement min\u00e9ralis\u00e9e capt\u00e9e dans une source au plus proche de chez vous.\",\"breadcrumb\":{\"@id\":\"https:\/\/nirigs.com\/product\/eau-de-source-plate-cristaline-1-5-l\/#breadcrumb\"},\"inLanguage\":\"ar\",\"potentialAction\":[{\"@type\":\"ReadAction\",\"target\":[\"https:\/\/nirigs.com\/product\/eau-de-source-plate-cristaline-1-5-l\/\"]}]},{\"@type\":\"ImageObject\",\"inLanguage\":\"ar\",\"@id\":\"https:\/\/nirigs.com\/product\/eau-de-source-plate-cristaline-1-5-l\/#primaryimage\",\"url\":\"https:\/\/nirigs.com\/wp-content\/uploads\/2026\/01\/Eau-de-source-plate-cristaline-1.5-L.png\",\"contentUrl\":\"https:\/\/nirigs.com\/wp-content\/uploads\/2026\/01\/Eau-de-source-plate-cristaline-1.5-L.png\",\"width\":1000,\"height\":1000},{\"@type\":\"BreadcrumbList\",\"@id\":\"https:\/\/nirigs.com\/product\/eau-de-source-plate-cristaline-1-5-l\/#breadcrumb\",\"itemListElement\":[{\"@type\":\"ListItem\",\"position\":1,\"name\":\"Home\",\"item\":\"https:\/\/nirigs.com\/\"},{\"@type\":\"ListItem\",\"position\":2,\"name\":\"Parcourir\",\"item\":\"https:\/\/nirigs.com\/boutique\/\"},{\"@type\":\"ListItem\",\"position\":3,\"name\":\"Eau de Source Plate Cristaline &#8211; 1.5 L\"}]},{\"@type\":\"WebSite\",\"@id\":\"https:\/\/nirigs.com\/#website\",\"url\":\"https:\/\/nirigs.com\/\",\"name\":\"Nirigs.com\",\"description\":\"Simplifiez vos achats du quotidien \u00e0 Djibouti\",\"publisher\":{\"@id\":\"https:\/\/nirigs.com\/#organization\"},\"potentialAction\":[{\"@type\":\"SearchAction\",\"target\":{\"@type\":\"EntryPoint\",\"urlTemplate\":\"https:\/\/nirigs.com\/?s={search_term_string}\"},\"query-input\":{\"@type\":\"PropertyValueSpecification\",\"valueRequired\":true,\"valueName\":\"search_term_string\"}}],\"inLanguage\":\"ar\"},{\"@type\":\"Organization\",\"@id\":\"https:\/\/nirigs.com\/#organization\",\"name\":\"Nirigs\",\"url\":\"https:\/\/nirigs.com\/\",\"logo\":{\"@type\":\"ImageObject\",\"inLanguage\":\"ar\",\"@id\":\"https:\/\/nirigs.com\/#\/schema\/logo\/image\/\",\"url\":\"https:\/\/nirigs.com\/wp-content\/uploads\/2025\/04\/Design-sans-titre-27.png\",\"contentUrl\":\"https:\/\/nirigs.com\/wp-content\/uploads\/2025\/04\/Design-sans-titre-27.png\",\"width\":500,\"height\":500,\"caption\":\"Nirigs\"},\"image\":{\"@id\":\"https:\/\/nirigs.com\/#\/schema\/logo\/image\/\"}}]}<\/script>\n<!-- \/ Yoast SEO plugin. -->","yoast_head_json":{"title":"Eau de Source Plate Cristaline - 1.5 L - NIRIGS","description":"Cristaline vous offre une eau de source plate de qualit\u00e9 faiblement min\u00e9ralis\u00e9e capt\u00e9e dans une source au plus proche de chez vous.","robots":{"index":"index","follow":"follow","max-snippet":"max-snippet:-1","max-image-preview":"max-image-preview:large","max-video-preview":"max-video-preview:-1"},"canonical":"https:\/\/nirigs.com\/ar\/product\/eau-de-source-plate-cristaline-1-5-l\/","og_locale":"ar_AR","og_type":"article","og_title":"Eau de Source Plate Cristaline - 1.5 L - NIRIGS","og_description":"Cristaline vous offre une eau de source plate de qualit\u00e9 faiblement min\u00e9ralis\u00e9e capt\u00e9e dans une source au plus proche de chez vous.","og_url":"https:\/\/nirigs.com\/ar\/product\/eau-de-source-plate-cristaline-1-5-l\/","og_site_name":"NIRIGS","article_modified_time":"2026-02-04T19:10:50+00:00","og_image":[{"width":1000,"height":1000,"url":"https:\/\/nirigs.com\/wp-content\/uploads\/2026\/01\/Eau-de-source-plate-cristaline-1.5-L.png","type":"image\/png"}],"twitter_card":"summary_large_image","twitter_misc":{"\u0648\u0642\u062a \u0627\u0644\u0642\u0631\u0627\u0621\u0629 \u0627\u0644\u0645\u064f\u0642\u062f\u0651\u0631":"\u062f\u0642\u064a\u0642\u0629 \u0648\u0627\u062d\u062f\u0629"},"schema":{"@context":"https:\/\/schema.org","@graph":[{"@type":"WebPage","@id":"https:\/\/nirigs.com\/product\/eau-de-source-plate-cristaline-1-5-l\/","url":"https:\/\/nirigs.com\/product\/eau-de-source-plate-cristaline-1-5-l\/","name":"Eau de Source Plate Cristaline - 1.5 L - NIRIGS","isPartOf":{"@id":"https:\/\/nirigs.com\/#website"},"primaryImageOfPage":{"@id":"https:\/\/nirigs.com\/product\/eau-de-source-plate-cristaline-1-5-l\/#primaryimage"},"image":{"@id":"https:\/\/nirigs.com\/product\/eau-de-source-plate-cristaline-1-5-l\/#primaryimage"},"thumbnailUrl":"https:\/\/nirigs.com\/wp-content\/uploads\/2026\/01\/Eau-de-source-plate-cristaline-1.5-L.png","datePublished":"2026-01-29T17:07:42+00:00","dateModified":"2026-02-04T19:10:50+00:00","description":"Cristaline vous offre une eau de source plate de qualit\u00e9 faiblement min\u00e9ralis\u00e9e capt\u00e9e dans une source au plus proche de chez vous.","breadcrumb":{"@id":"https:\/\/nirigs.com\/product\/eau-de-source-plate-cristaline-1-5-l\/#breadcrumb"},"inLanguage":"ar","potentialAction":[{"@type":"ReadAction","target":["https:\/\/nirigs.com\/product\/eau-de-source-plate-cristaline-1-5-l\/"]}]},{"@type":"ImageObject","inLanguage":"ar","@id":"https:\/\/nirigs.com\/product\/eau-de-source-plate-cristaline-1-5-l\/#primaryimage","url":"https:\/\/nirigs.com\/wp-content\/uploads\/2026\/01\/Eau-de-source-plate-cristaline-1.5-L.png","contentUrl":"https:\/\/nirigs.com\/wp-content\/uploads\/2026\/01\/Eau-de-source-plate-cristaline-1.5-L.png","width":1000,"height":1000},{"@type":"BreadcrumbList","@id":"https:\/\/nirigs.com\/product\/eau-de-source-plate-cristaline-1-5-l\/#breadcrumb","itemListElement":[{"@type":"ListItem","position":1,"name":"Home","item":"https:\/\/nirigs.com\/"},{"@type":"ListItem","position":2,"name":"Parcourir","item":"https:\/\/nirigs.com\/boutique\/"},{"@type":"ListItem","position":3,"name":"Eau de Source Plate Cristaline &#8211; 1.5 L"}]},{"@type":"WebSite","@id":"https:\/\/nirigs.com\/#website","url":"https:\/\/nirigs.com\/","name":"Nirigs.com","description":"Simplifiez vos achats du quotidien \u00e0 Djibouti","publisher":{"@id":"https:\/\/nirigs.com\/#organization"},"potentialAction":[{"@type":"SearchAction","target":{"@type":"EntryPoint","urlTemplate":"https:\/\/nirigs.com\/?s={search_term_string}"},"query-input":{"@type":"PropertyValueSpecification","valueRequired":true,"valueName":"search_term_string"}}],"inLanguage":"ar"},{"@type":"Organization","@id":"https:\/\/nirigs.com\/#organization","name":"\u0646\u064a\u0631\u064a\u062c\u0633","url":"https:\/\/nirigs.com\/","logo":{"@type":"ImageObject","inLanguage":"ar","@id":"https:\/\/nirigs.com\/#\/schema\/logo\/image\/","url":"https:\/\/nirigs.com\/wp-content\/uploads\/2025\/04\/Design-sans-titre-27.png","contentUrl":"https:\/\/nirigs.com\/wp-content\/uploads\/2025\/04\/Design-sans-titre-27.png","width":500,"height":500,"caption":"Nirigs"},"image":{"@id":"https:\/\/nirigs.com\/#\/schema\/logo\/image\/"}}]}},"brands":[{"id":1342,"name":"Cristaline","slug":"cristaline"}],"_links":{"self":[{"href":"https:\/\/nirigs.com\/ar\/wp-json\/wp\/v2\/product\/27261","targetHints":{"allow":["GET"]}}],"collection":[{"href":"https:\/\/nirigs.com\/ar\/wp-json\/wp\/v2\/product"}],"about":[{"href":"https:\/\/nirigs.com\/ar\/wp-json\/wp\/v2\/types\/product"}],"replies":[{"embeddable":true,"href":"https:\/\/nirigs.com\/ar\/wp-json\/wp\/v2\/comments?post=27261"}],"version-history":[{"count":3,"href":"https:\/\/nirigs.com\/ar\/wp-json\/wp\/v2\/product\/27261\/revisions"}],"predecessor-version":[{"id":27343,"href":"https:\/\/nirigs.com\/ar\/wp-json\/wp\/v2\/product\/27261\/revisions\/27343"}],"wp:featuredmedia":[{"embeddable":true,"href":"https:\/\/nirigs.com\/ar\/wp-json\/wp\/v2\/media\/27264"}],"wp:attachment":[{"href":"https:\/\/nirigs.com\/ar\/wp-json\/wp\/v2\/media?parent=27261"}],"wp:term":[{"taxonomy":"pwb-brand","embeddable":true,"href":"https:\/\/nirigs.com\/ar\/wp-json\/wp\/v2\/pwb-brand?post=27261"},{"taxonomy":"product_brand","embeddable":true,"href":"https:\/\/nirigs.com\/ar\/wp-json\/wp\/v2\/product_brand?post=27261"},{"taxonomy":"product_cat","embeddable":true,"href":"https:\/\/nirigs.com\/ar\/wp-json\/wp\/v2\/product_cat?post=27261"},{"taxonomy":"product_tag","embeddable":true,"href":"https:\/\/nirigs.com\/ar\/wp-json\/wp\/v2\/product_tag?post=27261"}],"curies":[{"name":"wp","href":"https:\/\/api.w.org\/{rel}","templated":true}]}}