{"id":26602,"date":"2024-10-24T20:14:01","date_gmt":"2024-10-24T17:14:01","guid":{"rendered":"https:\/\/nirigs.com\/?post_type=product&#038;p=26602"},"modified":"2026-02-11T11:38:41","modified_gmt":"2026-02-11T08:38:41","slug":"pierval-eau-de-source-normandie-1-5-l","status":"publish","type":"product","link":"https:\/\/nirigs.com\/ar\/product\/pierval-eau-de-source-normandie-1-5-l\/","title":{"rendered":"Pierval &#8211; Eau de source Normandie &#8211; 1.5 L"},"content":{"rendered":"<p>L&rsquo;<strong>Eau de source Pierval Normandie<\/strong> est une eau pure provenant des sources naturelles de la r\u00e9gion de Normandie, reconnue pour sa qualit\u00e9. Elle est id\u00e9ale pour une hydratation quotidienne saine et naturelle. Embouteill\u00e9e dans un format de 1.5 L, cette eau de source est parfaite pour un usage \u00e0 la maison, au travail ou lors de d\u00e9placements.<\/p>\n<h4><strong>\u0627\u0644\u062a\u0631\u0643\u064a\u0628\u0629 :<\/strong><\/h4>\n<ul>\n<li>Eau de source naturelle.<\/li>\n<\/ul>\n<h4><strong>\u0641\u0648\u0627\u0626\u062f :<\/strong><\/h4>\n<ul>\n<li><strong>Source naturelle :<\/strong> Eau provenant des sources pr\u00e9serv\u00e9es de Normandie.<\/li>\n<li><strong>Hydratation quotidienne :<\/strong> Parfaite pour toute la famille, elle est adapt\u00e9e \u00e0 la consommation quotidienne.<\/li>\n<li><strong>\u0627\u0644\u0634\u0643\u0644 \u0627\u0644\u0639\u0645\u0644\u064a:<\/strong> Bouteille de 1.5 L facile \u00e0 transporter, id\u00e9ale pour la maison, le bureau ou en d\u00e9placement.<\/li>\n<li><strong>\u0627\u0644\u0628\u064a\u0626\u064a\u0629:<\/strong> Emballage recyclable, respectueux de l\u2019environnement.<\/li>\n<\/ul>\n<h4><strong>\u062a\u0639\u0644\u064a\u0645\u0627\u062a :<\/strong><\/h4>\n<ul>\n<li>\u00c0 consommer tout au long de la journ\u00e9e pour une hydratation optimale.<\/li>\n<\/ul>\n<h4><strong>Conseils d&rsquo;utilisation :<\/strong><\/h4>\n<ul>\n<li>\u00c0 consommer fra\u00eeche ou \u00e0 temp\u00e9rature ambiante selon vos pr\u00e9f\u00e9rences.<\/li>\n<li>Peut \u00eatre utilis\u00e9e pour la pr\u00e9paration de boissons chaudes ou froides, ainsi que pour la cuisine.<\/li>\n<\/ul>","protected":false},"excerpt":{"rendered":"<p>Pierval &#8211; Eau de source Normandie &#8211; 1.5 L<br data-start=\"1739\" data-end=\"1742\" \/>Disponible \u00e0 l\u2019unit\u00e9 ou en pack.<\/p>","protected":false},"featured_media":26607,"comment_status":"open","ping_status":"closed","template":"","meta":[],"pwb-brand":[1327],"product_brand":[],"product_cat":[929,931,1132,275],"product_tag":[],"class_list":{"0":"post-26602","1":"product","2":"type-product","3":"status-publish","4":"has-post-thumbnail","6":"pwb-brand-pierval","7":"product_cat-cafe-the-et-boissons","8":"product_cat-eaux","9":"product_cat-eaux-plates","10":"product_cat-epicerie","12":"first","13":"instock","14":"shipping-taxable","15":"purchasable","16":"product-type-variable"},"yoast_head":"<!-- This site is optimized with the Yoast SEO plugin v27.1.1 - https:\/\/yoast.com\/product\/yoast-seo-wordpress\/ -->\n<title>Pierval - Eau de source Normandie - 1.5 L - NIRIGS<\/title>\n<meta name=\"description\" content=\"Eau de source Pierval Normandie 1,5 L, pure, naturelle et recyclable. Parfaite pour une hydratation quotidienne. Commandez \u00e0 Djibouti avec Nirigs.\" \/>\n<meta name=\"robots\" content=\"index, follow, max-snippet:-1, max-image-preview:large, max-video-preview:-1\" \/>\n<link rel=\"canonical\" href=\"https:\/\/nirigs.com\/ar\/product\/pierval-eau-de-source-normandie-1-5-l\/\" \/>\n<meta property=\"og:locale\" content=\"ar_AR\" \/>\n<meta property=\"og:type\" content=\"article\" \/>\n<meta property=\"og:title\" content=\"Pierval - Eau de source Normandie - 1.5 L - NIRIGS\" \/>\n<meta property=\"og:description\" content=\"Eau de source Pierval Normandie 1,5 L, pure, naturelle et recyclable. Parfaite pour une hydratation quotidienne. Commandez \u00e0 Djibouti avec Nirigs.\" \/>\n<meta property=\"og:url\" content=\"https:\/\/nirigs.com\/ar\/product\/pierval-eau-de-source-normandie-1-5-l\/\" \/>\n<meta property=\"og:site_name\" content=\"NIRIGS\" \/>\n<meta property=\"article:modified_time\" content=\"2026-02-11T08:38:41+00:00\" \/>\n<meta property=\"og:image\" content=\"https:\/\/nirigs.com\/wp-content\/uploads\/2024\/10\/Pierval-Eau-de-source-Normandie-1.5-L-1.jpg\" \/>\n\t<meta property=\"og:image:width\" content=\"1000\" \/>\n\t<meta property=\"og:image:height\" content=\"1000\" \/>\n\t<meta property=\"og:image:type\" content=\"image\/jpeg\" \/>\n<meta name=\"twitter:card\" content=\"summary_large_image\" \/>\n<meta name=\"twitter:label1\" content=\"\u0648\u0642\u062a \u0627\u0644\u0642\u0631\u0627\u0621\u0629 \u0627\u0644\u0645\u064f\u0642\u062f\u0651\u0631\" \/>\n\t<meta name=\"twitter:data1\" content=\"\u062f\u0642\u064a\u0642\u0629 \u0648\u0627\u062d\u062f\u0629\" \/>\n<script type=\"application\/ld+json\" class=\"yoast-schema-graph\">{\"@context\":\"https:\/\/schema.org\",\"@graph\":[{\"@type\":\"WebPage\",\"@id\":\"https:\/\/nirigs.com\/product\/pierval-eau-de-source-normandie-1-5-l\/\",\"url\":\"https:\/\/nirigs.com\/product\/pierval-eau-de-source-normandie-1-5-l\/\",\"name\":\"Pierval - Eau de source Normandie - 1.5 L - NIRIGS\",\"isPartOf\":{\"@id\":\"https:\/\/nirigs.com\/#website\"},\"primaryImageOfPage\":{\"@id\":\"https:\/\/nirigs.com\/product\/pierval-eau-de-source-normandie-1-5-l\/#primaryimage\"},\"image\":{\"@id\":\"https:\/\/nirigs.com\/product\/pierval-eau-de-source-normandie-1-5-l\/#primaryimage\"},\"thumbnailUrl\":\"https:\/\/nirigs.com\/wp-content\/uploads\/2024\/10\/Pierval-Eau-de-source-Normandie-1.5-L-1.jpg\",\"datePublished\":\"2024-10-24T17:14:01+00:00\",\"dateModified\":\"2026-02-11T08:38:41+00:00\",\"description\":\"Eau de source Pierval Normandie 1,5 L, pure, naturelle et recyclable. Parfaite pour une hydratation quotidienne. Commandez \u00e0 Djibouti avec Nirigs.\",\"breadcrumb\":{\"@id\":\"https:\/\/nirigs.com\/product\/pierval-eau-de-source-normandie-1-5-l\/#breadcrumb\"},\"inLanguage\":\"ar\",\"potentialAction\":[{\"@type\":\"ReadAction\",\"target\":[\"https:\/\/nirigs.com\/product\/pierval-eau-de-source-normandie-1-5-l\/\"]}]},{\"@type\":\"ImageObject\",\"inLanguage\":\"ar\",\"@id\":\"https:\/\/nirigs.com\/product\/pierval-eau-de-source-normandie-1-5-l\/#primaryimage\",\"url\":\"https:\/\/nirigs.com\/wp-content\/uploads\/2024\/10\/Pierval-Eau-de-source-Normandie-1.5-L-1.jpg\",\"contentUrl\":\"https:\/\/nirigs.com\/wp-content\/uploads\/2024\/10\/Pierval-Eau-de-source-Normandie-1.5-L-1.jpg\",\"width\":1000,\"height\":1000},{\"@type\":\"BreadcrumbList\",\"@id\":\"https:\/\/nirigs.com\/product\/pierval-eau-de-source-normandie-1-5-l\/#breadcrumb\",\"itemListElement\":[{\"@type\":\"ListItem\",\"position\":1,\"name\":\"Home\",\"item\":\"https:\/\/nirigs.com\/\"},{\"@type\":\"ListItem\",\"position\":2,\"name\":\"Parcourir\",\"item\":\"https:\/\/nirigs.com\/boutique\/\"},{\"@type\":\"ListItem\",\"position\":3,\"name\":\"Pierval &#8211; Eau de source Normandie &#8211; 1.5 L\"}]},{\"@type\":\"WebSite\",\"@id\":\"https:\/\/nirigs.com\/#website\",\"url\":\"https:\/\/nirigs.com\/\",\"name\":\"Nirigs.com\",\"description\":\"Simplifiez vos achats du quotidien \u00e0 Djibouti\",\"publisher\":{\"@id\":\"https:\/\/nirigs.com\/#organization\"},\"potentialAction\":[{\"@type\":\"SearchAction\",\"target\":{\"@type\":\"EntryPoint\",\"urlTemplate\":\"https:\/\/nirigs.com\/?s={search_term_string}\"},\"query-input\":{\"@type\":\"PropertyValueSpecification\",\"valueRequired\":true,\"valueName\":\"search_term_string\"}}],\"inLanguage\":\"ar\"},{\"@type\":\"Organization\",\"@id\":\"https:\/\/nirigs.com\/#organization\",\"name\":\"Nirigs\",\"url\":\"https:\/\/nirigs.com\/\",\"logo\":{\"@type\":\"ImageObject\",\"inLanguage\":\"ar\",\"@id\":\"https:\/\/nirigs.com\/#\/schema\/logo\/image\/\",\"url\":\"https:\/\/nirigs.com\/wp-content\/uploads\/2025\/04\/Design-sans-titre-27.png\",\"contentUrl\":\"https:\/\/nirigs.com\/wp-content\/uploads\/2025\/04\/Design-sans-titre-27.png\",\"width\":500,\"height\":500,\"caption\":\"Nirigs\"},\"image\":{\"@id\":\"https:\/\/nirigs.com\/#\/schema\/logo\/image\/\"}}]}<\/script>\n<!-- \/ Yoast SEO plugin. -->","yoast_head_json":{"title":"Pierval - Eau de source Normandie - 1.5 L - NIRIGS","description":"Eau de source Pierval Normandie 1,5 L, pure, naturelle et recyclable. Parfaite pour une hydratation quotidienne. Commandez \u00e0 Djibouti avec Nirigs.","robots":{"index":"index","follow":"follow","max-snippet":"max-snippet:-1","max-image-preview":"max-image-preview:large","max-video-preview":"max-video-preview:-1"},"canonical":"https:\/\/nirigs.com\/ar\/product\/pierval-eau-de-source-normandie-1-5-l\/","og_locale":"ar_AR","og_type":"article","og_title":"Pierval - Eau de source Normandie - 1.5 L - NIRIGS","og_description":"Eau de source Pierval Normandie 1,5 L, pure, naturelle et recyclable. Parfaite pour une hydratation quotidienne. Commandez \u00e0 Djibouti avec Nirigs.","og_url":"https:\/\/nirigs.com\/ar\/product\/pierval-eau-de-source-normandie-1-5-l\/","og_site_name":"NIRIGS","article_modified_time":"2026-02-11T08:38:41+00:00","og_image":[{"width":1000,"height":1000,"url":"https:\/\/nirigs.com\/wp-content\/uploads\/2024\/10\/Pierval-Eau-de-source-Normandie-1.5-L-1.jpg","type":"image\/jpeg"}],"twitter_card":"summary_large_image","twitter_misc":{"\u0648\u0642\u062a \u0627\u0644\u0642\u0631\u0627\u0621\u0629 \u0627\u0644\u0645\u064f\u0642\u062f\u0651\u0631":"\u062f\u0642\u064a\u0642\u0629 \u0648\u0627\u062d\u062f\u0629"},"schema":{"@context":"https:\/\/schema.org","@graph":[{"@type":"WebPage","@id":"https:\/\/nirigs.com\/product\/pierval-eau-de-source-normandie-1-5-l\/","url":"https:\/\/nirigs.com\/product\/pierval-eau-de-source-normandie-1-5-l\/","name":"Pierval - Eau de source Normandie - 1.5 L - NIRIGS","isPartOf":{"@id":"https:\/\/nirigs.com\/#website"},"primaryImageOfPage":{"@id":"https:\/\/nirigs.com\/product\/pierval-eau-de-source-normandie-1-5-l\/#primaryimage"},"image":{"@id":"https:\/\/nirigs.com\/product\/pierval-eau-de-source-normandie-1-5-l\/#primaryimage"},"thumbnailUrl":"https:\/\/nirigs.com\/wp-content\/uploads\/2024\/10\/Pierval-Eau-de-source-Normandie-1.5-L-1.jpg","datePublished":"2024-10-24T17:14:01+00:00","dateModified":"2026-02-11T08:38:41+00:00","description":"Eau de source Pierval Normandie 1,5 L, pure, naturelle et recyclable. Parfaite pour une hydratation quotidienne. Commandez \u00e0 Djibouti avec Nirigs.","breadcrumb":{"@id":"https:\/\/nirigs.com\/product\/pierval-eau-de-source-normandie-1-5-l\/#breadcrumb"},"inLanguage":"ar","potentialAction":[{"@type":"ReadAction","target":["https:\/\/nirigs.com\/product\/pierval-eau-de-source-normandie-1-5-l\/"]}]},{"@type":"ImageObject","inLanguage":"ar","@id":"https:\/\/nirigs.com\/product\/pierval-eau-de-source-normandie-1-5-l\/#primaryimage","url":"https:\/\/nirigs.com\/wp-content\/uploads\/2024\/10\/Pierval-Eau-de-source-Normandie-1.5-L-1.jpg","contentUrl":"https:\/\/nirigs.com\/wp-content\/uploads\/2024\/10\/Pierval-Eau-de-source-Normandie-1.5-L-1.jpg","width":1000,"height":1000},{"@type":"BreadcrumbList","@id":"https:\/\/nirigs.com\/product\/pierval-eau-de-source-normandie-1-5-l\/#breadcrumb","itemListElement":[{"@type":"ListItem","position":1,"name":"Home","item":"https:\/\/nirigs.com\/"},{"@type":"ListItem","position":2,"name":"Parcourir","item":"https:\/\/nirigs.com\/boutique\/"},{"@type":"ListItem","position":3,"name":"Pierval &#8211; Eau de source Normandie &#8211; 1.5 L"}]},{"@type":"WebSite","@id":"https:\/\/nirigs.com\/#website","url":"https:\/\/nirigs.com\/","name":"Nirigs.com","description":"Simplifiez vos achats du quotidien \u00e0 Djibouti","publisher":{"@id":"https:\/\/nirigs.com\/#organization"},"potentialAction":[{"@type":"SearchAction","target":{"@type":"EntryPoint","urlTemplate":"https:\/\/nirigs.com\/?s={search_term_string}"},"query-input":{"@type":"PropertyValueSpecification","valueRequired":true,"valueName":"search_term_string"}}],"inLanguage":"ar"},{"@type":"Organization","@id":"https:\/\/nirigs.com\/#organization","name":"\u0646\u064a\u0631\u064a\u062c\u0633","url":"https:\/\/nirigs.com\/","logo":{"@type":"ImageObject","inLanguage":"ar","@id":"https:\/\/nirigs.com\/#\/schema\/logo\/image\/","url":"https:\/\/nirigs.com\/wp-content\/uploads\/2025\/04\/Design-sans-titre-27.png","contentUrl":"https:\/\/nirigs.com\/wp-content\/uploads\/2025\/04\/Design-sans-titre-27.png","width":500,"height":500,"caption":"Nirigs"},"image":{"@id":"https:\/\/nirigs.com\/#\/schema\/logo\/image\/"}}]}},"brands":[{"id":1327,"name":"Pierval","slug":"pierval"}],"_links":{"self":[{"href":"https:\/\/nirigs.com\/ar\/wp-json\/wp\/v2\/product\/26602","targetHints":{"allow":["GET"]}}],"collection":[{"href":"https:\/\/nirigs.com\/ar\/wp-json\/wp\/v2\/product"}],"about":[{"href":"https:\/\/nirigs.com\/ar\/wp-json\/wp\/v2\/types\/product"}],"replies":[{"embeddable":true,"href":"https:\/\/nirigs.com\/ar\/wp-json\/wp\/v2\/comments?post=26602"}],"version-history":[{"count":5,"href":"https:\/\/nirigs.com\/ar\/wp-json\/wp\/v2\/product\/26602\/revisions"}],"predecessor-version":[{"id":27417,"href":"https:\/\/nirigs.com\/ar\/wp-json\/wp\/v2\/product\/26602\/revisions\/27417"}],"wp:featuredmedia":[{"embeddable":true,"href":"https:\/\/nirigs.com\/ar\/wp-json\/wp\/v2\/media\/26607"}],"wp:attachment":[{"href":"https:\/\/nirigs.com\/ar\/wp-json\/wp\/v2\/media?parent=26602"}],"wp:term":[{"taxonomy":"pwb-brand","embeddable":true,"href":"https:\/\/nirigs.com\/ar\/wp-json\/wp\/v2\/pwb-brand?post=26602"},{"taxonomy":"product_brand","embeddable":true,"href":"https:\/\/nirigs.com\/ar\/wp-json\/wp\/v2\/product_brand?post=26602"},{"taxonomy":"product_cat","embeddable":true,"href":"https:\/\/nirigs.com\/ar\/wp-json\/wp\/v2\/product_cat?post=26602"},{"taxonomy":"product_tag","embeddable":true,"href":"https:\/\/nirigs.com\/ar\/wp-json\/wp\/v2\/product_tag?post=26602"}],"curies":[{"name":"wp","href":"https:\/\/api.w.org\/{rel}","templated":true}]}}