{"id":25906,"date":"2024-10-19T21:09:46","date_gmt":"2024-10-19T18:09:46","guid":{"rendered":"https:\/\/nirigs.com\/?post_type=product&#038;p=25906"},"modified":"2024-11-10T18:38:15","modified_gmt":"2024-11-10T15:38:15","slug":"amora-moutarde-de-dijon-forte-370-g","status":"publish","type":"product","link":"https:\/\/nirigs.com\/ar\/product\/amora-moutarde-de-dijon-forte-370-g\/","title":{"rendered":"Amora &#8211; Moutarde de Dijon forte &#8211; 370 g"},"content":{"rendered":"<p>La Moutarde de Dijon forte Amora est un classique de la cuisine fran\u00e7aise, r\u00e9put\u00e9e pour son go\u00fbt puissant et sa texture fine. Elle accompagne \u00e0 merveille les viandes, poissons, vinaigrettes, et sauces. Pr\u00e9par\u00e9e selon la recette traditionnelle de Dijon, elle est l\u2019alli\u00e9e indispensable de vos plats.<\/p>\n<h4><strong>\u0645\u0643\u0648\u0646\u0627\u062a :<\/strong><\/h4>\n<p>Eau, graines de moutarde, vinaigre d&rsquo;alcool, sel, acidifiant (acide citrique), conservateur (sulfites).<\/p>\n<h4><strong>\u0641\u0648\u0627\u0626\u062f :<\/strong><\/h4>\n<ul>\n<li><strong>Go\u00fbt puissant et raffin\u00e9 :<\/strong> Id\u00e9ale pour les amateurs de moutarde \u00e0 la saveur intense.<\/li>\n<li><strong>Recette authentique :<\/strong> Pr\u00e9par\u00e9e selon la m\u00e9thode traditionnelle dijonnaise.<\/li>\n<li><strong>Texture lisse :<\/strong> Facilite son utilisation en cuisine ou en accompagnement de plats.<\/li>\n<li><strong>Sans colorants ni ar\u00f4mes artificiels :<\/strong> Compos\u00e9e uniquement d&rsquo;ingr\u00e9dients naturels.<\/li>\n<\/ul>\n<h4><strong>\u062a\u0639\u0644\u064a\u0645\u0627\u062a :<\/strong><\/h4>\n<ul>\n<li><strong>En accompagnement :<\/strong> Parfaite pour relever le go\u00fbt des viandes, charcuteries, et poissons.<\/li>\n<li><strong>\u0641\u064a \u0627\u0644\u0645\u0637\u0628\u062e:<\/strong> Peut \u00eatre utilis\u00e9e pour la pr\u00e9paration de vinaigrettes, sauces, ou marinades.<\/li>\n<\/ul>\n<h4><strong>\u0627\u062d\u062a\u064a\u0627\u0637\u0627\u062a \u0627\u0644\u0627\u0633\u062a\u062e\u062f\u0627\u0645:<\/strong><\/h4>\n<ul>\n<li>Conserver dans un endroit frais et sec. Apr\u00e8s ouverture, garder au r\u00e9frig\u00e9rateur et consommer dans les 3 mois.<\/li>\n<\/ul>","protected":false},"excerpt":{"rendered":"<p>La Moutarde de Dijon forte Amora est un classique de la cuisine fran\u00e7aise, r\u00e9put\u00e9e pour son go\u00fbt puissant et sa<\/p>","protected":false},"featured_media":25913,"comment_status":"open","ping_status":"closed","template":"","meta":[],"pwb-brand":[1320],"product_brand":[],"product_cat":[275,1284,1283],"product_tag":[],"class_list":{"0":"post-25906","1":"product","2":"type-product","3":"status-publish","4":"has-post-thumbnail","6":"pwb-brand-amora","7":"product_cat-epicerie","8":"product_cat-mayonnaises","9":"product_cat-sauces-froides","11":"first","12":"instock","13":"shipping-taxable","14":"purchasable","15":"product-type-simple"},"yoast_head":"<!-- This site is optimized with the Yoast SEO plugin v27.4 - https:\/\/yoast.com\/product\/yoast-seo-wordpress\/ -->\n<title>Amora - Moutarde de Dijon forte - 370 g - NIRIGS<\/title>\n<meta name=\"robots\" content=\"index, follow, max-snippet:-1, max-image-preview:large, max-video-preview:-1\" \/>\n<link rel=\"canonical\" href=\"https:\/\/nirigs.com\/ar\/product\/amora-moutarde-de-dijon-forte-370-g\/\" \/>\n<meta property=\"og:locale\" content=\"ar_AR\" \/>\n<meta property=\"og:type\" content=\"article\" \/>\n<meta property=\"og:title\" content=\"Amora - Moutarde de Dijon forte - 370 g - NIRIGS\" \/>\n<meta property=\"og:description\" content=\"La Moutarde de Dijon forte Amora est un classique de la cuisine fran\u00e7aise, r\u00e9put\u00e9e pour son go\u00fbt puissant et sa\" \/>\n<meta property=\"og:url\" content=\"https:\/\/nirigs.com\/ar\/product\/amora-moutarde-de-dijon-forte-370-g\/\" \/>\n<meta property=\"og:site_name\" content=\"NIRIGS\" \/>\n<meta property=\"article:modified_time\" content=\"2024-11-10T15:38:15+00:00\" \/>\n<meta property=\"og:image\" content=\"https:\/\/nirigs.com\/wp-content\/uploads\/2024\/10\/Amora-Moutarde-de-Dijon-forte-370-g.jpg\" \/>\n\t<meta property=\"og:image:width\" content=\"1000\" \/>\n\t<meta property=\"og:image:height\" content=\"1000\" \/>\n\t<meta property=\"og:image:type\" content=\"image\/jpeg\" \/>\n<meta name=\"twitter:card\" content=\"summary_large_image\" \/>\n<meta name=\"twitter:label1\" content=\"\u0648\u0642\u062a \u0627\u0644\u0642\u0631\u0627\u0621\u0629 \u0627\u0644\u0645\u064f\u0642\u062f\u0651\u0631\" \/>\n\t<meta name=\"twitter:data1\" content=\"\u062f\u0642\u064a\u0642\u0629 \u0648\u0627\u062d\u062f\u0629\" \/>\n<script type=\"application\/ld+json\" class=\"yoast-schema-graph\">{\"@context\":\"https:\\\/\\\/schema.org\",\"@graph\":[{\"@type\":\"WebPage\",\"@id\":\"https:\\\/\\\/nirigs.com\\\/ar\\\/product\\\/amora-moutarde-de-dijon-forte-370-g\\\/\",\"url\":\"https:\\\/\\\/nirigs.com\\\/ar\\\/product\\\/amora-moutarde-de-dijon-forte-370-g\\\/\",\"name\":\"Amora - Moutarde de Dijon forte - 370 g - NIRIGS\",\"isPartOf\":{\"@id\":\"https:\\\/\\\/nirigs.com\\\/#website\"},\"primaryImageOfPage\":{\"@id\":\"https:\\\/\\\/nirigs.com\\\/ar\\\/product\\\/amora-moutarde-de-dijon-forte-370-g\\\/#primaryimage\"},\"image\":{\"@id\":\"https:\\\/\\\/nirigs.com\\\/ar\\\/product\\\/amora-moutarde-de-dijon-forte-370-g\\\/#primaryimage\"},\"thumbnailUrl\":\"https:\\\/\\\/nirigs.com\\\/wp-content\\\/uploads\\\/2024\\\/10\\\/Amora-Moutarde-de-Dijon-forte-370-g.jpg\",\"datePublished\":\"2024-10-19T18:09:46+00:00\",\"dateModified\":\"2024-11-10T15:38:15+00:00\",\"breadcrumb\":{\"@id\":\"https:\\\/\\\/nirigs.com\\\/ar\\\/product\\\/amora-moutarde-de-dijon-forte-370-g\\\/#breadcrumb\"},\"inLanguage\":\"ar\",\"potentialAction\":[{\"@type\":\"ReadAction\",\"target\":[\"https:\\\/\\\/nirigs.com\\\/ar\\\/product\\\/amora-moutarde-de-dijon-forte-370-g\\\/\"]}]},{\"@type\":\"ImageObject\",\"inLanguage\":\"ar\",\"@id\":\"https:\\\/\\\/nirigs.com\\\/ar\\\/product\\\/amora-moutarde-de-dijon-forte-370-g\\\/#primaryimage\",\"url\":\"https:\\\/\\\/nirigs.com\\\/wp-content\\\/uploads\\\/2024\\\/10\\\/Amora-Moutarde-de-Dijon-forte-370-g.jpg\",\"contentUrl\":\"https:\\\/\\\/nirigs.com\\\/wp-content\\\/uploads\\\/2024\\\/10\\\/Amora-Moutarde-de-Dijon-forte-370-g.jpg\",\"width\":1000,\"height\":1000},{\"@type\":\"BreadcrumbList\",\"@id\":\"https:\\\/\\\/nirigs.com\\\/ar\\\/product\\\/amora-moutarde-de-dijon-forte-370-g\\\/#breadcrumb\",\"itemListElement\":[{\"@type\":\"ListItem\",\"position\":1,\"name\":\"Home\",\"item\":\"https:\\\/\\\/nirigs.com\\\/\"},{\"@type\":\"ListItem\",\"position\":2,\"name\":\"Parcourir\",\"item\":\"https:\\\/\\\/nirigs.com\\\/boutique\\\/\"},{\"@type\":\"ListItem\",\"position\":3,\"name\":\"Amora &#8211; Moutarde de Dijon forte &#8211; 370 g\"}]},{\"@type\":\"WebSite\",\"@id\":\"https:\\\/\\\/nirigs.com\\\/#website\",\"url\":\"https:\\\/\\\/nirigs.com\\\/\",\"name\":\"Nirigs.com\",\"description\":\"Simplifiez vos achats du quotidien \u00e0 Djibouti\",\"publisher\":{\"@id\":\"https:\\\/\\\/nirigs.com\\\/#organization\"},\"potentialAction\":[{\"@type\":\"SearchAction\",\"target\":{\"@type\":\"EntryPoint\",\"urlTemplate\":\"https:\\\/\\\/nirigs.com\\\/?s={search_term_string}\"},\"query-input\":{\"@type\":\"PropertyValueSpecification\",\"valueRequired\":true,\"valueName\":\"search_term_string\"}}],\"inLanguage\":\"ar\"},{\"@type\":\"Organization\",\"@id\":\"https:\\\/\\\/nirigs.com\\\/#organization\",\"name\":\"Nirigs\",\"url\":\"https:\\\/\\\/nirigs.com\\\/\",\"logo\":{\"@type\":\"ImageObject\",\"inLanguage\":\"ar\",\"@id\":\"https:\\\/\\\/nirigs.com\\\/#\\\/schema\\\/logo\\\/image\\\/\",\"url\":\"https:\\\/\\\/nirigs.com\\\/wp-content\\\/uploads\\\/2025\\\/04\\\/Design-sans-titre-27.png\",\"contentUrl\":\"https:\\\/\\\/nirigs.com\\\/wp-content\\\/uploads\\\/2025\\\/04\\\/Design-sans-titre-27.png\",\"width\":500,\"height\":500,\"caption\":\"Nirigs\"},\"image\":{\"@id\":\"https:\\\/\\\/nirigs.com\\\/#\\\/schema\\\/logo\\\/image\\\/\"}}]}<\/script>\n<!-- \/ Yoast SEO plugin. -->","yoast_head_json":{"title":"Amora - Moutarde de Dijon forte - 370 g - NIRIGS","robots":{"index":"index","follow":"follow","max-snippet":"max-snippet:-1","max-image-preview":"max-image-preview:large","max-video-preview":"max-video-preview:-1"},"canonical":"https:\/\/nirigs.com\/ar\/product\/amora-moutarde-de-dijon-forte-370-g\/","og_locale":"ar_AR","og_type":"article","og_title":"Amora - Moutarde de Dijon forte - 370 g - NIRIGS","og_description":"La Moutarde de Dijon forte Amora est un classique de la cuisine fran\u00e7aise, r\u00e9put\u00e9e pour son go\u00fbt puissant et sa","og_url":"https:\/\/nirigs.com\/ar\/product\/amora-moutarde-de-dijon-forte-370-g\/","og_site_name":"NIRIGS","article_modified_time":"2024-11-10T15:38:15+00:00","og_image":[{"width":1000,"height":1000,"url":"https:\/\/nirigs.com\/wp-content\/uploads\/2024\/10\/Amora-Moutarde-de-Dijon-forte-370-g.jpg","type":"image\/jpeg"}],"twitter_card":"summary_large_image","twitter_misc":{"\u0648\u0642\u062a \u0627\u0644\u0642\u0631\u0627\u0621\u0629 \u0627\u0644\u0645\u064f\u0642\u062f\u0651\u0631":"\u062f\u0642\u064a\u0642\u0629 \u0648\u0627\u062d\u062f\u0629"},"schema":{"@context":"https:\/\/schema.org","@graph":[{"@type":"WebPage","@id":"https:\/\/nirigs.com\/ar\/product\/amora-moutarde-de-dijon-forte-370-g\/","url":"https:\/\/nirigs.com\/ar\/product\/amora-moutarde-de-dijon-forte-370-g\/","name":"Amora - Moutarde de Dijon forte - 370 g - NIRIGS","isPartOf":{"@id":"https:\/\/nirigs.com\/#website"},"primaryImageOfPage":{"@id":"https:\/\/nirigs.com\/ar\/product\/amora-moutarde-de-dijon-forte-370-g\/#primaryimage"},"image":{"@id":"https:\/\/nirigs.com\/ar\/product\/amora-moutarde-de-dijon-forte-370-g\/#primaryimage"},"thumbnailUrl":"https:\/\/nirigs.com\/wp-content\/uploads\/2024\/10\/Amora-Moutarde-de-Dijon-forte-370-g.jpg","datePublished":"2024-10-19T18:09:46+00:00","dateModified":"2024-11-10T15:38:15+00:00","breadcrumb":{"@id":"https:\/\/nirigs.com\/ar\/product\/amora-moutarde-de-dijon-forte-370-g\/#breadcrumb"},"inLanguage":"ar","potentialAction":[{"@type":"ReadAction","target":["https:\/\/nirigs.com\/ar\/product\/amora-moutarde-de-dijon-forte-370-g\/"]}]},{"@type":"ImageObject","inLanguage":"ar","@id":"https:\/\/nirigs.com\/ar\/product\/amora-moutarde-de-dijon-forte-370-g\/#primaryimage","url":"https:\/\/nirigs.com\/wp-content\/uploads\/2024\/10\/Amora-Moutarde-de-Dijon-forte-370-g.jpg","contentUrl":"https:\/\/nirigs.com\/wp-content\/uploads\/2024\/10\/Amora-Moutarde-de-Dijon-forte-370-g.jpg","width":1000,"height":1000},{"@type":"BreadcrumbList","@id":"https:\/\/nirigs.com\/ar\/product\/amora-moutarde-de-dijon-forte-370-g\/#breadcrumb","itemListElement":[{"@type":"ListItem","position":1,"name":"Home","item":"https:\/\/nirigs.com\/"},{"@type":"ListItem","position":2,"name":"Parcourir","item":"https:\/\/nirigs.com\/boutique\/"},{"@type":"ListItem","position":3,"name":"Amora &#8211; Moutarde de Dijon forte &#8211; 370 g"}]},{"@type":"WebSite","@id":"https:\/\/nirigs.com\/#website","url":"https:\/\/nirigs.com\/","name":"Nirigs.com","description":"Simplifiez vos achats du quotidien \u00e0 Djibouti","publisher":{"@id":"https:\/\/nirigs.com\/#organization"},"potentialAction":[{"@type":"SearchAction","target":{"@type":"EntryPoint","urlTemplate":"https:\/\/nirigs.com\/?s={search_term_string}"},"query-input":{"@type":"PropertyValueSpecification","valueRequired":true,"valueName":"search_term_string"}}],"inLanguage":"ar"},{"@type":"Organization","@id":"https:\/\/nirigs.com\/#organization","name":"\u0646\u064a\u0631\u064a\u062c\u0633","url":"https:\/\/nirigs.com\/","logo":{"@type":"ImageObject","inLanguage":"ar","@id":"https:\/\/nirigs.com\/#\/schema\/logo\/image\/","url":"https:\/\/nirigs.com\/wp-content\/uploads\/2025\/04\/Design-sans-titre-27.png","contentUrl":"https:\/\/nirigs.com\/wp-content\/uploads\/2025\/04\/Design-sans-titre-27.png","width":500,"height":500,"caption":"Nirigs"},"image":{"@id":"https:\/\/nirigs.com\/#\/schema\/logo\/image\/"}}]}},"brands":[{"id":1320,"name":"Amora","slug":"amora"}],"_links":{"self":[{"href":"https:\/\/nirigs.com\/ar\/wp-json\/wp\/v2\/product\/25906","targetHints":{"allow":["GET"]}}],"collection":[{"href":"https:\/\/nirigs.com\/ar\/wp-json\/wp\/v2\/product"}],"about":[{"href":"https:\/\/nirigs.com\/ar\/wp-json\/wp\/v2\/types\/product"}],"replies":[{"embeddable":true,"href":"https:\/\/nirigs.com\/ar\/wp-json\/wp\/v2\/comments?post=25906"}],"version-history":[{"count":2,"href":"https:\/\/nirigs.com\/ar\/wp-json\/wp\/v2\/product\/25906\/revisions"}],"predecessor-version":[{"id":25916,"href":"https:\/\/nirigs.com\/ar\/wp-json\/wp\/v2\/product\/25906\/revisions\/25916"}],"wp:featuredmedia":[{"embeddable":true,"href":"https:\/\/nirigs.com\/ar\/wp-json\/wp\/v2\/media\/25913"}],"wp:attachment":[{"href":"https:\/\/nirigs.com\/ar\/wp-json\/wp\/v2\/media?parent=25906"}],"wp:term":[{"taxonomy":"pwb-brand","embeddable":true,"href":"https:\/\/nirigs.com\/ar\/wp-json\/wp\/v2\/pwb-brand?post=25906"},{"taxonomy":"product_brand","embeddable":true,"href":"https:\/\/nirigs.com\/ar\/wp-json\/wp\/v2\/product_brand?post=25906"},{"taxonomy":"product_cat","embeddable":true,"href":"https:\/\/nirigs.com\/ar\/wp-json\/wp\/v2\/product_cat?post=25906"},{"taxonomy":"product_tag","embeddable":true,"href":"https:\/\/nirigs.com\/ar\/wp-json\/wp\/v2\/product_tag?post=25906"}],"curies":[{"name":"wp","href":"https:\/\/api.w.org\/{rel}","templated":true}]}}