{"id":25884,"date":"2024-10-19T20:52:03","date_gmt":"2024-10-19T17:52:03","guid":{"rendered":"https:\/\/nirigs.com\/?post_type=product&#038;p=25884"},"modified":"2024-11-10T18:36:49","modified_gmt":"2024-11-10T15:36:49","slug":"heinz-ketchup-zero-sel-ajoute-400-g","status":"publish","type":"product","link":"https:\/\/nirigs.com\/ar\/product\/heinz-ketchup-zero-sel-ajoute-400-g\/","title":{"rendered":"Heinz &#8211; Ketchup z\u00e9ro sel ajout\u00e9 &#8211; 400 g"},"content":{"rendered":"<p>Le Ketchup Heinz z\u00e9ro sel ajout\u00e9 est la version saine du c\u00e9l\u00e8bre ketchup Heinz, con\u00e7u sp\u00e9cialement pour ceux qui souhaitent r\u00e9duire leur consommation de sel sans sacrifier le go\u00fbt. Avec la m\u00eame saveur riche et authentique de tomates m\u00fbries au soleil, ce ketchup est parfait pour accompagner vos plats favoris tout en respectant vos objectifs de sant\u00e9.<\/p>\n<h4><strong>\u0645\u0643\u0648\u0646\u0627\u062a :<\/strong><\/h4>\n<p>Pur\u00e9e de tomates (148 g de tomates pour 100 g de ketchup), Vinaigre d&rsquo;alcool, Sucre, \u00c9pices et extraits d&rsquo;\u00e9pices, \u00c9dulcorant (stevia)<\/p>\n<h4><strong>\u0641\u0648\u0627\u0626\u062f :<\/strong><\/h4>\n<ul>\n<li><strong>Sans sel ajout\u00e9 :<\/strong> Id\u00e9al pour les r\u00e9gimes pauvres en sodium ou les personnes soucieuses de leur apport en sel.<\/li>\n<li><strong>Go\u00fbt authentique :<\/strong> Retrouver le go\u00fbt classique du ketchup Heinz, avec une recette ajust\u00e9e pour pr\u00e9server toutes les saveurs.<\/li>\n<li><strong>Moins de sucre :<\/strong> Version all\u00e9g\u00e9e en sucre pour s&rsquo;adapter aux besoins alimentaires modernes.<\/li>\n<li><strong>Sans colorants ni conservateurs artificiels :<\/strong> Fabriqu\u00e9 avec des ingr\u00e9dients naturels.<\/li>\n<li><strong>Texture onctueuse :<\/strong> Toujours aussi facile \u00e0 \u00e9taler ou \u00e0 utiliser comme sauce d\u2019accompagnement.<\/li>\n<\/ul>\n<h4><strong>\u062a\u0639\u0644\u064a\u0645\u0627\u062a :<\/strong><\/h4>\n<ul>\n<li><strong>Utilisation en cuisine :<\/strong> Parfait pour accompagner les frites, burgers, hot-dogs, ou comme base pour vos marinades et sauces.<\/li>\n<li><strong>Id\u00e9al pour les repas en famille :<\/strong> Un produit \u00e0 la fois sain et savoureux, appr\u00e9ci\u00e9 des petits comme des grands.<\/li>\n<\/ul>\n<h4><strong>\u0627\u062d\u062a\u064a\u0627\u0637\u0627\u062a \u0627\u0644\u0627\u0633\u062a\u062e\u062f\u0627\u0645:<\/strong><\/h4>\n<ul>\n<li>Apr\u00e8s ouverture, conserver au r\u00e9frig\u00e9rateur et consommer dans les 8 semaines.<\/li>\n<\/ul>","protected":false},"excerpt":{"rendered":"<p>Le Ketchup Heinz z\u00e9ro sel ajout\u00e9 est la version saine du c\u00e9l\u00e8bre ketchup Heinz, con\u00e7u sp\u00e9cialement pour ceux qui souhaitent<\/p>","protected":false},"featured_media":25887,"comment_status":"open","ping_status":"closed","template":"","meta":[],"pwb-brand":[1319],"product_brand":[],"product_cat":[275,1285,1283],"product_tag":[],"class_list":{"0":"post-25884","1":"product","2":"type-product","3":"status-publish","4":"has-post-thumbnail","6":"pwb-brand-heinz","7":"product_cat-epicerie","8":"product_cat-ketchups","9":"product_cat-sauces-froides","11":"first","12":"instock","13":"shipping-taxable","14":"purchasable","15":"product-type-simple"},"yoast_head":"<!-- This site is optimized with the Yoast SEO plugin v27.4 - https:\/\/yoast.com\/product\/yoast-seo-wordpress\/ -->\n<title>Heinz - Ketchup z\u00e9ro sel ajout\u00e9 - 400 g - NIRIGS<\/title>\n<meta name=\"robots\" content=\"index, follow, max-snippet:-1, max-image-preview:large, max-video-preview:-1\" \/>\n<link rel=\"canonical\" href=\"https:\/\/nirigs.com\/ar\/product\/heinz-ketchup-zero-sel-ajoute-400-g\/\" \/>\n<meta property=\"og:locale\" content=\"ar_AR\" \/>\n<meta property=\"og:type\" content=\"article\" \/>\n<meta property=\"og:title\" content=\"Heinz - Ketchup z\u00e9ro sel ajout\u00e9 - 400 g - NIRIGS\" \/>\n<meta property=\"og:description\" content=\"Le Ketchup Heinz z\u00e9ro sel ajout\u00e9 est la version saine du c\u00e9l\u00e8bre ketchup Heinz, con\u00e7u sp\u00e9cialement pour ceux qui souhaitent\" \/>\n<meta property=\"og:url\" content=\"https:\/\/nirigs.com\/ar\/product\/heinz-ketchup-zero-sel-ajoute-400-g\/\" \/>\n<meta property=\"og:site_name\" content=\"NIRIGS\" \/>\n<meta property=\"article:modified_time\" content=\"2024-11-10T15:36:49+00:00\" \/>\n<meta property=\"og:image\" content=\"https:\/\/nirigs.com\/wp-content\/uploads\/2024\/10\/Heinz-Ketchup-zero-sel-ajoute-400-g.jpg\" \/>\n\t<meta property=\"og:image:width\" content=\"1000\" \/>\n\t<meta property=\"og:image:height\" content=\"1000\" \/>\n\t<meta property=\"og:image:type\" content=\"image\/jpeg\" \/>\n<meta name=\"twitter:card\" content=\"summary_large_image\" \/>\n<meta name=\"twitter:label1\" content=\"\u0648\u0642\u062a \u0627\u0644\u0642\u0631\u0627\u0621\u0629 \u0627\u0644\u0645\u064f\u0642\u062f\u0651\u0631\" \/>\n\t<meta name=\"twitter:data1\" content=\"\u062f\u0642\u064a\u0642\u0629 \u0648\u0627\u062d\u062f\u0629\" \/>\n<script type=\"application\/ld+json\" class=\"yoast-schema-graph\">{\"@context\":\"https:\\\/\\\/schema.org\",\"@graph\":[{\"@type\":\"WebPage\",\"@id\":\"https:\\\/\\\/nirigs.com\\\/product\\\/heinz-ketchup-zero-sel-ajoute-400-g\\\/\",\"url\":\"https:\\\/\\\/nirigs.com\\\/product\\\/heinz-ketchup-zero-sel-ajoute-400-g\\\/\",\"name\":\"Heinz - Ketchup z\u00e9ro sel ajout\u00e9 - 400 g - NIRIGS\",\"isPartOf\":{\"@id\":\"https:\\\/\\\/nirigs.com\\\/#website\"},\"primaryImageOfPage\":{\"@id\":\"https:\\\/\\\/nirigs.com\\\/product\\\/heinz-ketchup-zero-sel-ajoute-400-g\\\/#primaryimage\"},\"image\":{\"@id\":\"https:\\\/\\\/nirigs.com\\\/product\\\/heinz-ketchup-zero-sel-ajoute-400-g\\\/#primaryimage\"},\"thumbnailUrl\":\"https:\\\/\\\/nirigs.com\\\/wp-content\\\/uploads\\\/2024\\\/10\\\/Heinz-Ketchup-zero-sel-ajoute-400-g.jpg\",\"datePublished\":\"2024-10-19T17:52:03+00:00\",\"dateModified\":\"2024-11-10T15:36:49+00:00\",\"breadcrumb\":{\"@id\":\"https:\\\/\\\/nirigs.com\\\/product\\\/heinz-ketchup-zero-sel-ajoute-400-g\\\/#breadcrumb\"},\"inLanguage\":\"ar\",\"potentialAction\":[{\"@type\":\"ReadAction\",\"target\":[\"https:\\\/\\\/nirigs.com\\\/product\\\/heinz-ketchup-zero-sel-ajoute-400-g\\\/\"]}]},{\"@type\":\"ImageObject\",\"inLanguage\":\"ar\",\"@id\":\"https:\\\/\\\/nirigs.com\\\/product\\\/heinz-ketchup-zero-sel-ajoute-400-g\\\/#primaryimage\",\"url\":\"https:\\\/\\\/nirigs.com\\\/wp-content\\\/uploads\\\/2024\\\/10\\\/Heinz-Ketchup-zero-sel-ajoute-400-g.jpg\",\"contentUrl\":\"https:\\\/\\\/nirigs.com\\\/wp-content\\\/uploads\\\/2024\\\/10\\\/Heinz-Ketchup-zero-sel-ajoute-400-g.jpg\",\"width\":1000,\"height\":1000},{\"@type\":\"BreadcrumbList\",\"@id\":\"https:\\\/\\\/nirigs.com\\\/product\\\/heinz-ketchup-zero-sel-ajoute-400-g\\\/#breadcrumb\",\"itemListElement\":[{\"@type\":\"ListItem\",\"position\":1,\"name\":\"Home\",\"item\":\"https:\\\/\\\/nirigs.com\\\/\"},{\"@type\":\"ListItem\",\"position\":2,\"name\":\"Parcourir\",\"item\":\"https:\\\/\\\/nirigs.com\\\/boutique\\\/\"},{\"@type\":\"ListItem\",\"position\":3,\"name\":\"Heinz &#8211; Ketchup z\u00e9ro sel ajout\u00e9 &#8211; 400 g\"}]},{\"@type\":\"WebSite\",\"@id\":\"https:\\\/\\\/nirigs.com\\\/#website\",\"url\":\"https:\\\/\\\/nirigs.com\\\/\",\"name\":\"Nirigs.com\",\"description\":\"Simplifiez vos achats du quotidien \u00e0 Djibouti\",\"publisher\":{\"@id\":\"https:\\\/\\\/nirigs.com\\\/#organization\"},\"potentialAction\":[{\"@type\":\"SearchAction\",\"target\":{\"@type\":\"EntryPoint\",\"urlTemplate\":\"https:\\\/\\\/nirigs.com\\\/?s={search_term_string}\"},\"query-input\":{\"@type\":\"PropertyValueSpecification\",\"valueRequired\":true,\"valueName\":\"search_term_string\"}}],\"inLanguage\":\"ar\"},{\"@type\":\"Organization\",\"@id\":\"https:\\\/\\\/nirigs.com\\\/#organization\",\"name\":\"Nirigs\",\"url\":\"https:\\\/\\\/nirigs.com\\\/\",\"logo\":{\"@type\":\"ImageObject\",\"inLanguage\":\"ar\",\"@id\":\"https:\\\/\\\/nirigs.com\\\/#\\\/schema\\\/logo\\\/image\\\/\",\"url\":\"https:\\\/\\\/nirigs.com\\\/wp-content\\\/uploads\\\/2025\\\/04\\\/Design-sans-titre-27.png\",\"contentUrl\":\"https:\\\/\\\/nirigs.com\\\/wp-content\\\/uploads\\\/2025\\\/04\\\/Design-sans-titre-27.png\",\"width\":500,\"height\":500,\"caption\":\"Nirigs\"},\"image\":{\"@id\":\"https:\\\/\\\/nirigs.com\\\/#\\\/schema\\\/logo\\\/image\\\/\"}}]}<\/script>\n<!-- \/ Yoast SEO plugin. -->","yoast_head_json":{"title":"Heinz - Ketchup z\u00e9ro sel ajout\u00e9 - 400 g - NIRIGS","robots":{"index":"index","follow":"follow","max-snippet":"max-snippet:-1","max-image-preview":"max-image-preview:large","max-video-preview":"max-video-preview:-1"},"canonical":"https:\/\/nirigs.com\/ar\/product\/heinz-ketchup-zero-sel-ajoute-400-g\/","og_locale":"ar_AR","og_type":"article","og_title":"Heinz - Ketchup z\u00e9ro sel ajout\u00e9 - 400 g - NIRIGS","og_description":"Le Ketchup Heinz z\u00e9ro sel ajout\u00e9 est la version saine du c\u00e9l\u00e8bre ketchup Heinz, con\u00e7u sp\u00e9cialement pour ceux qui souhaitent","og_url":"https:\/\/nirigs.com\/ar\/product\/heinz-ketchup-zero-sel-ajoute-400-g\/","og_site_name":"NIRIGS","article_modified_time":"2024-11-10T15:36:49+00:00","og_image":[{"width":1000,"height":1000,"url":"https:\/\/nirigs.com\/wp-content\/uploads\/2024\/10\/Heinz-Ketchup-zero-sel-ajoute-400-g.jpg","type":"image\/jpeg"}],"twitter_card":"summary_large_image","twitter_misc":{"\u0648\u0642\u062a \u0627\u0644\u0642\u0631\u0627\u0621\u0629 \u0627\u0644\u0645\u064f\u0642\u062f\u0651\u0631":"\u062f\u0642\u064a\u0642\u0629 \u0648\u0627\u062d\u062f\u0629"},"schema":{"@context":"https:\/\/schema.org","@graph":[{"@type":"WebPage","@id":"https:\/\/nirigs.com\/product\/heinz-ketchup-zero-sel-ajoute-400-g\/","url":"https:\/\/nirigs.com\/product\/heinz-ketchup-zero-sel-ajoute-400-g\/","name":"Heinz - Ketchup z\u00e9ro sel ajout\u00e9 - 400 g - NIRIGS","isPartOf":{"@id":"https:\/\/nirigs.com\/#website"},"primaryImageOfPage":{"@id":"https:\/\/nirigs.com\/product\/heinz-ketchup-zero-sel-ajoute-400-g\/#primaryimage"},"image":{"@id":"https:\/\/nirigs.com\/product\/heinz-ketchup-zero-sel-ajoute-400-g\/#primaryimage"},"thumbnailUrl":"https:\/\/nirigs.com\/wp-content\/uploads\/2024\/10\/Heinz-Ketchup-zero-sel-ajoute-400-g.jpg","datePublished":"2024-10-19T17:52:03+00:00","dateModified":"2024-11-10T15:36:49+00:00","breadcrumb":{"@id":"https:\/\/nirigs.com\/product\/heinz-ketchup-zero-sel-ajoute-400-g\/#breadcrumb"},"inLanguage":"ar","potentialAction":[{"@type":"ReadAction","target":["https:\/\/nirigs.com\/product\/heinz-ketchup-zero-sel-ajoute-400-g\/"]}]},{"@type":"ImageObject","inLanguage":"ar","@id":"https:\/\/nirigs.com\/product\/heinz-ketchup-zero-sel-ajoute-400-g\/#primaryimage","url":"https:\/\/nirigs.com\/wp-content\/uploads\/2024\/10\/Heinz-Ketchup-zero-sel-ajoute-400-g.jpg","contentUrl":"https:\/\/nirigs.com\/wp-content\/uploads\/2024\/10\/Heinz-Ketchup-zero-sel-ajoute-400-g.jpg","width":1000,"height":1000},{"@type":"BreadcrumbList","@id":"https:\/\/nirigs.com\/product\/heinz-ketchup-zero-sel-ajoute-400-g\/#breadcrumb","itemListElement":[{"@type":"ListItem","position":1,"name":"Home","item":"https:\/\/nirigs.com\/"},{"@type":"ListItem","position":2,"name":"Parcourir","item":"https:\/\/nirigs.com\/boutique\/"},{"@type":"ListItem","position":3,"name":"Heinz &#8211; Ketchup z\u00e9ro sel ajout\u00e9 &#8211; 400 g"}]},{"@type":"WebSite","@id":"https:\/\/nirigs.com\/#website","url":"https:\/\/nirigs.com\/","name":"Nirigs.com","description":"Simplifiez vos achats du quotidien \u00e0 Djibouti","publisher":{"@id":"https:\/\/nirigs.com\/#organization"},"potentialAction":[{"@type":"SearchAction","target":{"@type":"EntryPoint","urlTemplate":"https:\/\/nirigs.com\/?s={search_term_string}"},"query-input":{"@type":"PropertyValueSpecification","valueRequired":true,"valueName":"search_term_string"}}],"inLanguage":"ar"},{"@type":"Organization","@id":"https:\/\/nirigs.com\/#organization","name":"\u0646\u064a\u0631\u064a\u062c\u0633","url":"https:\/\/nirigs.com\/","logo":{"@type":"ImageObject","inLanguage":"ar","@id":"https:\/\/nirigs.com\/#\/schema\/logo\/image\/","url":"https:\/\/nirigs.com\/wp-content\/uploads\/2025\/04\/Design-sans-titre-27.png","contentUrl":"https:\/\/nirigs.com\/wp-content\/uploads\/2025\/04\/Design-sans-titre-27.png","width":500,"height":500,"caption":"Nirigs"},"image":{"@id":"https:\/\/nirigs.com\/#\/schema\/logo\/image\/"}}]}},"brands":[{"id":1319,"name":"Heinz","slug":"heinz"}],"_links":{"self":[{"href":"https:\/\/nirigs.com\/ar\/wp-json\/wp\/v2\/product\/25884","targetHints":{"allow":["GET"]}}],"collection":[{"href":"https:\/\/nirigs.com\/ar\/wp-json\/wp\/v2\/product"}],"about":[{"href":"https:\/\/nirigs.com\/ar\/wp-json\/wp\/v2\/types\/product"}],"replies":[{"embeddable":true,"href":"https:\/\/nirigs.com\/ar\/wp-json\/wp\/v2\/comments?post=25884"}],"version-history":[{"count":2,"href":"https:\/\/nirigs.com\/ar\/wp-json\/wp\/v2\/product\/25884\/revisions"}],"predecessor-version":[{"id":25890,"href":"https:\/\/nirigs.com\/ar\/wp-json\/wp\/v2\/product\/25884\/revisions\/25890"}],"wp:featuredmedia":[{"embeddable":true,"href":"https:\/\/nirigs.com\/ar\/wp-json\/wp\/v2\/media\/25887"}],"wp:attachment":[{"href":"https:\/\/nirigs.com\/ar\/wp-json\/wp\/v2\/media?parent=25884"}],"wp:term":[{"taxonomy":"pwb-brand","embeddable":true,"href":"https:\/\/nirigs.com\/ar\/wp-json\/wp\/v2\/pwb-brand?post=25884"},{"taxonomy":"product_brand","embeddable":true,"href":"https:\/\/nirigs.com\/ar\/wp-json\/wp\/v2\/product_brand?post=25884"},{"taxonomy":"product_cat","embeddable":true,"href":"https:\/\/nirigs.com\/ar\/wp-json\/wp\/v2\/product_cat?post=25884"},{"taxonomy":"product_tag","embeddable":true,"href":"https:\/\/nirigs.com\/ar\/wp-json\/wp\/v2\/product_tag?post=25884"}],"curies":[{"name":"wp","href":"https:\/\/api.w.org\/{rel}","templated":true}]}}