{"id":25573,"date":"2024-10-16T21:38:55","date_gmt":"2024-10-16T18:38:55","guid":{"rendered":"https:\/\/nirigs.com\/?post_type=product&#038;p=25573"},"modified":"2024-11-10T18:52:54","modified_gmt":"2024-11-10T15:52:54","slug":"rauch-bravo-jus-multivitamine-1-l","status":"publish","type":"product","link":"https:\/\/nirigs.com\/ar\/product\/rauch-bravo-jus-multivitamine-1-l\/","title":{"rendered":"\u0631\u0627\u0648\u062e \u2013 \u0639\u0635\u064a\u0631 \u0628\u0631\u0627\u0641\u0648 \u0645\u062a\u0639\u062f\u062f \u0627\u0644\u0641\u064a\u062a\u0627\u0645\u064a\u0646\u0627\u062a \u2013 1 \u0644\u062a\u0631"},"content":{"rendered":"<p>Le Rauch Bravo Jus Multivitamin\u00e9 en format 1 L est une d\u00e9licieuse boisson enrichie en vitamines, combinant un m\u00e9lange de diff\u00e9rents jus de fruits pour une exp\u00e9rience gustative unique et \u00e9quilibr\u00e9e. Parfait pour se d\u00e9salt\u00e9rer et apporter un apport vitaminique au quotidien, ce jus est id\u00e9al pour toute la famille.<\/p>\n<h4><strong>\u0645\u0643\u0648\u0646\u0627\u062a :<\/strong><\/h4>\n<p>Eau, jus de fruits \u00e0 partir de concentr\u00e9s (pomme, orange, mandarine, ananas, citron, poire, raisin blanc, fruit de la passion) et pur\u00e9e concentr\u00e9e (banane, pomme , p\u00eache, mangue), ar\u00f4mes naturels, acide citrique, vitamines (C, E, B6, B12, A, D)<\/p>\n<h4><strong>\u0641\u0648\u0627\u0626\u062f :<\/strong><\/h4>\n<ul>\n<li><strong>\u063a\u0646\u064a \u0628\u0627\u0644\u0641\u064a\u062a\u0627\u0645\u064a\u0646\u0627\u062a:<\/strong> Apporte des vitamines essentielles pour le bien-\u00eatre quotidien.<\/li>\n<li><strong>M\u00e9lange de fruits :<\/strong> Une combinaison savoureuse de plusieurs fruits pour une exp\u00e9rience gustative vari\u00e9e.<\/li>\n<li><strong>Sans conservateurs :<\/strong> Une boisson naturelle pour toute la famille, sans additifs artificiels.<\/li>\n<li><strong>\u0627\u0644\u0634\u0643\u0644 \u0627\u0644\u0639\u0645\u0644\u064a:<\/strong> La brique de 1 L est parfaite pour partager ou pour des consommations multiples.<\/li>\n<li><strong>\u0633\u0647\u0644 \u0627\u0644\u0627\u0633\u062a\u062e\u062f\u0627\u0645:<\/strong> Pr\u00eat \u00e0 consommer, id\u00e9al pour le petit d\u00e9jeuner, les go\u00fbters ou en tant qu&rsquo;en-cas.<\/li>\n<\/ul>\n<h4><strong>\u062a\u0639\u0644\u064a\u0645\u0627\u062a :<\/strong><\/h4>\n<p>\u064a\u0647\u0632 \u062c\u064a\u062f\u0627 \u0642\u0628\u0644 \u0627\u0644\u0627\u0633\u062a\u062e\u062f\u0627\u0645. \u064a\u064f\u0642\u062f\u0645 \u0628\u0627\u0631\u062f\u064b\u0627\u060c \u0648\u064a\u0641\u0636\u0644 \u0623\u0646 \u064a\u0643\u0648\u0646 \u0645\u0639 \u0645\u0643\u0639\u0628\u0627\u062a \u0627\u0644\u062b\u0644\u062c. \u0628\u0639\u062f \u0627\u0644\u0641\u062a\u062d\u060c \u064a\u064f\u062d\u0641\u0638 \u0641\u064a \u0627\u0644\u062b\u0644\u0627\u062c\u0629 \u0648\u064a\u064f\u0633\u062a\u0647\u0644\u0643 \u062e\u0644\u0627\u0644 5 \u0623\u064a\u0627\u0645.<\/p>\n<h4><strong>\u0627\u062d\u062a\u064a\u0627\u0637\u0627\u062a \u0627\u0644\u0627\u0633\u062a\u062e\u062f\u0627\u0645:<\/strong><\/h4>\n<ul>\n<li>\u0645\u0646 \u0627\u0644\u0623\u0641\u0636\u0644 \u0627\u0633\u062a\u0647\u0644\u0627\u0643\u0647 \u0642\u0628\u0644 \u0627\u0644\u062a\u0627\u0631\u064a\u062e \u0627\u0644\u0645\u0648\u0636\u062d \u0639\u0644\u0649 \u0627\u0644\u0639\u0628\u0648\u0629.<\/li>\n<li>\u064a\u064f\u062d\u0641\u0638 \u0641\u064a \u0645\u0643\u0627\u0646 \u0628\u0627\u0631\u062f \u0648\u062c\u0627\u0641 \u0642\u0628\u0644 \u0627\u0644\u0641\u062a\u062d.<\/li>\n<\/ul>","protected":false},"excerpt":{"rendered":"<p>Le Rauch Bravo Jus Multivitamin\u00e9 en format 1 L est une d\u00e9licieuse boisson enrichie en vitamines, combinant un m\u00e9lange de<\/p>","protected":false},"featured_media":25575,"comment_status":"open","ping_status":"closed","template":"","meta":[],"pwb-brand":[1305],"product_brand":[],"product_cat":[936,929,275,937],"product_tag":[],"class_list":{"0":"post-25573","1":"product","2":"type-product","3":"status-publish","4":"has-post-thumbnail","6":"pwb-brand-rauch","7":"product_cat-boissons","8":"product_cat-cafe-the-et-boissons","9":"product_cat-epicerie","10":"product_cat-jus-de-fruits","12":"first","13":"instock","14":"shipping-taxable","15":"purchasable","16":"product-type-simple"},"yoast_head":"<!-- This site is optimized with the Yoast SEO plugin v27.1.1 - https:\/\/yoast.com\/product\/yoast-seo-wordpress\/ -->\n<title>Rauch - Bravo jus multivitamin\u00e9- 1 L - NIRIGS<\/title>\n<meta name=\"robots\" content=\"index, follow, max-snippet:-1, max-image-preview:large, max-video-preview:-1\" \/>\n<link rel=\"canonical\" href=\"https:\/\/nirigs.com\/ar\/product\/rauch-bravo-jus-multivitamine-1-l\/\" \/>\n<meta property=\"og:locale\" content=\"ar_AR\" \/>\n<meta property=\"og:type\" content=\"article\" \/>\n<meta property=\"og:title\" content=\"Rauch - Bravo jus multivitamin\u00e9- 1 L - NIRIGS\" \/>\n<meta property=\"og:description\" content=\"Le Rauch Bravo Jus Multivitamin\u00e9 en format 1 L est une d\u00e9licieuse boisson enrichie en vitamines, combinant un m\u00e9lange de\" \/>\n<meta property=\"og:url\" content=\"https:\/\/nirigs.com\/ar\/product\/rauch-bravo-jus-multivitamine-1-l\/\" \/>\n<meta property=\"og:site_name\" content=\"NIRIGS\" \/>\n<meta property=\"article:modified_time\" content=\"2024-11-10T15:52:54+00:00\" \/>\n<meta property=\"og:image\" content=\"https:\/\/nirigs.com\/wp-content\/uploads\/2024\/10\/Rauch-Bravo-jus-multivitamine-1-L.jpg\" \/>\n\t<meta property=\"og:image:width\" content=\"1000\" \/>\n\t<meta property=\"og:image:height\" content=\"1000\" \/>\n\t<meta property=\"og:image:type\" content=\"image\/jpeg\" \/>\n<meta name=\"twitter:card\" content=\"summary_large_image\" \/>\n<meta name=\"twitter:label1\" content=\"\u0648\u0642\u062a \u0627\u0644\u0642\u0631\u0627\u0621\u0629 \u0627\u0644\u0645\u064f\u0642\u062f\u0651\u0631\" \/>\n\t<meta name=\"twitter:data1\" content=\"\u062f\u0642\u064a\u0642\u0629 \u0648\u0627\u062d\u062f\u0629\" \/>\n<script type=\"application\/ld+json\" class=\"yoast-schema-graph\">{\"@context\":\"https:\/\/schema.org\",\"@graph\":[{\"@type\":\"WebPage\",\"@id\":\"https:\/\/nirigs.com\/product\/rauch-bravo-jus-multivitamine-1-l\/\",\"url\":\"https:\/\/nirigs.com\/product\/rauch-bravo-jus-multivitamine-1-l\/\",\"name\":\"Rauch - Bravo jus multivitamin\u00e9- 1 L - NIRIGS\",\"isPartOf\":{\"@id\":\"https:\/\/nirigs.com\/#website\"},\"primaryImageOfPage\":{\"@id\":\"https:\/\/nirigs.com\/product\/rauch-bravo-jus-multivitamine-1-l\/#primaryimage\"},\"image\":{\"@id\":\"https:\/\/nirigs.com\/product\/rauch-bravo-jus-multivitamine-1-l\/#primaryimage\"},\"thumbnailUrl\":\"https:\/\/nirigs.com\/wp-content\/uploads\/2024\/10\/Rauch-Bravo-jus-multivitamine-1-L.jpg\",\"datePublished\":\"2024-10-16T18:38:55+00:00\",\"dateModified\":\"2024-11-10T15:52:54+00:00\",\"breadcrumb\":{\"@id\":\"https:\/\/nirigs.com\/product\/rauch-bravo-jus-multivitamine-1-l\/#breadcrumb\"},\"inLanguage\":\"ar\",\"potentialAction\":[{\"@type\":\"ReadAction\",\"target\":[\"https:\/\/nirigs.com\/product\/rauch-bravo-jus-multivitamine-1-l\/\"]}]},{\"@type\":\"ImageObject\",\"inLanguage\":\"ar\",\"@id\":\"https:\/\/nirigs.com\/product\/rauch-bravo-jus-multivitamine-1-l\/#primaryimage\",\"url\":\"https:\/\/nirigs.com\/wp-content\/uploads\/2024\/10\/Rauch-Bravo-jus-multivitamine-1-L.jpg\",\"contentUrl\":\"https:\/\/nirigs.com\/wp-content\/uploads\/2024\/10\/Rauch-Bravo-jus-multivitamine-1-L.jpg\",\"width\":1000,\"height\":1000},{\"@type\":\"BreadcrumbList\",\"@id\":\"https:\/\/nirigs.com\/product\/rauch-bravo-jus-multivitamine-1-l\/#breadcrumb\",\"itemListElement\":[{\"@type\":\"ListItem\",\"position\":1,\"name\":\"Home\",\"item\":\"https:\/\/nirigs.com\/\"},{\"@type\":\"ListItem\",\"position\":2,\"name\":\"Parcourir\",\"item\":\"https:\/\/nirigs.com\/boutique\/\"},{\"@type\":\"ListItem\",\"position\":3,\"name\":\"Rauch &#8211; Bravo jus multivitamin\u00e9- 1 L\"}]},{\"@type\":\"WebSite\",\"@id\":\"https:\/\/nirigs.com\/#website\",\"url\":\"https:\/\/nirigs.com\/\",\"name\":\"Nirigs.com\",\"description\":\"Simplifiez vos achats du quotidien \u00e0 Djibouti\",\"publisher\":{\"@id\":\"https:\/\/nirigs.com\/#organization\"},\"potentialAction\":[{\"@type\":\"SearchAction\",\"target\":{\"@type\":\"EntryPoint\",\"urlTemplate\":\"https:\/\/nirigs.com\/?s={search_term_string}\"},\"query-input\":{\"@type\":\"PropertyValueSpecification\",\"valueRequired\":true,\"valueName\":\"search_term_string\"}}],\"inLanguage\":\"ar\"},{\"@type\":\"Organization\",\"@id\":\"https:\/\/nirigs.com\/#organization\",\"name\":\"Nirigs\",\"url\":\"https:\/\/nirigs.com\/\",\"logo\":{\"@type\":\"ImageObject\",\"inLanguage\":\"ar\",\"@id\":\"https:\/\/nirigs.com\/#\/schema\/logo\/image\/\",\"url\":\"https:\/\/nirigs.com\/wp-content\/uploads\/2025\/04\/Design-sans-titre-27.png\",\"contentUrl\":\"https:\/\/nirigs.com\/wp-content\/uploads\/2025\/04\/Design-sans-titre-27.png\",\"width\":500,\"height\":500,\"caption\":\"Nirigs\"},\"image\":{\"@id\":\"https:\/\/nirigs.com\/#\/schema\/logo\/image\/\"}}]}<\/script>\n<!-- \/ Yoast SEO plugin. -->","yoast_head_json":{"title":"Rauch - Bravo jus multivitamin\u00e9- 1 L - NIRIGS","robots":{"index":"index","follow":"follow","max-snippet":"max-snippet:-1","max-image-preview":"max-image-preview:large","max-video-preview":"max-video-preview:-1"},"canonical":"https:\/\/nirigs.com\/ar\/product\/rauch-bravo-jus-multivitamine-1-l\/","og_locale":"ar_AR","og_type":"article","og_title":"Rauch - Bravo jus multivitamin\u00e9- 1 L - NIRIGS","og_description":"Le Rauch Bravo Jus Multivitamin\u00e9 en format 1 L est une d\u00e9licieuse boisson enrichie en vitamines, combinant un m\u00e9lange de","og_url":"https:\/\/nirigs.com\/ar\/product\/rauch-bravo-jus-multivitamine-1-l\/","og_site_name":"NIRIGS","article_modified_time":"2024-11-10T15:52:54+00:00","og_image":[{"width":1000,"height":1000,"url":"https:\/\/nirigs.com\/wp-content\/uploads\/2024\/10\/Rauch-Bravo-jus-multivitamine-1-L.jpg","type":"image\/jpeg"}],"twitter_card":"summary_large_image","twitter_misc":{"\u0648\u0642\u062a \u0627\u0644\u0642\u0631\u0627\u0621\u0629 \u0627\u0644\u0645\u064f\u0642\u062f\u0651\u0631":"\u062f\u0642\u064a\u0642\u0629 \u0648\u0627\u062d\u062f\u0629"},"schema":{"@context":"https:\/\/schema.org","@graph":[{"@type":"WebPage","@id":"https:\/\/nirigs.com\/product\/rauch-bravo-jus-multivitamine-1-l\/","url":"https:\/\/nirigs.com\/product\/rauch-bravo-jus-multivitamine-1-l\/","name":"Rauch - Bravo jus multivitamin\u00e9- 1 L - NIRIGS","isPartOf":{"@id":"https:\/\/nirigs.com\/#website"},"primaryImageOfPage":{"@id":"https:\/\/nirigs.com\/product\/rauch-bravo-jus-multivitamine-1-l\/#primaryimage"},"image":{"@id":"https:\/\/nirigs.com\/product\/rauch-bravo-jus-multivitamine-1-l\/#primaryimage"},"thumbnailUrl":"https:\/\/nirigs.com\/wp-content\/uploads\/2024\/10\/Rauch-Bravo-jus-multivitamine-1-L.jpg","datePublished":"2024-10-16T18:38:55+00:00","dateModified":"2024-11-10T15:52:54+00:00","breadcrumb":{"@id":"https:\/\/nirigs.com\/product\/rauch-bravo-jus-multivitamine-1-l\/#breadcrumb"},"inLanguage":"ar","potentialAction":[{"@type":"ReadAction","target":["https:\/\/nirigs.com\/product\/rauch-bravo-jus-multivitamine-1-l\/"]}]},{"@type":"ImageObject","inLanguage":"ar","@id":"https:\/\/nirigs.com\/product\/rauch-bravo-jus-multivitamine-1-l\/#primaryimage","url":"https:\/\/nirigs.com\/wp-content\/uploads\/2024\/10\/Rauch-Bravo-jus-multivitamine-1-L.jpg","contentUrl":"https:\/\/nirigs.com\/wp-content\/uploads\/2024\/10\/Rauch-Bravo-jus-multivitamine-1-L.jpg","width":1000,"height":1000},{"@type":"BreadcrumbList","@id":"https:\/\/nirigs.com\/product\/rauch-bravo-jus-multivitamine-1-l\/#breadcrumb","itemListElement":[{"@type":"ListItem","position":1,"name":"Home","item":"https:\/\/nirigs.com\/"},{"@type":"ListItem","position":2,"name":"Parcourir","item":"https:\/\/nirigs.com\/boutique\/"},{"@type":"ListItem","position":3,"name":"Rauch &#8211; Bravo jus multivitamin\u00e9- 1 L"}]},{"@type":"WebSite","@id":"https:\/\/nirigs.com\/#website","url":"https:\/\/nirigs.com\/","name":"Nirigs.com","description":"Simplifiez vos achats du quotidien \u00e0 Djibouti","publisher":{"@id":"https:\/\/nirigs.com\/#organization"},"potentialAction":[{"@type":"SearchAction","target":{"@type":"EntryPoint","urlTemplate":"https:\/\/nirigs.com\/?s={search_term_string}"},"query-input":{"@type":"PropertyValueSpecification","valueRequired":true,"valueName":"search_term_string"}}],"inLanguage":"ar"},{"@type":"Organization","@id":"https:\/\/nirigs.com\/#organization","name":"\u0646\u064a\u0631\u064a\u062c\u0633","url":"https:\/\/nirigs.com\/","logo":{"@type":"ImageObject","inLanguage":"ar","@id":"https:\/\/nirigs.com\/#\/schema\/logo\/image\/","url":"https:\/\/nirigs.com\/wp-content\/uploads\/2025\/04\/Design-sans-titre-27.png","contentUrl":"https:\/\/nirigs.com\/wp-content\/uploads\/2025\/04\/Design-sans-titre-27.png","width":500,"height":500,"caption":"Nirigs"},"image":{"@id":"https:\/\/nirigs.com\/#\/schema\/logo\/image\/"}}]}},"brands":[{"id":1305,"name":"\u0631\u0627\u0648\u062e","slug":"rauch"}],"_links":{"self":[{"href":"https:\/\/nirigs.com\/ar\/wp-json\/wp\/v2\/product\/25573","targetHints":{"allow":["GET"]}}],"collection":[{"href":"https:\/\/nirigs.com\/ar\/wp-json\/wp\/v2\/product"}],"about":[{"href":"https:\/\/nirigs.com\/ar\/wp-json\/wp\/v2\/types\/product"}],"replies":[{"embeddable":true,"href":"https:\/\/nirigs.com\/ar\/wp-json\/wp\/v2\/comments?post=25573"}],"version-history":[{"count":2,"href":"https:\/\/nirigs.com\/ar\/wp-json\/wp\/v2\/product\/25573\/revisions"}],"predecessor-version":[{"id":25580,"href":"https:\/\/nirigs.com\/ar\/wp-json\/wp\/v2\/product\/25573\/revisions\/25580"}],"wp:featuredmedia":[{"embeddable":true,"href":"https:\/\/nirigs.com\/ar\/wp-json\/wp\/v2\/media\/25575"}],"wp:attachment":[{"href":"https:\/\/nirigs.com\/ar\/wp-json\/wp\/v2\/media?parent=25573"}],"wp:term":[{"taxonomy":"pwb-brand","embeddable":true,"href":"https:\/\/nirigs.com\/ar\/wp-json\/wp\/v2\/pwb-brand?post=25573"},{"taxonomy":"product_brand","embeddable":true,"href":"https:\/\/nirigs.com\/ar\/wp-json\/wp\/v2\/product_brand?post=25573"},{"taxonomy":"product_cat","embeddable":true,"href":"https:\/\/nirigs.com\/ar\/wp-json\/wp\/v2\/product_cat?post=25573"},{"taxonomy":"product_tag","embeddable":true,"href":"https:\/\/nirigs.com\/ar\/wp-json\/wp\/v2\/product_tag?post=25573"}],"curies":[{"name":"wp","href":"https:\/\/api.w.org\/{rel}","templated":true}]}}