{"id":25560,"date":"2024-10-16T21:07:44","date_gmt":"2024-10-16T18:07:44","guid":{"rendered":"https:\/\/nirigs.com\/?post_type=product&#038;p=25560"},"modified":"2024-11-10T18:54:34","modified_gmt":"2024-11-10T15:54:34","slug":"oasis-boisson-aux-fruits-tropical-1-5-l","status":"publish","type":"product","link":"https:\/\/nirigs.com\/ar\/product\/oasis-boisson-aux-fruits-tropical-1-5-l\/","title":{"rendered":"Oasis &#8211; Boisson aux fruits Tropical &#8211; 1.5 L"},"content":{"rendered":"<p>La boisson aux fruits Tropical d&rsquo;Oasis en format 1.5 L est un m\u00e9lange rafra\u00eechissant de saveurs fruit\u00e9es qui \u00e9voque l&rsquo;exotisme et la douceur des tropiques. Cette boisson est parfaite pour se d\u00e9salt\u00e9rer lors des journ\u00e9es chaudes ou pour accompagner vos repas. Sa recette \u00e0 base de fruits en fait un choix appr\u00e9ci\u00e9 des petits et des grands.<\/p>\n<h4><strong>\u0645\u0643\u0648\u0646\u0627\u062a :<\/strong><\/h4>\n<p>Eau, sucres, jus de fruits \u00e0 base de concentr\u00e9s (orange 6,5%, pomme, fruit de la passion 0,1%, mangue 0,08%), ar\u00f4mes naturels, acide citrique, acidifiant : acide citrique, antioxydant : acide ascorbique.<\/p>\n<h4><strong>\u0641\u0648\u0627\u0626\u062f :<\/strong><\/h4>\n<ul>\n<li><strong>Go\u00fbt fruit\u00e9 :<\/strong> Un m\u00e9lange d\u00e9licieux de saveurs tropicales qui ravira toute la famille.<\/li>\n<li><strong>Format \u00e9conomique :<\/strong> La bouteille de 1.5 L est id\u00e9ale pour partager lors des repas ou des rassemblements.<\/li>\n<li><strong>Sans conservateurs artificiels :<\/strong> Une boisson faite avec des ingr\u00e9dients naturels pour un go\u00fbt authentique.<\/li>\n<li><strong>Rafra\u00eechissant :<\/strong> Parfait pour s&rsquo;hydrater pendant les journ\u00e9es chaudes ou apr\u00e8s une activit\u00e9 physique.<\/li>\n<li><strong>\u0645\u062a\u0646\u0648\u0639 \u0627\u0644\u0642\u062f\u0631\u0627\u062a :<\/strong> Peut \u00eatre consomm\u00e9 seul ou utilis\u00e9 comme base pour des cocktails sans alcool.<\/li>\n<\/ul>\n<h4><strong>\u062a\u0639\u0644\u064a\u0645\u0627\u062a :<\/strong><\/h4>\n<p>Bien agiter avant utilisation. Servir frais, id\u00e9alement avec des gla\u00e7ons. Refermer la bouteille apr\u00e8s usage pour conserver la fra\u00eecheur.<\/p>\n<h4><strong>\u0627\u062d\u062a\u064a\u0627\u0637\u0627\u062a \u0627\u0644\u0627\u0633\u062a\u062e\u062f\u0627\u0645:<\/strong><\/h4>\n<ul>\n<li>\u0645\u0646 \u0627\u0644\u0623\u0641\u0636\u0644 \u0627\u0633\u062a\u0647\u0644\u0627\u0643\u0647 \u0642\u0628\u0644 \u0627\u0644\u062a\u0627\u0631\u064a\u062e \u0627\u0644\u0645\u0648\u0636\u062d \u0639\u0644\u0649 \u0627\u0644\u0639\u0628\u0648\u0629.<\/li>\n<li>Conserver dans un endroit frais et sec, \u00e0 l&rsquo;abri de la lumi\u00e8re directe du soleil.<\/li>\n<\/ul>","protected":false},"excerpt":{"rendered":"<p>La boisson aux fruits Tropical d&rsquo;Oasis en format 1.5 L est un m\u00e9lange rafra\u00eechissant de saveurs fruit\u00e9es qui \u00e9voque l&rsquo;exotisme<\/p>","protected":false},"featured_media":25564,"comment_status":"open","ping_status":"closed","template":"","meta":[],"pwb-brand":[1302],"product_brand":[],"product_cat":[936,1301,929,275],"product_tag":[],"class_list":{"0":"post-25560","1":"product","2":"type-product","3":"status-publish","4":"has-post-thumbnail","6":"pwb-brand-oasis","7":"product_cat-boissons","8":"product_cat-boissons-plates-aux-fruits","9":"product_cat-cafe-the-et-boissons","10":"product_cat-epicerie","12":"first","13":"instock","14":"shipping-taxable","15":"purchasable","16":"product-type-simple"},"yoast_head":"<!-- This site is optimized with the Yoast SEO plugin v27.1.1 - https:\/\/yoast.com\/product\/yoast-seo-wordpress\/ -->\n<title>Oasis - Boisson aux fruits Tropical - 1.5 L - NIRIGS<\/title>\n<meta name=\"robots\" content=\"index, follow, max-snippet:-1, max-image-preview:large, max-video-preview:-1\" \/>\n<link rel=\"canonical\" href=\"https:\/\/nirigs.com\/ar\/product\/oasis-boisson-aux-fruits-tropical-1-5-l\/\" \/>\n<meta property=\"og:locale\" content=\"ar_AR\" \/>\n<meta property=\"og:type\" content=\"article\" \/>\n<meta property=\"og:title\" content=\"Oasis - Boisson aux fruits Tropical - 1.5 L - NIRIGS\" \/>\n<meta property=\"og:description\" content=\"La boisson aux fruits Tropical d&rsquo;Oasis en format 1.5 L est un m\u00e9lange rafra\u00eechissant de saveurs fruit\u00e9es qui \u00e9voque l&rsquo;exotisme\" \/>\n<meta property=\"og:url\" content=\"https:\/\/nirigs.com\/ar\/product\/oasis-boisson-aux-fruits-tropical-1-5-l\/\" \/>\n<meta property=\"og:site_name\" content=\"NIRIGS\" \/>\n<meta property=\"article:modified_time\" content=\"2024-11-10T15:54:34+00:00\" \/>\n<meta property=\"og:image\" content=\"https:\/\/nirigs.com\/wp-content\/uploads\/2024\/10\/Oasis-Boisson-aux-fruits-Tropical-1.5-L.jpg\" \/>\n\t<meta property=\"og:image:width\" content=\"1000\" \/>\n\t<meta property=\"og:image:height\" content=\"1000\" \/>\n\t<meta property=\"og:image:type\" content=\"image\/jpeg\" \/>\n<meta name=\"twitter:card\" content=\"summary_large_image\" \/>\n<meta name=\"twitter:label1\" content=\"\u0648\u0642\u062a \u0627\u0644\u0642\u0631\u0627\u0621\u0629 \u0627\u0644\u0645\u064f\u0642\u062f\u0651\u0631\" \/>\n\t<meta name=\"twitter:data1\" content=\"\u062f\u0642\u064a\u0642\u0629 \u0648\u0627\u062d\u062f\u0629\" \/>\n<script type=\"application\/ld+json\" class=\"yoast-schema-graph\">{\"@context\":\"https:\/\/schema.org\",\"@graph\":[{\"@type\":\"WebPage\",\"@id\":\"https:\/\/nirigs.com\/en\/product\/oasis-boisson-aux-fruits-tropical-1-5-l\/\",\"url\":\"https:\/\/nirigs.com\/en\/product\/oasis-boisson-aux-fruits-tropical-1-5-l\/\",\"name\":\"Oasis - Boisson aux fruits Tropical - 1.5 L - NIRIGS\",\"isPartOf\":{\"@id\":\"https:\/\/nirigs.com\/#website\"},\"primaryImageOfPage\":{\"@id\":\"https:\/\/nirigs.com\/en\/product\/oasis-boisson-aux-fruits-tropical-1-5-l\/#primaryimage\"},\"image\":{\"@id\":\"https:\/\/nirigs.com\/en\/product\/oasis-boisson-aux-fruits-tropical-1-5-l\/#primaryimage\"},\"thumbnailUrl\":\"https:\/\/nirigs.com\/wp-content\/uploads\/2024\/10\/Oasis-Boisson-aux-fruits-Tropical-1.5-L.jpg\",\"datePublished\":\"2024-10-16T18:07:44+00:00\",\"dateModified\":\"2024-11-10T15:54:34+00:00\",\"breadcrumb\":{\"@id\":\"https:\/\/nirigs.com\/en\/product\/oasis-boisson-aux-fruits-tropical-1-5-l\/#breadcrumb\"},\"inLanguage\":\"ar\",\"potentialAction\":[{\"@type\":\"ReadAction\",\"target\":[\"https:\/\/nirigs.com\/en\/product\/oasis-boisson-aux-fruits-tropical-1-5-l\/\"]}]},{\"@type\":\"ImageObject\",\"inLanguage\":\"ar\",\"@id\":\"https:\/\/nirigs.com\/en\/product\/oasis-boisson-aux-fruits-tropical-1-5-l\/#primaryimage\",\"url\":\"https:\/\/nirigs.com\/wp-content\/uploads\/2024\/10\/Oasis-Boisson-aux-fruits-Tropical-1.5-L.jpg\",\"contentUrl\":\"https:\/\/nirigs.com\/wp-content\/uploads\/2024\/10\/Oasis-Boisson-aux-fruits-Tropical-1.5-L.jpg\",\"width\":1000,\"height\":1000},{\"@type\":\"BreadcrumbList\",\"@id\":\"https:\/\/nirigs.com\/en\/product\/oasis-boisson-aux-fruits-tropical-1-5-l\/#breadcrumb\",\"itemListElement\":[{\"@type\":\"ListItem\",\"position\":1,\"name\":\"Home\",\"item\":\"https:\/\/nirigs.com\/\"},{\"@type\":\"ListItem\",\"position\":2,\"name\":\"Parcourir\",\"item\":\"https:\/\/nirigs.com\/boutique\/\"},{\"@type\":\"ListItem\",\"position\":3,\"name\":\"Oasis &#8211; Boisson aux fruits Tropical &#8211; 1.5 L\"}]},{\"@type\":\"WebSite\",\"@id\":\"https:\/\/nirigs.com\/#website\",\"url\":\"https:\/\/nirigs.com\/\",\"name\":\"Nirigs.com\",\"description\":\"Simplifiez vos achats du quotidien \u00e0 Djibouti\",\"publisher\":{\"@id\":\"https:\/\/nirigs.com\/#organization\"},\"potentialAction\":[{\"@type\":\"SearchAction\",\"target\":{\"@type\":\"EntryPoint\",\"urlTemplate\":\"https:\/\/nirigs.com\/?s={search_term_string}\"},\"query-input\":{\"@type\":\"PropertyValueSpecification\",\"valueRequired\":true,\"valueName\":\"search_term_string\"}}],\"inLanguage\":\"ar\"},{\"@type\":\"Organization\",\"@id\":\"https:\/\/nirigs.com\/#organization\",\"name\":\"Nirigs\",\"url\":\"https:\/\/nirigs.com\/\",\"logo\":{\"@type\":\"ImageObject\",\"inLanguage\":\"ar\",\"@id\":\"https:\/\/nirigs.com\/#\/schema\/logo\/image\/\",\"url\":\"https:\/\/nirigs.com\/wp-content\/uploads\/2025\/04\/Design-sans-titre-27.png\",\"contentUrl\":\"https:\/\/nirigs.com\/wp-content\/uploads\/2025\/04\/Design-sans-titre-27.png\",\"width\":500,\"height\":500,\"caption\":\"Nirigs\"},\"image\":{\"@id\":\"https:\/\/nirigs.com\/#\/schema\/logo\/image\/\"}}]}<\/script>\n<!-- \/ Yoast SEO plugin. -->","yoast_head_json":{"title":"Oasis - Boisson aux fruits Tropical - 1.5 L - NIRIGS","robots":{"index":"index","follow":"follow","max-snippet":"max-snippet:-1","max-image-preview":"max-image-preview:large","max-video-preview":"max-video-preview:-1"},"canonical":"https:\/\/nirigs.com\/ar\/product\/oasis-boisson-aux-fruits-tropical-1-5-l\/","og_locale":"ar_AR","og_type":"article","og_title":"Oasis - Boisson aux fruits Tropical - 1.5 L - NIRIGS","og_description":"La boisson aux fruits Tropical d&rsquo;Oasis en format 1.5 L est un m\u00e9lange rafra\u00eechissant de saveurs fruit\u00e9es qui \u00e9voque l&rsquo;exotisme","og_url":"https:\/\/nirigs.com\/ar\/product\/oasis-boisson-aux-fruits-tropical-1-5-l\/","og_site_name":"NIRIGS","article_modified_time":"2024-11-10T15:54:34+00:00","og_image":[{"width":1000,"height":1000,"url":"https:\/\/nirigs.com\/wp-content\/uploads\/2024\/10\/Oasis-Boisson-aux-fruits-Tropical-1.5-L.jpg","type":"image\/jpeg"}],"twitter_card":"summary_large_image","twitter_misc":{"\u0648\u0642\u062a \u0627\u0644\u0642\u0631\u0627\u0621\u0629 \u0627\u0644\u0645\u064f\u0642\u062f\u0651\u0631":"\u062f\u0642\u064a\u0642\u0629 \u0648\u0627\u062d\u062f\u0629"},"schema":{"@context":"https:\/\/schema.org","@graph":[{"@type":"WebPage","@id":"https:\/\/nirigs.com\/en\/product\/oasis-boisson-aux-fruits-tropical-1-5-l\/","url":"https:\/\/nirigs.com\/en\/product\/oasis-boisson-aux-fruits-tropical-1-5-l\/","name":"Oasis - Boisson aux fruits Tropical - 1.5 L - NIRIGS","isPartOf":{"@id":"https:\/\/nirigs.com\/#website"},"primaryImageOfPage":{"@id":"https:\/\/nirigs.com\/en\/product\/oasis-boisson-aux-fruits-tropical-1-5-l\/#primaryimage"},"image":{"@id":"https:\/\/nirigs.com\/en\/product\/oasis-boisson-aux-fruits-tropical-1-5-l\/#primaryimage"},"thumbnailUrl":"https:\/\/nirigs.com\/wp-content\/uploads\/2024\/10\/Oasis-Boisson-aux-fruits-Tropical-1.5-L.jpg","datePublished":"2024-10-16T18:07:44+00:00","dateModified":"2024-11-10T15:54:34+00:00","breadcrumb":{"@id":"https:\/\/nirigs.com\/en\/product\/oasis-boisson-aux-fruits-tropical-1-5-l\/#breadcrumb"},"inLanguage":"ar","potentialAction":[{"@type":"ReadAction","target":["https:\/\/nirigs.com\/en\/product\/oasis-boisson-aux-fruits-tropical-1-5-l\/"]}]},{"@type":"ImageObject","inLanguage":"ar","@id":"https:\/\/nirigs.com\/en\/product\/oasis-boisson-aux-fruits-tropical-1-5-l\/#primaryimage","url":"https:\/\/nirigs.com\/wp-content\/uploads\/2024\/10\/Oasis-Boisson-aux-fruits-Tropical-1.5-L.jpg","contentUrl":"https:\/\/nirigs.com\/wp-content\/uploads\/2024\/10\/Oasis-Boisson-aux-fruits-Tropical-1.5-L.jpg","width":1000,"height":1000},{"@type":"BreadcrumbList","@id":"https:\/\/nirigs.com\/en\/product\/oasis-boisson-aux-fruits-tropical-1-5-l\/#breadcrumb","itemListElement":[{"@type":"ListItem","position":1,"name":"Home","item":"https:\/\/nirigs.com\/"},{"@type":"ListItem","position":2,"name":"Parcourir","item":"https:\/\/nirigs.com\/boutique\/"},{"@type":"ListItem","position":3,"name":"Oasis &#8211; Boisson aux fruits Tropical &#8211; 1.5 L"}]},{"@type":"WebSite","@id":"https:\/\/nirigs.com\/#website","url":"https:\/\/nirigs.com\/","name":"Nirigs.com","description":"Simplifiez vos achats du quotidien \u00e0 Djibouti","publisher":{"@id":"https:\/\/nirigs.com\/#organization"},"potentialAction":[{"@type":"SearchAction","target":{"@type":"EntryPoint","urlTemplate":"https:\/\/nirigs.com\/?s={search_term_string}"},"query-input":{"@type":"PropertyValueSpecification","valueRequired":true,"valueName":"search_term_string"}}],"inLanguage":"ar"},{"@type":"Organization","@id":"https:\/\/nirigs.com\/#organization","name":"\u0646\u064a\u0631\u064a\u062c\u0633","url":"https:\/\/nirigs.com\/","logo":{"@type":"ImageObject","inLanguage":"ar","@id":"https:\/\/nirigs.com\/#\/schema\/logo\/image\/","url":"https:\/\/nirigs.com\/wp-content\/uploads\/2025\/04\/Design-sans-titre-27.png","contentUrl":"https:\/\/nirigs.com\/wp-content\/uploads\/2025\/04\/Design-sans-titre-27.png","width":500,"height":500,"caption":"Nirigs"},"image":{"@id":"https:\/\/nirigs.com\/#\/schema\/logo\/image\/"}}]}},"brands":[{"id":1302,"name":"Oasis","slug":"oasis"}],"_links":{"self":[{"href":"https:\/\/nirigs.com\/ar\/wp-json\/wp\/v2\/product\/25560","targetHints":{"allow":["GET"]}}],"collection":[{"href":"https:\/\/nirigs.com\/ar\/wp-json\/wp\/v2\/product"}],"about":[{"href":"https:\/\/nirigs.com\/ar\/wp-json\/wp\/v2\/types\/product"}],"replies":[{"embeddable":true,"href":"https:\/\/nirigs.com\/ar\/wp-json\/wp\/v2\/comments?post=25560"}],"version-history":[{"count":1,"href":"https:\/\/nirigs.com\/ar\/wp-json\/wp\/v2\/product\/25560\/revisions"}],"predecessor-version":[{"id":25565,"href":"https:\/\/nirigs.com\/ar\/wp-json\/wp\/v2\/product\/25560\/revisions\/25565"}],"wp:featuredmedia":[{"embeddable":true,"href":"https:\/\/nirigs.com\/ar\/wp-json\/wp\/v2\/media\/25564"}],"wp:attachment":[{"href":"https:\/\/nirigs.com\/ar\/wp-json\/wp\/v2\/media?parent=25560"}],"wp:term":[{"taxonomy":"pwb-brand","embeddable":true,"href":"https:\/\/nirigs.com\/ar\/wp-json\/wp\/v2\/pwb-brand?post=25560"},{"taxonomy":"product_brand","embeddable":true,"href":"https:\/\/nirigs.com\/ar\/wp-json\/wp\/v2\/product_brand?post=25560"},{"taxonomy":"product_cat","embeddable":true,"href":"https:\/\/nirigs.com\/ar\/wp-json\/wp\/v2\/product_cat?post=25560"},{"taxonomy":"product_tag","embeddable":true,"href":"https:\/\/nirigs.com\/ar\/wp-json\/wp\/v2\/product_tag?post=25560"}],"curies":[{"name":"wp","href":"https:\/\/api.w.org\/{rel}","templated":true}]}}