{"id":23432,"date":"2024-10-06T18:03:14","date_gmt":"2024-10-06T15:03:14","guid":{"rendered":"https:\/\/nirigs.com\/produit\/san-pellegrino-eau-minerale-naturelle-petillante-750-ml\/"},"modified":"2025-02-02T14:27:33","modified_gmt":"2025-02-02T11:27:33","slug":"san-pellegrino-eau-minerale-naturelle-petillante-750-ml","status":"publish","type":"product","link":"https:\/\/nirigs.com\/ar\/product\/san-pellegrino-eau-minerale-naturelle-petillante-750-ml\/","title":{"rendered":"San Pellegrino \u2013 Eau min\u00e9rale naturelle p\u00e9tillante \u2013 750 ml"},"content":{"rendered":"<p>Bouteille en verre de 750 ml : le format id\u00e9al pour partager un d\u00e9licieux repas autour d\u2019une table.<\/p>\n<p>Parfait pour se r\u00e9galer avec raffinement, \u00e0 l\u2019occasion d\u2019un repas d\u00e9contract\u00e9 ou d\u2019un d\u00e9jeuner entre amis.<\/p>\n<p>La composition de l&rsquo;eau min\u00e9rale naturelle gaz\u00e9ifi\u00e9e San Pellegrino pour une bouteille de 750 ml est typiquement la suivante\u00a0 :<\/p>\n<table>\n<thead>\n<tr>\n<th><strong>Min\u00e9ralisation caract\u00e9ristique<\/strong><\/th>\n<th><strong>mg\/L<\/strong><\/th>\n<\/tr>\n<\/thead>\n<tbody>\n<tr>\n<td>Ion Sulfate<\/td>\n<td>401<\/td>\n<\/tr>\n<tr>\n<td>Ion Hydrog\u00e9nocarbonate<\/td>\n<td>244<\/td>\n<\/tr>\n<tr>\n<td>Ion Calcium<\/td>\n<td>166<\/td>\n<\/tr>\n<tr>\n<td>Ion Magn\u00e9sium<\/td>\n<td>49.5<\/td>\n<\/tr>\n<tr>\n<td>Ion Chlorure<\/td>\n<td>49.6<\/td>\n<\/tr>\n<tr>\n<td>Ion Sodium<\/td>\n<td>30.0<\/td>\n<\/tr>\n<tr>\n<td>Silice<\/td>\n<td>7.3<\/td>\n<\/tr>\n<tr>\n<td>Silice<\/td>\n<td>2.8<\/td>\n<\/tr>\n<tr>\n<td>Ion Strontium<\/td>\n<td>2.9<\/td>\n<\/tr>\n<tr>\n<td>Ion Potassium<\/td>\n<td>2.1<\/td>\n<\/tr>\n<tr>\n<td>Fluorures<\/td>\n<td>0.5<\/td>\n<\/tr>\n<tr>\n<td>R\u00e9sidu sec \u00e0 180\u00b0<\/td>\n<td>853<\/td>\n<\/tr>\n<tr>\n<td>pH de la source&lt;<\/td>\n<td>7.7<\/td>\n<\/tr>\n<\/tbody>\n<\/table>\n<p>&nbsp;<\/p>\n<p>&nbsp;<\/p>","protected":false},"excerpt":{"rendered":"<p>Bouteille en verre de 750 ml : le format id\u00e9al pour partager un d\u00e9licieux repas autour d\u2019une table. Parfait pour<\/p>","protected":false},"featured_media":23468,"comment_status":"open","ping_status":"closed","template":"","meta":[],"pwb-brand":[1141],"product_brand":[],"product_cat":[929,931,1140,275],"product_tag":[],"class_list":{"0":"post-23432","1":"product","2":"type-product","3":"status-publish","4":"has-post-thumbnail","6":"pwb-brand-sanpellegrino","7":"product_cat-cafe-the-et-boissons","8":"product_cat-eaux","9":"product_cat-eaux-petillantes","10":"product_cat-epicerie","12":"first","13":"instock","14":"shipping-taxable","15":"purchasable","16":"product-type-simple"},"yoast_head":"<!-- This site is optimized with the Yoast SEO plugin v27.4 - https:\/\/yoast.com\/product\/yoast-seo-wordpress\/ -->\n<title>San Pellegrino \u2013 Eau min\u00e9rale naturelle p\u00e9tillante \u2013 750 ml - NIRIGS<\/title>\n<meta name=\"robots\" content=\"index, follow, max-snippet:-1, max-image-preview:large, max-video-preview:-1\" \/>\n<link rel=\"canonical\" href=\"https:\/\/nirigs.com\/ar\/product\/san-pellegrino-eau-minerale-naturelle-petillante-750-ml\/\" \/>\n<meta property=\"og:locale\" content=\"ar_AR\" \/>\n<meta property=\"og:type\" content=\"article\" \/>\n<meta property=\"og:title\" content=\"San Pellegrino \u2013 Eau min\u00e9rale naturelle p\u00e9tillante \u2013 750 ml - NIRIGS\" \/>\n<meta property=\"og:description\" content=\"Bouteille en verre de 750 ml : le format id\u00e9al pour partager un d\u00e9licieux repas autour d\u2019une table. Parfait pour\" \/>\n<meta property=\"og:url\" content=\"https:\/\/nirigs.com\/ar\/product\/san-pellegrino-eau-minerale-naturelle-petillante-750-ml\/\" \/>\n<meta property=\"og:site_name\" content=\"NIRIGS\" \/>\n<meta property=\"article:modified_time\" content=\"2025-02-02T11:27:33+00:00\" \/>\n<meta property=\"og:image\" content=\"https:\/\/nirigs.com\/wp-content\/uploads\/2024\/10\/San-Pellegrino-\u2013-Eau-minerale-naturelle-petillante-\u2013-750-ml.jpg\" \/>\n\t<meta property=\"og:image:width\" content=\"1000\" \/>\n\t<meta property=\"og:image:height\" content=\"1000\" \/>\n\t<meta property=\"og:image:type\" content=\"image\/jpeg\" \/>\n<meta name=\"twitter:card\" content=\"summary_large_image\" \/>\n<script type=\"application\/ld+json\" class=\"yoast-schema-graph\">{\"@context\":\"https:\\\/\\\/schema.org\",\"@graph\":[{\"@type\":\"WebPage\",\"@id\":\"https:\\\/\\\/nirigs.com\\\/ar\\\/product\\\/san-pellegrino-eau-minerale-naturelle-petillante-750-ml\\\/\",\"url\":\"https:\\\/\\\/nirigs.com\\\/ar\\\/product\\\/san-pellegrino-eau-minerale-naturelle-petillante-750-ml\\\/\",\"name\":\"San Pellegrino \u2013 Eau min\u00e9rale naturelle p\u00e9tillante \u2013 750 ml - NIRIGS\",\"isPartOf\":{\"@id\":\"https:\\\/\\\/nirigs.com\\\/#website\"},\"primaryImageOfPage\":{\"@id\":\"https:\\\/\\\/nirigs.com\\\/ar\\\/product\\\/san-pellegrino-eau-minerale-naturelle-petillante-750-ml\\\/#primaryimage\"},\"image\":{\"@id\":\"https:\\\/\\\/nirigs.com\\\/ar\\\/product\\\/san-pellegrino-eau-minerale-naturelle-petillante-750-ml\\\/#primaryimage\"},\"thumbnailUrl\":\"https:\\\/\\\/nirigs.com\\\/wp-content\\\/uploads\\\/2024\\\/10\\\/San-Pellegrino-\u2013-Eau-minerale-naturelle-petillante-\u2013-750-ml.jpg\",\"datePublished\":\"2024-10-06T15:03:14+00:00\",\"dateModified\":\"2025-02-02T11:27:33+00:00\",\"breadcrumb\":{\"@id\":\"https:\\\/\\\/nirigs.com\\\/ar\\\/product\\\/san-pellegrino-eau-minerale-naturelle-petillante-750-ml\\\/#breadcrumb\"},\"inLanguage\":\"ar\",\"potentialAction\":[{\"@type\":\"ReadAction\",\"target\":[\"https:\\\/\\\/nirigs.com\\\/ar\\\/product\\\/san-pellegrino-eau-minerale-naturelle-petillante-750-ml\\\/\"]}]},{\"@type\":\"ImageObject\",\"inLanguage\":\"ar\",\"@id\":\"https:\\\/\\\/nirigs.com\\\/ar\\\/product\\\/san-pellegrino-eau-minerale-naturelle-petillante-750-ml\\\/#primaryimage\",\"url\":\"https:\\\/\\\/nirigs.com\\\/wp-content\\\/uploads\\\/2024\\\/10\\\/San-Pellegrino-\u2013-Eau-minerale-naturelle-petillante-\u2013-750-ml.jpg\",\"contentUrl\":\"https:\\\/\\\/nirigs.com\\\/wp-content\\\/uploads\\\/2024\\\/10\\\/San-Pellegrino-\u2013-Eau-minerale-naturelle-petillante-\u2013-750-ml.jpg\",\"width\":1000,\"height\":1000},{\"@type\":\"BreadcrumbList\",\"@id\":\"https:\\\/\\\/nirigs.com\\\/ar\\\/product\\\/san-pellegrino-eau-minerale-naturelle-petillante-750-ml\\\/#breadcrumb\",\"itemListElement\":[{\"@type\":\"ListItem\",\"position\":1,\"name\":\"Home\",\"item\":\"https:\\\/\\\/nirigs.com\\\/\"},{\"@type\":\"ListItem\",\"position\":2,\"name\":\"Parcourir\",\"item\":\"https:\\\/\\\/nirigs.com\\\/boutique\\\/\"},{\"@type\":\"ListItem\",\"position\":3,\"name\":\"San Pellegrino \u2013 Eau min\u00e9rale naturelle p\u00e9tillante \u2013 750 ml\"}]},{\"@type\":\"WebSite\",\"@id\":\"https:\\\/\\\/nirigs.com\\\/#website\",\"url\":\"https:\\\/\\\/nirigs.com\\\/\",\"name\":\"Nirigs.com\",\"description\":\"Simplifiez vos achats du quotidien \u00e0 Djibouti\",\"publisher\":{\"@id\":\"https:\\\/\\\/nirigs.com\\\/#organization\"},\"potentialAction\":[{\"@type\":\"SearchAction\",\"target\":{\"@type\":\"EntryPoint\",\"urlTemplate\":\"https:\\\/\\\/nirigs.com\\\/?s={search_term_string}\"},\"query-input\":{\"@type\":\"PropertyValueSpecification\",\"valueRequired\":true,\"valueName\":\"search_term_string\"}}],\"inLanguage\":\"ar\"},{\"@type\":\"Organization\",\"@id\":\"https:\\\/\\\/nirigs.com\\\/#organization\",\"name\":\"Nirigs\",\"url\":\"https:\\\/\\\/nirigs.com\\\/\",\"logo\":{\"@type\":\"ImageObject\",\"inLanguage\":\"ar\",\"@id\":\"https:\\\/\\\/nirigs.com\\\/#\\\/schema\\\/logo\\\/image\\\/\",\"url\":\"https:\\\/\\\/nirigs.com\\\/wp-content\\\/uploads\\\/2025\\\/04\\\/Design-sans-titre-27.png\",\"contentUrl\":\"https:\\\/\\\/nirigs.com\\\/wp-content\\\/uploads\\\/2025\\\/04\\\/Design-sans-titre-27.png\",\"width\":500,\"height\":500,\"caption\":\"Nirigs\"},\"image\":{\"@id\":\"https:\\\/\\\/nirigs.com\\\/#\\\/schema\\\/logo\\\/image\\\/\"}}]}<\/script>\n<!-- \/ Yoast SEO plugin. -->","yoast_head_json":{"title":"San Pellegrino \u2013 Eau min\u00e9rale naturelle p\u00e9tillante \u2013 750 ml - NIRIGS","robots":{"index":"index","follow":"follow","max-snippet":"max-snippet:-1","max-image-preview":"max-image-preview:large","max-video-preview":"max-video-preview:-1"},"canonical":"https:\/\/nirigs.com\/ar\/product\/san-pellegrino-eau-minerale-naturelle-petillante-750-ml\/","og_locale":"ar_AR","og_type":"article","og_title":"San Pellegrino \u2013 Eau min\u00e9rale naturelle p\u00e9tillante \u2013 750 ml - NIRIGS","og_description":"Bouteille en verre de 750 ml : le format id\u00e9al pour partager un d\u00e9licieux repas autour d\u2019une table. Parfait pour","og_url":"https:\/\/nirigs.com\/ar\/product\/san-pellegrino-eau-minerale-naturelle-petillante-750-ml\/","og_site_name":"NIRIGS","article_modified_time":"2025-02-02T11:27:33+00:00","og_image":[{"width":1000,"height":1000,"url":"https:\/\/nirigs.com\/wp-content\/uploads\/2024\/10\/San-Pellegrino-\u2013-Eau-minerale-naturelle-petillante-\u2013-750-ml.jpg","type":"image\/jpeg"}],"twitter_card":"summary_large_image","schema":{"@context":"https:\/\/schema.org","@graph":[{"@type":"WebPage","@id":"https:\/\/nirigs.com\/ar\/product\/san-pellegrino-eau-minerale-naturelle-petillante-750-ml\/","url":"https:\/\/nirigs.com\/ar\/product\/san-pellegrino-eau-minerale-naturelle-petillante-750-ml\/","name":"San Pellegrino \u2013 Eau min\u00e9rale naturelle p\u00e9tillante \u2013 750 ml - NIRIGS","isPartOf":{"@id":"https:\/\/nirigs.com\/#website"},"primaryImageOfPage":{"@id":"https:\/\/nirigs.com\/ar\/product\/san-pellegrino-eau-minerale-naturelle-petillante-750-ml\/#primaryimage"},"image":{"@id":"https:\/\/nirigs.com\/ar\/product\/san-pellegrino-eau-minerale-naturelle-petillante-750-ml\/#primaryimage"},"thumbnailUrl":"https:\/\/nirigs.com\/wp-content\/uploads\/2024\/10\/San-Pellegrino-\u2013-Eau-minerale-naturelle-petillante-\u2013-750-ml.jpg","datePublished":"2024-10-06T15:03:14+00:00","dateModified":"2025-02-02T11:27:33+00:00","breadcrumb":{"@id":"https:\/\/nirigs.com\/ar\/product\/san-pellegrino-eau-minerale-naturelle-petillante-750-ml\/#breadcrumb"},"inLanguage":"ar","potentialAction":[{"@type":"ReadAction","target":["https:\/\/nirigs.com\/ar\/product\/san-pellegrino-eau-minerale-naturelle-petillante-750-ml\/"]}]},{"@type":"ImageObject","inLanguage":"ar","@id":"https:\/\/nirigs.com\/ar\/product\/san-pellegrino-eau-minerale-naturelle-petillante-750-ml\/#primaryimage","url":"https:\/\/nirigs.com\/wp-content\/uploads\/2024\/10\/San-Pellegrino-\u2013-Eau-minerale-naturelle-petillante-\u2013-750-ml.jpg","contentUrl":"https:\/\/nirigs.com\/wp-content\/uploads\/2024\/10\/San-Pellegrino-\u2013-Eau-minerale-naturelle-petillante-\u2013-750-ml.jpg","width":1000,"height":1000},{"@type":"BreadcrumbList","@id":"https:\/\/nirigs.com\/ar\/product\/san-pellegrino-eau-minerale-naturelle-petillante-750-ml\/#breadcrumb","itemListElement":[{"@type":"ListItem","position":1,"name":"Home","item":"https:\/\/nirigs.com\/"},{"@type":"ListItem","position":2,"name":"Parcourir","item":"https:\/\/nirigs.com\/boutique\/"},{"@type":"ListItem","position":3,"name":"San Pellegrino \u2013 Eau min\u00e9rale naturelle p\u00e9tillante \u2013 750 ml"}]},{"@type":"WebSite","@id":"https:\/\/nirigs.com\/#website","url":"https:\/\/nirigs.com\/","name":"Nirigs.com","description":"Simplifiez vos achats du quotidien \u00e0 Djibouti","publisher":{"@id":"https:\/\/nirigs.com\/#organization"},"potentialAction":[{"@type":"SearchAction","target":{"@type":"EntryPoint","urlTemplate":"https:\/\/nirigs.com\/?s={search_term_string}"},"query-input":{"@type":"PropertyValueSpecification","valueRequired":true,"valueName":"search_term_string"}}],"inLanguage":"ar"},{"@type":"Organization","@id":"https:\/\/nirigs.com\/#organization","name":"\u0646\u064a\u0631\u064a\u062c\u0633","url":"https:\/\/nirigs.com\/","logo":{"@type":"ImageObject","inLanguage":"ar","@id":"https:\/\/nirigs.com\/#\/schema\/logo\/image\/","url":"https:\/\/nirigs.com\/wp-content\/uploads\/2025\/04\/Design-sans-titre-27.png","contentUrl":"https:\/\/nirigs.com\/wp-content\/uploads\/2025\/04\/Design-sans-titre-27.png","width":500,"height":500,"caption":"Nirigs"},"image":{"@id":"https:\/\/nirigs.com\/#\/schema\/logo\/image\/"}}]}},"brands":[{"id":1141,"name":"Sanpellegrino","slug":"sanpellegrino"}],"_links":{"self":[{"href":"https:\/\/nirigs.com\/ar\/wp-json\/wp\/v2\/product\/23432","targetHints":{"allow":["GET"]}}],"collection":[{"href":"https:\/\/nirigs.com\/ar\/wp-json\/wp\/v2\/product"}],"about":[{"href":"https:\/\/nirigs.com\/ar\/wp-json\/wp\/v2\/types\/product"}],"replies":[{"embeddable":true,"href":"https:\/\/nirigs.com\/ar\/wp-json\/wp\/v2\/comments?post=23432"}],"version-history":[{"count":3,"href":"https:\/\/nirigs.com\/ar\/wp-json\/wp\/v2\/product\/23432\/revisions"}],"predecessor-version":[{"id":23471,"href":"https:\/\/nirigs.com\/ar\/wp-json\/wp\/v2\/product\/23432\/revisions\/23471"}],"wp:featuredmedia":[{"embeddable":true,"href":"https:\/\/nirigs.com\/ar\/wp-json\/wp\/v2\/media\/23468"}],"wp:attachment":[{"href":"https:\/\/nirigs.com\/ar\/wp-json\/wp\/v2\/media?parent=23432"}],"wp:term":[{"taxonomy":"pwb-brand","embeddable":true,"href":"https:\/\/nirigs.com\/ar\/wp-json\/wp\/v2\/pwb-brand?post=23432"},{"taxonomy":"product_brand","embeddable":true,"href":"https:\/\/nirigs.com\/ar\/wp-json\/wp\/v2\/product_brand?post=23432"},{"taxonomy":"product_cat","embeddable":true,"href":"https:\/\/nirigs.com\/ar\/wp-json\/wp\/v2\/product_cat?post=23432"},{"taxonomy":"product_tag","embeddable":true,"href":"https:\/\/nirigs.com\/ar\/wp-json\/wp\/v2\/product_tag?post=23432"}],"curies":[{"name":"wp","href":"https:\/\/api.w.org\/{rel}","templated":true}]}}