{"id":23425,"date":"2024-10-06T18:03:11","date_gmt":"2024-10-06T15:03:11","guid":{"rendered":"https:\/\/nirigs.com\/produit\/la-vache-qui-rit-fromage-original-x8-portions-112-g\/"},"modified":"2025-02-02T14:34:03","modified_gmt":"2025-02-02T11:34:03","slug":"la-vache-qui-rit-fromage-original-x8-portions-112-g","status":"publish","type":"product","link":"https:\/\/nirigs.com\/ar\/product\/la-vache-qui-rit-fromage-original-x8-portions-112-g\/","title":{"rendered":"La Vache qui rit \u2013 \u062c\u0628\u0646\u0629 \u0623\u0635\u0644\u064a\u0629 \u00d7 8 \u062d\u0635\u0635 \u2013 112 \u062c\u0645"},"content":{"rendered":"<p>La Vache qui rit\u00ae \u00ab Original \u00bb, c&rsquo;est le plaisir d&rsquo;un go\u00fbt et d&rsquo;une texture uniques, pour le bonheur des enfants et des plus grands depuis plus de 100 ans.\u200b Un fromage \u00e0 tartiner sans conservateurs, fabriqu\u00e9 depuis sa cr\u00e9ation en 1921 dans nos fromageries du Jura.\u200b Son format en portion est id\u00e9al : \u00e0 d\u00e9guster sur une tartine, sandwich ou encore dans des plats faits maison!<\/p>\n<div class=\"product-content__title\">\n<h4 class=\"product-content__title-text c-text c-text--size-m c-text--style-p c-text--bold\">\u0645\u0643\u0648\u0646\u0627\u062a<\/h4>\n<\/div>\n<div class=\"product-content__content c-text c-text--size-s c-text--style-p\">\n<div>LAIT \u00e9cr\u00e9m\u00e9 r\u00e9hydrat\u00e9 (origine : France), FROMAGES, BEURRE, concentr\u00e9 des min\u00e9raux du LAIT, sel de fonte : polyphosphates, prot\u00e9ines de LAIT, concentr\u00e9 LACTIQUE LAITIER.<\/div>\n<\/div>\n<div><\/div>\n<div>\n<div class=\"nutritional-details__title\">\n<p class=\"c-text c-text--size-m c-text--style-p c-text--bold\">Valeurs nutritionnelles<\/p>\n<\/div>\n<div class=\"nutritional-details__select-portion\">\n<p id=\"radio-label\" class=\"c-text c-text--size-m c-text--style-p c-text--bold\">Valable pour :<\/p>\n<\/div>\n<table class=\"nutritional-details__table\" style=\"height: 416px;\" width=\"569\">\n<caption class=\"nutritional-details__caption c-text c-text--size-m c-text--style-caption\">Tableau de valeurs nutritionnelles complet<\/caption>\n<thead class=\"nutritional-details__header\">\n<tr>\n<th class=\"nutritional-details__header--column-title\"><\/th>\n<th class=\"nutritional-details__header--column-title\" scope=\"col\"><span class=\"c-text c-text--size-m c-text--style-p\">Valeurs nutritionnelles pour 100 g<\/span><\/th>\n<th class=\"nutritional-details__header--column-title\" scope=\"col\"><span class=\"c-text c-text--size-m c-text--style-p\">Taux d&rsquo;apports journaliers pour 100 g\u00a0<sup aria-hidden=\"true\">\ufe61<\/sup><\/span><span class=\"sr-only\">Apport de r\u00e9f\u00e9rence pour un adulte type (8400 kj \/ 2000 kcal)<\/span><\/th>\n<\/tr>\n<\/thead>\n<tbody>\n<tr class=\"nutritional-fact nutritional-details__value\">\n<th class=\"nutritional-fact__item\" scope=\"row\"><span class=\"c-text c-text--size-m c-text--style-p\">valeur \u00e9nerg\u00e9tique (kJ)<\/span><\/th>\n<td class=\"nutritional-fact__item\"><span class=\"c-text c-text--size-s c-text--style-p c-text--bold\">945 kJ \/ 100 g<\/span><\/td>\n<td class=\"nutritional-fact__item\"><\/td>\n<\/tr>\n<tr class=\"nutritional-fact nutritional-details__value\">\n<th class=\"nutritional-fact__item\" scope=\"row\"><span class=\"c-text c-text--size-m c-text--style-p\">valeur \u00e9nerg\u00e9tique (kcal)<\/span><\/th>\n<td class=\"nutritional-fact__item\"><span class=\"c-text c-text--size-s c-text--style-p c-text--bold\">228 kcal \/ 100 g<\/span><\/td>\n<td class=\"nutritional-fact__item\"><\/td>\n<\/tr>\n<tr class=\"nutritional-fact nutritional-details__value\">\n<th class=\"nutritional-fact__item\" scope=\"row\"><span class=\"c-text c-text--size-m c-text--style-p\">mati\u00e8res grasses<\/span><\/th>\n<td class=\"nutritional-fact__item\"><span class=\"c-text c-text--size-s c-text--style-p c-text--bold\">17.5 g \/ 100 g<\/span><\/td>\n<td class=\"nutritional-fact__item\"><\/td>\n<\/tr>\n<tr class=\"nutritional-fact nutritional-details__value\">\n<th class=\"nutritional-fact__item\" scope=\"row\"><span class=\"c-text c-text--size-m c-text--style-p\">acides gras satur\u00e9s<\/span><\/th>\n<td class=\"nutritional-fact__item\"><span class=\"c-text c-text--size-s c-text--style-p c-text--bold\">11.5 g \/ 100 g<\/span><\/td>\n<td class=\"nutritional-fact__item\"><\/td>\n<\/tr>\n<tr class=\"nutritional-fact nutritional-details__value\">\n<th class=\"nutritional-fact__item\" scope=\"row\"><span class=\"c-text c-text--size-m c-text--style-p\">glucides<\/span><\/th>\n<td class=\"nutritional-fact__item\"><span class=\"c-text c-text--size-s c-text--style-p c-text--bold\">6 g \/ 100 g<\/span><\/td>\n<td class=\"nutritional-fact__item\"><\/td>\n<\/tr>\n<tr class=\"nutritional-fact nutritional-details__value\">\n<th class=\"nutritional-fact__item\" scope=\"row\"><span class=\"c-text c-text--size-m c-text--style-p\">sucres<\/span><\/th>\n<td class=\"nutritional-fact__item\"><span class=\"c-text c-text--size-s c-text--style-p c-text--bold\">6 g \/ 100 g<\/span><\/td>\n<td class=\"nutritional-fact__item\"><\/td>\n<\/tr>\n<tr class=\"nutritional-fact nutritional-details__value\">\n<th class=\"nutritional-fact__item\" scope=\"row\"><span class=\"c-text c-text--size-m c-text--style-p\">prot\u00e9ines<\/span><\/th>\n<td class=\"nutritional-fact__item\"><span class=\"c-text c-text--size-s c-text--style-p c-text--bold\">11.5 g \/ 100 g<\/span><\/td>\n<td class=\"nutritional-fact__item\"><\/td>\n<\/tr>\n<tr class=\"nutritional-fact nutritional-details__value\">\n<th class=\"nutritional-fact__item\" scope=\"row\"><span class=\"c-text c-text--size-m c-text--style-p\">sel<\/span><\/th>\n<td class=\"nutritional-fact__item\"><span class=\"c-text c-text--size-s c-text--style-p c-text--bold\">1.7 g \/ 100 g<\/span><\/td>\n<td class=\"nutritional-fact__item\"><\/td>\n<\/tr>\n<tr class=\"nutritional-fact nutritional-details__value\">\n<th class=\"nutritional-fact__item\" scope=\"row\"><span class=\"c-text c-text--size-m c-text--style-p\">calcium<\/span><\/th>\n<td class=\"nutritional-fact__item\"><span class=\"c-text c-text--size-s c-text--style-p c-text--bold\">0.59 g \/ 100 g<\/span><\/td>\n<td class=\"nutritional-fact__item\"><span class=\"c-text c-text--size-s c-text--style-p c-text--bold\">74 %<\/span><\/td>\n<\/tr>\n<\/tbody>\n<\/table>\n<p class=\"nutritional-details__explanation c-text c-text--size-m c-text--style-p\" aria-hidden=\"true\"><sup>\ufe61\u00a0<\/sup>Apport de r\u00e9f\u00e9rence pour un adulte type (8400 kj \/ 2000 kcal)<\/p>\n<\/div>","protected":false},"excerpt":{"rendered":"<p>La Vache qui rit\u00ae \u00ab Original \u00bb, c&rsquo;est le plaisir d&rsquo;un go\u00fbt et d&rsquo;une texture uniques, pour le bonheur des<\/p>","protected":false},"featured_media":23495,"comment_status":"open","ping_status":"closed","template":"","meta":[],"pwb-brand":[1149],"product_brand":[],"product_cat":[1143,275,1147,1148],"product_tag":[],"class_list":{"0":"post-23425","1":"product","2":"type-product","3":"status-publish","4":"has-post-thumbnail","6":"pwb-brand-la-vache-qui-rit","7":"product_cat-cremerie-et-produits-laitiers","8":"product_cat-epicerie","9":"product_cat-fromages","10":"product_cat-fromages-a-tartiner","12":"first","13":"instock","14":"shipping-taxable","15":"purchasable","16":"product-type-simple"},"yoast_head":"<!-- This site is optimized with the Yoast SEO plugin v27.1.1 - https:\/\/yoast.com\/product\/yoast-seo-wordpress\/ -->\n<title>La Vache qui rit - Fromage original x8 portions - 112 g - NIRIGS<\/title>\n<meta name=\"robots\" content=\"index, follow, max-snippet:-1, max-image-preview:large, max-video-preview:-1\" \/>\n<link rel=\"canonical\" href=\"https:\/\/nirigs.com\/ar\/product\/la-vache-qui-rit-fromage-original-x8-portions-112-g\/\" \/>\n<meta property=\"og:locale\" content=\"ar_AR\" \/>\n<meta property=\"og:type\" content=\"article\" \/>\n<meta property=\"og:title\" content=\"La Vache qui rit - Fromage original x8 portions - 112 g - NIRIGS\" \/>\n<meta property=\"og:description\" content=\"La Vache qui rit\u00ae \u00ab Original \u00bb, c&rsquo;est le plaisir d&rsquo;un go\u00fbt et d&rsquo;une texture uniques, pour le bonheur des\" \/>\n<meta property=\"og:url\" content=\"https:\/\/nirigs.com\/ar\/product\/la-vache-qui-rit-fromage-original-x8-portions-112-g\/\" \/>\n<meta property=\"og:site_name\" content=\"NIRIGS\" \/>\n<meta property=\"article:modified_time\" content=\"2025-02-02T11:34:03+00:00\" \/>\n<meta property=\"og:image\" content=\"https:\/\/nirigs.com\/wp-content\/uploads\/2024\/10\/La-Vache-qui-rit-Fromage-original-x8-portions-112-g.jpg\" \/>\n\t<meta property=\"og:image:width\" content=\"1000\" \/>\n\t<meta property=\"og:image:height\" content=\"1000\" \/>\n\t<meta property=\"og:image:type\" content=\"image\/jpeg\" \/>\n<meta name=\"twitter:card\" content=\"summary_large_image\" \/>\n<meta name=\"twitter:label1\" content=\"\u0648\u0642\u062a \u0627\u0644\u0642\u0631\u0627\u0621\u0629 \u0627\u0644\u0645\u064f\u0642\u062f\u0651\u0631\" \/>\n\t<meta name=\"twitter:data1\" content=\"\u062f\u0642\u064a\u0642\u0629 \u0648\u0627\u062d\u062f\u0629\" \/>\n<script type=\"application\/ld+json\" class=\"yoast-schema-graph\">{\"@context\":\"https:\/\/schema.org\",\"@graph\":[{\"@type\":\"WebPage\",\"@id\":\"https:\/\/nirigs.com\/product\/la-vache-qui-rit-fromage-original-x8-portions-112-g\/\",\"url\":\"https:\/\/nirigs.com\/product\/la-vache-qui-rit-fromage-original-x8-portions-112-g\/\",\"name\":\"La Vache qui rit - Fromage original x8 portions - 112 g - NIRIGS\",\"isPartOf\":{\"@id\":\"https:\/\/nirigs.com\/#website\"},\"primaryImageOfPage\":{\"@id\":\"https:\/\/nirigs.com\/product\/la-vache-qui-rit-fromage-original-x8-portions-112-g\/#primaryimage\"},\"image\":{\"@id\":\"https:\/\/nirigs.com\/product\/la-vache-qui-rit-fromage-original-x8-portions-112-g\/#primaryimage\"},\"thumbnailUrl\":\"https:\/\/nirigs.com\/wp-content\/uploads\/2024\/10\/La-Vache-qui-rit-Fromage-original-x8-portions-112-g.jpg\",\"datePublished\":\"2024-10-06T15:03:11+00:00\",\"dateModified\":\"2025-02-02T11:34:03+00:00\",\"breadcrumb\":{\"@id\":\"https:\/\/nirigs.com\/product\/la-vache-qui-rit-fromage-original-x8-portions-112-g\/#breadcrumb\"},\"inLanguage\":\"ar\",\"potentialAction\":[{\"@type\":\"ReadAction\",\"target\":[\"https:\/\/nirigs.com\/product\/la-vache-qui-rit-fromage-original-x8-portions-112-g\/\"]}]},{\"@type\":\"ImageObject\",\"inLanguage\":\"ar\",\"@id\":\"https:\/\/nirigs.com\/product\/la-vache-qui-rit-fromage-original-x8-portions-112-g\/#primaryimage\",\"url\":\"https:\/\/nirigs.com\/wp-content\/uploads\/2024\/10\/La-Vache-qui-rit-Fromage-original-x8-portions-112-g.jpg\",\"contentUrl\":\"https:\/\/nirigs.com\/wp-content\/uploads\/2024\/10\/La-Vache-qui-rit-Fromage-original-x8-portions-112-g.jpg\",\"width\":1000,\"height\":1000},{\"@type\":\"BreadcrumbList\",\"@id\":\"https:\/\/nirigs.com\/product\/la-vache-qui-rit-fromage-original-x8-portions-112-g\/#breadcrumb\",\"itemListElement\":[{\"@type\":\"ListItem\",\"position\":1,\"name\":\"Home\",\"item\":\"https:\/\/nirigs.com\/\"},{\"@type\":\"ListItem\",\"position\":2,\"name\":\"Parcourir\",\"item\":\"https:\/\/nirigs.com\/boutique\/\"},{\"@type\":\"ListItem\",\"position\":3,\"name\":\"La Vache qui rit &#8211; Fromage original x8 portions &#8211; 112 g\"}]},{\"@type\":\"WebSite\",\"@id\":\"https:\/\/nirigs.com\/#website\",\"url\":\"https:\/\/nirigs.com\/\",\"name\":\"Nirigs.com\",\"description\":\"Simplifiez vos achats du quotidien \u00e0 Djibouti\",\"publisher\":{\"@id\":\"https:\/\/nirigs.com\/#organization\"},\"potentialAction\":[{\"@type\":\"SearchAction\",\"target\":{\"@type\":\"EntryPoint\",\"urlTemplate\":\"https:\/\/nirigs.com\/?s={search_term_string}\"},\"query-input\":{\"@type\":\"PropertyValueSpecification\",\"valueRequired\":true,\"valueName\":\"search_term_string\"}}],\"inLanguage\":\"ar\"},{\"@type\":\"Organization\",\"@id\":\"https:\/\/nirigs.com\/#organization\",\"name\":\"Nirigs\",\"url\":\"https:\/\/nirigs.com\/\",\"logo\":{\"@type\":\"ImageObject\",\"inLanguage\":\"ar\",\"@id\":\"https:\/\/nirigs.com\/#\/schema\/logo\/image\/\",\"url\":\"https:\/\/nirigs.com\/wp-content\/uploads\/2025\/04\/Design-sans-titre-27.png\",\"contentUrl\":\"https:\/\/nirigs.com\/wp-content\/uploads\/2025\/04\/Design-sans-titre-27.png\",\"width\":500,\"height\":500,\"caption\":\"Nirigs\"},\"image\":{\"@id\":\"https:\/\/nirigs.com\/#\/schema\/logo\/image\/\"}}]}<\/script>\n<!-- \/ Yoast SEO plugin. -->","yoast_head_json":{"title":"La Vache qui rit - Fromage original x8 portions - 112 g - NIRIGS","robots":{"index":"index","follow":"follow","max-snippet":"max-snippet:-1","max-image-preview":"max-image-preview:large","max-video-preview":"max-video-preview:-1"},"canonical":"https:\/\/nirigs.com\/ar\/product\/la-vache-qui-rit-fromage-original-x8-portions-112-g\/","og_locale":"ar_AR","og_type":"article","og_title":"La Vache qui rit - Fromage original x8 portions - 112 g - NIRIGS","og_description":"La Vache qui rit\u00ae \u00ab Original \u00bb, c&rsquo;est le plaisir d&rsquo;un go\u00fbt et d&rsquo;une texture uniques, pour le bonheur des","og_url":"https:\/\/nirigs.com\/ar\/product\/la-vache-qui-rit-fromage-original-x8-portions-112-g\/","og_site_name":"NIRIGS","article_modified_time":"2025-02-02T11:34:03+00:00","og_image":[{"width":1000,"height":1000,"url":"https:\/\/nirigs.com\/wp-content\/uploads\/2024\/10\/La-Vache-qui-rit-Fromage-original-x8-portions-112-g.jpg","type":"image\/jpeg"}],"twitter_card":"summary_large_image","twitter_misc":{"\u0648\u0642\u062a \u0627\u0644\u0642\u0631\u0627\u0621\u0629 \u0627\u0644\u0645\u064f\u0642\u062f\u0651\u0631":"\u062f\u0642\u064a\u0642\u0629 \u0648\u0627\u062d\u062f\u0629"},"schema":{"@context":"https:\/\/schema.org","@graph":[{"@type":"WebPage","@id":"https:\/\/nirigs.com\/product\/la-vache-qui-rit-fromage-original-x8-portions-112-g\/","url":"https:\/\/nirigs.com\/product\/la-vache-qui-rit-fromage-original-x8-portions-112-g\/","name":"La Vache qui rit - Fromage original x8 portions - 112 g - NIRIGS","isPartOf":{"@id":"https:\/\/nirigs.com\/#website"},"primaryImageOfPage":{"@id":"https:\/\/nirigs.com\/product\/la-vache-qui-rit-fromage-original-x8-portions-112-g\/#primaryimage"},"image":{"@id":"https:\/\/nirigs.com\/product\/la-vache-qui-rit-fromage-original-x8-portions-112-g\/#primaryimage"},"thumbnailUrl":"https:\/\/nirigs.com\/wp-content\/uploads\/2024\/10\/La-Vache-qui-rit-Fromage-original-x8-portions-112-g.jpg","datePublished":"2024-10-06T15:03:11+00:00","dateModified":"2025-02-02T11:34:03+00:00","breadcrumb":{"@id":"https:\/\/nirigs.com\/product\/la-vache-qui-rit-fromage-original-x8-portions-112-g\/#breadcrumb"},"inLanguage":"ar","potentialAction":[{"@type":"ReadAction","target":["https:\/\/nirigs.com\/product\/la-vache-qui-rit-fromage-original-x8-portions-112-g\/"]}]},{"@type":"ImageObject","inLanguage":"ar","@id":"https:\/\/nirigs.com\/product\/la-vache-qui-rit-fromage-original-x8-portions-112-g\/#primaryimage","url":"https:\/\/nirigs.com\/wp-content\/uploads\/2024\/10\/La-Vache-qui-rit-Fromage-original-x8-portions-112-g.jpg","contentUrl":"https:\/\/nirigs.com\/wp-content\/uploads\/2024\/10\/La-Vache-qui-rit-Fromage-original-x8-portions-112-g.jpg","width":1000,"height":1000},{"@type":"BreadcrumbList","@id":"https:\/\/nirigs.com\/product\/la-vache-qui-rit-fromage-original-x8-portions-112-g\/#breadcrumb","itemListElement":[{"@type":"ListItem","position":1,"name":"Home","item":"https:\/\/nirigs.com\/"},{"@type":"ListItem","position":2,"name":"Parcourir","item":"https:\/\/nirigs.com\/boutique\/"},{"@type":"ListItem","position":3,"name":"La Vache qui rit &#8211; Fromage original x8 portions &#8211; 112 g"}]},{"@type":"WebSite","@id":"https:\/\/nirigs.com\/#website","url":"https:\/\/nirigs.com\/","name":"Nirigs.com","description":"Simplifiez vos achats du quotidien \u00e0 Djibouti","publisher":{"@id":"https:\/\/nirigs.com\/#organization"},"potentialAction":[{"@type":"SearchAction","target":{"@type":"EntryPoint","urlTemplate":"https:\/\/nirigs.com\/?s={search_term_string}"},"query-input":{"@type":"PropertyValueSpecification","valueRequired":true,"valueName":"search_term_string"}}],"inLanguage":"ar"},{"@type":"Organization","@id":"https:\/\/nirigs.com\/#organization","name":"\u0646\u064a\u0631\u064a\u062c\u0633","url":"https:\/\/nirigs.com\/","logo":{"@type":"ImageObject","inLanguage":"ar","@id":"https:\/\/nirigs.com\/#\/schema\/logo\/image\/","url":"https:\/\/nirigs.com\/wp-content\/uploads\/2025\/04\/Design-sans-titre-27.png","contentUrl":"https:\/\/nirigs.com\/wp-content\/uploads\/2025\/04\/Design-sans-titre-27.png","width":500,"height":500,"caption":"Nirigs"},"image":{"@id":"https:\/\/nirigs.com\/#\/schema\/logo\/image\/"}}]}},"brands":[{"id":1149,"name":"La Vache qui rit","slug":"la-vache-qui-rit"}],"_links":{"self":[{"href":"https:\/\/nirigs.com\/ar\/wp-json\/wp\/v2\/product\/23425","targetHints":{"allow":["GET"]}}],"collection":[{"href":"https:\/\/nirigs.com\/ar\/wp-json\/wp\/v2\/product"}],"about":[{"href":"https:\/\/nirigs.com\/ar\/wp-json\/wp\/v2\/types\/product"}],"replies":[{"embeddable":true,"href":"https:\/\/nirigs.com\/ar\/wp-json\/wp\/v2\/comments?post=23425"}],"version-history":[{"count":1,"href":"https:\/\/nirigs.com\/ar\/wp-json\/wp\/v2\/product\/23425\/revisions"}],"predecessor-version":[{"id":23498,"href":"https:\/\/nirigs.com\/ar\/wp-json\/wp\/v2\/product\/23425\/revisions\/23498"}],"wp:featuredmedia":[{"embeddable":true,"href":"https:\/\/nirigs.com\/ar\/wp-json\/wp\/v2\/media\/23495"}],"wp:attachment":[{"href":"https:\/\/nirigs.com\/ar\/wp-json\/wp\/v2\/media?parent=23425"}],"wp:term":[{"taxonomy":"pwb-brand","embeddable":true,"href":"https:\/\/nirigs.com\/ar\/wp-json\/wp\/v2\/pwb-brand?post=23425"},{"taxonomy":"product_brand","embeddable":true,"href":"https:\/\/nirigs.com\/ar\/wp-json\/wp\/v2\/product_brand?post=23425"},{"taxonomy":"product_cat","embeddable":true,"href":"https:\/\/nirigs.com\/ar\/wp-json\/wp\/v2\/product_cat?post=23425"},{"taxonomy":"product_tag","embeddable":true,"href":"https:\/\/nirigs.com\/ar\/wp-json\/wp\/v2\/product_tag?post=23425"}],"curies":[{"name":"wp","href":"https:\/\/api.w.org\/{rel}","templated":true}]}}