{"id":23423,"date":"2024-10-06T18:03:11","date_gmt":"2024-10-06T15:03:11","guid":{"rendered":"https:\/\/nirigs.com\/produit\/la-vache-qui-rit-fromages-en-tranches-sandwich-original-x10-tranches-200-g\/"},"modified":"2025-02-02T14:34:18","modified_gmt":"2025-02-02T11:34:18","slug":"la-vache-qui-rit-fromages-en-tranches-sandwich-original-x10-tranches-200-g","status":"publish","type":"product","link":"https:\/\/nirigs.com\/ar\/product\/la-vache-qui-rit-fromages-en-tranches-sandwich-original-x10-tranches-200-g\/","title":{"rendered":"\u0627\u0644\u0628\u0642\u0631\u0629 \u0627\u0644\u0636\u0627\u062d\u0643\u0629 \u2013 \u0633\u0627\u0646\u062f\u0648\u064a\u062a\u0634 \u0623\u0635\u0644\u064a \u0634\u0631\u0627\u0626\u062d \u062c\u0628\u0646 \u00d7 10 \u0634\u0631\u0627\u0626\u062d \u2013 200 \u062c\u0631\u0627\u0645"},"content":{"rendered":"<p>Le plaisir est dans le pr\u00e9 !<\/p>\n<p>En famille, entre amis ou en solo, profitez de chaque instant pour r\u00e9enchanter vos moments-d\u00e9gustations. Cr\u00e9meux et savoureux \u00e0 souhait, le fromage de La Vache qui rit donne \u00e0 vos repas ces petits plus qui font toute la diff\u00e9rence. Pour r\u00e9aliser rapidement de d\u00e9licieux hamburgers ou sandwichs. Tranches gourmandes et ultra fondantes (Original sandwich).<\/p>\n<h4>\u0645\u0643\u0648\u0646\u0627\u062a :<\/h4>\n<p>Fromage fondu (lait, fromage, cr\u00e8me, sel, ferments lactiques), \u00e9mulsifiant : E331, conservateur : E202, ar\u00f4mes naturels.<\/p>\n<h4>\u0641\u0648\u0627\u0626\u062f :<\/h4>\n<ul>\n<li>Praticit\u00e9 : Les tranches sont d\u00e9j\u00e0 d\u00e9coup\u00e9es, pr\u00eates \u00e0 l\u2019emploi pour vos repas.<\/li>\n<li>Go\u00fbt savoureux : Un m\u00e9lange unique de saveurs qui plaira \u00e0 toute la famille.<\/li>\n<li>Polyvalence : Parfait pour les sandwiches, les toasts, ou \u00e0 d\u00e9guster seul.<\/li>\n<li>Valeur nutritionnelle : Source de calcium, contribuant \u00e0 la sant\u00e9 des os.<\/li>\n<\/ul>\n<h4>\u062a\u0639\u0644\u064a\u0645\u0627\u062a :<\/h4>\n<ol>\n<li>Ouvrez l\u2019emballage en tirant sur la languette.<\/li>\n<li>Retirez une tranche et ajoutez-la \u00e0 votre sandwich, tartine ou plat pr\u00e9f\u00e9r\u00e9.<\/li>\n<li>\u00c0 conserver au r\u00e9frig\u00e9rateur apr\u00e8s ouverture. \u00c0 consommer dans les 3 jours suivant l&rsquo;ouverture.<\/li>\n<\/ol>\n<h4>\u0627\u062d\u062a\u064a\u0627\u0637\u0627\u062a:<\/h4>\n<ul>\n<li>Allerg\u00e8nes : Contient du lait. Peut contenir des traces de fruits \u00e0 coque et de soja.<\/li>\n<li>Conservation : \u00c0 garder au frais entre 0\u00b0C et 4\u00b0C.<\/li>\n<li>Date de p\u00e9remption : V\u00e9rifiez la date limite de consommation sur l\u2019emballage avant utilisation.<\/li>\n<\/ul>\n<p>&nbsp;<\/p>","protected":false},"excerpt":{"rendered":"<p>Le plaisir est dans le pr\u00e9 ! En famille, entre amis ou en solo, profitez de chaque instant pour r\u00e9enchanter<\/p>","protected":false},"featured_media":23502,"comment_status":"open","ping_status":"closed","template":"","meta":[],"pwb-brand":[1149],"product_brand":[],"product_cat":[1143,275,1147,1150],"product_tag":[],"class_list":{"0":"post-23423","1":"product","2":"type-product","3":"status-publish","4":"has-post-thumbnail","6":"pwb-brand-la-vache-qui-rit","7":"product_cat-cremerie-et-produits-laitiers","8":"product_cat-epicerie","9":"product_cat-fromages","10":"product_cat-fromages-tranches","12":"first","13":"instock","14":"shipping-taxable","15":"purchasable","16":"product-type-simple"},"yoast_head":"<!-- This site is optimized with the Yoast SEO plugin v27.1.1 - https:\/\/yoast.com\/product\/yoast-seo-wordpress\/ -->\n<title>La Vache qui rit - Fromages en tranches sandwich original x10 tranches - 200 g - NIRIGS<\/title>\n<meta name=\"robots\" content=\"index, follow, max-snippet:-1, max-image-preview:large, max-video-preview:-1\" \/>\n<link rel=\"canonical\" href=\"https:\/\/nirigs.com\/ar\/product\/la-vache-qui-rit-fromages-en-tranches-sandwich-original-x10-tranches-200-g\/\" \/>\n<meta property=\"og:locale\" content=\"ar_AR\" \/>\n<meta property=\"og:type\" content=\"article\" \/>\n<meta property=\"og:title\" content=\"La Vache qui rit - Fromages en tranches sandwich original x10 tranches - 200 g - NIRIGS\" \/>\n<meta property=\"og:description\" content=\"Le plaisir est dans le pr\u00e9 ! En famille, entre amis ou en solo, profitez de chaque instant pour r\u00e9enchanter\" \/>\n<meta property=\"og:url\" content=\"https:\/\/nirigs.com\/ar\/product\/la-vache-qui-rit-fromages-en-tranches-sandwich-original-x10-tranches-200-g\/\" \/>\n<meta property=\"og:site_name\" content=\"NIRIGS\" \/>\n<meta property=\"article:modified_time\" content=\"2025-02-02T11:34:18+00:00\" \/>\n<meta property=\"og:image\" content=\"https:\/\/nirigs.com\/wp-content\/uploads\/2024\/10\/La-Vache-qui-rit-Fromages-en-tranches-sandwich-original-x10-tranches-200-g-1.jpg\" \/>\n\t<meta property=\"og:image:width\" content=\"1000\" \/>\n\t<meta property=\"og:image:height\" content=\"1000\" \/>\n\t<meta property=\"og:image:type\" content=\"image\/jpeg\" \/>\n<meta name=\"twitter:card\" content=\"summary_large_image\" \/>\n<meta name=\"twitter:label1\" content=\"\u0648\u0642\u062a \u0627\u0644\u0642\u0631\u0627\u0621\u0629 \u0627\u0644\u0645\u064f\u0642\u062f\u0651\u0631\" \/>\n\t<meta name=\"twitter:data1\" content=\"\u062f\u0642\u064a\u0642\u0629 \u0648\u0627\u062d\u062f\u0629\" \/>\n<script type=\"application\/ld+json\" class=\"yoast-schema-graph\">{\"@context\":\"https:\/\/schema.org\",\"@graph\":[{\"@type\":\"WebPage\",\"@id\":\"https:\/\/nirigs.com\/en\/product\/la-vache-qui-rit-fromages-en-tranches-sandwich-original-x10-tranches-200-g\/\",\"url\":\"https:\/\/nirigs.com\/en\/product\/la-vache-qui-rit-fromages-en-tranches-sandwich-original-x10-tranches-200-g\/\",\"name\":\"La Vache qui rit - Fromages en tranches sandwich original x10 tranches - 200 g - NIRIGS\",\"isPartOf\":{\"@id\":\"https:\/\/nirigs.com\/#website\"},\"primaryImageOfPage\":{\"@id\":\"https:\/\/nirigs.com\/en\/product\/la-vache-qui-rit-fromages-en-tranches-sandwich-original-x10-tranches-200-g\/#primaryimage\"},\"image\":{\"@id\":\"https:\/\/nirigs.com\/en\/product\/la-vache-qui-rit-fromages-en-tranches-sandwich-original-x10-tranches-200-g\/#primaryimage\"},\"thumbnailUrl\":\"https:\/\/nirigs.com\/wp-content\/uploads\/2024\/10\/La-Vache-qui-rit-Fromages-en-tranches-sandwich-original-x10-tranches-200-g-1.jpg\",\"datePublished\":\"2024-10-06T15:03:11+00:00\",\"dateModified\":\"2025-02-02T11:34:18+00:00\",\"breadcrumb\":{\"@id\":\"https:\/\/nirigs.com\/en\/product\/la-vache-qui-rit-fromages-en-tranches-sandwich-original-x10-tranches-200-g\/#breadcrumb\"},\"inLanguage\":\"ar\",\"potentialAction\":[{\"@type\":\"ReadAction\",\"target\":[\"https:\/\/nirigs.com\/en\/product\/la-vache-qui-rit-fromages-en-tranches-sandwich-original-x10-tranches-200-g\/\"]}]},{\"@type\":\"ImageObject\",\"inLanguage\":\"ar\",\"@id\":\"https:\/\/nirigs.com\/en\/product\/la-vache-qui-rit-fromages-en-tranches-sandwich-original-x10-tranches-200-g\/#primaryimage\",\"url\":\"https:\/\/nirigs.com\/wp-content\/uploads\/2024\/10\/La-Vache-qui-rit-Fromages-en-tranches-sandwich-original-x10-tranches-200-g-1.jpg\",\"contentUrl\":\"https:\/\/nirigs.com\/wp-content\/uploads\/2024\/10\/La-Vache-qui-rit-Fromages-en-tranches-sandwich-original-x10-tranches-200-g-1.jpg\",\"width\":1000,\"height\":1000},{\"@type\":\"BreadcrumbList\",\"@id\":\"https:\/\/nirigs.com\/en\/product\/la-vache-qui-rit-fromages-en-tranches-sandwich-original-x10-tranches-200-g\/#breadcrumb\",\"itemListElement\":[{\"@type\":\"ListItem\",\"position\":1,\"name\":\"Home\",\"item\":\"https:\/\/nirigs.com\/\"},{\"@type\":\"ListItem\",\"position\":2,\"name\":\"Parcourir\",\"item\":\"https:\/\/nirigs.com\/boutique\/\"},{\"@type\":\"ListItem\",\"position\":3,\"name\":\"La Vache qui rit &#8211; Fromages en tranches sandwich original x10 tranches &#8211; 200 g\"}]},{\"@type\":\"WebSite\",\"@id\":\"https:\/\/nirigs.com\/#website\",\"url\":\"https:\/\/nirigs.com\/\",\"name\":\"Nirigs.com\",\"description\":\"Simplifiez vos achats du quotidien \u00e0 Djibouti\",\"publisher\":{\"@id\":\"https:\/\/nirigs.com\/#organization\"},\"potentialAction\":[{\"@type\":\"SearchAction\",\"target\":{\"@type\":\"EntryPoint\",\"urlTemplate\":\"https:\/\/nirigs.com\/?s={search_term_string}\"},\"query-input\":{\"@type\":\"PropertyValueSpecification\",\"valueRequired\":true,\"valueName\":\"search_term_string\"}}],\"inLanguage\":\"ar\"},{\"@type\":\"Organization\",\"@id\":\"https:\/\/nirigs.com\/#organization\",\"name\":\"Nirigs\",\"url\":\"https:\/\/nirigs.com\/\",\"logo\":{\"@type\":\"ImageObject\",\"inLanguage\":\"ar\",\"@id\":\"https:\/\/nirigs.com\/#\/schema\/logo\/image\/\",\"url\":\"https:\/\/nirigs.com\/wp-content\/uploads\/2025\/04\/Design-sans-titre-27.png\",\"contentUrl\":\"https:\/\/nirigs.com\/wp-content\/uploads\/2025\/04\/Design-sans-titre-27.png\",\"width\":500,\"height\":500,\"caption\":\"Nirigs\"},\"image\":{\"@id\":\"https:\/\/nirigs.com\/#\/schema\/logo\/image\/\"}}]}<\/script>\n<!-- \/ Yoast SEO plugin. -->","yoast_head_json":{"title":"La Vache qui rit - Fromages en tranches sandwich original x10 tranches - 200 g - NIRIGS","robots":{"index":"index","follow":"follow","max-snippet":"max-snippet:-1","max-image-preview":"max-image-preview:large","max-video-preview":"max-video-preview:-1"},"canonical":"https:\/\/nirigs.com\/ar\/product\/la-vache-qui-rit-fromages-en-tranches-sandwich-original-x10-tranches-200-g\/","og_locale":"ar_AR","og_type":"article","og_title":"La Vache qui rit - Fromages en tranches sandwich original x10 tranches - 200 g - NIRIGS","og_description":"Le plaisir est dans le pr\u00e9 ! En famille, entre amis ou en solo, profitez de chaque instant pour r\u00e9enchanter","og_url":"https:\/\/nirigs.com\/ar\/product\/la-vache-qui-rit-fromages-en-tranches-sandwich-original-x10-tranches-200-g\/","og_site_name":"NIRIGS","article_modified_time":"2025-02-02T11:34:18+00:00","og_image":[{"width":1000,"height":1000,"url":"https:\/\/nirigs.com\/wp-content\/uploads\/2024\/10\/La-Vache-qui-rit-Fromages-en-tranches-sandwich-original-x10-tranches-200-g-1.jpg","type":"image\/jpeg"}],"twitter_card":"summary_large_image","twitter_misc":{"\u0648\u0642\u062a \u0627\u0644\u0642\u0631\u0627\u0621\u0629 \u0627\u0644\u0645\u064f\u0642\u062f\u0651\u0631":"\u062f\u0642\u064a\u0642\u0629 \u0648\u0627\u062d\u062f\u0629"},"schema":{"@context":"https:\/\/schema.org","@graph":[{"@type":"WebPage","@id":"https:\/\/nirigs.com\/en\/product\/la-vache-qui-rit-fromages-en-tranches-sandwich-original-x10-tranches-200-g\/","url":"https:\/\/nirigs.com\/en\/product\/la-vache-qui-rit-fromages-en-tranches-sandwich-original-x10-tranches-200-g\/","name":"La Vache qui rit - Fromages en tranches sandwich original x10 tranches - 200 g - NIRIGS","isPartOf":{"@id":"https:\/\/nirigs.com\/#website"},"primaryImageOfPage":{"@id":"https:\/\/nirigs.com\/en\/product\/la-vache-qui-rit-fromages-en-tranches-sandwich-original-x10-tranches-200-g\/#primaryimage"},"image":{"@id":"https:\/\/nirigs.com\/en\/product\/la-vache-qui-rit-fromages-en-tranches-sandwich-original-x10-tranches-200-g\/#primaryimage"},"thumbnailUrl":"https:\/\/nirigs.com\/wp-content\/uploads\/2024\/10\/La-Vache-qui-rit-Fromages-en-tranches-sandwich-original-x10-tranches-200-g-1.jpg","datePublished":"2024-10-06T15:03:11+00:00","dateModified":"2025-02-02T11:34:18+00:00","breadcrumb":{"@id":"https:\/\/nirigs.com\/en\/product\/la-vache-qui-rit-fromages-en-tranches-sandwich-original-x10-tranches-200-g\/#breadcrumb"},"inLanguage":"ar","potentialAction":[{"@type":"ReadAction","target":["https:\/\/nirigs.com\/en\/product\/la-vache-qui-rit-fromages-en-tranches-sandwich-original-x10-tranches-200-g\/"]}]},{"@type":"ImageObject","inLanguage":"ar","@id":"https:\/\/nirigs.com\/en\/product\/la-vache-qui-rit-fromages-en-tranches-sandwich-original-x10-tranches-200-g\/#primaryimage","url":"https:\/\/nirigs.com\/wp-content\/uploads\/2024\/10\/La-Vache-qui-rit-Fromages-en-tranches-sandwich-original-x10-tranches-200-g-1.jpg","contentUrl":"https:\/\/nirigs.com\/wp-content\/uploads\/2024\/10\/La-Vache-qui-rit-Fromages-en-tranches-sandwich-original-x10-tranches-200-g-1.jpg","width":1000,"height":1000},{"@type":"BreadcrumbList","@id":"https:\/\/nirigs.com\/en\/product\/la-vache-qui-rit-fromages-en-tranches-sandwich-original-x10-tranches-200-g\/#breadcrumb","itemListElement":[{"@type":"ListItem","position":1,"name":"Home","item":"https:\/\/nirigs.com\/"},{"@type":"ListItem","position":2,"name":"Parcourir","item":"https:\/\/nirigs.com\/boutique\/"},{"@type":"ListItem","position":3,"name":"La Vache qui rit &#8211; Fromages en tranches sandwich original x10 tranches &#8211; 200 g"}]},{"@type":"WebSite","@id":"https:\/\/nirigs.com\/#website","url":"https:\/\/nirigs.com\/","name":"Nirigs.com","description":"Simplifiez vos achats du quotidien \u00e0 Djibouti","publisher":{"@id":"https:\/\/nirigs.com\/#organization"},"potentialAction":[{"@type":"SearchAction","target":{"@type":"EntryPoint","urlTemplate":"https:\/\/nirigs.com\/?s={search_term_string}"},"query-input":{"@type":"PropertyValueSpecification","valueRequired":true,"valueName":"search_term_string"}}],"inLanguage":"ar"},{"@type":"Organization","@id":"https:\/\/nirigs.com\/#organization","name":"\u0646\u064a\u0631\u064a\u062c\u0633","url":"https:\/\/nirigs.com\/","logo":{"@type":"ImageObject","inLanguage":"ar","@id":"https:\/\/nirigs.com\/#\/schema\/logo\/image\/","url":"https:\/\/nirigs.com\/wp-content\/uploads\/2025\/04\/Design-sans-titre-27.png","contentUrl":"https:\/\/nirigs.com\/wp-content\/uploads\/2025\/04\/Design-sans-titre-27.png","width":500,"height":500,"caption":"Nirigs"},"image":{"@id":"https:\/\/nirigs.com\/#\/schema\/logo\/image\/"}}]}},"brands":[{"id":1149,"name":"La Vache qui rit","slug":"la-vache-qui-rit"}],"_links":{"self":[{"href":"https:\/\/nirigs.com\/ar\/wp-json\/wp\/v2\/product\/23423","targetHints":{"allow":["GET"]}}],"collection":[{"href":"https:\/\/nirigs.com\/ar\/wp-json\/wp\/v2\/product"}],"about":[{"href":"https:\/\/nirigs.com\/ar\/wp-json\/wp\/v2\/types\/product"}],"replies":[{"embeddable":true,"href":"https:\/\/nirigs.com\/ar\/wp-json\/wp\/v2\/comments?post=23423"}],"version-history":[{"count":6,"href":"https:\/\/nirigs.com\/ar\/wp-json\/wp\/v2\/product\/23423\/revisions"}],"predecessor-version":[{"id":26325,"href":"https:\/\/nirigs.com\/ar\/wp-json\/wp\/v2\/product\/23423\/revisions\/26325"}],"wp:featuredmedia":[{"embeddable":true,"href":"https:\/\/nirigs.com\/ar\/wp-json\/wp\/v2\/media\/23502"}],"wp:attachment":[{"href":"https:\/\/nirigs.com\/ar\/wp-json\/wp\/v2\/media?parent=23423"}],"wp:term":[{"taxonomy":"pwb-brand","embeddable":true,"href":"https:\/\/nirigs.com\/ar\/wp-json\/wp\/v2\/pwb-brand?post=23423"},{"taxonomy":"product_brand","embeddable":true,"href":"https:\/\/nirigs.com\/ar\/wp-json\/wp\/v2\/product_brand?post=23423"},{"taxonomy":"product_cat","embeddable":true,"href":"https:\/\/nirigs.com\/ar\/wp-json\/wp\/v2\/product_cat?post=23423"},{"taxonomy":"product_tag","embeddable":true,"href":"https:\/\/nirigs.com\/ar\/wp-json\/wp\/v2\/product_tag?post=23423"}],"curies":[{"name":"wp","href":"https:\/\/api.w.org\/{rel}","templated":true}]}}