{"id":23420,"date":"2024-10-06T18:03:09","date_gmt":"2024-10-06T15:03:09","guid":{"rendered":"https:\/\/nirigs.com\/produit\/kiri-fromage-cremeux-a-tartiner-x8-portions-163-g\/"},"modified":"2025-02-02T14:36:18","modified_gmt":"2025-02-02T11:36:18","slug":"kiri-fromage-cremeux-a-tartiner-x8-portions-163-g","status":"publish","type":"product","link":"https:\/\/nirigs.com\/ar\/product\/kiri-fromage-cremeux-a-tartiner-x8-portions-163-g\/","title":{"rendered":"\u0643\u064a\u0631\u064a \u2013 \u062c\u0628\u0646\u0629 \u0643\u0631\u064a\u0645\u064a\u0629 \u0642\u0627\u0628\u0644\u0629 \u0644\u0644\u062f\u0647\u0646 \u00d7 8 \u062d\u0635\u0635 \u2013 130 \u062c\u0645"},"content":{"rendered":"<section class=\"product_info scroll-section\" data-id=\"product_info\">\n<div class=\"product_info_wrapper container\">\n<div id=\"product_description_wrapper\">\n<div id=\"product_description\">\n<div class=\"flex\">\n<div id=\"content__content-wrapper\">\n<p><strong>NOUVELLE Recette \u2013 plus frais et encore meilleur. Sans additifs ajout\u00e9s.\u00a0<\/strong><\/p>\n<p>Avec ses c\u00e9l\u00e8bres portions de fromage au bon lait frais et \u00e0 la cr\u00e8me, Kiri<sup>\u00ae<\/sup>\u00a0offre des plaisirs simples aux enfants et \u00e0 leurs parents\u00a0!<\/p>\n<p>Les portions Kiri<sup>\u00ae<\/sup>\u00a0nature sont \u00e0 base de lait frais pasteuris\u00e9 et de cr\u00e8me onctueuse pour un go\u00fbt g\u00e9n\u00e9reux, d\u2019eau et de prot\u00e9ines de lait pour une texture ferme et onctueuse et de ferments lactiques, le tout relev\u00e9 d\u2019une pinc\u00e9e de sel pour donner au Kiri\u00ae son go\u00fbt unique l\u00e9g\u00e8rement sal\u00e9.<\/p>\n<\/div>\n<div id=\"content__img-wrapper\">\n<h4 class=\"product-pre-popup\"><span style=\"color: #1b1919; font-size: 24px;\">\u0645\u0643\u0648\u0646\u0627\u062a<\/span><\/h4>\n<\/div>\n<\/div>\n<\/div>\n<\/div>\n<\/div>\n<\/section>\n<section id=\"ingredients\" class=\"section scroll-section\" data-id=\"ingredients\">\n<div id=\"ingredents_wrapper\" class=\"container\">\n<p><strong>\u0644\u0628\u0646<\/strong>\u00a0frais pasteuris\u00e9 53% (origine : France),\u00a0<strong>cr\u00e8me<\/strong>\u00a032% (origine : France), eau, prot\u00e9ines de\u00a0<strong>lait<\/strong>, concentr\u00e9 des min\u00e9raux du\u00a0<strong>lait<\/strong>, ferments\u00a0<strong>lactiques<\/strong>, sel.<\/p>\n<p><strong>Informations sur les allergies : Voir les ingr\u00e9dients mis en \u00e9vidence.<\/strong><\/p>\n<p>Tenir au froid entre +4\u00b0C et +8\u00b0C.<\/p>\n<p>\u00c9labor\u00e9 en France.<\/p>\n<div id=\"table\">\n<div id=\"table_headers\" class=\"table_row flex\">\n<h4 class=\"table_cell second_header\">Par Portion (20g)<\/h4>\n<div><\/div>\n<div class=\"table_cell second_header\">Valeur \u00e9nerg\u00e9tique 227kJ \/ 55kcal<\/div>\n<div><\/div>\n<div class=\"table_cell second_header\">Lipides 5.2g dont acides gras satur\u00e9s\u00a03.5g<\/div>\n<div><\/div>\n<div class=\"table_cell second_header\">Glucides 0.4g dont sucres 0.4g<\/div>\n<div><\/div>\n<div class=\"table_cell second_header\">Prot\u00e9ines 1.6g<\/div>\n<div><\/div>\n<div class=\"table_cell second_header\">Sel 0.27g<\/div>\n<div><\/div>\n<div class=\"table_cell second_header\">Calcium 100 (12%)*mg<\/div>\n<div><\/div>\n<div class=\"table_cell second_header\">*l&rsquo;apport journalier recommand\u00e9 pour adultes<\/div>\n<\/div>\n<\/div>\n<\/div>\n<\/section>","protected":false},"excerpt":{"rendered":"<p>NOUVELLE Recette \u2013 plus frais et encore meilleur. Sans additifs ajout\u00e9s.\u00a0 Avec ses c\u00e9l\u00e8bres portions de fromage au bon lait<\/p>","protected":false},"featured_media":23516,"comment_status":"open","ping_status":"closed","template":"","meta":[],"pwb-brand":[1151],"product_brand":[],"product_cat":[1143,275,1147,1148],"product_tag":[],"class_list":{"0":"post-23420","1":"product","2":"type-product","3":"status-publish","4":"has-post-thumbnail","6":"pwb-brand-kiri","7":"product_cat-cremerie-et-produits-laitiers","8":"product_cat-epicerie","9":"product_cat-fromages","10":"product_cat-fromages-a-tartiner","12":"first","13":"instock","14":"shipping-taxable","15":"purchasable","16":"product-type-simple"},"yoast_head":"<!-- This site is optimized with the Yoast SEO plugin v27.1.1 - https:\/\/yoast.com\/product\/yoast-seo-wordpress\/ -->\n<title>Kiri - Fromage cr\u00e9meux \u00e0 tartiner x8 portions - 130 g - NIRIGS<\/title>\n<meta name=\"robots\" content=\"index, follow, max-snippet:-1, max-image-preview:large, max-video-preview:-1\" \/>\n<link rel=\"canonical\" href=\"https:\/\/nirigs.com\/ar\/product\/kiri-fromage-cremeux-a-tartiner-x8-portions-163-g\/\" \/>\n<meta property=\"og:locale\" content=\"ar_AR\" \/>\n<meta property=\"og:type\" content=\"article\" \/>\n<meta property=\"og:title\" content=\"Kiri - Fromage cr\u00e9meux \u00e0 tartiner x8 portions - 130 g - NIRIGS\" \/>\n<meta property=\"og:description\" content=\"NOUVELLE Recette \u2013 plus frais et encore meilleur. Sans additifs ajout\u00e9s.\u00a0 Avec ses c\u00e9l\u00e8bres portions de fromage au bon lait\" \/>\n<meta property=\"og:url\" content=\"https:\/\/nirigs.com\/ar\/product\/kiri-fromage-cremeux-a-tartiner-x8-portions-163-g\/\" \/>\n<meta property=\"og:site_name\" content=\"NIRIGS\" \/>\n<meta property=\"article:modified_time\" content=\"2025-02-02T11:36:18+00:00\" \/>\n<meta property=\"og:image\" content=\"https:\/\/nirigs.com\/wp-content\/uploads\/2024\/10\/Kiri-Fromage-cremeux-a-tartiner-x8-portions-130-g.jpg\" \/>\n\t<meta property=\"og:image:width\" content=\"1000\" \/>\n\t<meta property=\"og:image:height\" content=\"1000\" \/>\n\t<meta property=\"og:image:type\" content=\"image\/jpeg\" \/>\n<meta name=\"twitter:card\" content=\"summary_large_image\" \/>\n<meta name=\"twitter:label1\" content=\"\u0648\u0642\u062a \u0627\u0644\u0642\u0631\u0627\u0621\u0629 \u0627\u0644\u0645\u064f\u0642\u062f\u0651\u0631\" \/>\n\t<meta name=\"twitter:data1\" content=\"\u062f\u0642\u064a\u0642\u0629 \u0648\u0627\u062d\u062f\u0629\" \/>\n<script type=\"application\/ld+json\" class=\"yoast-schema-graph\">{\"@context\":\"https:\/\/schema.org\",\"@graph\":[{\"@type\":\"WebPage\",\"@id\":\"https:\/\/nirigs.com\/ar\/product\/kiri-fromage-cremeux-a-tartiner-x8-portions-163-g\/\",\"url\":\"https:\/\/nirigs.com\/ar\/product\/kiri-fromage-cremeux-a-tartiner-x8-portions-163-g\/\",\"name\":\"Kiri - Fromage cr\u00e9meux \u00e0 tartiner x8 portions - 130 g - NIRIGS\",\"isPartOf\":{\"@id\":\"https:\/\/nirigs.com\/#website\"},\"primaryImageOfPage\":{\"@id\":\"https:\/\/nirigs.com\/ar\/product\/kiri-fromage-cremeux-a-tartiner-x8-portions-163-g\/#primaryimage\"},\"image\":{\"@id\":\"https:\/\/nirigs.com\/ar\/product\/kiri-fromage-cremeux-a-tartiner-x8-portions-163-g\/#primaryimage\"},\"thumbnailUrl\":\"https:\/\/nirigs.com\/wp-content\/uploads\/2024\/10\/Kiri-Fromage-cremeux-a-tartiner-x8-portions-130-g.jpg\",\"datePublished\":\"2024-10-06T15:03:09+00:00\",\"dateModified\":\"2025-02-02T11:36:18+00:00\",\"breadcrumb\":{\"@id\":\"https:\/\/nirigs.com\/ar\/product\/kiri-fromage-cremeux-a-tartiner-x8-portions-163-g\/#breadcrumb\"},\"inLanguage\":\"ar\",\"potentialAction\":[{\"@type\":\"ReadAction\",\"target\":[\"https:\/\/nirigs.com\/ar\/product\/kiri-fromage-cremeux-a-tartiner-x8-portions-163-g\/\"]}]},{\"@type\":\"ImageObject\",\"inLanguage\":\"ar\",\"@id\":\"https:\/\/nirigs.com\/ar\/product\/kiri-fromage-cremeux-a-tartiner-x8-portions-163-g\/#primaryimage\",\"url\":\"https:\/\/nirigs.com\/wp-content\/uploads\/2024\/10\/Kiri-Fromage-cremeux-a-tartiner-x8-portions-130-g.jpg\",\"contentUrl\":\"https:\/\/nirigs.com\/wp-content\/uploads\/2024\/10\/Kiri-Fromage-cremeux-a-tartiner-x8-portions-130-g.jpg\",\"width\":1000,\"height\":1000},{\"@type\":\"BreadcrumbList\",\"@id\":\"https:\/\/nirigs.com\/ar\/product\/kiri-fromage-cremeux-a-tartiner-x8-portions-163-g\/#breadcrumb\",\"itemListElement\":[{\"@type\":\"ListItem\",\"position\":1,\"name\":\"Home\",\"item\":\"https:\/\/nirigs.com\/\"},{\"@type\":\"ListItem\",\"position\":2,\"name\":\"Parcourir\",\"item\":\"https:\/\/nirigs.com\/boutique\/\"},{\"@type\":\"ListItem\",\"position\":3,\"name\":\"Kiri &#8211; Fromage cr\u00e9meux \u00e0 tartiner x8 portions &#8211; 130 g\"}]},{\"@type\":\"WebSite\",\"@id\":\"https:\/\/nirigs.com\/#website\",\"url\":\"https:\/\/nirigs.com\/\",\"name\":\"Nirigs.com\",\"description\":\"Simplifiez vos achats du quotidien \u00e0 Djibouti\",\"publisher\":{\"@id\":\"https:\/\/nirigs.com\/#organization\"},\"potentialAction\":[{\"@type\":\"SearchAction\",\"target\":{\"@type\":\"EntryPoint\",\"urlTemplate\":\"https:\/\/nirigs.com\/?s={search_term_string}\"},\"query-input\":{\"@type\":\"PropertyValueSpecification\",\"valueRequired\":true,\"valueName\":\"search_term_string\"}}],\"inLanguage\":\"ar\"},{\"@type\":\"Organization\",\"@id\":\"https:\/\/nirigs.com\/#organization\",\"name\":\"Nirigs\",\"url\":\"https:\/\/nirigs.com\/\",\"logo\":{\"@type\":\"ImageObject\",\"inLanguage\":\"ar\",\"@id\":\"https:\/\/nirigs.com\/#\/schema\/logo\/image\/\",\"url\":\"https:\/\/nirigs.com\/wp-content\/uploads\/2025\/04\/Design-sans-titre-27.png\",\"contentUrl\":\"https:\/\/nirigs.com\/wp-content\/uploads\/2025\/04\/Design-sans-titre-27.png\",\"width\":500,\"height\":500,\"caption\":\"Nirigs\"},\"image\":{\"@id\":\"https:\/\/nirigs.com\/#\/schema\/logo\/image\/\"}}]}<\/script>\n<!-- \/ Yoast SEO plugin. -->","yoast_head_json":{"title":"Kiri - Fromage cr\u00e9meux \u00e0 tartiner x8 portions - 130 g - NIRIGS","robots":{"index":"index","follow":"follow","max-snippet":"max-snippet:-1","max-image-preview":"max-image-preview:large","max-video-preview":"max-video-preview:-1"},"canonical":"https:\/\/nirigs.com\/ar\/product\/kiri-fromage-cremeux-a-tartiner-x8-portions-163-g\/","og_locale":"ar_AR","og_type":"article","og_title":"Kiri - Fromage cr\u00e9meux \u00e0 tartiner x8 portions - 130 g - NIRIGS","og_description":"NOUVELLE Recette \u2013 plus frais et encore meilleur. Sans additifs ajout\u00e9s.\u00a0 Avec ses c\u00e9l\u00e8bres portions de fromage au bon lait","og_url":"https:\/\/nirigs.com\/ar\/product\/kiri-fromage-cremeux-a-tartiner-x8-portions-163-g\/","og_site_name":"NIRIGS","article_modified_time":"2025-02-02T11:36:18+00:00","og_image":[{"width":1000,"height":1000,"url":"https:\/\/nirigs.com\/wp-content\/uploads\/2024\/10\/Kiri-Fromage-cremeux-a-tartiner-x8-portions-130-g.jpg","type":"image\/jpeg"}],"twitter_card":"summary_large_image","twitter_misc":{"\u0648\u0642\u062a \u0627\u0644\u0642\u0631\u0627\u0621\u0629 \u0627\u0644\u0645\u064f\u0642\u062f\u0651\u0631":"\u062f\u0642\u064a\u0642\u0629 \u0648\u0627\u062d\u062f\u0629"},"schema":{"@context":"https:\/\/schema.org","@graph":[{"@type":"WebPage","@id":"https:\/\/nirigs.com\/ar\/product\/kiri-fromage-cremeux-a-tartiner-x8-portions-163-g\/","url":"https:\/\/nirigs.com\/ar\/product\/kiri-fromage-cremeux-a-tartiner-x8-portions-163-g\/","name":"Kiri - Fromage cr\u00e9meux \u00e0 tartiner x8 portions - 130 g - NIRIGS","isPartOf":{"@id":"https:\/\/nirigs.com\/#website"},"primaryImageOfPage":{"@id":"https:\/\/nirigs.com\/ar\/product\/kiri-fromage-cremeux-a-tartiner-x8-portions-163-g\/#primaryimage"},"image":{"@id":"https:\/\/nirigs.com\/ar\/product\/kiri-fromage-cremeux-a-tartiner-x8-portions-163-g\/#primaryimage"},"thumbnailUrl":"https:\/\/nirigs.com\/wp-content\/uploads\/2024\/10\/Kiri-Fromage-cremeux-a-tartiner-x8-portions-130-g.jpg","datePublished":"2024-10-06T15:03:09+00:00","dateModified":"2025-02-02T11:36:18+00:00","breadcrumb":{"@id":"https:\/\/nirigs.com\/ar\/product\/kiri-fromage-cremeux-a-tartiner-x8-portions-163-g\/#breadcrumb"},"inLanguage":"ar","potentialAction":[{"@type":"ReadAction","target":["https:\/\/nirigs.com\/ar\/product\/kiri-fromage-cremeux-a-tartiner-x8-portions-163-g\/"]}]},{"@type":"ImageObject","inLanguage":"ar","@id":"https:\/\/nirigs.com\/ar\/product\/kiri-fromage-cremeux-a-tartiner-x8-portions-163-g\/#primaryimage","url":"https:\/\/nirigs.com\/wp-content\/uploads\/2024\/10\/Kiri-Fromage-cremeux-a-tartiner-x8-portions-130-g.jpg","contentUrl":"https:\/\/nirigs.com\/wp-content\/uploads\/2024\/10\/Kiri-Fromage-cremeux-a-tartiner-x8-portions-130-g.jpg","width":1000,"height":1000},{"@type":"BreadcrumbList","@id":"https:\/\/nirigs.com\/ar\/product\/kiri-fromage-cremeux-a-tartiner-x8-portions-163-g\/#breadcrumb","itemListElement":[{"@type":"ListItem","position":1,"name":"Home","item":"https:\/\/nirigs.com\/"},{"@type":"ListItem","position":2,"name":"Parcourir","item":"https:\/\/nirigs.com\/boutique\/"},{"@type":"ListItem","position":3,"name":"Kiri &#8211; Fromage cr\u00e9meux \u00e0 tartiner x8 portions &#8211; 130 g"}]},{"@type":"WebSite","@id":"https:\/\/nirigs.com\/#website","url":"https:\/\/nirigs.com\/","name":"Nirigs.com","description":"Simplifiez vos achats du quotidien \u00e0 Djibouti","publisher":{"@id":"https:\/\/nirigs.com\/#organization"},"potentialAction":[{"@type":"SearchAction","target":{"@type":"EntryPoint","urlTemplate":"https:\/\/nirigs.com\/?s={search_term_string}"},"query-input":{"@type":"PropertyValueSpecification","valueRequired":true,"valueName":"search_term_string"}}],"inLanguage":"ar"},{"@type":"Organization","@id":"https:\/\/nirigs.com\/#organization","name":"\u0646\u064a\u0631\u064a\u062c\u0633","url":"https:\/\/nirigs.com\/","logo":{"@type":"ImageObject","inLanguage":"ar","@id":"https:\/\/nirigs.com\/#\/schema\/logo\/image\/","url":"https:\/\/nirigs.com\/wp-content\/uploads\/2025\/04\/Design-sans-titre-27.png","contentUrl":"https:\/\/nirigs.com\/wp-content\/uploads\/2025\/04\/Design-sans-titre-27.png","width":500,"height":500,"caption":"Nirigs"},"image":{"@id":"https:\/\/nirigs.com\/#\/schema\/logo\/image\/"}}]}},"brands":[{"id":1151,"name":"Kiri","slug":"kiri"}],"_links":{"self":[{"href":"https:\/\/nirigs.com\/ar\/wp-json\/wp\/v2\/product\/23420","targetHints":{"allow":["GET"]}}],"collection":[{"href":"https:\/\/nirigs.com\/ar\/wp-json\/wp\/v2\/product"}],"about":[{"href":"https:\/\/nirigs.com\/ar\/wp-json\/wp\/v2\/types\/product"}],"replies":[{"embeddable":true,"href":"https:\/\/nirigs.com\/ar\/wp-json\/wp\/v2\/comments?post=23420"}],"version-history":[{"count":2,"href":"https:\/\/nirigs.com\/ar\/wp-json\/wp\/v2\/product\/23420\/revisions"}],"predecessor-version":[{"id":23517,"href":"https:\/\/nirigs.com\/ar\/wp-json\/wp\/v2\/product\/23420\/revisions\/23517"}],"wp:featuredmedia":[{"embeddable":true,"href":"https:\/\/nirigs.com\/ar\/wp-json\/wp\/v2\/media\/23516"}],"wp:attachment":[{"href":"https:\/\/nirigs.com\/ar\/wp-json\/wp\/v2\/media?parent=23420"}],"wp:term":[{"taxonomy":"pwb-brand","embeddable":true,"href":"https:\/\/nirigs.com\/ar\/wp-json\/wp\/v2\/pwb-brand?post=23420"},{"taxonomy":"product_brand","embeddable":true,"href":"https:\/\/nirigs.com\/ar\/wp-json\/wp\/v2\/product_brand?post=23420"},{"taxonomy":"product_cat","embeddable":true,"href":"https:\/\/nirigs.com\/ar\/wp-json\/wp\/v2\/product_cat?post=23420"},{"taxonomy":"product_tag","embeddable":true,"href":"https:\/\/nirigs.com\/ar\/wp-json\/wp\/v2\/product_tag?post=23420"}],"curies":[{"name":"wp","href":"https:\/\/api.w.org\/{rel}","templated":true}]}}