{"id":23417,"date":"2024-10-06T18:03:08","date_gmt":"2024-10-06T15:03:08","guid":{"rendered":"https:\/\/nirigs.com\/produit\/mars-barre-de-chcocolat-fourre-au-nougat-et-caramel-miniatures-220-g\/"},"modified":"2025-06-06T21:27:16","modified_gmt":"2025-06-06T18:27:16","slug":"mars-barre-de-chocolat-fourre-au-nougat-et-caramel-miniatures-220-g","status":"publish","type":"product","link":"https:\/\/nirigs.com\/ar\/product\/mars-barre-de-chocolat-fourre-au-nougat-et-caramel-miniatures-220-g\/","title":{"rendered":"Mars &#8211; Barre de chococolat fourr\u00e9 au nougat et caramel miniatures &#8211; 220 g"},"content":{"rendered":"<p>La barre de chocolat Mars est une friandise indulgente compos\u00e9e de nougat et de caramel enrob\u00e9s d&rsquo;un riche chocolat au lait. Elle est compos\u00e9e \u00e0 40 % de chocolat au lait, \u00e0 33 % de nougat et \u00e0 27 % de caramel. Avec cette d\u00e9licieuse fusion, Mars vous donne une raison de vous sentir bien \u00e0 chaque bouch\u00e9e. Avec du nougat l\u00e9ger, du caramel onctueux et une fine couche de chocolat croustillant sur le dessus, la barre est l\u00e9g\u00e8re mais rassasiante. Ce d\u00e9lice chocolat\u00e9 peut \u00eatre consomm\u00e9 occasionnellement dans le cadre d&rsquo;une alimentation \u00e9quilibr\u00e9e et d&rsquo;un mode de vie sain. Ces petites barres chocolat\u00e9es Mars amusantes sont un moyen savoureux d&rsquo;ajouter un plaisir d\u00e9licieux \u00e0 vos c\u00e9l\u00e9brations quotidiennes et une excellente fa\u00e7on d&rsquo;\u00e9gayer la journ\u00e9e de quelqu&rsquo;un. Ces bonbons Mars miniatures peuvent \u00eatre emport\u00e9s partout o\u00f9 vous allez.<\/p>\n<h4>\u0645\u0643\u0648\u0646\u0627\u062a :<\/h4>\n<p>Sucre, sirop de glucose, beurre de cacao, lait entier en poudre, p\u00e2te de cacao, huile de tournesol, lait, sucre, lait \u00e9cr\u00e9m\u00e9 en poudre, lactos\u00e9rum en poudre, cacao d\u00e9graiss\u00e9, huile de beurre, malt d&rsquo;orge, \u00e9mulsifiant (l\u00e9cithine de soja), sel, blanc d&rsquo;\u0153uf en poudre, huile v\u00e9g\u00e9tale, prot\u00e9ines de lait hydrolys\u00e9es, extrait naturel de vanille.<\/p>","protected":false},"excerpt":{"rendered":"<p>La barre de chocolat Mars est une friandise indulgente compos\u00e9e de nougat et de caramel enrob\u00e9s d&rsquo;un riche chocolat au<\/p>","protected":false},"featured_media":23527,"comment_status":"open","ping_status":"closed","template":"","meta":[],"pwb-brand":[],"product_brand":[],"product_cat":[1155,1126,275],"product_tag":[],"class_list":{"0":"post-23417","1":"product","2":"type-product","3":"status-publish","4":"has-post-thumbnail","6":"product_cat-barres-et-tablettes-de-chocolat","7":"product_cat-en-cas-et-friandises","8":"product_cat-epicerie","10":"first","11":"instock","12":"shipping-taxable","13":"purchasable","14":"product-type-simple"},"yoast_head":"<!-- This site is optimized with the Yoast SEO plugin v27.4 - https:\/\/yoast.com\/product\/yoast-seo-wordpress\/ -->\n<title>Mars - Barre de chococolat fourr\u00e9 au nougat et caramel miniatures - 220 g - NIRIGS<\/title>\n<meta name=\"robots\" content=\"index, follow, max-snippet:-1, max-image-preview:large, max-video-preview:-1\" \/>\n<link rel=\"canonical\" href=\"https:\/\/nirigs.com\/ar\/product\/mars-barre-de-chocolat-fourre-au-nougat-et-caramel-miniatures-220-g\/\" \/>\n<meta property=\"og:locale\" content=\"ar_AR\" \/>\n<meta property=\"og:type\" content=\"article\" \/>\n<meta property=\"og:title\" content=\"Mars - Barre de chococolat fourr\u00e9 au nougat et caramel miniatures - 220 g - NIRIGS\" \/>\n<meta property=\"og:description\" content=\"La barre de chocolat Mars est une friandise indulgente compos\u00e9e de nougat et de caramel enrob\u00e9s d&rsquo;un riche chocolat au\" \/>\n<meta property=\"og:url\" content=\"https:\/\/nirigs.com\/ar\/product\/mars-barre-de-chocolat-fourre-au-nougat-et-caramel-miniatures-220-g\/\" \/>\n<meta property=\"og:site_name\" content=\"NIRIGS\" \/>\n<meta property=\"article:modified_time\" content=\"2025-06-06T18:27:16+00:00\" \/>\n<meta property=\"og:image\" content=\"https:\/\/nirigs.com\/wp-content\/uploads\/2024\/10\/Mars-Barre-de-chcocolat-fourre-au-nougat-et-caramel-miniatures-220-g.jpg\" \/>\n\t<meta property=\"og:image:width\" content=\"1000\" \/>\n\t<meta property=\"og:image:height\" content=\"1000\" \/>\n\t<meta property=\"og:image:type\" content=\"image\/jpeg\" \/>\n<meta name=\"twitter:card\" content=\"summary_large_image\" \/>\n<meta name=\"twitter:label1\" content=\"\u0648\u0642\u062a \u0627\u0644\u0642\u0631\u0627\u0621\u0629 \u0627\u0644\u0645\u064f\u0642\u062f\u0651\u0631\" \/>\n\t<meta name=\"twitter:data1\" content=\"\u062f\u0642\u064a\u0642\u0629 \u0648\u0627\u062d\u062f\u0629\" \/>\n<script type=\"application\/ld+json\" class=\"yoast-schema-graph\">{\"@context\":\"https:\\\/\\\/schema.org\",\"@graph\":[{\"@type\":\"WebPage\",\"@id\":\"https:\\\/\\\/nirigs.com\\\/product\\\/mars-barre-de-chocolat-fourre-au-nougat-et-caramel-miniatures-220-g\\\/\",\"url\":\"https:\\\/\\\/nirigs.com\\\/product\\\/mars-barre-de-chocolat-fourre-au-nougat-et-caramel-miniatures-220-g\\\/\",\"name\":\"Mars - Barre de chococolat fourr\u00e9 au nougat et caramel miniatures - 220 g - NIRIGS\",\"isPartOf\":{\"@id\":\"https:\\\/\\\/nirigs.com\\\/#website\"},\"primaryImageOfPage\":{\"@id\":\"https:\\\/\\\/nirigs.com\\\/product\\\/mars-barre-de-chocolat-fourre-au-nougat-et-caramel-miniatures-220-g\\\/#primaryimage\"},\"image\":{\"@id\":\"https:\\\/\\\/nirigs.com\\\/product\\\/mars-barre-de-chocolat-fourre-au-nougat-et-caramel-miniatures-220-g\\\/#primaryimage\"},\"thumbnailUrl\":\"https:\\\/\\\/nirigs.com\\\/wp-content\\\/uploads\\\/2024\\\/10\\\/Mars-Barre-de-chcocolat-fourre-au-nougat-et-caramel-miniatures-220-g.jpg\",\"datePublished\":\"2024-10-06T15:03:08+00:00\",\"dateModified\":\"2025-06-06T18:27:16+00:00\",\"breadcrumb\":{\"@id\":\"https:\\\/\\\/nirigs.com\\\/product\\\/mars-barre-de-chocolat-fourre-au-nougat-et-caramel-miniatures-220-g\\\/#breadcrumb\"},\"inLanguage\":\"ar\",\"potentialAction\":[{\"@type\":\"ReadAction\",\"target\":[\"https:\\\/\\\/nirigs.com\\\/product\\\/mars-barre-de-chocolat-fourre-au-nougat-et-caramel-miniatures-220-g\\\/\"]}]},{\"@type\":\"ImageObject\",\"inLanguage\":\"ar\",\"@id\":\"https:\\\/\\\/nirigs.com\\\/product\\\/mars-barre-de-chocolat-fourre-au-nougat-et-caramel-miniatures-220-g\\\/#primaryimage\",\"url\":\"https:\\\/\\\/nirigs.com\\\/wp-content\\\/uploads\\\/2024\\\/10\\\/Mars-Barre-de-chcocolat-fourre-au-nougat-et-caramel-miniatures-220-g.jpg\",\"contentUrl\":\"https:\\\/\\\/nirigs.com\\\/wp-content\\\/uploads\\\/2024\\\/10\\\/Mars-Barre-de-chcocolat-fourre-au-nougat-et-caramel-miniatures-220-g.jpg\",\"width\":1000,\"height\":1000},{\"@type\":\"BreadcrumbList\",\"@id\":\"https:\\\/\\\/nirigs.com\\\/product\\\/mars-barre-de-chocolat-fourre-au-nougat-et-caramel-miniatures-220-g\\\/#breadcrumb\",\"itemListElement\":[{\"@type\":\"ListItem\",\"position\":1,\"name\":\"Home\",\"item\":\"https:\\\/\\\/nirigs.com\\\/\"},{\"@type\":\"ListItem\",\"position\":2,\"name\":\"Parcourir\",\"item\":\"https:\\\/\\\/nirigs.com\\\/boutique\\\/\"},{\"@type\":\"ListItem\",\"position\":3,\"name\":\"Mars &#8211; Barre de chococolat fourr\u00e9 au nougat et caramel miniatures &#8211; 220 g\"}]},{\"@type\":\"WebSite\",\"@id\":\"https:\\\/\\\/nirigs.com\\\/#website\",\"url\":\"https:\\\/\\\/nirigs.com\\\/\",\"name\":\"Nirigs.com\",\"description\":\"Simplifiez vos achats du quotidien \u00e0 Djibouti\",\"publisher\":{\"@id\":\"https:\\\/\\\/nirigs.com\\\/#organization\"},\"potentialAction\":[{\"@type\":\"SearchAction\",\"target\":{\"@type\":\"EntryPoint\",\"urlTemplate\":\"https:\\\/\\\/nirigs.com\\\/?s={search_term_string}\"},\"query-input\":{\"@type\":\"PropertyValueSpecification\",\"valueRequired\":true,\"valueName\":\"search_term_string\"}}],\"inLanguage\":\"ar\"},{\"@type\":\"Organization\",\"@id\":\"https:\\\/\\\/nirigs.com\\\/#organization\",\"name\":\"Nirigs\",\"url\":\"https:\\\/\\\/nirigs.com\\\/\",\"logo\":{\"@type\":\"ImageObject\",\"inLanguage\":\"ar\",\"@id\":\"https:\\\/\\\/nirigs.com\\\/#\\\/schema\\\/logo\\\/image\\\/\",\"url\":\"https:\\\/\\\/nirigs.com\\\/wp-content\\\/uploads\\\/2025\\\/04\\\/Design-sans-titre-27.png\",\"contentUrl\":\"https:\\\/\\\/nirigs.com\\\/wp-content\\\/uploads\\\/2025\\\/04\\\/Design-sans-titre-27.png\",\"width\":500,\"height\":500,\"caption\":\"Nirigs\"},\"image\":{\"@id\":\"https:\\\/\\\/nirigs.com\\\/#\\\/schema\\\/logo\\\/image\\\/\"}}]}<\/script>\n<!-- \/ Yoast SEO plugin. -->","yoast_head_json":{"title":"Mars - Barre de chococolat fourr\u00e9 au nougat et caramel miniatures - 220 g - NIRIGS","robots":{"index":"index","follow":"follow","max-snippet":"max-snippet:-1","max-image-preview":"max-image-preview:large","max-video-preview":"max-video-preview:-1"},"canonical":"https:\/\/nirigs.com\/ar\/product\/mars-barre-de-chocolat-fourre-au-nougat-et-caramel-miniatures-220-g\/","og_locale":"ar_AR","og_type":"article","og_title":"Mars - Barre de chococolat fourr\u00e9 au nougat et caramel miniatures - 220 g - NIRIGS","og_description":"La barre de chocolat Mars est une friandise indulgente compos\u00e9e de nougat et de caramel enrob\u00e9s d&rsquo;un riche chocolat au","og_url":"https:\/\/nirigs.com\/ar\/product\/mars-barre-de-chocolat-fourre-au-nougat-et-caramel-miniatures-220-g\/","og_site_name":"NIRIGS","article_modified_time":"2025-06-06T18:27:16+00:00","og_image":[{"width":1000,"height":1000,"url":"https:\/\/nirigs.com\/wp-content\/uploads\/2024\/10\/Mars-Barre-de-chcocolat-fourre-au-nougat-et-caramel-miniatures-220-g.jpg","type":"image\/jpeg"}],"twitter_card":"summary_large_image","twitter_misc":{"\u0648\u0642\u062a \u0627\u0644\u0642\u0631\u0627\u0621\u0629 \u0627\u0644\u0645\u064f\u0642\u062f\u0651\u0631":"\u062f\u0642\u064a\u0642\u0629 \u0648\u0627\u062d\u062f\u0629"},"schema":{"@context":"https:\/\/schema.org","@graph":[{"@type":"WebPage","@id":"https:\/\/nirigs.com\/product\/mars-barre-de-chocolat-fourre-au-nougat-et-caramel-miniatures-220-g\/","url":"https:\/\/nirigs.com\/product\/mars-barre-de-chocolat-fourre-au-nougat-et-caramel-miniatures-220-g\/","name":"Mars - Barre de chococolat fourr\u00e9 au nougat et caramel miniatures - 220 g - NIRIGS","isPartOf":{"@id":"https:\/\/nirigs.com\/#website"},"primaryImageOfPage":{"@id":"https:\/\/nirigs.com\/product\/mars-barre-de-chocolat-fourre-au-nougat-et-caramel-miniatures-220-g\/#primaryimage"},"image":{"@id":"https:\/\/nirigs.com\/product\/mars-barre-de-chocolat-fourre-au-nougat-et-caramel-miniatures-220-g\/#primaryimage"},"thumbnailUrl":"https:\/\/nirigs.com\/wp-content\/uploads\/2024\/10\/Mars-Barre-de-chcocolat-fourre-au-nougat-et-caramel-miniatures-220-g.jpg","datePublished":"2024-10-06T15:03:08+00:00","dateModified":"2025-06-06T18:27:16+00:00","breadcrumb":{"@id":"https:\/\/nirigs.com\/product\/mars-barre-de-chocolat-fourre-au-nougat-et-caramel-miniatures-220-g\/#breadcrumb"},"inLanguage":"ar","potentialAction":[{"@type":"ReadAction","target":["https:\/\/nirigs.com\/product\/mars-barre-de-chocolat-fourre-au-nougat-et-caramel-miniatures-220-g\/"]}]},{"@type":"ImageObject","inLanguage":"ar","@id":"https:\/\/nirigs.com\/product\/mars-barre-de-chocolat-fourre-au-nougat-et-caramel-miniatures-220-g\/#primaryimage","url":"https:\/\/nirigs.com\/wp-content\/uploads\/2024\/10\/Mars-Barre-de-chcocolat-fourre-au-nougat-et-caramel-miniatures-220-g.jpg","contentUrl":"https:\/\/nirigs.com\/wp-content\/uploads\/2024\/10\/Mars-Barre-de-chcocolat-fourre-au-nougat-et-caramel-miniatures-220-g.jpg","width":1000,"height":1000},{"@type":"BreadcrumbList","@id":"https:\/\/nirigs.com\/product\/mars-barre-de-chocolat-fourre-au-nougat-et-caramel-miniatures-220-g\/#breadcrumb","itemListElement":[{"@type":"ListItem","position":1,"name":"Home","item":"https:\/\/nirigs.com\/"},{"@type":"ListItem","position":2,"name":"Parcourir","item":"https:\/\/nirigs.com\/boutique\/"},{"@type":"ListItem","position":3,"name":"Mars &#8211; Barre de chococolat fourr\u00e9 au nougat et caramel miniatures &#8211; 220 g"}]},{"@type":"WebSite","@id":"https:\/\/nirigs.com\/#website","url":"https:\/\/nirigs.com\/","name":"Nirigs.com","description":"Simplifiez vos achats du quotidien \u00e0 Djibouti","publisher":{"@id":"https:\/\/nirigs.com\/#organization"},"potentialAction":[{"@type":"SearchAction","target":{"@type":"EntryPoint","urlTemplate":"https:\/\/nirigs.com\/?s={search_term_string}"},"query-input":{"@type":"PropertyValueSpecification","valueRequired":true,"valueName":"search_term_string"}}],"inLanguage":"ar"},{"@type":"Organization","@id":"https:\/\/nirigs.com\/#organization","name":"\u0646\u064a\u0631\u064a\u062c\u0633","url":"https:\/\/nirigs.com\/","logo":{"@type":"ImageObject","inLanguage":"ar","@id":"https:\/\/nirigs.com\/#\/schema\/logo\/image\/","url":"https:\/\/nirigs.com\/wp-content\/uploads\/2025\/04\/Design-sans-titre-27.png","contentUrl":"https:\/\/nirigs.com\/wp-content\/uploads\/2025\/04\/Design-sans-titre-27.png","width":500,"height":500,"caption":"Nirigs"},"image":{"@id":"https:\/\/nirigs.com\/#\/schema\/logo\/image\/"}}]}},"brands":[],"_links":{"self":[{"href":"https:\/\/nirigs.com\/ar\/wp-json\/wp\/v2\/product\/23417","targetHints":{"allow":["GET"]}}],"collection":[{"href":"https:\/\/nirigs.com\/ar\/wp-json\/wp\/v2\/product"}],"about":[{"href":"https:\/\/nirigs.com\/ar\/wp-json\/wp\/v2\/types\/product"}],"replies":[{"embeddable":true,"href":"https:\/\/nirigs.com\/ar\/wp-json\/wp\/v2\/comments?post=23417"}],"version-history":[{"count":2,"href":"https:\/\/nirigs.com\/ar\/wp-json\/wp\/v2\/product\/23417\/revisions"}],"predecessor-version":[{"id":23534,"href":"https:\/\/nirigs.com\/ar\/wp-json\/wp\/v2\/product\/23417\/revisions\/23534"}],"wp:featuredmedia":[{"embeddable":true,"href":"https:\/\/nirigs.com\/ar\/wp-json\/wp\/v2\/media\/23527"}],"wp:attachment":[{"href":"https:\/\/nirigs.com\/ar\/wp-json\/wp\/v2\/media?parent=23417"}],"wp:term":[{"taxonomy":"pwb-brand","embeddable":true,"href":"https:\/\/nirigs.com\/ar\/wp-json\/wp\/v2\/pwb-brand?post=23417"},{"taxonomy":"product_brand","embeddable":true,"href":"https:\/\/nirigs.com\/ar\/wp-json\/wp\/v2\/product_brand?post=23417"},{"taxonomy":"product_cat","embeddable":true,"href":"https:\/\/nirigs.com\/ar\/wp-json\/wp\/v2\/product_cat?post=23417"},{"taxonomy":"product_tag","embeddable":true,"href":"https:\/\/nirigs.com\/ar\/wp-json\/wp\/v2\/product_tag?post=23417"}],"curies":[{"name":"wp","href":"https:\/\/api.w.org\/{rel}","templated":true}]}}