{"id":23416,"date":"2024-10-06T18:03:08","date_gmt":"2024-10-06T15:03:08","guid":{"rendered":"https:\/\/nirigs.com\/produit\/bounty-barre-chocolate-a-la-noix-de-coco-57-g\/"},"modified":"2025-06-06T17:10:47","modified_gmt":"2025-06-06T14:10:47","slug":"bounty-barre-chocolate-a-la-noix-de-coco-57-g","status":"publish","type":"product","link":"https:\/\/nirigs.com\/ar\/product\/bounty-barre-chocolate-a-la-noix-de-coco-57-g\/","title":{"rendered":"\u0628\u0627\u0648\u0646\u062a\u064a \u2013 \u0644\u0648\u062d \u0634\u0648\u0643\u0648\u0644\u0627\u062a\u0629 \u0628\u062c\u0648\u0632 \u0627\u0644\u0647\u0646\u062f \u2013 57 \u062c\u0645"},"content":{"rendered":"<p>Bounty, c&rsquo;est une recette originale : un subtil m\u00e9lange de noix de coco et de d\u00e9licieux chocolat au lait pour une texture \u00e0 la fois moelleuse et croustillante. Contient deux barres de 28,5 g.<\/p>\n<p>Chocolat au lait fourr\u00e9 de coco Bounty, blanche et tendre. Fabriqu\u00e9 avec les meilleurs ingr\u00e9dients, ce d\u00e9lice irr\u00e9sistible marie la douceur du chocolat au lait avec la fra\u00eecheur et la texture d\u00e9licate de la noix de coco blanche.<\/p>\n<p>La combinaison parfaite entre le chocolat au lait cr\u00e9meux et la noix de coco blanche offre une pause gourmande irr\u00e9sistible.<\/p>\n<p>Un moment de d\u00e9tente apr\u00e8s une longue journ\u00e9e ou pour une occasion sp\u00e9ciale, le chocolat au lait fourr\u00e9 de noix de coco blanche et tendre est l\u2019accompagnement id\u00e9al.<\/p>\n<p>Ne manquez pas l\u2019opportunit\u00e9 de d\u00e9guster le chocolat au lait fourr\u00e9 de noix de coco blanche et tendre d\u00e8s aujourd\u2019hui.<\/p>\n<p>Poids net : 57 g<\/p>\n<h4>\u0645\u0643\u0648\u0646\u0627\u062a<\/h4>\n<p>Sugar, Desiccated Coconut (21%), Glucose Syrup, Cocoa Butter, Cocoa Mass, Skimmed MILK Powder, Emulsifiers (SOYA Lecithin, E471), LACTOSE, MILK Fat, Whey Powder (from MILK), Humectant (Glycerol), Salt, Natural Vanilla Extract, Milk Chocolate contains Milk Solids 14% minimum<\/p>","protected":false},"excerpt":{"rendered":"<p>Bounty, c&rsquo;est une recette originale : un subtil m\u00e9lange de noix de coco et de d\u00e9licieux chocolat au lait pour<\/p>","protected":false},"featured_media":23541,"comment_status":"open","ping_status":"closed","template":"","meta":[],"pwb-brand":[],"product_brand":[],"product_cat":[1155,1126,275],"product_tag":[],"class_list":{"0":"post-23416","1":"product","2":"type-product","3":"status-publish","4":"has-post-thumbnail","6":"product_cat-barres-et-tablettes-de-chocolat","7":"product_cat-en-cas-et-friandises","8":"product_cat-epicerie","10":"first","11":"instock","12":"shipping-taxable","13":"purchasable","14":"product-type-simple"},"yoast_head":"<!-- This site is optimized with the Yoast SEO plugin v27.4 - https:\/\/yoast.com\/product\/yoast-seo-wordpress\/ -->\n<title>Bounty - Barre chocolat\u00e9 \u00e0 la noix de coco - 57 g - NIRIGS<\/title>\n<meta name=\"robots\" content=\"index, follow, max-snippet:-1, max-image-preview:large, max-video-preview:-1\" \/>\n<link rel=\"canonical\" href=\"https:\/\/nirigs.com\/ar\/product\/bounty-barre-chocolate-a-la-noix-de-coco-57-g\/\" \/>\n<meta property=\"og:locale\" content=\"ar_AR\" \/>\n<meta property=\"og:type\" content=\"article\" \/>\n<meta property=\"og:title\" content=\"Bounty - Barre chocolat\u00e9 \u00e0 la noix de coco - 57 g - NIRIGS\" \/>\n<meta property=\"og:description\" content=\"Bounty, c&rsquo;est une recette originale : un subtil m\u00e9lange de noix de coco et de d\u00e9licieux chocolat au lait pour\" \/>\n<meta property=\"og:url\" content=\"https:\/\/nirigs.com\/ar\/product\/bounty-barre-chocolate-a-la-noix-de-coco-57-g\/\" \/>\n<meta property=\"og:site_name\" content=\"NIRIGS\" \/>\n<meta property=\"article:modified_time\" content=\"2025-06-06T14:10:47+00:00\" \/>\n<meta property=\"og:image\" content=\"https:\/\/nirigs.com\/wp-content\/uploads\/2024\/10\/Bounty-Barre-chocolate-a-la-noix-de-coco-57-g-1.jpg\" \/>\n\t<meta property=\"og:image:width\" content=\"1000\" \/>\n\t<meta property=\"og:image:height\" content=\"1000\" \/>\n\t<meta property=\"og:image:type\" content=\"image\/jpeg\" \/>\n<meta name=\"twitter:card\" content=\"summary_large_image\" \/>\n<meta name=\"twitter:label1\" content=\"\u0648\u0642\u062a \u0627\u0644\u0642\u0631\u0627\u0621\u0629 \u0627\u0644\u0645\u064f\u0642\u062f\u0651\u0631\" \/>\n\t<meta name=\"twitter:data1\" content=\"\u062f\u0642\u064a\u0642\u0629 \u0648\u0627\u062d\u062f\u0629\" \/>\n<script type=\"application\/ld+json\" class=\"yoast-schema-graph\">{\"@context\":\"https:\\\/\\\/schema.org\",\"@graph\":[{\"@type\":\"WebPage\",\"@id\":\"https:\\\/\\\/nirigs.com\\\/product\\\/bounty-barre-chocolate-a-la-noix-de-coco-57-g\\\/\",\"url\":\"https:\\\/\\\/nirigs.com\\\/product\\\/bounty-barre-chocolate-a-la-noix-de-coco-57-g\\\/\",\"name\":\"Bounty - Barre chocolat\u00e9 \u00e0 la noix de coco - 57 g - NIRIGS\",\"isPartOf\":{\"@id\":\"https:\\\/\\\/nirigs.com\\\/#website\"},\"primaryImageOfPage\":{\"@id\":\"https:\\\/\\\/nirigs.com\\\/product\\\/bounty-barre-chocolate-a-la-noix-de-coco-57-g\\\/#primaryimage\"},\"image\":{\"@id\":\"https:\\\/\\\/nirigs.com\\\/product\\\/bounty-barre-chocolate-a-la-noix-de-coco-57-g\\\/#primaryimage\"},\"thumbnailUrl\":\"https:\\\/\\\/nirigs.com\\\/wp-content\\\/uploads\\\/2024\\\/10\\\/Bounty-Barre-chocolate-a-la-noix-de-coco-57-g-1.jpg\",\"datePublished\":\"2024-10-06T15:03:08+00:00\",\"dateModified\":\"2025-06-06T14:10:47+00:00\",\"breadcrumb\":{\"@id\":\"https:\\\/\\\/nirigs.com\\\/product\\\/bounty-barre-chocolate-a-la-noix-de-coco-57-g\\\/#breadcrumb\"},\"inLanguage\":\"ar\",\"potentialAction\":[{\"@type\":\"ReadAction\",\"target\":[\"https:\\\/\\\/nirigs.com\\\/product\\\/bounty-barre-chocolate-a-la-noix-de-coco-57-g\\\/\"]}]},{\"@type\":\"ImageObject\",\"inLanguage\":\"ar\",\"@id\":\"https:\\\/\\\/nirigs.com\\\/product\\\/bounty-barre-chocolate-a-la-noix-de-coco-57-g\\\/#primaryimage\",\"url\":\"https:\\\/\\\/nirigs.com\\\/wp-content\\\/uploads\\\/2024\\\/10\\\/Bounty-Barre-chocolate-a-la-noix-de-coco-57-g-1.jpg\",\"contentUrl\":\"https:\\\/\\\/nirigs.com\\\/wp-content\\\/uploads\\\/2024\\\/10\\\/Bounty-Barre-chocolate-a-la-noix-de-coco-57-g-1.jpg\",\"width\":1000,\"height\":1000},{\"@type\":\"BreadcrumbList\",\"@id\":\"https:\\\/\\\/nirigs.com\\\/product\\\/bounty-barre-chocolate-a-la-noix-de-coco-57-g\\\/#breadcrumb\",\"itemListElement\":[{\"@type\":\"ListItem\",\"position\":1,\"name\":\"Home\",\"item\":\"https:\\\/\\\/nirigs.com\\\/\"},{\"@type\":\"ListItem\",\"position\":2,\"name\":\"Parcourir\",\"item\":\"https:\\\/\\\/nirigs.com\\\/boutique\\\/\"},{\"@type\":\"ListItem\",\"position\":3,\"name\":\"Bounty &#8211; Barre chocolat\u00e9 \u00e0 la noix de coco &#8211; 57 g\"}]},{\"@type\":\"WebSite\",\"@id\":\"https:\\\/\\\/nirigs.com\\\/#website\",\"url\":\"https:\\\/\\\/nirigs.com\\\/\",\"name\":\"Nirigs.com\",\"description\":\"Simplifiez vos achats du quotidien \u00e0 Djibouti\",\"publisher\":{\"@id\":\"https:\\\/\\\/nirigs.com\\\/#organization\"},\"potentialAction\":[{\"@type\":\"SearchAction\",\"target\":{\"@type\":\"EntryPoint\",\"urlTemplate\":\"https:\\\/\\\/nirigs.com\\\/?s={search_term_string}\"},\"query-input\":{\"@type\":\"PropertyValueSpecification\",\"valueRequired\":true,\"valueName\":\"search_term_string\"}}],\"inLanguage\":\"ar\"},{\"@type\":\"Organization\",\"@id\":\"https:\\\/\\\/nirigs.com\\\/#organization\",\"name\":\"Nirigs\",\"url\":\"https:\\\/\\\/nirigs.com\\\/\",\"logo\":{\"@type\":\"ImageObject\",\"inLanguage\":\"ar\",\"@id\":\"https:\\\/\\\/nirigs.com\\\/#\\\/schema\\\/logo\\\/image\\\/\",\"url\":\"https:\\\/\\\/nirigs.com\\\/wp-content\\\/uploads\\\/2025\\\/04\\\/Design-sans-titre-27.png\",\"contentUrl\":\"https:\\\/\\\/nirigs.com\\\/wp-content\\\/uploads\\\/2025\\\/04\\\/Design-sans-titre-27.png\",\"width\":500,\"height\":500,\"caption\":\"Nirigs\"},\"image\":{\"@id\":\"https:\\\/\\\/nirigs.com\\\/#\\\/schema\\\/logo\\\/image\\\/\"}}]}<\/script>\n<!-- \/ Yoast SEO plugin. -->","yoast_head_json":{"title":"Bounty - Barre chocolat\u00e9 \u00e0 la noix de coco - 57 g - NIRIGS","robots":{"index":"index","follow":"follow","max-snippet":"max-snippet:-1","max-image-preview":"max-image-preview:large","max-video-preview":"max-video-preview:-1"},"canonical":"https:\/\/nirigs.com\/ar\/product\/bounty-barre-chocolate-a-la-noix-de-coco-57-g\/","og_locale":"ar_AR","og_type":"article","og_title":"Bounty - Barre chocolat\u00e9 \u00e0 la noix de coco - 57 g - NIRIGS","og_description":"Bounty, c&rsquo;est une recette originale : un subtil m\u00e9lange de noix de coco et de d\u00e9licieux chocolat au lait pour","og_url":"https:\/\/nirigs.com\/ar\/product\/bounty-barre-chocolate-a-la-noix-de-coco-57-g\/","og_site_name":"NIRIGS","article_modified_time":"2025-06-06T14:10:47+00:00","og_image":[{"width":1000,"height":1000,"url":"https:\/\/nirigs.com\/wp-content\/uploads\/2024\/10\/Bounty-Barre-chocolate-a-la-noix-de-coco-57-g-1.jpg","type":"image\/jpeg"}],"twitter_card":"summary_large_image","twitter_misc":{"\u0648\u0642\u062a \u0627\u0644\u0642\u0631\u0627\u0621\u0629 \u0627\u0644\u0645\u064f\u0642\u062f\u0651\u0631":"\u062f\u0642\u064a\u0642\u0629 \u0648\u0627\u062d\u062f\u0629"},"schema":{"@context":"https:\/\/schema.org","@graph":[{"@type":"WebPage","@id":"https:\/\/nirigs.com\/product\/bounty-barre-chocolate-a-la-noix-de-coco-57-g\/","url":"https:\/\/nirigs.com\/product\/bounty-barre-chocolate-a-la-noix-de-coco-57-g\/","name":"Bounty - Barre chocolat\u00e9 \u00e0 la noix de coco - 57 g - NIRIGS","isPartOf":{"@id":"https:\/\/nirigs.com\/#website"},"primaryImageOfPage":{"@id":"https:\/\/nirigs.com\/product\/bounty-barre-chocolate-a-la-noix-de-coco-57-g\/#primaryimage"},"image":{"@id":"https:\/\/nirigs.com\/product\/bounty-barre-chocolate-a-la-noix-de-coco-57-g\/#primaryimage"},"thumbnailUrl":"https:\/\/nirigs.com\/wp-content\/uploads\/2024\/10\/Bounty-Barre-chocolate-a-la-noix-de-coco-57-g-1.jpg","datePublished":"2024-10-06T15:03:08+00:00","dateModified":"2025-06-06T14:10:47+00:00","breadcrumb":{"@id":"https:\/\/nirigs.com\/product\/bounty-barre-chocolate-a-la-noix-de-coco-57-g\/#breadcrumb"},"inLanguage":"ar","potentialAction":[{"@type":"ReadAction","target":["https:\/\/nirigs.com\/product\/bounty-barre-chocolate-a-la-noix-de-coco-57-g\/"]}]},{"@type":"ImageObject","inLanguage":"ar","@id":"https:\/\/nirigs.com\/product\/bounty-barre-chocolate-a-la-noix-de-coco-57-g\/#primaryimage","url":"https:\/\/nirigs.com\/wp-content\/uploads\/2024\/10\/Bounty-Barre-chocolate-a-la-noix-de-coco-57-g-1.jpg","contentUrl":"https:\/\/nirigs.com\/wp-content\/uploads\/2024\/10\/Bounty-Barre-chocolate-a-la-noix-de-coco-57-g-1.jpg","width":1000,"height":1000},{"@type":"BreadcrumbList","@id":"https:\/\/nirigs.com\/product\/bounty-barre-chocolate-a-la-noix-de-coco-57-g\/#breadcrumb","itemListElement":[{"@type":"ListItem","position":1,"name":"Home","item":"https:\/\/nirigs.com\/"},{"@type":"ListItem","position":2,"name":"Parcourir","item":"https:\/\/nirigs.com\/boutique\/"},{"@type":"ListItem","position":3,"name":"Bounty &#8211; Barre chocolat\u00e9 \u00e0 la noix de coco &#8211; 57 g"}]},{"@type":"WebSite","@id":"https:\/\/nirigs.com\/#website","url":"https:\/\/nirigs.com\/","name":"Nirigs.com","description":"Simplifiez vos achats du quotidien \u00e0 Djibouti","publisher":{"@id":"https:\/\/nirigs.com\/#organization"},"potentialAction":[{"@type":"SearchAction","target":{"@type":"EntryPoint","urlTemplate":"https:\/\/nirigs.com\/?s={search_term_string}"},"query-input":{"@type":"PropertyValueSpecification","valueRequired":true,"valueName":"search_term_string"}}],"inLanguage":"ar"},{"@type":"Organization","@id":"https:\/\/nirigs.com\/#organization","name":"\u0646\u064a\u0631\u064a\u062c\u0633","url":"https:\/\/nirigs.com\/","logo":{"@type":"ImageObject","inLanguage":"ar","@id":"https:\/\/nirigs.com\/#\/schema\/logo\/image\/","url":"https:\/\/nirigs.com\/wp-content\/uploads\/2025\/04\/Design-sans-titre-27.png","contentUrl":"https:\/\/nirigs.com\/wp-content\/uploads\/2025\/04\/Design-sans-titre-27.png","width":500,"height":500,"caption":"Nirigs"},"image":{"@id":"https:\/\/nirigs.com\/#\/schema\/logo\/image\/"}}]}},"brands":[],"_links":{"self":[{"href":"https:\/\/nirigs.com\/ar\/wp-json\/wp\/v2\/product\/23416","targetHints":{"allow":["GET"]}}],"collection":[{"href":"https:\/\/nirigs.com\/ar\/wp-json\/wp\/v2\/product"}],"about":[{"href":"https:\/\/nirigs.com\/ar\/wp-json\/wp\/v2\/types\/product"}],"replies":[{"embeddable":true,"href":"https:\/\/nirigs.com\/ar\/wp-json\/wp\/v2\/comments?post=23416"}],"version-history":[{"count":2,"href":"https:\/\/nirigs.com\/ar\/wp-json\/wp\/v2\/product\/23416\/revisions"}],"predecessor-version":[{"id":23544,"href":"https:\/\/nirigs.com\/ar\/wp-json\/wp\/v2\/product\/23416\/revisions\/23544"}],"wp:featuredmedia":[{"embeddable":true,"href":"https:\/\/nirigs.com\/ar\/wp-json\/wp\/v2\/media\/23541"}],"wp:attachment":[{"href":"https:\/\/nirigs.com\/ar\/wp-json\/wp\/v2\/media?parent=23416"}],"wp:term":[{"taxonomy":"pwb-brand","embeddable":true,"href":"https:\/\/nirigs.com\/ar\/wp-json\/wp\/v2\/pwb-brand?post=23416"},{"taxonomy":"product_brand","embeddable":true,"href":"https:\/\/nirigs.com\/ar\/wp-json\/wp\/v2\/product_brand?post=23416"},{"taxonomy":"product_cat","embeddable":true,"href":"https:\/\/nirigs.com\/ar\/wp-json\/wp\/v2\/product_cat?post=23416"},{"taxonomy":"product_tag","embeddable":true,"href":"https:\/\/nirigs.com\/ar\/wp-json\/wp\/v2\/product_tag?post=23416"}],"curies":[{"name":"wp","href":"https:\/\/api.w.org\/{rel}","templated":true}]}}