{"id":23413,"date":"2024-10-06T18:03:07","date_gmt":"2024-10-06T15:03:07","guid":{"rendered":"https:\/\/nirigs.com\/produit\/mms-bonbons-au-chocolat-avec-cacahuetes-45-g\/"},"modified":"2025-02-02T14:37:44","modified_gmt":"2025-02-02T11:37:44","slug":"mms-bonbons-au-chocolat-avec-cacahuetes-45-g","status":"publish","type":"product","link":"https:\/\/nirigs.com\/ar\/product\/mms-bonbons-au-chocolat-avec-cacahuetes-45-g\/","title":{"rendered":"M&#038;M&rsquo;S &#8211; Bonbons au chocolat avec cacahu\u00e8tes &#8211; 45 g"},"content":{"rendered":"<p>Chocolat au lait (48%) enrob\u00e9 de cacahu\u00e8tes (24%) dans une coque en sucre.<\/p>\n<p>Taille de l&#8217;emballage : 45 g<\/p>\n<h4>\u0645\u0643\u0648\u0646\u0627\u062a<\/h4>\n<p>Sucre, cacahu\u00e8tes, p\u00e2te de cacao, lait entier en poudre, beurre de cacao, amidon, graisse de palme, sirop de glucose, lait \u00e9cr\u00e9m\u00e9 en poudre, \u00e9mulsifiant (l\u00e9cithine de soja), stabilisateur (gomme arabique), graisse de karit\u00e9, perm\u00e9at de lactos\u00e9rum (lait), graisse de lait, dextrine, agent d&rsquo;enrobage (cire de Carnauba), colorants*, huile de palmiste, sel, ar\u00f4mes, *E100, E120, E133, E160a, E160e, E170, le chocolat au lait contient des extraits secs de lait 14% minimum, le chocolat au lait contient des graisses v\u00e9g\u00e9tales en plus du beurre de cacao.<\/p>\n<h4>Informations sur les allergies<\/h4>\n<p>Contient : Lait, cacahu\u00e8tes, soja : AMANDES, NOISETTES<\/p>","protected":false},"excerpt":{"rendered":"<p>Chocolat au lait (48%) enrob\u00e9 de cacahu\u00e8tes (24%) dans une coque en sucre. Taille de l&#8217;emballage : 45 g Ingr\u00e9dients<\/p>","protected":false},"featured_media":23549,"comment_status":"open","ping_status":"closed","template":"","meta":[],"pwb-brand":[1156],"product_brand":[],"product_cat":[1153,1126,275],"product_tag":[],"class_list":{"0":"post-23413","1":"product","2":"type-product","3":"status-publish","4":"has-post-thumbnail","6":"pwb-brand-mms","7":"product_cat-bonbons-au-chocolat","8":"product_cat-en-cas-et-friandises","9":"product_cat-epicerie","11":"first","12":"instock","13":"shipping-taxable","14":"purchasable","15":"product-type-simple"},"yoast_head":"<!-- This site is optimized with the Yoast SEO plugin v27.1.1 - https:\/\/yoast.com\/product\/yoast-seo-wordpress\/ -->\n<title>M&amp;M&#039;S - Bonbons au chocolat avec cacahu\u00e8tes - 45 g - NIRIGS<\/title>\n<meta name=\"robots\" content=\"index, follow, max-snippet:-1, max-image-preview:large, max-video-preview:-1\" \/>\n<link rel=\"canonical\" href=\"https:\/\/nirigs.com\/ar\/product\/mms-bonbons-au-chocolat-avec-cacahuetes-45-g\/\" \/>\n<meta property=\"og:locale\" content=\"ar_AR\" \/>\n<meta property=\"og:type\" content=\"article\" \/>\n<meta property=\"og:title\" content=\"M&amp;M&#039;S - Bonbons au chocolat avec cacahu\u00e8tes - 45 g - NIRIGS\" \/>\n<meta property=\"og:description\" content=\"Chocolat au lait (48%) enrob\u00e9 de cacahu\u00e8tes (24%) dans une coque en sucre. Taille de l&#8217;emballage : 45 g Ingr\u00e9dients\" \/>\n<meta property=\"og:url\" content=\"https:\/\/nirigs.com\/ar\/product\/mms-bonbons-au-chocolat-avec-cacahuetes-45-g\/\" \/>\n<meta property=\"og:site_name\" content=\"NIRIGS\" \/>\n<meta property=\"article:modified_time\" content=\"2025-02-02T11:37:44+00:00\" \/>\n<meta property=\"og:image\" content=\"https:\/\/nirigs.com\/wp-content\/uploads\/2024\/10\/MMS-Bonbons-au-chocolat-avec-cacahuetes-45-g.jpg\" \/>\n\t<meta property=\"og:image:width\" content=\"1000\" \/>\n\t<meta property=\"og:image:height\" content=\"1000\" \/>\n\t<meta property=\"og:image:type\" content=\"image\/jpeg\" \/>\n<meta name=\"twitter:card\" content=\"summary_large_image\" \/>\n<meta name=\"twitter:label1\" content=\"\u0648\u0642\u062a \u0627\u0644\u0642\u0631\u0627\u0621\u0629 \u0627\u0644\u0645\u064f\u0642\u062f\u0651\u0631\" \/>\n\t<meta name=\"twitter:data1\" content=\"\u062f\u0642\u064a\u0642\u0629 \u0648\u0627\u062d\u062f\u0629\" \/>\n<script type=\"application\/ld+json\" class=\"yoast-schema-graph\">{\"@context\":\"https:\/\/schema.org\",\"@graph\":[{\"@type\":\"WebPage\",\"@id\":\"https:\/\/nirigs.com\/en\/product\/mms-bonbons-au-chocolat-avec-cacahuetes-45-g\/\",\"url\":\"https:\/\/nirigs.com\/en\/product\/mms-bonbons-au-chocolat-avec-cacahuetes-45-g\/\",\"name\":\"M&M'S - Bonbons au chocolat avec cacahu\u00e8tes - 45 g - NIRIGS\",\"isPartOf\":{\"@id\":\"https:\/\/nirigs.com\/#website\"},\"primaryImageOfPage\":{\"@id\":\"https:\/\/nirigs.com\/en\/product\/mms-bonbons-au-chocolat-avec-cacahuetes-45-g\/#primaryimage\"},\"image\":{\"@id\":\"https:\/\/nirigs.com\/en\/product\/mms-bonbons-au-chocolat-avec-cacahuetes-45-g\/#primaryimage\"},\"thumbnailUrl\":\"https:\/\/nirigs.com\/wp-content\/uploads\/2024\/10\/MMS-Bonbons-au-chocolat-avec-cacahuetes-45-g.jpg\",\"datePublished\":\"2024-10-06T15:03:07+00:00\",\"dateModified\":\"2025-02-02T11:37:44+00:00\",\"breadcrumb\":{\"@id\":\"https:\/\/nirigs.com\/en\/product\/mms-bonbons-au-chocolat-avec-cacahuetes-45-g\/#breadcrumb\"},\"inLanguage\":\"ar\",\"potentialAction\":[{\"@type\":\"ReadAction\",\"target\":[\"https:\/\/nirigs.com\/en\/product\/mms-bonbons-au-chocolat-avec-cacahuetes-45-g\/\"]}]},{\"@type\":\"ImageObject\",\"inLanguage\":\"ar\",\"@id\":\"https:\/\/nirigs.com\/en\/product\/mms-bonbons-au-chocolat-avec-cacahuetes-45-g\/#primaryimage\",\"url\":\"https:\/\/nirigs.com\/wp-content\/uploads\/2024\/10\/MMS-Bonbons-au-chocolat-avec-cacahuetes-45-g.jpg\",\"contentUrl\":\"https:\/\/nirigs.com\/wp-content\/uploads\/2024\/10\/MMS-Bonbons-au-chocolat-avec-cacahuetes-45-g.jpg\",\"width\":1000,\"height\":1000},{\"@type\":\"BreadcrumbList\",\"@id\":\"https:\/\/nirigs.com\/en\/product\/mms-bonbons-au-chocolat-avec-cacahuetes-45-g\/#breadcrumb\",\"itemListElement\":[{\"@type\":\"ListItem\",\"position\":1,\"name\":\"Home\",\"item\":\"https:\/\/nirigs.com\/\"},{\"@type\":\"ListItem\",\"position\":2,\"name\":\"Parcourir\",\"item\":\"https:\/\/nirigs.com\/boutique\/\"},{\"@type\":\"ListItem\",\"position\":3,\"name\":\"M&#038;M&rsquo;S &#8211; Bonbons au chocolat avec cacahu\u00e8tes &#8211; 45 g\"}]},{\"@type\":\"WebSite\",\"@id\":\"https:\/\/nirigs.com\/#website\",\"url\":\"https:\/\/nirigs.com\/\",\"name\":\"Nirigs.com\",\"description\":\"Simplifiez vos achats du quotidien \u00e0 Djibouti\",\"publisher\":{\"@id\":\"https:\/\/nirigs.com\/#organization\"},\"potentialAction\":[{\"@type\":\"SearchAction\",\"target\":{\"@type\":\"EntryPoint\",\"urlTemplate\":\"https:\/\/nirigs.com\/?s={search_term_string}\"},\"query-input\":{\"@type\":\"PropertyValueSpecification\",\"valueRequired\":true,\"valueName\":\"search_term_string\"}}],\"inLanguage\":\"ar\"},{\"@type\":\"Organization\",\"@id\":\"https:\/\/nirigs.com\/#organization\",\"name\":\"Nirigs\",\"url\":\"https:\/\/nirigs.com\/\",\"logo\":{\"@type\":\"ImageObject\",\"inLanguage\":\"ar\",\"@id\":\"https:\/\/nirigs.com\/#\/schema\/logo\/image\/\",\"url\":\"https:\/\/nirigs.com\/wp-content\/uploads\/2025\/04\/Design-sans-titre-27.png\",\"contentUrl\":\"https:\/\/nirigs.com\/wp-content\/uploads\/2025\/04\/Design-sans-titre-27.png\",\"width\":500,\"height\":500,\"caption\":\"Nirigs\"},\"image\":{\"@id\":\"https:\/\/nirigs.com\/#\/schema\/logo\/image\/\"}}]}<\/script>\n<!-- \/ Yoast SEO plugin. -->","yoast_head_json":{"title":"M&M'S - Bonbons au chocolat avec cacahu\u00e8tes - 45 g - NIRIGS","robots":{"index":"index","follow":"follow","max-snippet":"max-snippet:-1","max-image-preview":"max-image-preview:large","max-video-preview":"max-video-preview:-1"},"canonical":"https:\/\/nirigs.com\/ar\/product\/mms-bonbons-au-chocolat-avec-cacahuetes-45-g\/","og_locale":"ar_AR","og_type":"article","og_title":"M&M'S - Bonbons au chocolat avec cacahu\u00e8tes - 45 g - NIRIGS","og_description":"Chocolat au lait (48%) enrob\u00e9 de cacahu\u00e8tes (24%) dans une coque en sucre. Taille de l&#8217;emballage : 45 g Ingr\u00e9dients","og_url":"https:\/\/nirigs.com\/ar\/product\/mms-bonbons-au-chocolat-avec-cacahuetes-45-g\/","og_site_name":"NIRIGS","article_modified_time":"2025-02-02T11:37:44+00:00","og_image":[{"width":1000,"height":1000,"url":"https:\/\/nirigs.com\/wp-content\/uploads\/2024\/10\/MMS-Bonbons-au-chocolat-avec-cacahuetes-45-g.jpg","type":"image\/jpeg"}],"twitter_card":"summary_large_image","twitter_misc":{"\u0648\u0642\u062a \u0627\u0644\u0642\u0631\u0627\u0621\u0629 \u0627\u0644\u0645\u064f\u0642\u062f\u0651\u0631":"\u062f\u0642\u064a\u0642\u0629 \u0648\u0627\u062d\u062f\u0629"},"schema":{"@context":"https:\/\/schema.org","@graph":[{"@type":"WebPage","@id":"https:\/\/nirigs.com\/en\/product\/mms-bonbons-au-chocolat-avec-cacahuetes-45-g\/","url":"https:\/\/nirigs.com\/en\/product\/mms-bonbons-au-chocolat-avec-cacahuetes-45-g\/","name":"M&M'S - Bonbons au chocolat avec cacahu\u00e8tes - 45 g - NIRIGS","isPartOf":{"@id":"https:\/\/nirigs.com\/#website"},"primaryImageOfPage":{"@id":"https:\/\/nirigs.com\/en\/product\/mms-bonbons-au-chocolat-avec-cacahuetes-45-g\/#primaryimage"},"image":{"@id":"https:\/\/nirigs.com\/en\/product\/mms-bonbons-au-chocolat-avec-cacahuetes-45-g\/#primaryimage"},"thumbnailUrl":"https:\/\/nirigs.com\/wp-content\/uploads\/2024\/10\/MMS-Bonbons-au-chocolat-avec-cacahuetes-45-g.jpg","datePublished":"2024-10-06T15:03:07+00:00","dateModified":"2025-02-02T11:37:44+00:00","breadcrumb":{"@id":"https:\/\/nirigs.com\/en\/product\/mms-bonbons-au-chocolat-avec-cacahuetes-45-g\/#breadcrumb"},"inLanguage":"ar","potentialAction":[{"@type":"ReadAction","target":["https:\/\/nirigs.com\/en\/product\/mms-bonbons-au-chocolat-avec-cacahuetes-45-g\/"]}]},{"@type":"ImageObject","inLanguage":"ar","@id":"https:\/\/nirigs.com\/en\/product\/mms-bonbons-au-chocolat-avec-cacahuetes-45-g\/#primaryimage","url":"https:\/\/nirigs.com\/wp-content\/uploads\/2024\/10\/MMS-Bonbons-au-chocolat-avec-cacahuetes-45-g.jpg","contentUrl":"https:\/\/nirigs.com\/wp-content\/uploads\/2024\/10\/MMS-Bonbons-au-chocolat-avec-cacahuetes-45-g.jpg","width":1000,"height":1000},{"@type":"BreadcrumbList","@id":"https:\/\/nirigs.com\/en\/product\/mms-bonbons-au-chocolat-avec-cacahuetes-45-g\/#breadcrumb","itemListElement":[{"@type":"ListItem","position":1,"name":"Home","item":"https:\/\/nirigs.com\/"},{"@type":"ListItem","position":2,"name":"Parcourir","item":"https:\/\/nirigs.com\/boutique\/"},{"@type":"ListItem","position":3,"name":"M&#038;M&rsquo;S &#8211; Bonbons au chocolat avec cacahu\u00e8tes &#8211; 45 g"}]},{"@type":"WebSite","@id":"https:\/\/nirigs.com\/#website","url":"https:\/\/nirigs.com\/","name":"Nirigs.com","description":"Simplifiez vos achats du quotidien \u00e0 Djibouti","publisher":{"@id":"https:\/\/nirigs.com\/#organization"},"potentialAction":[{"@type":"SearchAction","target":{"@type":"EntryPoint","urlTemplate":"https:\/\/nirigs.com\/?s={search_term_string}"},"query-input":{"@type":"PropertyValueSpecification","valueRequired":true,"valueName":"search_term_string"}}],"inLanguage":"ar"},{"@type":"Organization","@id":"https:\/\/nirigs.com\/#organization","name":"\u0646\u064a\u0631\u064a\u062c\u0633","url":"https:\/\/nirigs.com\/","logo":{"@type":"ImageObject","inLanguage":"ar","@id":"https:\/\/nirigs.com\/#\/schema\/logo\/image\/","url":"https:\/\/nirigs.com\/wp-content\/uploads\/2025\/04\/Design-sans-titre-27.png","contentUrl":"https:\/\/nirigs.com\/wp-content\/uploads\/2025\/04\/Design-sans-titre-27.png","width":500,"height":500,"caption":"Nirigs"},"image":{"@id":"https:\/\/nirigs.com\/#\/schema\/logo\/image\/"}}]}},"brands":[{"id":1156,"name":"M&amp;M'S","slug":"mms"}],"_links":{"self":[{"href":"https:\/\/nirigs.com\/ar\/wp-json\/wp\/v2\/product\/23413","targetHints":{"allow":["GET"]}}],"collection":[{"href":"https:\/\/nirigs.com\/ar\/wp-json\/wp\/v2\/product"}],"about":[{"href":"https:\/\/nirigs.com\/ar\/wp-json\/wp\/v2\/types\/product"}],"replies":[{"embeddable":true,"href":"https:\/\/nirigs.com\/ar\/wp-json\/wp\/v2\/comments?post=23413"}],"version-history":[{"count":2,"href":"https:\/\/nirigs.com\/ar\/wp-json\/wp\/v2\/product\/23413\/revisions"}],"predecessor-version":[{"id":23546,"href":"https:\/\/nirigs.com\/ar\/wp-json\/wp\/v2\/product\/23413\/revisions\/23546"}],"wp:featuredmedia":[{"embeddable":true,"href":"https:\/\/nirigs.com\/ar\/wp-json\/wp\/v2\/media\/23549"}],"wp:attachment":[{"href":"https:\/\/nirigs.com\/ar\/wp-json\/wp\/v2\/media?parent=23413"}],"wp:term":[{"taxonomy":"pwb-brand","embeddable":true,"href":"https:\/\/nirigs.com\/ar\/wp-json\/wp\/v2\/pwb-brand?post=23413"},{"taxonomy":"product_brand","embeddable":true,"href":"https:\/\/nirigs.com\/ar\/wp-json\/wp\/v2\/product_brand?post=23413"},{"taxonomy":"product_cat","embeddable":true,"href":"https:\/\/nirigs.com\/ar\/wp-json\/wp\/v2\/product_cat?post=23413"},{"taxonomy":"product_tag","embeddable":true,"href":"https:\/\/nirigs.com\/ar\/wp-json\/wp\/v2\/product_tag?post=23413"}],"curies":[{"name":"wp","href":"https:\/\/api.w.org\/{rel}","templated":true}]}}